{"id":1109,"date":"2026-01-28T16:28:32","date_gmt":"2026-01-28T16:28:32","guid":{"rendered":"https:\/\/www.facadeaccesssolutions.com\/de\/?page_id=1109"},"modified":"2026-01-29T22:29:03","modified_gmt":"2026-01-29T22:29:03","slug":"asset-management","status":"publish","type":"page","link":"https:\/\/www.facadeaccesssolutions.com\/de\/services\/asset-management\/","title":{"rendered":"Asset Management"},"content":{"rendered":"\r\n<section class=\"breadcrumbs\" data-aos=\"fade-up\" data-aos-duration=\"600\" data-aos-easing=\"ease-out\" data-aos-delay=\"100\">\r\n    <div class=\"content_holder content_holder_1570\">\r\n    \t<ul><li class=\"main-home\"><span property=\"itemListElement\" typeof=\"ListItem\"><a property=\"item\" typeof=\"WebPage\" title=\"Gehe zu FACADE ACCESS SOLUTIONS Sites.\" href=\"https:\/\/www.facadeaccesssolutions.com\" class=\"main-home\" ><span property=\"name\">FACADE ACCESS SOLUTIONS Sites<\/span><\/a><meta property=\"position\" content=\"1\"><\/span><\/li>\n<li class=\"home\"><span property=\"itemListElement\" typeof=\"ListItem\"><a property=\"item\" typeof=\"WebPage\" title=\"Go to Facade Access Solutions Germany.\" href=\"https:\/\/www.facadeaccesssolutions.com\/de\" class=\"home\" aria-current=\"page\"><span property=\"name\">Home<\/span><\/a><meta property=\"position\" content=\"2\"><\/span><\/li>\n<\/ul>\r\n    <\/div>\r\n<\/section>\n\n<section class=\"page_title \" data-aos=\"fade-up\" data-aos-duration=\"600\" data-aos-easing=\"ease-out\" data-aos-delay=\"200\">\n    <div class=\"content_holder content_holder_1570\">\n        <h1>Umfassendes Asset Management und Lifecycle-Support f\u00fcr Fassadenzugangsl\u00f6sungen<\/h1>\n    <\/div>\n<\/section>\n\n\n\n<section class=\"solutions_intro  \">\n    <div class=\"content_holder content_holder_1570 clearfix\">\n\n\t\t                <div class=\"sol_right\" data-aos=\"fade-up\" data-aos-duration=\"600\" data-aos-easing=\"ease-out\" data-aos-delay=\"300\">\n            <img decoding=\"async\" src=\"https:\/\/www.facadeaccesssolutions.com\/de\/wp-content\/uploads\/sites\/11\/2024\/10\/20240407_145603-scaled-e1730372995300-881x515_c.jpg\" alt=\"Facade Access Solutions\">\n        <\/div>\n            \n        <div class=\"sol_left site_contents\" data-aos=\"fade-up\" data-aos-duration=\"600\" data-aos-easing=\"ease-out\" data-aos-delay=\"400\">\n        \t<h4 class=\"title_line title_line_mob\">Facade Access Solutions ist ein globaler Marktf\u00fchrer im Bereich Geb\u00e4udewartung und Fassadenzugangsl\u00f6sungen. Wir bieten weltweit vollst\u00e4ndigen Lifecycle-Support f\u00fcr Fassadenbefahranlagen (BMUs) und zugeh\u00f6rige Zugangsausr\u00fcstung.<\/h4>            <p>Unsere Leistungs-Programme decken jede Planungs \u2013 und Betriebsphase ab. Sie umfassen Systemdesign und Installation sowie Inspektionen, Wartung, Reparaturen und Modernisierungen. Dies gew\u00e4hrleistet langfristige Sicherheit, Zuverl\u00e4ssigkeit und Werterhalt.<\/p>\n<p>Durch die Kombination globaler Expertise mit der Ingenieursexzellenz von Tractel, Manntech und CoxGomyl unterst\u00fctzt Facade Access Solutions Geb\u00e4udeeigent\u00fcmer, Architekten, Berater und Facility Manager. Wir helfen sicher, effizient, vollst\u00e4ndig und konform mit der Instandhaltung von Ausr\u00fcstung. Jeder Service erf\u00fcllt nationale und internationalen Sicherheitsstandards. Diese Systemlebensdauer wird verl\u00e4ngert, die Ausfallzeiten zu reduziert und Ihre Investition in Fassadenzugangsausr\u00fcstung wird gesch\u00fctzt.<\/p>\n            <div class=\"mhide_1\">\n            \t            <\/div>\n            \t            <a href=\"https:\/\/www.facadeaccesssolutions.com\/de\/contact\/?enquiry=service\" class=\"site_btn site_btn_sm\" target=\"_blank\">\n\t\t\t\t\tErkundigen                <\/a>\n                                <\/div>\n    <\/div>\n<\/section>\n\n\n\n\n\n<div style=\"height:100px\" aria-hidden=\"true\" class=\"wp-block-spacer\"><\/div>\n\n\n\n<div class=\"wp-block-group alignfull narrow_width has-white-color has-luminous-vivid-orange-background-color has-text-color has-background\"><div class=\"wp-block-group__inner-container is-layout-flow wp-block-group-is-layout-flow\">\n<div style=\"height:40px\" aria-hidden=\"true\" class=\"wp-block-spacer\"><\/div>\n\n\n\n<h2 class=\"wp-block-heading has-text-align-center has-white-color has-text-color has-link-color wp-elements-399345ba300f5ff61c0701284cc957e4\" id=\"schedule-a-visit\" style=\"font-size:45px;line-height:1.15\">SCH\u00dcTZEN SIE IHRE INVESTITION<\/h2>\n\n\n\n<p class=\"has-text-align-center has-white-color has-text-color has-link-color wp-elements-86c4cf9f9e10c4dc4a4766af4f1d5bf8\" style=\"font-size:15px;line-height:.9\">Fordern Sie noch heute Ihr personalisiertes Asset Management Programm an.<\/p>\n\n\n\n<div style=\"height:15px\" aria-hidden=\"true\" class=\"wp-block-spacer\"><\/div>\n\n\n\n<div class=\"wp-block-buttons is-horizontal is-content-justification-center is-layout-flex wp-container-core-buttons-is-layout-499968f5 wp-block-buttons-is-layout-flex\">\n<div class=\"wp-block-button has-custom-width wp-block-button__width-50\"><a class=\"wp-block-button__link has-text-color has-background has-medium-font-size has-custom-font-size wp-element-button\" href=\"https:\/\/www.facadeaccesssolutions.com\/de\/contact\/\" style=\"border-radius:50px;color:#ffffff;background-color:#034b75\" target=\"_blank\" rel=\"noreferrer noopener\">Kontaktieren Sie uns<\/a><\/div>\n<\/div>\n\n\n\n<div style=\"height:40px\" aria-hidden=\"true\" class=\"wp-block-spacer\"><\/div>\n<\/div><\/div>\n\n\n\n<div style=\"height:100px\" aria-hidden=\"true\" class=\"wp-block-spacer\"><\/div>\n\n\n\n<h3 class=\"wp-block-heading has-text-align-center\" id=\"h-haufig-gestellte-fragen\">H\u00e4ufig gestellte Fragen<\/h3>\n\n\n\r\n<section class=\"accordion_list\" style=\"padding-top:px; padding-bottom:px;\">\r\n    <div class=\"content_holder content_holder_1570 clearfix\">\r\n\t\t<div class=\"acc_wrap\" data-aos=\"fade-up\" data-aos-duration=\"600\" data-aos-easing=\"ease-out\" data-aos-delay=\"100\">\r\n        \t                                    \t                    <div class=\"acc_item\">\r\n                        <div class=\"acc_title\">Was ist Asset Management f\u00fcr Fassadenzugangsl\u00f6sungen? <span><\/span><\/div>\r\n                        <div class=\"acc_txt\">\r\n                            <div class=\"site_contents\">\r\n                            \t<p>Asset Management f\u00fcr Fassadenzugangsl\u00f6sungen ist ein umfassender Lifecycle-Ansatz. Er h\u00e4lt Fassadenbefahranlagen (BMUs), Davits, Schienensysteme und andere Zugangssysteme sicher, konform und betriebsbereit. Es umfasst Design, Installation, Inspektionen, Wartung, Reparaturen und System-Upgrades. Dies hilft Immobilieneigent\u00fcmern, ihre Investition zu sch\u00fctzen und unn\u00f6tige Ausfallzeiten zu vermeiden.<\/p>\n                            <\/div>\r\n                        <\/div>\r\n                    <\/div>\r\n                                        \t                    <div class=\"acc_item\">\r\n                        <div class=\"acc_title\">Warum ist Asset Management f\u00fcr Fassadenbefahranlagen wichtig? <span><\/span><\/div>\r\n                        <div class=\"acc_txt\">\r\n                            <div class=\"site_contents\">\r\n                            \t<p>Proaktives Asset Management verl\u00e4ngert die Lebensdauer von Fassadenbefahranlagen. Es minimiert Ausf\u00e4lle und erh\u00e4lt die Sicherheitsstandards. Regelm\u00e4\u00dfige Wartung verbessert die Leistung, erh\u00f6ht die Zuverl\u00e4ssigkeit und gew\u00e4hrleistet Kosteneffizienz f\u00fcr Geb\u00e4udeeigent\u00fcmer und Auftragnehmer.<\/p>\n                            <\/div>\r\n                        <\/div>\r\n                    <\/div>\r\n                                        \t                    <div class=\"acc_item\">\r\n                        <div class=\"acc_title\">Welche Arten von Fassadenzugangsausr\u00fcstung sind in Ihren Asset Management Programmen enthalten? <span><\/span><\/div>\r\n                        <div class=\"acc_txt\">\r\n                            <div class=\"site_contents\">\r\n                            \t<p>Unsere Programme decken alle Arten von Fassadenzugangssystemen ab. Dazu geh\u00f6ren Building Maintenance Units (BMUs), Schienensysteme, Portalkrane und Davit-Systeme. Wir verwalten und warten Ausr\u00fcstung von Tractel, Manntech und CoxGomyl. So stellen wir sicher, dass jedes System sicher, konform und zuverl\u00e4ssig bleibt.<\/p>\n                            <\/div>\r\n                        <\/div>\r\n                    <\/div>\r\n                                        \t                    <div class=\"acc_item\">\r\n                        <div class=\"acc_title\">Bieten Sie Inspektionen und Wartung f\u00fcr bestehende Fassadenbefahranlagen an? <span><\/span><\/div>\r\n                        <div class=\"acc_txt\">\r\n                            <div class=\"site_contents\">\r\n                            \t<p>Ja. Facade Access Solutions bietet Inspektionen, vorbeugende Wartung und Reparaturen f\u00fcr bestehende Systeme an. Dies gilt unabh\u00e4ngig davon, ob sie von uns oder anderen Herstellern installiert wurden. Jeder Service wird von zertifizierten Technikern durchgef\u00fchrt. Er folgt lokalen Sicherheitsstandards f\u00fcr kontinuierliche Compliance und Sicherheitsgew\u00e4hrleistung.<\/p>\n                            <\/div>\r\n                        <\/div>\r\n                    <\/div>\r\n                                        \t                    <div class=\"acc_item\">\r\n                        <div class=\"acc_title\">Wie k\u00f6nnen Asset Management Services Ausfallzeiten und Kosten reduzieren? <span><\/span><\/div>\r\n                        <div class=\"acc_txt\">\r\n                            <div class=\"site_contents\">\r\n                            \t<p>Regelm\u00e4\u00dfige Inspektionen und geplante Wartung helfen, potenzielle Probleme fr\u00fchzeitig zu erkennen. Dies verhindert Ausf\u00e4lle und Sicherheitsrisiken. Diese proaktive Methode reduziert Notfallreparaturkosten. Sie minimiert Ger\u00e4teausfallzeiten und gew\u00e4hrleistet zuverl\u00e4ssigen Fassadenzugang f\u00fcr den Geb\u00e4udebetrieb.<\/p>\n                            <\/div>\r\n                        <\/div>\r\n                    <\/div>\r\n                                    <\/div>\r\n    <\/div>\r\n<\/section>\r\n\r\n\n\n\n<div style=\"height:100px\" aria-hidden=\"true\" class=\"wp-block-spacer\"><\/div>\n","protected":false},"excerpt":{"rendered":"<p>SCH\u00dcTZEN SIE IHRE INVESTITION Fordern Sie noch heute Ihr personalisiertes Asset Management Programm an. H\u00e4ufig &#8230;<\/p>\n","protected":false},"author":1,"featured_media":0,"parent":1113,"menu_order":0,"comment_status":"closed","ping_status":"closed","template":"","meta":{"_acf_changed":false,"_trash_the_other_posts":false,"editor_notices":[],"footnotes":""},"class_list":["post-1109","page","type-page","status-publish","hentry"],"acf":[],"yoast_head":"<!-- This site is optimized with the Yoast SEO Premium plugin v27.1 (Yoast SEO v27.3) - https:\/\/yoast.com\/product\/yoast-seo-premium-wordpress\/ -->\n<title>BMU-Ger\u00e4teanlagenverwaltung | Facade Access Solutions<\/title>\n<meta name=\"description\" content=\"Umfassendes Asset Management f\u00fcr Fassadenbefahranlagen, BMUs und Fassadenreinigungsanlagen. Wartung, Pr\u00fcfung und Lifecycle-Support weltweit.\" \/>\n<meta name=\"robots\" content=\"index, follow, max-snippet:-1, max-image-preview:large, max-video-preview:-1\" \/>\n<link rel=\"canonical\" href=\"https:\/\/www.facadeaccesssolutions.com\/de\/services\/asset-management\/\" \/>\n<meta property=\"og:locale\" content=\"de_DE\" \/>\n<meta property=\"og:type\" content=\"article\" \/>\n<meta property=\"og:title\" content=\"Asset Management\" \/>\n<meta property=\"og:description\" content=\"Umfassendes Asset Management f\u00fcr Fassadenbefahranlagen, BMUs und Fassadenreinigungsanlagen. Wartung, Pr\u00fcfung und Lifecycle-Support weltweit.\" \/>\n<meta property=\"og:url\" content=\"https:\/\/www.facadeaccesssolutions.com\/de\/services\/asset-management\/\" \/>\n<meta property=\"og:site_name\" content=\"Facade Access Solutions Germany\" \/>\n<meta property=\"article:modified_time\" content=\"2026-01-29T22:29:03+00:00\" \/>\n<meta name=\"twitter:card\" content=\"summary_large_image\" \/>\n<meta name=\"twitter:label1\" content=\"Gesch\u00e4tzte Lesezeit\" \/>\n\t<meta name=\"twitter:data1\" content=\"1\u00a0Minute\" \/>\n<script type=\"application\/ld+json\" class=\"yoast-schema-graph\">{\"@context\":\"https:\\\/\\\/schema.org\",\"@graph\":[{\"@type\":\"WebPage\",\"@id\":\"https:\\\/\\\/www.facadeaccesssolutions.com\\\/de\\\/services\\\/asset-management\\\/\",\"url\":\"https:\\\/\\\/www.facadeaccesssolutions.com\\\/de\\\/services\\\/asset-management\\\/\",\"name\":\"BMU-Ger\u00e4teanlagenverwaltung | Facade Access Solutions\",\"isPartOf\":{\"@id\":\"https:\\\/\\\/www.facadeaccesssolutions.com\\\/de\\\/#website\"},\"datePublished\":\"2026-01-28T16:28:32+00:00\",\"dateModified\":\"2026-01-29T22:29:03+00:00\",\"description\":\"Umfassendes Asset Management f\u00fcr Fassadenbefahranlagen, BMUs und Fassadenreinigungsanlagen. Wartung, Pr\u00fcfung und Lifecycle-Support weltweit.\",\"breadcrumb\":{\"@id\":\"https:\\\/\\\/www.facadeaccesssolutions.com\\\/de\\\/services\\\/asset-management\\\/#breadcrumb\"},\"inLanguage\":\"de\",\"potentialAction\":[{\"@type\":\"ReadAction\",\"target\":[\"https:\\\/\\\/www.facadeaccesssolutions.com\\\/de\\\/services\\\/asset-management\\\/\"]}]},{\"@type\":\"BreadcrumbList\",\"@id\":\"https:\\\/\\\/www.facadeaccesssolutions.com\\\/de\\\/services\\\/asset-management\\\/#breadcrumb\",\"itemListElement\":[{\"@type\":\"ListItem\",\"position\":1,\"name\":\"Home\",\"item\":\"https:\\\/\\\/www.facadeaccesssolutions.com\\\/de\\\/\"},{\"@type\":\"ListItem\",\"position\":2,\"name\":\"Dienstleistungen\",\"item\":\"https:\\\/\\\/www.facadeaccesssolutions.com\\\/de\\\/services\\\/\"},{\"@type\":\"ListItem\",\"position\":3,\"name\":\"Asset Management\"}]},{\"@type\":\"WebSite\",\"@id\":\"https:\\\/\\\/www.facadeaccesssolutions.com\\\/de\\\/#website\",\"url\":\"https:\\\/\\\/www.facadeaccesssolutions.com\\\/de\\\/\",\"name\":\"Facade Access Solutions\",\"description\":\"Part Of Alimak Group\",\"potentialAction\":[{\"@type\":\"SearchAction\",\"target\":{\"@type\":\"EntryPoint\",\"urlTemplate\":\"https:\\\/\\\/www.facadeaccesssolutions.com\\\/de\\\/?s={search_term_string}\"},\"query-input\":{\"@type\":\"PropertyValueSpecification\",\"valueRequired\":true,\"valueName\":\"search_term_string\"}}],\"inLanguage\":\"de\"}]}<\/script>\n<!-- \/ Yoast SEO Premium plugin. -->","yoast_head_json":{"title":"BMU-Ger\u00e4teanlagenverwaltung | Facade Access Solutions","description":"Umfassendes Asset Management f\u00fcr Fassadenbefahranlagen, BMUs und Fassadenreinigungsanlagen. Wartung, Pr\u00fcfung und Lifecycle-Support weltweit.","robots":{"index":"index","follow":"follow","max-snippet":"max-snippet:-1","max-image-preview":"max-image-preview:large","max-video-preview":"max-video-preview:-1"},"canonical":"https:\/\/www.facadeaccesssolutions.com\/de\/services\/asset-management\/","og_locale":"de_DE","og_type":"article","og_title":"Asset Management","og_description":"Umfassendes Asset Management f\u00fcr Fassadenbefahranlagen, BMUs und Fassadenreinigungsanlagen. Wartung, Pr\u00fcfung und Lifecycle-Support weltweit.","og_url":"https:\/\/www.facadeaccesssolutions.com\/de\/services\/asset-management\/","og_site_name":"Facade Access Solutions Germany","article_modified_time":"2026-01-29T22:29:03+00:00","twitter_card":"summary_large_image","twitter_misc":{"Gesch\u00e4tzte Lesezeit":"1\u00a0Minute"},"schema":{"@context":"https:\/\/schema.org","@graph":[{"@type":"WebPage","@id":"https:\/\/www.facadeaccesssolutions.com\/de\/services\/asset-management\/","url":"https:\/\/www.facadeaccesssolutions.com\/de\/services\/asset-management\/","name":"BMU-Ger\u00e4teanlagenverwaltung | Facade Access Solutions","isPartOf":{"@id":"https:\/\/www.facadeaccesssolutions.com\/de\/#website"},"datePublished":"2026-01-28T16:28:32+00:00","dateModified":"2026-01-29T22:29:03+00:00","description":"Umfassendes Asset Management f\u00fcr Fassadenbefahranlagen, BMUs und Fassadenreinigungsanlagen. Wartung, Pr\u00fcfung und Lifecycle-Support weltweit.","breadcrumb":{"@id":"https:\/\/www.facadeaccesssolutions.com\/de\/services\/asset-management\/#breadcrumb"},"inLanguage":"de","potentialAction":[{"@type":"ReadAction","target":["https:\/\/www.facadeaccesssolutions.com\/de\/services\/asset-management\/"]}]},{"@type":"BreadcrumbList","@id":"https:\/\/www.facadeaccesssolutions.com\/de\/services\/asset-management\/#breadcrumb","itemListElement":[{"@type":"ListItem","position":1,"name":"Home","item":"https:\/\/www.facadeaccesssolutions.com\/de\/"},{"@type":"ListItem","position":2,"name":"Dienstleistungen","item":"https:\/\/www.facadeaccesssolutions.com\/de\/services\/"},{"@type":"ListItem","position":3,"name":"Asset Management"}]},{"@type":"WebSite","@id":"https:\/\/www.facadeaccesssolutions.com\/de\/#website","url":"https:\/\/www.facadeaccesssolutions.com\/de\/","name":"Facade Access Solutions","description":"Part Of Alimak Group","potentialAction":[{"@type":"SearchAction","target":{"@type":"EntryPoint","urlTemplate":"https:\/\/www.facadeaccesssolutions.com\/de\/?s={search_term_string}"},"query-input":{"@type":"PropertyValueSpecification","valueRequired":true,"valueName":"search_term_string"}}],"inLanguage":"de"}]}},"_links":{"self":[{"href":"https:\/\/www.facadeaccesssolutions.com\/de\/wp-json\/wp\/v2\/pages\/1109","targetHints":{"allow":["GET"]}}],"collection":[{"href":"https:\/\/www.facadeaccesssolutions.com\/de\/wp-json\/wp\/v2\/pages"}],"about":[{"href":"https:\/\/www.facadeaccesssolutions.com\/de\/wp-json\/wp\/v2\/types\/page"}],"author":[{"embeddable":true,"href":"https:\/\/www.facadeaccesssolutions.com\/de\/wp-json\/wp\/v2\/users\/1"}],"replies":[{"embeddable":true,"href":"https:\/\/www.facadeaccesssolutions.com\/de\/wp-json\/wp\/v2\/comments?post=1109"}],"version-history":[{"count":6,"href":"https:\/\/www.facadeaccesssolutions.com\/de\/wp-json\/wp\/v2\/pages\/1109\/revisions"}],"predecessor-version":[{"id":1125,"href":"https:\/\/www.facadeaccesssolutions.com\/de\/wp-json\/wp\/v2\/pages\/1109\/revisions\/1125"}],"up":[{"embeddable":true,"href":"https:\/\/www.facadeaccesssolutions.com\/de\/wp-json\/wp\/v2\/pages\/1113"}],"wp:attachment":[{"href":"https:\/\/www.facadeaccesssolutions.com\/de\/wp-json\/wp\/v2\/media?parent=1109"}],"curies":[{"name":"wp","href":"https:\/\/api.w.org\/{rel}","templated":true}]}}