{"id":1113,"date":"2026-01-28T16:55:38","date_gmt":"2026-01-28T16:55:38","guid":{"rendered":"https:\/\/www.facadeaccesssolutions.com\/de\/?page_id=1113"},"modified":"2026-01-29T16:25:49","modified_gmt":"2026-01-29T16:25:49","slug":"services","status":"publish","type":"page","link":"https:\/\/www.facadeaccesssolutions.com\/de\/services\/","title":{"rendered":"Dienstleistungen"},"content":{"rendered":"\r\n<section class=\"breadcrumbs\" data-aos=\"fade-up\" data-aos-duration=\"600\" data-aos-easing=\"ease-out\" data-aos-delay=\"100\">\r\n    <div class=\"content_holder content_holder_1570\">\r\n    \t<ul><li class=\"main-home\"><span property=\"itemListElement\" typeof=\"ListItem\"><a property=\"item\" typeof=\"WebPage\" title=\"Gehe zu FACADE ACCESS SOLUTIONS Sites.\" href=\"https:\/\/www.facadeaccesssolutions.com\" class=\"main-home\" ><span property=\"name\">FACADE ACCESS SOLUTIONS Sites<\/span><\/a><meta property=\"position\" content=\"1\"><\/span><\/li>\n<li class=\"home\"><span property=\"itemListElement\" typeof=\"ListItem\"><a property=\"item\" typeof=\"WebPage\" title=\"Go to Facade Access Solutions Germany.\" href=\"https:\/\/www.facadeaccesssolutions.com\/de\" class=\"home\" aria-current=\"page\"><span property=\"name\">Home<\/span><\/a><meta property=\"position\" content=\"2\"><\/span><\/li>\n<\/ul>\r\n    <\/div>\r\n<\/section>\n\n<section class=\"page_title \" data-aos=\"fade-up\" data-aos-duration=\"600\" data-aos-easing=\"ease-out\" data-aos-delay=\"200\">\n    <div class=\"content_holder content_holder_1570\">\n        <h1>Umfassende Fassadenzugangsl\u00f6sungen f\u00fcr sichere und nachhaltige Geb\u00e4udewartung<\/h1>\n    <\/div>\n<\/section>\n\n\n\n<section class=\"solutions_intro  \">\n    <div class=\"content_holder content_holder_1570 clearfix\">\n\n\t\t                <div class=\"sol_right\" data-aos=\"fade-up\" data-aos-duration=\"600\" data-aos-easing=\"ease-out\" data-aos-delay=\"300\">\n            <img decoding=\"async\" src=\"https:\/\/www.facadeaccesssolutions.com\/de\/wp-content\/uploads\/sites\/11\/2024\/08\/solution_1-881x515_c.jpg\" alt=\"\">\n        <\/div>\n            \n        <div class=\"sol_left site_contents\" data-aos=\"fade-up\" data-aos-duration=\"600\" data-aos-easing=\"ease-out\" data-aos-delay=\"400\">\n        \t<h4 class=\"title_line title_line_mob\">Geb\u00e4ude weltweit ben\u00f6tigen sichere und zuverl\u00e4ssige Fassadenzugangssysteme, die strenge Sicherheitsstandards erf\u00fcllen und gleichzeitig die langfristige Wartung unterst\u00fctzen. \u00c4ltere Geb\u00e4ude k\u00f6nnen durch unsere Modernisierungsl\u00f6sungen aufger\u00fcstet werden. Diese Nachr\u00fcstungsoptionen helfen Geb\u00e4udeeigent\u00fcmern, sich an aktualisierte architektonische Anforderungen anzupassen und ihre langfristige Investition zu sch\u00fctzen.<\/h4>            <p>Unsere Aufgabe ist es, Geb\u00e4udewartungsanlagen und Fassadenzugangsl\u00f6sungen bereitzustellen, die hochwertige Technik mit der Einhaltung internationaler Sicherheitsstandards vereinen.<\/p>\n<p>Ob f\u00fcr Neubauten oder Nachr\u00fcstungsprojekte \u2013 wir liefern integrierte Design- und Wartungsservices, die architektonische und betriebliche Anforderungen erf\u00fcllen. Mit jahrzehntelanger Erfahrung und der St\u00e4rke der Alimak Group bieten wir ein vollst\u00e4ndiges Spektrum an Geb\u00e4udewartungsanlagen-Services, denen Kunden weltweit vertrauen.<\/p>\n            <div class=\"mhide_1\">\n            \t            <\/div>\n            \t            <a href=\"https:\/\/www.facadeaccesssolutions.com\/de\/contact\/\" class=\"site_btn site_btn_sm\" target=\"_blank\">\n\t\t\t\t\tERKUNDIGEN                <\/a>\n                                <\/div>\n    <\/div>\n<\/section>\n\n\n\n\n\n<div style=\"height:100px\" aria-hidden=\"true\" class=\"wp-block-spacer\"><\/div>\n\n\n\n<div class=\"wp-block-columns is-layout-flex wp-container-core-columns-is-layout-9d6595d7 wp-block-columns-is-layout-flex\">\n<div class=\"wp-block-column is-layout-flow wp-block-column-is-layout-flow\" style=\"flex-basis:49.97%\">\n<h2 class=\"wp-block-heading has-text-align-left has-large-font-size\" id=\"h-unsere-servicelosungen-unterstutzung-fur-gebaude-in-jeder-phase\">Unsere Servicel\u00f6sungen \u2013 Unterst\u00fctzung f\u00fcr Geb\u00e4ude in jeder Phase<\/h2>\n\n\n\n<p>Zugangssysteme sind nur so zuverl\u00e4ssig wie der Service, der sie unterst\u00fctzt. Von niedrigen bis zu hohen Geb\u00e4uden sind kontinuierliche Inspektion, Modernisierung und Lebenszyklusmanagement unerl\u00e4sslich. Diese Massnahmen gew\u00e4hrleisten Sicherheit und Leistung. Unsere globalen Servicel\u00f6sungen decken jeden Aspekt der Wartung von Fassadenbefahranlagen ab. Dazu geh\u00f6ren Ger\u00e4teinspektionen, Sicherheitssysteme, Bedienertraining und Anlagenmanagement. Dieser Ansatz hilft, effiziente Fassadenzugangssysteme zu erhalten und langfristige Werte zu sch\u00fctzen.<\/p>\n<\/div>\n\n\n\n<div class=\"wp-block-column is-layout-flow wp-block-column-is-layout-flow\" style=\"flex-basis:50.03%\">\r\n<section class=\"accordion_list\" style=\"padding-top:px; padding-bottom:px;\">\r\n    <div class=\"content_holder content_holder_1570 clearfix\">\r\n\t\t<div class=\"acc_wrap\" data-aos=\"fade-up\" data-aos-duration=\"600\" data-aos-easing=\"ease-out\" data-aos-delay=\"100\">\r\n        \t                                    \t                    <div class=\"acc_item\">\r\n                        <div class=\"acc_title\">Servicel\u00f6sungen <span><\/span><\/div>\r\n                        <div class=\"acc_txt\">\r\n                            <div class=\"site_contents\">\r\n                            \t<p>Wir bieten ein vollst\u00e4ndiges Spektrum an Fassadenzugangsservices, die Geb\u00e4ude durch jede Phase ihres Lebens unterst\u00fctzen. Unsere integrierten Designservices verbinden Geb\u00e4udewartungsanlagen, motorisierte Plattformen und Schutzsysteme in einem nahtlosen Prozess. Dies hilft Architekten, Auftragnehmern und Geb\u00e4udeeigent\u00fcmern, sicheren und kosteneffizienten Zugang zu erreichen.<\/p>\n                            <\/div>\r\n                        <\/div>\r\n                    <\/div>\r\n                                        \t                    <div class=\"acc_item\">\r\n                        <div class=\"acc_title\">Inspektion, Sicherheit und Compliance <span><\/span><\/div>\r\n                        <div class=\"acc_txt\">\r\n                            <div class=\"site_contents\">\r\n                            \t<p>Regelm\u00e4ssige Inspektionsprogramme und Belastungstests halten Fassadenbefahranlagen sicher und betriebsbereit. Unsere Compliance-Services umfassen Absturzsicherungssysteme, Auffangsysteme und Abseilverankerungen. Sie erf\u00fcllen internationale Sicherheitsstandards. Geb\u00e4udeeigent\u00fcmer und Immobilienverwalter k\u00f6nnen sich darauf verlassen, dass Wartungsanlagen, h\u00e4ngende Plattformen und Zugangsger\u00e4te sicher und effizient arbeiten.<\/p>\n                            <\/div>\r\n                        <\/div>\r\n                    <\/div>\r\n                                        \t                    <div class=\"acc_item\">\r\n                        <div class=\"acc_title\">Modernisierungsl\u00f6sungen <span><\/span><\/div>\r\n                        <div class=\"acc_txt\">\r\n                            <div class=\"site_contents\">\r\n                            \t<p>\u00c4ltere Geb\u00e4ude profitieren von Modernisierung durch unsere Nachr\u00fcstungs- und Modernisierungsl\u00f6sungen. Diese Optionen helfen Geb\u00e4udeeigent\u00fcmern, neue architektonische Anforderungen zu erf\u00fcllen und ihre langfristige Investition zu sch\u00fctzen.<\/p>\n                            <\/div>\r\n                        <\/div>\r\n                    <\/div>\r\n                                        \t                    <div class=\"acc_item\">\r\n                        <div class=\"acc_title\">Originalersatzteile <span><\/span><\/div>\r\n                        <div class=\"acc_txt\">\r\n                            <div class=\"site_contents\">\r\n                            \t<p>Zuverl\u00e4ssige Leistung beginnt mit Originalkomponenten. Wir liefern vom Hersteller zugelassene Ersatzteile f\u00fcr Geb\u00e4udewartungsanlagen (BMUs), motorisierte Plattformen und andere Zugangssysteme. Dies reduziert Ausfallzeiten und verl\u00e4ngert die Lebensdauer der Ger\u00e4te. Die Verwendung von Originalteilen tr\u00e4gt dazu bei, die Sicherheit zu wahren, die Nutzung von Fassadensystemen zu verl\u00e4ngern und eine gleichbleibende Leistung zu gew\u00e4hrleisten.<\/p>\n                            <\/div>\r\n                        <\/div>\r\n                    <\/div>\r\n                                        \t                    <div class=\"acc_item\">\r\n                        <div class=\"acc_title\">Anlagenmanagement <span><\/span><\/div>\r\n                        <div class=\"acc_txt\">\r\n                            <div class=\"site_contents\">\r\n                            \t<p>Unsere Anlagenmanagement-Services kombinieren digitales Tracking, Lebenszyklus\u00fcberwachung und Testpl\u00e4ne zu einem proaktiven Pflegeprogramm. Wir verwalten Fassadenzugangsger\u00e4te einschliesslich BMUs, motorisierter Plattformen und Schutzsysteme. Dies reduziert unerwartete Reparaturen, erh\u00f6ht die Effizienz und gew\u00e4hrleistet einen sicheren Betrieb w\u00e4hrend des gesamten Geb\u00e4udelebenszyklus.<\/p>\n                            <\/div>\r\n                        <\/div>\r\n                    <\/div>\r\n                                        \t                    <div class=\"acc_item\">\r\n                        <div class=\"acc_title\">Training <span><\/span><\/div>\r\n                        <div class=\"acc_txt\">\r\n                            <div class=\"site_contents\">\r\n                            \t<p>Sicherer Betrieb h\u00e4ngt von qualifiziertem Personal ab. Wir bieten Trainingsprogramme an, die das Wissen \u00fcber Fassadenzugangssysteme und internationale Sicherheitspraktiken st\u00e4rken. Durch die Verbesserung der Betriebsfertigkeiten k\u00f6nnen Geb\u00e4udeeigent\u00fcmer darauf vertrauen, dass Wartungsanlagen, h\u00e4ngende Plattformen und Zugangssysteme sicher und korrekt verwendet werden.<\/p>\n                            <\/div>\r\n                        <\/div>\r\n                    <\/div>\r\n                                    <\/div>\r\n    <\/div>\r\n<\/section>\r\n\r\n<\/div>\n<\/div>\n\n\n\n<div style=\"height:100px\" aria-hidden=\"true\" class=\"wp-block-spacer\"><\/div>\n\n\n\n<div class=\"wp-block-columns are-vertically-aligned-center is-layout-flex wp-container-core-columns-is-layout-9d6595d7 wp-block-columns-is-layout-flex\">\n<div class=\"wp-block-column is-vertically-aligned-center is-layout-flow wp-block-column-is-layout-flow\" style=\"flex-basis:50%\"><div class=\"wp-block-image\">\n<figure class=\"aligncenter size-full\"><img decoding=\"async\" src=\"https:\/\/www.facadeaccesssolutions.com\/wp-content\/uploads\/2024\/10\/Future-Proofing-Buildings.jpeg\" alt=\"\" class=\"wp-image-847\" style=\"aspect-ratio:16\/9;object-fit:cover\"\/><\/figure>\n<\/div><\/div>\n\n\n\n<div class=\"wp-block-column is-layout-flow wp-block-column-is-layout-flow\" style=\"flex-basis:50%\">\n<p><\/p>\n\n\n\n<h2 class=\"wp-block-heading\" id=\"h-facade-access-solutions-vertrauen-von-gebaudeeigentumern-weltweit\">Facade Access Solutions: Vertrauen von Geb\u00e4udeeigent\u00fcmern weltweit<\/h2>\n\n\n\n<p>Facade Access Solutions ist Teil der Alimak Group, einem weltweit f\u00fchrenden Anbieter von Geb\u00e4udewartungsanlagen und Fassadenzugangssystemen. Mit mehr als 60 Jahren Ingenieurserfahrung und Tausenden von Installationen weltweit liefern wir bew\u00e4hrte L\u00f6sungen, die sicheren Zugang und langfristige Zuverl\u00e4ssigkeit bieten.<\/p>\n\n\n\n<p>Durch die Zusammenarbeit mit den vertrauensw\u00fcrdigen Marken der Alimak Group, darunter Tractel, Manntech und CoxGomyl, bieten wir ein vollst\u00e4ndiges Spektrum an Fassadenzugangssystemen f\u00fcr niedrige bis hohe und komplexe Strukturen. Von Neubauten bis zu Nachr\u00fcstungsprojekten liefern wir L\u00f6sungen, die effizientes Design, hochwertige Komponenten und vollst\u00e4ndige Lebenszyklusbetreuung vereinen.<\/p>\n<\/div>\n<\/div>\n\n\n\n<div class=\"wp-block-columns is-layout-flex wp-container-core-columns-is-layout-9d6595d7 wp-block-columns-is-layout-flex\">\n<div class=\"wp-block-column is-layout-flow wp-block-column-is-layout-flow\" style=\"flex-basis:33.33%\"><\/div>\n<\/div>\n\n\n\n<div style=\"height:100px\" aria-hidden=\"true\" class=\"wp-block-spacer\"><\/div>\n\n\n\n<div class=\"wp-block-group alignfull narrow_width has-luminous-vivid-orange-background-color has-text-color has-background\" style=\"color:#000000\"><div class=\"wp-block-group__inner-container is-layout-flow wp-block-group-is-layout-flow\">\n<div style=\"height:40px\" aria-hidden=\"true\" class=\"wp-block-spacer\"><\/div>\n\n\n\n<h2 class=\"wp-block-heading has-text-align-center has-white-color has-text-color has-link-color has-x-large-font-size wp-elements-995300bc76df71568865809ad719c3b2\" id=\"h-mit-vertrauen-bauen\">MIT VERTRAUEN BAUEN<\/h2>\n\n\n\n<p class=\"has-text-align-center has-white-color has-text-color has-link-color has-small-font-size wp-elements-7dfccc562ba358a6baf1d340768b1b43\" style=\"line-height:.9\">Erhalten Sie zuverl\u00e4ssige Fassadenzugangssysteme und umfassenden Service-Support von einem globalen Marktf\u00fchrer f\u00fcr Fassadenzugangsl\u00f6sungen.<br><\/p>\n\n\n\n<div class=\"wp-block-buttons is-horizontal is-content-justification-center is-layout-flex wp-container-core-buttons-is-layout-499968f5 wp-block-buttons-is-layout-flex\">\n<div class=\"wp-block-button has-custom-width wp-block-button__width-50\"><a class=\"wp-block-button__link has-text-color has-background has-medium-font-size has-custom-font-size wp-element-button\" href=\"https:\/\/www.facadeaccesssolutions.com\/de\/contact\/\" style=\"border-radius:64px;color:#ffffff;background-color:#004c78\" target=\"_blank\" rel=\"noreferrer noopener\">Kontaktieren Sie uns<\/a><\/div>\n<\/div>\n\n\n\n<div style=\"height:40px\" aria-hidden=\"true\" class=\"wp-block-spacer\"><\/div>\n<\/div><\/div>\n\n\n\n<div style=\"height:100px\" aria-hidden=\"true\" class=\"wp-block-spacer\"><\/div>\n\n\n\n<p><\/p>\n","protected":false},"excerpt":{"rendered":"<p>Unsere Servicel\u00f6sungen \u2013 Unterst\u00fctzung f\u00fcr Geb\u00e4ude in jeder Phase Zugangssysteme sind nur so zuverl\u00e4ssig wie &#8230;<\/p>\n","protected":false},"author":1,"featured_media":0,"parent":0,"menu_order":0,"comment_status":"closed","ping_status":"closed","template":"","meta":{"_acf_changed":false,"_trash_the_other_posts":false,"editor_notices":[],"footnotes":""},"class_list":["post-1113","page","type-page","status-publish","hentry"],"acf":[],"yoast_head":"<!-- This site is optimized with the Yoast SEO Premium plugin v27.1 (Yoast SEO v27.3) - https:\/\/yoast.com\/product\/yoast-seo-premium-wordpress\/ -->\n<title>Fassadenzugangsl\u00f6sungen und Wartung | Facade Access Solutions<\/title>\n<meta name=\"description\" content=\"Professionelle Fassadenbefahranlagen, Wartung und Pr\u00fcfung f\u00fcr sichere Geb\u00e4udeinstandhaltung. Servicel\u00f6sungen f\u00fcr Fassadenreinigungsanlagen und Zugangssysteme.\" \/>\n<meta name=\"robots\" content=\"index, follow, max-snippet:-1, max-image-preview:large, max-video-preview:-1\" \/>\n<link rel=\"canonical\" href=\"https:\/\/www.facadeaccesssolutions.com\/de\/services\/\" \/>\n<meta property=\"og:locale\" content=\"de_DE\" \/>\n<meta property=\"og:type\" content=\"article\" \/>\n<meta property=\"og:title\" content=\"Dienstleistungen\" \/>\n<meta property=\"og:description\" content=\"Professionelle Fassadenbefahranlagen, Wartung und Pr\u00fcfung f\u00fcr sichere Geb\u00e4udeinstandhaltung. Servicel\u00f6sungen f\u00fcr Fassadenreinigungsanlagen und Zugangssysteme.\" \/>\n<meta property=\"og:url\" content=\"https:\/\/www.facadeaccesssolutions.com\/de\/services\/\" \/>\n<meta property=\"og:site_name\" content=\"Facade Access Solutions Germany\" \/>\n<meta property=\"article:modified_time\" content=\"2026-01-29T16:25:49+00:00\" \/>\n<meta property=\"og:image\" content=\"https:\/\/www.facadeaccesssolutions.com\/wp-content\/uploads\/2024\/10\/Future-Proofing-Buildings.jpeg\" \/>\n<meta name=\"twitter:card\" content=\"summary_large_image\" \/>\n<meta name=\"twitter:label1\" content=\"Gesch\u00e4tzte Lesezeit\" \/>\n\t<meta name=\"twitter:data1\" content=\"2\u00a0Minuten\" \/>\n<script type=\"application\/ld+json\" class=\"yoast-schema-graph\">{\"@context\":\"https:\\\/\\\/schema.org\",\"@graph\":[{\"@type\":\"WebPage\",\"@id\":\"https:\\\/\\\/www.facadeaccesssolutions.com\\\/de\\\/services\\\/\",\"url\":\"https:\\\/\\\/www.facadeaccesssolutions.com\\\/de\\\/services\\\/\",\"name\":\"Fassadenzugangsl\u00f6sungen und Wartung | Facade Access Solutions\",\"isPartOf\":{\"@id\":\"https:\\\/\\\/www.facadeaccesssolutions.com\\\/de\\\/#website\"},\"primaryImageOfPage\":{\"@id\":\"https:\\\/\\\/www.facadeaccesssolutions.com\\\/de\\\/services\\\/#primaryimage\"},\"image\":{\"@id\":\"https:\\\/\\\/www.facadeaccesssolutions.com\\\/de\\\/services\\\/#primaryimage\"},\"thumbnailUrl\":\"https:\\\/\\\/www.facadeaccesssolutions.com\\\/wp-content\\\/uploads\\\/2024\\\/10\\\/Future-Proofing-Buildings.jpeg\",\"datePublished\":\"2026-01-28T16:55:38+00:00\",\"dateModified\":\"2026-01-29T16:25:49+00:00\",\"description\":\"Professionelle Fassadenbefahranlagen, Wartung und Pr\u00fcfung f\u00fcr sichere Geb\u00e4udeinstandhaltung. Servicel\u00f6sungen f\u00fcr Fassadenreinigungsanlagen und Zugangssysteme.\",\"breadcrumb\":{\"@id\":\"https:\\\/\\\/www.facadeaccesssolutions.com\\\/de\\\/services\\\/#breadcrumb\"},\"inLanguage\":\"de\",\"potentialAction\":[{\"@type\":\"ReadAction\",\"target\":[\"https:\\\/\\\/www.facadeaccesssolutions.com\\\/de\\\/services\\\/\"]}]},{\"@type\":\"ImageObject\",\"inLanguage\":\"de\",\"@id\":\"https:\\\/\\\/www.facadeaccesssolutions.com\\\/de\\\/services\\\/#primaryimage\",\"url\":\"https:\\\/\\\/www.facadeaccesssolutions.com\\\/wp-content\\\/uploads\\\/2024\\\/10\\\/Future-Proofing-Buildings.jpeg\",\"contentUrl\":\"https:\\\/\\\/www.facadeaccesssolutions.com\\\/wp-content\\\/uploads\\\/2024\\\/10\\\/Future-Proofing-Buildings.jpeg\"},{\"@type\":\"BreadcrumbList\",\"@id\":\"https:\\\/\\\/www.facadeaccesssolutions.com\\\/de\\\/services\\\/#breadcrumb\",\"itemListElement\":[{\"@type\":\"ListItem\",\"position\":1,\"name\":\"Home\",\"item\":\"https:\\\/\\\/www.facadeaccesssolutions.com\\\/de\\\/\"},{\"@type\":\"ListItem\",\"position\":2,\"name\":\"Dienstleistungen\"}]},{\"@type\":\"WebSite\",\"@id\":\"https:\\\/\\\/www.facadeaccesssolutions.com\\\/de\\\/#website\",\"url\":\"https:\\\/\\\/www.facadeaccesssolutions.com\\\/de\\\/\",\"name\":\"Facade Access Solutions\",\"description\":\"Part Of Alimak Group\",\"potentialAction\":[{\"@type\":\"SearchAction\",\"target\":{\"@type\":\"EntryPoint\",\"urlTemplate\":\"https:\\\/\\\/www.facadeaccesssolutions.com\\\/de\\\/?s={search_term_string}\"},\"query-input\":{\"@type\":\"PropertyValueSpecification\",\"valueRequired\":true,\"valueName\":\"search_term_string\"}}],\"inLanguage\":\"de\"}]}<\/script>\n<!-- \/ Yoast SEO Premium plugin. -->","yoast_head_json":{"title":"Fassadenzugangsl\u00f6sungen und Wartung | Facade Access Solutions","description":"Professionelle Fassadenbefahranlagen, Wartung und Pr\u00fcfung f\u00fcr sichere Geb\u00e4udeinstandhaltung. Servicel\u00f6sungen f\u00fcr Fassadenreinigungsanlagen und Zugangssysteme.","robots":{"index":"index","follow":"follow","max-snippet":"max-snippet:-1","max-image-preview":"max-image-preview:large","max-video-preview":"max-video-preview:-1"},"canonical":"https:\/\/www.facadeaccesssolutions.com\/de\/services\/","og_locale":"de_DE","og_type":"article","og_title":"Dienstleistungen","og_description":"Professionelle Fassadenbefahranlagen, Wartung und Pr\u00fcfung f\u00fcr sichere Geb\u00e4udeinstandhaltung. Servicel\u00f6sungen f\u00fcr Fassadenreinigungsanlagen und Zugangssysteme.","og_url":"https:\/\/www.facadeaccesssolutions.com\/de\/services\/","og_site_name":"Facade Access Solutions Germany","article_modified_time":"2026-01-29T16:25:49+00:00","og_image":[{"url":"https:\/\/www.facadeaccesssolutions.com\/wp-content\/uploads\/2024\/10\/Future-Proofing-Buildings.jpeg","type":"","width":"","height":""}],"twitter_card":"summary_large_image","twitter_misc":{"Gesch\u00e4tzte Lesezeit":"2\u00a0Minuten"},"schema":{"@context":"https:\/\/schema.org","@graph":[{"@type":"WebPage","@id":"https:\/\/www.facadeaccesssolutions.com\/de\/services\/","url":"https:\/\/www.facadeaccesssolutions.com\/de\/services\/","name":"Fassadenzugangsl\u00f6sungen und Wartung | Facade Access Solutions","isPartOf":{"@id":"https:\/\/www.facadeaccesssolutions.com\/de\/#website"},"primaryImageOfPage":{"@id":"https:\/\/www.facadeaccesssolutions.com\/de\/services\/#primaryimage"},"image":{"@id":"https:\/\/www.facadeaccesssolutions.com\/de\/services\/#primaryimage"},"thumbnailUrl":"https:\/\/www.facadeaccesssolutions.com\/wp-content\/uploads\/2024\/10\/Future-Proofing-Buildings.jpeg","datePublished":"2026-01-28T16:55:38+00:00","dateModified":"2026-01-29T16:25:49+00:00","description":"Professionelle Fassadenbefahranlagen, Wartung und Pr\u00fcfung f\u00fcr sichere Geb\u00e4udeinstandhaltung. Servicel\u00f6sungen f\u00fcr Fassadenreinigungsanlagen und Zugangssysteme.","breadcrumb":{"@id":"https:\/\/www.facadeaccesssolutions.com\/de\/services\/#breadcrumb"},"inLanguage":"de","potentialAction":[{"@type":"ReadAction","target":["https:\/\/www.facadeaccesssolutions.com\/de\/services\/"]}]},{"@type":"ImageObject","inLanguage":"de","@id":"https:\/\/www.facadeaccesssolutions.com\/de\/services\/#primaryimage","url":"https:\/\/www.facadeaccesssolutions.com\/wp-content\/uploads\/2024\/10\/Future-Proofing-Buildings.jpeg","contentUrl":"https:\/\/www.facadeaccesssolutions.com\/wp-content\/uploads\/2024\/10\/Future-Proofing-Buildings.jpeg"},{"@type":"BreadcrumbList","@id":"https:\/\/www.facadeaccesssolutions.com\/de\/services\/#breadcrumb","itemListElement":[{"@type":"ListItem","position":1,"name":"Home","item":"https:\/\/www.facadeaccesssolutions.com\/de\/"},{"@type":"ListItem","position":2,"name":"Dienstleistungen"}]},{"@type":"WebSite","@id":"https:\/\/www.facadeaccesssolutions.com\/de\/#website","url":"https:\/\/www.facadeaccesssolutions.com\/de\/","name":"Facade Access Solutions","description":"Part Of Alimak Group","potentialAction":[{"@type":"SearchAction","target":{"@type":"EntryPoint","urlTemplate":"https:\/\/www.facadeaccesssolutions.com\/de\/?s={search_term_string}"},"query-input":{"@type":"PropertyValueSpecification","valueRequired":true,"valueName":"search_term_string"}}],"inLanguage":"de"}]}},"_links":{"self":[{"href":"https:\/\/www.facadeaccesssolutions.com\/de\/wp-json\/wp\/v2\/pages\/1113","targetHints":{"allow":["GET"]}}],"collection":[{"href":"https:\/\/www.facadeaccesssolutions.com\/de\/wp-json\/wp\/v2\/pages"}],"about":[{"href":"https:\/\/www.facadeaccesssolutions.com\/de\/wp-json\/wp\/v2\/types\/page"}],"author":[{"embeddable":true,"href":"https:\/\/www.facadeaccesssolutions.com\/de\/wp-json\/wp\/v2\/users\/1"}],"replies":[{"embeddable":true,"href":"https:\/\/www.facadeaccesssolutions.com\/de\/wp-json\/wp\/v2\/comments?post=1113"}],"version-history":[{"count":6,"href":"https:\/\/www.facadeaccesssolutions.com\/de\/wp-json\/wp\/v2\/pages\/1113\/revisions"}],"predecessor-version":[{"id":1216,"href":"https:\/\/www.facadeaccesssolutions.com\/de\/wp-json\/wp\/v2\/pages\/1113\/revisions\/1216"}],"wp:attachment":[{"href":"https:\/\/www.facadeaccesssolutions.com\/de\/wp-json\/wp\/v2\/media?parent=1113"}],"curies":[{"name":"wp","href":"https:\/\/api.w.org\/{rel}","templated":true}]}}