{"id":1185,"date":"2026-01-28T22:59:48","date_gmt":"2026-01-28T22:59:48","guid":{"rendered":"https:\/\/www.facadeaccesssolutions.com\/de\/?page_id=1185"},"modified":"2026-01-28T23:28:17","modified_gmt":"2026-01-28T23:28:17","slug":"refurbishment-solutions","status":"publish","type":"page","link":"https:\/\/www.facadeaccesssolutions.com\/de\/services\/refurbishment-solutions\/","title":{"rendered":"Nachr\u00fcstung und Dienstleistungen"},"content":{"rendered":"\r\n<section class=\"breadcrumbs\" data-aos=\"fade-up\" data-aos-duration=\"600\" data-aos-easing=\"ease-out\" data-aos-delay=\"100\">\r\n    <div class=\"content_holder content_holder_1570\">\r\n    \t<ul><li class=\"main-home\"><span property=\"itemListElement\" typeof=\"ListItem\"><a property=\"item\" typeof=\"WebPage\" title=\"Gehe zu FACADE ACCESS SOLUTIONS Sites.\" href=\"https:\/\/www.facadeaccesssolutions.com\" class=\"main-home\" ><span property=\"name\">FACADE ACCESS SOLUTIONS Sites<\/span><\/a><meta property=\"position\" content=\"1\"><\/span><\/li>\n<li class=\"home\"><span property=\"itemListElement\" typeof=\"ListItem\"><a property=\"item\" typeof=\"WebPage\" title=\"Go to Facade Access Solutions Germany.\" href=\"https:\/\/www.facadeaccesssolutions.com\/de\" class=\"home\" aria-current=\"page\"><span property=\"name\">Home<\/span><\/a><meta property=\"position\" content=\"2\"><\/span><\/li>\n<\/ul>\r\n    <\/div>\r\n<\/section>\n\n<section class=\"page_title \" data-aos=\"fade-up\" data-aos-duration=\"600\" data-aos-easing=\"ease-out\" data-aos-delay=\"200\">\n    <div class=\"content_holder content_holder_1570\">\n        <h1>Nachr\u00fcstungsdienstleistungen f\u00fcr zuverl\u00e4ssige Fassadenzugangsl\u00f6sungen<\/h1>\n    <\/div>\n<\/section>\n\n\n\n<section class=\"solutions_intro  \">\n    <div class=\"content_holder content_holder_1570 clearfix\">\n\n\t\t                <div class=\"sol_right\" data-aos=\"fade-up\" data-aos-duration=\"600\" data-aos-easing=\"ease-out\" data-aos-delay=\"300\">\n            <img decoding=\"async\" src=\"https:\/\/www.facadeaccesssolutions.com\/de\/wp-content\/uploads\/sites\/11\/2025\/03\/design-2-881x515_c.png\" alt=\"building maintenance unit at Ilham Baru Tower\">\n        <\/div>\n            \n        <div class=\"sol_left site_contents\" data-aos=\"fade-up\" data-aos-duration=\"600\" data-aos-easing=\"ease-out\" data-aos-delay=\"400\">\n        \t<h4 class=\"title_line title_line_mob\">Facade Access Solutions bietet Nachr\u00fcstungsdienstleistungen, die Fassadenzugangsl\u00f6sungen wiederherstellen, aufr\u00fcsten und modernisieren. Diese Dienstleistungen verl\u00e4ngern die Betriebsdauer der Ausr\u00fcstung und gew\u00e4hrleisten die Einhaltung internationaler Sicherheitsstandards.<\/h4>            <p>Im Laufe der Zeit unterliegen Fassadenbefahranlagen Verschlei\u00df, der die Leistung und Sicherheit beeintr\u00e4chtigen kann. Ein vollst\u00e4ndiger Austausch ist nicht immer erforderlich. Die Nachr\u00fcstung bringt kritische Systeme wieder in einen optimalen Zustand zur\u00fcck. Sie verl\u00e4ngert die Betriebsdauer und passt die Fassadenreinigungsanlagen an aktuelle globale Sicherheitsvorschriften an.<\/p>\n<p>Unsere Nachr\u00fcstungsprogramme reduzieren Ausfallzeiten und verbessern die Sicherheit. Sie bieten Geb\u00e4udeeigent\u00fcmern eine kosteneffiziente Alternative zum vollst\u00e4ndigen Austausch und nutzen die bestehenden Geb\u00e4udestruktur und Geb\u00e4udestatik weiter. Mit der kombinierten Expertise von Tractel, Manntech und CoxGomyl unter der Alimak Group liefern wir technisch fundierte Nachr\u00fcstungsl\u00f6sungen. Diese werden durch weltweite Erfahrung und lokales technisches Wissen unterst\u00fctzt.<\/p>\n<p>Wir unterst\u00fctzen Sie auch in der Nachr\u00fcstung und Modernisierung von Anlagen anderer Hersteller.<\/p>\n            <div class=\"mhide_1\">\n            \t            <\/div>\n            \t            <a href=\"https:\/\/www.facadeaccesssolutions.com\/de\/contact\/?enquiry=service\" class=\"site_btn site_btn_sm\" target=\"_blank\">\n\t\t\t\t\tERKUNDIGEN                <\/a>\n                                <\/div>\n    <\/div>\n<\/section>\n\n\n\n\n\n<div class=\"wp-block-columns is-layout-flex wp-container-core-columns-is-layout-9d6595d7 wp-block-columns-is-layout-flex\">\n<div class=\"wp-block-column is-layout-flow wp-block-column-is-layout-flow\">\n<div style=\"height:70px\" aria-hidden=\"true\" class=\"wp-block-spacer\"><\/div>\n\n\n<div class=\"wp-block-image\">\n<figure class=\"aligncenter size-full is-resized\"><img loading=\"lazy\" decoding=\"async\" width=\"600\" height=\"610\" src=\"https:\/\/www.facadeaccesssolutions.com\/wp-content\/uploads\/2024\/08\/new_pg_9.jpg\" alt=\"\" class=\"wp-image-383\" style=\"aspect-ratio:16\/9;object-fit:cover;width:1000px\" srcset=\"https:\/\/www.facadeaccesssolutions.com\/de\/wp-content\/uploads\/sites\/11\/2024\/08\/new_pg_9.jpg 600w, https:\/\/www.facadeaccesssolutions.com\/de\/wp-content\/uploads\/sites\/11\/2024\/08\/new_pg_9-295x300.jpg 295w\" sizes=\"auto, (max-width: 600px) 100vw, 600px\" \/><\/figure>\n<\/div>\n\n\n<div style=\"height:85px\" aria-hidden=\"true\" class=\"wp-block-spacer\"><\/div>\n<\/div>\n\n\n\n<div class=\"wp-block-column is-layout-flow wp-block-column-is-layout-flow\">\n<div style=\"height:50px\" aria-hidden=\"true\" class=\"wp-block-spacer\"><\/div>\n\n\n\n<h2 class=\"wp-block-heading\" id=\"h-kosteneffiziente-nachrustung-zur-verlangerung-der-geratelebensdauer\">Kosteneffiziente Nachr\u00fcstung zur Verl\u00e4ngerung der Ger\u00e4telebensdauer<\/h2>\n\n\n\n<p>Die Nachr\u00fcstung von Fassadenbefahranlagen bietet eine nachhaltige und wirtschaftliche Alternative zum vollst\u00e4ndigen Systemaustausch. Jedes Projekt beginnt mit einer detaillierten Inspektion zur Bewertung des Zustands bestehender Anlagen. Verschlissene oder veraltete Komponenten werden durch vom Hersteller zugelassene Teile ersetzt. Dies stellt die volle Funktionsf\u00e4higkeit wieder her und verl\u00e4ngert die Lebensdauer der Ausr\u00fcstung. Auch bei unzuverl\u00e4ssigen Systemen ver\u00e4ndert die Nachr\u00fcstung und Umr\u00fcstung die Anlagen zu wirklichen Leistungstr\u00e4gern.<\/p>\n\n\n\n<p>Unsere Nachr\u00fcstungsprojekte haben nachgewiesene Ergebnisse in verschiedenen Regionen erzielt. Am Frankfurter Ring 162 in M\u00fcnchen wurde eine 59 Jahre alte Fassadenbefahranlage mit einem leichteren und fortschrittlicheren System modernisiert. Dabei wurde die urspr\u00fcngliche Schiene beibehalten. Am Level 87 des Shard lieferte unser britisches Team eine umfangreiche Nachr\u00fcstung der Hydraulikzylinder. Die wichtigsten Komponenten wurden aufger\u00fcstet. Anspruchsvolle Bedingungen in der H\u00f6he wurden gemeistert. Das Projekt wurde p\u00fcnktlich und im Budget abgeschlossen und erreichte einen Finalistenplatz bei den London Construction Awards 2025.<\/p>\n\n\n\n<p>Die Aufr\u00fcstung elektrischer Systeme, Steuerungspanels und Korb-Designs anstelle des Austauschs vollst\u00e4ndiger Installationen reduziert Abfall, Ausfallzeiten und Kosten. Dieser Ansatz verbessert Zuverl\u00e4ssigkeit, Sicherheit und Nachhaltigkeit. Er spiegelt unsere globale Expertise bei der Verl\u00e4ngerung der Lebensdauer von Fassadenreinigungsanlagen wider und bietet langfristigen Wert bei minimaler St\u00f6rung des Geb\u00e4udebetriebs.<\/p>\n\n\n\n<div style=\"height:75px\" aria-hidden=\"true\" class=\"wp-block-spacer\"><\/div>\n<\/div>\n<\/div>\n\n\n\n<div class=\"wp-block-columns is-layout-flex wp-container-core-columns-is-layout-9d6595d7 wp-block-columns-is-layout-flex\">\n<div class=\"wp-block-column is-layout-flow wp-block-column-is-layout-flow\">\n<h2 class=\"wp-block-heading\" id=\"h-reparaturlosungen-zur-wiederherstellung-von-sicherheit-und-leistung\">Reparaturl\u00f6sungen zur Wiederherstellung von Sicherheit und Leistung<\/h2>\n\n\n\n<p>Eine zeitnahe Wartung der Fassadenbefahranlage ist unerl\u00e4sslich, um Fassadenbefahranlagen, Davits und motorisierte Motorgondeln und Befahrb\u00fchnen in sicherem Betriebszustand zu halten. Unsere Reparaturdienstleistungen umfassen Notfallreaktionen, Teilersatz und Systemfehlerbehebung zur Wiederherstellung der vollen Leistung.<\/p>\n\n\n\n<p>Ob als Teil eines Nachr\u00fcstungsprogramms oder als eigenst\u00e4ndiger Service \u2013 unsere Reparaturl\u00f6sungen erhalten Zuverl\u00e4ssigkeit und Sicherheit. Jede Reparatur wird mit zugelassenen Komponenten und technischer Aufsicht durchgef\u00fchrt. Dieser Prozess tr\u00e4gt dazu bei, die Systemlebensdauer zu verl\u00e4ngern und die Notwendigkeit eines vorzeitigen Austauschs zu reduzieren.<\/p>\n\n\n\n<p>Mit jahrzehntelanger globaler Erfahrung und lokalem Fachwissen unterst\u00fctzt unser Team Projekte in unterschiedlichen Umgebungen und Geb\u00e4udetypen. Wir verstehen die Anforderungen von Hochh\u00e4usern, komplexen Fassaden und modernem Bauwesen. Unsere L\u00f6sungen helfen Kunden, konsistente Leistung, Compliance und Sicherheitsstandards zu erreichen.<\/p>\n\n\n\n<p>Sprechen Sie mit unserem Team, um Unterst\u00fctzung bei der Wartung oder Compliance f\u00fcr Ihre Fassadenzugangsl\u00f6sungen zu besprechen.<\/p>\n<\/div>\n\n\n\n<div class=\"wp-block-column is-layout-flow wp-block-column-is-layout-flow\"><div class=\"wp-block-image\">\n<figure class=\"aligncenter size-full is-resized\"><img decoding=\"async\" src=\"https:\/\/www.facadeaccesssolutions.com\/wp-content\/uploads\/2025\/11\/20220222_155334-new-scaled.jpg\" alt=\"\" class=\"wp-image-2205\" style=\"width:703px;height:auto\"\/><\/figure>\n<\/div><\/div>\n<\/div>\n\n\n\n<div style=\"height:100px\" aria-hidden=\"true\" class=\"wp-block-spacer\"><\/div>\n\n\n\n<div class=\"wp-block-group alignfull narrow_width has-luminous-vivid-orange-background-color has-text-color has-background\" style=\"color:#000000\"><div class=\"wp-block-group__inner-container is-layout-flow wp-block-group-is-layout-flow\">\n<div style=\"height:40px\" aria-hidden=\"true\" class=\"wp-block-spacer\"><\/div>\n\n\n\n<h2 class=\"wp-block-heading has-text-align-center has-white-color has-text-color has-link-color wp-elements-55813fa234135b9f5ae8b144cf839808\" id=\"h-starten-sie-ihr-refurbishment-projekt\" style=\"font-size:39px;text-transform:uppercase\">STARTEN SIE IHR REFURBISHMENT PROJEKT<\/h2>\n\n\n\n<p class=\"has-text-align-center has-white-color has-text-color has-link-color wp-elements-c740e8edc89e472b329ce3c6fe7d332b\" style=\"font-size:15px\">Vereinbaren Sie eine Beratung, um die effizientesten Upgrade-Optionen f\u00fcr Ihr Geb\u00e4ude zu entdecken.<br><\/p>\n\n\n\n<div class=\"wp-block-buttons is-horizontal is-content-justification-center is-layout-flex wp-container-core-buttons-is-layout-499968f5 wp-block-buttons-is-layout-flex\">\n<div class=\"wp-block-button has-custom-width wp-block-button__width-50\"><a class=\"wp-block-button__link has-text-color has-background has-medium-font-size has-custom-font-size wp-element-button\" href=\"https:\/\/www.facadeaccesssolutions.com\/de\/contact\/?enquiry=service\" style=\"border-radius:50px;color:#ffffff;background-color:#033c5d\" target=\"_blank\" rel=\"noreferrer noopener\">Angebot anfordern<\/a><\/div>\n<\/div>\n\n\n\n<div style=\"height:40px\" aria-hidden=\"true\" class=\"wp-block-spacer\"><\/div>\n<\/div><\/div>\n\n\n\n<div style=\"height:50px\" aria-hidden=\"true\" class=\"wp-block-spacer\"><\/div>\n\n\n\r\n<section class=\"accordion_list\" style=\"padding-top:px; padding-bottom:px;\">\r\n    <div class=\"content_holder content_holder_1570 clearfix\">\r\n\t\t<div class=\"acc_wrap\" data-aos=\"fade-up\" data-aos-duration=\"600\" data-aos-easing=\"ease-out\" data-aos-delay=\"100\">\r\n        \t<h2><h3 align=\"center\">H\u00e4ufig gestellte Fragen<\/h3><\/h2>                                    \t                    <div class=\"acc_item\">\r\n                        <div class=\"acc_title\">Wie oft sollten Fassadenreinigungsger\u00e4te gewartet oder ausgetauscht werden? <span><\/span><\/div>\r\n                        <div class=\"acc_txt\">\r\n                            <div class=\"site_contents\">\r\n                            \t<p>Inspektionen sollten mindestens einmal j\u00e4hrlich durchgef\u00fchrt werden. Regelm\u00e4\u00dfige Bewertungen identifizieren potenzielle Probleme fr\u00fchzeitig und helfen, gr\u00f6\u00dfere Ausf\u00e4lle oder kostspielige Ausfallzeiten zu vermeiden. Wir k\u00f6nnen einen Wartungsplan erstellen, der auf Ihr Geb\u00e4ude und Ihre Ausr\u00fcstung zugeschnitten ist.<\/p>\n                            <\/div>\r\n                        <\/div>\r\n                    <\/div>\r\n                                        \t                    <div class=\"acc_item\">\r\n                        <div class=\"acc_title\">K\u00f6nnen \u00e4ltere Fassadenbefahranlagen modernisiert statt ersetzt werden? <span><\/span><\/div>\r\n                        <div class=\"acc_txt\">\r\n                            <div class=\"site_contents\">\r\n                            \t<p>Ja. Nachr\u00fcstung und Modernisierung sind praktische und kosteneffiziente L\u00f6sungen, die die Lebensdauer bestehender Systeme verl\u00e4ngern und gleichzeitig Sicherheit und Zuverl\u00e4ssigkeit verbessern. Typische Aufr\u00fcstungen umfassen neue elektrische Steuerungen, mechanische Teile, Sicherheitssysteme und strukturelle Verbesserungen, die aktuellen internationalen Standards entsprechen.<\/p>\n                            <\/div>\r\n                        <\/div>\r\n                    <\/div>\r\n                                        \t                    <div class=\"acc_item\">\r\n                        <div class=\"acc_title\">Welche Arten von Problemen kann eine Nachr\u00fcstung beheben? <span><\/span><\/div>\r\n                        <div class=\"acc_txt\">\r\n                            <div class=\"site_contents\">\r\n                            \t<p>Eine Nachr\u00fcstung kann mechanischen Verschlei\u00df, veraltete elektrische Systeme, strukturelle Erm\u00fcdung und \u00fcberholte Sicherheitsfunktionen beheben. Diese Aufr\u00fcstungen stellen die Zuverl\u00e4ssigkeit wieder her. Sie steigern die Effizienz und gew\u00e4hrleisten die Einhaltung moderner Leistungs- und Sicherheitsanforderungen.<\/p>\n                            <\/div>\r\n                        <\/div>\r\n                    <\/div>\r\n                                        \t                    <div class=\"acc_item\">\r\n                        <div class=\"acc_title\">Wie lange dauert eine typische Reparatur oder Nachr\u00fcstung? <span><\/span><\/div>\r\n                        <div class=\"acc_txt\">\r\n                            <div class=\"site_contents\">\r\n                            \t<p>Die Projektdauer variiert je nach Umfang der Arbeiten. Kleinere Reparaturen k\u00f6nnen in wenigen Tagen abgeschlossen werden. Vollst\u00e4ndige Nachr\u00fcstungen k\u00f6nnen je nach Systemkomplexit\u00e4t und Standortbedingungen mehrere Monate dauern. Nach der Inspektion erstellt unser Team einen klaren Zeitplan, um St\u00f6rungen des Geb\u00e4udebetriebs zu minimieren.<\/p>\n                            <\/div>\r\n                        <\/div>\r\n                    <\/div>\r\n                                        \t                    <div class=\"acc_item\">\r\n                        <div class=\"acc_title\">Verbessert die Nachr\u00fcstung Sicherheit und Compliance? <span><\/span><\/div>\r\n                        <div class=\"acc_txt\">\r\n                            <div class=\"site_contents\">\r\n                            \t<p>Ja. Die Nachr\u00fcstung verbessert sowohl Sicherheit als auch Compliance durch die Integration aktualisierter Steuerungssysteme, Bremsmechanismen und \u00dcberwachungstechnologien, die internationalen Standards entsprechen oder diese \u00fcbertreffen. Diese Verbesserungen gew\u00e4hrleisten einen sicheren Betrieb und verl\u00e4ngern die Lebensdauer Ihrer Fassadenreinigungsanlage.<\/p>\n<p>Wir erreichen einen Zustand der Zukunft und Effizienz f\u00fcr den Betrieb \u00fcber vielen weitere Jahre erm\u00f6glicht.<\/p>\n                            <\/div>\r\n                        <\/div>\r\n                    <\/div>\r\n                                    <\/div>\r\n    <\/div>\r\n<\/section>\r\n\r\n\n\n\n<div style=\"height:100px\" aria-hidden=\"true\" class=\"wp-block-spacer\"><\/div>\n","protected":false},"excerpt":{"rendered":"<p>Kosteneffiziente Nachr\u00fcstung zur Verl\u00e4ngerung der Ger\u00e4telebensdauer Die Nachr\u00fcstung von Fassadenbefahranlagen bietet eine nachhaltige und wirtschaftliche &#8230;<\/p>\n","protected":false},"author":1,"featured_media":0,"parent":1113,"menu_order":0,"comment_status":"closed","ping_status":"closed","template":"","meta":{"_acf_changed":false,"_trash_the_other_posts":false,"editor_notices":[],"footnotes":""},"class_list":["post-1185","page","type-page","status-publish","hentry"],"acf":[],"yoast_head":"<!-- This site is optimized with the Yoast SEO Premium plugin v27.1 (Yoast SEO v27.3) - https:\/\/yoast.com\/product\/yoast-seo-premium-wordpress\/ -->\n<title>Nachr\u00fcstung und Dienstleistungen | Facade Access Solutions<\/title>\n<meta name=\"description\" content=\"Professionelle Wartung und Nachr\u00fcstung von Fassadenbefahranlagen. Zuverl\u00e4ssige Modernisierung f\u00fcr l\u00e4ngere Lebensdauer Ihrer Ger\u00e4te.\" \/>\n<meta name=\"robots\" content=\"index, follow, max-snippet:-1, max-image-preview:large, max-video-preview:-1\" \/>\n<link rel=\"canonical\" href=\"https:\/\/www.facadeaccesssolutions.com\/de\/services\/refurbishment-solutions\/\" \/>\n<meta property=\"og:locale\" content=\"de_DE\" \/>\n<meta property=\"og:type\" content=\"article\" \/>\n<meta property=\"og:title\" content=\"Nachr\u00fcstung und Dienstleistungen\" \/>\n<meta property=\"og:description\" content=\"Professionelle Wartung und Nachr\u00fcstung von Fassadenbefahranlagen. Zuverl\u00e4ssige Modernisierung f\u00fcr l\u00e4ngere Lebensdauer Ihrer Ger\u00e4te.\" \/>\n<meta property=\"og:url\" content=\"https:\/\/www.facadeaccesssolutions.com\/de\/services\/refurbishment-solutions\/\" \/>\n<meta property=\"og:site_name\" content=\"Facade Access Solutions Germany\" \/>\n<meta property=\"article:modified_time\" content=\"2026-01-28T23:28:17+00:00\" \/>\n<meta property=\"og:image\" content=\"https:\/\/www.facadeaccesssolutions.com\/wp-content\/uploads\/2024\/08\/new_pg_9.jpg\" \/>\n<meta name=\"twitter:card\" content=\"summary_large_image\" \/>\n<meta name=\"twitter:label1\" content=\"Gesch\u00e4tzte Lesezeit\" \/>\n\t<meta name=\"twitter:data1\" content=\"3\u00a0Minuten\" \/>\n<script type=\"application\/ld+json\" class=\"yoast-schema-graph\">{\"@context\":\"https:\\\/\\\/schema.org\",\"@graph\":[{\"@type\":\"WebPage\",\"@id\":\"https:\\\/\\\/www.facadeaccesssolutions.com\\\/de\\\/services\\\/refurbishment-solutions\\\/\",\"url\":\"https:\\\/\\\/www.facadeaccesssolutions.com\\\/de\\\/services\\\/refurbishment-solutions\\\/\",\"name\":\"Nachr\u00fcstung und Dienstleistungen | Facade Access Solutions\",\"isPartOf\":{\"@id\":\"https:\\\/\\\/www.facadeaccesssolutions.com\\\/de\\\/#website\"},\"primaryImageOfPage\":{\"@id\":\"https:\\\/\\\/www.facadeaccesssolutions.com\\\/de\\\/services\\\/refurbishment-solutions\\\/#primaryimage\"},\"image\":{\"@id\":\"https:\\\/\\\/www.facadeaccesssolutions.com\\\/de\\\/services\\\/refurbishment-solutions\\\/#primaryimage\"},\"thumbnailUrl\":\"https:\\\/\\\/www.facadeaccesssolutions.com\\\/wp-content\\\/uploads\\\/2024\\\/08\\\/new_pg_9.jpg\",\"datePublished\":\"2026-01-28T22:59:48+00:00\",\"dateModified\":\"2026-01-28T23:28:17+00:00\",\"description\":\"Professionelle Wartung und Nachr\u00fcstung von Fassadenbefahranlagen. Zuverl\u00e4ssige Modernisierung f\u00fcr l\u00e4ngere Lebensdauer Ihrer Ger\u00e4te.\",\"breadcrumb\":{\"@id\":\"https:\\\/\\\/www.facadeaccesssolutions.com\\\/de\\\/services\\\/refurbishment-solutions\\\/#breadcrumb\"},\"inLanguage\":\"de\",\"potentialAction\":[{\"@type\":\"ReadAction\",\"target\":[\"https:\\\/\\\/www.facadeaccesssolutions.com\\\/de\\\/services\\\/refurbishment-solutions\\\/\"]}]},{\"@type\":\"ImageObject\",\"inLanguage\":\"de\",\"@id\":\"https:\\\/\\\/www.facadeaccesssolutions.com\\\/de\\\/services\\\/refurbishment-solutions\\\/#primaryimage\",\"url\":\"https:\\\/\\\/www.facadeaccesssolutions.com\\\/wp-content\\\/uploads\\\/2024\\\/08\\\/new_pg_9.jpg\",\"contentUrl\":\"https:\\\/\\\/www.facadeaccesssolutions.com\\\/wp-content\\\/uploads\\\/2024\\\/08\\\/new_pg_9.jpg\"},{\"@type\":\"BreadcrumbList\",\"@id\":\"https:\\\/\\\/www.facadeaccesssolutions.com\\\/de\\\/services\\\/refurbishment-solutions\\\/#breadcrumb\",\"itemListElement\":[{\"@type\":\"ListItem\",\"position\":1,\"name\":\"Home\",\"item\":\"https:\\\/\\\/www.facadeaccesssolutions.com\\\/de\\\/\"},{\"@type\":\"ListItem\",\"position\":2,\"name\":\"Dienstleistungen\",\"item\":\"https:\\\/\\\/www.facadeaccesssolutions.com\\\/de\\\/services\\\/\"},{\"@type\":\"ListItem\",\"position\":3,\"name\":\"Nachr\u00fcstung und Dienstleistungen\"}]},{\"@type\":\"WebSite\",\"@id\":\"https:\\\/\\\/www.facadeaccesssolutions.com\\\/de\\\/#website\",\"url\":\"https:\\\/\\\/www.facadeaccesssolutions.com\\\/de\\\/\",\"name\":\"Facade Access Solutions\",\"description\":\"Part Of Alimak Group\",\"potentialAction\":[{\"@type\":\"SearchAction\",\"target\":{\"@type\":\"EntryPoint\",\"urlTemplate\":\"https:\\\/\\\/www.facadeaccesssolutions.com\\\/de\\\/?s={search_term_string}\"},\"query-input\":{\"@type\":\"PropertyValueSpecification\",\"valueRequired\":true,\"valueName\":\"search_term_string\"}}],\"inLanguage\":\"de\"}]}<\/script>\n<!-- \/ Yoast SEO Premium plugin. -->","yoast_head_json":{"title":"Nachr\u00fcstung und Dienstleistungen | Facade Access Solutions","description":"Professionelle Wartung und Nachr\u00fcstung von Fassadenbefahranlagen. Zuverl\u00e4ssige Modernisierung f\u00fcr l\u00e4ngere Lebensdauer Ihrer Ger\u00e4te.","robots":{"index":"index","follow":"follow","max-snippet":"max-snippet:-1","max-image-preview":"max-image-preview:large","max-video-preview":"max-video-preview:-1"},"canonical":"https:\/\/www.facadeaccesssolutions.com\/de\/services\/refurbishment-solutions\/","og_locale":"de_DE","og_type":"article","og_title":"Nachr\u00fcstung und Dienstleistungen","og_description":"Professionelle Wartung und Nachr\u00fcstung von Fassadenbefahranlagen. Zuverl\u00e4ssige Modernisierung f\u00fcr l\u00e4ngere Lebensdauer Ihrer Ger\u00e4te.","og_url":"https:\/\/www.facadeaccesssolutions.com\/de\/services\/refurbishment-solutions\/","og_site_name":"Facade Access Solutions Germany","article_modified_time":"2026-01-28T23:28:17+00:00","og_image":[{"url":"https:\/\/www.facadeaccesssolutions.com\/wp-content\/uploads\/2024\/08\/new_pg_9.jpg","type":"","width":"","height":""}],"twitter_card":"summary_large_image","twitter_misc":{"Gesch\u00e4tzte Lesezeit":"3\u00a0Minuten"},"schema":{"@context":"https:\/\/schema.org","@graph":[{"@type":"WebPage","@id":"https:\/\/www.facadeaccesssolutions.com\/de\/services\/refurbishment-solutions\/","url":"https:\/\/www.facadeaccesssolutions.com\/de\/services\/refurbishment-solutions\/","name":"Nachr\u00fcstung und Dienstleistungen | Facade Access Solutions","isPartOf":{"@id":"https:\/\/www.facadeaccesssolutions.com\/de\/#website"},"primaryImageOfPage":{"@id":"https:\/\/www.facadeaccesssolutions.com\/de\/services\/refurbishment-solutions\/#primaryimage"},"image":{"@id":"https:\/\/www.facadeaccesssolutions.com\/de\/services\/refurbishment-solutions\/#primaryimage"},"thumbnailUrl":"https:\/\/www.facadeaccesssolutions.com\/wp-content\/uploads\/2024\/08\/new_pg_9.jpg","datePublished":"2026-01-28T22:59:48+00:00","dateModified":"2026-01-28T23:28:17+00:00","description":"Professionelle Wartung und Nachr\u00fcstung von Fassadenbefahranlagen. Zuverl\u00e4ssige Modernisierung f\u00fcr l\u00e4ngere Lebensdauer Ihrer Ger\u00e4te.","breadcrumb":{"@id":"https:\/\/www.facadeaccesssolutions.com\/de\/services\/refurbishment-solutions\/#breadcrumb"},"inLanguage":"de","potentialAction":[{"@type":"ReadAction","target":["https:\/\/www.facadeaccesssolutions.com\/de\/services\/refurbishment-solutions\/"]}]},{"@type":"ImageObject","inLanguage":"de","@id":"https:\/\/www.facadeaccesssolutions.com\/de\/services\/refurbishment-solutions\/#primaryimage","url":"https:\/\/www.facadeaccesssolutions.com\/wp-content\/uploads\/2024\/08\/new_pg_9.jpg","contentUrl":"https:\/\/www.facadeaccesssolutions.com\/wp-content\/uploads\/2024\/08\/new_pg_9.jpg"},{"@type":"BreadcrumbList","@id":"https:\/\/www.facadeaccesssolutions.com\/de\/services\/refurbishment-solutions\/#breadcrumb","itemListElement":[{"@type":"ListItem","position":1,"name":"Home","item":"https:\/\/www.facadeaccesssolutions.com\/de\/"},{"@type":"ListItem","position":2,"name":"Dienstleistungen","item":"https:\/\/www.facadeaccesssolutions.com\/de\/services\/"},{"@type":"ListItem","position":3,"name":"Nachr\u00fcstung und Dienstleistungen"}]},{"@type":"WebSite","@id":"https:\/\/www.facadeaccesssolutions.com\/de\/#website","url":"https:\/\/www.facadeaccesssolutions.com\/de\/","name":"Facade Access Solutions","description":"Part Of Alimak Group","potentialAction":[{"@type":"SearchAction","target":{"@type":"EntryPoint","urlTemplate":"https:\/\/www.facadeaccesssolutions.com\/de\/?s={search_term_string}"},"query-input":{"@type":"PropertyValueSpecification","valueRequired":true,"valueName":"search_term_string"}}],"inLanguage":"de"}]}},"_links":{"self":[{"href":"https:\/\/www.facadeaccesssolutions.com\/de\/wp-json\/wp\/v2\/pages\/1185","targetHints":{"allow":["GET"]}}],"collection":[{"href":"https:\/\/www.facadeaccesssolutions.com\/de\/wp-json\/wp\/v2\/pages"}],"about":[{"href":"https:\/\/www.facadeaccesssolutions.com\/de\/wp-json\/wp\/v2\/types\/page"}],"author":[{"embeddable":true,"href":"https:\/\/www.facadeaccesssolutions.com\/de\/wp-json\/wp\/v2\/users\/1"}],"replies":[{"embeddable":true,"href":"https:\/\/www.facadeaccesssolutions.com\/de\/wp-json\/wp\/v2\/comments?post=1185"}],"version-history":[{"count":4,"href":"https:\/\/www.facadeaccesssolutions.com\/de\/wp-json\/wp\/v2\/pages\/1185\/revisions"}],"predecessor-version":[{"id":1192,"href":"https:\/\/www.facadeaccesssolutions.com\/de\/wp-json\/wp\/v2\/pages\/1185\/revisions\/1192"}],"up":[{"embeddable":true,"href":"https:\/\/www.facadeaccesssolutions.com\/de\/wp-json\/wp\/v2\/pages\/1113"}],"wp:attachment":[{"href":"https:\/\/www.facadeaccesssolutions.com\/de\/wp-json\/wp\/v2\/media?parent=1185"}],"curies":[{"name":"wp","href":"https:\/\/api.w.org\/{rel}","templated":true}]}}