{"id":1205,"date":"2026-01-29T09:32:37","date_gmt":"2026-01-29T09:32:37","guid":{"rendered":"https:\/\/www.facadeaccesssolutions.com\/de\/?page_id=1205"},"modified":"2026-01-29T16:00:06","modified_gmt":"2026-01-29T16:00:06","slug":"service-solutions","status":"publish","type":"page","link":"https:\/\/www.facadeaccesssolutions.com\/de\/services\/service-solutions\/","title":{"rendered":"Service Solutions"},"content":{"rendered":"\r\n<section class=\"breadcrumbs\" data-aos=\"fade-up\" data-aos-duration=\"600\" data-aos-easing=\"ease-out\" data-aos-delay=\"100\">\r\n    <div class=\"content_holder content_holder_1570\">\r\n    \t<ul><li class=\"main-home\"><span property=\"itemListElement\" typeof=\"ListItem\"><a property=\"item\" typeof=\"WebPage\" title=\"Gehe zu FACADE ACCESS SOLUTIONS Sites.\" href=\"https:\/\/www.facadeaccesssolutions.com\" class=\"main-home\" ><span property=\"name\">FACADE ACCESS SOLUTIONS Sites<\/span><\/a><meta property=\"position\" content=\"1\"><\/span><\/li>\n<li class=\"home\"><span property=\"itemListElement\" typeof=\"ListItem\"><a property=\"item\" typeof=\"WebPage\" title=\"Go to Facade Access Solutions Germany.\" href=\"https:\/\/www.facadeaccesssolutions.com\/de\" class=\"home\" aria-current=\"page\"><span property=\"name\">Home<\/span><\/a><meta property=\"position\" content=\"2\"><\/span><\/li>\n<\/ul>\r\n    <\/div>\r\n<\/section>\n\n<section class=\"page_title \" data-aos=\"fade-up\" data-aos-duration=\"600\" data-aos-easing=\"ease-out\" data-aos-delay=\"200\">\n    <div class=\"content_holder content_holder_1570\">\n        <h1>Umfassende Servicel\u00f6sungen f\u00fcr sicheren und zuverl\u00e4ssigen Fassadenzugang<\/h1>\n    <\/div>\n<\/section>\n\n\n\n<section class=\"solutions_intro  \">\n    <div class=\"content_holder content_holder_1570 clearfix\">\n\n\t\t                <div class=\"sol_right\" data-aos=\"fade-up\" data-aos-duration=\"600\" data-aos-easing=\"ease-out\" data-aos-delay=\"300\">\n            <img decoding=\"async\" src=\"https:\/\/www.facadeaccesssolutions.com\/de\/wp-content\/uploads\/sites\/11\/2026\/01\/building-maintenance-unit-1-881x515_c.jpeg\" alt=\"building maintenance unit\">\n        <\/div>\n            \n        <div class=\"sol_left site_contents\" data-aos=\"fade-up\" data-aos-duration=\"600\" data-aos-easing=\"ease-out\" data-aos-delay=\"400\">\n        \t<h4 class=\"title_line title_line_mob\">Facade Access Solutions bietet Serviceprogramme, die Fassadenzugangssysteme sicher, effizient und in vollst\u00e4ndiger \u00dcbereinstimmung mit internationalen Standards halten.<\/h4>            <p>Die Wartung moderner Fassaden erfordert mehr als Standardausr\u00fcstung. Sie verlangt technisch entwickelte Zugangssysteme, die Sicherheit, Compliance und Leistung \u00fcber den gesamten Lebenszyklus eines Geb\u00e4udes integrieren.<\/p>\n<p>Als Teil der Alimak Group bietet Facade Access Solutions global entwickelte Fassadenzugangsl\u00f6sungen, die durch jahrzehntelange Expertise vertrauensw\u00fcrdiger Marken wie Tractel, Manntech und CoxGomyl unterst\u00fctzt werden. Jedes System ist darauf ausgelegt, Wartungszyklen zu optimieren, langfristige Kosten zu reduzieren und die Gesamtleistung des Geb\u00e4udes zu verbessern.<\/p>\n<p>Mit mehr als 16.000 Installationen weltweit verf\u00fcgt Facade Access Solutions \u00fcber eine nachgewiesene Erfolgsbilanz bei Hochhaus- und architektonisch komplexen Projekten. Jede L\u00f6sung wird durch einen detaillierten Entwicklungsprozess erarbeitet, der Sicherheit, strukturelle Integrit\u00e4t und langfristige Wartbarkeit priorisiert.<\/p>\n            <div class=\"mhide_1\">\n            \t            <\/div>\n            \t            <a href=\"https:\/\/www.facadeaccesssolutions.com\/de\/contact\/?enquiry=service\" class=\"site_btn site_btn_sm\" target=\"_blank\">\n\t\t\t\t\tKontaktieren Sie unsere Fassadenzugangs-Spezialisten                <\/a>\n                                <\/div>\n    <\/div>\n<\/section>\n\n\n\n\n\n<div class=\"wp-block-columns is-layout-flex wp-container-core-columns-is-layout-9d6595d7 wp-block-columns-is-layout-flex\">\n<div class=\"wp-block-column is-layout-flow wp-block-column-is-layout-flow\">\n<figure class=\"wp-block-image size-large\"><img decoding=\"async\" src=\"https:\/\/www.facadeaccesssolutions.com\/wp-content\/uploads\/2025\/10\/IMG_7544-768x1024.jpeg\" alt=\"\" class=\"wp-image-1899\" style=\"aspect-ratio:16\/9;object-fit:cover\"\/><\/figure>\n<\/div>\n\n\n\n<div class=\"wp-block-column is-layout-flow wp-block-column-is-layout-flow\">\n<h2 class=\"wp-block-heading\" id=\"h-servicevertrage-fur-jedes-gebaude\">Servicevertr\u00e4ge f\u00fcr jedes Geb\u00e4ude<\/h2>\n\n\n\n<p>Zuverl\u00e4ssiger Fassadenzugang beginnt mit konsistentem Service. Facade Access Solutions bietet Wartungsvertr\u00e4ge, die auf die spezifischen Anforderungen jedes Geb\u00e4udes und Fassadentyps zugeschnitten sind. Jeder Plan umfasst Bedienerschulungen, Routineinspektionen, Sicherheitspr\u00fcfungen und geplante Reparaturen, um vollst\u00e4ndige Compliance und betriebliche Effizienz zu gew\u00e4hrleisten.<\/p>\n\n\n\n<p>Unsere Serviceprogramme decken das gesamte Spektrum an Fassadenzugangsausr\u00fcstung ab. Dazu geh\u00f6ren Fassadenbefahranlagen, H\u00e4ngeplattformen und Absturzsicherungssysteme. Dieser Ansatz gew\u00e4hrleistet sicheren Zugang, reduzierte Ausfallzeiten und konstante Leistung.<\/p>\n\n\n\n<p>Als globaler Marktf\u00fchrer f\u00fcr Fassadenzugangsl\u00f6sungen kombinieren wir integriertes Design-Know-how mit laufenden Wartungs- und Inspektionsprogrammen, die die Lebensdauer jedes Systems verl\u00e4ngern. Ob bei neuen Entwicklungen oder Nachr\u00fcstprojekten, Facade Access Solutions sch\u00fctzt Menschen und Verm\u00f6genswerte und erh\u00e4lt gleichzeitig das Erscheinungsbild und die Leistung jeder Fassade.<\/p>\n<\/div>\n<\/div>\n\n\n\n<div style=\"height:50px\" aria-hidden=\"true\" class=\"wp-block-spacer\"><\/div>\n\n\n\n<div class=\"wp-block-columns is-layout-flex wp-container-core-columns-is-layout-9d6595d7 wp-block-columns-is-layout-flex\">\n<div class=\"wp-block-column is-layout-flow wp-block-column-is-layout-flow\">\n<h2 class=\"wp-block-heading\" id=\"h-vorbeugende-wartung-die-die-systemlebensdauer-maximiert\">Vorbeugende Wartung, die die Systemlebensdauer maximiert<\/h2>\n\n\n\n<p>Geplante Wartung ist unerl\u00e4sslich, um Fassadenzugangssysteme in optimalem Betriebszustand zu halten. Facade Access Solutions bietet vorbeugende Services f\u00fcr Fassadenbefahranlagen, B\u00fchnensysteme, Laufkatzen, Davits, H\u00e4ngeplattformen und Hubtische und Fassadenleitern. Jedes Programm ist darauf ausgelegt, Verschleisserscheinungen fr\u00fchzeitig zu erkennen, Ausfallzeiten zu reduzieren und die Lebensdauer der Ausr\u00fcstung zu verl\u00e4ngern. Wir k\u00fcmmern uns auch um die Wartung von Anlagen anderer Hersteller.<\/p>\n\n\n\n<p>Durch die Behebung potenzieller Probleme, bevor sie sich entwickeln, f\u00f6rdert die vorbeugende Wartung sicherere Abl\u00e4ufe, minimiert Unterbrechungen und bewahrt die Zuverl\u00e4ssigkeit und Effizienz jedes Zugangssystems bei Projekten jeder Gr\u00f6sse.<\/p>\n<\/div>\n\n\n\n<div class=\"wp-block-column is-layout-flow wp-block-column-is-layout-flow\">\n<figure class=\"wp-block-image size-large\"><img decoding=\"async\" src=\"https:\/\/www.facadeaccesssolutions.com\/wp-content\/uploads\/2025\/10\/81-Newgate-BMU-service-work-1024x768.jpg\" alt=\"\" class=\"wp-image-1894\" style=\"aspect-ratio:16\/9;object-fit:cover\"\/><\/figure>\n<\/div>\n<\/div>\n\n\n\n<div style=\"height:50px\" aria-hidden=\"true\" class=\"wp-block-spacer\"><\/div>\n\n\n\n<div class=\"wp-block-columns is-layout-flex wp-container-core-columns-is-layout-9d6595d7 wp-block-columns-is-layout-flex\">\n<div class=\"wp-block-column is-layout-flow wp-block-column-is-layout-flow\">\n<figure class=\"wp-block-image size-large\"><img decoding=\"async\" src=\"https:\/\/www.facadeaccesssolutions.com\/wp-content\/uploads\/2025\/09\/torque-testing-1024x768.jpg\" alt=\"\" class=\"wp-image-1828\" style=\"aspect-ratio:16\/9;object-fit:cover\"\/><\/figure>\n\n\n\n<div style=\"height:50px\" aria-hidden=\"true\" class=\"wp-block-spacer\"><\/div>\n<\/div>\n\n\n\n<div class=\"wp-block-column is-layout-flow wp-block-column-is-layout-flow\">\n<h2 class=\"wp-block-heading\" id=\"h-zuverlassige-reparaturen-fur-fassadenzugangsausrustung\">Zuverl\u00e4ssige Reparaturen f\u00fcr Fassadenzugangsausr\u00fcstung<\/h2>\n\n\n\n<p>Wenn Ger\u00e4teprobleme auftreten, liefert Facade Access Solutions schnelle und professionelle Reparaturservices, um Sicherheit und Funktionalit\u00e4t wiederherzustellen. Unsere Teams bieten rasche Unterst\u00fctzung f\u00fcr Fassadenbefahranlagen, selbstangetriebene Plattformen und Davit-Systeme. Wir verwenden Originalersatzteile und technisches Fachwissen, um Compliance und Leistung sicherzustellen.<\/p>\n\n\n\n<p>Wir begleiten professionell und routiniert gesetzlich vorgeschriebene Sicherheitspr\u00fcfungen und gesetzlich beauftragte Sachverst\u00e4ndige in Pr\u00fcfungen und Abnahmen.<\/p>\n\n\n\n<p>Reparaturen werden mit dem Fokus durchgef\u00fchrt, Ausfallzeiten zu minimieren und Zugangsausr\u00fcstung schnell wieder in Betriebszustand zu versetzen. Unterst\u00fctzt durch globale Fertigungs- und Installationsressourcen liefern wir L\u00f6sungen, die den technischen Anforderungen komplexer Fassaden entsprechen und unterbrechungsfreie Wartungszyklen unterst\u00fctzen.<\/p>\n<\/div>\n<\/div>\n\n\n\n<div class=\"wp-block-columns is-layout-flex wp-container-core-columns-is-layout-9d6595d7 wp-block-columns-is-layout-flex\">\n<div class=\"wp-block-column is-layout-flow wp-block-column-is-layout-flow\">\n<h2 class=\"wp-block-heading\" id=\"h-ein-globaler-partner-fur-technisch-entwickelte-fassadenzugangssysteme\">Ein globaler Partner f\u00fcr technisch entwickelte Fassadenzugangssysteme<\/h2>\n\n\n\n<p>Facade Access Solutions ist Teil der Alimak Group und weltweit anerkannt f\u00fcr seine F\u00fchrungsposition bei technisch entwickelten Fassadenzugangssystemen. Mit jahrzehntelanger angewandter Engineering-Erfahrung, fortschrittlichen Fertigungsressourcen und mehr als 16.000 Installationen weltweit liefern wir sichere, effiziente und konforme L\u00f6sungen f\u00fcr selbst die anspruchsvollsten Geb\u00e4udedesigns.<\/p>\n\n\n\n<p>Unsere Teams sind in mehreren Regionen t\u00e4tig und unterst\u00fctzen Neubauprojekte sowie Nachr\u00fcstprojekte. Durch die Kombination lokaler Expertise mit globalen F\u00e4higkeiten bieten wir Kunden Zugang zu fortschrittlichen Designmethoden, zertifizierten Komponenten und bew\u00e4hrten Installationstechniken.<\/p>\n<\/div>\n\n\n\n<div class=\"wp-block-column is-layout-flow wp-block-column-is-layout-flow\">\n<figure class=\"wp-block-image size-large\"><img decoding=\"async\" src=\"https:\/\/www.facadeaccesssolutions.com\/wp-content\/uploads\/2025\/10\/IMG_7550-1024x768.jpeg\" alt=\"\" class=\"wp-image-1898\"\/><\/figure>\n<\/div>\n<\/div>\n\n\n\n<div style=\"height:100px\" aria-hidden=\"true\" class=\"wp-block-spacer\"><\/div>\n\n\n\n<div class=\"wp-block-group alignfull narrow_width has-luminous-vivid-orange-background-color has-text-color has-background\" style=\"color:#000000\"><div class=\"wp-block-group__inner-container is-layout-flow wp-block-group-is-layout-flow\">\n<div style=\"height:40px\" aria-hidden=\"true\" class=\"wp-block-spacer\"><\/div>\n\n\n\n<h2 class=\"wp-block-heading has-text-align-center has-white-color has-text-color has-link-color has-large-font-size wp-elements-670c95589136d510389b0669d9b7ccb2\" id=\"schedule-a-visit\" style=\"line-height:1.15\">Ihr vertrauensw\u00fcrdiger Partner f\u00fcr sicheren und zuverl\u00e4ssigen Fassadenzugang<\/h2>\n\n\n\n<p class=\"has-text-align-center has-white-color has-text-color has-link-color wp-elements-58a10b6ee172963aefd3ccc8a4e19c70\" style=\"font-size:17px;line-height:.9\">Wir stellen sicher, dass Ihre Fassadensysteme sicher, effizient und konform bleiben.<br><\/p>\n\n\n\n<div class=\"wp-block-buttons is-horizontal is-content-justification-center is-layout-flex wp-container-core-buttons-is-layout-499968f5 wp-block-buttons-is-layout-flex\">\n<div class=\"wp-block-button has-custom-width wp-block-button__width-50\"><a class=\"wp-block-button__link has-background has-medium-font-size has-custom-font-size wp-element-button\" href=\"https:\/\/www.facadeaccesssolutions.com\/de\/contact\/?enquiry=service\" style=\"border-radius:50px;background-color:#004973\" target=\"_blank\" rel=\"noreferrer noopener\">Fordern Sie noch heute ein Angebot an<\/a><\/div>\n<\/div>\n\n\n\n<div style=\"height:40px\" aria-hidden=\"true\" class=\"wp-block-spacer\"><\/div>\n<\/div><\/div>\n\n\n\n<div style=\"height:50px\" aria-hidden=\"true\" class=\"wp-block-spacer\"><\/div>\n\n\n\r\n<section class=\"accordion_list\" style=\"padding-top:px; padding-bottom:px;\">\r\n    <div class=\"content_holder content_holder_1570 clearfix\">\r\n\t\t<div class=\"acc_wrap\" data-aos=\"fade-up\" data-aos-duration=\"600\" data-aos-easing=\"ease-out\" data-aos-delay=\"100\">\r\n        \t<h2><h3 align=\"center\">H\u00e4ufig gestellte Fragen<\/h3><\/h2>                                    \t                    <div class=\"acc_item\">\r\n                        <div class=\"acc_title\">Was beinhalten die Servicevertr\u00e4ge von Facade Access Solutions? <span><\/span><\/div>\r\n                        <div class=\"acc_txt\">\r\n                            <div class=\"site_contents\">\r\n                            \t<p>Unsere Servicevertr\u00e4ge umfassen Wartungsprogramme, regelm\u00e4ssige Inspektionen und Sicherheitspr\u00fcfungen. Jede Vereinbarung wird individuell angepasst, um die spezifischen Anforderungen Ihres Geb\u00e4udes und Fassadensystems zu erf\u00fcllen.<\/p>\n                            <\/div>\r\n                        <\/div>\r\n                    <\/div>\r\n                                        \t                    <div class=\"acc_item\">\r\n                        <div class=\"acc_title\">Wie oft sollten Fassadenbefahranlagen gewartet werden? <span><\/span><\/div>\r\n                        <div class=\"acc_txt\">\r\n                            <div class=\"site_contents\">\r\n                            \t<p>Die regelm\u00e4ssige Wartung von Fassadenbefahranlagen ist sowohl f\u00fcr neue als auch f\u00fcr bestehende Geb\u00e4ude von entscheidender Bedeutung. Die ideale H\u00e4ufigkeit h\u00e4ngt davon ab, wie oft das System genutzt wird und welche Umgebungsbedingungen herrschen. Die vorbeugende Wartung Fassadenbefahranlage verbessert die Sicherheit, gew\u00e4hrleistet Compliance und verl\u00e4ngert die Lebensdauer Ihrer Ausr\u00fcstung. Kontaktieren Sie unsere Experten f\u00fcr Empfehlungen, die auf den spezifischen Bedingungen Ihres Geb\u00e4udes basieren.<\/p>\n                            <\/div>\r\n                        <\/div>\r\n                    <\/div>\r\n                                        \t                    <div class=\"acc_item\">\r\n                        <div class=\"acc_title\">Welche Arten von Systemen k\u00f6nnen gewartet werden? <span><\/span><\/div>\r\n                        <div class=\"acc_txt\">\r\n                            <div class=\"site_contents\">\r\n                            \t<p>Wir bieten Wartungsservices f\u00fcr Fassadenbefahranlagen, Wartungsb\u00fchnen, Davits, angetriebene Plattformen, Leitern und Absturzsicherungssysteme. Unsere Expertise erstreckt sich auf eine breite Palette von Projekten mit unterschiedlicher Komplexit\u00e4t und Gr\u00f6sse.<\/p>\n                            <\/div>\r\n                        <\/div>\r\n                    <\/div>\r\n                                        \t                    <div class=\"acc_item\">\r\n                        <div class=\"acc_title\">Warum in vorbeugende Wartung investieren? <span><\/span><\/div>\r\n                        <div class=\"acc_txt\">\r\n                            <div class=\"site_contents\">\r\n                            \t<p>Vorbeugende Wartung st\u00e4rkt die Sicherheit, verhindert Ger\u00e4teausf\u00e4lle, senkt Reparaturkosten und maximiert die Betriebszeit f\u00fcr wesentliche Fassadenzugangssysteme. Sie tr\u00e4gt dazu bei, kontinuierliche Leistung und langfristige Zuverl\u00e4ssigkeit zu gew\u00e4hrleisten.<\/p>\n                            <\/div>\r\n                        <\/div>\r\n                    <\/div>\r\n                                    <\/div>\r\n    <\/div>\r\n<\/section>\r\n\r\n\n\n\n<div style=\"height:100px\" aria-hidden=\"true\" class=\"wp-block-spacer\"><\/div>\n","protected":false},"excerpt":{"rendered":"<p>Servicevertr\u00e4ge f\u00fcr jedes Geb\u00e4ude Zuverl\u00e4ssiger Fassadenzugang beginnt mit konsistentem Service. Facade Access Solutions bietet Wartungsvertr\u00e4ge, &#8230;<\/p>\n","protected":false},"author":1,"featured_media":0,"parent":1113,"menu_order":0,"comment_status":"closed","ping_status":"closed","template":"","meta":{"_acf_changed":false,"_trash_the_other_posts":false,"editor_notices":[],"footnotes":""},"class_list":["post-1205","page","type-page","status-publish","hentry"],"acf":[],"yoast_head":"<!-- This site is optimized with the Yoast SEO Premium plugin v27.1 (Yoast SEO v27.3) - https:\/\/yoast.com\/product\/yoast-seo-premium-wordpress\/ -->\n<title>BMU-Servicel\u00f6sungen | Fassadenzugangsl\u00f6sungen<\/title>\n<meta name=\"description\" content=\"Professionelle Wartung f\u00fcr Fassadenbefahranlagen. Umfassende Servicel\u00f6sungen f\u00fcr sichere und zuverl\u00e4ssige Fassadenzugangsl\u00f6sungen weltweit.\" \/>\n<meta name=\"robots\" content=\"index, follow, max-snippet:-1, max-image-preview:large, max-video-preview:-1\" \/>\n<link rel=\"canonical\" href=\"https:\/\/www.facadeaccesssolutions.com\/de\/services\/service-solutions\/\" \/>\n<meta property=\"og:locale\" content=\"de_DE\" \/>\n<meta property=\"og:type\" content=\"article\" \/>\n<meta property=\"og:title\" content=\"Service Solutions\" \/>\n<meta property=\"og:description\" content=\"Professionelle Wartung f\u00fcr Fassadenbefahranlagen. Umfassende Servicel\u00f6sungen f\u00fcr sichere und zuverl\u00e4ssige Fassadenzugangsl\u00f6sungen weltweit.\" \/>\n<meta property=\"og:url\" content=\"https:\/\/www.facadeaccesssolutions.com\/de\/services\/service-solutions\/\" \/>\n<meta property=\"og:site_name\" content=\"Facade Access Solutions Germany\" \/>\n<meta property=\"article:modified_time\" content=\"2026-01-29T16:00:06+00:00\" \/>\n<meta property=\"og:image\" content=\"https:\/\/www.facadeaccesssolutions.com\/wp-content\/uploads\/2025\/10\/IMG_7544-768x1024.jpeg\" \/>\n<meta name=\"twitter:card\" content=\"summary_large_image\" \/>\n<meta name=\"twitter:label1\" content=\"Gesch\u00e4tzte Lesezeit\" \/>\n\t<meta name=\"twitter:data1\" content=\"4\u00a0Minuten\" \/>\n<script type=\"application\/ld+json\" class=\"yoast-schema-graph\">{\"@context\":\"https:\\\/\\\/schema.org\",\"@graph\":[{\"@type\":\"WebPage\",\"@id\":\"https:\\\/\\\/www.facadeaccesssolutions.com\\\/de\\\/services\\\/service-solutions\\\/\",\"url\":\"https:\\\/\\\/www.facadeaccesssolutions.com\\\/de\\\/services\\\/service-solutions\\\/\",\"name\":\"BMU-Servicel\u00f6sungen | Fassadenzugangsl\u00f6sungen\",\"isPartOf\":{\"@id\":\"https:\\\/\\\/www.facadeaccesssolutions.com\\\/de\\\/#website\"},\"primaryImageOfPage\":{\"@id\":\"https:\\\/\\\/www.facadeaccesssolutions.com\\\/de\\\/services\\\/service-solutions\\\/#primaryimage\"},\"image\":{\"@id\":\"https:\\\/\\\/www.facadeaccesssolutions.com\\\/de\\\/services\\\/service-solutions\\\/#primaryimage\"},\"thumbnailUrl\":\"https:\\\/\\\/www.facadeaccesssolutions.com\\\/wp-content\\\/uploads\\\/2025\\\/10\\\/IMG_7544-768x1024.jpeg\",\"datePublished\":\"2026-01-29T09:32:37+00:00\",\"dateModified\":\"2026-01-29T16:00:06+00:00\",\"description\":\"Professionelle Wartung f\u00fcr Fassadenbefahranlagen. Umfassende Servicel\u00f6sungen f\u00fcr sichere und zuverl\u00e4ssige Fassadenzugangsl\u00f6sungen weltweit.\",\"breadcrumb\":{\"@id\":\"https:\\\/\\\/www.facadeaccesssolutions.com\\\/de\\\/services\\\/service-solutions\\\/#breadcrumb\"},\"inLanguage\":\"de\",\"potentialAction\":[{\"@type\":\"ReadAction\",\"target\":[\"https:\\\/\\\/www.facadeaccesssolutions.com\\\/de\\\/services\\\/service-solutions\\\/\"]}]},{\"@type\":\"ImageObject\",\"inLanguage\":\"de\",\"@id\":\"https:\\\/\\\/www.facadeaccesssolutions.com\\\/de\\\/services\\\/service-solutions\\\/#primaryimage\",\"url\":\"https:\\\/\\\/www.facadeaccesssolutions.com\\\/wp-content\\\/uploads\\\/2025\\\/10\\\/IMG_7544-768x1024.jpeg\",\"contentUrl\":\"https:\\\/\\\/www.facadeaccesssolutions.com\\\/wp-content\\\/uploads\\\/2025\\\/10\\\/IMG_7544-768x1024.jpeg\"},{\"@type\":\"BreadcrumbList\",\"@id\":\"https:\\\/\\\/www.facadeaccesssolutions.com\\\/de\\\/services\\\/service-solutions\\\/#breadcrumb\",\"itemListElement\":[{\"@type\":\"ListItem\",\"position\":1,\"name\":\"Home\",\"item\":\"https:\\\/\\\/www.facadeaccesssolutions.com\\\/de\\\/\"},{\"@type\":\"ListItem\",\"position\":2,\"name\":\"Dienstleistungen\",\"item\":\"https:\\\/\\\/www.facadeaccesssolutions.com\\\/de\\\/services\\\/\"},{\"@type\":\"ListItem\",\"position\":3,\"name\":\"Service Solutions\"}]},{\"@type\":\"WebSite\",\"@id\":\"https:\\\/\\\/www.facadeaccesssolutions.com\\\/de\\\/#website\",\"url\":\"https:\\\/\\\/www.facadeaccesssolutions.com\\\/de\\\/\",\"name\":\"Facade Access Solutions\",\"description\":\"Part Of Alimak Group\",\"potentialAction\":[{\"@type\":\"SearchAction\",\"target\":{\"@type\":\"EntryPoint\",\"urlTemplate\":\"https:\\\/\\\/www.facadeaccesssolutions.com\\\/de\\\/?s={search_term_string}\"},\"query-input\":{\"@type\":\"PropertyValueSpecification\",\"valueRequired\":true,\"valueName\":\"search_term_string\"}}],\"inLanguage\":\"de\"}]}<\/script>\n<!-- \/ Yoast SEO Premium plugin. -->","yoast_head_json":{"title":"BMU-Servicel\u00f6sungen | Fassadenzugangsl\u00f6sungen","description":"Professionelle Wartung f\u00fcr Fassadenbefahranlagen. Umfassende Servicel\u00f6sungen f\u00fcr sichere und zuverl\u00e4ssige Fassadenzugangsl\u00f6sungen weltweit.","robots":{"index":"index","follow":"follow","max-snippet":"max-snippet:-1","max-image-preview":"max-image-preview:large","max-video-preview":"max-video-preview:-1"},"canonical":"https:\/\/www.facadeaccesssolutions.com\/de\/services\/service-solutions\/","og_locale":"de_DE","og_type":"article","og_title":"Service Solutions","og_description":"Professionelle Wartung f\u00fcr Fassadenbefahranlagen. Umfassende Servicel\u00f6sungen f\u00fcr sichere und zuverl\u00e4ssige Fassadenzugangsl\u00f6sungen weltweit.","og_url":"https:\/\/www.facadeaccesssolutions.com\/de\/services\/service-solutions\/","og_site_name":"Facade Access Solutions Germany","article_modified_time":"2026-01-29T16:00:06+00:00","og_image":[{"url":"https:\/\/www.facadeaccesssolutions.com\/wp-content\/uploads\/2025\/10\/IMG_7544-768x1024.jpeg","type":"","width":"","height":""}],"twitter_card":"summary_large_image","twitter_misc":{"Gesch\u00e4tzte Lesezeit":"4\u00a0Minuten"},"schema":{"@context":"https:\/\/schema.org","@graph":[{"@type":"WebPage","@id":"https:\/\/www.facadeaccesssolutions.com\/de\/services\/service-solutions\/","url":"https:\/\/www.facadeaccesssolutions.com\/de\/services\/service-solutions\/","name":"BMU-Servicel\u00f6sungen | Fassadenzugangsl\u00f6sungen","isPartOf":{"@id":"https:\/\/www.facadeaccesssolutions.com\/de\/#website"},"primaryImageOfPage":{"@id":"https:\/\/www.facadeaccesssolutions.com\/de\/services\/service-solutions\/#primaryimage"},"image":{"@id":"https:\/\/www.facadeaccesssolutions.com\/de\/services\/service-solutions\/#primaryimage"},"thumbnailUrl":"https:\/\/www.facadeaccesssolutions.com\/wp-content\/uploads\/2025\/10\/IMG_7544-768x1024.jpeg","datePublished":"2026-01-29T09:32:37+00:00","dateModified":"2026-01-29T16:00:06+00:00","description":"Professionelle Wartung f\u00fcr Fassadenbefahranlagen. Umfassende Servicel\u00f6sungen f\u00fcr sichere und zuverl\u00e4ssige Fassadenzugangsl\u00f6sungen weltweit.","breadcrumb":{"@id":"https:\/\/www.facadeaccesssolutions.com\/de\/services\/service-solutions\/#breadcrumb"},"inLanguage":"de","potentialAction":[{"@type":"ReadAction","target":["https:\/\/www.facadeaccesssolutions.com\/de\/services\/service-solutions\/"]}]},{"@type":"ImageObject","inLanguage":"de","@id":"https:\/\/www.facadeaccesssolutions.com\/de\/services\/service-solutions\/#primaryimage","url":"https:\/\/www.facadeaccesssolutions.com\/wp-content\/uploads\/2025\/10\/IMG_7544-768x1024.jpeg","contentUrl":"https:\/\/www.facadeaccesssolutions.com\/wp-content\/uploads\/2025\/10\/IMG_7544-768x1024.jpeg"},{"@type":"BreadcrumbList","@id":"https:\/\/www.facadeaccesssolutions.com\/de\/services\/service-solutions\/#breadcrumb","itemListElement":[{"@type":"ListItem","position":1,"name":"Home","item":"https:\/\/www.facadeaccesssolutions.com\/de\/"},{"@type":"ListItem","position":2,"name":"Dienstleistungen","item":"https:\/\/www.facadeaccesssolutions.com\/de\/services\/"},{"@type":"ListItem","position":3,"name":"Service Solutions"}]},{"@type":"WebSite","@id":"https:\/\/www.facadeaccesssolutions.com\/de\/#website","url":"https:\/\/www.facadeaccesssolutions.com\/de\/","name":"Facade Access Solutions","description":"Part Of Alimak Group","potentialAction":[{"@type":"SearchAction","target":{"@type":"EntryPoint","urlTemplate":"https:\/\/www.facadeaccesssolutions.com\/de\/?s={search_term_string}"},"query-input":{"@type":"PropertyValueSpecification","valueRequired":true,"valueName":"search_term_string"}}],"inLanguage":"de"}]}},"_links":{"self":[{"href":"https:\/\/www.facadeaccesssolutions.com\/de\/wp-json\/wp\/v2\/pages\/1205","targetHints":{"allow":["GET"]}}],"collection":[{"href":"https:\/\/www.facadeaccesssolutions.com\/de\/wp-json\/wp\/v2\/pages"}],"about":[{"href":"https:\/\/www.facadeaccesssolutions.com\/de\/wp-json\/wp\/v2\/types\/page"}],"author":[{"embeddable":true,"href":"https:\/\/www.facadeaccesssolutions.com\/de\/wp-json\/wp\/v2\/users\/1"}],"replies":[{"embeddable":true,"href":"https:\/\/www.facadeaccesssolutions.com\/de\/wp-json\/wp\/v2\/comments?post=1205"}],"version-history":[{"count":2,"href":"https:\/\/www.facadeaccesssolutions.com\/de\/wp-json\/wp\/v2\/pages\/1205\/revisions"}],"predecessor-version":[{"id":1211,"href":"https:\/\/www.facadeaccesssolutions.com\/de\/wp-json\/wp\/v2\/pages\/1205\/revisions\/1211"}],"up":[{"embeddable":true,"href":"https:\/\/www.facadeaccesssolutions.com\/de\/wp-json\/wp\/v2\/pages\/1113"}],"wp:attachment":[{"href":"https:\/\/www.facadeaccesssolutions.com\/de\/wp-json\/wp\/v2\/media?parent=1205"}],"curies":[{"name":"wp","href":"https:\/\/api.w.org\/{rel}","templated":true}]}}