{"id":1217,"date":"2026-01-29T17:36:22","date_gmt":"2026-01-29T17:36:22","guid":{"rendered":"https:\/\/www.facadeaccesssolutions.com\/de\/?page_id=1217"},"modified":"2026-01-29T19:09:59","modified_gmt":"2026-01-29T19:09:59","slug":"training","status":"publish","type":"page","link":"https:\/\/www.facadeaccesssolutions.com\/de\/services\/training\/","title":{"rendered":"Schulungen"},"content":{"rendered":"\r\n<section class=\"breadcrumbs\" data-aos=\"fade-up\" data-aos-duration=\"600\" data-aos-easing=\"ease-out\" data-aos-delay=\"100\">\r\n    <div class=\"content_holder content_holder_1570\">\r\n    \t<ul><li class=\"main-home\"><span property=\"itemListElement\" typeof=\"ListItem\"><a property=\"item\" typeof=\"WebPage\" title=\"Gehe zu FACADE ACCESS SOLUTIONS Sites.\" href=\"https:\/\/www.facadeaccesssolutions.com\" class=\"main-home\" ><span property=\"name\">FACADE ACCESS SOLUTIONS Sites<\/span><\/a><meta property=\"position\" content=\"1\"><\/span><\/li>\n<li class=\"home\"><span property=\"itemListElement\" typeof=\"ListItem\"><a property=\"item\" typeof=\"WebPage\" title=\"Go to Facade Access Solutions Germany.\" href=\"https:\/\/www.facadeaccesssolutions.com\/de\" class=\"home\" aria-current=\"page\"><span property=\"name\">Home<\/span><\/a><meta property=\"position\" content=\"2\"><\/span><\/li>\n<\/ul>\r\n    <\/div>\r\n<\/section>\n\n<section class=\"page_title \" data-aos=\"fade-up\" data-aos-duration=\"600\" data-aos-easing=\"ease-out\" data-aos-delay=\"200\">\n    <div class=\"content_holder content_holder_1570\">\n        <h1>Umfassende Schulungen f\u00fcr den sicheren Betrieb von Fassadenzugangsl\u00f6sungen<\/h1>\n    <\/div>\n<\/section>\n\n\n\n<section class=\"solutions_intro  \">\n    <div class=\"content_holder content_holder_1570 clearfix\">\n\n\t\t                <div class=\"sol_right\" data-aos=\"fade-up\" data-aos-duration=\"600\" data-aos-easing=\"ease-out\" data-aos-delay=\"300\">\n            <img decoding=\"async\" src=\"https:\/\/www.facadeaccesssolutions.com\/de\/wp-content\/uploads\/sites\/11\/2026\/01\/81-Newgate-general-Service-work-881x515_c.jpg\" alt=\"81-Newgate-general-Service-work\">\n        <\/div>\n            \n        <div class=\"sol_left site_contents\" data-aos=\"fade-up\" data-aos-duration=\"600\" data-aos-easing=\"ease-out\" data-aos-delay=\"400\">\n        \t<h4 class=\"title_line title_line_mob\">Facade Access Solutions bietet professionelle Schulungsprogramme, die Betreibern, Verantwortlichen und Facility Managern die F\u00e4higkeiten und das Vertrauen vermitteln, Fassadenbefahranlagen sicher und effektiv zu verwalten.<\/h4>            <p>Wir bieten spezialisierte Schulungen f\u00fcr Fassadenreinigungsanlagen, die Facility Manager, Betreiber und Auftragnehmer bei der sicheren Nutzung von Geb\u00e4udewartungseinheiten (BMUs) und verwandten Systemen unterst\u00fctzen. Jeder Kurs kombiniert praktische Anleitung mit klaren Benutzerhinweisen. Der Fokus liegt auf Fassadenzugangsl\u00f6sungen, R\u00fcckhaltesystemen und bew\u00e4hrten Methoden f\u00fcr den sicheren Betrieb.<\/p>\n<p>Die Schulungen werden von qualifizierten Fachleuten durchgef\u00fchrt und folgen lokalen Sicherheitsstandards. Von Wechselgondeln bis zu komplexen BMU-Systemen decken unsere Programme alle Aspekte von Sicherheit, Zertifizierung und Compliance ab.<\/p>\n            <div class=\"mhide_1\">\n            \t            <\/div>\n            \t            <a href=\"https:\/\/www.facadeaccesssolutions.com\/de\/contact\/?enquiry=service\" class=\"site_btn site_btn_sm\" target=\"_blank\">\n\t\t\t\t\tMelden Sie sich an                <\/a>\n                                <\/div>\n    <\/div>\n<\/section>\n\n\n\n\n\n<div style=\"height:50px\" aria-hidden=\"true\" class=\"wp-block-spacer\"><\/div>\n\n\n\n<div class=\"wp-block-columns is-layout-flex wp-container-core-columns-is-layout-9d6595d7 wp-block-columns-is-layout-flex\">\n<div class=\"wp-block-column is-layout-flow wp-block-column-is-layout-flow\">\n<figure class=\"wp-block-image size-large\"><img decoding=\"async\" src=\"https:\/\/www.facadeaccesssolutions.com\/wp-content\/uploads\/2025\/11\/20220222_155334-new-1024x618.jpg\" alt=\"\" class=\"wp-image-2205\"\/><\/figure>\n<\/div>\n\n\n\n<div class=\"wp-block-column is-layout-flow wp-block-column-is-layout-flow\">\n<h2 class=\"wp-block-heading\" id=\"h-praxisorientierte-schulungen-die-vertrauen-schaffen\">Praxisorientierte Schulungen, die Vertrauen schaffen<\/h2>\n\n\n\n<p>Unsere Schulungen f\u00fcr&nbsp;Fassadenbefahranlagen&nbsp;verbinden technische Unterweisung mit praktischer Anwendung. Die Teilnehmer sammeln praktische Erfahrungen mit den tats\u00e4chlichen Fassadenzugangssystemen. Sie lernen, sicher zu arbeiten, Verfahren zu befolgen und globale Best Practices anzuwenden.&nbsp;<\/p>\n\n\n\n<p><strong>Zu den vermittelten Kernkompetenzen geh\u00f6ren:<\/strong><br>\u2022 Verst\u00e4ndnis der Ger\u00e4teeigenschaften und sicheren Funktionen&nbsp;<br>\u2022 Sicherer Betrieb von Gondeln&nbsp;<br>\u2022 Sichere Nutzung von R\u00fcckhaltesystemen f\u00fcr Fassadenzugang<br>\u2022 Durchf\u00fchrung von Sicherheitspr\u00fcfungen und Inspektionen&nbsp;<br>\u2022 Anwendung von Best Practices f\u00fcr die Wartung von BMU-Systemen<\/p>\n\n\n\n<p>Jede Sitzung wird von einem qualifizierten Schulungsleiter geleitet und endet mit einer Zertifizierung. Diese bietet Geb\u00e4udeeigent\u00fcmern und Managern den Nachweis von Compliance und Betreiberkompetenz.<br><\/p>\n\n\n\n<div class=\"wp-block-buttons is-layout-flex wp-block-buttons-is-layout-flex\">\n<div class=\"wp-block-button\"><a class=\"wp-block-button__link has-white-color has-luminous-vivid-orange-background-color has-text-color has-background has-link-color has-small-font-size has-custom-font-size wp-element-button\" href=\"https:\/\/www.facadeaccesssolutions.com\/de\/contact\/?enquiry=service\" style=\"border-radius:0px\" target=\"_blank\" rel=\"noreferrer noopener\"><strong>BUCHEN SIE IHRE TRAININGSEINHEIT<\/strong><\/a><\/div>\n<\/div>\n<\/div>\n<\/div>\n\n\n\n<div style=\"height:50px\" aria-hidden=\"true\" class=\"wp-block-spacer\"><\/div>\n\n\n\n<div class=\"wp-block-columns is-layout-flex wp-container-core-columns-is-layout-9d6595d7 wp-block-columns-is-layout-flex\">\n<div class=\"wp-block-column is-layout-flow wp-block-column-is-layout-flow\">\n<h2 class=\"wp-block-heading\" id=\"h-unterstutzung-fur-verantwortliche-und-qualifiziertes-personal\">Unterst\u00fctzung f\u00fcr Verantwortliche und qualifiziertes Personal<\/h2>\n\n\n\n<p>Unsere Schulungsprogramme richten sich an Verantwortliche und qualifizierte Personen, die Fassadenzugangssysteme und BMUs verwalten. Die Schulungen vermitteln ein klares Verst\u00e4ndnis von Regelungsstandards, Compliance-Anforderungen und globalen Best Practices. Sie helfen Fachleuten, ihre Verantwortung sicher und souver\u00e4n wahrzunehmen.&nbsp;<\/p>\n\n\n\n<p><strong>Die Schulungen unterst\u00fctzen Verantwortliche und qualifiziertes Personal durch:<\/strong>&nbsp;&nbsp;<br>\u2022 Erkl\u00e4rung lokaler Standards f\u00fcr Fassaden- und Geb\u00e4udewartung&nbsp;<br>\u2022 Anwendung internationaler Best Practices f\u00fcr sicheren Zugang und Ger\u00e4tenutzung<br>\u2022 Reduzierung betrieblicher Risiken w\u00e4hrend Wartungsaktivit\u00e4ten&nbsp;<br>\u2022 St\u00e4rkung der Aufsicht \u00fcber Betreiber und Sicherheitsverfahren&nbsp;<br>\u2022 Erlangung einer Zertifizierung, die Compliance und Kompetenz nachweist&nbsp;<\/p>\n\n\n\n<p>Durch die Kombination von Regelungswissen mit praktischem Lernen f\u00f6rdern unsere Schulungen sichere Abl\u00e4ufe. Sie minimieren Haftungsrisiken und gew\u00e4hrleisten die langfristige Zuverl\u00e4ssigkeit von&nbsp;Fassadenbefahranlagen.<br><\/p>\n\n\n\n<div class=\"wp-block-buttons is-layout-flex wp-block-buttons-is-layout-flex\">\n<div class=\"wp-block-button is-style-fill\"><a class=\"wp-block-button__link has-luminous-vivid-orange-background-color has-background has-small-font-size has-custom-font-size wp-element-button\" href=\"https:\/\/www.facadeaccesssolutions.com\/de\/contact\/?enquiry=service\" style=\"border-radius:0px\" target=\"_blank\" rel=\"noreferrer noopener\"><strong>STARTE DEINE AUSBILDUNG BEI UNS &gt;<\/strong><\/a><\/div>\n<\/div>\n<\/div>\n\n\n\n<div class=\"wp-block-column is-layout-flow wp-block-column-is-layout-flow\">\n<figure class=\"wp-block-image size-large\"><img decoding=\"async\" src=\"https:\/\/www.facadeaccesssolutions.com\/wp-content\/uploads\/2025\/09\/torque-testing-1024x768.jpg\" alt=\"\" class=\"wp-image-1828\" style=\"aspect-ratio:16\/9;object-fit:cover\"\/><\/figure>\n<\/div>\n<\/div>\n\n\n\n<div style=\"height:50px\" aria-hidden=\"true\" class=\"wp-block-spacer\"><\/div>\n\n\n\n<div class=\"wp-block-columns is-layout-flex wp-container-core-columns-is-layout-9d6595d7 wp-block-columns-is-layout-flex\">\n<div class=\"wp-block-column is-layout-flow wp-block-column-is-layout-flow\">\n<figure class=\"wp-block-image size-large\"><img decoding=\"async\" src=\"https:\/\/www.facadeaccesssolutions.com\/wp-content\/uploads\/2024\/11\/DSC00277-1024x684.jpg\" alt=\"\" class=\"wp-image-879\" style=\"aspect-ratio:16\/9;object-fit:cover\"\/><\/figure>\n\n\n\n<h2 class=\"wp-block-heading\" id=\"h-\"><br><\/h2>\n<\/div>\n\n\n\n<div class=\"wp-block-column is-layout-flow wp-block-column-is-layout-flow\">\n<h2 class=\"wp-block-heading\" id=\"h-facade-access-solutions-branchenfuhrende-expertise-weltweit\">Facade\u00a0Access Solutions: Branchenf\u00fchrende Expertise weltweit\u00a0<\/h2>\n\n\n\n<p>Als Teil der Alimak Group bietet Facade Access Solutions Schulungen f\u00fcr Fassadenreinigungsger\u00e4te, die auf jahrzehntelanger globaler Engineering-Kompetenz basieren. Unsere Programme kombinieren praktische Unterweisung mit innovativen L\u00f6sungen. Diese wurden in Zusammenarbeit mit f\u00fchrenden Herstellern wie Tractel, Manntech und CoxGomyl entwickelt.<\/p>\n\n\n\n<p>Diese Schulungen vermitteln Betreibern und Verantwortlichen technisches Wissen und praktische Erfahrung. Sie lernen, BMU-Systeme sicher und effizient zu verwalten. Durch Anwendung anerkannter Best Practices und internationaler Standards verbessern die Teilnehmer die Compliance. Sie reduzieren Risiken und gewinnen Vertrauen im Umgang mit komplexen Zugangssystemen.<\/p>\n\n\n\n<p>Das Ergebnis sind sicherere Abl\u00e4ufe, minimale Ausfallzeiten und optimierte Geb\u00e4udeleistung. Menschen und Verm\u00f6genswerte in Hochh\u00e4usern und architektonisch komplexen Strukturen werden gesch\u00fctzt.<\/p>\n\n\n\n<div class=\"wp-block-buttons is-layout-flex wp-block-buttons-is-layout-flex\">\n<div class=\"wp-block-button\"><a class=\"wp-block-button__link has-luminous-vivid-orange-background-color has-background has-small-font-size has-custom-font-size wp-element-button\" href=\"https:\/\/www.facadeaccesssolutions.com\/de\/contact\/?enquiry=service\" style=\"border-radius:0px\" target=\"_blank\" rel=\"noreferrer noopener\"><strong>JETZT ANFRAGEN &gt;<\/strong><\/a><\/div>\n<\/div>\n<\/div>\n<\/div>\n\n\n\n<div style=\"height:100px\" aria-hidden=\"true\" class=\"wp-block-spacer\"><\/div>\n\n\n\n<div class=\"wp-block-group alignfull narrow_width has-luminous-vivid-orange-background-color has-text-color has-background\" style=\"color:#000000\"><div class=\"wp-block-group__inner-container is-layout-flow wp-block-group-is-layout-flow\">\n<div style=\"height:40px\" aria-hidden=\"true\" class=\"wp-block-spacer\"><\/div>\n\n\n\n<h3 class=\"wp-block-heading has-text-align-center has-white-color has-text-color has-link-color wp-elements-83b74936df08abcbec227c784c3fa60c\" id=\"schedule-a-visit\" style=\"font-size:30px;line-height:1.15;text-transform:uppercase\">BEREIT, SICHERHEIT UND F\u00c4HIGKEITEN ZU VERBESSERN?<\/h3>\n\n\n\n<p class=\"has-text-align-center has-white-color has-text-color has-link-color wp-elements-daeb8db3489b180af33449b75fdd1dd4\" style=\"font-size:15px;line-height:.9\">Arbeiten Sie mit unseren qualifizierten Trainern zusammen, um globale Standards zu erf\u00fcllen.<br><\/p>\n\n\n\n<div class=\"wp-block-buttons is-horizontal is-content-justification-center is-layout-flex wp-container-core-buttons-is-layout-499968f5 wp-block-buttons-is-layout-flex\">\n<div class=\"wp-block-button has-custom-width wp-block-button__width-50\"><a class=\"wp-block-button__link has-text-color has-background has-medium-font-size has-custom-font-size wp-element-button\" href=\"https:\/\/www.facadeaccesssolutions.com\/de\/contact\/?enquiry=service\" style=\"border-radius:50px;color:#ffffff;background-color:#004263\" target=\"_blank\" rel=\"noreferrer noopener\">Sprechen Sie mit einem Schulungsexperten<\/a><\/div>\n<\/div>\n\n\n\n<div style=\"height:40px\" aria-hidden=\"true\" class=\"wp-block-spacer\"><\/div>\n<\/div><\/div>\n\n\n\n<div style=\"height:50px\" aria-hidden=\"true\" class=\"wp-block-spacer\"><\/div>\n\n\n\r\n<section class=\"accordion_list\" style=\"padding-top:px; padding-bottom:px;\">\r\n    <div class=\"content_holder content_holder_1570 clearfix\">\r\n\t\t<div class=\"acc_wrap\" data-aos=\"fade-up\" data-aos-duration=\"600\" data-aos-easing=\"ease-out\" data-aos-delay=\"100\">\r\n        \t<h2><h3 align=\"center\">H\u00e4ufig gestellte Fragen<\/h3><\/h2>                                    \t                    <div class=\"acc_item\">\r\n                        <div class=\"acc_title\">Wer sollte an Schulungen f\u00fcr Fassadenreinigungsger\u00e4te teilnehmen? <span><\/span><\/div>\r\n                        <div class=\"acc_txt\">\r\n                            <div class=\"site_contents\">\r\n                            \t<p>Die Schulungen sind ideal f\u00fcr Facility Manager, Betreiber und Verantwortliche, die f\u00fcr Fassadenzugangssysteme zust\u00e4ndig sind. Die Teilnehmer sammeln praktische Erfahrungen und erwerben wesentliches Wissen. Sie lernen, BMUs im Einklang mit globalen Standards sicher zu betreiben, zu beaufsichtigen und zu warten.<\/p>\n                            <\/div>\r\n                        <\/div>\r\n                    <\/div>\r\n                                        \t                    <div class=\"acc_item\">\r\n                        <div class=\"acc_title\">Was umfasst die Schulung f\u00fcr Fassadenbefahranlagen? <span><\/span><\/div>\r\n                        <div class=\"acc_txt\">\r\n                            <div class=\"site_contents\">\r\n                            \t<p>Jedes Programm kombiniert Theorie mit praktischer Erfahrung an realen Ger\u00e4ten. Die Teilnehmer lernen, Plattformen zu bedienen, R\u00fcckhaltesysteme zu nutzen, Sicherheitsinspektionen durchzuf\u00fchren und sichere Wartungspraktiken anzuwenden. Die Schulung endet mit einer Zertifizierung, die Compliance und Kompetenz best\u00e4tigt.<\/p>\n                            <\/div>\r\n                        <\/div>\r\n                    <\/div>\r\n                                        \t                    <div class=\"acc_item\">\r\n                        <div class=\"acc_title\">Welchen Standards folgen die Schulungen? <span><\/span><\/div>\r\n                        <div class=\"acc_txt\">\r\n                            <div class=\"site_contents\">\r\n                            \t<p>Alle Kurse orientieren sich an den geltenden lokalen Standards. Die Teilnehmer verstehen globale und lokale Vorschriften und wenden sichere Arbeitspraktiken an, die internationale Compliance-Anforderungen erf\u00fcllen.<\/p>\n                            <\/div>\r\n                        <\/div>\r\n                    <\/div>\r\n                                        \t                    <div class=\"acc_item\">\r\n                        <div class=\"acc_title\">Wie lange dauert ein typisches Schulungsprogramm? <span><\/span><\/div>\r\n                        <div class=\"acc_txt\">\r\n                            <div class=\"site_contents\">\r\n                            \t<p>Die Programmdauer variiert je nach Ger\u00e4tekomplexit\u00e4t und Teilnehmererfahrung. Typischerweise dauern die Schulungen ein bis drei Tage mit einer Mischung aus Theorie und praktischer Ausbildung.<\/p>\n                            <\/div>\r\n                        <\/div>\r\n                    <\/div>\r\n                                        \t                    <div class=\"acc_item\">\r\n                        <div class=\"acc_title\">Bieten Sie nach der Schulung fortlaufende Unterst\u00fctzung an? <span><\/span><\/div>\r\n                        <div class=\"acc_txt\">\r\n                            <div class=\"site_contents\">\r\n                            \t<p>Ja. Wir bieten Auffrischungsschulungen, Compliance-Updates und kontinuierliche Unterst\u00fctzung. Teams bleiben so aktuell, kompetent und sicherheitsorientiert, auch lange nach der ersten Zertifizierung.<\/p>\n                            <\/div>\r\n                        <\/div>\r\n                    <\/div>\r\n                                    <\/div>\r\n    <\/div>\r\n<\/section>\r\n\r\n\n\n\n<div style=\"height:100px\" aria-hidden=\"true\" class=\"wp-block-spacer\"><\/div>\n\n\n\n<p><\/p>\n","protected":false},"excerpt":{"rendered":"<p>Praxisorientierte Schulungen, die Vertrauen schaffen Unsere Schulungen f\u00fcr&nbsp;Fassadenbefahranlagen&nbsp;verbinden technische Unterweisung mit praktischer Anwendung. Die Teilnehmer sammeln praktische Erfahrungen mit den tats\u00e4chlichen Fassadenzugangssystemen. Sie lernen, sicher zu arbeiten, Verfahren zu befolgen und globale Best Practices anzuwenden.&nbsp; Zu den vermittelten Kernkompetenzen geh\u00f6ren:\u2022 Verst\u00e4ndnis der Ger\u00e4teeigenschaften und sicheren Funktionen&nbsp;\u2022 Sicherer Betrieb von Gondeln&nbsp;\u2022 Sichere Nutzung von R\u00fcckhaltesystemen f\u00fcr Fassadenzugang\u2022 Durchf\u00fchrung von Sicherheitspr\u00fcfungen und Inspektionen&nbsp;\u2022 Anwendung von Best Practices f\u00fcr die Wartung von BMU-Systemen Jede Sitzung wird von einem qualifizierten Schulungsleiter geleitet und endet mit einer Zertifizierung. Diese bietet Geb\u00e4udeeigent\u00fcmern und Managern den Nachweis von Compliance und Betreiberkompetenz. Unterst\u00fctzung f\u00fcr Verantwortliche und qualifiziertes Personal &#8230;<\/p>\n","protected":false},"author":1,"featured_media":0,"parent":1113,"menu_order":0,"comment_status":"closed","ping_status":"closed","template":"","meta":{"_acf_changed":false,"_trash_the_other_posts":false,"editor_notices":[],"footnotes":""},"class_list":["post-1217","page","type-page","status-publish","hentry"],"acf":[],"yoast_head":"<!-- This site is optimized with the Yoast SEO Premium plugin v27.1 (Yoast SEO v27.3) - https:\/\/yoast.com\/product\/yoast-seo-premium-wordpress\/ -->\n<title>Professionelle Schulungen f\u00fcr Fassadenbefahranlagen<\/title>\n<meta name=\"description\" content=\"Schulungen f\u00fcr den sicheren Betrieb von Fassadenzugangsl\u00f6sungen und Wartungssystemen \u2013 zertifiziert f\u00fcr Betreiber und Facility Manager.\" \/>\n<meta name=\"robots\" content=\"index, follow, max-snippet:-1, max-image-preview:large, max-video-preview:-1\" \/>\n<link rel=\"canonical\" href=\"https:\/\/www.facadeaccesssolutions.com\/de\/services\/training\/\" \/>\n<meta property=\"og:locale\" content=\"de_DE\" \/>\n<meta property=\"og:type\" content=\"article\" \/>\n<meta property=\"og:title\" content=\"Schulungen\" \/>\n<meta property=\"og:description\" content=\"Schulungen f\u00fcr den sicheren Betrieb von Fassadenzugangsl\u00f6sungen und Wartungssystemen \u2013 zertifiziert f\u00fcr Betreiber und Facility Manager.\" \/>\n<meta property=\"og:url\" content=\"https:\/\/www.facadeaccesssolutions.com\/de\/services\/training\/\" \/>\n<meta property=\"og:site_name\" content=\"Facade Access Solutions Germany\" \/>\n<meta property=\"article:modified_time\" content=\"2026-01-29T19:09:59+00:00\" \/>\n<meta property=\"og:image\" content=\"https:\/\/www.facadeaccesssolutions.com\/wp-content\/uploads\/2025\/11\/20220222_155334-new-1024x618.jpg\" \/>\n<meta name=\"twitter:card\" content=\"summary_large_image\" \/>\n<meta name=\"twitter:label1\" content=\"Gesch\u00e4tzte Lesezeit\" \/>\n\t<meta name=\"twitter:data1\" content=\"3\u00a0Minuten\" \/>\n<script type=\"application\/ld+json\" class=\"yoast-schema-graph\">{\"@context\":\"https:\\\/\\\/schema.org\",\"@graph\":[{\"@type\":\"WebPage\",\"@id\":\"https:\\\/\\\/www.facadeaccesssolutions.com\\\/de\\\/services\\\/training\\\/\",\"url\":\"https:\\\/\\\/www.facadeaccesssolutions.com\\\/de\\\/services\\\/training\\\/\",\"name\":\"Professionelle Schulungen f\u00fcr Fassadenbefahranlagen\",\"isPartOf\":{\"@id\":\"https:\\\/\\\/www.facadeaccesssolutions.com\\\/de\\\/#website\"},\"primaryImageOfPage\":{\"@id\":\"https:\\\/\\\/www.facadeaccesssolutions.com\\\/de\\\/services\\\/training\\\/#primaryimage\"},\"image\":{\"@id\":\"https:\\\/\\\/www.facadeaccesssolutions.com\\\/de\\\/services\\\/training\\\/#primaryimage\"},\"thumbnailUrl\":\"https:\\\/\\\/www.facadeaccesssolutions.com\\\/wp-content\\\/uploads\\\/2025\\\/11\\\/20220222_155334-new-1024x618.jpg\",\"datePublished\":\"2026-01-29T17:36:22+00:00\",\"dateModified\":\"2026-01-29T19:09:59+00:00\",\"description\":\"Schulungen f\u00fcr den sicheren Betrieb von Fassadenzugangsl\u00f6sungen und Wartungssystemen \u2013 zertifiziert f\u00fcr Betreiber und Facility Manager.\",\"breadcrumb\":{\"@id\":\"https:\\\/\\\/www.facadeaccesssolutions.com\\\/de\\\/services\\\/training\\\/#breadcrumb\"},\"inLanguage\":\"de\",\"potentialAction\":[{\"@type\":\"ReadAction\",\"target\":[\"https:\\\/\\\/www.facadeaccesssolutions.com\\\/de\\\/services\\\/training\\\/\"]}]},{\"@type\":\"ImageObject\",\"inLanguage\":\"de\",\"@id\":\"https:\\\/\\\/www.facadeaccesssolutions.com\\\/de\\\/services\\\/training\\\/#primaryimage\",\"url\":\"https:\\\/\\\/www.facadeaccesssolutions.com\\\/wp-content\\\/uploads\\\/2025\\\/11\\\/20220222_155334-new-1024x618.jpg\",\"contentUrl\":\"https:\\\/\\\/www.facadeaccesssolutions.com\\\/wp-content\\\/uploads\\\/2025\\\/11\\\/20220222_155334-new-1024x618.jpg\"},{\"@type\":\"BreadcrumbList\",\"@id\":\"https:\\\/\\\/www.facadeaccesssolutions.com\\\/de\\\/services\\\/training\\\/#breadcrumb\",\"itemListElement\":[{\"@type\":\"ListItem\",\"position\":1,\"name\":\"Home\",\"item\":\"https:\\\/\\\/www.facadeaccesssolutions.com\\\/de\\\/\"},{\"@type\":\"ListItem\",\"position\":2,\"name\":\"Dienstleistungen\",\"item\":\"https:\\\/\\\/www.facadeaccesssolutions.com\\\/de\\\/services\\\/\"},{\"@type\":\"ListItem\",\"position\":3,\"name\":\"Schulungen\"}]},{\"@type\":\"WebSite\",\"@id\":\"https:\\\/\\\/www.facadeaccesssolutions.com\\\/de\\\/#website\",\"url\":\"https:\\\/\\\/www.facadeaccesssolutions.com\\\/de\\\/\",\"name\":\"Facade Access Solutions\",\"description\":\"Part Of Alimak Group\",\"potentialAction\":[{\"@type\":\"SearchAction\",\"target\":{\"@type\":\"EntryPoint\",\"urlTemplate\":\"https:\\\/\\\/www.facadeaccesssolutions.com\\\/de\\\/?s={search_term_string}\"},\"query-input\":{\"@type\":\"PropertyValueSpecification\",\"valueRequired\":true,\"valueName\":\"search_term_string\"}}],\"inLanguage\":\"de\"}]}<\/script>\n<!-- \/ Yoast SEO Premium plugin. -->","yoast_head_json":{"title":"Professionelle Schulungen f\u00fcr Fassadenbefahranlagen","description":"Schulungen f\u00fcr den sicheren Betrieb von Fassadenzugangsl\u00f6sungen und Wartungssystemen \u2013 zertifiziert f\u00fcr Betreiber und Facility Manager.","robots":{"index":"index","follow":"follow","max-snippet":"max-snippet:-1","max-image-preview":"max-image-preview:large","max-video-preview":"max-video-preview:-1"},"canonical":"https:\/\/www.facadeaccesssolutions.com\/de\/services\/training\/","og_locale":"de_DE","og_type":"article","og_title":"Schulungen","og_description":"Schulungen f\u00fcr den sicheren Betrieb von Fassadenzugangsl\u00f6sungen und Wartungssystemen \u2013 zertifiziert f\u00fcr Betreiber und Facility Manager.","og_url":"https:\/\/www.facadeaccesssolutions.com\/de\/services\/training\/","og_site_name":"Facade Access Solutions Germany","article_modified_time":"2026-01-29T19:09:59+00:00","og_image":[{"url":"https:\/\/www.facadeaccesssolutions.com\/wp-content\/uploads\/2025\/11\/20220222_155334-new-1024x618.jpg","type":"","width":"","height":""}],"twitter_card":"summary_large_image","twitter_misc":{"Gesch\u00e4tzte Lesezeit":"3\u00a0Minuten"},"schema":{"@context":"https:\/\/schema.org","@graph":[{"@type":"WebPage","@id":"https:\/\/www.facadeaccesssolutions.com\/de\/services\/training\/","url":"https:\/\/www.facadeaccesssolutions.com\/de\/services\/training\/","name":"Professionelle Schulungen f\u00fcr Fassadenbefahranlagen","isPartOf":{"@id":"https:\/\/www.facadeaccesssolutions.com\/de\/#website"},"primaryImageOfPage":{"@id":"https:\/\/www.facadeaccesssolutions.com\/de\/services\/training\/#primaryimage"},"image":{"@id":"https:\/\/www.facadeaccesssolutions.com\/de\/services\/training\/#primaryimage"},"thumbnailUrl":"https:\/\/www.facadeaccesssolutions.com\/wp-content\/uploads\/2025\/11\/20220222_155334-new-1024x618.jpg","datePublished":"2026-01-29T17:36:22+00:00","dateModified":"2026-01-29T19:09:59+00:00","description":"Schulungen f\u00fcr den sicheren Betrieb von Fassadenzugangsl\u00f6sungen und Wartungssystemen \u2013 zertifiziert f\u00fcr Betreiber und Facility Manager.","breadcrumb":{"@id":"https:\/\/www.facadeaccesssolutions.com\/de\/services\/training\/#breadcrumb"},"inLanguage":"de","potentialAction":[{"@type":"ReadAction","target":["https:\/\/www.facadeaccesssolutions.com\/de\/services\/training\/"]}]},{"@type":"ImageObject","inLanguage":"de","@id":"https:\/\/www.facadeaccesssolutions.com\/de\/services\/training\/#primaryimage","url":"https:\/\/www.facadeaccesssolutions.com\/wp-content\/uploads\/2025\/11\/20220222_155334-new-1024x618.jpg","contentUrl":"https:\/\/www.facadeaccesssolutions.com\/wp-content\/uploads\/2025\/11\/20220222_155334-new-1024x618.jpg"},{"@type":"BreadcrumbList","@id":"https:\/\/www.facadeaccesssolutions.com\/de\/services\/training\/#breadcrumb","itemListElement":[{"@type":"ListItem","position":1,"name":"Home","item":"https:\/\/www.facadeaccesssolutions.com\/de\/"},{"@type":"ListItem","position":2,"name":"Dienstleistungen","item":"https:\/\/www.facadeaccesssolutions.com\/de\/services\/"},{"@type":"ListItem","position":3,"name":"Schulungen"}]},{"@type":"WebSite","@id":"https:\/\/www.facadeaccesssolutions.com\/de\/#website","url":"https:\/\/www.facadeaccesssolutions.com\/de\/","name":"Facade Access Solutions","description":"Part Of Alimak Group","potentialAction":[{"@type":"SearchAction","target":{"@type":"EntryPoint","urlTemplate":"https:\/\/www.facadeaccesssolutions.com\/de\/?s={search_term_string}"},"query-input":{"@type":"PropertyValueSpecification","valueRequired":true,"valueName":"search_term_string"}}],"inLanguage":"de"}]}},"_links":{"self":[{"href":"https:\/\/www.facadeaccesssolutions.com\/de\/wp-json\/wp\/v2\/pages\/1217","targetHints":{"allow":["GET"]}}],"collection":[{"href":"https:\/\/www.facadeaccesssolutions.com\/de\/wp-json\/wp\/v2\/pages"}],"about":[{"href":"https:\/\/www.facadeaccesssolutions.com\/de\/wp-json\/wp\/v2\/types\/page"}],"author":[{"embeddable":true,"href":"https:\/\/www.facadeaccesssolutions.com\/de\/wp-json\/wp\/v2\/users\/1"}],"replies":[{"embeddable":true,"href":"https:\/\/www.facadeaccesssolutions.com\/de\/wp-json\/wp\/v2\/comments?post=1217"}],"version-history":[{"count":4,"href":"https:\/\/www.facadeaccesssolutions.com\/de\/wp-json\/wp\/v2\/pages\/1217\/revisions"}],"predecessor-version":[{"id":1230,"href":"https:\/\/www.facadeaccesssolutions.com\/de\/wp-json\/wp\/v2\/pages\/1217\/revisions\/1230"}],"up":[{"embeddable":true,"href":"https:\/\/www.facadeaccesssolutions.com\/de\/wp-json\/wp\/v2\/pages\/1113"}],"wp:attachment":[{"href":"https:\/\/www.facadeaccesssolutions.com\/de\/wp-json\/wp\/v2\/media?parent=1217"}],"curies":[{"name":"wp","href":"https:\/\/api.w.org\/{rel}","templated":true}]}}