{"id":1327,"date":"2026-01-30T12:30:13","date_gmt":"2026-01-30T12:30:13","guid":{"rendered":"https:\/\/www.facadeaccesssolutions.com\/de\/?page_id=1327"},"modified":"2026-01-30T12:35:40","modified_gmt":"2026-01-30T12:35:40","slug":"projects","status":"publish","type":"page","link":"https:\/\/www.facadeaccesssolutions.com\/de\/projects\/","title":{"rendered":"Projekte"},"content":{"rendered":"\r\n<section class=\"breadcrumbs\" data-aos=\"fade-up\" data-aos-duration=\"600\" data-aos-easing=\"ease-out\" data-aos-delay=\"100\">\r\n    <div class=\"content_holder content_holder_1570\">\r\n    \t<ul><li class=\"main-home\"><span property=\"itemListElement\" typeof=\"ListItem\"><a property=\"item\" typeof=\"WebPage\" title=\"Gehe zu FACADE ACCESS SOLUTIONS Sites.\" href=\"https:\/\/www.facadeaccesssolutions.com\" class=\"main-home\" ><span property=\"name\">FACADE ACCESS SOLUTIONS Sites<\/span><\/a><meta property=\"position\" content=\"1\"><\/span><\/li>\n<li class=\"home\"><span property=\"itemListElement\" typeof=\"ListItem\"><a property=\"item\" typeof=\"WebPage\" title=\"Go to Facade Access Solutions Germany.\" href=\"https:\/\/www.facadeaccesssolutions.com\/de\" class=\"home\" aria-current=\"page\"><span property=\"name\">Home<\/span><\/a><meta property=\"position\" content=\"2\"><\/span><\/li>\n<\/ul>\r\n    <\/div>\r\n<\/section>\n\n<section class=\"page_title \" data-aos=\"fade-up\" data-aos-duration=\"600\" data-aos-easing=\"ease-out\" data-aos-delay=\"200\">\n    <div class=\"content_holder content_holder_1570\">\n        <h1>Projekte<\/h1>\n    <\/div>\n<\/section>\n\n\n\r\n    \r\n<section class=\"related_prdoucts product_listing\" id=\"project_list\">\r\n    <div class=\"content_holder content_holder_1570\">\r\n    \t\r\n        <div class=\"wp_filters flex\" data-aos=\"fade-up\" data-aos-duration=\"600\" data-aos-easing=\"ease-out\" data-aos-delay=\"100\" id=\"project_filters\">\r\n        \t<div class=\"sel_col wp_label\">\r\n            \t<p><strong>Filters:<\/strong> <\/p>\r\n            <\/div>\r\n        \t<div class=\"sel_col\">\r\n        \t<select name=\"region\" class=\"slectBox\" id=\"region\">\r\n            \t<option value=\"\">All Regions<\/option>\r\n        \t            <\/select>\r\n            <\/div>\r\n        \t<div class=\"sel_col\">\r\n        \t<select name=\"height\" class=\"slectBox\" id=\"project_height\">\r\n                <option value=\"\">Project Height<\/option>\r\n        \t            <\/select>\r\n            <\/div>\r\n        \t<div class=\"sel_col\">\r\n        \t<select name=\"type\" class=\"slectBox\" id=\"project_type\">\r\n            \t<option value=\"\">Project Type<\/option>\r\n        \t                        <option value=\"nachruestung-und-sanierung\">Nachr\u00fcstung und Sanierung<\/option>\r\n                                                <option value=\"neubauten\">Neubauten<\/option>\r\n                                    <\/select>\r\n            <\/div>\r\n        <\/div>\r\n        \r\n        <div class=\"prod_list project_list\">\r\n        \t\t\r\n\r\n\t\t\t            \t\r\n\r\n                            \r\n            <div class=\"prod_box\" data-aos=\"fade-up\" data-aos-duration=\"600\" data-aos-easing=\"ease-out\" data-aos-delay=\"100\">\r\n                <div class=\"prod_img\">\r\n                    <a href=\"https:\/\/www.manntech.com\/project\/kohlhammer\/\" target=\"_blank\" title=\"Kohlhammer,\u00a0Stuttgart\">\r\n                        <img decoding=\"async\" src=\"https:\/\/www.facadeaccesssolutions.com\/de\/wp-content\/uploads\/sites\/11\/2026\/04\/Case-Study-Kohlhammer-Stuttgart-scaled-600x610_c.jpg\" alt=\"Kohlhammer,\u00a0Stuttgart\" title=\"Kohlhammer,\u00a0Stuttgart\">\r\n                    <\/a>\r\n                    <h3><a href=\"https:\/\/www.manntech.com\/project\/kohlhammer\/\" target=\"_blank\" title=\"Kohlhammer,\u00a0Stuttgart\">Kohlhammer,\u00a0Stuttgart<\/a><\/h3>\r\n                <\/div>\r\n            <\/div>\r\n            \r\n            \t\t\t\t\r\n\r\n                            \r\n            <div class=\"prod_box\" data-aos=\"fade-up\" data-aos-duration=\"600\" data-aos-easing=\"ease-out\" data-aos-delay=\"200\">\r\n                <div class=\"prod_img\">\r\n                    <a href=\"https:\/\/www.manntech.com\/project\/fashion-house\/\" target=\"_blank\" title=\"Fashion House, Munich\">\r\n                        <img decoding=\"async\" src=\"https:\/\/www.facadeaccesssolutions.com\/de\/wp-content\/uploads\/sites\/11\/2026\/01\/Fashion-House-Frankfurt-FAS-Projects-1-600x610_c.webp\" alt=\"Fashion House, Munich\" title=\"Fashion House, Munich\">\r\n                    <\/a>\r\n                    <h3><a href=\"https:\/\/www.manntech.com\/project\/fashion-house\/\" target=\"_blank\" title=\"Fashion House, Munich\">Fashion House, Munich<\/a><\/h3>\r\n                <\/div>\r\n            <\/div>\r\n            \r\n            \t\t\t\t\r\n\r\n                            \r\n            <div class=\"prod_box\" data-aos=\"fade-up\" data-aos-duration=\"600\" data-aos-easing=\"ease-out\" data-aos-delay=\"300\">\r\n                <div class=\"prod_img\">\r\n                    <a href=\"https:\/\/www.manntech.com\/project\/highlight-towers\/\" target=\"_blank\" title=\"Highlight Towers, Munich\">\r\n                        <img decoding=\"async\" src=\"https:\/\/www.facadeaccesssolutions.com\/de\/wp-content\/uploads\/sites\/11\/2026\/01\/Highlight-Towers-Munich-FAS-Projects-1-600x610_c.webp\" alt=\"Highlight Towers, Munich\" title=\"Highlight Towers, Munich\">\r\n                    <\/a>\r\n                    <h3><a href=\"https:\/\/www.manntech.com\/project\/highlight-towers\/\" target=\"_blank\" title=\"Highlight Towers, Munich\">Highlight Towers, Munich<\/a><\/h3>\r\n                <\/div>\r\n            <\/div>\r\n            \r\n            \t\t\t\t\r\n\r\n                            \r\n            <div class=\"prod_box\" data-aos=\"fade-up\" data-aos-duration=\"600\" data-aos-easing=\"ease-out\" data-aos-delay=\"100\">\r\n                <div class=\"prod_img\">\r\n                    <a href=\"https:\/\/www.manntech.com\/project\/olympic-tower\/\" target=\"_blank\" title=\"Olympic Tower, Munich\">\r\n                        <img decoding=\"async\" src=\"https:\/\/www.facadeaccesssolutions.com\/de\/wp-content\/uploads\/sites\/11\/2026\/01\/Olympic-Tower-Munich-FAS-Projects-1-600x610_c.webp\" alt=\"Olympic Tower, Munich\" title=\"Olympic Tower, Munich\">\r\n                    <\/a>\r\n                    <h3><a href=\"https:\/\/www.manntech.com\/project\/olympic-tower\/\" target=\"_blank\" title=\"Olympic Tower, Munich\">Olympic Tower, Munich<\/a><\/h3>\r\n                <\/div>\r\n            <\/div>\r\n            \r\n            \t\t\t\t\r\n\r\n                            \r\n            <div class=\"prod_box\" data-aos=\"fade-up\" data-aos-duration=\"600\" data-aos-easing=\"ease-out\" data-aos-delay=\"200\">\r\n                <div class=\"prod_img\">\r\n                    <a href=\"https:\/\/www.manntech.com\/project\/mercedes-benz\/\" target=\"_blank\" title=\"Mercedes Benz, Munich\">\r\n                        <img decoding=\"async\" src=\"https:\/\/www.facadeaccesssolutions.com\/de\/wp-content\/uploads\/sites\/11\/2026\/01\/Mercedes-Benz-Munich-FAS-Projects-1-600x610_c.webp\" alt=\"Mercedes Benz, Munich\" title=\"Mercedes Benz, Munich\">\r\n                    <\/a>\r\n                    <h3><a href=\"https:\/\/www.manntech.com\/project\/mercedes-benz\/\" target=\"_blank\" title=\"Mercedes Benz, Munich\">Mercedes Benz, Munich<\/a><\/h3>\r\n                <\/div>\r\n            <\/div>\r\n            \r\n            \t\t\t\t\r\n\r\n                            \r\n            <div class=\"prod_box\" data-aos=\"fade-up\" data-aos-duration=\"600\" data-aos-easing=\"ease-out\" data-aos-delay=\"300\">\r\n                <div class=\"prod_img\">\r\n                    <a href=\"https:\/\/www.manntech.com\/project\/porsche-design-tower\/\" target=\"_blank\" title=\"Porsche Design Tower, Stuttgart\">\r\n                        <img decoding=\"async\" src=\"https:\/\/www.facadeaccesssolutions.com\/de\/wp-content\/uploads\/sites\/11\/2026\/01\/Porsche-Design-Tower-Stuttgart-FAS-Projects-1-600x610_c.webp\" alt=\"Porsche Design Tower, Stuttgart\" title=\"Porsche Design Tower, Stuttgart\">\r\n                    <\/a>\r\n                    <h3><a href=\"https:\/\/www.manntech.com\/project\/porsche-design-tower\/\" target=\"_blank\" title=\"Porsche Design Tower, Stuttgart\">Porsche Design Tower, Stuttgart<\/a><\/h3>\r\n                <\/div>\r\n            <\/div>\r\n            \r\n            \t\t\t\t\r\n\r\n                            \r\n            <div class=\"prod_box\" data-aos=\"fade-up\" data-aos-duration=\"600\" data-aos-easing=\"ease-out\" data-aos-delay=\"100\">\r\n                <div class=\"prod_img\">\r\n                    <a href=\"https:\/\/www.manntech.com\/project\/the-spreeturm\/\" target=\"_blank\" title=\"The Spreeturm, Berlin\">\r\n                        <img decoding=\"async\" src=\"https:\/\/www.facadeaccesssolutions.com\/de\/wp-content\/uploads\/sites\/11\/2026\/01\/The-Spreeturm-Berlin-FAS-Projects-1-600x610_c.webp\" alt=\"The Spreeturm, Berlin\" title=\"The Spreeturm, Berlin\">\r\n                    <\/a>\r\n                    <h3><a href=\"https:\/\/www.manntech.com\/project\/the-spreeturm\/\" target=\"_blank\" title=\"The Spreeturm, Berlin\">The Spreeturm, Berlin<\/a><\/h3>\r\n                <\/div>\r\n            <\/div>\r\n            \r\n            \t\t\t\t\r\n\r\n                            \r\n            <div class=\"prod_box\" data-aos=\"fade-up\" data-aos-duration=\"600\" data-aos-easing=\"ease-out\" data-aos-delay=\"200\">\r\n                <div class=\"prod_img\">\r\n                    <a href=\"https:\/\/www.manntech.com\/project\/garage-zurich-nord\/\" target=\"_blank\" title=\"Garage Zurich-Nord, Zurich\">\r\n                        <img decoding=\"async\" src=\"https:\/\/www.facadeaccesssolutions.com\/de\/wp-content\/uploads\/sites\/11\/2026\/01\/Garage-Zurich-Nord-Zurich-FAS-Projects-1-600x610_c.webp\" alt=\"Garage Zurich-Nord, Zurich\" title=\"Garage Zurich-Nord, Zurich\">\r\n                    <\/a>\r\n                    <h3><a href=\"https:\/\/www.manntech.com\/project\/garage-zurich-nord\/\" target=\"_blank\" title=\"Garage Zurich-Nord, Zurich\">Garage Zurich-Nord, Zurich<\/a><\/h3>\r\n                <\/div>\r\n            <\/div>\r\n            \r\n            \t\t\t\t\r\n\r\n                            \r\n            <div class=\"prod_box\" data-aos=\"fade-up\" data-aos-duration=\"600\" data-aos-easing=\"ease-out\" data-aos-delay=\"300\">\r\n                <div class=\"prod_img\">\r\n                    <a href=\"https:\/\/www.manntech.com\/project\/four\/\" target=\"_blank\" title=\"FOUR, Frankfurt\">\r\n                        <img decoding=\"async\" src=\"https:\/\/www.facadeaccesssolutions.com\/de\/wp-content\/uploads\/sites\/11\/2026\/01\/FOUR-Frankfurt-FAS-Projects-1-600x610_c.webp\" alt=\"FOUR, Frankfurt\" title=\"FOUR, Frankfurt\">\r\n                    <\/a>\r\n                    <h3><a href=\"https:\/\/www.manntech.com\/project\/four\/\" target=\"_blank\" title=\"FOUR, Frankfurt\">FOUR, Frankfurt<\/a><\/h3>\r\n                <\/div>\r\n            <\/div>\r\n            \r\n            \t\t\t            \r\n            \r\n        <\/div>\r\n        \r\n        <div class=\"pagination\" data-aos=\"fade-up\" data-aos-duration=\"600\" data-aos-easing=\"ease-out\" data-aos-delay=\"100\">\r\n        \t        <\/div>\r\n        \r\n                \r\n        \r\n    <\/div>\r\n<\/section>\r\n\r\n\r\n","protected":false},"excerpt":{"rendered":"","protected":false},"author":1,"featured_media":0,"parent":0,"menu_order":0,"comment_status":"closed","ping_status":"closed","template":"","meta":{"_acf_changed":false,"_trash_the_other_posts":false,"editor_notices":[],"footnotes":""},"class_list":["post-1327","page","type-page","status-publish","hentry"],"acf":[],"yoast_head":"<!-- This site is optimized with the Yoast SEO Premium plugin v27.1 (Yoast SEO v27.3) - https:\/\/yoast.com\/product\/yoast-seo-premium-wordpress\/ -->\n<title>Unsere aktuellen Projekte | Fassadenzugangsl\u00f6sungen<\/title>\n<meta name=\"description\" content=\"Entdecken Sie unsere Fassadenzugangsprojekte. Wir bieten sichere, effiziente und normkonforme L\u00f6sungen f\u00fcr verschiedenste Branchen.\" \/>\n<meta name=\"robots\" content=\"index, follow, max-snippet:-1, max-image-preview:large, max-video-preview:-1\" \/>\n<link rel=\"canonical\" href=\"https:\/\/www.facadeaccesssolutions.com\/de\/projects\/\" \/>\n<meta property=\"og:locale\" content=\"de_DE\" \/>\n<meta property=\"og:type\" content=\"article\" \/>\n<meta property=\"og:title\" content=\"Projekte\" \/>\n<meta property=\"og:description\" content=\"Entdecken Sie unsere Fassadenzugangsprojekte. Wir bieten sichere, effiziente und normkonforme L\u00f6sungen f\u00fcr verschiedenste Branchen.\" \/>\n<meta property=\"og:url\" content=\"https:\/\/www.facadeaccesssolutions.com\/de\/projects\/\" \/>\n<meta property=\"og:site_name\" content=\"Facade Access Solutions Germany\" \/>\n<meta property=\"article:modified_time\" content=\"2026-01-30T12:35:40+00:00\" \/>\n<meta name=\"twitter:card\" content=\"summary_large_image\" \/>\n<script type=\"application\/ld+json\" class=\"yoast-schema-graph\">{\"@context\":\"https:\\\/\\\/schema.org\",\"@graph\":[{\"@type\":\"WebPage\",\"@id\":\"https:\\\/\\\/www.facadeaccesssolutions.com\\\/de\\\/projects\\\/\",\"url\":\"https:\\\/\\\/www.facadeaccesssolutions.com\\\/de\\\/projects\\\/\",\"name\":\"Unsere aktuellen Projekte | Fassadenzugangsl\u00f6sungen\",\"isPartOf\":{\"@id\":\"https:\\\/\\\/www.facadeaccesssolutions.com\\\/de\\\/#website\"},\"datePublished\":\"2026-01-30T12:30:13+00:00\",\"dateModified\":\"2026-01-30T12:35:40+00:00\",\"description\":\"Entdecken Sie unsere Fassadenzugangsprojekte. Wir bieten sichere, effiziente und normkonforme L\u00f6sungen f\u00fcr verschiedenste Branchen.\",\"breadcrumb\":{\"@id\":\"https:\\\/\\\/www.facadeaccesssolutions.com\\\/de\\\/projects\\\/#breadcrumb\"},\"inLanguage\":\"de\",\"potentialAction\":[{\"@type\":\"ReadAction\",\"target\":[\"https:\\\/\\\/www.facadeaccesssolutions.com\\\/de\\\/projects\\\/\"]}]},{\"@type\":\"BreadcrumbList\",\"@id\":\"https:\\\/\\\/www.facadeaccesssolutions.com\\\/de\\\/projects\\\/#breadcrumb\",\"itemListElement\":[{\"@type\":\"ListItem\",\"position\":1,\"name\":\"Home\",\"item\":\"https:\\\/\\\/www.facadeaccesssolutions.com\\\/de\\\/\"},{\"@type\":\"ListItem\",\"position\":2,\"name\":\"Projekte\"}]},{\"@type\":\"WebSite\",\"@id\":\"https:\\\/\\\/www.facadeaccesssolutions.com\\\/de\\\/#website\",\"url\":\"https:\\\/\\\/www.facadeaccesssolutions.com\\\/de\\\/\",\"name\":\"Facade Access Solutions\",\"description\":\"Part Of Alimak Group\",\"potentialAction\":[{\"@type\":\"SearchAction\",\"target\":{\"@type\":\"EntryPoint\",\"urlTemplate\":\"https:\\\/\\\/www.facadeaccesssolutions.com\\\/de\\\/?s={search_term_string}\"},\"query-input\":{\"@type\":\"PropertyValueSpecification\",\"valueRequired\":true,\"valueName\":\"search_term_string\"}}],\"inLanguage\":\"de\"}]}<\/script>\n<!-- \/ Yoast SEO Premium plugin. -->","yoast_head_json":{"title":"Unsere aktuellen Projekte | Fassadenzugangsl\u00f6sungen","description":"Entdecken Sie unsere Fassadenzugangsprojekte. Wir bieten sichere, effiziente und normkonforme L\u00f6sungen f\u00fcr verschiedenste Branchen.","robots":{"index":"index","follow":"follow","max-snippet":"max-snippet:-1","max-image-preview":"max-image-preview:large","max-video-preview":"max-video-preview:-1"},"canonical":"https:\/\/www.facadeaccesssolutions.com\/de\/projects\/","og_locale":"de_DE","og_type":"article","og_title":"Projekte","og_description":"Entdecken Sie unsere Fassadenzugangsprojekte. Wir bieten sichere, effiziente und normkonforme L\u00f6sungen f\u00fcr verschiedenste Branchen.","og_url":"https:\/\/www.facadeaccesssolutions.com\/de\/projects\/","og_site_name":"Facade Access Solutions Germany","article_modified_time":"2026-01-30T12:35:40+00:00","twitter_card":"summary_large_image","schema":{"@context":"https:\/\/schema.org","@graph":[{"@type":"WebPage","@id":"https:\/\/www.facadeaccesssolutions.com\/de\/projects\/","url":"https:\/\/www.facadeaccesssolutions.com\/de\/projects\/","name":"Unsere aktuellen Projekte | Fassadenzugangsl\u00f6sungen","isPartOf":{"@id":"https:\/\/www.facadeaccesssolutions.com\/de\/#website"},"datePublished":"2026-01-30T12:30:13+00:00","dateModified":"2026-01-30T12:35:40+00:00","description":"Entdecken Sie unsere Fassadenzugangsprojekte. Wir bieten sichere, effiziente und normkonforme L\u00f6sungen f\u00fcr verschiedenste Branchen.","breadcrumb":{"@id":"https:\/\/www.facadeaccesssolutions.com\/de\/projects\/#breadcrumb"},"inLanguage":"de","potentialAction":[{"@type":"ReadAction","target":["https:\/\/www.facadeaccesssolutions.com\/de\/projects\/"]}]},{"@type":"BreadcrumbList","@id":"https:\/\/www.facadeaccesssolutions.com\/de\/projects\/#breadcrumb","itemListElement":[{"@type":"ListItem","position":1,"name":"Home","item":"https:\/\/www.facadeaccesssolutions.com\/de\/"},{"@type":"ListItem","position":2,"name":"Projekte"}]},{"@type":"WebSite","@id":"https:\/\/www.facadeaccesssolutions.com\/de\/#website","url":"https:\/\/www.facadeaccesssolutions.com\/de\/","name":"Facade Access Solutions","description":"Part Of Alimak Group","potentialAction":[{"@type":"SearchAction","target":{"@type":"EntryPoint","urlTemplate":"https:\/\/www.facadeaccesssolutions.com\/de\/?s={search_term_string}"},"query-input":{"@type":"PropertyValueSpecification","valueRequired":true,"valueName":"search_term_string"}}],"inLanguage":"de"}]}},"_links":{"self":[{"href":"https:\/\/www.facadeaccesssolutions.com\/de\/wp-json\/wp\/v2\/pages\/1327","targetHints":{"allow":["GET"]}}],"collection":[{"href":"https:\/\/www.facadeaccesssolutions.com\/de\/wp-json\/wp\/v2\/pages"}],"about":[{"href":"https:\/\/www.facadeaccesssolutions.com\/de\/wp-json\/wp\/v2\/types\/page"}],"author":[{"embeddable":true,"href":"https:\/\/www.facadeaccesssolutions.com\/de\/wp-json\/wp\/v2\/users\/1"}],"replies":[{"embeddable":true,"href":"https:\/\/www.facadeaccesssolutions.com\/de\/wp-json\/wp\/v2\/comments?post=1327"}],"version-history":[{"count":2,"href":"https:\/\/www.facadeaccesssolutions.com\/de\/wp-json\/wp\/v2\/pages\/1327\/revisions"}],"predecessor-version":[{"id":1330,"href":"https:\/\/www.facadeaccesssolutions.com\/de\/wp-json\/wp\/v2\/pages\/1327\/revisions\/1330"}],"wp:attachment":[{"href":"https:\/\/www.facadeaccesssolutions.com\/de\/wp-json\/wp\/v2\/media?parent=1327"}],"curies":[{"name":"wp","href":"https:\/\/api.w.org\/{rel}","templated":true}]}}