{"id":135,"date":"2024-08-01T04:31:04","date_gmt":"2024-08-01T04:31:04","guid":{"rendered":"http:\/\/localhost\/techno\/facade\/wordpress\/?page_id=135"},"modified":"2026-04-26T23:27:25","modified_gmt":"2026-04-26T23:27:25","slug":"brands","status":"publish","type":"page","link":"https:\/\/www.facadeaccesssolutions.com\/de\/brands\/","title":{"rendered":"Marken"},"content":{"rendered":"\r\n<section class=\"breadcrumbs\" data-aos=\"fade-up\" data-aos-duration=\"600\" data-aos-easing=\"ease-out\" data-aos-delay=\"100\">\r\n    <div class=\"content_holder content_holder_1570\">\r\n    \t<ul>\r\n        \t\t\t\t<li><a href=\"https:\/\/www.facadeaccesssolutions.com\/de\/\">Startseite<\/a><\/li>\r\n\t\t\t        <\/ul>\r\n    <\/div>\r\n<\/section>\n\n<section class=\"page_title \" data-aos=\"fade-up\" data-aos-duration=\"600\" data-aos-easing=\"ease-out\" data-aos-delay=\"200\">\n    <div class=\"content_holder content_holder_1570\">\n        <h1>MARKEN<\/h1>\n    <\/div>\n<\/section>\n\n\n\r\n<section class=\"intro_contents intro_contents_1\">\r\n    <div class=\"content_holder content_holder_1570 clearfix\">\r\n    \t        <div class=\"in_left\" data-aos=\"fade-up\" data-aos-duration=\"600\" data-aos-easing=\"ease-out\" data-aos-delay=\"100\">\r\n            <h2 class=\"title_line uppercase\">DIE FACADE ACCESS DIVISION DER ALIMAK GROUP<\/h2>\r\n        <\/div>\r\n                        <div class=\"in_right\" data-aos=\"fade-up\" data-aos-duration=\"600\" data-aos-easing=\"ease-out\" data-aos-delay=\"300\">\r\n        \t<p class=\"\" data-start=\"50\" data-end=\"349\">Mit einer weltweiten Pr\u00e4senz und \u00fcber 120 Jahren geb\u00fcndelter Erfahrung z\u00e4hlen <strong>Tractel<\/strong>, <strong>Manntech<\/strong> und <strong>CoxGomyl<\/strong> zu den Pionieren und Innovatoren der Branche. Sie bieten optimale L\u00f6sungen f\u00fcr die Geb\u00e4udereinigung und -wartung \u2013 f\u00fcr jede Geb\u00e4udeart, unabh\u00e4ngig von ihrer Komplexit\u00e4t oder Einfachheit.<\/p>\n<p class=\"\" data-start=\"351\" data-end=\"586\">Die Kombination dieser Marken steht f\u00fcr zuverl\u00e4ssige und effiziente Fassadenzugangssysteme, basierend auf bew\u00e4hrten Technologien. Sie garantieren herausragende Leistung und erf\u00fcllen h\u00f6chste Anforderungen an Sicherheit und Qualit\u00e4t.<\/p>\n        <\/div>\r\n            <\/div>\r\n<\/section>\r\n\r\n\r\n\n\n\r\n<section class=\"brand_cols\">\r\n    <div class=\"content_holder content_holder_1570\">\r\n        <div class=\"bcols\">\r\n        \t\t\t\t            <div class=\"bcol bcol_1\" data-aos=\"fade-up\" data-aos-duration=\"600\" data-aos-easing=\"ease-out\" data-aos-delay=\"100\">\r\n                <div class=\"bimg img_zoom\">\r\n                    <img decoding=\"async\" src=\"https:\/\/www.facadeaccesssolutions.com\/de\/wp-content\/uploads\/sites\/11\/2024\/08\/brand_1-600x812_c.jpg\" alt=\"davit arm system\">\r\n                    \t\t\t\t\t                    \r\n                    <div class=\"blogo\"><div class=\"site_tb\"><div class=\"site_td\">\r\n                        <img decoding=\"async\" src=\"https:\/\/www.facadeaccesssolutions.com\/de\/wp-content\/uploads\/sites\/11\/2024\/08\/brand_1.png\" alt=\"Tractel Logo\">\r\n                    <\/div><\/div><\/div>\r\n                                                            <a href=\"https:\/\/www.tractel.com\/global\" target=\"_blank\"><\/a>\r\n                                    <\/div>\r\n                <div class=\"btxt\">\r\n                \t                    <h2><a href=\"https:\/\/www.tractel.com\/global\" target=\"_blank\">Tractel<\/a><\/h2>\r\n                                        <p>Tractel bietet ein breites Portfolio an Hebe- und Handhabungsprodukten, Absturzsicherungen sowie Fassadenzugangsl\u00f6sungen und zugeh\u00f6rigen Dienstleistungen. Die weltweit anerkannten Produkte zeichnen sich durch ihre Robustheit, Mobilit\u00e4t, Reparaturf\u00e4higkeit und inh\u00e4rente Sicherheit aus \u2013 unterst\u00fctzt durch exzellenten Service. So gew\u00e4hrleistet Tractel die Sicherheit und Produktivit\u00e4t seiner Kunden in verschiedensten Branchen.<\/p>\n                <\/div>\r\n                                <div class=\"brand_link\"><a href=\"https:\/\/www.tractel.com\/global\" target=\"_blank\">Besuchen Sie tractel.com<\/a><\/div>\r\n                            <\/div>\r\n                        \r\n            \r\n            \r\n            \t\t\t            <div class=\"bcol bcol_2\" data-aos=\"fade-up\" data-aos-duration=\"600\" data-aos-easing=\"ease-out\" data-aos-delay=\"200\">\r\n                <div class=\"bimg img_zoom\">\r\n                    <img decoding=\"async\" src=\"https:\/\/www.facadeaccesssolutions.com\/de\/wp-content\/uploads\/sites\/11\/2024\/08\/brand_3-600x812_c.jpg\" alt=\"manntech bmu\">\r\n                    \t\t\t\t\t                    \r\n                    <div class=\"blogo\"><div class=\"site_tb\"><div class=\"site_td\">\r\n                        <img decoding=\"async\" src=\"https:\/\/www.facadeaccesssolutions.com\/de\/wp-content\/uploads\/sites\/11\/2024\/08\/brand_3.png\" alt=\"Manntech Logo\">\r\n                    <\/div><\/div><\/div>\r\n                                                            <a href=\"https:\/\/www.manntech.com\/\" target=\"_blank\"><\/a>\r\n                                    <\/div>\r\n                <div class=\"btxt\">\r\n                \t                    <h2><a href=\"https:\/\/www.manntech.com\/\" target=\"_blank\">Manntech<\/a><\/h2>\r\n                                        <p>Manntech ist weltweit bekannt f\u00fcr hochentwickelte, in Deutschland gefertigte Geb\u00e4udereinigungsanlagen in h\u00f6chster Qualit\u00e4t und hat viele der heute in der Branche etablierten Fassadenzugangssysteme ma\u00dfgeblich mitentwickelt. Mit \u00fcber 60 Jahren Erfahrung verf\u00fcgt Manntech \u00fcber die l\u00e4ngste Innovationsgeschichte in der Entwicklung ganzheitlicher Zugangsl\u00f6sungen f\u00fcr einige der komplexesten architektonischen Bauwerke weltweit.<\/p>\n                <\/div>\r\n                                <div class=\"brand_link\"><a href=\"https:\/\/www.manntech.com\/\" target=\"_blank\">Besuchen Sie manntech.com<\/a><\/div>\r\n                            <\/div>\r\n                        \r\n            \r\n            \t\t\t            <div class=\"bcol bcol_3\" data-aos=\"fade-up\" data-aos-duration=\"600\" data-aos-easing=\"ease-out\" data-aos-delay=\"300\">\r\n                <div class=\"bimg img_zoom\">\r\n                    <img decoding=\"async\" src=\"https:\/\/www.facadeaccesssolutions.com\/de\/wp-content\/uploads\/sites\/11\/2024\/08\/brand_2-600x812_c.jpg\" alt=\"CoxGomyl bmu\">\r\n                    \t\t\t\t\t                    \r\n                    <div class=\"blogo\"><div class=\"site_tb\"><div class=\"site_td\">\r\n                        <img decoding=\"async\" src=\"https:\/\/www.facadeaccesssolutions.com\/de\/wp-content\/uploads\/sites\/11\/2024\/08\/brand_2.png\" alt=\"CoxGomyl logo\">\r\n                    <\/div><\/div><\/div>\r\n                                                            <a href=\"https:\/\/www.coxgomyl.com\/\" target=\"_blank\"><\/a>\r\n                                    <\/div>\r\n                <div class=\"btxt\">\r\n                \t                    <h2><a href=\"https:\/\/www.coxgomyl.com\/\" target=\"_blank\">CoxGomyl<\/a><\/h2>\r\n                                        <p>CoxGomyl ist ein weltweit f\u00fchrender Anbieter von Fassadenzugangsl\u00f6sungen. Mit einer globalen Pr\u00e4senz und \u00fcber 60 Jahren Erfahrung bietet CoxGomyl das breiteste Sortiment konfigurierbarer Geb\u00e4udereinigungsanlagen \u2013 basierend auf innovativen, bew\u00e4hrten Technologien, die herausragende Leistung erm\u00f6glichen.<\/p>\n                <\/div>\r\n                                <div class=\"brand_link\"><a href=\"https:\/\/www.coxgomyl.com\/\" target=\"_blank\">Besuchen Sie coxgomyl.com<\/a><\/div>\r\n                            <\/div>\r\n                        \r\n        <\/div>\r\n    <\/div>\r\n<\/section>\r\n\r\n","protected":false},"excerpt":{"rendered":"","protected":false},"author":1,"featured_media":0,"parent":0,"menu_order":0,"comment_status":"closed","ping_status":"closed","template":"","meta":{"_acf_changed":false,"_trash_the_other_posts":false,"editor_notices":[],"footnotes":""},"class_list":["post-135","page","type-page","status-publish","hentry"],"acf":[],"yoast_head":"<!-- This site is optimized with the Yoast SEO Premium plugin v27.1 (Yoast SEO v27.3) - https:\/\/yoast.com\/product\/yoast-seo-premium-wordpress\/ -->\n<title>Unsere Marken &amp; globale Partner | Facade Access Solutions<\/title>\n<meta name=\"description\" content=\"Unsere Marken und Partner wie CoxGomyl, Manntech und Tractel stehen f\u00fcr hochwertige Fassadenzugangsl\u00f6sungen und Ingenieurkompetenz weltweit.\" \/>\n<meta name=\"robots\" content=\"index, follow, max-snippet:-1, max-image-preview:large, max-video-preview:-1\" \/>\n<link rel=\"canonical\" href=\"https:\/\/www.facadeaccesssolutions.com\/de\/brands\/\" \/>\n<meta property=\"og:locale\" content=\"de_DE\" \/>\n<meta property=\"og:type\" content=\"article\" \/>\n<meta property=\"og:title\" content=\"Marken\" \/>\n<meta property=\"og:description\" content=\"Unsere Marken und Partner wie CoxGomyl, Manntech und Tractel stehen f\u00fcr hochwertige Fassadenzugangsl\u00f6sungen und Ingenieurkompetenz weltweit.\" \/>\n<meta property=\"og:url\" content=\"https:\/\/www.facadeaccesssolutions.com\/de\/brands\/\" \/>\n<meta property=\"og:site_name\" content=\"Facade Access Solutions Germany\" \/>\n<meta property=\"article:modified_time\" content=\"2026-04-26T23:27:25+00:00\" \/>\n<meta name=\"twitter:card\" content=\"summary_large_image\" \/>\n<script type=\"application\/ld+json\" class=\"yoast-schema-graph\">{\"@context\":\"https:\\\/\\\/schema.org\",\"@graph\":[{\"@type\":\"WebPage\",\"@id\":\"https:\\\/\\\/www.facadeaccesssolutions.com\\\/de\\\/brands\\\/\",\"url\":\"https:\\\/\\\/www.facadeaccesssolutions.com\\\/de\\\/brands\\\/\",\"name\":\"Unsere Marken & globale Partner | Facade Access Solutions\",\"isPartOf\":{\"@id\":\"https:\\\/\\\/www.facadeaccesssolutions.com\\\/de\\\/#website\"},\"datePublished\":\"2024-08-01T04:31:04+00:00\",\"dateModified\":\"2026-04-26T23:27:25+00:00\",\"description\":\"Unsere Marken und Partner wie CoxGomyl, Manntech und Tractel stehen f\u00fcr hochwertige Fassadenzugangsl\u00f6sungen und Ingenieurkompetenz weltweit.\",\"breadcrumb\":{\"@id\":\"https:\\\/\\\/www.facadeaccesssolutions.com\\\/de\\\/brands\\\/#breadcrumb\"},\"inLanguage\":\"de\",\"potentialAction\":[{\"@type\":\"ReadAction\",\"target\":[\"https:\\\/\\\/www.facadeaccesssolutions.com\\\/de\\\/brands\\\/\"]}]},{\"@type\":\"BreadcrumbList\",\"@id\":\"https:\\\/\\\/www.facadeaccesssolutions.com\\\/de\\\/brands\\\/#breadcrumb\",\"itemListElement\":[{\"@type\":\"ListItem\",\"position\":1,\"name\":\"Home\",\"item\":\"https:\\\/\\\/www.facadeaccesssolutions.com\\\/de\\\/\"},{\"@type\":\"ListItem\",\"position\":2,\"name\":\"Marken\"}]},{\"@type\":\"WebSite\",\"@id\":\"https:\\\/\\\/www.facadeaccesssolutions.com\\\/de\\\/#website\",\"url\":\"https:\\\/\\\/www.facadeaccesssolutions.com\\\/de\\\/\",\"name\":\"Facade Access Solutions\",\"description\":\"Part Of Alimak Group\",\"potentialAction\":[{\"@type\":\"SearchAction\",\"target\":{\"@type\":\"EntryPoint\",\"urlTemplate\":\"https:\\\/\\\/www.facadeaccesssolutions.com\\\/de\\\/?s={search_term_string}\"},\"query-input\":{\"@type\":\"PropertyValueSpecification\",\"valueRequired\":true,\"valueName\":\"search_term_string\"}}],\"inLanguage\":\"de\"}]}<\/script>\n<!-- \/ Yoast SEO Premium plugin. -->","yoast_head_json":{"title":"Unsere Marken & globale Partner | Facade Access Solutions","description":"Unsere Marken und Partner wie CoxGomyl, Manntech und Tractel stehen f\u00fcr hochwertige Fassadenzugangsl\u00f6sungen und Ingenieurkompetenz weltweit.","robots":{"index":"index","follow":"follow","max-snippet":"max-snippet:-1","max-image-preview":"max-image-preview:large","max-video-preview":"max-video-preview:-1"},"canonical":"https:\/\/www.facadeaccesssolutions.com\/de\/brands\/","og_locale":"de_DE","og_type":"article","og_title":"Marken","og_description":"Unsere Marken und Partner wie CoxGomyl, Manntech und Tractel stehen f\u00fcr hochwertige Fassadenzugangsl\u00f6sungen und Ingenieurkompetenz weltweit.","og_url":"https:\/\/www.facadeaccesssolutions.com\/de\/brands\/","og_site_name":"Facade Access Solutions Germany","article_modified_time":"2026-04-26T23:27:25+00:00","twitter_card":"summary_large_image","schema":{"@context":"https:\/\/schema.org","@graph":[{"@type":"WebPage","@id":"https:\/\/www.facadeaccesssolutions.com\/de\/brands\/","url":"https:\/\/www.facadeaccesssolutions.com\/de\/brands\/","name":"Unsere Marken & globale Partner | Facade Access Solutions","isPartOf":{"@id":"https:\/\/www.facadeaccesssolutions.com\/de\/#website"},"datePublished":"2024-08-01T04:31:04+00:00","dateModified":"2026-04-26T23:27:25+00:00","description":"Unsere Marken und Partner wie CoxGomyl, Manntech und Tractel stehen f\u00fcr hochwertige Fassadenzugangsl\u00f6sungen und Ingenieurkompetenz weltweit.","breadcrumb":{"@id":"https:\/\/www.facadeaccesssolutions.com\/de\/brands\/#breadcrumb"},"inLanguage":"de","potentialAction":[{"@type":"ReadAction","target":["https:\/\/www.facadeaccesssolutions.com\/de\/brands\/"]}]},{"@type":"BreadcrumbList","@id":"https:\/\/www.facadeaccesssolutions.com\/de\/brands\/#breadcrumb","itemListElement":[{"@type":"ListItem","position":1,"name":"Home","item":"https:\/\/www.facadeaccesssolutions.com\/de\/"},{"@type":"ListItem","position":2,"name":"Marken"}]},{"@type":"WebSite","@id":"https:\/\/www.facadeaccesssolutions.com\/de\/#website","url":"https:\/\/www.facadeaccesssolutions.com\/de\/","name":"Facade Access Solutions","description":"Part Of Alimak Group","potentialAction":[{"@type":"SearchAction","target":{"@type":"EntryPoint","urlTemplate":"https:\/\/www.facadeaccesssolutions.com\/de\/?s={search_term_string}"},"query-input":{"@type":"PropertyValueSpecification","valueRequired":true,"valueName":"search_term_string"}}],"inLanguage":"de"}]}},"_links":{"self":[{"href":"https:\/\/www.facadeaccesssolutions.com\/de\/wp-json\/wp\/v2\/pages\/135","targetHints":{"allow":["GET"]}}],"collection":[{"href":"https:\/\/www.facadeaccesssolutions.com\/de\/wp-json\/wp\/v2\/pages"}],"about":[{"href":"https:\/\/www.facadeaccesssolutions.com\/de\/wp-json\/wp\/v2\/types\/page"}],"author":[{"embeddable":true,"href":"https:\/\/www.facadeaccesssolutions.com\/de\/wp-json\/wp\/v2\/users\/1"}],"replies":[{"embeddable":true,"href":"https:\/\/www.facadeaccesssolutions.com\/de\/wp-json\/wp\/v2\/comments?post=135"}],"version-history":[{"count":8,"href":"https:\/\/www.facadeaccesssolutions.com\/de\/wp-json\/wp\/v2\/pages\/135\/revisions"}],"predecessor-version":[{"id":1461,"href":"https:\/\/www.facadeaccesssolutions.com\/de\/wp-json\/wp\/v2\/pages\/135\/revisions\/1461"}],"wp:attachment":[{"href":"https:\/\/www.facadeaccesssolutions.com\/de\/wp-json\/wp\/v2\/media?parent=135"}],"curies":[{"name":"wp","href":"https:\/\/api.w.org\/{rel}","templated":true}]}}