{"id":147,"date":"2024-08-01T04:58:34","date_gmt":"2024-08-01T04:58:34","guid":{"rendered":"http:\/\/localhost\/techno\/facade\/wordpress\/?page_id=147"},"modified":"2026-04-12T22:15:21","modified_gmt":"2026-04-12T22:15:21","slug":"cookie-policy","status":"publish","type":"page","link":"https:\/\/www.facadeaccesssolutions.com\/de\/cookie-policy\/","title":{"rendered":"Cookie-Richtlinie"},"content":{"rendered":"\r\n<section class=\"breadcrumbs\" data-aos=\"fade-up\" data-aos-duration=\"600\" data-aos-easing=\"ease-out\" data-aos-delay=\"100\">\r\n    <div class=\"content_holder content_holder_1570\">\r\n    \t<ul>\r\n        \t\t\t\t<li><a href=\"https:\/\/www.facadeaccesssolutions.com\/de\/\">Startseite<\/a><\/li>\r\n\t\t\t        <\/ul>\r\n    <\/div>\r\n<\/section>\n\n<section class=\"page_title \" data-aos=\"fade-up\" data-aos-duration=\"600\" data-aos-easing=\"ease-out\" data-aos-delay=\"200\">\n    <div class=\"content_holder content_holder_1570\">\n        <h1>Cookie-Richtlinie<\/h1>\n    <\/div>\n<\/section>\n\n\n<section class=\"content_pg \" data-aos=\"fade-up\" data-aos-duration=\"600\" data-aos-easing=\"ease-out\" data-aos-delay=\"300\"> \r\n    <div class=\"content_holder content_holder_1570 clearfix\">\r\n    \t<div class=\"site_contents\" style=\"max-width:px\">\r\n\t    \t<p>Diese Website verwendet Cookies. Wir nutzen Cookies, um Inhalte und Werbung zu personalisieren, Funktionen f\u00fcr soziale Medien bereitzustellen und unseren Website-Traffic zu analysieren. Au\u00dferdem geben wir Informationen \u00fcber Ihre Nutzung unserer Website an unsere Partner in den Bereichen soziale Medien, Werbung und Analyse weiter, die diese m\u00f6glicherweise mit anderen Informationen kombinieren, die Sie ihnen zur Verf\u00fcgung gestellt haben oder die sie von anderen Webseiten erfasst haben, die nicht unserer Kontrolle unterliegen.<\/p>\n<h5>Informationen zur Verwendung von Cookies durch die Alimak Group AB<\/h5>\n<p>Da wir bei der Alimak Group AB m\u00f6chten, dass Sie unsere Website so reibungslos wie m\u00f6glich nutzen k\u00f6nnen, verwenden wir Cookies. Im Folgenden wird beschrieben, wie die Alimak Group AB Cookies auf unseren Websites\/Domains einsetzt und wie Sie diesen zustimmen, sie blockieren oder l\u00f6schen k\u00f6nnen.<\/p>\n<p>Wir verwenden auf unserer Website vier verschiedene Kategorien von Cookies: notwendige, Pr\u00e4ferenz-, Statistik- und Marketing-Cookies. Die notwendigen Cookies sind erforderlich, damit die Website ordnungsgem\u00e4\u00df funktioniert und Sie sich auf der Website bewegen und deren Funktionen nutzen k\u00f6nnen. Mit Ausnahme dieser notwendigen Cookies verwenden wir nur die Cookies, deren Verwendung Sie uns durch Ihre Auswahl \u00fcber das Banner gestattet haben, das beim ersten Aufrufen der Website erscheint. Diese anderen Cookies erm\u00f6glichen es uns, die Funktionen der Website an Ihre Bed\u00fcrfnisse anzupassen, Ihr Erlebnis zu verbessern und zuk\u00fcnftige Besuche zu personalisieren, z. B. indem wir Ihre Benutzereinstellungen speichern. Wenn Sie uns keine Erlaubnis zum Speichern bestimmter Cookies erteilen, kann es sein, dass Sie nicht alle Bereiche der Website nutzen k\u00f6nnen und dass bestimmte Teile der Website nicht ordnungsgem\u00e4\u00df oder wie vorgesehen funktionieren. Wir m\u00f6chten Sie au\u00dferdem darauf hinweisen, dass bestimmte Cookies von Drittanbietern gesetzt werden, deren Dienste auf unserer Website angezeigt werden.<\/p>\n<p>Einige Cookies k\u00f6nnen auch Informationen \u00fcber Sie und Ihr Online-Verhalten erfassen. Wenn Sie mehr dar\u00fcber erfahren m\u00f6chten, wie wir bei Alimak Group AB die von Ihnen erhobenen personenbezogenen Daten verarbeiten, lesen Sie bitte unsere Datenschutzerkl\u00e4rung. In dieser Erkl\u00e4rung finden Sie auch Informationen dar\u00fcber, wie Sie mit uns in Kontakt treten k\u00f6nnen, falls Sie Fragen zu unserer Verarbeitung Ihrer personenbezogenen Daten haben.<\/p>\n<p>Wir haben daf\u00fcr gesorgt, dass Sie selbst bestimmen k\u00f6nnen, wie wir die auf Ihrem Ger\u00e4t platzierten Cookies verwenden. Daher haben wir Ihnen die M\u00f6glichkeit gegeben, auszuw\u00e4hlen, welche Kategorien von Cookies wir auf Ihrem Ger\u00e4t einsetzen d\u00fcrfen. Sie k\u00f6nnen Ihre Einwilligung \u00fcber unseren Cookie-Einwilligungsbanner auf unserer Website \u00e4ndern oder widerrufen. Wenn Sie Fragen zu den Cookies haben, die wir auf Ihrem Ger\u00e4t platziert haben, kontaktieren Sie uns bitte unter info@alimakgroup.com. Denken Sie daran, Ihre Einwilligungs-ID und das Datum anzugeben, die Sie unten finden, wenn Sie uns kontaktieren.<\/p>\n<h5>Wenn Sie sich fragen, was Cookies sind\u2026<\/h5>\n<p>Cookies sind kleine Textdateien mit Informationen, die auf Ihrem Ger\u00e4t, d. h. Ihrem Computer, Mobiltelefon, Tablet usw., gespeichert werden, wenn Sie eine Website besuchen. Ein Cookie enth\u00e4lt in der Regel den Namen der Website, von der das Cookie stammt, die Speicherdauer des Cookies und eine Nummer (meist eine zuf\u00e4llig generierte eindeutige Nummer). Cookies werden verwendet, um Websites effektiver zu gestalten, aber auch, um dem Betreiber einer Website bestimmte Informationen zu liefern. Cookies erm\u00f6glichen es, verschiedene Nutzer voneinander zu unterscheiden, was jedem Nutzer ein pers\u00f6nlicheres und positiveres Erlebnis auf der Website bieten kann.<\/p>\n<p>Ihre Einwilligung gilt f\u00fcr die folgenden Domains: <a href=\"http:\/\/www.facadeaccesssolutions.com\">www.facadeaccesssolutions.com<\/a><\/p>\n<p>Ihr aktueller Status: Alle zulassen.<br \/>\nIhre Einwilligungs-ID: 6TpN\/Fr2JJ41v74Z2s5isam3RqfDYFGzWniMy43JBwjqFDGhiGgMPw==<br \/>\nDatum der Einwilligung: Mittwoch, 12. Juni 2024 um 13:07:43 Uhr GMT+10<\/p>\n<h6>Einwilligung \u00e4ndern | Einwilligung widerrufen<\/h6>\n<p>Cookie-Erkl\u00e4rung zuletzt aktualisiert am 29.05.24 durch Cookiebot:<\/p>\n<h6>Notwendig (14)<\/h6>\n<p>Notwendige Cookies tragen zur Nutzbarkeit einer Website bei, indem sie grundlegende Funktionen wie die Seitennavigation und den Zugriff auf sichere Bereiche der Website erm\u00f6glichen. Ohne diese Cookies kann die Website nicht ordnungsgem\u00e4\u00df funktionieren.<\/p>\n<table border=\"0\" width=\"100%\" cellspacing=\"0\" cellpadding=\"0\">\n<tbody>\n<tr>\n<th>Name<\/th>\n<th>Anbieter<\/th>\n<th>Zweck<\/th>\n<th>Ablauf<\/th>\n<th>Typ<\/th>\n<\/tr>\n<tr>\n<td>__cf_bm [x3]<\/td>\n<td>Hubspot<\/td>\n<td>Dieses Cookie wird verwendet, um zwischen Menschen und Bots zu unterscheiden. Dies ist f\u00fcr die Website von Vorteil, um aussagekr\u00e4ftige Berichte \u00fcber die Nutzung ihrer Website zu erstellen.<\/td>\n<td>0 Tage<\/td>\n<td>HTTP-Cookie<\/td>\n<\/tr>\n<tr>\n<td>_cfuvid [x2]<\/td>\n<td>Hubspot<\/td>\n<td>Dieses Cookie ist Teil der von Cloudflare bereitgestellten Dienste \u2013 einschlie\u00dflich Lastenausgleich, Bereitstellung von Website-Inhalten und Bereitstellung von DNS-Verbindungen f\u00fcr Website-Betreiber.<\/td>\n<td>Sitzung<\/td>\n<td>HTTP-Cookie<\/td>\n<\/tr>\n<tr>\n<td>_grecaptcha<\/td>\n<td>Google<\/td>\n<td>Dieses Cookie wird verwendet, um zwischen Menschen und Bots zu unterscheiden. Dies ist f\u00fcr die Website von Vorteil, um aussagekr\u00e4ftige Berichte \u00fcber die Nutzung ihrer Website zu erstellen.<\/td>\n<td>Persistent<\/td>\n<td>HTML Local Storage<\/td>\n<\/tr>\n<tr>\n<td>_GRECAPTCHA<\/td>\n<td>Google<\/td>\n<td>Ausstehend<\/td>\n<td>179 Tage<\/td>\n<td>HTTP-Cookie<\/td>\n<\/tr>\n<tr>\n<td>1.gif<\/td>\n<td>Cookiebot<\/td>\n<td>Wird verwendet, um die Anzahl der Sitzungen auf der Website zu z\u00e4hlen, was f\u00fcr die Optimierung der Bereitstellung von CMP-Produkten erforderlich ist.<\/td>\n<td>Sitzung<\/td>\n<td>Pixel Tracker<\/td>\n<\/tr>\n<tr>\n<td>CookieConsent<\/td>\n<td>Cookiebot<\/td>\n<td>Speichert den Status der Cookie-Einwilligung des Nutzers f\u00fcr die aktuelle Domain<\/td>\n<td>1 Jahr<\/td>\n<td>HTTP-Cookie<\/td>\n<\/tr>\n<tr>\n<td>rc::a<\/td>\n<td>Google<\/td>\n<td>Dieses Cookie wird verwendet, um zwischen Menschen und Bots zu unterscheiden. Dies ist f\u00fcr die Website von Vorteil, um aussagekr\u00e4ftige Berichte \u00fcber die Nutzung ihrer Website zu erstellen.<\/td>\n<td>Persistent<\/td>\n<td>HTML Local Storage<\/td>\n<\/tr>\n<tr>\n<td>rc::b<\/td>\n<td>Google<\/td>\n<td>Dieses Cookie wird verwendet, um zwischen Menschen und Bots zu unterscheiden.<\/td>\n<td>Sitzung<\/td>\n<td>HTML-Lokalspeicher<\/td>\n<\/tr>\n<tr>\n<td>rc::c<\/td>\n<td>Google<\/td>\n<td>Dieses Cookie wird verwendet, um zwischen Menschen und Bots zu unterscheiden.<\/td>\n<td>Sitzung<\/td>\n<td>Lokaler HTML-Speicher<\/td>\n<\/tr>\n<tr>\n<td>rc::d-15#<\/td>\n<td>Google<\/td>\n<td>Dieses Cookie wird verwendet, um zwischen Menschen und Bots zu unterscheiden.<\/td>\n<td>Persistent<\/td>\n<td>Lokaler HTML-Speicher<\/td>\n<\/tr>\n<tr>\n<td>rc::f<\/td>\n<td>Google<\/td>\n<td>Dieses Cookie wird verwendet, um zwischen Menschen und Bots zu unterscheiden.<\/td>\n<td>Dauerhaft<\/td>\n<td>Lokaler HTML-Speicher<\/td>\n<\/tr>\n<\/tbody>\n<\/table>\n<table border=\"0\" width=\"100%\" cellspacing=\"0\" cellpadding=\"0\">\n<tbody>\n<tr>\n<th colspan=\"5\">Statistik (11)<\/th>\n<\/tr>\n<tr>\n<td colspan=\"5\">Statistik-Cookies helfen Website-Betreibern dabei, zu verstehen, wie Besucher mit Websites interagieren, indem sie Informationen anonym sammeln und auswerten.<\/td>\n<\/tr>\n<tr>\n<th>Name<\/th>\n<th>Anbieter<\/th>\n<th>Zweck<\/th>\n<th>Ablauf<\/th>\n<th>Typ<\/th>\n<\/tr>\n<tr>\n<td>__hssc<\/td>\n<td>Hubspot<\/td>\n<td>Ermittelt, ob die Cookie-Daten im Browser des Besuchers aktualisiert werden m\u00fcssen.<\/td>\n<td>0 Tage<\/td>\n<td>HTTP-Cookie<\/td>\n<\/tr>\n<tr>\n<td>__hssrc<\/td>\n<td>Hubspot<\/td>\n<td>Wird verwendet, um den Browser des Besuchers bei erneutem Aufruf der Website zu erkennen.<\/td>\n<td>Sitzung<\/td>\n<td>HTTP-Cookie<\/td>\n<\/tr>\n<tr>\n<td>__hstc<\/td>\n<td>Hubspot<\/td>\n<td>Legt eine eindeutige ID f\u00fcr die Sitzung fest. Dies erm\u00f6glicht es der Website, Daten zum Besucherverhalten f\u00fcr statistische Zwecke zu erfassen.<\/td>\n<td>179 Tage<\/td>\n<td>HTTP-Cookie<\/td>\n<\/tr>\n<tr>\n<td>_ga<\/td>\n<td>Google<\/td>\n<td>Registriert eine eindeutige ID, die zur Erstellung statistischer Daten \u00fcber die Nutzung der Website durch den Besucher verwendet wird.<\/td>\n<td>2 Jahre<\/td>\n<td>HTTP-Cookie<\/td>\n<\/tr>\n<tr>\n<td>_ga_#<\/td>\n<td>Google<\/td>\n<td>Wird von Google Analytics verwendet, um Daten dar\u00fcber zu sammeln, wie oft ein Nutzer die Website besucht hat, sowie die Daten des ersten und des letzten Besuchs.<\/td>\n<td>2 Jahre<\/td>\n<td>HTTP-Cookie<\/td>\n<\/tr>\n<tr>\n<td>_gat<\/td>\n<td>Google<\/td>\n<td>Wird von Google Analytics verwendet, um die Anfragerate zu drosseln<\/td>\n<td>0 Tage<\/td>\n<td>HTTP-Cookie<\/td>\n<\/tr>\n<tr>\n<td>_gid<\/td>\n<td>Google<\/td>\n<td>Registriert eine eindeutige ID, die verwendet wird, um statistische Daten dar\u00fcber zu generieren, wie der Besucher die Website nutzt.<\/td>\n<td>Persistent<\/td>\n<td>HTTP-Cookie<\/td>\n<\/tr>\n<tr>\n<td>collect<\/td>\n<td>Google<\/td>\n<td>Wird verwendet, um Daten \u00fcber das Ger\u00e4t und das Verhalten des Besuchers an Google Analytics zu senden. Verfolgt den Besucher \u00fcber verschiedene Ger\u00e4te und Marketingkan\u00e4le hinweg.<\/td>\n<td>Sitzung<\/td>\n<td>Pixel Tracker<\/td>\n<\/tr>\n<tr>\n<td>hubspotutk<\/td>\n<td>Hubspot<\/td>\n<td>Legt eine eindeutige ID f\u00fcr die Sitzung fest. Dies erm\u00f6glicht es der Website, Daten zum Besucherverhalten f\u00fcr statistische Zwecke zu erfassen.<\/td>\n<td>179 Tage<\/td>\n<td>HTTP-Cookie<\/td>\n<\/tr>\n<tr>\n<td>p.gif<\/td>\n<td>Adobe Inc.<\/td>\n<td>Verfolgt spezielle Schriftarten, die auf der Website verwendet werden, f\u00fcr interne Analysen. Das Cookie erfasst keine Besucherdaten.<\/td>\n<td>Sitzung<\/td>\n<td>Pixel-Tracker<\/td>\n<\/tr>\n<tr>\n<td>td<\/td>\n<td>Google<\/td>\n<td>Erfasst statistische Daten zum Nutzerverhalten auf der Website. Wird f\u00fcr interne Analysen durch den Websitebetreiber verwendet.<\/td>\n<td>Sitzung<\/td>\n<td>Pixel Tracker<\/td>\n<\/tr>\n<\/tbody>\n<\/table>\n<table border=\"0\" width=\"100%\" cellspacing=\"0\" cellpadding=\"0\">\n<tbody>\n<tr>\n<th colspan=\"5\">Marketing (21)<\/th>\n<\/tr>\n<tr>\n<td colspan=\"5\">Marketing-Cookies werden verwendet, um Besucher \u00fcber verschiedene Websites hinweg zu verfolgen. Ziel ist es, Anzeigen zu schalten, die f\u00fcr den einzelnen Nutzer relevant und ansprechend sind und somit f\u00fcr Publisher und Drittanbieter von Werbung einen h\u00f6heren Wert haben.<\/td>\n<\/tr>\n<tr>\n<th>Name<\/th>\n<th>Anbieter<\/th>\n<th>Zweck<\/th>\n<th>Ablauf<\/th>\n<th>Typ<\/th>\n<\/tr>\n<tr>\n<td>__ptq.gif<\/td>\n<td>Hubspot<\/td>\n<td>Sendet Daten \u00fcber das Ger\u00e4t und das Verhalten des Besuchers an die Marketingplattform Hubspot. Verfolgt den Besucher \u00fcber verschiedene Ger\u00e4te und Marketingkan\u00e4le hinweg<\/td>\n<td>Session<\/td>\n<td>Pixel Tracker<\/td>\n<\/tr>\n<tr>\n<td>LAST_RESULT_ENTRY_ KEY<\/td>\n<td>YouTube<\/td>\n<td>Wird verwendet, um die Interaktion des Nutzers mit eingebetteten Inhalten zu verfolgen.<\/td>\n<td>Session<\/td>\n<td>HTTP-Cookie<\/td>\n<\/tr>\n<tr>\n<td>LogsDatabaseV2:V# ||LogsRequestsStore<\/td>\n<td>YouTube<\/td>\n<td>Ausstehend<\/td>\n<td>Persistent<\/td>\n<td>IndexedDB<\/td>\n<\/tr>\n<tr>\n<td>nextId<\/td>\n<td>YouTube<\/td>\n<td>Wird verwendet, um die Interaktion des Nutzers mit eingebetteten Inhalten zu verfolgen.<\/td>\n<td>Sitzung<\/td>\n<td>HTTP-Cookie<\/td>\n<\/tr>\n<tr>\n<td>NID<\/td>\n<td>Google<\/td>\n<td>Ausstehend<\/td>\n<td>6 Monate<\/td>\n<td>HTTP-Cookie<\/td>\n<\/tr>\n<tr>\n<td>PREF<\/td>\n<td>YouTube<\/td>\n<td>Registriert eine eindeutige ID, die von Google verwendet wird, um Statistiken dar\u00fcber zu f\u00fchren, wie der Besucher YouTube-Videos auf verschiedenen Websites nutzt.<\/td>\n<td>8 Monate<\/td>\n<td>HTTP-Cookie<\/td>\n<\/tr>\n<tr>\n<td>remote_sid<\/td>\n<td>YouTube<\/td>\n<td>Erforderlich f\u00fcr die Implementierung und Funktionalit\u00e4t von YouTube-Videoinhalten auf der Website.<\/td>\n<td>Sitzung<\/td>\n<td>HTTP-Cookie<\/td>\n<\/tr>\n<tr>\n<td>requests<\/td>\n<td>YouTube<\/td>\n<td>Wird verwendet, um die Interaktion des Nutzers mit eingebetteten Inhalten zu verfolgen.<\/td>\n<td>Sitzung<\/td>\n<td>HTTP-Cookie<\/td>\n<\/tr>\n<tr>\n<td>TESTCOOKIESENABLED<\/td>\n<td>YouTube<\/td>\n<td>Wird verwendet, um die Interaktion des Nutzers mit eingebetteten Inhalten zu verfolgen.<\/td>\n<td>0 Tage<\/td>\n<td>HTTP-Cookie<\/td>\n<\/tr>\n<tr>\n<td>VISITOR_INFO1_LIVE<\/td>\n<td>YouTube<\/td>\n<td>Versucht, die Bandbreite der Nutzer auf Seiten mit integrierten YouTube-Videos zu sch\u00e4tzen..<\/td>\n<td>179 Tage<\/td>\n<td>HTTP-Cookie<\/td>\n<\/tr>\n<tr>\n<td>YSC<\/td>\n<td>YouTube<\/td>\n<td>Registriert eine eindeutige ID, um Statistiken dar\u00fcber zu f\u00fchren, welche Videos von YouTube der Nutzer angesehen hat.<\/td>\n<td>Sitzung<\/td>\n<td>HTTP-Cookie<\/td>\n<\/tr>\n<tr>\n<td>yt.innertube::nextId<\/td>\n<td>YouTube<\/td>\n<td>Speichert eine eindeutige ID, um Statistiken dar\u00fcber zu f\u00fchren, welche YouTube-Videos der Nutzer angesehen hat.<\/td>\n<td>Persistent<\/td>\n<td>HTML Local Storage<\/td>\n<\/tr>\n<tr>\n<td>ytidb::LAST_RESULT_ ENTRY_KEY<\/td>\n<td>YouTube<\/td>\n<td>Speichert die Videoplayer-Einstellungen des Nutzers mithilfe eines eingebetteten YouTube-Videos<\/td>\n<td>Dauerhaft<\/td>\n<td>HTML Local Storage<\/td>\n<\/tr>\n<tr>\n<td>YtIdbMeta#databases<\/td>\n<td>YouTube<\/td>\n<td>Wird verwendet, um die Interaktion des Nutzers mit eingebetteten Inhalten zu verfolgen.<\/td>\n<td>Dauerhaft<\/td>\n<td>IndexedDB<\/td>\n<\/tr>\n<tr>\n<td>yt-remote-cast-available<\/td>\n<td>YouTube<\/td>\n<td>Speichert die Videoplayer-Einstellungen des Nutzers mithilfe eingebetteter YouTube-Videos<\/td>\n<td>Sitzung<\/td>\n<td>HTML-Lokalspeicher<\/td>\n<\/tr>\n<tr>\n<td>yt-remote-cast-installed<\/td>\n<td>YouTube<\/td>\n<td>Speichert die Videoplayer-Einstellungen des Nutzers mithilfe eingebetteter YouTube-Videos<\/td>\n<td>Sitzung<\/td>\n<td>HTML Local Storage<\/td>\n<\/tr>\n<tr>\n<td>yt-remote-connecteddevices<\/td>\n<td>YouTube<\/td>\n<td>Speichert die Videoplayer-Einstellungen des Nutzers mithilfe eines eingebetteten YouTube-Videos<\/td>\n<td>Dauerhaft<\/td>\n<td>HTML-Lokalspeicher<\/td>\n<\/tr>\n<tr>\n<td>yt-remote-device-id<\/td>\n<td>YouTube<\/td>\n<td>Speichert die Videoplayer-Einstellungen des Benutzers mithilfe eines eingebetteten YouTube-Videos<\/td>\n<td>Dauerhaft<\/td>\n<td>Lokaler HTML-Speicher<\/td>\n<\/tr>\n<tr>\n<td>yt-remote-fast-checkperiod<\/td>\n<td>YouTube<\/td>\n<td>Speichert die Videoplayer-Einstellungen des Benutzers mithilfe eines eingebetteten YouTube-Videos<\/td>\n<td>Sitzung<\/td>\n<td>Lokaler HTML-Speicher<\/td>\n<\/tr>\n<tr>\n<td>yt-remote-session-app<\/td>\n<td>YouTube<\/td>\n<td>Speichert die Videoplayer-Einstellungen des Benutzers mithilfe eines eingebetteten YouTube-Videos<\/td>\n<td>Sitzung<\/td>\n<td>Lokaler HTML-Speicher<\/td>\n<\/tr>\n<tr>\n<td>yt-remote-session-name<\/td>\n<td>YouTube<\/td>\n<td>Speichert die Videoplayer-Einstellungen des Benutzers mithilfe eingebetteter YouTube-Videos<\/td>\n<td>Sitzung<\/td>\n<td>Lokaler HTML-Speicher<\/td>\n<\/tr>\n<\/tbody>\n<\/table>\n                    <\/div>\r\n    <\/div>\r\n<\/section>\r\n\n\n<a href=\"#\" class=\"back_to_top\" id=\"back_to_top\"><\/a>","protected":false},"excerpt":{"rendered":"","protected":false},"author":1,"featured_media":0,"parent":0,"menu_order":0,"comment_status":"closed","ping_status":"closed","template":"","meta":{"_acf_changed":false,"_trash_the_other_posts":false,"editor_notices":[],"footnotes":""},"class_list":["post-147","page","type-page","status-publish","hentry"],"acf":[],"yoast_head":"<!-- This site is optimized with the Yoast SEO Premium plugin v27.1 (Yoast SEO v27.5) - https:\/\/yoast.com\/product\/yoast-seo-premium-wordpress\/ -->\n<title>Cookie-Richtlinie | Facade Access Solutions<\/title>\n<meta name=\"description\" content=\"Lesen Sie unsere Cookie-Richtlinie, um zu verstehen, wie Facade Access Solutions Website-Daten verantwortungsvoll verwaltet und Transparenz f\u00f6rdert.\" \/>\n<meta name=\"robots\" content=\"index, follow, max-snippet:-1, max-image-preview:large, max-video-preview:-1\" \/>\n<link rel=\"canonical\" href=\"https:\/\/www.facadeaccesssolutions.com\/de\/cookie-policy\/\" \/>\n<meta property=\"og:locale\" content=\"de_DE\" \/>\n<meta property=\"og:type\" content=\"article\" \/>\n<meta property=\"og:title\" content=\"Cookie-Richtlinie\" \/>\n<meta property=\"og:description\" content=\"Lesen Sie unsere Cookie-Richtlinie, um zu verstehen, wie Facade Access Solutions Website-Daten verantwortungsvoll verwaltet und Transparenz f\u00f6rdert.\" \/>\n<meta property=\"og:url\" content=\"https:\/\/www.facadeaccesssolutions.com\/de\/cookie-policy\/\" \/>\n<meta property=\"og:site_name\" content=\"Facade Access Solutions Germany\" \/>\n<meta property=\"article:modified_time\" content=\"2026-04-12T22:15:21+00:00\" \/>\n<meta name=\"twitter:card\" content=\"summary_large_image\" \/>\n<script type=\"application\/ld+json\" class=\"yoast-schema-graph\">{\"@context\":\"https:\\\/\\\/schema.org\",\"@graph\":[{\"@type\":\"WebPage\",\"@id\":\"https:\\\/\\\/www.facadeaccesssolutions.com\\\/de\\\/cookie-policy\\\/\",\"url\":\"https:\\\/\\\/www.facadeaccesssolutions.com\\\/de\\\/cookie-policy\\\/\",\"name\":\"Cookie-Richtlinie | Facade Access Solutions\",\"isPartOf\":{\"@id\":\"https:\\\/\\\/www.facadeaccesssolutions.com\\\/de\\\/#website\"},\"datePublished\":\"2024-08-01T04:58:34+00:00\",\"dateModified\":\"2026-04-12T22:15:21+00:00\",\"description\":\"Lesen Sie unsere Cookie-Richtlinie, um zu verstehen, wie Facade Access Solutions Website-Daten verantwortungsvoll verwaltet und Transparenz f\u00f6rdert.\",\"breadcrumb\":{\"@id\":\"https:\\\/\\\/www.facadeaccesssolutions.com\\\/de\\\/cookie-policy\\\/#breadcrumb\"},\"inLanguage\":\"de\",\"potentialAction\":[{\"@type\":\"ReadAction\",\"target\":[\"https:\\\/\\\/www.facadeaccesssolutions.com\\\/de\\\/cookie-policy\\\/\"]}]},{\"@type\":\"BreadcrumbList\",\"@id\":\"https:\\\/\\\/www.facadeaccesssolutions.com\\\/de\\\/cookie-policy\\\/#breadcrumb\",\"itemListElement\":[{\"@type\":\"ListItem\",\"position\":1,\"name\":\"Home\",\"item\":\"https:\\\/\\\/www.facadeaccesssolutions.com\\\/de\\\/\"},{\"@type\":\"ListItem\",\"position\":2,\"name\":\"Cookie-Richtlinie\"}]},{\"@type\":\"WebSite\",\"@id\":\"https:\\\/\\\/www.facadeaccesssolutions.com\\\/de\\\/#website\",\"url\":\"https:\\\/\\\/www.facadeaccesssolutions.com\\\/de\\\/\",\"name\":\"Facade Access Solutions\",\"description\":\"Part Of Alimak Group\",\"potentialAction\":[{\"@type\":\"SearchAction\",\"target\":{\"@type\":\"EntryPoint\",\"urlTemplate\":\"https:\\\/\\\/www.facadeaccesssolutions.com\\\/de\\\/?s={search_term_string}\"},\"query-input\":{\"@type\":\"PropertyValueSpecification\",\"valueRequired\":true,\"valueName\":\"search_term_string\"}}],\"inLanguage\":\"de\"}]}<\/script>\n<!-- \/ Yoast SEO Premium plugin. -->","yoast_head_json":{"title":"Cookie-Richtlinie | Facade Access Solutions","description":"Lesen Sie unsere Cookie-Richtlinie, um zu verstehen, wie Facade Access Solutions Website-Daten verantwortungsvoll verwaltet und Transparenz f\u00f6rdert.","robots":{"index":"index","follow":"follow","max-snippet":"max-snippet:-1","max-image-preview":"max-image-preview:large","max-video-preview":"max-video-preview:-1"},"canonical":"https:\/\/www.facadeaccesssolutions.com\/de\/cookie-policy\/","og_locale":"de_DE","og_type":"article","og_title":"Cookie-Richtlinie","og_description":"Lesen Sie unsere Cookie-Richtlinie, um zu verstehen, wie Facade Access Solutions Website-Daten verantwortungsvoll verwaltet und Transparenz f\u00f6rdert.","og_url":"https:\/\/www.facadeaccesssolutions.com\/de\/cookie-policy\/","og_site_name":"Facade Access Solutions Germany","article_modified_time":"2026-04-12T22:15:21+00:00","twitter_card":"summary_large_image","schema":{"@context":"https:\/\/schema.org","@graph":[{"@type":"WebPage","@id":"https:\/\/www.facadeaccesssolutions.com\/de\/cookie-policy\/","url":"https:\/\/www.facadeaccesssolutions.com\/de\/cookie-policy\/","name":"Cookie-Richtlinie | Facade Access Solutions","isPartOf":{"@id":"https:\/\/www.facadeaccesssolutions.com\/de\/#website"},"datePublished":"2024-08-01T04:58:34+00:00","dateModified":"2026-04-12T22:15:21+00:00","description":"Lesen Sie unsere Cookie-Richtlinie, um zu verstehen, wie Facade Access Solutions Website-Daten verantwortungsvoll verwaltet und Transparenz f\u00f6rdert.","breadcrumb":{"@id":"https:\/\/www.facadeaccesssolutions.com\/de\/cookie-policy\/#breadcrumb"},"inLanguage":"de","potentialAction":[{"@type":"ReadAction","target":["https:\/\/www.facadeaccesssolutions.com\/de\/cookie-policy\/"]}]},{"@type":"BreadcrumbList","@id":"https:\/\/www.facadeaccesssolutions.com\/de\/cookie-policy\/#breadcrumb","itemListElement":[{"@type":"ListItem","position":1,"name":"Home","item":"https:\/\/www.facadeaccesssolutions.com\/de\/"},{"@type":"ListItem","position":2,"name":"Cookie-Richtlinie"}]},{"@type":"WebSite","@id":"https:\/\/www.facadeaccesssolutions.com\/de\/#website","url":"https:\/\/www.facadeaccesssolutions.com\/de\/","name":"Facade Access Solutions","description":"Part Of Alimak Group","potentialAction":[{"@type":"SearchAction","target":{"@type":"EntryPoint","urlTemplate":"https:\/\/www.facadeaccesssolutions.com\/de\/?s={search_term_string}"},"query-input":{"@type":"PropertyValueSpecification","valueRequired":true,"valueName":"search_term_string"}}],"inLanguage":"de"}]}},"_links":{"self":[{"href":"https:\/\/www.facadeaccesssolutions.com\/de\/wp-json\/wp\/v2\/pages\/147","targetHints":{"allow":["GET"]}}],"collection":[{"href":"https:\/\/www.facadeaccesssolutions.com\/de\/wp-json\/wp\/v2\/pages"}],"about":[{"href":"https:\/\/www.facadeaccesssolutions.com\/de\/wp-json\/wp\/v2\/types\/page"}],"author":[{"embeddable":true,"href":"https:\/\/www.facadeaccesssolutions.com\/de\/wp-json\/wp\/v2\/users\/1"}],"replies":[{"embeddable":true,"href":"https:\/\/www.facadeaccesssolutions.com\/de\/wp-json\/wp\/v2\/comments?post=147"}],"version-history":[{"count":9,"href":"https:\/\/www.facadeaccesssolutions.com\/de\/wp-json\/wp\/v2\/pages\/147\/revisions"}],"predecessor-version":[{"id":1507,"href":"https:\/\/www.facadeaccesssolutions.com\/de\/wp-json\/wp\/v2\/pages\/147\/revisions\/1507"}],"wp:attachment":[{"href":"https:\/\/www.facadeaccesssolutions.com\/de\/wp-json\/wp\/v2\/media?parent=147"}],"curies":[{"name":"wp","href":"https:\/\/api.w.org\/{rel}","templated":true}]}}