{"id":159,"date":"2024-08-01T05:13:08","date_gmt":"2024-08-01T05:13:08","guid":{"rendered":"http:\/\/localhost\/techno\/facade\/wordpress\/?page_id=159"},"modified":"2026-02-25T00:49:56","modified_gmt":"2026-02-25T00:49:56","slug":"innovation","status":"publish","type":"page","link":"https:\/\/www.facadeaccesssolutions.com\/de\/about-us\/innovation\/","title":{"rendered":"Innovation"},"content":{"rendered":"\r\n<section class=\"breadcrumbs\" data-aos=\"fade-up\" data-aos-duration=\"600\" data-aos-easing=\"ease-out\" data-aos-delay=\"100\">\r\n    <div class=\"content_holder content_holder_1570\">\r\n    \t<ul><li class=\"main-home\"><span property=\"itemListElement\" typeof=\"ListItem\"><a property=\"item\" typeof=\"WebPage\" title=\"Gehe zu FACADE ACCESS SOLUTIONS Sites.\" href=\"https:\/\/www.facadeaccesssolutions.com\" class=\"main-home\" ><span property=\"name\">FACADE ACCESS SOLUTIONS Sites<\/span><\/a><meta property=\"position\" content=\"1\"><\/span><\/li>\n<li class=\"home\"><span property=\"itemListElement\" typeof=\"ListItem\"><a property=\"item\" typeof=\"WebPage\" title=\"Go to Facade Access Solutions Germany.\" href=\"https:\/\/www.facadeaccesssolutions.com\/de\" class=\"home\" aria-current=\"page\"><span property=\"name\">Home<\/span><\/a><meta property=\"position\" content=\"2\"><\/span><\/li>\n<\/ul>\r\n    <\/div>\r\n<\/section>\n\n<section class=\"page_title \" data-aos=\"fade-up\" data-aos-duration=\"600\" data-aos-easing=\"ease-out\" data-aos-delay=\"200\">\n    <div class=\"content_holder content_holder_1570\">\n        <h1>Innovation<\/h1>\n    <\/div>\n<\/section>\n\n\n\r\n<section class=\"solutions_intro solutions_intro_1 solutions_intro_flip solutions_intro_vc \">\r\n    <div class=\"content_holder content_holder_1570 clearfix\">\r\n\r\n\t\t                <div class=\"sol_right\" data-aos=\"fade-up\" data-aos-duration=\"600\" data-aos-easing=\"ease-out\" data-aos-delay=\"300\">\r\n        \t<a href=\"https:\/\/www.skylinerobotics.com\/meet-ozmo\" target=\"_blank\" class=\"img_zoom\">            <img decoding=\"async\" src=\"https:\/\/www.facadeaccesssolutions.com\/de\/wp-content\/uploads\/sites\/11\/2025\/03\/Skyline-Robotics-Arms-881x515_c.jpg\" alt=\"\">\r\n            <\/a>        <\/div>\r\n            \r\n        <div class=\"sol_left\" data-aos=\"fade-up\" data-aos-duration=\"600\" data-aos-easing=\"ease-out\" data-aos-delay=\"400\">\r\n        \t<h4>Weiterentwicklung automatisierter Fassadenzugangssysteme mit Skyline Robotics<\/h4>            <div class=\"site_contents\">\r\n            <p>Facade Access Solutions arbeitet mit Skyline Robotics zusammen, um OZMO vorzustellen \u2013 ein Fensterreinigungs- und Fassadeninspektionssystem der n\u00e4chsten Generation, das bereits in Metropolen wie New York im Einsatz ist. Diese Partnerschaft st\u00e4rkt unsere F\u00e4higkeit, innovative Fassadenzugangsl\u00f6sungen bereitzustellen, die eine sicherere Geb\u00e4udewartung, h\u00f6here Effizienz und eine langfristige Werterhaltung von Immobilien unterst\u00fctzen. Mit automatisierter Reinigungstechnologie und Echtzeit-Datenanalysen erm\u00f6glicht OZMO Geb\u00e4udeeigent\u00fcmern die Umsetzung intelligenterer und nachhaltigerer Strategien zur Fassadenpflege.<\/p>\n<p>OZMO nutzt LiDAR, optische Kameras und fortschrittliche Sensoren, um jeden Abseilvorgang pr\u00e4zise zu scannen und zu kartieren. Das System arbeitet sowohl tags\u00fcber als auch nachts zuverl\u00e4ssig und ist in einem gro\u00dfen Temperaturbereich einsatzf\u00e4hig. Es wird mit einer 230V-Einphasen-Stromversorgung betrieben und verwendet deionisiertes Wasser zur Reinigung. Die Hardware ist nach IP65 gesch\u00fctzt und wird durch eine Hochgeschwindigkeits-Datenverbindung unterst\u00fctzt. Da die meisten Komponenten handels\u00fcblich verf\u00fcgbar sind und das System \u00fcber Fern\u00fcberwachungsfunktionen verf\u00fcgt, bietet OZMO einen zuverl\u00e4ssigen Betrieb bei geringem Energie- und Wasserverbrauch \u2013 ideal f\u00fcr moderne Fassadenwartungsprogramme.<\/p>\n<p>Die Leistungskennzahlen zeigen die Wirkung der Skyline Robotics-Technologie in Kombination mit branchenf\u00fchrenden Fassadenzugangssystemen:<\/p>\n<ol>\n<li><strong>1.<\/strong> Die Reinigungsgeschwindigkeit erreichte bis zu 4.000 Quadratfu\u00df pro Stunde, unterst\u00fctzt durch pr\u00e4zise LiDAR-Kartierung und koordinierte Sensorik.<\/li>\n<li><strong>2.<\/strong> Die Arbeitsstunden von Personal an der Fassade wurden um bis zu 75 Prozent reduziert, erm\u00f6glicht durch einen 24\/7-Betrieb und eine sichere Arbeitslast von 750 Pfund.<\/li>\n<li><strong>3.<\/strong> Die Projektdauer verk\u00fcrzte sich von 18\u201319 Arbeitstagen auf nur noch 5 Tage, wodurch sich die gesamten. Wartungszyklen deutlich verbesserten.<\/li>\n<li><strong>4.<\/strong> Geb\u00e4ude stellten auf kontinuierliche Reinigungszyklen bei Tag und Nacht um, unterst\u00fctzt durch IP65-Schutz sowie stabile Strom- und Kommunikationssysteme.<\/li>\n<li><strong>5.<\/strong> Der Wasserverbrauch blieb mit 0,15 bis 0,2 Litern pro Minute effizient, wobei bis zu 30 Prozent zur\u00fcckgewonnen werden konnten.<\/li>\n<li><strong>6.<\/strong> Mehr als 99 Prozent der Bauteile sind handels\u00fcblich verf\u00fcgbar, was Service und Wartung f\u00fcr Eigent\u00fcmer planbar und zuverl\u00e4ssig macht.<\/li>\n<\/ol>\n<p>Diese Partnerschaft vereint die St\u00e4rke von Facade Access Solutions mit der Innovationskraft von <a href=\"https:\/\/www.skylinerobotics.com\/\" target=\"_blank\" rel=\"noopener\">Skyline Robotics<\/a> und bietet eine leistungsstarke automatisierte Plattform, die die Standards der Fassadenwartung weltweit auf ein neues Niveau hebt.<\/p>\n            <\/div>\r\n            \t            <a href=\"https:\/\/www.skylinerobotics.com\/meet-ozmo\" class=\"site_btn site_btn_sm\" target=\"_blank\">\r\n\t\t\t\t\tMehr Erfahren                <\/a>\r\n                &nbsp;&nbsp;&nbsp;\r\n                        \r\n                    <\/div>\r\n    <\/div>\r\n<\/section>\r\n\r\n\r\n\n\n\r\n<section class=\"solutions_intro solutions_intro_1 \">\r\n    <div class=\"content_holder content_holder_1570 clearfix\">\r\n\r\n\t\t                <div class=\"sol_right\" data-aos=\"fade-up\" data-aos-duration=\"600\" data-aos-easing=\"ease-out\" data-aos-delay=\"300\">\r\n        \t<a href=\"https:\/\/www.manntech.com\/wp-content\/uploads\/2024\/08\/Manntech-Articulated-Mechatronic-System-Flyer.pdf\" target=\"_blank\" class=\"img_zoom\">            <img decoding=\"async\" src=\"https:\/\/www.facadeaccesssolutions.com\/de\/wp-content\/uploads\/sites\/11\/2024\/08\/innovation_1-1-881x515_c.jpg\" alt=\"\">\r\n            <\/a>        <\/div>\r\n            \r\n        <div class=\"sol_left\" data-aos=\"fade-up\" data-aos-duration=\"600\" data-aos-easing=\"ease-out\" data-aos-delay=\"400\">\r\n        \t<h4>Articulated Mechatronic System (AMS)<\/h4>            <div class=\"site_contents\">\r\n            <p>Das Articulated Mechatronic System (AMS) ist eine fortschrittliche Fassadenzugangsl&ouml;sung, die entwickelt wurde, um moderne Building Maintenance Units (BMU) neu zu definieren. Entwickelt von Manntech und bereitgestellt durch Fa&ccedil;ade Access Solutions, integriert AMS mechatronische Ingenieurtechnik mit intelligenter Steuerung, um eine effiziente und nachhaltige Wartung von Hochh&auml;usern zu unterst&uuml;tzen.<\/p>\n<p>Im Gegensatz zu herk&ouml;mmlichen BMUs verf&uuml;gt AMS &uuml;ber ein Leichtbau-Strukturkonzept, das die Dachlast erheblich reduziert. Das optimierte Design erm&ouml;glicht eine bis zu 40 Prozent schnellere Installation und ben&ouml;tigt rund 20 Prozent weniger Material. Dadurch werden Anforderungen an strukturelle Verst&auml;rkungen reduziert und eine kosteneffiziente Projektabwicklung unterst&uuml;tzt. Der geringere Materialeinsatz tr&auml;gt zudem zu einer Reduzierung des gebundenen Kohlenstoffs (Embodied Carbon) und zu einer verbesserten Umweltleistung bei.<\/p>\n<p>Das System integriert pr&auml;zise Bewegungssteuerung und intelligente Automatisierung. Bediener profitieren von einer verbesserten Man&ouml;vrierf&auml;higkeit bei komplexen Fassadengeometrien. Eine integrierte Fern&uuml;berwachung erm&ouml;glicht die Echtzeit-&Uuml;berwachung der Leistung sowie eine vorausschauende Wartungsplanung, wodurch die Lebensdauer der Anlage verl&auml;ngert und Ausfallzeiten minimiert werden.<\/p>\n<p>Zentrale Systemfunktionen:<\/p>\n<ul>\n<li>Reduzierte strukturelle Lasten und geringerer Materialverbrauch<\/li>\n<li>Beschleunigte Installationszeiten<\/li>\n<li>Verbesserter Zugang zu komplexen Geb&auml;udefassaden<\/li>\n<li>Intelligente Diagnostik und vorausschauende Wartungsfunktionen\n<\/li>\n<\/ul>\n<p>AMS steht f&uuml;r eine zukunftsorientierte Fassadenzugangstechnologie, die mit nachhaltigen Designstrategien und der zunehmenden architektonischen Komplexit&auml;t im Einklang steht.<\/p>\n            <\/div>\r\n            \t            <a href=\"https:\/\/www.manntech.com\/wp-content\/uploads\/2024\/08\/Manntech-Articulated-Mechatronic-System-Flyer.pdf\" class=\"site_btn site_btn_sm\" target=\"_blank\">\r\n\t\t\t\t\tMehr Erfahren                <\/a>\r\n                &nbsp;&nbsp;&nbsp;\r\n                        \r\n                    <\/div>\r\n    <\/div>\r\n<\/section>\r\n\r\n\r\n\n\n\r\n<section class=\"solutions_intro solutions_intro_1 solutions_intro_flip solutions_intro_vc \">\r\n    <div class=\"content_holder content_holder_1570 clearfix\">\r\n\r\n\t\t                <div class=\"sol_right\" data-aos=\"fade-up\" data-aos-duration=\"600\" data-aos-easing=\"ease-out\" data-aos-delay=\"300\">\r\n        \t<a href=\"https:\/\/bimgallery.facadeaccesssolutions.com\/bim\/division\/facade-access\" target=\"_blank\" class=\"img_zoom\">            <img decoding=\"async\" src=\"https:\/\/www.facadeaccesssolutions.com\/de\/wp-content\/uploads\/sites\/11\/2024\/08\/innovation_2-881x515_c.jpg\" alt=\"\">\r\n            <\/a>        <\/div>\r\n            \r\n        <div class=\"sol_left\" data-aos=\"fade-up\" data-aos-duration=\"600\" data-aos-easing=\"ease-out\" data-aos-delay=\"400\">\r\n        \t<h4>BIM-Bibliothek: Fassadenzugang-Planung leicht gemacht<\/h4>            <div class=\"site_contents\">\r\n            <p>Sparen Sie Zeit bei der Auswahl der richtigen Fassadenzugangsl\u00f6sung f\u00fcr Ihr Bauprojekt mit unserer umfassenden Sammlung von Building Information Modeling (BIM) Objektdateien. Diese Modelle erm\u00f6glichen es Ihnen, die am besten geeigneten Optionen von den ersten Phasen bis hin zum Abschluss des Projekts zu vergleichen und auszuw\u00e4hlen.<\/p>\n<p>Unsere BIM-Modelle sind konfigurierbar, um Ihre spezifischen Anforderungen zu erf\u00fcllen. Durch die Integration dieser Modelle w\u00e4hrend der Planungsphase k\u00f6nnen Sie die Nutzung unserer Fassadenzugangsl\u00f6sungen optimieren und simulieren, wodurch potenzielle Risiken minimiert werden, die in einer 2D-Umgebung oft schwer vorhersehbar sind.<\/p>\n            <\/div>\r\n            \t            <a href=\"https:\/\/bimgallery.facadeaccesssolutions.com\/bim\/division\/facade-access\" class=\"site_btn site_btn_sm\" target=\"_blank\">\r\n\t\t\t\t\tMehr Erfahren                <\/a>\r\n                &nbsp;&nbsp;&nbsp;\r\n                        \r\n                    <\/div>\r\n    <\/div>\r\n<\/section>\r\n\r\n\r\n\n\n\r\n<section class=\"solutions_intro solutions_intro_1 solutions_intro_last \">\r\n    <div class=\"content_holder content_holder_1570 clearfix\">\r\n\r\n\t\t                <div class=\"sol_right\" data-aos=\"fade-up\" data-aos-duration=\"600\" data-aos-easing=\"ease-out\" data-aos-delay=\"300\">\r\n        \t            <img decoding=\"async\" src=\"https:\/\/www.facadeaccesssolutions.com\/de\/wp-content\/uploads\/sites\/11\/2024\/08\/innovation_3-881x515_c.jpg\" alt=\"\">\r\n                    <\/div>\r\n            \r\n        <div class=\"sol_left\" data-aos=\"fade-up\" data-aos-duration=\"600\" data-aos-easing=\"ease-out\" data-aos-delay=\"400\">\r\n        \t<h4>MyBMU: Verbesserte Sicherheit und Datenmanagement<\/h4>            <div class=\"site_contents\">\r\n            <p>MyBMU erfasst und zeigt Betriebsdaten von BMUs an, die mit Routern ausgestattet sind, und bietet Echtzeitinformationen zum Ger\u00e4tezustand, zur Nutzung und zu Wartungsbed\u00fcrfnissen.<\/p>\n<h6>Das MyBMU-Portal bietet Zugriff auf:<\/h6>\n<ul>\n<li>Standardmaschineninformationen, einschlie\u00dflich der neuesten technischen Dokumentationen und Zertifikate<\/li>\n<li>Betriebsanleitungen und schnelle interaktive Anleitungen<\/li>\n<li>Statistiken zur Maschinenutzung \u2013 Stunden, Absenkungen und Abdeckung der Fassade<\/li>\n<li>Ein benutzerfreundliches Berichtssystem f\u00fcr Fassadensch\u00e4den<br \/>\nZugang zu Online Schulungen<\/li>\n<li>Maschinenstatusposition der Geb\u00e4ude-Wartungseinheit<\/li>\n<li>Fernunterst\u00fctzung durch unser Engineering-Team<\/li>\n<\/ul>\n            <\/div>\r\n                        \r\n                    <\/div>\r\n    <\/div>\r\n<\/section>\r\n\r\n\r\n","protected":false},"excerpt":{"rendered":"<p>Advancing Automated Facade Access Systems with Skyline Robotics Facade Access Solutions partners with Skyline Robotics to introduce OZMO, a next-generation robotic window cleaning and facade inspection system used in major cities like New York. This partnership strengthens our ability to deliver innovative facade access solutions that support safer building maintenance, higher efficiency and long-term asset performance. With automated cleaning technology and real-time data insights, OZMO helps building owners adopt smarter and more sustainable facade care strategies. OZMO uses LiDAR, optical cameras and advanced sensors to scan and map each drop with accuracy. The system operates day or night and performs &#8230;<\/p>\n","protected":false},"author":1,"featured_media":0,"parent":1279,"menu_order":0,"comment_status":"closed","ping_status":"closed","template":"","meta":{"_acf_changed":false,"_trash_the_other_posts":false,"editor_notices":[],"footnotes":""},"class_list":["post-159","page","type-page","status-publish","hentry"],"acf":[],"yoast_head":"<!-- This site is optimized with the Yoast SEO Premium plugin v27.1 (Yoast SEO v27.3) - https:\/\/yoast.com\/product\/yoast-seo-premium-wordpress\/ -->\n<title>Fassadenzugangsl\u00f6sungen: Innovationen im BMU-System<\/title>\n<meta name=\"description\" content=\"Facade Access Solutions ist ein Pionier der Innovation im Bereich BMU-Systeme und bietet fortschrittliche, sichere und konforme Zugangstechnologien.\" \/>\n<meta name=\"robots\" content=\"index, follow, max-snippet:-1, max-image-preview:large, max-video-preview:-1\" \/>\n<link rel=\"canonical\" href=\"https:\/\/www.facadeaccesssolutions.com\/de\/about-us\/innovation\/\" \/>\n<meta property=\"og:locale\" content=\"de_DE\" \/>\n<meta property=\"og:type\" content=\"article\" \/>\n<meta property=\"og:title\" content=\"Innovation\" \/>\n<meta property=\"og:description\" content=\"Facade Access Solutions ist ein Pionier der Innovation im Bereich BMU-Systeme und bietet fortschrittliche, sichere und konforme Zugangstechnologien.\" \/>\n<meta property=\"og:url\" content=\"https:\/\/www.facadeaccesssolutions.com\/de\/about-us\/innovation\/\" \/>\n<meta property=\"og:site_name\" content=\"Facade Access Solutions Germany\" \/>\n<meta property=\"article:modified_time\" content=\"2026-02-25T00:49:56+00:00\" \/>\n<meta name=\"twitter:card\" content=\"summary_large_image\" \/>\n<script type=\"application\/ld+json\" class=\"yoast-schema-graph\">{\"@context\":\"https:\\\/\\\/schema.org\",\"@graph\":[{\"@type\":\"WebPage\",\"@id\":\"https:\\\/\\\/www.facadeaccesssolutions.com\\\/de\\\/about-us\\\/innovation\\\/\",\"url\":\"https:\\\/\\\/www.facadeaccesssolutions.com\\\/de\\\/about-us\\\/innovation\\\/\",\"name\":\"Fassadenzugangsl\u00f6sungen: Innovationen im BMU-System\",\"isPartOf\":{\"@id\":\"https:\\\/\\\/www.facadeaccesssolutions.com\\\/de\\\/#website\"},\"datePublished\":\"2024-08-01T05:13:08+00:00\",\"dateModified\":\"2026-02-25T00:49:56+00:00\",\"description\":\"Facade Access Solutions ist ein Pionier der Innovation im Bereich BMU-Systeme und bietet fortschrittliche, sichere und konforme Zugangstechnologien.\",\"breadcrumb\":{\"@id\":\"https:\\\/\\\/www.facadeaccesssolutions.com\\\/de\\\/about-us\\\/innovation\\\/#breadcrumb\"},\"inLanguage\":\"de\",\"potentialAction\":[{\"@type\":\"ReadAction\",\"target\":[\"https:\\\/\\\/www.facadeaccesssolutions.com\\\/de\\\/about-us\\\/innovation\\\/\"]}]},{\"@type\":\"BreadcrumbList\",\"@id\":\"https:\\\/\\\/www.facadeaccesssolutions.com\\\/de\\\/about-us\\\/innovation\\\/#breadcrumb\",\"itemListElement\":[{\"@type\":\"ListItem\",\"position\":1,\"name\":\"Home\",\"item\":\"https:\\\/\\\/www.facadeaccesssolutions.com\\\/de\\\/\"},{\"@type\":\"ListItem\",\"position\":2,\"name\":\"\u00dcber uns\",\"item\":\"https:\\\/\\\/www.facadeaccesssolutions.com\\\/de\\\/about-us\\\/\"},{\"@type\":\"ListItem\",\"position\":3,\"name\":\"Innovation\"}]},{\"@type\":\"WebSite\",\"@id\":\"https:\\\/\\\/www.facadeaccesssolutions.com\\\/de\\\/#website\",\"url\":\"https:\\\/\\\/www.facadeaccesssolutions.com\\\/de\\\/\",\"name\":\"Facade Access Solutions\",\"description\":\"Part Of Alimak Group\",\"potentialAction\":[{\"@type\":\"SearchAction\",\"target\":{\"@type\":\"EntryPoint\",\"urlTemplate\":\"https:\\\/\\\/www.facadeaccesssolutions.com\\\/de\\\/?s={search_term_string}\"},\"query-input\":{\"@type\":\"PropertyValueSpecification\",\"valueRequired\":true,\"valueName\":\"search_term_string\"}}],\"inLanguage\":\"de\"}]}<\/script>\n<!-- \/ Yoast SEO Premium plugin. -->","yoast_head_json":{"title":"Fassadenzugangsl\u00f6sungen: Innovationen im BMU-System","description":"Facade Access Solutions ist ein Pionier der Innovation im Bereich BMU-Systeme und bietet fortschrittliche, sichere und konforme Zugangstechnologien.","robots":{"index":"index","follow":"follow","max-snippet":"max-snippet:-1","max-image-preview":"max-image-preview:large","max-video-preview":"max-video-preview:-1"},"canonical":"https:\/\/www.facadeaccesssolutions.com\/de\/about-us\/innovation\/","og_locale":"de_DE","og_type":"article","og_title":"Innovation","og_description":"Facade Access Solutions ist ein Pionier der Innovation im Bereich BMU-Systeme und bietet fortschrittliche, sichere und konforme Zugangstechnologien.","og_url":"https:\/\/www.facadeaccesssolutions.com\/de\/about-us\/innovation\/","og_site_name":"Facade Access Solutions Germany","article_modified_time":"2026-02-25T00:49:56+00:00","twitter_card":"summary_large_image","schema":{"@context":"https:\/\/schema.org","@graph":[{"@type":"WebPage","@id":"https:\/\/www.facadeaccesssolutions.com\/de\/about-us\/innovation\/","url":"https:\/\/www.facadeaccesssolutions.com\/de\/about-us\/innovation\/","name":"Fassadenzugangsl\u00f6sungen: Innovationen im BMU-System","isPartOf":{"@id":"https:\/\/www.facadeaccesssolutions.com\/de\/#website"},"datePublished":"2024-08-01T05:13:08+00:00","dateModified":"2026-02-25T00:49:56+00:00","description":"Facade Access Solutions ist ein Pionier der Innovation im Bereich BMU-Systeme und bietet fortschrittliche, sichere und konforme Zugangstechnologien.","breadcrumb":{"@id":"https:\/\/www.facadeaccesssolutions.com\/de\/about-us\/innovation\/#breadcrumb"},"inLanguage":"de","potentialAction":[{"@type":"ReadAction","target":["https:\/\/www.facadeaccesssolutions.com\/de\/about-us\/innovation\/"]}]},{"@type":"BreadcrumbList","@id":"https:\/\/www.facadeaccesssolutions.com\/de\/about-us\/innovation\/#breadcrumb","itemListElement":[{"@type":"ListItem","position":1,"name":"Home","item":"https:\/\/www.facadeaccesssolutions.com\/de\/"},{"@type":"ListItem","position":2,"name":"\u00dcber uns","item":"https:\/\/www.facadeaccesssolutions.com\/de\/about-us\/"},{"@type":"ListItem","position":3,"name":"Innovation"}]},{"@type":"WebSite","@id":"https:\/\/www.facadeaccesssolutions.com\/de\/#website","url":"https:\/\/www.facadeaccesssolutions.com\/de\/","name":"Facade Access Solutions","description":"Part Of Alimak Group","potentialAction":[{"@type":"SearchAction","target":{"@type":"EntryPoint","urlTemplate":"https:\/\/www.facadeaccesssolutions.com\/de\/?s={search_term_string}"},"query-input":{"@type":"PropertyValueSpecification","valueRequired":true,"valueName":"search_term_string"}}],"inLanguage":"de"}]}},"_links":{"self":[{"href":"https:\/\/www.facadeaccesssolutions.com\/de\/wp-json\/wp\/v2\/pages\/159","targetHints":{"allow":["GET"]}}],"collection":[{"href":"https:\/\/www.facadeaccesssolutions.com\/de\/wp-json\/wp\/v2\/pages"}],"about":[{"href":"https:\/\/www.facadeaccesssolutions.com\/de\/wp-json\/wp\/v2\/types\/page"}],"author":[{"embeddable":true,"href":"https:\/\/www.facadeaccesssolutions.com\/de\/wp-json\/wp\/v2\/users\/1"}],"replies":[{"embeddable":true,"href":"https:\/\/www.facadeaccesssolutions.com\/de\/wp-json\/wp\/v2\/comments?post=159"}],"version-history":[{"count":22,"href":"https:\/\/www.facadeaccesssolutions.com\/de\/wp-json\/wp\/v2\/pages\/159\/revisions"}],"predecessor-version":[{"id":1459,"href":"https:\/\/www.facadeaccesssolutions.com\/de\/wp-json\/wp\/v2\/pages\/159\/revisions\/1459"}],"up":[{"embeddable":true,"href":"https:\/\/www.facadeaccesssolutions.com\/de\/wp-json\/wp\/v2\/pages\/1279"}],"wp:attachment":[{"href":"https:\/\/www.facadeaccesssolutions.com\/de\/wp-json\/wp\/v2\/media?parent=159"}],"curies":[{"name":"wp","href":"https:\/\/api.w.org\/{rel}","templated":true}]}}