{"id":179,"date":"2024-08-01T05:33:54","date_gmt":"2024-08-01T05:33:54","guid":{"rendered":"http:\/\/localhost\/techno\/facade\/wordpress\/?page_id=179"},"modified":"2026-04-26T22:29:29","modified_gmt":"2026-04-26T22:29:29","slug":"solutions","status":"publish","type":"page","link":"https:\/\/www.facadeaccesssolutions.com\/de\/solutions\/","title":{"rendered":"L\u00f6sungen"},"content":{"rendered":"\r\n<section class=\"breadcrumbs\" data-aos=\"fade-up\" data-aos-duration=\"600\" data-aos-easing=\"ease-out\" data-aos-delay=\"100\">\r\n    <div class=\"content_holder content_holder_1570\">\r\n    \t<ul>\r\n        \t\t\t\t<li><a href=\"https:\/\/www.facadeaccesssolutions.com\/de\/\">Startseite<\/a><\/li>\r\n\t\t\t        <\/ul>\r\n    <\/div>\r\n<\/section>\n\n<section class=\"page_title \" data-aos=\"fade-up\" data-aos-duration=\"600\" data-aos-easing=\"ease-out\" data-aos-delay=\"200\">\n    <div class=\"content_holder content_holder_1570\">\n        <h1>L\u00d6SUNGEN<\/h1>\n    <\/div>\n<\/section>\n\n\n\n<section class=\"solutions_intro  \">\n    <div class=\"content_holder content_holder_1570 clearfix\">\n\n\t\t                <div class=\"sol_right\" data-aos=\"fade-up\" data-aos-duration=\"600\" data-aos-easing=\"ease-out\" data-aos-delay=\"300\">\n            <img decoding=\"async\" src=\"https:\/\/www.facadeaccesssolutions.com\/de\/wp-content\/uploads\/sites\/11\/2024\/08\/solution_1-881x515_c.jpg\" alt=\"facade maintenance access solutions\">\n        <\/div>\n            \n        <div class=\"sol_left site_contents\" data-aos=\"fade-up\" data-aos-duration=\"600\" data-aos-easing=\"ease-out\" data-aos-delay=\"400\">\n        \t<h4 class=\"title_line title_line_mob\">Facade Access Solutions bietet ein umfassendes Sortiment an Produkten und L\u00f6sungen f\u00fcr den Zugang zu Geb\u00e4uden und Fassaden.<\/h4>            <p class=\"\" data-start=\"61\" data-end=\"434\">Unser vollst\u00e4ndiges Portfolio an Fassadenzugangssystemen umfasst Building Maintenance Units (BMUs), selbstangetriebene Plattformen, Fahrwagen, Einschienenbahnen, Leitern, Davits, Hubtische, Absturzsicherungssysteme, Abseilanker und Fahrb\u00fchnen.<\/p>\n<p class=\"\" data-start=\"436\" data-end=\"667\">Von der integrierten Planung \u00fcber Fertigung, Installation und Wartung bis hin zu Nachr\u00fcstungen und Sanierungsl\u00f6sungen \u2013 unsere engagierten Serviceteams setzen sich daf\u00fcr ein, die ideale L\u00f6sung f\u00fcr Ihre Anforderungen zu realisieren.<\/p>\n            <div class=\"mhide_1\">\n            \t            <\/div>\n            \t            <a href=\"https:\/\/www.facadeaccesssolutions.com\/de\/contact\/\" class=\"site_btn site_btn_sm\" target=\"\">\n\t\t\t\t\tAnfragen                <\/a>\n                                <\/div>\n    <\/div>\n<\/section>\n\n\n\n\n\r\n<section class=\"sol_item \" data-aos=\"anim_line\" data-aos-duration=\"600\" data-aos-easing=\"ease-out\" data-aos-delay=\"300\" data-aos-offset=\"300\">\r\n    <div class=\"content_holder content_holder_1570 clearfix\">\r\n    \t\r\n\t\t                <div class=\"sol_img\">\r\n            <a href=\"https:\/\/www.facadeaccesssolutions.com\/de\/solutions\/new-equipment\/\" target=\"\" class=\"img_zoom\">            \t<img decoding=\"async\" src=\"https:\/\/www.facadeaccesssolutions.com\/de\/wp-content\/uploads\/sites\/11\/2024\/08\/solution_2-1000x637_c.jpg\" alt=\"facade maintenance access solutions\">\r\n            <\/a>        <\/div>\r\n                \r\n    \r\n        <div class=\"sol_title\">\r\n        \t            <h2 class=\"uppercase\">Neue Ger\u00e4te<span class=\"mobile_underline\"><\/span><\/h2>\r\n                                    <a href=\"https:\/\/www.facadeaccesssolutions.com\/de\/solutions\/new-equipment\/\"  class=\"site_btn\">Mehr Erfahren<\/a>\r\n                    <\/div>\r\n    <\/div>\r\n<\/section>\r\n\r\n\n\n\r\n<section class=\"sol_item sol_item_alt \" data-aos=\"anim_line\" data-aos-duration=\"600\" data-aos-easing=\"ease-out\" data-aos-delay=\"300\" data-aos-offset=\"300\">\r\n    <div class=\"content_holder content_holder_1570 clearfix\">\r\n    \t\r\n\t\t                <div class=\"sol_img\">\r\n            <a href=\"https:\/\/www.facadeaccesssolutions.com\/de\/solutions\/integrated-design-services\/\" target=\"\" class=\"img_zoom\">            \t<img decoding=\"async\" src=\"https:\/\/www.facadeaccesssolutions.com\/de\/wp-content\/uploads\/sites\/11\/2024\/08\/solution_3-1000x637_c.jpg\" alt=\"custom facade access solutions\">\r\n            <\/a>        <\/div>\r\n                \r\n    \r\n        <div class=\"sol_title\">\r\n        \t            <h2 class=\"uppercase\">Integrierte Design-Dienstleistungen<span class=\"mobile_underline\"><\/span><\/h2>\r\n                                    <a href=\"https:\/\/www.facadeaccesssolutions.com\/de\/solutions\/integrated-design-services\/\"  class=\"site_btn\">Mehr Erfahren<\/a>\r\n                    <\/div>\r\n    <\/div>\r\n<\/section>\r\n\r\n\n\n\r\n<section class=\"sol_item \" data-aos=\"anim_line\" data-aos-duration=\"600\" data-aos-easing=\"ease-out\" data-aos-delay=\"300\" data-aos-offset=\"300\">\r\n    <div class=\"content_holder content_holder_1570 clearfix\">\r\n    \t\r\n\t\t                <div class=\"sol_img\">\r\n            <a href=\"https:\/\/www.facadeaccesssolutions.com\/de\/solutions\/retrofit-services\/\" target=\"\" class=\"img_zoom\">            \t<img decoding=\"async\" src=\"https:\/\/www.facadeaccesssolutions.com\/de\/wp-content\/uploads\/sites\/11\/2024\/08\/solution_4-1000x637_c.jpg\" alt=\"bmu facade cleaning\">\r\n            <\/a>        <\/div>\r\n                \r\n    \r\n        <div class=\"sol_title\">\r\n        \t            <h2 class=\"uppercase\">NACHR\u00dcSTUNG &amp; DIENSTLEISTUNGEN<span class=\"mobile_underline\"><\/span><\/h2>\r\n                                    <a href=\"https:\/\/www.facadeaccesssolutions.com\/de\/solutions\/retrofit-services\/\"  class=\"site_btn\">Mehr Erfahren<\/a>\r\n                    <\/div>\r\n    <\/div>\r\n<\/section>\r\n\r\n\n\n\r\n<section class=\"sol_item sol_item_alt sol_item_last \" data-aos=\"anim_line\" data-aos-duration=\"600\" data-aos-easing=\"ease-out\" data-aos-delay=\"300\" data-aos-offset=\"300\">\r\n    <div class=\"content_holder content_holder_1570 clearfix\">\r\n    \t\r\n\t\t                <div class=\"sol_img\">\r\n            <a href=\"https:\/\/www.facadeaccesssolutions.com\/de\/solutions\/special-projects-custom-solutions\/\" target=\"\" class=\"img_zoom\">            \t<img decoding=\"async\" src=\"https:\/\/www.facadeaccesssolutions.com\/de\/wp-content\/uploads\/sites\/11\/2024\/08\/solution_5-1000x637_c.jpg\" alt=\"facade maintenance systems\">\r\n            <\/a>        <\/div>\r\n                \r\n    \r\n        <div class=\"sol_title\">\r\n        \t            <h2 class=\"uppercase\">INFRASTRUCTURE ACCESS SOLUTIONS<span class=\"mobile_underline\"><\/span><\/h2>\r\n                                    <a href=\"https:\/\/www.facadeaccesssolutions.com\/de\/solutions\/special-projects-custom-solutions\/\"  class=\"site_btn\">Mehr Erfahren<\/a>\r\n                    <\/div>\r\n    <\/div>\r\n<\/section>\r\n\r\n","protected":false},"excerpt":{"rendered":"<p>Service Solutions \u2014 Supporting Buildings at Every Stage At Facade Access Solutions NAM, we go beyond supplying equipment. We provide end-to-end service solutions that enhance safety, reliability, and compliance, particularly through fall protection systems, including fall arrest systems, and integrated design services throughout the building\u2019s life.<\/p>\n","protected":false},"author":1,"featured_media":0,"parent":0,"menu_order":0,"comment_status":"closed","ping_status":"closed","template":"","meta":{"_acf_changed":false,"_trash_the_other_posts":false,"editor_notices":[],"footnotes":""},"class_list":["post-179","page","type-page","status-publish","hentry"],"acf":[],"yoast_head":"<!-- This site is optimized with the Yoast SEO Premium plugin v27.1 (Yoast SEO v27.3) - https:\/\/yoast.com\/product\/yoast-seo-premium-wordpress\/ -->\n<title>Fassadenzugangssysteme L\u00f6sungen | Facade Access Solutions<\/title>\n<meta name=\"description\" content=\"Komplette Fassadenzugangssysteme f\u00fcr Sicherheit, Effizienz und Normkonformit\u00e4t in verschiedenen Branchen und komplexen Geb\u00e4uden weltweit.\" \/>\n<meta name=\"robots\" content=\"index, follow, max-snippet:-1, max-image-preview:large, max-video-preview:-1\" \/>\n<link rel=\"canonical\" href=\"https:\/\/www.facadeaccesssolutions.com\/de\/solutions\/\" \/>\n<meta property=\"og:locale\" content=\"de_DE\" \/>\n<meta property=\"og:type\" content=\"article\" \/>\n<meta property=\"og:title\" content=\"L\u00f6sungen\" \/>\n<meta property=\"og:description\" content=\"Komplette Fassadenzugangssysteme f\u00fcr Sicherheit, Effizienz und Normkonformit\u00e4t in verschiedenen Branchen und komplexen Geb\u00e4uden weltweit.\" \/>\n<meta property=\"og:url\" content=\"https:\/\/www.facadeaccesssolutions.com\/de\/solutions\/\" \/>\n<meta property=\"og:site_name\" content=\"Facade Access Solutions Germany\" \/>\n<meta property=\"article:modified_time\" content=\"2026-04-26T22:29:29+00:00\" \/>\n<meta name=\"twitter:card\" content=\"summary_large_image\" \/>\n<script type=\"application\/ld+json\" class=\"yoast-schema-graph\">{\"@context\":\"https:\\\/\\\/schema.org\",\"@graph\":[{\"@type\":\"WebPage\",\"@id\":\"https:\\\/\\\/www.facadeaccesssolutions.com\\\/de\\\/solutions\\\/\",\"url\":\"https:\\\/\\\/www.facadeaccesssolutions.com\\\/de\\\/solutions\\\/\",\"name\":\"Fassadenzugangssysteme L\u00f6sungen | Facade Access Solutions\",\"isPartOf\":{\"@id\":\"https:\\\/\\\/www.facadeaccesssolutions.com\\\/de\\\/#website\"},\"datePublished\":\"2024-08-01T05:33:54+00:00\",\"dateModified\":\"2026-04-26T22:29:29+00:00\",\"description\":\"Komplette Fassadenzugangssysteme f\u00fcr Sicherheit, Effizienz und Normkonformit\u00e4t in verschiedenen Branchen und komplexen Geb\u00e4uden weltweit.\",\"breadcrumb\":{\"@id\":\"https:\\\/\\\/www.facadeaccesssolutions.com\\\/de\\\/solutions\\\/#breadcrumb\"},\"inLanguage\":\"de\",\"potentialAction\":[{\"@type\":\"ReadAction\",\"target\":[\"https:\\\/\\\/www.facadeaccesssolutions.com\\\/de\\\/solutions\\\/\"]}]},{\"@type\":\"BreadcrumbList\",\"@id\":\"https:\\\/\\\/www.facadeaccesssolutions.com\\\/de\\\/solutions\\\/#breadcrumb\",\"itemListElement\":[{\"@type\":\"ListItem\",\"position\":1,\"name\":\"Home\",\"item\":\"https:\\\/\\\/www.facadeaccesssolutions.com\\\/de\\\/\"},{\"@type\":\"ListItem\",\"position\":2,\"name\":\"L\u00f6sungen\"}]},{\"@type\":\"WebSite\",\"@id\":\"https:\\\/\\\/www.facadeaccesssolutions.com\\\/de\\\/#website\",\"url\":\"https:\\\/\\\/www.facadeaccesssolutions.com\\\/de\\\/\",\"name\":\"Facade Access Solutions\",\"description\":\"Part Of Alimak Group\",\"potentialAction\":[{\"@type\":\"SearchAction\",\"target\":{\"@type\":\"EntryPoint\",\"urlTemplate\":\"https:\\\/\\\/www.facadeaccesssolutions.com\\\/de\\\/?s={search_term_string}\"},\"query-input\":{\"@type\":\"PropertyValueSpecification\",\"valueRequired\":true,\"valueName\":\"search_term_string\"}}],\"inLanguage\":\"de\"}]}<\/script>\n<!-- \/ Yoast SEO Premium plugin. -->","yoast_head_json":{"title":"Fassadenzugangssysteme L\u00f6sungen | Facade Access Solutions","description":"Komplette Fassadenzugangssysteme f\u00fcr Sicherheit, Effizienz und Normkonformit\u00e4t in verschiedenen Branchen und komplexen Geb\u00e4uden weltweit.","robots":{"index":"index","follow":"follow","max-snippet":"max-snippet:-1","max-image-preview":"max-image-preview:large","max-video-preview":"max-video-preview:-1"},"canonical":"https:\/\/www.facadeaccesssolutions.com\/de\/solutions\/","og_locale":"de_DE","og_type":"article","og_title":"L\u00f6sungen","og_description":"Komplette Fassadenzugangssysteme f\u00fcr Sicherheit, Effizienz und Normkonformit\u00e4t in verschiedenen Branchen und komplexen Geb\u00e4uden weltweit.","og_url":"https:\/\/www.facadeaccesssolutions.com\/de\/solutions\/","og_site_name":"Facade Access Solutions Germany","article_modified_time":"2026-04-26T22:29:29+00:00","twitter_card":"summary_large_image","schema":{"@context":"https:\/\/schema.org","@graph":[{"@type":"WebPage","@id":"https:\/\/www.facadeaccesssolutions.com\/de\/solutions\/","url":"https:\/\/www.facadeaccesssolutions.com\/de\/solutions\/","name":"Fassadenzugangssysteme L\u00f6sungen | Facade Access Solutions","isPartOf":{"@id":"https:\/\/www.facadeaccesssolutions.com\/de\/#website"},"datePublished":"2024-08-01T05:33:54+00:00","dateModified":"2026-04-26T22:29:29+00:00","description":"Komplette Fassadenzugangssysteme f\u00fcr Sicherheit, Effizienz und Normkonformit\u00e4t in verschiedenen Branchen und komplexen Geb\u00e4uden weltweit.","breadcrumb":{"@id":"https:\/\/www.facadeaccesssolutions.com\/de\/solutions\/#breadcrumb"},"inLanguage":"de","potentialAction":[{"@type":"ReadAction","target":["https:\/\/www.facadeaccesssolutions.com\/de\/solutions\/"]}]},{"@type":"BreadcrumbList","@id":"https:\/\/www.facadeaccesssolutions.com\/de\/solutions\/#breadcrumb","itemListElement":[{"@type":"ListItem","position":1,"name":"Home","item":"https:\/\/www.facadeaccesssolutions.com\/de\/"},{"@type":"ListItem","position":2,"name":"L\u00f6sungen"}]},{"@type":"WebSite","@id":"https:\/\/www.facadeaccesssolutions.com\/de\/#website","url":"https:\/\/www.facadeaccesssolutions.com\/de\/","name":"Facade Access Solutions","description":"Part Of Alimak Group","potentialAction":[{"@type":"SearchAction","target":{"@type":"EntryPoint","urlTemplate":"https:\/\/www.facadeaccesssolutions.com\/de\/?s={search_term_string}"},"query-input":{"@type":"PropertyValueSpecification","valueRequired":true,"valueName":"search_term_string"}}],"inLanguage":"de"}]}},"_links":{"self":[{"href":"https:\/\/www.facadeaccesssolutions.com\/de\/wp-json\/wp\/v2\/pages\/179","targetHints":{"allow":["GET"]}}],"collection":[{"href":"https:\/\/www.facadeaccesssolutions.com\/de\/wp-json\/wp\/v2\/pages"}],"about":[{"href":"https:\/\/www.facadeaccesssolutions.com\/de\/wp-json\/wp\/v2\/types\/page"}],"author":[{"embeddable":true,"href":"https:\/\/www.facadeaccesssolutions.com\/de\/wp-json\/wp\/v2\/users\/1"}],"replies":[{"embeddable":true,"href":"https:\/\/www.facadeaccesssolutions.com\/de\/wp-json\/wp\/v2\/comments?post=179"}],"version-history":[{"count":15,"href":"https:\/\/www.facadeaccesssolutions.com\/de\/wp-json\/wp\/v2\/pages\/179\/revisions"}],"predecessor-version":[{"id":937,"href":"https:\/\/www.facadeaccesssolutions.com\/de\/wp-json\/wp\/v2\/pages\/179\/revisions\/937"}],"wp:attachment":[{"href":"https:\/\/www.facadeaccesssolutions.com\/de\/wp-json\/wp\/v2\/media?parent=179"}],"curies":[{"name":"wp","href":"https:\/\/api.w.org\/{rel}","templated":true}]}}