{"id":241,"date":"2024-08-01T07:06:37","date_gmt":"2024-08-01T07:06:37","guid":{"rendered":"http:\/\/localhost\/techno\/facade\/wordpress\/?page_id=241"},"modified":"2026-04-26T20:48:12","modified_gmt":"2026-04-26T20:48:12","slug":"sustainability","status":"publish","type":"page","link":"https:\/\/www.facadeaccesssolutions.com\/de\/about\/sustainability\/","title":{"rendered":"Nachhaltigkeit"},"content":{"rendered":"\r\n<section class=\"breadcrumbs\" data-aos=\"fade-up\" data-aos-duration=\"600\" data-aos-easing=\"ease-out\" data-aos-delay=\"100\">\r\n    <div class=\"content_holder content_holder_1570\">\r\n    \t<ul>\r\n        \t\t\t\t<li><a href=\"https:\/\/www.facadeaccesssolutions.com\/de\/\">Startseite<\/a><\/li>\r\n\t\t\t        <\/ul>\r\n    <\/div>\r\n<\/section>\n\n<section class=\"page_title \" data-aos=\"fade-up\" data-aos-duration=\"600\" data-aos-easing=\"ease-out\" data-aos-delay=\"200\">\n    <div class=\"content_holder content_holder_1570\">\n        <h1>Nachhaltigkeit<\/h1>\n    <\/div>\n<\/section>\n\n\n\n<section class=\"solutions_intro  \">\n    <div class=\"content_holder content_holder_1570 clearfix\">\n\n\t\t                <div class=\"sol_right\" data-aos=\"fade-up\" data-aos-duration=\"600\" data-aos-easing=\"ease-out\" data-aos-delay=\"300\">\n            <img decoding=\"async\" src=\"https:\/\/www.facadeaccesssolutions.com\/de\/wp-content\/uploads\/sites\/11\/2024\/08\/sustainability-881x667_c.jpg\" alt=\"Nachhaltige Beziehungen\">\n        <\/div>\n            \n        <div class=\"sol_left site_contents\" data-aos=\"fade-up\" data-aos-duration=\"600\" data-aos-easing=\"ease-out\" data-aos-delay=\"400\">\n        \t            <h5>Nachhaltige Beziehungen<\/h5>\n<p class=\"\" data-start=\"95\" data-end=\"251\">Wir f\u00fchren unser Gesch\u00e4ft verantwortungsvoll, f\u00f6rdern ein integratives und motivierendes Arbeitsumfeld und erwarten dies auch von unseren Gesch\u00e4ftspartnern.<\/p>\n<p class=\"\" data-start=\"253\" data-end=\"411\">Wir engagieren uns in relevanten \u00d6kosystemen, um aktiv an der Transformation hin zu mehr Nachhaltigkeit in den Branchen, in denen wir t\u00e4tig sind, mitzuwirken.<\/p>\n<h5>Nachhaltige L\u00f6sungen<\/h5>\n<p class=\"\" data-start=\"444\" data-end=\"572\">Unsere Produkte und L\u00f6sungen sind darauf ausgelegt, ihre Umweltauswirkungen \u00fcber den gesamten Lebenszyklus hinweg zu minimieren.<\/p>\n<p class=\"\" data-start=\"574\" data-end=\"721\">Dank unseres globalen Serviceteams gew\u00e4hrleisten wir, dass unsere Produkte \u00fcber viele Jahrzehnte hinweg sicher und effizient genutzt werden k\u00f6nnen.<\/p>\n<p class=\"\" data-start=\"723\" data-end=\"845\">Mit unseren Produkten und L\u00f6sungen unterst\u00fctzen wir unsere Kunden dabei, ihre Produktivit\u00e4t auf sichere Weise zu steigern.<\/p>\n<h5>Nachhaltiger Betrieb<\/h5>\n<p>Wir setzen alles daran, die Klimaauswirkungen in all unseren Gesch\u00e4ftsbereichen zu minimieren und sichere Arbeitspl\u00e4tze f\u00fcr alle Mitarbeitenden bereitzustellen.<\/p>\n            <div class=\"mhide_1\">\n            \t            <\/div>\n                                <\/div>\n    <\/div>\n<\/section>\n\n\n\n\n\n<p><\/p>\n","protected":false},"excerpt":{"rendered":"","protected":false},"author":1,"featured_media":0,"parent":108,"menu_order":0,"comment_status":"closed","ping_status":"closed","template":"","meta":{"_acf_changed":false,"_trash_the_other_posts":false,"editor_notices":[],"footnotes":""},"class_list":["post-241","page","type-page","status-publish","hentry"],"acf":[],"yoast_head":"<!-- This site is optimized with the Yoast SEO Premium plugin v27.1 (Yoast SEO v27.3) - https:\/\/yoast.com\/product\/yoast-seo-premium-wordpress\/ -->\n<title>Engagement f\u00fcr Nachhaltigkeit | Facade Access Solutions<\/title>\n<meta name=\"description\" content=\"Wir engagieren uns f\u00fcr Nachhaltigkeit und liefern Fassadenzugangsl\u00f6sungen mit reduzierter Umweltbelastung bei hoher Sicherheit und Leistung.\" \/>\n<meta name=\"robots\" content=\"index, follow, max-snippet:-1, max-image-preview:large, max-video-preview:-1\" \/>\n<link rel=\"canonical\" href=\"https:\/\/www.facadeaccesssolutions.com\/de\/about\/sustainability\/\" \/>\n<meta property=\"og:locale\" content=\"de_DE\" \/>\n<meta property=\"og:type\" content=\"article\" \/>\n<meta property=\"og:title\" content=\"Nachhaltigkeit\" \/>\n<meta property=\"og:description\" content=\"Wir engagieren uns f\u00fcr Nachhaltigkeit und liefern Fassadenzugangsl\u00f6sungen mit reduzierter Umweltbelastung bei hoher Sicherheit und Leistung.\" \/>\n<meta property=\"og:url\" content=\"https:\/\/www.facadeaccesssolutions.com\/de\/about\/sustainability\/\" \/>\n<meta property=\"og:site_name\" content=\"Facade Access Solutions Germany\" \/>\n<meta property=\"article:modified_time\" content=\"2026-04-26T20:48:12+00:00\" \/>\n<meta name=\"twitter:card\" content=\"summary_large_image\" \/>\n<script type=\"application\/ld+json\" class=\"yoast-schema-graph\">{\"@context\":\"https:\\\/\\\/schema.org\",\"@graph\":[{\"@type\":\"WebPage\",\"@id\":\"https:\\\/\\\/www.facadeaccesssolutions.com\\\/de\\\/about\\\/sustainability\\\/\",\"url\":\"https:\\\/\\\/www.facadeaccesssolutions.com\\\/de\\\/about\\\/sustainability\\\/\",\"name\":\"Engagement f\u00fcr Nachhaltigkeit | Facade Access Solutions\",\"isPartOf\":{\"@id\":\"https:\\\/\\\/www.facadeaccesssolutions.com\\\/de\\\/#website\"},\"datePublished\":\"2024-08-01T07:06:37+00:00\",\"dateModified\":\"2026-04-26T20:48:12+00:00\",\"description\":\"Wir engagieren uns f\u00fcr Nachhaltigkeit und liefern Fassadenzugangsl\u00f6sungen mit reduzierter Umweltbelastung bei hoher Sicherheit und Leistung.\",\"breadcrumb\":{\"@id\":\"https:\\\/\\\/www.facadeaccesssolutions.com\\\/de\\\/about\\\/sustainability\\\/#breadcrumb\"},\"inLanguage\":\"de\",\"potentialAction\":[{\"@type\":\"ReadAction\",\"target\":[\"https:\\\/\\\/www.facadeaccesssolutions.com\\\/de\\\/about\\\/sustainability\\\/\"]}]},{\"@type\":\"BreadcrumbList\",\"@id\":\"https:\\\/\\\/www.facadeaccesssolutions.com\\\/de\\\/about\\\/sustainability\\\/#breadcrumb\",\"itemListElement\":[{\"@type\":\"ListItem\",\"position\":1,\"name\":\"Home\",\"item\":\"https:\\\/\\\/www.facadeaccesssolutions.com\\\/de\\\/\"},{\"@type\":\"ListItem\",\"position\":2,\"name\":\"\u00dcber uns\",\"item\":\"https:\\\/\\\/www.facadeaccesssolutions.com\\\/de\\\/about\\\/\"},{\"@type\":\"ListItem\",\"position\":3,\"name\":\"Nachhaltigkeit\"}]},{\"@type\":\"WebSite\",\"@id\":\"https:\\\/\\\/www.facadeaccesssolutions.com\\\/de\\\/#website\",\"url\":\"https:\\\/\\\/www.facadeaccesssolutions.com\\\/de\\\/\",\"name\":\"Facade Access Solutions\",\"description\":\"Part Of Alimak Group\",\"potentialAction\":[{\"@type\":\"SearchAction\",\"target\":{\"@type\":\"EntryPoint\",\"urlTemplate\":\"https:\\\/\\\/www.facadeaccesssolutions.com\\\/de\\\/?s={search_term_string}\"},\"query-input\":{\"@type\":\"PropertyValueSpecification\",\"valueRequired\":true,\"valueName\":\"search_term_string\"}}],\"inLanguage\":\"de\"}]}<\/script>\n<!-- \/ Yoast SEO Premium plugin. -->","yoast_head_json":{"title":"Engagement f\u00fcr Nachhaltigkeit | Facade Access Solutions","description":"Wir engagieren uns f\u00fcr Nachhaltigkeit und liefern Fassadenzugangsl\u00f6sungen mit reduzierter Umweltbelastung bei hoher Sicherheit und Leistung.","robots":{"index":"index","follow":"follow","max-snippet":"max-snippet:-1","max-image-preview":"max-image-preview:large","max-video-preview":"max-video-preview:-1"},"canonical":"https:\/\/www.facadeaccesssolutions.com\/de\/about\/sustainability\/","og_locale":"de_DE","og_type":"article","og_title":"Nachhaltigkeit","og_description":"Wir engagieren uns f\u00fcr Nachhaltigkeit und liefern Fassadenzugangsl\u00f6sungen mit reduzierter Umweltbelastung bei hoher Sicherheit und Leistung.","og_url":"https:\/\/www.facadeaccesssolutions.com\/de\/about\/sustainability\/","og_site_name":"Facade Access Solutions Germany","article_modified_time":"2026-04-26T20:48:12+00:00","twitter_card":"summary_large_image","schema":{"@context":"https:\/\/schema.org","@graph":[{"@type":"WebPage","@id":"https:\/\/www.facadeaccesssolutions.com\/de\/about\/sustainability\/","url":"https:\/\/www.facadeaccesssolutions.com\/de\/about\/sustainability\/","name":"Engagement f\u00fcr Nachhaltigkeit | Facade Access Solutions","isPartOf":{"@id":"https:\/\/www.facadeaccesssolutions.com\/de\/#website"},"datePublished":"2024-08-01T07:06:37+00:00","dateModified":"2026-04-26T20:48:12+00:00","description":"Wir engagieren uns f\u00fcr Nachhaltigkeit und liefern Fassadenzugangsl\u00f6sungen mit reduzierter Umweltbelastung bei hoher Sicherheit und Leistung.","breadcrumb":{"@id":"https:\/\/www.facadeaccesssolutions.com\/de\/about\/sustainability\/#breadcrumb"},"inLanguage":"de","potentialAction":[{"@type":"ReadAction","target":["https:\/\/www.facadeaccesssolutions.com\/de\/about\/sustainability\/"]}]},{"@type":"BreadcrumbList","@id":"https:\/\/www.facadeaccesssolutions.com\/de\/about\/sustainability\/#breadcrumb","itemListElement":[{"@type":"ListItem","position":1,"name":"Home","item":"https:\/\/www.facadeaccesssolutions.com\/de\/"},{"@type":"ListItem","position":2,"name":"\u00dcber uns","item":"https:\/\/www.facadeaccesssolutions.com\/de\/about\/"},{"@type":"ListItem","position":3,"name":"Nachhaltigkeit"}]},{"@type":"WebSite","@id":"https:\/\/www.facadeaccesssolutions.com\/de\/#website","url":"https:\/\/www.facadeaccesssolutions.com\/de\/","name":"Facade Access Solutions","description":"Part Of Alimak Group","potentialAction":[{"@type":"SearchAction","target":{"@type":"EntryPoint","urlTemplate":"https:\/\/www.facadeaccesssolutions.com\/de\/?s={search_term_string}"},"query-input":{"@type":"PropertyValueSpecification","valueRequired":true,"valueName":"search_term_string"}}],"inLanguage":"de"}]}},"_links":{"self":[{"href":"https:\/\/www.facadeaccesssolutions.com\/de\/wp-json\/wp\/v2\/pages\/241","targetHints":{"allow":["GET"]}}],"collection":[{"href":"https:\/\/www.facadeaccesssolutions.com\/de\/wp-json\/wp\/v2\/pages"}],"about":[{"href":"https:\/\/www.facadeaccesssolutions.com\/de\/wp-json\/wp\/v2\/types\/page"}],"author":[{"embeddable":true,"href":"https:\/\/www.facadeaccesssolutions.com\/de\/wp-json\/wp\/v2\/users\/1"}],"replies":[{"embeddable":true,"href":"https:\/\/www.facadeaccesssolutions.com\/de\/wp-json\/wp\/v2\/comments?post=241"}],"version-history":[{"count":6,"href":"https:\/\/www.facadeaccesssolutions.com\/de\/wp-json\/wp\/v2\/pages\/241\/revisions"}],"predecessor-version":[{"id":899,"href":"https:\/\/www.facadeaccesssolutions.com\/de\/wp-json\/wp\/v2\/pages\/241\/revisions\/899"}],"up":[{"embeddable":true,"href":"https:\/\/www.facadeaccesssolutions.com\/de\/wp-json\/wp\/v2\/pages\/108"}],"wp:attachment":[{"href":"https:\/\/www.facadeaccesssolutions.com\/de\/wp-json\/wp\/v2\/media?parent=241"}],"curies":[{"name":"wp","href":"https:\/\/api.w.org\/{rel}","templated":true}]}}