{"id":249,"date":"2024-08-01T07:09:30","date_gmt":"2024-08-01T07:09:30","guid":{"rendered":"http:\/\/localhost\/techno\/facade\/wordpress\/?page_id=249"},"modified":"2026-04-12T19:19:38","modified_gmt":"2026-04-12T19:19:38","slug":"whistleblower","status":"publish","type":"page","link":"https:\/\/www.facadeaccesssolutions.com\/de\/whistleblower\/","title":{"rendered":"Hinweisgeber"},"content":{"rendered":"\r\n<section class=\"breadcrumbs\" data-aos=\"fade-up\" data-aos-duration=\"600\" data-aos-easing=\"ease-out\" data-aos-delay=\"100\">\r\n    <div class=\"content_holder content_holder_1570\">\r\n    \t<ul><li class=\"main-home\"><span property=\"itemListElement\" typeof=\"ListItem\"><a property=\"item\" typeof=\"WebPage\" title=\"Gehe zu FACADE ACCESS SOLUTIONS Sites.\" href=\"https:\/\/www.facadeaccesssolutions.com\" class=\"main-home\" ><span property=\"name\">FACADE ACCESS SOLUTIONS Sites<\/span><\/a><meta property=\"position\" content=\"1\"><\/span><\/li>\n<li class=\"home\"><span property=\"itemListElement\" typeof=\"ListItem\"><a property=\"item\" typeof=\"WebPage\" title=\"Go to Facade Access Solutions Germany.\" href=\"https:\/\/www.facadeaccesssolutions.com\/de\" class=\"home\" aria-current=\"page\"><span property=\"name\">Home<\/span><\/a><meta property=\"position\" content=\"2\"><\/span><\/li>\n<\/ul>\r\n    <\/div>\r\n<\/section>\n\n<section class=\"page_title \" data-aos=\"fade-up\" data-aos-duration=\"600\" data-aos-easing=\"ease-out\" data-aos-delay=\"200\">\n    <div class=\"content_holder content_holder_1570\">\n        <h1>Hinweisgeber<\/h1>\n    <\/div>\n<\/section>\n\n\n<section class=\"content_pg \" data-aos=\"fade-up\" data-aos-duration=\"600\" data-aos-easing=\"ease-out\" data-aos-delay=\"300\"> \r\n    <div class=\"content_holder content_holder_1570 clearfix\">\r\n    \t<div class=\"site_contents\" style=\"max-width:px\">\r\n\t    \t<h5>Verhaltenskodex<\/h5>\n<h6>Facade Access Solutions ist Teil der Alimak Group. Der Verhaltenskodex der Alimak Group beschreibt, wie wir unsere Gesch\u00e4fte auf ethische und verantwortungsbewusste Weise f\u00fchren. Er legt die Verhaltensgrunds\u00e4tze fest, an die wir uns halten, und gibt uns praktische Orientierungshilfen f\u00fcr unser Handeln und unsere t\u00e4glichen gesch\u00e4ftlichen Entscheidungen.<\/h6>\n<p>Alle Mitarbeiter der Alimak Group werden im Verhaltenskodex geschult. Die Schulung ist Teil unserer Einf\u00fchrungsprogramme f\u00fcr neue Mitarbeiter und wird regelm\u00e4\u00dfig wiederholt.<\/p>\n<p>Die Alimak Group h\u00e4lt sich an den UN Global Compact, eine Initiative, die darauf abzielt, Menschenrechte, faire Arbeitsstandards, Umweltverantwortung und Korruptionsbek\u00e4mpfung zu zentralen Bestandteilen der Gesch\u00e4ftst\u00e4tigkeit der teilnehmenden Unternehmen zu machen.<\/p>\n<p>Bitte besuchen Sie unsere Unternehmenswebsite, um mehr \u00fcber unseren Verhaltenskodex zu erfahren und Verst\u00f6\u00dfe oder Unstimmigkeiten zu melden.<\/p>\n                        <a href=\"https:\/\/www.alimakgroup.com\/\" target=\"_blank\" class=\"site_btn_2 site_btn_2_blue\">\r\n\t\t\t\tUnternehmenswebsite der Alimak Group            <\/a>\r\n                    <\/div>\r\n    <\/div>\r\n<\/section>\r\n\n\n<a href=\"#\" class=\"back_to_top\" id=\"back_to_top\"><\/a>","protected":false},"excerpt":{"rendered":"","protected":false},"author":1,"featured_media":0,"parent":0,"menu_order":0,"comment_status":"closed","ping_status":"closed","template":"","meta":{"_acf_changed":false,"_trash_the_other_posts":false,"editor_notices":[],"footnotes":""},"class_list":["post-249","page","type-page","status-publish","hentry"],"acf":[],"yoast_head":"<!-- This site is optimized with the Yoast SEO Premium plugin v27.1 (Yoast SEO v27.3) - https:\/\/yoast.com\/product\/yoast-seo-premium-wordpress\/ -->\n<title>Hinweisgeber | Facade Access Solutions<\/title>\n<meta name=\"description\" content=\"Facade Access Solutions befolgt den Verhaltenskodex der Alimak Group und f\u00f6rdert Ethik, Verantwortungsbewusstsein sowie sichere Meldung von Bedenken.\" \/>\n<meta name=\"robots\" content=\"index, follow, max-snippet:-1, max-image-preview:large, max-video-preview:-1\" \/>\n<link rel=\"canonical\" href=\"https:\/\/www.facadeaccesssolutions.com\/de\/whistleblower\/\" \/>\n<meta property=\"og:locale\" content=\"de_DE\" \/>\n<meta property=\"og:type\" content=\"article\" \/>\n<meta property=\"og:title\" content=\"Hinweisgeber\" \/>\n<meta property=\"og:description\" content=\"Facade Access Solutions befolgt den Verhaltenskodex der Alimak Group und f\u00f6rdert Ethik, Verantwortungsbewusstsein sowie sichere Meldung von Bedenken.\" \/>\n<meta property=\"og:url\" content=\"https:\/\/www.facadeaccesssolutions.com\/de\/whistleblower\/\" \/>\n<meta property=\"og:site_name\" content=\"Facade Access Solutions Germany\" \/>\n<meta property=\"article:modified_time\" content=\"2026-04-12T19:19:38+00:00\" \/>\n<meta name=\"twitter:card\" content=\"summary_large_image\" \/>\n<script type=\"application\/ld+json\" class=\"yoast-schema-graph\">{\"@context\":\"https:\\\/\\\/schema.org\",\"@graph\":[{\"@type\":\"WebPage\",\"@id\":\"https:\\\/\\\/www.facadeaccesssolutions.com\\\/de\\\/whistleblower\\\/\",\"url\":\"https:\\\/\\\/www.facadeaccesssolutions.com\\\/de\\\/whistleblower\\\/\",\"name\":\"Hinweisgeber | Facade Access Solutions\",\"isPartOf\":{\"@id\":\"https:\\\/\\\/www.facadeaccesssolutions.com\\\/de\\\/#website\"},\"datePublished\":\"2024-08-01T07:09:30+00:00\",\"dateModified\":\"2026-04-12T19:19:38+00:00\",\"description\":\"Facade Access Solutions befolgt den Verhaltenskodex der Alimak Group und f\u00f6rdert Ethik, Verantwortungsbewusstsein sowie sichere Meldung von Bedenken.\",\"breadcrumb\":{\"@id\":\"https:\\\/\\\/www.facadeaccesssolutions.com\\\/de\\\/whistleblower\\\/#breadcrumb\"},\"inLanguage\":\"de\",\"potentialAction\":[{\"@type\":\"ReadAction\",\"target\":[\"https:\\\/\\\/www.facadeaccesssolutions.com\\\/de\\\/whistleblower\\\/\"]}]},{\"@type\":\"BreadcrumbList\",\"@id\":\"https:\\\/\\\/www.facadeaccesssolutions.com\\\/de\\\/whistleblower\\\/#breadcrumb\",\"itemListElement\":[{\"@type\":\"ListItem\",\"position\":1,\"name\":\"Home\",\"item\":\"https:\\\/\\\/www.facadeaccesssolutions.com\\\/de\\\/\"},{\"@type\":\"ListItem\",\"position\":2,\"name\":\"Hinweisgeber\"}]},{\"@type\":\"WebSite\",\"@id\":\"https:\\\/\\\/www.facadeaccesssolutions.com\\\/de\\\/#website\",\"url\":\"https:\\\/\\\/www.facadeaccesssolutions.com\\\/de\\\/\",\"name\":\"Facade Access Solutions\",\"description\":\"Part Of Alimak Group\",\"potentialAction\":[{\"@type\":\"SearchAction\",\"target\":{\"@type\":\"EntryPoint\",\"urlTemplate\":\"https:\\\/\\\/www.facadeaccesssolutions.com\\\/de\\\/?s={search_term_string}\"},\"query-input\":{\"@type\":\"PropertyValueSpecification\",\"valueRequired\":true,\"valueName\":\"search_term_string\"}}],\"inLanguage\":\"de\"}]}<\/script>\n<!-- \/ Yoast SEO Premium plugin. -->","yoast_head_json":{"title":"Hinweisgeber | Facade Access Solutions","description":"Facade Access Solutions befolgt den Verhaltenskodex der Alimak Group und f\u00f6rdert Ethik, Verantwortungsbewusstsein sowie sichere Meldung von Bedenken.","robots":{"index":"index","follow":"follow","max-snippet":"max-snippet:-1","max-image-preview":"max-image-preview:large","max-video-preview":"max-video-preview:-1"},"canonical":"https:\/\/www.facadeaccesssolutions.com\/de\/whistleblower\/","og_locale":"de_DE","og_type":"article","og_title":"Hinweisgeber","og_description":"Facade Access Solutions befolgt den Verhaltenskodex der Alimak Group und f\u00f6rdert Ethik, Verantwortungsbewusstsein sowie sichere Meldung von Bedenken.","og_url":"https:\/\/www.facadeaccesssolutions.com\/de\/whistleblower\/","og_site_name":"Facade Access Solutions Germany","article_modified_time":"2026-04-12T19:19:38+00:00","twitter_card":"summary_large_image","schema":{"@context":"https:\/\/schema.org","@graph":[{"@type":"WebPage","@id":"https:\/\/www.facadeaccesssolutions.com\/de\/whistleblower\/","url":"https:\/\/www.facadeaccesssolutions.com\/de\/whistleblower\/","name":"Hinweisgeber | Facade Access Solutions","isPartOf":{"@id":"https:\/\/www.facadeaccesssolutions.com\/de\/#website"},"datePublished":"2024-08-01T07:09:30+00:00","dateModified":"2026-04-12T19:19:38+00:00","description":"Facade Access Solutions befolgt den Verhaltenskodex der Alimak Group und f\u00f6rdert Ethik, Verantwortungsbewusstsein sowie sichere Meldung von Bedenken.","breadcrumb":{"@id":"https:\/\/www.facadeaccesssolutions.com\/de\/whistleblower\/#breadcrumb"},"inLanguage":"de","potentialAction":[{"@type":"ReadAction","target":["https:\/\/www.facadeaccesssolutions.com\/de\/whistleblower\/"]}]},{"@type":"BreadcrumbList","@id":"https:\/\/www.facadeaccesssolutions.com\/de\/whistleblower\/#breadcrumb","itemListElement":[{"@type":"ListItem","position":1,"name":"Home","item":"https:\/\/www.facadeaccesssolutions.com\/de\/"},{"@type":"ListItem","position":2,"name":"Hinweisgeber"}]},{"@type":"WebSite","@id":"https:\/\/www.facadeaccesssolutions.com\/de\/#website","url":"https:\/\/www.facadeaccesssolutions.com\/de\/","name":"Facade Access Solutions","description":"Part Of Alimak Group","potentialAction":[{"@type":"SearchAction","target":{"@type":"EntryPoint","urlTemplate":"https:\/\/www.facadeaccesssolutions.com\/de\/?s={search_term_string}"},"query-input":{"@type":"PropertyValueSpecification","valueRequired":true,"valueName":"search_term_string"}}],"inLanguage":"de"}]}},"_links":{"self":[{"href":"https:\/\/www.facadeaccesssolutions.com\/de\/wp-json\/wp\/v2\/pages\/249","targetHints":{"allow":["GET"]}}],"collection":[{"href":"https:\/\/www.facadeaccesssolutions.com\/de\/wp-json\/wp\/v2\/pages"}],"about":[{"href":"https:\/\/www.facadeaccesssolutions.com\/de\/wp-json\/wp\/v2\/types\/page"}],"author":[{"embeddable":true,"href":"https:\/\/www.facadeaccesssolutions.com\/de\/wp-json\/wp\/v2\/users\/1"}],"replies":[{"embeddable":true,"href":"https:\/\/www.facadeaccesssolutions.com\/de\/wp-json\/wp\/v2\/comments?post=249"}],"version-history":[{"count":6,"href":"https:\/\/www.facadeaccesssolutions.com\/de\/wp-json\/wp\/v2\/pages\/249\/revisions"}],"predecessor-version":[{"id":1505,"href":"https:\/\/www.facadeaccesssolutions.com\/de\/wp-json\/wp\/v2\/pages\/249\/revisions\/1505"}],"wp:attachment":[{"href":"https:\/\/www.facadeaccesssolutions.com\/de\/wp-json\/wp\/v2\/media?parent=249"}],"curies":[{"name":"wp","href":"https:\/\/api.w.org\/{rel}","templated":true}]}}