{"id":255,"date":"2024-08-01T07:15:51","date_gmt":"2024-08-01T07:15:51","guid":{"rendered":"http:\/\/localhost\/techno\/facade\/wordpress\/?page_id=255"},"modified":"2025-03-28T15:34:32","modified_gmt":"2025-03-28T15:34:32","slug":"why-work-with-us","status":"publish","type":"page","link":"https:\/\/www.facadeaccesssolutions.com\/de\/about\/why-work-with-us\/","title":{"rendered":"Warum mit uns zusammenarbeiten?"},"content":{"rendered":"\r\n<section class=\"breadcrumbs\" data-aos=\"fade-up\" data-aos-duration=\"600\" data-aos-easing=\"ease-out\" data-aos-delay=\"100\">\r\n    <div class=\"content_holder content_holder_1570\">\r\n    \t<ul><li class=\"main-home\"><span property=\"itemListElement\" typeof=\"ListItem\"><a property=\"item\" typeof=\"WebPage\" title=\"Gehe zu FACADE ACCESS SOLUTIONS Sites.\" href=\"https:\/\/www.facadeaccesssolutions.com\" class=\"main-home\" ><span property=\"name\">FACADE ACCESS SOLUTIONS Sites<\/span><\/a><meta property=\"position\" content=\"1\"><\/span><\/li>\n<li class=\"home\"><span property=\"itemListElement\" typeof=\"ListItem\"><a property=\"item\" typeof=\"WebPage\" title=\"Go to Facade Access Solutions Germany.\" href=\"https:\/\/www.facadeaccesssolutions.com\/de\" class=\"home\" aria-current=\"page\"><span property=\"name\">Home<\/span><\/a><meta property=\"position\" content=\"2\"><\/span><\/li>\n<\/ul>\r\n    <\/div>\r\n<\/section>\n\n<section class=\"page_title \" data-aos=\"fade-up\" data-aos-duration=\"600\" data-aos-easing=\"ease-out\" data-aos-delay=\"200\">\n    <div class=\"content_holder content_holder_1570\">\n        <h1>Warum mit uns zusammenarbeiten?<\/h1>\n    <\/div>\n<\/section>\n\n\n\n<section class=\"solutions_intro  \">\n    <div class=\"content_holder content_holder_1570 clearfix\">\n\n\t\t                <div class=\"sol_right\" data-aos=\"fade-up\" data-aos-duration=\"600\" data-aos-easing=\"ease-out\" data-aos-delay=\"300\">\n            <img decoding=\"async\" src=\"https:\/\/www.facadeaccesssolutions.com\/de\/wp-content\/uploads\/sites\/11\/2024\/08\/why_work_1-881x515_c.jpg\" alt=\"\">\n        <\/div>\n            \n        <div class=\"sol_left site_contents\" data-aos=\"fade-up\" data-aos-duration=\"600\" data-aos-easing=\"ease-out\" data-aos-delay=\"400\">\n        \t            <h5>Menschen<\/h5>\n<p>Wir sind ein Team, das leidenschaftlich darauf aus ist, den besten Service zu bieten und die Herausforderungen im Bereich Zugang, Sicherheit und Kosteneffizienz zu meistern. Unsere Arbeit wird von den Werten der Alimak Group angetrieben.<\/p>\n<h5>Technologie<\/h5>\n<p>Unsere L\u00f6sungen integrieren erstklassige, robuste Technologie, und wir sind Pioniere in der Entwicklung neuer L\u00f6sungen, dank Ingenieurteams in Deutschland, Spanien, Luxemburg, Toronto, Dubai und Singapur.<\/p>\n<h5>Erfahrung<\/h5>\n<p>Un\u00fcbertroffen, unsere Erfahrung reicht \u00fcber 80 Jahre zur\u00fcck. Wir haben weltweit \u00fcber 16.000 Maschinen installiert und managen j\u00e4hrlich mehr als 300 neue Projekte.<\/p>\n<h5>Lokale &amp; globale Pr\u00e4senz<\/h5>\n<p>Unsere Pr\u00e4senz erm\u00f6glicht es uns, globales Fachwissen (Engineering, Fertigung) zu b\u00fcndeln, w\u00e4hrend wir bei Projektmanagement und Service nahe am Kunden bleiben. Mit 39 globalen Standorten sind unsere Teams immer in Ihrer N\u00e4he.<\/p>\n<h5>Produktsortiment<\/h5>\n<p>Die Kombination von Manntech, CoxGomyl und Tractel erm\u00f6glicht es uns, die beste L\u00f6sung oder Kombination von L\u00f6sungen f\u00fcr nahezu jedes Projekt zu nutzen. Unsere lokalen Teams sind der zentrale Ansprechpartner f\u00fcr alle Zugangsthemen und erm\u00f6glichen sicheren Zugang zu D\u00e4chern, sichere Arbeitsumgebungen und die Wartung aller Arten von Fassaden in jeder H\u00f6he.<\/p>\n            <div class=\"mhide_1\">\n            \t            <\/div>\n                                <\/div>\n    <\/div>\n<\/section>\n\n\n\n\n\r\n<section class=\"service_benefits\">\r\n    <div class=\"content_holder content_holder_1570\">\r\n    \t        <h3 data-aos=\"fade-up\" data-aos-duration=\"600\" data-aos-easing=\"ease-out\" data-aos-delay=\"200\">WARUM MIT UNS ZUSAMMENARBEITEN?<\/h3>\r\n                <div class=\"sb_cols sb_cols_5  clearfix\">\r\n                \t\r\n\t\t\t            <div class=\"sb_col\" data-aos=\"fade-up\" data-aos-duration=\"600\" data-aos-easing=\"ease-out\" data-aos-delay=\"300\">\r\n            \t\t\t\t\t                \r\n                <div class=\"sb_ico\"><img decoding=\"async\" src=\"https:\/\/www.facadeaccesssolutions.com\/de\/wp-content\/uploads\/sites\/11\/2024\/08\/work_1.svg\" alt=\"Menschen\"><\/div>\r\n                                <h5>Menschen<\/h5>            <\/div>\r\n                        \r\n\t\t\t            <div class=\"sb_col\" data-aos=\"fade-up\" data-aos-duration=\"600\" data-aos-easing=\"ease-out\" data-aos-delay=\"400\">\r\n            \t\t\t\t\t                \r\n                <div class=\"sb_ico\"><img decoding=\"async\" src=\"https:\/\/www.facadeaccesssolutions.com\/de\/wp-content\/uploads\/sites\/11\/2024\/08\/work_2.svg\" alt=\"Technologie\"><\/div>\r\n                                <h5>Technologie<\/h5>            <\/div>\r\n            \r\n\t\t\t            <div class=\"sb_col\" data-aos=\"fade-up\" data-aos-duration=\"600\" data-aos-easing=\"ease-out\" data-aos-delay=\"500\">\r\n            \t\t\t\t\t                \r\n                <div class=\"sb_ico\"><img decoding=\"async\" src=\"https:\/\/www.facadeaccesssolutions.com\/de\/wp-content\/uploads\/sites\/11\/2024\/08\/work_3.svg\" alt=\"Erfahrung\"><\/div>\r\n                                <h5>Erfahrung<\/h5>            <\/div>\r\n                        \r\n\t\t\t            <div class=\"sb_col\" data-aos=\"fade-up\" data-aos-duration=\"600\" data-aos-easing=\"ease-out\" data-aos-delay=\"600\">\r\n            \t\t\t\t\t                \r\n                <div class=\"sb_ico\"><img decoding=\"async\" src=\"https:\/\/www.facadeaccesssolutions.com\/de\/wp-content\/uploads\/sites\/11\/2024\/08\/work_4.svg\" alt=\"Lokale &#038; globale Pr\u00e4senz\"><\/div>\r\n                                <h5>Lokale &#038; globale Pr\u00e4senz<\/h5>            <\/div>\r\n            \r\n\t\t\t            <div class=\"sb_col\" data-aos=\"fade-up\" data-aos-duration=\"600\" data-aos-easing=\"ease-out\" data-aos-delay=\"700\">\r\n            \t\t\t\t\t                \r\n                <div class=\"sb_ico\"><img decoding=\"async\" src=\"https:\/\/www.facadeaccesssolutions.com\/de\/wp-content\/uploads\/sites\/11\/2024\/08\/work_5.svg\" alt=\"Produktsortiment\"><\/div>\r\n                                <h5>Produktsortiment<\/h5>            <\/div>\r\n            \r\n        <\/div>\r\n    <\/div>\r\n<\/section>\r\n\r\n\r\n","protected":false},"excerpt":{"rendered":"","protected":false},"author":1,"featured_media":0,"parent":108,"menu_order":0,"comment_status":"closed","ping_status":"closed","template":"","meta":{"_acf_changed":false,"_trash_the_other_posts":false,"editor_notices":[],"footnotes":""},"class_list":["post-255","page","type-page","status-publish","hentry"],"acf":[],"yoast_head":"<!-- This site is optimized with the Yoast SEO Premium plugin v27.1 (Yoast SEO v27.3) - https:\/\/yoast.com\/product\/yoast-seo-premium-wordpress\/ -->\n<title>Warum mit uns zusammenarbeiten? | Facade Access Solutions<\/title>\n<meta name=\"robots\" content=\"index, follow, max-snippet:-1, max-image-preview:large, max-video-preview:-1\" \/>\n<link rel=\"canonical\" href=\"https:\/\/www.facadeaccesssolutions.com\/de\/about\/why-work-with-us\/\" \/>\n<meta property=\"og:locale\" content=\"de_DE\" \/>\n<meta property=\"og:type\" content=\"article\" \/>\n<meta property=\"og:title\" content=\"Warum mit uns zusammenarbeiten?\" \/>\n<meta property=\"og:url\" content=\"https:\/\/www.facadeaccesssolutions.com\/de\/about\/why-work-with-us\/\" \/>\n<meta property=\"og:site_name\" content=\"Facade Access Solutions Germany\" \/>\n<meta property=\"article:modified_time\" content=\"2025-03-28T15:34:32+00:00\" \/>\n<meta name=\"twitter:card\" content=\"summary_large_image\" \/>\n<script type=\"application\/ld+json\" class=\"yoast-schema-graph\">{\"@context\":\"https:\\\/\\\/schema.org\",\"@graph\":[{\"@type\":\"WebPage\",\"@id\":\"https:\\\/\\\/www.facadeaccesssolutions.com\\\/de\\\/about\\\/why-work-with-us\\\/\",\"url\":\"https:\\\/\\\/www.facadeaccesssolutions.com\\\/de\\\/about\\\/why-work-with-us\\\/\",\"name\":\"Warum mit uns zusammenarbeiten? | Facade Access Solutions\",\"isPartOf\":{\"@id\":\"https:\\\/\\\/www.facadeaccesssolutions.com\\\/de\\\/#website\"},\"datePublished\":\"2024-08-01T07:15:51+00:00\",\"dateModified\":\"2025-03-28T15:34:32+00:00\",\"breadcrumb\":{\"@id\":\"https:\\\/\\\/www.facadeaccesssolutions.com\\\/de\\\/about\\\/why-work-with-us\\\/#breadcrumb\"},\"inLanguage\":\"de\",\"potentialAction\":[{\"@type\":\"ReadAction\",\"target\":[\"https:\\\/\\\/www.facadeaccesssolutions.com\\\/de\\\/about\\\/why-work-with-us\\\/\"]}]},{\"@type\":\"BreadcrumbList\",\"@id\":\"https:\\\/\\\/www.facadeaccesssolutions.com\\\/de\\\/about\\\/why-work-with-us\\\/#breadcrumb\",\"itemListElement\":[{\"@type\":\"ListItem\",\"position\":1,\"name\":\"Home\",\"item\":\"https:\\\/\\\/www.facadeaccesssolutions.com\\\/de\\\/\"},{\"@type\":\"ListItem\",\"position\":2,\"name\":\"\u00dcber uns\",\"item\":\"https:\\\/\\\/www.facadeaccesssolutions.com\\\/de\\\/about\\\/\"},{\"@type\":\"ListItem\",\"position\":3,\"name\":\"Warum mit uns zusammenarbeiten?\"}]},{\"@type\":\"WebSite\",\"@id\":\"https:\\\/\\\/www.facadeaccesssolutions.com\\\/de\\\/#website\",\"url\":\"https:\\\/\\\/www.facadeaccesssolutions.com\\\/de\\\/\",\"name\":\"Facade Access Solutions\",\"description\":\"Part Of Alimak Group\",\"potentialAction\":[{\"@type\":\"SearchAction\",\"target\":{\"@type\":\"EntryPoint\",\"urlTemplate\":\"https:\\\/\\\/www.facadeaccesssolutions.com\\\/de\\\/?s={search_term_string}\"},\"query-input\":{\"@type\":\"PropertyValueSpecification\",\"valueRequired\":true,\"valueName\":\"search_term_string\"}}],\"inLanguage\":\"de\"}]}<\/script>\n<!-- \/ Yoast SEO Premium plugin. -->","yoast_head_json":{"title":"Warum mit uns zusammenarbeiten? | Facade Access Solutions","robots":{"index":"index","follow":"follow","max-snippet":"max-snippet:-1","max-image-preview":"max-image-preview:large","max-video-preview":"max-video-preview:-1"},"canonical":"https:\/\/www.facadeaccesssolutions.com\/de\/about\/why-work-with-us\/","og_locale":"de_DE","og_type":"article","og_title":"Warum mit uns zusammenarbeiten?","og_url":"https:\/\/www.facadeaccesssolutions.com\/de\/about\/why-work-with-us\/","og_site_name":"Facade Access Solutions Germany","article_modified_time":"2025-03-28T15:34:32+00:00","twitter_card":"summary_large_image","schema":{"@context":"https:\/\/schema.org","@graph":[{"@type":"WebPage","@id":"https:\/\/www.facadeaccesssolutions.com\/de\/about\/why-work-with-us\/","url":"https:\/\/www.facadeaccesssolutions.com\/de\/about\/why-work-with-us\/","name":"Warum mit uns zusammenarbeiten? | Facade Access Solutions","isPartOf":{"@id":"https:\/\/www.facadeaccesssolutions.com\/de\/#website"},"datePublished":"2024-08-01T07:15:51+00:00","dateModified":"2025-03-28T15:34:32+00:00","breadcrumb":{"@id":"https:\/\/www.facadeaccesssolutions.com\/de\/about\/why-work-with-us\/#breadcrumb"},"inLanguage":"de","potentialAction":[{"@type":"ReadAction","target":["https:\/\/www.facadeaccesssolutions.com\/de\/about\/why-work-with-us\/"]}]},{"@type":"BreadcrumbList","@id":"https:\/\/www.facadeaccesssolutions.com\/de\/about\/why-work-with-us\/#breadcrumb","itemListElement":[{"@type":"ListItem","position":1,"name":"Home","item":"https:\/\/www.facadeaccesssolutions.com\/de\/"},{"@type":"ListItem","position":2,"name":"\u00dcber uns","item":"https:\/\/www.facadeaccesssolutions.com\/de\/about\/"},{"@type":"ListItem","position":3,"name":"Warum mit uns zusammenarbeiten?"}]},{"@type":"WebSite","@id":"https:\/\/www.facadeaccesssolutions.com\/de\/#website","url":"https:\/\/www.facadeaccesssolutions.com\/de\/","name":"Facade Access Solutions","description":"Part Of Alimak Group","potentialAction":[{"@type":"SearchAction","target":{"@type":"EntryPoint","urlTemplate":"https:\/\/www.facadeaccesssolutions.com\/de\/?s={search_term_string}"},"query-input":{"@type":"PropertyValueSpecification","valueRequired":true,"valueName":"search_term_string"}}],"inLanguage":"de"}]}},"_links":{"self":[{"href":"https:\/\/www.facadeaccesssolutions.com\/de\/wp-json\/wp\/v2\/pages\/255","targetHints":{"allow":["GET"]}}],"collection":[{"href":"https:\/\/www.facadeaccesssolutions.com\/de\/wp-json\/wp\/v2\/pages"}],"about":[{"href":"https:\/\/www.facadeaccesssolutions.com\/de\/wp-json\/wp\/v2\/types\/page"}],"author":[{"embeddable":true,"href":"https:\/\/www.facadeaccesssolutions.com\/de\/wp-json\/wp\/v2\/users\/1"}],"replies":[{"embeddable":true,"href":"https:\/\/www.facadeaccesssolutions.com\/de\/wp-json\/wp\/v2\/comments?post=255"}],"version-history":[{"count":5,"href":"https:\/\/www.facadeaccesssolutions.com\/de\/wp-json\/wp\/v2\/pages\/255\/revisions"}],"predecessor-version":[{"id":897,"href":"https:\/\/www.facadeaccesssolutions.com\/de\/wp-json\/wp\/v2\/pages\/255\/revisions\/897"}],"up":[{"embeddable":true,"href":"https:\/\/www.facadeaccesssolutions.com\/de\/wp-json\/wp\/v2\/pages\/108"}],"wp:attachment":[{"href":"https:\/\/www.facadeaccesssolutions.com\/de\/wp-json\/wp\/v2\/media?parent=255"}],"curies":[{"name":"wp","href":"https:\/\/api.w.org\/{rel}","templated":true}]}}