{"id":919,"date":"2026-01-28T17:12:52","date_gmt":"2026-01-28T17:12:52","guid":{"rendered":"https:\/\/localhost\/techno\/fas\/wordpress\/de\/?page_id=919"},"modified":"2026-01-28T17:20:49","modified_gmt":"2026-01-28T17:20:49","slug":"products","status":"publish","type":"page","link":"https:\/\/www.facadeaccesssolutions.com\/de\/products\/","title":{"rendered":"Produkte"},"content":{"rendered":"\r\n<section class=\"breadcrumbs\" data-aos=\"fade-up\" data-aos-duration=\"600\" data-aos-easing=\"ease-out\" data-aos-delay=\"100\">\r\n    <div class=\"content_holder content_holder_1570\">\r\n    \t<ul><li class=\"main-home\"><span property=\"itemListElement\" typeof=\"ListItem\"><a property=\"item\" typeof=\"WebPage\" title=\"Gehe zu FACADE ACCESS SOLUTIONS Sites.\" href=\"https:\/\/www.facadeaccesssolutions.com\" class=\"main-home\" ><span property=\"name\">FACADE ACCESS SOLUTIONS Sites<\/span><\/a><meta property=\"position\" content=\"1\"><\/span><\/li>\n<li class=\"home\"><span property=\"itemListElement\" typeof=\"ListItem\"><a property=\"item\" typeof=\"WebPage\" title=\"Go to Facade Access Solutions Germany.\" href=\"https:\/\/www.facadeaccesssolutions.com\/de\" class=\"home\" aria-current=\"page\"><span property=\"name\">Home<\/span><\/a><meta property=\"position\" content=\"2\"><\/span><\/li>\n<\/ul>\r\n    <\/div>\r\n<\/section>\n\n<section class=\"page_title \" data-aos=\"fade-up\" data-aos-duration=\"600\" data-aos-easing=\"ease-out\" data-aos-delay=\"200\">\n    <div class=\"content_holder content_holder_1570\">\n        <h1>Produkte<\/h1>\n    <\/div>\n<\/section>\n\n\n\n    \n<section class=\"related_prdoucts product_listing\">\n    <div class=\"content_holder content_holder_1570\">\n        <div class=\"prod_list\">\n        \t\t\n\n\t\t\t            \t\n\n                            \n            <div class=\"prod_box\" data-aos=\"fade-up\" data-aos-duration=\"600\" data-aos-easing=\"ease-out\" data-aos-delay=\"100\">\n                <div class=\"prod_img\">\n                    <a href=\"https:\/\/www.facadeaccesssolutions.com\/de\/product\/custom-bmu\/\">\n                        <img decoding=\"async\" src=\"https:\/\/www.facadeaccesssolutions.com\/de\/wp-content\/uploads\/sites\/11\/2026\/01\/0c9d8f4e-10aa-40dc-9f2e-ddb37a770bc3-600x610_c.jpeg\" alt=\"Building Maintenance Units (BMUs)\" title=\"Building Maintenance Units (BMUs)\">\n                    <\/a>\n                    <h3><a href=\"https:\/\/www.facadeaccesssolutions.com\/de\/product\/custom-bmu\/\">Building Maintenance Units (BMUs)<\/a><\/h3>\n                <\/div>\n            <\/div>\n            \n            \t\t\t\t\n\n                            \n            <div class=\"prod_box\" data-aos=\"fade-up\" data-aos-duration=\"600\" data-aos-easing=\"ease-out\" data-aos-delay=\"200\">\n                <div class=\"prod_img\">\n                    <a href=\"https:\/\/www.facadeaccesssolutions.com\/de\/product\/davits-and-outriggers\/\">\n                        <img decoding=\"async\" src=\"https:\/\/www.facadeaccesssolutions.com\/de\/wp-content\/uploads\/sites\/11\/2026\/01\/Davit-System-222-2nd-Street-21-scaled-600x610_c.jpg\" alt=\"Davits und Ausleger\" title=\"Davits und Ausleger\">\n                    <\/a>\n                    <h3><a href=\"https:\/\/www.facadeaccesssolutions.com\/de\/product\/davits-and-outriggers\/\">Davits und Ausleger<\/a><\/h3>\n                <\/div>\n            <\/div>\n            \n            \t\t\t\t\n\n                            \n            <div class=\"prod_box\" data-aos=\"fade-up\" data-aos-duration=\"600\" data-aos-easing=\"ease-out\" data-aos-delay=\"300\">\n                <div class=\"prod_img\">\n                    <a href=\"https:\/\/www.facadeaccesssolutions.com\/de\/product\/tiebacks-and-lifelines\/\">\n                        <img decoding=\"async\" src=\"https:\/\/www.facadeaccesssolutions.com\/de\/wp-content\/uploads\/sites\/11\/2026\/01\/Lifelines-8N06-Toronto-scaled-600x610_c.jpg\" alt=\"R\u00fcckhalteseile\u00a0und\u00a0Rettungsleinen\" title=\"R\u00fcckhalteseile\u00a0und\u00a0Rettungsleinen\">\n                    <\/a>\n                    <h3><a href=\"https:\/\/www.facadeaccesssolutions.com\/de\/product\/tiebacks-and-lifelines\/\">R\u00fcckhalteseile\u00a0und\u00a0Rettungsleinen<\/a><\/h3>\n                <\/div>\n            <\/div>\n            \n            \t\t\t\t\n\n                            \n            <div class=\"prod_box\" data-aos=\"fade-up\" data-aos-duration=\"600\" data-aos-easing=\"ease-out\" data-aos-delay=\"100\">\n                <div class=\"prod_img\">\n                    <a href=\"https:\/\/www.facadeaccesssolutions.com\/de\/product\/monorail-and-railscaf\/\">\n                        <img decoding=\"async\" src=\"https:\/\/www.facadeaccesssolutions.com\/de\/wp-content\/uploads\/sites\/11\/2026\/01\/Monorail-150-King-Street-West-scaled-600x610_c.jpg\" alt=\"Monorail- und Railscaf\" title=\"Monorail- und Railscaf\">\n                    <\/a>\n                    <h3><a href=\"https:\/\/www.facadeaccesssolutions.com\/de\/product\/monorail-and-railscaf\/\">Monorail- und Railscaf<\/a><\/h3>\n                <\/div>\n            <\/div>\n            \n            \t\t\t\t\n\n                            \n            <div class=\"prod_box\" data-aos=\"fade-up\" data-aos-duration=\"600\" data-aos-easing=\"ease-out\" data-aos-delay=\"200\">\n                <div class=\"prod_img\">\n                    <a href=\"https:\/\/www.facadeaccesssolutions.com\/de\/product\/powered-platform\/\">\n                        <img decoding=\"async\" src=\"https:\/\/www.facadeaccesssolutions.com\/de\/wp-content\/uploads\/sites\/11\/2026\/01\/Monorail-Railscaf-600x610_c.jpg\" alt=\"Angetriebene\u00a0Plattform\" title=\"Angetriebene\u00a0Plattform\">\n                    <\/a>\n                    <h3><a href=\"https:\/\/www.facadeaccesssolutions.com\/de\/product\/powered-platform\/\">Angetriebene\u00a0Plattform<\/a><\/h3>\n                <\/div>\n            <\/div>\n            \n            \t\t\t            \n            \n        <\/div>\n        \n        <div class=\"pagination\" data-aos=\"fade-up\" data-aos-duration=\"600\" data-aos-easing=\"ease-out\" data-aos-delay=\"100\">\n        \t        <\/div>\n        \n                \n        \n    <\/div>\n<\/section>\n\n\n","protected":false},"excerpt":{"rendered":"","protected":false},"author":1,"featured_media":0,"parent":0,"menu_order":0,"comment_status":"closed","ping_status":"closed","template":"","meta":{"_acf_changed":false,"_trash_the_other_posts":false,"editor_notices":[],"footnotes":""},"class_list":["post-919","page","type-page","status-publish","hentry"],"acf":[],"yoast_head":"<!-- This site is optimized with the Yoast SEO Premium plugin v27.1 (Yoast SEO v27.3) - https:\/\/yoast.com\/product\/yoast-seo-premium-wordpress\/ -->\n<title>BMU-Produkte | Facade Access Solutions<\/title>\n<meta name=\"description\" content=\"Ma\u00dfgeschneiderte Fassadenzugangssysteme f\u00fcr sichere, vorschriftsm\u00e4\u00dfige Instandhaltung komplexer und architektonisch anspruchsvoller Hochbauten.\" \/>\n<meta name=\"robots\" content=\"index, follow, max-snippet:-1, max-image-preview:large, max-video-preview:-1\" \/>\n<link rel=\"canonical\" href=\"https:\/\/www.facadeaccesssolutions.com\/de\/products\/\" \/>\n<meta property=\"og:locale\" content=\"de_DE\" \/>\n<meta property=\"og:type\" content=\"article\" \/>\n<meta property=\"og:title\" content=\"Produkte\" \/>\n<meta property=\"og:description\" content=\"Ma\u00dfgeschneiderte Fassadenzugangssysteme f\u00fcr sichere, vorschriftsm\u00e4\u00dfige Instandhaltung komplexer und architektonisch anspruchsvoller Hochbauten.\" \/>\n<meta property=\"og:url\" content=\"https:\/\/www.facadeaccesssolutions.com\/de\/products\/\" \/>\n<meta property=\"og:site_name\" content=\"Facade Access Solutions Germany\" \/>\n<meta property=\"article:modified_time\" content=\"2026-01-28T17:20:49+00:00\" \/>\n<meta name=\"twitter:card\" content=\"summary_large_image\" \/>\n<script type=\"application\/ld+json\" class=\"yoast-schema-graph\">{\"@context\":\"https:\\\/\\\/schema.org\",\"@graph\":[{\"@type\":\"WebPage\",\"@id\":\"https:\\\/\\\/www.facadeaccesssolutions.com\\\/de\\\/products\\\/\",\"url\":\"https:\\\/\\\/www.facadeaccesssolutions.com\\\/de\\\/products\\\/\",\"name\":\"BMU-Produkte | Facade Access Solutions\",\"isPartOf\":{\"@id\":\"https:\\\/\\\/www.facadeaccesssolutions.com\\\/de\\\/#website\"},\"datePublished\":\"2026-01-28T17:12:52+00:00\",\"dateModified\":\"2026-01-28T17:20:49+00:00\",\"description\":\"Ma\u00dfgeschneiderte Fassadenzugangssysteme f\u00fcr sichere, vorschriftsm\u00e4\u00dfige Instandhaltung komplexer und architektonisch anspruchsvoller Hochbauten.\",\"breadcrumb\":{\"@id\":\"https:\\\/\\\/www.facadeaccesssolutions.com\\\/de\\\/products\\\/#breadcrumb\"},\"inLanguage\":\"de\",\"potentialAction\":[{\"@type\":\"ReadAction\",\"target\":[\"https:\\\/\\\/www.facadeaccesssolutions.com\\\/de\\\/products\\\/\"]}]},{\"@type\":\"BreadcrumbList\",\"@id\":\"https:\\\/\\\/www.facadeaccesssolutions.com\\\/de\\\/products\\\/#breadcrumb\",\"itemListElement\":[{\"@type\":\"ListItem\",\"position\":1,\"name\":\"Home\",\"item\":\"https:\\\/\\\/www.facadeaccesssolutions.com\\\/de\\\/\"},{\"@type\":\"ListItem\",\"position\":2,\"name\":\"Produkte\"}]},{\"@type\":\"WebSite\",\"@id\":\"https:\\\/\\\/www.facadeaccesssolutions.com\\\/de\\\/#website\",\"url\":\"https:\\\/\\\/www.facadeaccesssolutions.com\\\/de\\\/\",\"name\":\"Facade Access Solutions\",\"description\":\"Part Of Alimak Group\",\"potentialAction\":[{\"@type\":\"SearchAction\",\"target\":{\"@type\":\"EntryPoint\",\"urlTemplate\":\"https:\\\/\\\/www.facadeaccesssolutions.com\\\/de\\\/?s={search_term_string}\"},\"query-input\":{\"@type\":\"PropertyValueSpecification\",\"valueRequired\":true,\"valueName\":\"search_term_string\"}}],\"inLanguage\":\"de\"}]}<\/script>\n<!-- \/ Yoast SEO Premium plugin. -->","yoast_head_json":{"title":"BMU-Produkte | Facade Access Solutions","description":"Ma\u00dfgeschneiderte Fassadenzugangssysteme f\u00fcr sichere, vorschriftsm\u00e4\u00dfige Instandhaltung komplexer und architektonisch anspruchsvoller Hochbauten.","robots":{"index":"index","follow":"follow","max-snippet":"max-snippet:-1","max-image-preview":"max-image-preview:large","max-video-preview":"max-video-preview:-1"},"canonical":"https:\/\/www.facadeaccesssolutions.com\/de\/products\/","og_locale":"de_DE","og_type":"article","og_title":"Produkte","og_description":"Ma\u00dfgeschneiderte Fassadenzugangssysteme f\u00fcr sichere, vorschriftsm\u00e4\u00dfige Instandhaltung komplexer und architektonisch anspruchsvoller Hochbauten.","og_url":"https:\/\/www.facadeaccesssolutions.com\/de\/products\/","og_site_name":"Facade Access Solutions Germany","article_modified_time":"2026-01-28T17:20:49+00:00","twitter_card":"summary_large_image","schema":{"@context":"https:\/\/schema.org","@graph":[{"@type":"WebPage","@id":"https:\/\/www.facadeaccesssolutions.com\/de\/products\/","url":"https:\/\/www.facadeaccesssolutions.com\/de\/products\/","name":"BMU-Produkte | Facade Access Solutions","isPartOf":{"@id":"https:\/\/www.facadeaccesssolutions.com\/de\/#website"},"datePublished":"2026-01-28T17:12:52+00:00","dateModified":"2026-01-28T17:20:49+00:00","description":"Ma\u00dfgeschneiderte Fassadenzugangssysteme f\u00fcr sichere, vorschriftsm\u00e4\u00dfige Instandhaltung komplexer und architektonisch anspruchsvoller Hochbauten.","breadcrumb":{"@id":"https:\/\/www.facadeaccesssolutions.com\/de\/products\/#breadcrumb"},"inLanguage":"de","potentialAction":[{"@type":"ReadAction","target":["https:\/\/www.facadeaccesssolutions.com\/de\/products\/"]}]},{"@type":"BreadcrumbList","@id":"https:\/\/www.facadeaccesssolutions.com\/de\/products\/#breadcrumb","itemListElement":[{"@type":"ListItem","position":1,"name":"Home","item":"https:\/\/www.facadeaccesssolutions.com\/de\/"},{"@type":"ListItem","position":2,"name":"Produkte"}]},{"@type":"WebSite","@id":"https:\/\/www.facadeaccesssolutions.com\/de\/#website","url":"https:\/\/www.facadeaccesssolutions.com\/de\/","name":"Facade Access Solutions","description":"Part Of Alimak Group","potentialAction":[{"@type":"SearchAction","target":{"@type":"EntryPoint","urlTemplate":"https:\/\/www.facadeaccesssolutions.com\/de\/?s={search_term_string}"},"query-input":{"@type":"PropertyValueSpecification","valueRequired":true,"valueName":"search_term_string"}}],"inLanguage":"de"}]}},"_links":{"self":[{"href":"https:\/\/www.facadeaccesssolutions.com\/de\/wp-json\/wp\/v2\/pages\/919","targetHints":{"allow":["GET"]}}],"collection":[{"href":"https:\/\/www.facadeaccesssolutions.com\/de\/wp-json\/wp\/v2\/pages"}],"about":[{"href":"https:\/\/www.facadeaccesssolutions.com\/de\/wp-json\/wp\/v2\/types\/page"}],"author":[{"embeddable":true,"href":"https:\/\/www.facadeaccesssolutions.com\/de\/wp-json\/wp\/v2\/users\/1"}],"replies":[{"embeddable":true,"href":"https:\/\/www.facadeaccesssolutions.com\/de\/wp-json\/wp\/v2\/comments?post=919"}],"version-history":[{"count":4,"href":"https:\/\/www.facadeaccesssolutions.com\/de\/wp-json\/wp\/v2\/pages\/919\/revisions"}],"predecessor-version":[{"id":1124,"href":"https:\/\/www.facadeaccesssolutions.com\/de\/wp-json\/wp\/v2\/pages\/919\/revisions\/1124"}],"wp:attachment":[{"href":"https:\/\/www.facadeaccesssolutions.com\/de\/wp-json\/wp\/v2\/media?parent=919"}],"curies":[{"name":"wp","href":"https:\/\/api.w.org\/{rel}","templated":true}]}}