{"id":1026,"date":"2026-01-10T17:00:41","date_gmt":"2026-01-10T17:00:41","guid":{"rendered":"https:\/\/www.facadeaccesssolutions.com\/es\/?page_id=1026"},"modified":"2026-04-25T23:38:32","modified_gmt":"2026-04-25T23:38:32","slug":"service-solutions","status":"publish","type":"page","link":"https:\/\/www.facadeaccesssolutions.com\/es\/services\/service-solutions\/","title":{"rendered":"Soluciones de servicio"},"content":{"rendered":"\r\n<section class=\"breadcrumbs\" data-aos=\"fade-up\" data-aos-duration=\"600\" data-aos-easing=\"ease-out\" data-aos-delay=\"100\">\r\n    <div class=\"content_holder content_holder_1570\">\r\n    \t<ul>\r\n        \t\t\t\t<li><a href=\"https:\/\/www.facadeaccesssolutions.com\/es\/\">Inicio<\/a><\/li>\r\n\t\t\t        <\/ul>\r\n    <\/div>\r\n<\/section>\n\n<section class=\"page_title \" data-aos=\"fade-up\" data-aos-duration=\"600\" data-aos-easing=\"ease-out\" data-aos-delay=\"200\">\n    <div class=\"content_holder content_holder_1570\">\n        <h1>Soluciones de Servicio Integrales para Acceso a Fachadas Seguro y Confiable<\/h1>\n    <\/div>\n<\/section>\n\n\n\n<section class=\"solutions_intro  \">\n    <div class=\"content_holder content_holder_1570 clearfix\">\n\n\t\t    \n        <div class=\"sol_left site_contents\" data-aos=\"fade-up\" data-aos-duration=\"600\" data-aos-easing=\"ease-out\" data-aos-delay=\"400\">\n        \t<h4 class=\"title_line title_line_mob\">Facade Access Solutions ofrece programas de servicio que mantienen los sistemas de acceso a fachadas operando de forma segura, eficiente y en pleno cumplimiento con los est\u00e1ndares internacionales.<\/h4>            <p>El mantenimiento de fachadas modernas requiere m\u00e1s que equipos est\u00e1ndar. Exige sistemas de acceso dise\u00f1ados que integren seguridad, cumplimiento normativo y rendimiento en cada etapa del ciclo de vida de un edificio.<\/p>\n<p>Como parte de Alimak Group, Facade Access Solutions proporciona soluciones de acceso a fachadas dise\u00f1adas globalmente y respaldadas por d\u00e9cadas de experiencia de marcas reconocidas como Tractel, Manntech y CoxGomyl. Cada sistema est\u00e1 dise\u00f1ado para optimizar los ciclos de mantenimiento, reducir costes a largo plazo y mejorar el rendimiento general del edificio.<\/p>\n<p>Con m\u00e1s de 16.000 instalaciones en todo el mundo, Facade Access Solutions cuenta con un historial comprobado en proyectos de gran altura y complejidad arquitect\u00f3nica. Cada soluci\u00f3n se desarrolla mediante un proceso de ingenier\u00eda detallado que prioriza la seguridad, la integridad estructural y la capacidad de servicio a largo plazo.<\/p>\n            <div class=\"mhide_1\">\n            \t            <\/div>\n            \t            <a href=\"https:\/\/www.facadeaccesssolutions.com\/es\/contact\/\" class=\"site_btn site_btn_sm\" target=\"\">\n\t\t\t\t\tConecte con Nuestros Especialistas en Acceso a Fachadas                <\/a>\n                                <\/div>\n    <\/div>\n<\/section>\n\n\n\n\n\n<div class=\"wp-block-columns is-layout-flex wp-container-core-columns-is-layout-9d6595d7 wp-block-columns-is-layout-flex\">\n<div class=\"wp-block-column is-layout-flow wp-block-column-is-layout-flow\">\n<figure class=\"wp-block-image size-large\"><img decoding=\"async\" src=\"https:\/\/www.facadeaccesssolutions.com\/wp-content\/uploads\/2025\/10\/IMG_7544-768x1024.jpeg\" alt=\"\" class=\"wp-image-1899\" style=\"aspect-ratio:16\/9;object-fit:cover\"\/><\/figure>\n<\/div>\n\n\n\n<div class=\"wp-block-column is-layout-flow wp-block-column-is-layout-flow\">\n<h2 class=\"wp-block-heading\" id=\"h-contratos-de-servicio-disenados-para-cada-edificio\">Contratos de Servicio Dise\u00f1ados para Cada Edificio<\/h2>\n\n\n\n<p>El acceso confiable a fachadas comienza con un servicio constante. Facade Access Solutions ofrece contratos de mantenimiento de acceso a fachadas adaptados a los requisitos espec\u00edficos de cada edificio y tipo de fachada. Cada plan incluye formaci\u00f3n de operadores, inspecciones rutinarias, controles de seguridad y reparaciones programadas para garantizar el pleno cumplimiento y la eficiencia operativa.<\/p>\n\n\n\n<p>Nuestros programas de servicio cubren la gama completa de equipos de acceso a fachadas, incluyendo unidades de mantenimiento de edificios, plataformas suspendidas para mantenimiento de fachadas y sistemas de protecci\u00f3n contra ca\u00eddas. Este enfoque garantiza un acceso seguro, reduce el tiempo de inactividad y mantiene un rendimiento constante.<\/p>\n\n\n\n<p>Como l\u00edder mundial en soluciones de acceso a fachadas, combinamos experiencia en dise\u00f1o integrado con programas continuos de mantenimiento e inspecci\u00f3n que prolongan la vida \u00fatil de cada sistema. Ya sea en nuevos desarrollos o proyectos de retrofit de acceso a fachadas, Facade Access Solutions protege tanto a las personas como a los activos, manteniendo la apariencia y el rendimiento de cada fachada.<\/p>\n<\/div>\n<\/div>\n\n\n\n<div style=\"height:50px\" aria-hidden=\"true\" class=\"wp-block-spacer\"><\/div>\n\n\n\n<div class=\"wp-block-columns is-layout-flex wp-container-core-columns-is-layout-9d6595d7 wp-block-columns-is-layout-flex\">\n<div class=\"wp-block-column is-layout-flow wp-block-column-is-layout-flow\">\n<h2 class=\"wp-block-heading\" id=\"h-mantenimiento-preventivo-que-maximiza-la-longevidad-del-sistema\">Mantenimiento Preventivo que Maximiza la Longevidad del Sistema<\/h2>\n\n\n\n<p>El mantenimiento programado es esencial para mantener los sistemas de acceso a fachadas en condiciones \u00f3ptimas de funcionamiento. Facade Access Solutions proporciona servicios preventivos para sistemas de mantenimiento de edificios (BMU), p\u00f3rticos, carros, pescantes, plataformas suspendidas y mesas elevadoras. Cada programa est\u00e1 dise\u00f1ado para identificar signos de desgaste de forma temprana, reduciendo el tiempo de inactividad y extendiendo la vida \u00fatil del equipo.<\/p>\n\n\n\n<p>Al abordar problemas potenciales antes de que se desarrollen, el mantenimiento preventivo promueve operaciones m\u00e1s seguras, minimiza las interrupciones y preserva la confiabilidad y eficiencia de cada sistema de acceso en proyectos de cualquier tama\u00f1o.<\/p>\n<\/div>\n\n\n\n<div class=\"wp-block-column is-layout-flow wp-block-column-is-layout-flow\">\n<figure class=\"wp-block-image size-large\"><img decoding=\"async\" src=\"https:\/\/www.facadeaccesssolutions.com\/wp-content\/uploads\/2025\/10\/81-Newgate-BMU-service-work-1024x768.jpg\" alt=\"\" class=\"wp-image-1894\" style=\"aspect-ratio:16\/9;object-fit:cover\"\/><\/figure>\n<\/div>\n<\/div>\n\n\n\n<div style=\"height:50px\" aria-hidden=\"true\" class=\"wp-block-spacer\"><\/div>\n\n\n\n<div class=\"wp-block-columns is-layout-flex wp-container-core-columns-is-layout-9d6595d7 wp-block-columns-is-layout-flex\">\n<div class=\"wp-block-column is-layout-flow wp-block-column-is-layout-flow\">\n<figure class=\"wp-block-image size-large\"><img decoding=\"async\" src=\"https:\/\/www.facadeaccesssolutions.com\/wp-content\/uploads\/2025\/09\/torque-testing-1024x768.jpg\" alt=\"\" class=\"wp-image-1828\" style=\"aspect-ratio:16\/9;object-fit:cover\"\/><\/figure>\n\n\n\n<div style=\"height:50px\" aria-hidden=\"true\" class=\"wp-block-spacer\"><\/div>\n<\/div>\n\n\n\n<div class=\"wp-block-column is-layout-flow wp-block-column-is-layout-flow\">\n<h2 class=\"wp-block-heading\" id=\"h-reparaciones-confiables-para-equipos-de-acceso-a-fachadas\">Reparaciones Confiables para Equipos de Acceso a Fachadas<\/h2>\n\n\n\n<p>Cuando surgen problemas con el equipo, Facade Access Solutions ofrece servicios de reparaci\u00f3n r\u00e1pidos y profesionales para restaurar la seguridad y la funcionalidad. Nuestros equipos proporcionan soporte inmediato para sistemas de mantenimiento de edificios BMU, plataformas autopropulsadas y sistemas de pescante, utilizando piezas de repuesto OEM y experiencia t\u00e9cnica para garantizar el cumplimiento y el rendimiento.<\/p>\n\n\n\n<p>Las reparaciones se realizan con un enfoque en minimizar el tiempo de inactividad y restaurar el equipo de acceso a fachadas a condiciones de funcionamiento r\u00e1pidamente. Respaldados por recursos globales de fabricaci\u00f3n e instalaci\u00f3n, entregamos soluciones que cumplen con los requisitos t\u00e9cnicos de fachadas complejas y respaldan ciclos de mantenimiento ininterrumpidos.<\/p>\n<\/div>\n<\/div>\n\n\n\n<div class=\"wp-block-columns is-layout-flex wp-container-core-columns-is-layout-9d6595d7 wp-block-columns-is-layout-flex\">\n<div class=\"wp-block-column is-layout-flow wp-block-column-is-layout-flow\">\n<h2 class=\"wp-block-heading\" id=\"h-un-socio-global-en-sistemas-de-acceso-a-fachadas-disenados\">Un Socio Global en Sistemas de Acceso a Fachadas Dise\u00f1ados<\/h2>\n\n\n\n<p>Facade Access Solutions, parte de Alimak Group, es reconocida mundialmente por su liderazgo en sistemas de acceso a fachadas dise\u00f1ados. Con d\u00e9cadas de experiencia en ingenier\u00eda aplicada, recursos avanzados de fabricaci\u00f3n y m\u00e1s de 16.000 instalaciones a nivel mundial, entregamos soluciones seguras, eficientes y conformes incluso para los dise\u00f1os de edificios m\u00e1s desafiantes.<\/p>\n\n\n\n<p>Nuestros equipos operan en m\u00faltiples regiones, apoyando proyectos de nueva construcci\u00f3n y retrofit. Al combinar experiencia local con capacidades globales, proporcionamos a los clientes acceso a m\u00e9todos avanzados de dise\u00f1o, componentes certificados y t\u00e9cnicas de instalaci\u00f3n probadas<\/p>\n<\/div>\n\n\n\n<div class=\"wp-block-column is-layout-flow wp-block-column-is-layout-flow\">\n<figure class=\"wp-block-image size-large\"><img decoding=\"async\" src=\"https:\/\/www.facadeaccesssolutions.com\/wp-content\/uploads\/2025\/10\/IMG_7550-1024x768.jpeg\" alt=\"\" class=\"wp-image-1898\"\/><\/figure>\n<\/div>\n<\/div>\n\n\n\n<div style=\"height:100px\" aria-hidden=\"true\" class=\"wp-block-spacer\"><\/div>\n\n\n\n<div class=\"wp-block-group alignfull narrow_width has-luminous-vivid-orange-background-color has-text-color has-background\" style=\"color:#000000\"><div class=\"wp-block-group__inner-container is-layout-flow wp-block-group-is-layout-flow\">\n<div style=\"height:40px\" aria-hidden=\"true\" class=\"wp-block-spacer\"><\/div>\n\n\n\n<h2 class=\"wp-block-heading has-text-align-center has-white-color has-text-color has-link-color wp-elements-72de5c5596bc7be62e0f3b73e377a485\" id=\"schedule-a-visit\" style=\"font-size:40px;line-height:1.15\">SU SOCIO EN ACCESO SEGURO A FACHADA<\/h2>\n\n\n\n<p class=\"has-text-align-center has-white-color has-text-color has-link-color wp-elements-9155ffd3d8378000e5603cdbec887cd6\" style=\"font-size:17px;line-height:.9\">Garantizamos que sus sistemas de fachada permanezcan seguros, eficientes y conformes.<br><\/p>\n\n\n\n<div class=\"wp-block-buttons is-horizontal is-content-justification-center is-layout-flex wp-container-core-buttons-is-layout-499968f5 wp-block-buttons-is-layout-flex\">\n<div class=\"wp-block-button has-custom-width wp-block-button__width-50\"><a class=\"wp-block-button__link has-background has-medium-font-size has-custom-font-size wp-element-button\" href=\"https:\/\/www.facadeaccesssolutions.com\/es\/contact\/\" style=\"border-radius:50px;background-color:#004973\">Solicite una cotizaci\u00f3n hoy<\/a><\/div>\n<\/div>\n\n\n\n<div style=\"height:40px\" aria-hidden=\"true\" class=\"wp-block-spacer\"><\/div>\n<\/div><\/div>\n\n\n\n<div style=\"height:50px\" aria-hidden=\"true\" class=\"wp-block-spacer\"><\/div>\n\n\n\r\n<section class=\"accordion_list\" style=\"padding-top:px; padding-bottom:px;\">\r\n    <div class=\"content_holder content_holder_1570 clearfix\">\r\n\t\t<div class=\"acc_wrap\" data-aos=\"fade-up\" data-aos-duration=\"600\" data-aos-easing=\"ease-out\" data-aos-delay=\"100\">\r\n        \t<h2><h3 align=\"center\">Preguntas Frecuentes<\/h3><\/h2>                                    \t                    <div class=\"acc_item\">\r\n                        <div class=\"acc_title\">\u00bfQu\u00e9 incluyen los contratos de servicio de Facade Access Solutions? <span><\/span><\/div>\r\n                        <div class=\"acc_txt\">\r\n                            <div class=\"site_contents\">\r\n                            \t<p>Nuestros contratos de servicio incluyen programas de mantenimiento, inspecciones regulares y controles de seguridad. Cada acuerdo se personaliza para satisfacer las necesidades espec\u00edficas de su edificio y sistema de fachada.<\/p>\n                            <\/div>\r\n                        <\/div>\r\n                    <\/div>\r\n                                        \t                    <div class=\"acc_item\">\r\n                        <div class=\"acc_title\">\u00bfCon qu\u00e9 frecuencia deben recibir servicio las Unidades de Mantenimiento de Edificios (BMU)? <span><\/span><\/div>\r\n                        <div class=\"acc_txt\">\r\n                            <div class=\"site_contents\">\r\n                            \t<p>El mantenimiento regular de BMU es vital tanto para edificios nuevos como existentes. La frecuencia ideal depende de la frecuencia de uso del sistema y el entorno circundante. El mantenimiento preventivo mejora la seguridad, garantiza el cumplimiento y extiende la vida \u00fatil de su equipo. Contacte a nuestros consultores de acceso a fachadas para obtener recomendaciones basadas en las condiciones espec\u00edficas de su edificio.<\/p>\n                            <\/div>\r\n                        <\/div>\r\n                    <\/div>\r\n                                        \t                    <div class=\"acc_item\">\r\n                        <div class=\"acc_title\">\u00bfQu\u00e9 tipos de sistemas pueden recibir mantenimiento? <span><\/span><\/div>\r\n                        <div class=\"acc_txt\">\r\n                            <div class=\"site_contents\">\r\n                            \t<p>Proporcionamos servicios de mantenimiento de sistemas de acceso a fachadas para unidades de mantenimiento de edificios, p\u00f3rticos, pescantes, plataformas motorizadas, escaleras de seguridad y sistemas de protecci\u00f3n contra ca\u00eddas. Nuestra experiencia se extiende a una amplia gama de proyectos con diversa complejidad y escala.<\/p>\n                            <\/div>\r\n                        <\/div>\r\n                    <\/div>\r\n                                        \t                    <div class=\"acc_item\">\r\n                        <div class=\"acc_title\">\u00bfPor qu\u00e9 invertir en mantenimiento preventivo? <span><\/span><\/div>\r\n                        <div class=\"acc_txt\">\r\n                            <div class=\"site_contents\">\r\n                            \t<p>El mantenimiento preventivo fortalece la seguridad en altura, previene aver\u00edas de equipos, reduce los costes de reparaci\u00f3n y maximiza el tiempo de actividad de los sistemas de acceso a fachadas esenciales. Ayuda a garantizar un rendimiento continuo y confiabilidad a largo plazo.<\/p>\n                            <\/div>\r\n                        <\/div>\r\n                    <\/div>\r\n                                    <\/div>\r\n    <\/div>\r\n<\/section>\r\n\r\n\n\n\n<div style=\"height:100px\" aria-hidden=\"true\" class=\"wp-block-spacer\"><\/div>\n","protected":false},"excerpt":{"rendered":"<p>Contratos de Servicio Dise\u00f1ados para Cada Edificio El acceso confiable a fachadas comienza con un &#8230;<\/p>\n","protected":false},"author":1,"featured_media":0,"parent":1032,"menu_order":0,"comment_status":"closed","ping_status":"closed","template":"","meta":{"_acf_changed":false,"_trash_the_other_posts":false,"editor_notices":[],"footnotes":""},"class_list":["post-1026","page","type-page","status-publish","hentry"],"acf":[],"yoast_head":"<!-- This site is optimized with the Yoast SEO Premium plugin v27.1 (Yoast SEO v27.3) - https:\/\/yoast.com\/product\/yoast-seo-premium-wordpress\/ -->\n<title>Servicios para Sistemas BMU | Facade Access Solutions<\/title>\n<meta name=\"description\" content=\"Programas de servicio para sistemas de acceso a fachadas. Mantenimiento, reparaci\u00f3n e inspecci\u00f3n para garantizar seguridad y cumplimiento normativo.\" \/>\n<meta name=\"robots\" content=\"index, follow, max-snippet:-1, max-image-preview:large, max-video-preview:-1\" \/>\n<link rel=\"canonical\" href=\"https:\/\/www.facadeaccesssolutions.com\/es\/services\/service-solutions\/\" \/>\n<meta property=\"og:locale\" content=\"es_ES\" \/>\n<meta property=\"og:type\" content=\"article\" \/>\n<meta property=\"og:title\" content=\"Soluciones de servicio\" \/>\n<meta property=\"og:description\" content=\"Programas de servicio para sistemas de acceso a fachadas. Mantenimiento, reparaci\u00f3n e inspecci\u00f3n para garantizar seguridad y cumplimiento normativo.\" \/>\n<meta property=\"og:url\" content=\"https:\/\/www.facadeaccesssolutions.com\/es\/services\/service-solutions\/\" \/>\n<meta property=\"og:site_name\" content=\"Facade Access Solutions Spain\" \/>\n<meta property=\"article:modified_time\" content=\"2026-04-25T23:38:32+00:00\" \/>\n<meta name=\"twitter:card\" content=\"summary_large_image\" \/>\n<meta name=\"twitter:label1\" content=\"Tiempo de lectura\" \/>\n\t<meta name=\"twitter:data1\" content=\"4 minutos\" \/>\n<script type=\"application\/ld+json\" class=\"yoast-schema-graph\">{\"@context\":\"https:\\\/\\\/schema.org\",\"@graph\":[{\"@type\":\"WebPage\",\"@id\":\"https:\\\/\\\/www.facadeaccesssolutions.com\\\/es\\\/services\\\/service-solutions\\\/\",\"url\":\"https:\\\/\\\/www.facadeaccesssolutions.com\\\/es\\\/services\\\/service-solutions\\\/\",\"name\":\"Servicios para Sistemas BMU | Facade Access Solutions\",\"isPartOf\":{\"@id\":\"https:\\\/\\\/www.facadeaccesssolutions.com\\\/es\\\/#website\"},\"primaryImageOfPage\":{\"@id\":\"https:\\\/\\\/www.facadeaccesssolutions.com\\\/es\\\/services\\\/service-solutions\\\/#primaryimage\"},\"image\":{\"@id\":\"https:\\\/\\\/www.facadeaccesssolutions.com\\\/es\\\/services\\\/service-solutions\\\/#primaryimage\"},\"thumbnailUrl\":\"https:\\\/\\\/www.facadeaccesssolutions.com\\\/wp-content\\\/uploads\\\/2025\\\/10\\\/IMG_7544-768x1024.jpeg\",\"datePublished\":\"2026-01-10T17:00:41+00:00\",\"dateModified\":\"2026-04-25T23:38:32+00:00\",\"description\":\"Programas de servicio para sistemas de acceso a fachadas. Mantenimiento, reparaci\u00f3n e inspecci\u00f3n para garantizar seguridad y cumplimiento normativo.\",\"breadcrumb\":{\"@id\":\"https:\\\/\\\/www.facadeaccesssolutions.com\\\/es\\\/services\\\/service-solutions\\\/#breadcrumb\"},\"inLanguage\":\"es\",\"potentialAction\":[{\"@type\":\"ReadAction\",\"target\":[\"https:\\\/\\\/www.facadeaccesssolutions.com\\\/es\\\/services\\\/service-solutions\\\/\"]}]},{\"@type\":\"ImageObject\",\"inLanguage\":\"es\",\"@id\":\"https:\\\/\\\/www.facadeaccesssolutions.com\\\/es\\\/services\\\/service-solutions\\\/#primaryimage\",\"url\":\"https:\\\/\\\/www.facadeaccesssolutions.com\\\/wp-content\\\/uploads\\\/2025\\\/10\\\/IMG_7544-768x1024.jpeg\",\"contentUrl\":\"https:\\\/\\\/www.facadeaccesssolutions.com\\\/wp-content\\\/uploads\\\/2025\\\/10\\\/IMG_7544-768x1024.jpeg\"},{\"@type\":\"BreadcrumbList\",\"@id\":\"https:\\\/\\\/www.facadeaccesssolutions.com\\\/es\\\/services\\\/service-solutions\\\/#breadcrumb\",\"itemListElement\":[{\"@type\":\"ListItem\",\"position\":1,\"name\":\"Home\",\"item\":\"https:\\\/\\\/www.facadeaccesssolutions.com\\\/es\\\/\"},{\"@type\":\"ListItem\",\"position\":2,\"name\":\"Servicios\",\"item\":\"https:\\\/\\\/www.facadeaccesssolutions.com\\\/es\\\/services\\\/\"},{\"@type\":\"ListItem\",\"position\":3,\"name\":\"Soluciones de servicio\"}]},{\"@type\":\"WebSite\",\"@id\":\"https:\\\/\\\/www.facadeaccesssolutions.com\\\/es\\\/#website\",\"url\":\"https:\\\/\\\/www.facadeaccesssolutions.com\\\/es\\\/\",\"name\":\"Facade Access Solutions Spain\",\"description\":\"Part Of Alimak Group\",\"potentialAction\":[{\"@type\":\"SearchAction\",\"target\":{\"@type\":\"EntryPoint\",\"urlTemplate\":\"https:\\\/\\\/www.facadeaccesssolutions.com\\\/es\\\/?s={search_term_string}\"},\"query-input\":{\"@type\":\"PropertyValueSpecification\",\"valueRequired\":true,\"valueName\":\"search_term_string\"}}],\"inLanguage\":\"es\"}]}<\/script>\n<!-- \/ Yoast SEO Premium plugin. -->","yoast_head_json":{"title":"Servicios para Sistemas BMU | Facade Access Solutions","description":"Programas de servicio para sistemas de acceso a fachadas. Mantenimiento, reparaci\u00f3n e inspecci\u00f3n para garantizar seguridad y cumplimiento normativo.","robots":{"index":"index","follow":"follow","max-snippet":"max-snippet:-1","max-image-preview":"max-image-preview:large","max-video-preview":"max-video-preview:-1"},"canonical":"https:\/\/www.facadeaccesssolutions.com\/es\/services\/service-solutions\/","og_locale":"es_ES","og_type":"article","og_title":"Soluciones de servicio","og_description":"Programas de servicio para sistemas de acceso a fachadas. Mantenimiento, reparaci\u00f3n e inspecci\u00f3n para garantizar seguridad y cumplimiento normativo.","og_url":"https:\/\/www.facadeaccesssolutions.com\/es\/services\/service-solutions\/","og_site_name":"Facade Access Solutions Spain","article_modified_time":"2026-04-25T23:38:32+00:00","twitter_card":"summary_large_image","twitter_misc":{"Tiempo de lectura":"4 minutos"},"schema":{"@context":"https:\/\/schema.org","@graph":[{"@type":"WebPage","@id":"https:\/\/www.facadeaccesssolutions.com\/es\/services\/service-solutions\/","url":"https:\/\/www.facadeaccesssolutions.com\/es\/services\/service-solutions\/","name":"Servicios para Sistemas BMU | Facade Access Solutions","isPartOf":{"@id":"https:\/\/www.facadeaccesssolutions.com\/es\/#website"},"primaryImageOfPage":{"@id":"https:\/\/www.facadeaccesssolutions.com\/es\/services\/service-solutions\/#primaryimage"},"image":{"@id":"https:\/\/www.facadeaccesssolutions.com\/es\/services\/service-solutions\/#primaryimage"},"thumbnailUrl":"https:\/\/www.facadeaccesssolutions.com\/wp-content\/uploads\/2025\/10\/IMG_7544-768x1024.jpeg","datePublished":"2026-01-10T17:00:41+00:00","dateModified":"2026-04-25T23:38:32+00:00","description":"Programas de servicio para sistemas de acceso a fachadas. Mantenimiento, reparaci\u00f3n e inspecci\u00f3n para garantizar seguridad y cumplimiento normativo.","breadcrumb":{"@id":"https:\/\/www.facadeaccesssolutions.com\/es\/services\/service-solutions\/#breadcrumb"},"inLanguage":"es","potentialAction":[{"@type":"ReadAction","target":["https:\/\/www.facadeaccesssolutions.com\/es\/services\/service-solutions\/"]}]},{"@type":"ImageObject","inLanguage":"es","@id":"https:\/\/www.facadeaccesssolutions.com\/es\/services\/service-solutions\/#primaryimage","url":"https:\/\/www.facadeaccesssolutions.com\/wp-content\/uploads\/2025\/10\/IMG_7544-768x1024.jpeg","contentUrl":"https:\/\/www.facadeaccesssolutions.com\/wp-content\/uploads\/2025\/10\/IMG_7544-768x1024.jpeg"},{"@type":"BreadcrumbList","@id":"https:\/\/www.facadeaccesssolutions.com\/es\/services\/service-solutions\/#breadcrumb","itemListElement":[{"@type":"ListItem","position":1,"name":"Home","item":"https:\/\/www.facadeaccesssolutions.com\/es\/"},{"@type":"ListItem","position":2,"name":"Servicios","item":"https:\/\/www.facadeaccesssolutions.com\/es\/services\/"},{"@type":"ListItem","position":3,"name":"Soluciones de servicio"}]},{"@type":"WebSite","@id":"https:\/\/www.facadeaccesssolutions.com\/es\/#website","url":"https:\/\/www.facadeaccesssolutions.com\/es\/","name":"Facade Access Solutions Spain","description":"Part Of Alimak Group","potentialAction":[{"@type":"SearchAction","target":{"@type":"EntryPoint","urlTemplate":"https:\/\/www.facadeaccesssolutions.com\/es\/?s={search_term_string}"},"query-input":{"@type":"PropertyValueSpecification","valueRequired":true,"valueName":"search_term_string"}}],"inLanguage":"es"}]}},"_links":{"self":[{"href":"https:\/\/www.facadeaccesssolutions.com\/es\/wp-json\/wp\/v2\/pages\/1026","targetHints":{"allow":["GET"]}}],"collection":[{"href":"https:\/\/www.facadeaccesssolutions.com\/es\/wp-json\/wp\/v2\/pages"}],"about":[{"href":"https:\/\/www.facadeaccesssolutions.com\/es\/wp-json\/wp\/v2\/types\/page"}],"author":[{"embeddable":true,"href":"https:\/\/www.facadeaccesssolutions.com\/es\/wp-json\/wp\/v2\/users\/1"}],"replies":[{"embeddable":true,"href":"https:\/\/www.facadeaccesssolutions.com\/es\/wp-json\/wp\/v2\/comments?post=1026"}],"version-history":[{"count":4,"href":"https:\/\/www.facadeaccesssolutions.com\/es\/wp-json\/wp\/v2\/pages\/1026\/revisions"}],"predecessor-version":[{"id":1316,"href":"https:\/\/www.facadeaccesssolutions.com\/es\/wp-json\/wp\/v2\/pages\/1026\/revisions\/1316"}],"up":[{"embeddable":true,"href":"https:\/\/www.facadeaccesssolutions.com\/es\/wp-json\/wp\/v2\/pages\/1032"}],"wp:attachment":[{"href":"https:\/\/www.facadeaccesssolutions.com\/es\/wp-json\/wp\/v2\/media?parent=1026"}],"curies":[{"name":"wp","href":"https:\/\/api.w.org\/{rel}","templated":true}]}}