{"id":1028,"date":"2026-01-10T16:47:01","date_gmt":"2026-01-10T16:47:01","guid":{"rendered":"https:\/\/www.facadeaccesssolutions.com\/es\/?page_id=1028"},"modified":"2026-03-27T17:43:10","modified_gmt":"2026-03-27T17:43:10","slug":"refurbishment-solutions","status":"publish","type":"page","link":"https:\/\/www.facadeaccesssolutions.com\/es\/services\/refurbishment-solutions\/","title":{"rendered":"Soluciones de reforma"},"content":{"rendered":"\r\n<section class=\"breadcrumbs\" data-aos=\"fade-up\" data-aos-duration=\"600\" data-aos-easing=\"ease-out\" data-aos-delay=\"100\">\r\n    <div class=\"content_holder content_holder_1570\">\r\n    \t<ul><li class=\"main-home\"><span property=\"itemListElement\" typeof=\"ListItem\"><a property=\"item\" typeof=\"WebPage\" title=\"Ir a FACADE ACCESS SOLUTIONS Sites.\" href=\"https:\/\/www.facadeaccesssolutions.com\" class=\"main-home\" ><span property=\"name\">FACADE ACCESS SOLUTIONS Sites<\/span><\/a><meta property=\"position\" content=\"1\"><\/span><\/li>\n<li class=\"home\"><span property=\"itemListElement\" typeof=\"ListItem\"><a property=\"item\" typeof=\"WebPage\" title=\"Go to Facade Access Solutions Spain.\" href=\"https:\/\/www.facadeaccesssolutions.com\/es\" class=\"home\" aria-current=\"page\"><span property=\"name\">Home<\/span><\/a><meta property=\"position\" content=\"2\"><\/span><\/li>\n<\/ul>\r\n    <\/div>\r\n<\/section>\n\n<section class=\"page_title \" data-aos=\"fade-up\" data-aos-duration=\"600\" data-aos-easing=\"ease-out\" data-aos-delay=\"200\">\n    <div class=\"content_holder content_holder_1570\">\n        <h1>Servicios de Renovaci\u00f3n de Sistemas de Acceso a Fachadas<\/h1>\n    <\/div>\n<\/section>\n\n\n\n<section class=\"solutions_intro  \">\n    <div class=\"content_holder content_holder_1570 clearfix\">\n\n\t\t                <div class=\"sol_right\" data-aos=\"fade-up\" data-aos-duration=\"600\" data-aos-easing=\"ease-out\" data-aos-delay=\"300\">\n            <img decoding=\"async\" src=\"\" alt=\"\">\n        <\/div>\n            \n        <div class=\"sol_left site_contents\" data-aos=\"fade-up\" data-aos-duration=\"600\" data-aos-easing=\"ease-out\" data-aos-delay=\"400\">\n        \t<h4 class=\"title_line title_line_mob\">Facade Access Solutions ofrece servicios de renovaci\u00f3n que restauran, actualizan y modernizan equipos de acceso a fachadas. Estos servicios extienden la vida operativa del equipo mientras garantizan el cumplimiento de los est\u00e1ndares de seguridad internacionales.<\/h4>            <p>Con el tiempo, las unidades de mantenimiento de edificios (BMU) experimentan desgaste que puede afectar el rendimiento y la seguridad. No siempre se requiere un reemplazo completo. La renovaci\u00f3n devuelve los sistemas cr\u00edticos a su condici\u00f3n \u00f3ptima, extiende la vida operativa y alinea el equipo con las regulaciones de seguridad actuales.<\/p>\n<p>Nuestros programas de renovaci\u00f3n reducen el tiempo de inactividad, mejoran la seguridad y ofrecen a los propietarios de edificios una alternativa rentable al reemplazo completo. Con la experiencia combinada de Tractel, Manntech y CoxGomyl bajo Alimak Group, entregamos soluciones de renovaci\u00f3n de ingenier\u00eda respaldadas por experiencia mundial y conocimiento t\u00e9cnico localizado.<\/p>\n            <div class=\"mhide_1\">\n            \t            <\/div>\n            \t            <a href=\"https:\/\/www.facadeaccesssolutions.com\/es\/contact\/\" class=\"site_btn site_btn_sm\" target=\"\">\n\t\t\t\t\tContacte a nuestro equipo                <\/a>\n                                <\/div>\n    <\/div>\n<\/section>\n\n\n\n\n\n<div class=\"wp-block-columns is-layout-flex wp-container-core-columns-is-layout-9d6595d7 wp-block-columns-is-layout-flex\">\n<div class=\"wp-block-column is-layout-flow wp-block-column-is-layout-flow\">\n<div style=\"height:70px\" aria-hidden=\"true\" class=\"wp-block-spacer\"><\/div>\n\n\n<div class=\"wp-block-image\">\n<figure class=\"aligncenter size-full is-resized\"><img loading=\"lazy\" decoding=\"async\" width=\"600\" height=\"610\" src=\"https:\/\/www.facadeaccesssolutions.com\/wp-content\/uploads\/2024\/08\/new_pg_9.jpg\" alt=\"\" class=\"wp-image-383\" style=\"aspect-ratio:16\/9;object-fit:cover;width:1000px\" srcset=\"https:\/\/www.facadeaccesssolutions.com\/es\/wp-content\/uploads\/sites\/12\/2024\/08\/new_pg_9.jpg 600w, https:\/\/www.facadeaccesssolutions.com\/es\/wp-content\/uploads\/sites\/12\/2024\/08\/new_pg_9-295x300.jpg 295w\" sizes=\"auto, (max-width: 600px) 100vw, 600px\" \/><\/figure>\n<\/div>\n\n\n<div style=\"height:85px\" aria-hidden=\"true\" class=\"wp-block-spacer\"><\/div>\n<\/div>\n\n\n\n<div class=\"wp-block-column is-layout-flow wp-block-column-is-layout-flow\">\n<div style=\"height:50px\" aria-hidden=\"true\" class=\"wp-block-spacer\"><\/div>\n\n\n\n<h2 class=\"wp-block-heading\" id=\"h-renovacion-rentable-que-extiende-la-vida-del-equipo\">Renovaci\u00f3n Rentable que Extiende la Vida del Equipo<\/h2>\n\n\n\n<p>La renovaci\u00f3n de sistemas BMU ofrece una alternativa sostenible y econ\u00f3mica al reemplazo completo del sistema. Cada proyecto comienza con una inspecci\u00f3n detallada para evaluar la condici\u00f3n de las unidades existentes. Los componentes desgastados u obsoletos se reemplazan con piezas aprobadas por el fabricante, restaurando la funcionalidad completa y extendiendo la vida del equipo.<\/p>\n\n\n\n<p>Nuestros proyectos de renovaci\u00f3n han logrado resultados comprobados en diferentes regiones. En Frankfurter Ring <a href=\"https:\/\/www.manntech.com\/project\/fashion-house\/\">162 en M\u00fanich<\/a>, un sistema BMU de 59 a\u00f1os fue modernizado con un sistema m\u00e1s ligero y avanzado mientras se manten\u00eda la v\u00eda original. En el nivel <a href=\"https:\/\/www.coxgomyl.com\/project\/theshard\/\">87 del Shard<\/a>, nuestro equipo en Reino Unido realiz\u00f3 un importante retrofit de acceso a fachadas que actualiz\u00f3 componentes clave del cilindro hidr\u00e1ulico, manej\u00f3 condiciones desafiantes en altura y finaliz\u00f3 a tiempo y dentro del presupuesto, ganando un lugar como finalista en los London Construction Awards 2025.<\/p>\n\n\n\n<p>Actualizar sistemas el\u00e9ctricos, paneles de control y dise\u00f1os de g\u00f3ndolas en lugar de reemplazar instalaciones completas reduce desperdicios, tiempo de inactividad y costos. Este enfoque mejora la confiabilidad, seguridad y sostenibilidad. Refleja nuestra experiencia en extender la vida \u00fatil de sistemas de acceso a fachadas y entregar valor a largo plazo con m\u00ednima interrupci\u00f3n de las operaciones del edificio.<\/p>\n\n\n\n<div style=\"height:75px\" aria-hidden=\"true\" class=\"wp-block-spacer\"><\/div>\n<\/div>\n<\/div>\n\n\n\n<div class=\"wp-block-columns is-layout-flex wp-container-core-columns-is-layout-9d6595d7 wp-block-columns-is-layout-flex\">\n<div class=\"wp-block-column is-layout-flow wp-block-column-is-layout-flow\">\n<h2 class=\"wp-block-heading\" id=\"h-soluciones-de-reparacion-que-restauran-seguridad-y-rendimiento\">Soluciones de Reparaci\u00f3n que Restauran Seguridad y Rendimiento<\/h2>\n\n\n\n<p>La reparaci\u00f3n oportuna del acceso a fachadas es esencial para mantener sistemas BMU, pescantes y plataformas motorizadas en condiciones de trabajo seguras. Nuestros servicios de reparaci\u00f3n incluyen respuesta de emergencia, reemplazo de piezas y soluci\u00f3n de problemas del sistema para restaurar el rendimiento completo.<\/p>\n\n\n\n<p>Ya sea como parte de un programa de renovaci\u00f3n o como servicio independiente, nuestras soluciones de reparaci\u00f3n mantienen la confiabilidad y seguridad. Cada reparaci\u00f3n se completa usando componentes aprobados y supervisi\u00f3n de ingenier\u00eda. Este proceso ayuda a extender la vida del sistema y reduce la necesidad de reemplazo temprano.<\/p>\n\n\n\n<p>Con d\u00e9cadas de experiencia y conocimiento local, nuestro equipo respalda proyectos en diversos entornos y tipos de edificios. Entendemos los requisitos de estructuras de gran altura, fachadas complejas y construcci\u00f3n moderna. Nuestras soluciones ayudan<\/p>\n\n\n\n<p>a los clientes a lograr rendimiento consistente, cumplimiento y est\u00e1ndares de seguridad.<\/p>\n\n\n\n<p>Hable con nuestro equipo para discutir soporte de mantenimiento de acceso a fachadas o cumplimiento para sus sistemas de acceso a fachadas.<\/p>\n<\/div>\n\n\n\n<div class=\"wp-block-column is-layout-flow wp-block-column-is-layout-flow\"><div class=\"wp-block-image\">\n<figure class=\"aligncenter size-full is-resized\"><img decoding=\"async\" src=\"https:\/\/www.facadeaccesssolutions.com\/wp-content\/uploads\/2025\/11\/20220222_155334-new-scaled.jpg\" alt=\"\" class=\"wp-image-2205\" style=\"width:703px;height:auto\" \/><\/figure>\n<\/div><\/div>\n<\/div>\n\n\n\n<div style=\"height:100px\" aria-hidden=\"true\" class=\"wp-block-spacer\"><\/div>\n\n\n\n<div class=\"wp-block-group alignfull narrow_width has-luminous-vivid-orange-background-color has-text-color has-background\" style=\"color:#000000\"><div class=\"wp-block-group__inner-container is-layout-flow wp-block-group-is-layout-flow\">\n<div style=\"height:40px\" aria-hidden=\"true\" class=\"wp-block-spacer\"><\/div>\n\n\n\n<h2 class=\"wp-block-heading has-text-align-center has-white-color has-text-color has-link-color wp-elements-7bbaf168d4c0092bc536a817f19d3e76\" id=\"h-comience-su-proyecto-de-reforma\" style=\"font-size:39px;text-transform:uppercase\">COMIENCE SU PROYECTO DE REFORMA<\/h2>\n\n\n\n<p class=\"has-text-align-center has-white-color has-text-color has-link-color wp-elements-1dafb6de24720b91d55f2788d46d68c7\" style=\"font-size:15px\">Solicite una consulta para discutir la remodelaci\u00f3n y mejorar el cumplimiento, la seguridad y la confiabilidad.<br><\/p>\n\n\n\n<div class=\"wp-block-buttons is-horizontal is-content-justification-center is-layout-flex wp-container-core-buttons-is-layout-499968f5 wp-block-buttons-is-layout-flex\">\n<div class=\"wp-block-button has-custom-width wp-block-button__width-50\"><a class=\"wp-block-button__link has-text-color has-background has-medium-font-size has-custom-font-size wp-element-button\" href=\"https:\/\/www.facadeaccesssolutions.com\/es\/contact\/\" style=\"border-radius:50px;color:#ffffff;background-color:#033c5d\">Solicite una Cotizaci\u00f3n<\/a><\/div>\n<\/div>\n\n\n\n<div style=\"height:40px\" aria-hidden=\"true\" class=\"wp-block-spacer\"><\/div>\n<\/div><\/div>\n\n\n\n<div style=\"height:50px\" aria-hidden=\"true\" class=\"wp-block-spacer\"><\/div>\n\n\n\r\n<section class=\"accordion_list\" style=\"padding-top:px; padding-bottom:px;\">\r\n    <div class=\"content_holder content_holder_1570 clearfix\">\r\n\t\t<div class=\"acc_wrap\" data-aos=\"fade-up\" data-aos-duration=\"600\" data-aos-easing=\"ease-out\" data-aos-delay=\"100\">\r\n        \t<h2><h3 align=\"center\">Preguntas Frecuentes<\/h3><\/h2>                                    \t                    <div class=\"acc_item\">\r\n                        <div class=\"acc_title\">\u00bfCon qu\u00e9 frecuencia debe realizarse el mantenimiento o reemplazo de equipos de acceso a fachadas? <span><\/span><\/div>\r\n                        <div class=\"acc_txt\">\r\n                            <div class=\"site_contents\">\r\n                            \t<p>Las inspecciones deben realizarse al menos una vez al a\u00f1o. Las evaluaciones regulares identifican problemas potenciales temprano y ayudan a prevenir fallas mayores o tiempo de inactividad costoso. Podemos crear un plan de mantenimiento de acceso a fachadas adaptado a su edificio y equipo.<\/p>\n                            <\/div>\r\n                        <\/div>\r\n                    <\/div>\r\n                                        \t                    <div class=\"acc_item\">\r\n                        <div class=\"acc_title\">\u00bfPueden modernizarse los sistemas BMU antiguos en lugar de reemplazarlos? <span><\/span><\/div>\r\n                        <div class=\"acc_txt\">\r\n                            <div class=\"site_contents\">\r\n                            \t<p>S\u00ed. El retrofit y la modernizaci\u00f3n son soluciones pr\u00e1cticas y rentables que extienden la vida de los sistemas existentes mientras mejoran la seguridad y confiabilidad. Las actualizaciones t\u00edpicas incluyen nuevos controles el\u00e9ctricos, piezas mec\u00e1nicas, sistemas de seguridad y mejoras estructurales que cumplen con los est\u00e1ndares internacionales actuales.<\/p>\n                            <\/div>\r\n                        <\/div>\r\n                    <\/div>\r\n                                        \t                    <div class=\"acc_item\">\r\n                        <div class=\"acc_title\">\u00bfQu\u00e9 tipos de problemas puede solucionar la renovaci\u00f3n? <span><\/span><\/div>\r\n                        <div class=\"acc_txt\">\r\n                            <div class=\"site_contents\">\r\n                            \t<p>La renovaci\u00f3n puede abordar desgaste mec\u00e1nico, sistemas el\u00e9ctricos obsoletos, fatiga estructural y caracter\u00edsticas de seguridad obsoletas. Estas actualizaciones restauran la confiabilidad, mejoran la eficiencia y garantizan el cumplimiento de los requisitos modernos de rendimiento y seguridad.<\/p>\n                            <\/div>\r\n                        <\/div>\r\n                    <\/div>\r\n                                        \t                    <div class=\"acc_item\">\r\n                        <div class=\"acc_title\">\u00bfCu\u00e1nto tiempo toma una reparaci\u00f3n o renovaci\u00f3n t\u00edpica? <span><\/span><\/div>\r\n                        <div class=\"acc_txt\">\r\n                            <div class=\"site_contents\">\r\n                            \t<p>Los plazos del proyecto var\u00edan seg\u00fan el alcance del trabajo. Las reparaciones menores pueden completarse en unos pocos d\u00edas. Las renovaciones completas pueden tomar varios meses seg\u00fan la complejidad del sistema y las condiciones del sitio. Despu\u00e9s de<\/p>\n<p>la inspecci\u00f3n, nuestro equipo proporciona un cronograma claro para reducir la interrupci\u00f3n de las operaciones del edificio.<\/p>\n                            <\/div>\r\n                        <\/div>\r\n                    <\/div>\r\n                                        \t                    <div class=\"acc_item\">\r\n                        <div class=\"acc_title\">\u00bfLa renovaci\u00f3n mejora la seguridad y el cumplimiento? <span><\/span><\/div>\r\n                        <div class=\"acc_txt\">\r\n                            <div class=\"site_contents\">\r\n                            \t<p>S\u00ed. La renovaci\u00f3n mejora tanto la seguridad como el cumplimiento al integrar sistemas de control actualizados, mecanismos de frenado y tecnolog\u00edas de monitoreo que cumplen o superan los est\u00e1ndares internacionales. Estas mejoras garantizan una operaci\u00f3n segura y extienden la vida \u00fatil de su equipo de mantenimiento de edificios o fachadas.<\/p>\n                            <\/div>\r\n                        <\/div>\r\n                    <\/div>\r\n                                    <\/div>\r\n    <\/div>\r\n<\/section>\r\n\r\n\n\n\n<div style=\"height:100px\" aria-hidden=\"true\" class=\"wp-block-spacer\"><\/div>\n","protected":false},"excerpt":{"rendered":"<p>Renovaci\u00f3n Rentable que Extiende la Vida del Equipo La renovaci\u00f3n de sistemas BMU ofrece una &#8230;<\/p>\n","protected":false},"author":1,"featured_media":0,"parent":1032,"menu_order":0,"comment_status":"closed","ping_status":"closed","template":"","meta":{"_acf_changed":false,"_trash_the_other_posts":false,"editor_notices":[],"footnotes":""},"class_list":["post-1028","page","type-page","status-publish","hentry"],"acf":[],"yoast_head":"<!-- This site is optimized with the Yoast SEO Premium plugin v27.1 (Yoast SEO v27.3) - https:\/\/yoast.com\/product\/yoast-seo-premium-wordpress\/ -->\n<title>Soluciones de reforma | Facade Access Solutions<\/title>\n<meta name=\"description\" content=\"Servicios profesionales de retrofit de acceso a fachadas. Modernizamos sistemas BMU y equipos de mantenimiento de edificios para mayor seguridad y rendimiento.\" \/>\n<meta name=\"robots\" content=\"index, follow, max-snippet:-1, max-image-preview:large, max-video-preview:-1\" \/>\n<link rel=\"canonical\" href=\"https:\/\/www.facadeaccesssolutions.com\/es\/services\/refurbishment-solutions\/\" \/>\n<meta property=\"og:locale\" content=\"es_ES\" \/>\n<meta property=\"og:type\" content=\"article\" \/>\n<meta property=\"og:title\" content=\"Soluciones de reforma\" \/>\n<meta property=\"og:description\" content=\"Servicios profesionales de retrofit de acceso a fachadas. Modernizamos sistemas BMU y equipos de mantenimiento de edificios para mayor seguridad y rendimiento.\" \/>\n<meta property=\"og:url\" content=\"https:\/\/www.facadeaccesssolutions.com\/es\/services\/refurbishment-solutions\/\" \/>\n<meta property=\"og:site_name\" content=\"Facade Access Solutions Spain\" \/>\n<meta property=\"article:modified_time\" content=\"2026-03-27T17:43:10+00:00\" \/>\n<meta property=\"og:image\" content=\"https:\/\/www.facadeaccesssolutions.com\/wp-content\/uploads\/2024\/08\/new_pg_9.jpg\" \/>\n<meta name=\"twitter:card\" content=\"summary_large_image\" \/>\n<meta name=\"twitter:label1\" content=\"Tiempo de lectura\" \/>\n\t<meta name=\"twitter:data1\" content=\"3 minutos\" \/>\n<script type=\"application\/ld+json\" class=\"yoast-schema-graph\">{\"@context\":\"https:\\\/\\\/schema.org\",\"@graph\":[{\"@type\":\"WebPage\",\"@id\":\"https:\\\/\\\/www.facadeaccesssolutions.com\\\/es\\\/services\\\/refurbishment-solutions\\\/\",\"url\":\"https:\\\/\\\/www.facadeaccesssolutions.com\\\/es\\\/services\\\/refurbishment-solutions\\\/\",\"name\":\"Soluciones de reforma | Facade Access Solutions\",\"isPartOf\":{\"@id\":\"https:\\\/\\\/www.facadeaccesssolutions.com\\\/es\\\/#website\"},\"primaryImageOfPage\":{\"@id\":\"https:\\\/\\\/www.facadeaccesssolutions.com\\\/es\\\/services\\\/refurbishment-solutions\\\/#primaryimage\"},\"image\":{\"@id\":\"https:\\\/\\\/www.facadeaccesssolutions.com\\\/es\\\/services\\\/refurbishment-solutions\\\/#primaryimage\"},\"thumbnailUrl\":\"https:\\\/\\\/www.facadeaccesssolutions.com\\\/wp-content\\\/uploads\\\/2024\\\/08\\\/new_pg_9.jpg\",\"datePublished\":\"2026-01-10T16:47:01+00:00\",\"dateModified\":\"2026-03-27T17:43:10+00:00\",\"description\":\"Servicios profesionales de retrofit de acceso a fachadas. Modernizamos sistemas BMU y equipos de mantenimiento de edificios para mayor seguridad y rendimiento.\",\"breadcrumb\":{\"@id\":\"https:\\\/\\\/www.facadeaccesssolutions.com\\\/es\\\/services\\\/refurbishment-solutions\\\/#breadcrumb\"},\"inLanguage\":\"es\",\"potentialAction\":[{\"@type\":\"ReadAction\",\"target\":[\"https:\\\/\\\/www.facadeaccesssolutions.com\\\/es\\\/services\\\/refurbishment-solutions\\\/\"]}]},{\"@type\":\"ImageObject\",\"inLanguage\":\"es\",\"@id\":\"https:\\\/\\\/www.facadeaccesssolutions.com\\\/es\\\/services\\\/refurbishment-solutions\\\/#primaryimage\",\"url\":\"https:\\\/\\\/www.facadeaccesssolutions.com\\\/wp-content\\\/uploads\\\/2024\\\/08\\\/new_pg_9.jpg\",\"contentUrl\":\"https:\\\/\\\/www.facadeaccesssolutions.com\\\/wp-content\\\/uploads\\\/2024\\\/08\\\/new_pg_9.jpg\"},{\"@type\":\"BreadcrumbList\",\"@id\":\"https:\\\/\\\/www.facadeaccesssolutions.com\\\/es\\\/services\\\/refurbishment-solutions\\\/#breadcrumb\",\"itemListElement\":[{\"@type\":\"ListItem\",\"position\":1,\"name\":\"Home\",\"item\":\"https:\\\/\\\/www.facadeaccesssolutions.com\\\/es\\\/\"},{\"@type\":\"ListItem\",\"position\":2,\"name\":\"Servicios\",\"item\":\"https:\\\/\\\/www.facadeaccesssolutions.com\\\/es\\\/services\\\/\"},{\"@type\":\"ListItem\",\"position\":3,\"name\":\"Soluciones de reforma\"}]},{\"@type\":\"WebSite\",\"@id\":\"https:\\\/\\\/www.facadeaccesssolutions.com\\\/es\\\/#website\",\"url\":\"https:\\\/\\\/www.facadeaccesssolutions.com\\\/es\\\/\",\"name\":\"Facade Access Solutions Spain\",\"description\":\"Part Of Alimak Group\",\"potentialAction\":[{\"@type\":\"SearchAction\",\"target\":{\"@type\":\"EntryPoint\",\"urlTemplate\":\"https:\\\/\\\/www.facadeaccesssolutions.com\\\/es\\\/?s={search_term_string}\"},\"query-input\":{\"@type\":\"PropertyValueSpecification\",\"valueRequired\":true,\"valueName\":\"search_term_string\"}}],\"inLanguage\":\"es\"}]}<\/script>\n<!-- \/ Yoast SEO Premium plugin. -->","yoast_head_json":{"title":"Soluciones de reforma | Facade Access Solutions","description":"Servicios profesionales de retrofit de acceso a fachadas. Modernizamos sistemas BMU y equipos de mantenimiento de edificios para mayor seguridad y rendimiento.","robots":{"index":"index","follow":"follow","max-snippet":"max-snippet:-1","max-image-preview":"max-image-preview:large","max-video-preview":"max-video-preview:-1"},"canonical":"https:\/\/www.facadeaccesssolutions.com\/es\/services\/refurbishment-solutions\/","og_locale":"es_ES","og_type":"article","og_title":"Soluciones de reforma","og_description":"Servicios profesionales de retrofit de acceso a fachadas. Modernizamos sistemas BMU y equipos de mantenimiento de edificios para mayor seguridad y rendimiento.","og_url":"https:\/\/www.facadeaccesssolutions.com\/es\/services\/refurbishment-solutions\/","og_site_name":"Facade Access Solutions Spain","article_modified_time":"2026-03-27T17:43:10+00:00","og_image":[{"url":"https:\/\/www.facadeaccesssolutions.com\/wp-content\/uploads\/2024\/08\/new_pg_9.jpg","type":"","width":"","height":""}],"twitter_card":"summary_large_image","twitter_misc":{"Tiempo de lectura":"3 minutos"},"schema":{"@context":"https:\/\/schema.org","@graph":[{"@type":"WebPage","@id":"https:\/\/www.facadeaccesssolutions.com\/es\/services\/refurbishment-solutions\/","url":"https:\/\/www.facadeaccesssolutions.com\/es\/services\/refurbishment-solutions\/","name":"Soluciones de reforma | Facade Access Solutions","isPartOf":{"@id":"https:\/\/www.facadeaccesssolutions.com\/es\/#website"},"primaryImageOfPage":{"@id":"https:\/\/www.facadeaccesssolutions.com\/es\/services\/refurbishment-solutions\/#primaryimage"},"image":{"@id":"https:\/\/www.facadeaccesssolutions.com\/es\/services\/refurbishment-solutions\/#primaryimage"},"thumbnailUrl":"https:\/\/www.facadeaccesssolutions.com\/wp-content\/uploads\/2024\/08\/new_pg_9.jpg","datePublished":"2026-01-10T16:47:01+00:00","dateModified":"2026-03-27T17:43:10+00:00","description":"Servicios profesionales de retrofit de acceso a fachadas. Modernizamos sistemas BMU y equipos de mantenimiento de edificios para mayor seguridad y rendimiento.","breadcrumb":{"@id":"https:\/\/www.facadeaccesssolutions.com\/es\/services\/refurbishment-solutions\/#breadcrumb"},"inLanguage":"es","potentialAction":[{"@type":"ReadAction","target":["https:\/\/www.facadeaccesssolutions.com\/es\/services\/refurbishment-solutions\/"]}]},{"@type":"ImageObject","inLanguage":"es","@id":"https:\/\/www.facadeaccesssolutions.com\/es\/services\/refurbishment-solutions\/#primaryimage","url":"https:\/\/www.facadeaccesssolutions.com\/wp-content\/uploads\/2024\/08\/new_pg_9.jpg","contentUrl":"https:\/\/www.facadeaccesssolutions.com\/wp-content\/uploads\/2024\/08\/new_pg_9.jpg"},{"@type":"BreadcrumbList","@id":"https:\/\/www.facadeaccesssolutions.com\/es\/services\/refurbishment-solutions\/#breadcrumb","itemListElement":[{"@type":"ListItem","position":1,"name":"Home","item":"https:\/\/www.facadeaccesssolutions.com\/es\/"},{"@type":"ListItem","position":2,"name":"Servicios","item":"https:\/\/www.facadeaccesssolutions.com\/es\/services\/"},{"@type":"ListItem","position":3,"name":"Soluciones de reforma"}]},{"@type":"WebSite","@id":"https:\/\/www.facadeaccesssolutions.com\/es\/#website","url":"https:\/\/www.facadeaccesssolutions.com\/es\/","name":"Facade Access Solutions Spain","description":"Part Of Alimak Group","potentialAction":[{"@type":"SearchAction","target":{"@type":"EntryPoint","urlTemplate":"https:\/\/www.facadeaccesssolutions.com\/es\/?s={search_term_string}"},"query-input":{"@type":"PropertyValueSpecification","valueRequired":true,"valueName":"search_term_string"}}],"inLanguage":"es"}]}},"_links":{"self":[{"href":"https:\/\/www.facadeaccesssolutions.com\/es\/wp-json\/wp\/v2\/pages\/1028","targetHints":{"allow":["GET"]}}],"collection":[{"href":"https:\/\/www.facadeaccesssolutions.com\/es\/wp-json\/wp\/v2\/pages"}],"about":[{"href":"https:\/\/www.facadeaccesssolutions.com\/es\/wp-json\/wp\/v2\/types\/page"}],"author":[{"embeddable":true,"href":"https:\/\/www.facadeaccesssolutions.com\/es\/wp-json\/wp\/v2\/users\/1"}],"replies":[{"embeddable":true,"href":"https:\/\/www.facadeaccesssolutions.com\/es\/wp-json\/wp\/v2\/comments?post=1028"}],"version-history":[{"count":3,"href":"https:\/\/www.facadeaccesssolutions.com\/es\/wp-json\/wp\/v2\/pages\/1028\/revisions"}],"predecessor-version":[{"id":1073,"href":"https:\/\/www.facadeaccesssolutions.com\/es\/wp-json\/wp\/v2\/pages\/1028\/revisions\/1073"}],"up":[{"embeddable":true,"href":"https:\/\/www.facadeaccesssolutions.com\/es\/wp-json\/wp\/v2\/pages\/1032"}],"wp:attachment":[{"href":"https:\/\/www.facadeaccesssolutions.com\/es\/wp-json\/wp\/v2\/media?parent=1028"}],"curies":[{"name":"wp","href":"https:\/\/api.w.org\/{rel}","templated":true}]}}