{"id":1029,"date":"2026-01-10T15:34:04","date_gmt":"2026-01-10T15:34:04","guid":{"rendered":"https:\/\/www.facadeaccesssolutions.com\/es\/?page_id=1029"},"modified":"2026-03-27T17:43:37","modified_gmt":"2026-03-27T17:43:37","slug":"oem-spare-parts","status":"publish","type":"page","link":"https:\/\/www.facadeaccesssolutions.com\/es\/services\/oem-spare-parts\/","title":{"rendered":"Repuestos OEM"},"content":{"rendered":"\r\n<section class=\"breadcrumbs\" data-aos=\"fade-up\" data-aos-duration=\"600\" data-aos-easing=\"ease-out\" data-aos-delay=\"100\">\r\n    <div class=\"content_holder content_holder_1570\">\r\n    \t<ul><li class=\"main-home\"><span property=\"itemListElement\" typeof=\"ListItem\"><a property=\"item\" typeof=\"WebPage\" title=\"Ir a FACADE ACCESS SOLUTIONS Sites.\" href=\"https:\/\/www.facadeaccesssolutions.com\" class=\"main-home\" ><span property=\"name\">FACADE ACCESS SOLUTIONS Sites<\/span><\/a><meta property=\"position\" content=\"1\"><\/span><\/li>\n<li class=\"home\"><span property=\"itemListElement\" typeof=\"ListItem\"><a property=\"item\" typeof=\"WebPage\" title=\"Go to Facade Access Solutions Spain.\" href=\"https:\/\/www.facadeaccesssolutions.com\/es\" class=\"home\" aria-current=\"page\"><span property=\"name\">Home<\/span><\/a><meta property=\"position\" content=\"2\"><\/span><\/li>\n<\/ul>\r\n    <\/div>\r\n<\/section>\n\n<section class=\"page_title \" data-aos=\"fade-up\" data-aos-duration=\"600\" data-aos-easing=\"ease-out\" data-aos-delay=\"200\">\n    <div class=\"content_holder content_holder_1570\">\n        <h1>Repuestos OEM para Sistemas de Acceso a Fachadas<\/h1>\n    <\/div>\n<\/section>\n\n\n\n<section class=\"solutions_intro  \">\n    <div class=\"content_holder content_holder_1570 clearfix\">\n\n\t\t                <div class=\"sol_right\" data-aos=\"fade-up\" data-aos-duration=\"600\" data-aos-easing=\"ease-out\" data-aos-delay=\"300\">\n            <img decoding=\"async\" src=\"https:\/\/www.facadeaccesssolutions.com\/es\/wp-content\/uploads\/sites\/12\/2024\/09\/about_2-881x515_c.jpg\" alt=\"About Facade Access Solutions\">\n        <\/div>\n            \n        <div class=\"sol_left site_contents\" data-aos=\"fade-up\" data-aos-duration=\"600\" data-aos-easing=\"ease-out\" data-aos-delay=\"400\">\n        \t<h4 class=\"title_line title_line_mob\">Facade Access Solutions ofrece repuestos OEM procedentes directamente de Tractel, Manntech y CoxGomyl. Garantizamos que cada sistema de acceso a fachadas contin\u00fae operando de manera segura y eficiente.<\/h4>            <p>El uso de componentes aut\u00e9nticos protege tu inversi\u00f3n. Mantiene el cumplimiento con los est\u00e1ndares de seguridad locales y protege tanto a tus trabajadores como a las fachadas del edificio. Cada pieza est\u00e1 dise\u00f1ada con precisi\u00f3n para ajustarse a las especificaciones originales. Restaura la funcionalidad y el rendimiento completos mientras reduce los riesgos asociados con sustitutos no originales.<\/p>\n<p>Con una red de servicio global, Facade Access Solutions entrega las piezas correctas de forma r\u00e1pida y precisa. Minimizamos el tiempo de inactividad y preservamos la fiabilidad del sistema a largo plazo. Respaldados por la experiencia mundial de Alimak Group, nuestros equipos de servicio asisten a propietarios de edificios y gerentes de instalaciones con reemplazos certificados, asesoramiento t\u00e9cnico experto y total confianza en cada instalaci\u00f3n.<\/p>\n            <div class=\"mhide_1\">\n            \t            <\/div>\n            \t            <a href=\"https:\/\/www.facadeaccesssolutions.com\/es\/contact\/\" class=\"site_btn site_btn_sm\" target=\"\">\n\t\t\t\t\tCONSULTAR SOBRE NUESTRAS PIEZAS DE REPUESTO                <\/a>\n                                <\/div>\n    <\/div>\n<\/section>\n\n\n\n\n\n<div style=\"height:100px\" aria-hidden=\"true\" class=\"wp-block-spacer\"><\/div>\n\n\n\n<div class=\"wp-block-group alignfull narrow_width has-luminous-vivid-orange-background-color has-text-color has-background\" style=\"color:#000000\"><div class=\"wp-block-group__inner-container is-layout-flow wp-block-group-is-layout-flow\">\n<div style=\"height:40px\" aria-hidden=\"true\" class=\"wp-block-spacer\"><\/div>\n\n\n\n<h3 class=\"wp-block-heading has-text-align-center has-white-color has-text-color has-link-color wp-elements-1128f24d31f445713222184ae414c6b5\" id=\"h-consiga-repuestos-oem-para-su-bmu\" style=\"font-size:35px;line-height:1.15\">CONSIGA REPUESTOS OEM PARA SU BMU<\/h3>\n\n\n\n<p class=\"has-text-align-center has-white-color has-text-color has-link-color wp-elements-aaa05fa2739f50334df0ad939db50848\" style=\"font-size:15px;line-height:.9\">Proteja su edificio y sus equipos. Solicite hoy mismo repuestos y servicio certificados de Facade Access Solutions.<br><\/p>\n\n\n\n<div class=\"wp-block-buttons is-horizontal is-content-justification-center is-layout-flex wp-container-core-buttons-is-layout-499968f5 wp-block-buttons-is-layout-flex\">\n<div class=\"wp-block-button has-custom-width wp-block-button__width-50\"><a class=\"wp-block-button__link has-text-color has-background has-medium-font-size has-custom-font-size wp-element-button\" href=\"https:\/\/www.facadeaccesssolutions.com\/es\/contact\/\" style=\"border-radius:50px;color:#ffffff;background-color:#035485\">Contacta con nosotros<\/a><\/div>\n<\/div>\n\n\n\n<div style=\"height:40px\" aria-hidden=\"true\" class=\"wp-block-spacer\"><\/div>\n<\/div><\/div>\n\n\n\n<div style=\"height:100px\" aria-hidden=\"true\" class=\"wp-block-spacer\"><\/div>\n\n\n\r\n<section class=\"accordion_list\" style=\"padding-top:px; padding-bottom:px;\">\r\n    <div class=\"content_holder content_holder_1570 clearfix\">\r\n\t\t<div class=\"acc_wrap\" data-aos=\"fade-up\" data-aos-duration=\"600\" data-aos-easing=\"ease-out\" data-aos-delay=\"100\">\r\n        \t<h2><H3 align=\"center\">Preguntas Frecuentes<\/h3><\/h2>                                    \t                    <div class=\"acc_item\">\r\n                        <div class=\"acc_title\">\u00bfQu\u00e9 tipos de repuestos est\u00e1n disponibles para sistemas de acceso a fachadas? <span><\/span><\/div>\r\n                        <div class=\"acc_txt\">\r\n                            <div class=\"site_contents\">\r\n                            \t<p>Suministramos repuestos certificados para sistemas Tractel, Manntech y CoxGomyl. Incluyen sistemas de mantenimiento de edificios BMU, sistemas de monocarril, sistemas de pescante, plataformas motorizadas y p\u00f3rticos.<\/p>\n                            <\/div>\r\n                        <\/div>\r\n                    <\/div>\r\n                                        \t                    <div class=\"acc_item\">\r\n                        <div class=\"acc_title\">\u00bfVuestros repuestos est\u00e1n certificados para unidades de mantenimiento de edificios? <span><\/span><\/div>\r\n                        <div class=\"acc_txt\">\r\n                            <div class=\"site_contents\">\r\n                            \t<p>S\u00ed. Todos nuestros repuestos para BMU son componentes originales con certificaci\u00f3n de seguridad. El uso de piezas certificadas ayuda a prolongar la vida \u00fatil del sistema y garantiza un rendimiento constante.<\/p>\n                            <\/div>\r\n                        <\/div>\r\n                    <\/div>\r\n                                        \t                    <div class=\"acc_item\">\r\n                        <div class=\"acc_title\">\u00bfC\u00f3mo reducen los repuestos OEM el tiempo de inactividad durante las reparaciones? <span><\/span><\/div>\r\n                        <div class=\"acc_txt\">\r\n                            <div class=\"site_contents\">\r\n                            \t<p>Cada componente est\u00e1 dise\u00f1ado para una compatibilidad exacta. Permite un reemplazo r\u00e1pido y una reparaci\u00f3n eficiente. Esto mantiene tus sistemas de acceso a fachadas operativos y reduce los costosos retrasos.<\/p>\n                            <\/div>\r\n                        <\/div>\r\n                    <\/div>\r\n                                        \t                    <div class=\"acc_item\">\r\n                        <div class=\"acc_title\">\u00bfSe pueden suministrar repuestos para sistemas de monocarril y pescante? <span><\/span><\/div>\r\n                        <div class=\"acc_txt\">\r\n                            <div class=\"site_contents\">\r\n                            \t<p>S\u00ed. Proporcionamos repuestos OEM para sistemas de monocarril y sistemas de pescante. Incluyen rieles, rodillos, brazos pescante y bases. Cada pieza coincide con el dise\u00f1o original para una funcionalidad perfecta.<\/p>\n                            <\/div>\r\n                        <\/div>\r\n                    <\/div>\r\n                                        \t                    <div class=\"acc_item\">\r\n                        <div class=\"acc_title\">\u00bfProporcion\u00e1is soporte de instalaci\u00f3n para los repuestos? <span><\/span><\/div>\r\n                        <div class=\"acc_txt\">\r\n                            <div class=\"site_contents\">\r\n                            \t<p>S\u00ed. Nuestros t\u00e9cnicos de servicio instalar\u00e1n las piezas OEM para garantizar que cada componente opere correctamente. Mejoramos la seguridad y el rendimiento de tus equipos de acceso a fachadas.<\/p>\n                            <\/div>\r\n                        <\/div>\r\n                    <\/div>\r\n                                    <\/div>\r\n    <\/div>\r\n<\/section>\r\n\r\n\n\n\n<div style=\"height:100px\" aria-hidden=\"true\" class=\"wp-block-spacer\"><\/div>\n","protected":false},"excerpt":{"rendered":"<p>CONSIGA REPUESTOS OEM PARA SU BMU Proteja su edificio y sus equipos. Solicite hoy mismo &#8230;<\/p>\n","protected":false},"author":1,"featured_media":0,"parent":1032,"menu_order":0,"comment_status":"closed","ping_status":"closed","template":"","meta":{"_acf_changed":false,"_trash_the_other_posts":false,"editor_notices":[],"footnotes":""},"class_list":["post-1029","page","type-page","status-publish","hentry"],"acf":[],"yoast_head":"<!-- This site is optimized with the Yoast SEO Premium plugin v27.1 (Yoast SEO v27.3) - https:\/\/yoast.com\/product\/yoast-seo-premium-wordpress\/ -->\n<title>Repuestos OEM para equipos BMU | Facade Access Solutions<\/title>\n<meta name=\"description\" content=\"Repuestos OEM certificados para sistemas de acceso a fachadas BMU, monocarril y pescante. Garantizamos seguridad y rendimiento \u00f3ptimo en Espa\u00f1a.\" \/>\n<meta name=\"robots\" content=\"index, follow, max-snippet:-1, max-image-preview:large, max-video-preview:-1\" \/>\n<link rel=\"canonical\" href=\"https:\/\/www.facadeaccesssolutions.com\/es\/services\/oem-spare-parts\/\" \/>\n<meta property=\"og:locale\" content=\"es_ES\" \/>\n<meta property=\"og:type\" content=\"article\" \/>\n<meta property=\"og:title\" content=\"Repuestos OEM\" \/>\n<meta property=\"og:description\" content=\"Repuestos OEM certificados para sistemas de acceso a fachadas BMU, monocarril y pescante. Garantizamos seguridad y rendimiento \u00f3ptimo en Espa\u00f1a.\" \/>\n<meta property=\"og:url\" content=\"https:\/\/www.facadeaccesssolutions.com\/es\/services\/oem-spare-parts\/\" \/>\n<meta property=\"og:site_name\" content=\"Facade Access Solutions Spain\" \/>\n<meta property=\"article:modified_time\" content=\"2026-03-27T17:43:37+00:00\" \/>\n<meta name=\"twitter:card\" content=\"summary_large_image\" \/>\n<meta name=\"twitter:label1\" content=\"Tiempo de lectura\" \/>\n\t<meta name=\"twitter:data1\" content=\"1 minuto\" \/>\n<script type=\"application\/ld+json\" class=\"yoast-schema-graph\">{\"@context\":\"https:\\\/\\\/schema.org\",\"@graph\":[{\"@type\":\"WebPage\",\"@id\":\"https:\\\/\\\/www.facadeaccesssolutions.com\\\/es\\\/services\\\/oem-spare-parts\\\/\",\"url\":\"https:\\\/\\\/www.facadeaccesssolutions.com\\\/es\\\/services\\\/oem-spare-parts\\\/\",\"name\":\"Repuestos OEM para equipos BMU | Facade Access Solutions\",\"isPartOf\":{\"@id\":\"https:\\\/\\\/www.facadeaccesssolutions.com\\\/es\\\/#website\"},\"datePublished\":\"2026-01-10T15:34:04+00:00\",\"dateModified\":\"2026-03-27T17:43:37+00:00\",\"description\":\"Repuestos OEM certificados para sistemas de acceso a fachadas BMU, monocarril y pescante. Garantizamos seguridad y rendimiento \u00f3ptimo en Espa\u00f1a.\",\"breadcrumb\":{\"@id\":\"https:\\\/\\\/www.facadeaccesssolutions.com\\\/es\\\/services\\\/oem-spare-parts\\\/#breadcrumb\"},\"inLanguage\":\"es\",\"potentialAction\":[{\"@type\":\"ReadAction\",\"target\":[\"https:\\\/\\\/www.facadeaccesssolutions.com\\\/es\\\/services\\\/oem-spare-parts\\\/\"]}]},{\"@type\":\"BreadcrumbList\",\"@id\":\"https:\\\/\\\/www.facadeaccesssolutions.com\\\/es\\\/services\\\/oem-spare-parts\\\/#breadcrumb\",\"itemListElement\":[{\"@type\":\"ListItem\",\"position\":1,\"name\":\"Home\",\"item\":\"https:\\\/\\\/www.facadeaccesssolutions.com\\\/es\\\/\"},{\"@type\":\"ListItem\",\"position\":2,\"name\":\"Servicios\",\"item\":\"https:\\\/\\\/www.facadeaccesssolutions.com\\\/es\\\/services\\\/\"},{\"@type\":\"ListItem\",\"position\":3,\"name\":\"Repuestos OEM\"}]},{\"@type\":\"WebSite\",\"@id\":\"https:\\\/\\\/www.facadeaccesssolutions.com\\\/es\\\/#website\",\"url\":\"https:\\\/\\\/www.facadeaccesssolutions.com\\\/es\\\/\",\"name\":\"Facade Access Solutions Spain\",\"description\":\"Part Of Alimak Group\",\"potentialAction\":[{\"@type\":\"SearchAction\",\"target\":{\"@type\":\"EntryPoint\",\"urlTemplate\":\"https:\\\/\\\/www.facadeaccesssolutions.com\\\/es\\\/?s={search_term_string}\"},\"query-input\":{\"@type\":\"PropertyValueSpecification\",\"valueRequired\":true,\"valueName\":\"search_term_string\"}}],\"inLanguage\":\"es\"}]}<\/script>\n<!-- \/ Yoast SEO Premium plugin. -->","yoast_head_json":{"title":"Repuestos OEM para equipos BMU | Facade Access Solutions","description":"Repuestos OEM certificados para sistemas de acceso a fachadas BMU, monocarril y pescante. Garantizamos seguridad y rendimiento \u00f3ptimo en Espa\u00f1a.","robots":{"index":"index","follow":"follow","max-snippet":"max-snippet:-1","max-image-preview":"max-image-preview:large","max-video-preview":"max-video-preview:-1"},"canonical":"https:\/\/www.facadeaccesssolutions.com\/es\/services\/oem-spare-parts\/","og_locale":"es_ES","og_type":"article","og_title":"Repuestos OEM","og_description":"Repuestos OEM certificados para sistemas de acceso a fachadas BMU, monocarril y pescante. Garantizamos seguridad y rendimiento \u00f3ptimo en Espa\u00f1a.","og_url":"https:\/\/www.facadeaccesssolutions.com\/es\/services\/oem-spare-parts\/","og_site_name":"Facade Access Solutions Spain","article_modified_time":"2026-03-27T17:43:37+00:00","twitter_card":"summary_large_image","twitter_misc":{"Tiempo de lectura":"1 minuto"},"schema":{"@context":"https:\/\/schema.org","@graph":[{"@type":"WebPage","@id":"https:\/\/www.facadeaccesssolutions.com\/es\/services\/oem-spare-parts\/","url":"https:\/\/www.facadeaccesssolutions.com\/es\/services\/oem-spare-parts\/","name":"Repuestos OEM para equipos BMU | Facade Access Solutions","isPartOf":{"@id":"https:\/\/www.facadeaccesssolutions.com\/es\/#website"},"datePublished":"2026-01-10T15:34:04+00:00","dateModified":"2026-03-27T17:43:37+00:00","description":"Repuestos OEM certificados para sistemas de acceso a fachadas BMU, monocarril y pescante. Garantizamos seguridad y rendimiento \u00f3ptimo en Espa\u00f1a.","breadcrumb":{"@id":"https:\/\/www.facadeaccesssolutions.com\/es\/services\/oem-spare-parts\/#breadcrumb"},"inLanguage":"es","potentialAction":[{"@type":"ReadAction","target":["https:\/\/www.facadeaccesssolutions.com\/es\/services\/oem-spare-parts\/"]}]},{"@type":"BreadcrumbList","@id":"https:\/\/www.facadeaccesssolutions.com\/es\/services\/oem-spare-parts\/#breadcrumb","itemListElement":[{"@type":"ListItem","position":1,"name":"Home","item":"https:\/\/www.facadeaccesssolutions.com\/es\/"},{"@type":"ListItem","position":2,"name":"Servicios","item":"https:\/\/www.facadeaccesssolutions.com\/es\/services\/"},{"@type":"ListItem","position":3,"name":"Repuestos OEM"}]},{"@type":"WebSite","@id":"https:\/\/www.facadeaccesssolutions.com\/es\/#website","url":"https:\/\/www.facadeaccesssolutions.com\/es\/","name":"Facade Access Solutions Spain","description":"Part Of Alimak Group","potentialAction":[{"@type":"SearchAction","target":{"@type":"EntryPoint","urlTemplate":"https:\/\/www.facadeaccesssolutions.com\/es\/?s={search_term_string}"},"query-input":{"@type":"PropertyValueSpecification","valueRequired":true,"valueName":"search_term_string"}}],"inLanguage":"es"}]}},"_links":{"self":[{"href":"https:\/\/www.facadeaccesssolutions.com\/es\/wp-json\/wp\/v2\/pages\/1029","targetHints":{"allow":["GET"]}}],"collection":[{"href":"https:\/\/www.facadeaccesssolutions.com\/es\/wp-json\/wp\/v2\/pages"}],"about":[{"href":"https:\/\/www.facadeaccesssolutions.com\/es\/wp-json\/wp\/v2\/types\/page"}],"author":[{"embeddable":true,"href":"https:\/\/www.facadeaccesssolutions.com\/es\/wp-json\/wp\/v2\/users\/1"}],"replies":[{"embeddable":true,"href":"https:\/\/www.facadeaccesssolutions.com\/es\/wp-json\/wp\/v2\/comments?post=1029"}],"version-history":[{"count":3,"href":"https:\/\/www.facadeaccesssolutions.com\/es\/wp-json\/wp\/v2\/pages\/1029\/revisions"}],"predecessor-version":[{"id":1312,"href":"https:\/\/www.facadeaccesssolutions.com\/es\/wp-json\/wp\/v2\/pages\/1029\/revisions\/1312"}],"up":[{"embeddable":true,"href":"https:\/\/www.facadeaccesssolutions.com\/es\/wp-json\/wp\/v2\/pages\/1032"}],"wp:attachment":[{"href":"https:\/\/www.facadeaccesssolutions.com\/es\/wp-json\/wp\/v2\/media?parent=1029"}],"curies":[{"name":"wp","href":"https:\/\/api.w.org\/{rel}","templated":true}]}}