{"id":1030,"date":"2026-01-10T15:20:00","date_gmt":"2026-01-10T15:20:00","guid":{"rendered":"https:\/\/www.facadeaccesssolutions.com\/es\/?page_id=1030"},"modified":"2026-03-27T17:44:05","modified_gmt":"2026-03-27T17:44:05","slug":"asset-management","status":"publish","type":"page","link":"https:\/\/www.facadeaccesssolutions.com\/es\/services\/asset-management\/","title":{"rendered":"Gesti\u00f3n de activos"},"content":{"rendered":"\r\n<section class=\"breadcrumbs\" data-aos=\"fade-up\" data-aos-duration=\"600\" data-aos-easing=\"ease-out\" data-aos-delay=\"100\">\r\n    <div class=\"content_holder content_holder_1570\">\r\n    \t<ul><li class=\"main-home\"><span property=\"itemListElement\" typeof=\"ListItem\"><a property=\"item\" typeof=\"WebPage\" title=\"Ir a FACADE ACCESS SOLUTIONS Sites.\" href=\"https:\/\/www.facadeaccesssolutions.com\" class=\"main-home\" ><span property=\"name\">FACADE ACCESS SOLUTIONS Sites<\/span><\/a><meta property=\"position\" content=\"1\"><\/span><\/li>\n<li class=\"home\"><span property=\"itemListElement\" typeof=\"ListItem\"><a property=\"item\" typeof=\"WebPage\" title=\"Go to Facade Access Solutions Spain.\" href=\"https:\/\/www.facadeaccesssolutions.com\/es\" class=\"home\" aria-current=\"page\"><span property=\"name\">Home<\/span><\/a><meta property=\"position\" content=\"2\"><\/span><\/li>\n<\/ul>\r\n    <\/div>\r\n<\/section>\n\n<section class=\"page_title \" data-aos=\"fade-up\" data-aos-duration=\"600\" data-aos-easing=\"ease-out\" data-aos-delay=\"200\">\n    <div class=\"content_holder content_holder_1570\">\n        <h1>Gesti\u00f3n integral de activos y soporte durante todo el ciclo de vida de sistemas de acceso a fachadas<\/h1>\n    <\/div>\n<\/section>\n\n\n\n<section class=\"solutions_intro  \">\n    <div class=\"content_holder content_holder_1570 clearfix\">\n\n\t\t                <div class=\"sol_right\" data-aos=\"fade-up\" data-aos-duration=\"600\" data-aos-easing=\"ease-out\" data-aos-delay=\"300\">\n            <img decoding=\"async\" src=\"https:\/\/www.facadeaccesssolutions.com\/es\/wp-content\/uploads\/sites\/12\/2026\/01\/asset-management-scaled-881x515_c.webp\" alt=\"asset management\">\n        <\/div>\n            \n        <div class=\"sol_left site_contents\" data-aos=\"fade-up\" data-aos-duration=\"600\" data-aos-easing=\"ease-out\" data-aos-delay=\"400\">\n        \t<h4 class=\"title_line title_line_mob\">Facade Access Solutions, l\u00edder global en sistemas de mantenimiento de edificios y acceso a fachadas, proporciona soporte completo durante el ciclo de vida de unidades de mantenimiento de edificios (BMU) y equipos de acceso relacionados en todo el mundo.<\/h4>            <p>Nuestros programas cubren cada etapa, desde el dise&ntilde;o de acceso a fachadas e instalaci&oacute;n hasta inspecciones, mantenimiento programado, reparaciones y modernizaciones. Esto garantiza rendimiento, seguridad y fiabilidad a largo plazo.<\/p>\n<p>Al combinar experiencia global con la excelencia en ingenier&iacute;a de acceso a fachadas de Tractel, Manntech y CoxGomyl, Facade Access Solutions apoya a propietarios de edificios, arquitectos, consultores de acceso a fachadas y facility managers en el mantenimiento de equipos seguros, eficientes y totalmente conformes. Cada servicio se alinea con los est&aacute;ndares de seguridad internacionales. Estos ayudan a extender la vida &uacute;til del sistema, reducir el tiempo de inactividad y proteger su inversi&oacute;n en equipos de acceso a fachadas.<\/p>\n            <div class=\"mhide_1\">\n            \t            <\/div>\n            \t            <a href=\"https:\/\/www.facadeaccesssolutions.com\/es\/contact\/\" class=\"site_btn site_btn_sm\" target=\"\">\n\t\t\t\t\tContacta con nosotras                <\/a>\n                                <\/div>\n    <\/div>\n<\/section>\n\n\n\n\n\n<div style=\"height:100px\" aria-hidden=\"true\" class=\"wp-block-spacer\"><\/div>\n\n\n\n<div class=\"wp-block-group alignfull narrow_width has-white-color has-luminous-vivid-orange-background-color has-text-color has-background\"><div class=\"wp-block-group__inner-container is-layout-flow wp-block-group-is-layout-flow\">\n<div style=\"height:40px\" aria-hidden=\"true\" class=\"wp-block-spacer\"><\/div>\n\n\n\n<h2 class=\"wp-block-heading has-text-align-center has-white-color has-text-color has-link-color wp-elements-f7489f4a3f361190c26f79b7f09222d9\" id=\"schedule-a-visit\" style=\"font-size:45px;line-height:1.15\">PROTEJA SU INVERSI\u00d3N<\/h2>\n\n\n\n<p class=\"has-text-align-center has-white-color has-text-color has-link-color wp-elements-0ddf07c6eacc43cdf3f09977ed7256ea\" style=\"font-size:15px;line-height:.9\">Solicite su programa personalizado de gesti\u00f3n de activos hoy.<br><\/p>\n\n\n\n<div class=\"wp-block-buttons is-horizontal is-content-justification-center is-layout-flex wp-container-core-buttons-is-layout-499968f5 wp-block-buttons-is-layout-flex\">\n<div class=\"wp-block-button has-custom-width wp-block-button__width-50\"><a class=\"wp-block-button__link has-text-color has-background has-medium-font-size has-custom-font-size wp-element-button\" href=\"https:\/\/www.facadeaccesssolutions.com\/es\/contact\/\" style=\"border-radius:50px;color:#ffffff;background-color:#034b75\">Contacta con nosotras<\/a><\/div>\n<\/div>\n\n\n\n<div style=\"height:40px\" aria-hidden=\"true\" class=\"wp-block-spacer\"><\/div>\n<\/div><\/div>\n\n\n\n<div style=\"height:100px\" aria-hidden=\"true\" class=\"wp-block-spacer\"><\/div>\n\n\n\n<h3 class=\"wp-block-heading has-text-align-center\" id=\"h-preguntas-frecuentes\">Preguntas Frecuentes<\/h3>\n\n\n\r\n<section class=\"accordion_list\" style=\"padding-top:px; padding-bottom:px;\">\r\n    <div class=\"content_holder content_holder_1570 clearfix\">\r\n\t\t<div class=\"acc_wrap\" data-aos=\"fade-up\" data-aos-duration=\"600\" data-aos-easing=\"ease-out\" data-aos-delay=\"100\">\r\n        \t                                    \t                    <div class=\"acc_item\">\r\n                        <div class=\"acc_title\">\u00bfQu\u00e9 es la gesti\u00f3n de activos de acceso a fachadas? <span><\/span><\/div>\r\n                        <div class=\"acc_txt\">\r\n                            <div class=\"site_contents\">\r\n                            \t<p>La gesti\u00f3n de activos de acceso a fachadas es un enfoque integral del ciclo de vida que mantiene las unidades de mantenimiento de edificios (BMU), pescantes, sistemas de<\/p>\n<p>monocarril y otros sistemas de acceso seguros, conformes y operativos. Incluye dise\u00f1o, instalaci\u00f3n, inspecciones, mantenimiento, reparaciones y actualizaciones del sistema. Esto ayuda a los propietarios a proteger su inversi\u00f3n y evitar tiempos de inactividad innecesarios.<\/p>\n                            <\/div>\r\n                        <\/div>\r\n                    <\/div>\r\n                                        \t                    <div class=\"acc_item\">\r\n                        <div class=\"acc_title\">\u00bfPor qu\u00e9 es importante la gesti\u00f3n de activos para sistemas de acceso a fachadas? <span><\/span><\/div>\r\n                        <div class=\"acc_txt\">\r\n                            <div class=\"site_contents\">\r\n                            \t<p>La gesti\u00f3n proactiva de activos extiende la vida \u00fatil de los equipos de acceso a fachadas, minimiza fallos inesperados y mantiene el cumplimiento de los est\u00e1ndares de seguridad. La supervisi\u00f3n regular mejora el rendimiento, aumenta la seguridad y garantiza la eficiencia de costos para propietarios de edificios y contratistas.<\/p>\n                            <\/div>\r\n                        <\/div>\r\n                    <\/div>\r\n                                        \t                    <div class=\"acc_item\">\r\n                        <div class=\"acc_title\">\u00bfQu\u00e9 tipos de equipos de acceso a fachadas est\u00e1n incluidos en sus programas de gesti\u00f3n de activos? <span><\/span><\/div>\r\n                        <div class=\"acc_txt\">\r\n                            <div class=\"site_contents\">\r\n                            \t<p>Nuestros programas cubren todos los tipos de sistemas de acceso a fachadas, incluidas unidades de mantenimiento de edificios (BMU), sistemas de monocarril, gr\u00faas p\u00f3rtico y sistemas de pescante. Gestionamos y mantenemos equipos suministrados por Tractel, Manntech y CoxGomyl, garantizando que cada sistema permanezca seguro, conforme y fiable.<\/p>\n                            <\/div>\r\n                        <\/div>\r\n                    <\/div>\r\n                                        \t                    <div class=\"acc_item\">\r\n                        <div class=\"acc_title\">\u00bfProporcionan inspecciones y mantenimiento para sistemas de acceso a fachadas existentes? <span><\/span><\/div>\r\n                        <div class=\"acc_txt\">\r\n                            <div class=\"site_contents\">\r\n                            \t<p>S\u00ed. Facade Access Solutions proporciona inspecciones, mantenimiento preventivo y reparaciones para sistemas existentes, ya sean instalados por nosotros o por otros fabricantes de acceso a fachadas. Cada servicio es realizado por t\u00e9cnicos certificados y sigue los est\u00e1ndares de seguridad locales para garantizar el cumplimiento continuo y la seguridad.<\/p>\n                            <\/div>\r\n                        <\/div>\r\n                    <\/div>\r\n                                        \t                    <div class=\"acc_item\">\r\n                        <div class=\"acc_title\">\u00bfC\u00f3mo pueden los servicios de gesti\u00f3n de activos reducir el tiempo de inactividad y los costos? <span><\/span><\/div>\r\n                        <div class=\"acc_txt\">\r\n                            <div class=\"site_contents\">\r\n                            \t<p>Las inspecciones regulares y el mantenimiento planificado ayudan a detectar problemas potenciales de forma temprana. Esto previene aver\u00edas y riesgos de seguridad. Este m\u00e9todo proactivo reduce los costos de reparaci\u00f3n de emergencia, minimiza el tiempo de inactividad del equipo y garantiza un acceso fiable a la fachada para las operaciones del edificio.<\/p>\n                            <\/div>\r\n                        <\/div>\r\n                    <\/div>\r\n                                    <\/div>\r\n    <\/div>\r\n<\/section>\r\n\r\n\n\n\n<div style=\"height:100px\" aria-hidden=\"true\" class=\"wp-block-spacer\"><\/div>\n","protected":false},"excerpt":{"rendered":"<p>PROTEJA SU INVERSI\u00d3N Solicite su programa personalizado de gesti\u00f3n de activos hoy. Preguntas Frecuentes<\/p>\n","protected":false},"author":1,"featured_media":0,"parent":1032,"menu_order":0,"comment_status":"closed","ping_status":"closed","template":"","meta":{"_acf_changed":false,"_trash_the_other_posts":false,"editor_notices":[],"footnotes":""},"class_list":["post-1030","page","type-page","status-publish","hentry"],"acf":[],"yoast_head":"<!-- This site is optimized with the Yoast SEO Premium plugin v27.1 (Yoast SEO v27.3) - https:\/\/yoast.com\/product\/yoast-seo-premium-wordpress\/ -->\n<title>Gesti\u00f3n de activos | Facade Access Solutions<\/title>\n<meta name=\"description\" content=\"Soporte completo durante el ciclo de vida de sistemas de mantenimiento de edificios, incluyendo inspecciones, mantenimiento y modernizaciones para equipos de acceso a fachadas.\" \/>\n<meta name=\"robots\" content=\"index, follow, max-snippet:-1, max-image-preview:large, max-video-preview:-1\" \/>\n<link rel=\"canonical\" href=\"https:\/\/www.facadeaccesssolutions.com\/es\/services\/asset-management\/\" \/>\n<meta property=\"og:locale\" content=\"es_ES\" \/>\n<meta property=\"og:type\" content=\"article\" \/>\n<meta property=\"og:title\" content=\"Gesti\u00f3n de activos\" \/>\n<meta property=\"og:description\" content=\"Soporte completo durante el ciclo de vida de sistemas de mantenimiento de edificios, incluyendo inspecciones, mantenimiento y modernizaciones para equipos de acceso a fachadas.\" \/>\n<meta property=\"og:url\" content=\"https:\/\/www.facadeaccesssolutions.com\/es\/services\/asset-management\/\" \/>\n<meta property=\"og:site_name\" content=\"Facade Access Solutions Spain\" \/>\n<meta property=\"article:modified_time\" content=\"2026-03-27T17:44:05+00:00\" \/>\n<meta name=\"twitter:card\" content=\"summary_large_image\" \/>\n<meta name=\"twitter:label1\" content=\"Tiempo de lectura\" \/>\n\t<meta name=\"twitter:data1\" content=\"1 minuto\" \/>\n<script type=\"application\/ld+json\" class=\"yoast-schema-graph\">{\"@context\":\"https:\\\/\\\/schema.org\",\"@graph\":[{\"@type\":\"WebPage\",\"@id\":\"https:\\\/\\\/www.facadeaccesssolutions.com\\\/es\\\/services\\\/asset-management\\\/\",\"url\":\"https:\\\/\\\/www.facadeaccesssolutions.com\\\/es\\\/services\\\/asset-management\\\/\",\"name\":\"Gesti\u00f3n de activos | Facade Access Solutions\",\"isPartOf\":{\"@id\":\"https:\\\/\\\/www.facadeaccesssolutions.com\\\/es\\\/#website\"},\"datePublished\":\"2026-01-10T15:20:00+00:00\",\"dateModified\":\"2026-03-27T17:44:05+00:00\",\"description\":\"Soporte completo durante el ciclo de vida de sistemas de mantenimiento de edificios, incluyendo inspecciones, mantenimiento y modernizaciones para equipos de acceso a fachadas.\",\"breadcrumb\":{\"@id\":\"https:\\\/\\\/www.facadeaccesssolutions.com\\\/es\\\/services\\\/asset-management\\\/#breadcrumb\"},\"inLanguage\":\"es\",\"potentialAction\":[{\"@type\":\"ReadAction\",\"target\":[\"https:\\\/\\\/www.facadeaccesssolutions.com\\\/es\\\/services\\\/asset-management\\\/\"]}]},{\"@type\":\"BreadcrumbList\",\"@id\":\"https:\\\/\\\/www.facadeaccesssolutions.com\\\/es\\\/services\\\/asset-management\\\/#breadcrumb\",\"itemListElement\":[{\"@type\":\"ListItem\",\"position\":1,\"name\":\"Home\",\"item\":\"https:\\\/\\\/www.facadeaccesssolutions.com\\\/es\\\/\"},{\"@type\":\"ListItem\",\"position\":2,\"name\":\"Servicios\",\"item\":\"https:\\\/\\\/www.facadeaccesssolutions.com\\\/es\\\/services\\\/\"},{\"@type\":\"ListItem\",\"position\":3,\"name\":\"Gesti\u00f3n de activos\"}]},{\"@type\":\"WebSite\",\"@id\":\"https:\\\/\\\/www.facadeaccesssolutions.com\\\/es\\\/#website\",\"url\":\"https:\\\/\\\/www.facadeaccesssolutions.com\\\/es\\\/\",\"name\":\"Facade Access Solutions Spain\",\"description\":\"Part Of Alimak Group\",\"potentialAction\":[{\"@type\":\"SearchAction\",\"target\":{\"@type\":\"EntryPoint\",\"urlTemplate\":\"https:\\\/\\\/www.facadeaccesssolutions.com\\\/es\\\/?s={search_term_string}\"},\"query-input\":{\"@type\":\"PropertyValueSpecification\",\"valueRequired\":true,\"valueName\":\"search_term_string\"}}],\"inLanguage\":\"es\"}]}<\/script>\n<!-- \/ Yoast SEO Premium plugin. -->","yoast_head_json":{"title":"Gesti\u00f3n de activos | Facade Access Solutions","description":"Soporte completo durante el ciclo de vida de sistemas de mantenimiento de edificios, incluyendo inspecciones, mantenimiento y modernizaciones para equipos de acceso a fachadas.","robots":{"index":"index","follow":"follow","max-snippet":"max-snippet:-1","max-image-preview":"max-image-preview:large","max-video-preview":"max-video-preview:-1"},"canonical":"https:\/\/www.facadeaccesssolutions.com\/es\/services\/asset-management\/","og_locale":"es_ES","og_type":"article","og_title":"Gesti\u00f3n de activos","og_description":"Soporte completo durante el ciclo de vida de sistemas de mantenimiento de edificios, incluyendo inspecciones, mantenimiento y modernizaciones para equipos de acceso a fachadas.","og_url":"https:\/\/www.facadeaccesssolutions.com\/es\/services\/asset-management\/","og_site_name":"Facade Access Solutions Spain","article_modified_time":"2026-03-27T17:44:05+00:00","twitter_card":"summary_large_image","twitter_misc":{"Tiempo de lectura":"1 minuto"},"schema":{"@context":"https:\/\/schema.org","@graph":[{"@type":"WebPage","@id":"https:\/\/www.facadeaccesssolutions.com\/es\/services\/asset-management\/","url":"https:\/\/www.facadeaccesssolutions.com\/es\/services\/asset-management\/","name":"Gesti\u00f3n de activos | Facade Access Solutions","isPartOf":{"@id":"https:\/\/www.facadeaccesssolutions.com\/es\/#website"},"datePublished":"2026-01-10T15:20:00+00:00","dateModified":"2026-03-27T17:44:05+00:00","description":"Soporte completo durante el ciclo de vida de sistemas de mantenimiento de edificios, incluyendo inspecciones, mantenimiento y modernizaciones para equipos de acceso a fachadas.","breadcrumb":{"@id":"https:\/\/www.facadeaccesssolutions.com\/es\/services\/asset-management\/#breadcrumb"},"inLanguage":"es","potentialAction":[{"@type":"ReadAction","target":["https:\/\/www.facadeaccesssolutions.com\/es\/services\/asset-management\/"]}]},{"@type":"BreadcrumbList","@id":"https:\/\/www.facadeaccesssolutions.com\/es\/services\/asset-management\/#breadcrumb","itemListElement":[{"@type":"ListItem","position":1,"name":"Home","item":"https:\/\/www.facadeaccesssolutions.com\/es\/"},{"@type":"ListItem","position":2,"name":"Servicios","item":"https:\/\/www.facadeaccesssolutions.com\/es\/services\/"},{"@type":"ListItem","position":3,"name":"Gesti\u00f3n de activos"}]},{"@type":"WebSite","@id":"https:\/\/www.facadeaccesssolutions.com\/es\/#website","url":"https:\/\/www.facadeaccesssolutions.com\/es\/","name":"Facade Access Solutions Spain","description":"Part Of Alimak Group","potentialAction":[{"@type":"SearchAction","target":{"@type":"EntryPoint","urlTemplate":"https:\/\/www.facadeaccesssolutions.com\/es\/?s={search_term_string}"},"query-input":{"@type":"PropertyValueSpecification","valueRequired":true,"valueName":"search_term_string"}}],"inLanguage":"es"}]}},"_links":{"self":[{"href":"https:\/\/www.facadeaccesssolutions.com\/es\/wp-json\/wp\/v2\/pages\/1030","targetHints":{"allow":["GET"]}}],"collection":[{"href":"https:\/\/www.facadeaccesssolutions.com\/es\/wp-json\/wp\/v2\/pages"}],"about":[{"href":"https:\/\/www.facadeaccesssolutions.com\/es\/wp-json\/wp\/v2\/types\/page"}],"author":[{"embeddable":true,"href":"https:\/\/www.facadeaccesssolutions.com\/es\/wp-json\/wp\/v2\/users\/1"}],"replies":[{"embeddable":true,"href":"https:\/\/www.facadeaccesssolutions.com\/es\/wp-json\/wp\/v2\/comments?post=1030"}],"version-history":[{"count":3,"href":"https:\/\/www.facadeaccesssolutions.com\/es\/wp-json\/wp\/v2\/pages\/1030\/revisions"}],"predecessor-version":[{"id":1044,"href":"https:\/\/www.facadeaccesssolutions.com\/es\/wp-json\/wp\/v2\/pages\/1030\/revisions\/1044"}],"up":[{"embeddable":true,"href":"https:\/\/www.facadeaccesssolutions.com\/es\/wp-json\/wp\/v2\/pages\/1032"}],"wp:attachment":[{"href":"https:\/\/www.facadeaccesssolutions.com\/es\/wp-json\/wp\/v2\/media?parent=1030"}],"curies":[{"name":"wp","href":"https:\/\/api.w.org\/{rel}","templated":true}]}}