{"id":1031,"date":"2026-01-10T17:20:43","date_gmt":"2026-01-10T17:20:43","guid":{"rendered":"https:\/\/www.facadeaccesssolutions.com\/es\/?page_id=1031"},"modified":"2026-03-27T17:44:26","modified_gmt":"2026-03-27T17:44:26","slug":"training","status":"publish","type":"page","link":"https:\/\/www.facadeaccesssolutions.com\/es\/services\/training\/","title":{"rendered":"Capacitaci\u00f3n"},"content":{"rendered":"\r\n<section class=\"breadcrumbs\" data-aos=\"fade-up\" data-aos-duration=\"600\" data-aos-easing=\"ease-out\" data-aos-delay=\"100\">\r\n    <div class=\"content_holder content_holder_1570\">\r\n    \t<ul><li class=\"main-home\"><span property=\"itemListElement\" typeof=\"ListItem\"><a property=\"item\" typeof=\"WebPage\" title=\"Ir a FACADE ACCESS SOLUTIONS Sites.\" href=\"https:\/\/www.facadeaccesssolutions.com\" class=\"main-home\" ><span property=\"name\">FACADE ACCESS SOLUTIONS Sites<\/span><\/a><meta property=\"position\" content=\"1\"><\/span><\/li>\n<li class=\"home\"><span property=\"itemListElement\" typeof=\"ListItem\"><a property=\"item\" typeof=\"WebPage\" title=\"Go to Facade Access Solutions Spain.\" href=\"https:\/\/www.facadeaccesssolutions.com\/es\" class=\"home\" aria-current=\"page\"><span property=\"name\">Home<\/span><\/a><meta property=\"position\" content=\"2\"><\/span><\/li>\n<\/ul>\r\n    <\/div>\r\n<\/section>\n\n<section class=\"page_title \" data-aos=\"fade-up\" data-aos-duration=\"600\" data-aos-easing=\"ease-out\" data-aos-delay=\"200\">\n    <div class=\"content_holder content_holder_1570\">\n        <h1>Formaci\u00f3n Integral para la Operaci\u00f3n Segura de Equipos de Acceso a Fachadas<\/h1>\n    <\/div>\n<\/section>\n\n\n\n<section class=\"solutions_intro  \">\n    <div class=\"content_holder content_holder_1570 clearfix\">\n\n\t\t                <div class=\"sol_right\" data-aos=\"fade-up\" data-aos-duration=\"600\" data-aos-easing=\"ease-out\" data-aos-delay=\"300\">\n            <img decoding=\"async\" src=\"https:\/\/www.facadeaccesssolutions.com\/es\/wp-content\/uploads\/sites\/12\/2026\/01\/fas-training-881x515_c.jpg\" alt=\"BMU training\">\n        <\/div>\n            \n        <div class=\"sol_left site_contents\" data-aos=\"fade-up\" data-aos-duration=\"600\" data-aos-easing=\"ease-out\" data-aos-delay=\"400\">\n        \t<h4 class=\"title_line title_line_mob\">Facade Access Solutions ofrece programas de formaci\u00f3n profesional que equipan a operadores, responsables y gestores de instalaciones con las habilidades y la confianza para gestionar equipos de acceso a fachadas de manera segura y eficaz.<\/h4>            <p>Ofrecemos formaci\u00f3n especializada en equipos de acceso a fachadas dise\u00f1ada para apoyar a gestores de instalaciones, operadores y contratistas en el uso seguro de sistemas de mantenimiento de edificios (BMU) y sistemas relacionados. Cada curso combina instrucci\u00f3n pr\u00e1ctica con orientaci\u00f3n clara para el usuario, centr\u00e1ndose en la formaci\u00f3n de acceso a fachadas, sistemas de protecci\u00f3n y m\u00e9todos probados para una operaci\u00f3n segura.<\/p>\n<p>La formaci\u00f3n es impartida por profesionales cualificados y sigue los est\u00e1ndares de seguridad locales. Desde g\u00f3ndolas hasta sistemas BMU complejos, nuestros programas abordan todos los aspectos de seguridad, certificaci\u00f3n y cumplimiento normativo.<\/p>\n            <div class=\"mhide_1\">\n            \t            <\/div>\n            \t            <a href=\"https:\/\/www.facadeaccesssolutions.com\/es\/contact\/\" class=\"site_btn site_btn_sm\" target=\"\">\n\t\t\t\t\tReg\u00edstrese para recibir capacitaci\u00f3n                <\/a>\n                                <\/div>\n    <\/div>\n<\/section>\n\n\n\n\n\n<div style=\"height:50px\" aria-hidden=\"true\" class=\"wp-block-spacer\"><\/div>\n\n\n\n<div class=\"wp-block-columns is-layout-flex wp-container-core-columns-is-layout-9d6595d7 wp-block-columns-is-layout-flex\">\n<div class=\"wp-block-column is-layout-flow wp-block-column-is-layout-flow\">\n<figure class=\"wp-block-image size-large\"><img decoding=\"async\" src=\"https:\/\/www.facadeaccesssolutions.com\/wp-content\/uploads\/2025\/11\/20220222_155334-new-1024x618.jpg\" alt=\"\" class=\"wp-image-2205\" \/><\/figure>\n<\/div>\n\n\n\n<div class=\"wp-block-column is-layout-flow wp-block-column-is-layout-flow\">\n<h2 class=\"wp-block-heading\" id=\"h-formacion-practica-que-genera-confianza\">Formaci\u00f3n Pr\u00e1ctica que Genera Confianza<\/h2>\n\n\n\n<p>Nuestra formaci\u00f3n en acceso a fachadas combina instrucci\u00f3n t\u00e9cnica con aplicaci\u00f3n pr\u00e1ctica. Los participantes obtienen experiencia pr\u00e1ctica utilizando los sistemas de acceso a fachadas reales, aprendiendo a operar de manera segura, seguir procedimientos y aplicar las mejores pr\u00e1cticas.<\/p>\n\n\n\n<p><strong>Las habilidades clave desarrolladas incluyen:<\/strong><br><br>\u2022 Comprender las caracter\u00edsticas del equipo y funciones seguras<br>\u2022 Operaci\u00f3n segura de g\u00f3ndolas<br>\u2022 Uso seguro de sistemas de protecci\u00f3n contra ca\u00eddas para acceso a fachadas<br>\u2022 Realizar comprobaciones de seguridad e inspecciones<br>\u2022 Aplicar las mejores pr\u00e1cticas de mantenimiento para sistemas BMU<\/p>\n\n\n\n<p>Cada sesi\u00f3n es dirigida por un instructor cualificado y concluye con certificaci\u00f3n, proporcionando a propietarios y gestores de edificios prueba de cumplimiento y competencia del operador.<br><\/p>\n\n\n\n<div class=\"wp-block-buttons is-layout-flex wp-block-buttons-is-layout-flex\">\n<div class=\"wp-block-button\"><a class=\"wp-block-button__link has-white-color has-luminous-vivid-orange-background-color has-text-color has-background has-link-color has-small-font-size has-custom-font-size wp-element-button\" href=\"https:\/\/www.facadeaccesssolutions.com\/es\/contact\/\" style=\"border-radius:0px\"><strong>PROGRAME SU SESI\u00d3N DE FORMACI\u00d3N<\/strong><\/a><\/div>\n<\/div>\n<\/div>\n<\/div>\n\n\n\n<div style=\"height:50px\" aria-hidden=\"true\" class=\"wp-block-spacer\"><\/div>\n\n\n\n<div class=\"wp-block-columns is-layout-flex wp-container-core-columns-is-layout-9d6595d7 wp-block-columns-is-layout-flex\">\n<div class=\"wp-block-column is-layout-flow wp-block-column-is-layout-flow\">\n<h2 class=\"wp-block-heading\" id=\"h-apoyo-a-responsables-y-personal-cualificado\">Apoyo a Responsables y Personal Cualificado<\/h2>\n\n\n\n<p>Nuestros programas de formaci\u00f3n est\u00e1n dise\u00f1ados para responsables y personas cualificadas que gestionan sistemas de acceso a fachadas y sistemas de BMU. La formaci\u00f3n proporciona una comprensi\u00f3n clara de los est\u00e1ndares regulatorios, las expectativas de cumplimiento y las mejores pr\u00e1cticas, ayudando a los profesionales a desempe\u00f1ar sus responsabilidades de manera segura y con confianza.<\/p>\n\n\n\n<p><strong>La formaci\u00f3n apoya a responsables y personal cualificado mediante:<\/strong><br>\u2022 Explicar los est\u00e1ndares locales para mantenimiento de fachadas y edificios<br>\u2022 Aplicar las mejores pr\u00e1cticas internacionales para acceso seguro y uso de equipos<br>\u2022 Reducir los riesgos operacionales durante actividades de mantenimiento<br>\u2022 Fortalecer la supervisi\u00f3n de operadores y procedimientos de seguridad<br>\u2022 Lograr certificaci\u00f3n que demuestra cumplimiento y competencia<\/p>\n\n\n\n<p>Al combinar conocimientos regulatorios con aprendizaje pr\u00e1ctico, nuestra formaci\u00f3n promueve operaciones seguras, minimiza la responsabilidad y garantiza la fiabilidad a largo plazo de los sistemas de acceso a fachadas.<br><\/p>\n\n\n\n<div class=\"wp-block-buttons is-layout-flex wp-block-buttons-is-layout-flex\">\n<div class=\"wp-block-button is-style-fill\"><a class=\"wp-block-button__link has-luminous-vivid-orange-background-color has-background has-small-font-size has-custom-font-size wp-element-button\" href=\"https:\/\/www.facadeaccesssolutions.com\/es\/contact\/\" style=\"border-radius:0px\"><strong>COMIENCE SU FORMACI\u00d3N CON NOSOTROS &gt;<\/strong><\/a><\/div>\n<\/div>\n<\/div>\n\n\n\n<div class=\"wp-block-column is-layout-flow wp-block-column-is-layout-flow\">\n<figure class=\"wp-block-image size-large\"><img decoding=\"async\" src=\"https:\/\/www.facadeaccesssolutions.com\/wp-content\/uploads\/2025\/09\/torque-testing-1024x768.jpg\" alt=\"\" class=\"wp-image-1828\" style=\"aspect-ratio:16\/9;object-fit:cover\" \/><\/figure>\n<\/div>\n<\/div>\n\n\n\n<div style=\"height:50px\" aria-hidden=\"true\" class=\"wp-block-spacer\"><\/div>\n\n\n\n<div class=\"wp-block-columns is-layout-flex wp-container-core-columns-is-layout-9d6595d7 wp-block-columns-is-layout-flex\">\n<div class=\"wp-block-column is-layout-flow wp-block-column-is-layout-flow\">\n<figure class=\"wp-block-image size-large\"><img decoding=\"async\" src=\"https:\/\/www.facadeaccesssolutions.com\/wp-content\/uploads\/2024\/11\/DSC00277-1024x684.jpg\" alt=\"\" class=\"wp-image-879\" style=\"aspect-ratio:16\/9;object-fit:cover\" \/><\/figure>\n\n\n\n<h2 class=\"wp-block-heading\" id=\"h-\"><br><\/h2>\n<\/div>\n\n\n\n<div class=\"wp-block-column is-layout-flow wp-block-column-is-layout-flow\">\n<h2 class=\"wp-block-heading\" id=\"h-facade-access-solutions-experiencia-lider-en-la-industria-a-nivel-mundial\">Facade Access Solutions: Experiencia L\u00edder en la Industria a Nivel Mundial<\/h2>\n\n\n\n<p>Como parte de Alimak Group, Facade Access Solutions ofrece formaci\u00f3n en acceso a fachadas respaldada por d\u00e9cadas de liderazgo en ingenier\u00eda. Nuestros programas combinan instrucci\u00f3n pr\u00e1ctica con soluciones innovadoras creadas en colaboraci\u00f3n con fabricantes l\u00edderes como Tractel, Manntech y CoxGomyl.<\/p>\n\n\n\n<p>Esta formaci\u00f3n equipa a operadores y responsables con conocimientos t\u00e9cnicos y experiencia pr\u00e1ctica para gestionar sistemas de BMU de manera segura y eficiente. Al aplicar las mejores pr\u00e1cticas reconocidas y est\u00e1ndares internacionales, los participantes mejoran el cumplimiento, reducen riesgos y ganan confianza en el manejo de sistemas de acceso complejos.<\/p>\n\n\n\n<p>El resultado son operaciones m\u00e1s seguras, tiempo de inactividad m\u00ednimo y rendimiento optimizado del edificio, protegiendo tanto a las personas como a los activos en estructuras de gran altura y arquitect\u00f3nicamente complejas.<\/p>\n\n\n\n<div class=\"wp-block-buttons is-layout-flex wp-block-buttons-is-layout-flex\">\n<div class=\"wp-block-button\"><a class=\"wp-block-button__link has-luminous-vivid-orange-background-color has-background has-small-font-size has-custom-font-size wp-element-button\" href=\"https:\/\/www.facadeaccesssolutions.com\/es\/contact\/\" style=\"border-radius:0px\"><strong>CONSULTE HOY &gt;<\/strong><\/a><\/div>\n<\/div>\n<\/div>\n<\/div>\n\n\n\n<div style=\"height:100px\" aria-hidden=\"true\" class=\"wp-block-spacer\"><\/div>\n\n\n\n<div class=\"wp-block-group alignfull narrow_width has-luminous-vivid-orange-background-color has-text-color has-background\" style=\"color:#000000\"><div class=\"wp-block-group__inner-container is-layout-flow wp-block-group-is-layout-flow\">\n<div style=\"height:40px\" aria-hidden=\"true\" class=\"wp-block-spacer\"><\/div>\n\n\n\n<h3 class=\"wp-block-heading has-text-align-center has-white-color has-text-color has-link-color wp-elements-e0e72f3750a7d3874757044e60d78866\" id=\"schedule-a-visit\" style=\"font-size:30px;line-height:1.15;text-transform:uppercase\">\u00bfLISTO PARA MEJORAR LA SEGURIDAD Y LAS HABILIDADES?<\/h3>\n\n\n\n<p class=\"has-text-align-center has-white-color has-text-color has-link-color wp-elements-6c7343bdfe4f349c93de4576f13e6a5a\" style=\"font-size:15px;line-height:.9\">Trabaje con nuestros capacitadores para cumplir con los est\u00e1ndares y operar los sistemas de acceso a fachadas.<\/p>\n\n\n\n<div class=\"wp-block-buttons is-horizontal is-content-justification-center is-layout-flex wp-container-core-buttons-is-layout-499968f5 wp-block-buttons-is-layout-flex\">\n<div class=\"wp-block-button has-custom-width wp-block-button__width-50\"><a class=\"wp-block-button__link has-text-color has-background has-medium-font-size has-custom-font-size wp-element-button\" href=\"https:\/\/www.facadeaccesssolutions.com\/es\/contact\/\" style=\"border-radius:50px;color:#ffffff;background-color:#004263\">Hable con un experto en formaci\u00f3n<\/a><\/div>\n<\/div>\n\n\n\n<div style=\"height:40px\" aria-hidden=\"true\" class=\"wp-block-spacer\"><\/div>\n<\/div><\/div>\n\n\n\n<div style=\"height:50px\" aria-hidden=\"true\" class=\"wp-block-spacer\"><\/div>\n\n\n\r\n<section class=\"accordion_list\" style=\"padding-top:px; padding-bottom:px;\">\r\n    <div class=\"content_holder content_holder_1570 clearfix\">\r\n\t\t<div class=\"acc_wrap\" data-aos=\"fade-up\" data-aos-duration=\"600\" data-aos-easing=\"ease-out\" data-aos-delay=\"100\">\r\n        \t<h2><h3 align=\"center\">Preguntas Frecuentes<\/h3><\/h2>                                    \t                    <div class=\"acc_item\">\r\n                        <div class=\"acc_title\">\u00bfQui\u00e9n debe asistir a la formaci\u00f3n en equipos de acceso a fachadas? <span><\/span><\/div>\r\n                        <div class=\"acc_txt\">\r\n                            <div class=\"site_contents\">\r\n                            \t<p>La formaci\u00f3n es ideal para gestores de instalaciones, operadores y responsables encargados de sistemas de acceso a fachadas. Los participantes obtienen experiencia pr\u00e1ctica y conocimientos esenciales para operar, supervisar y mantener sistemas BMU de manera segura de acuerdo con los est\u00e1ndares.<\/p>\n                            <\/div>\r\n                        <\/div>\r\n                    <\/div>\r\n                                        \t                    <div class=\"acc_item\">\r\n                        <div class=\"acc_title\">\u00bfQu\u00e9 incluye la formaci\u00f3n en equipos de acceso a fachadas? <span><\/span><\/div>\r\n                        <div class=\"acc_txt\">\r\n                            <div class=\"site_contents\">\r\n                            \t<p>Cada programa combina teor\u00eda con experiencia pr\u00e1ctica utilizando equipos reales. Los participantes aprenden a operar plataformas, utilizar sistemas de protecci\u00f3n contra ca\u00eddas, realizar inspecciones de seguridad y aplicar pr\u00e1cticas de mantenimiento seguro. La formaci\u00f3n concluye con certificaci\u00f3n que confirma cumplimiento y competencia.<\/p>\n                            <\/div>\r\n                        <\/div>\r\n                    <\/div>\r\n                                        \t                    <div class=\"acc_item\">\r\n                        <div class=\"acc_title\">\u00bfQu\u00e9 est\u00e1ndares sigue la formaci\u00f3n? <span><\/span><\/div>\r\n                        <div class=\"acc_txt\">\r\n                            <div class=\"site_contents\">\r\n                            \t<p>Todos los cursos se alinean con los est\u00e1ndares locales aplicables, garantizando que los participantes comprendan las regulaciones locales e internacionales y apliquen pr\u00e1cticas de trabajo seguras que cumplan con los requisitos de cumplimiento internacional.<\/p>\n                            <\/div>\r\n                        <\/div>\r\n                    <\/div>\r\n                                        \t                    <div class=\"acc_item\">\r\n                        <div class=\"acc_title\">\u00bfCu\u00e1nto dura un programa de formaci\u00f3n t\u00edpico? <span><\/span><\/div>\r\n                        <div class=\"acc_txt\">\r\n                            <div class=\"site_contents\">\r\n                            \t<p>La duraci\u00f3n del programa var\u00eda seg\u00fan la complejidad del equipo y la experiencia del participante, durando t\u00edpicamente de uno a tres d\u00edas con un equilibrio de teor\u00eda y formaci\u00f3n pr\u00e1ctica.<\/p>\n                            <\/div>\r\n                        <\/div>\r\n                    <\/div>\r\n                                        \t                    <div class=\"acc_item\">\r\n                        <div class=\"acc_title\">\u00bfProporcionan apoyo continuo despu\u00e9s de la formaci\u00f3n? <span><\/span><\/div>\r\n                        <div class=\"acc_txt\">\r\n                            <div class=\"site_contents\">\r\n                            \t<p>S\u00ed. Ofrecemos formaci\u00f3n de actualizaci\u00f3n, actualizaciones de cumplimiento y apoyo continuo para ayudar a los equipos a mantenerse actualizados, seguros y enfocados en la seguridad mucho despu\u00e9s de la certificaci\u00f3n inicial.<\/p>\n                            <\/div>\r\n                        <\/div>\r\n                    <\/div>\r\n                                    <\/div>\r\n    <\/div>\r\n<\/section>\r\n\r\n\n\n\n<div style=\"height:100px\" aria-hidden=\"true\" class=\"wp-block-spacer\"><\/div>\n\n\n\n<p><\/p>\n","protected":false},"excerpt":{"rendered":"<p>Formaci\u00f3n Pr\u00e1ctica que Genera Confianza Nuestra formaci\u00f3n en acceso a fachadas combina instrucci\u00f3n t\u00e9cnica con &#8230;<\/p>\n","protected":false},"author":1,"featured_media":0,"parent":1032,"menu_order":0,"comment_status":"closed","ping_status":"closed","template":"","meta":{"_acf_changed":false,"_trash_the_other_posts":false,"editor_notices":[],"footnotes":""},"class_list":["post-1031","page","type-page","status-publish","hentry"],"acf":[],"yoast_head":"<!-- This site is optimized with the Yoast SEO Premium plugin v27.1 (Yoast SEO v27.3) - https:\/\/yoast.com\/product\/yoast-seo-premium-wordpress\/ -->\n<title>Capacitaci\u00f3n en equipos BMU | Facade Access Solutions<\/title>\n<meta name=\"description\" content=\"Programas profesionales de formaci\u00f3n para operadores y gestores en sistemas de mantenimiento de edificios y equipos de acceso suspendido.\" \/>\n<meta name=\"robots\" content=\"index, follow, max-snippet:-1, max-image-preview:large, max-video-preview:-1\" \/>\n<link rel=\"canonical\" href=\"https:\/\/www.facadeaccesssolutions.com\/es\/services\/training\/\" \/>\n<meta property=\"og:locale\" content=\"es_ES\" \/>\n<meta property=\"og:type\" content=\"article\" \/>\n<meta property=\"og:title\" content=\"Capacitaci\u00f3n\" \/>\n<meta property=\"og:description\" content=\"Programas profesionales de formaci\u00f3n para operadores y gestores en sistemas de mantenimiento de edificios y equipos de acceso suspendido.\" \/>\n<meta property=\"og:url\" content=\"https:\/\/www.facadeaccesssolutions.com\/es\/services\/training\/\" \/>\n<meta property=\"og:site_name\" content=\"Facade Access Solutions Spain\" \/>\n<meta property=\"article:modified_time\" content=\"2026-03-27T17:44:26+00:00\" \/>\n<meta property=\"og:image\" content=\"https:\/\/www.facadeaccesssolutions.com\/wp-content\/uploads\/2025\/11\/20220222_155334-new-1024x618.jpg\" \/>\n<meta name=\"twitter:card\" content=\"summary_large_image\" \/>\n<meta name=\"twitter:label1\" content=\"Tiempo de lectura\" \/>\n\t<meta name=\"twitter:data1\" content=\"3 minutos\" \/>\n<script type=\"application\/ld+json\" class=\"yoast-schema-graph\">{\"@context\":\"https:\\\/\\\/schema.org\",\"@graph\":[{\"@type\":\"WebPage\",\"@id\":\"https:\\\/\\\/www.facadeaccesssolutions.com\\\/es\\\/services\\\/training\\\/\",\"url\":\"https:\\\/\\\/www.facadeaccesssolutions.com\\\/es\\\/services\\\/training\\\/\",\"name\":\"Capacitaci\u00f3n en equipos BMU | Facade Access Solutions\",\"isPartOf\":{\"@id\":\"https:\\\/\\\/www.facadeaccesssolutions.com\\\/es\\\/#website\"},\"primaryImageOfPage\":{\"@id\":\"https:\\\/\\\/www.facadeaccesssolutions.com\\\/es\\\/services\\\/training\\\/#primaryimage\"},\"image\":{\"@id\":\"https:\\\/\\\/www.facadeaccesssolutions.com\\\/es\\\/services\\\/training\\\/#primaryimage\"},\"thumbnailUrl\":\"https:\\\/\\\/www.facadeaccesssolutions.com\\\/wp-content\\\/uploads\\\/2025\\\/11\\\/20220222_155334-new-1024x618.jpg\",\"datePublished\":\"2026-01-10T17:20:43+00:00\",\"dateModified\":\"2026-03-27T17:44:26+00:00\",\"description\":\"Programas profesionales de formaci\u00f3n para operadores y gestores en sistemas de mantenimiento de edificios y equipos de acceso suspendido.\",\"breadcrumb\":{\"@id\":\"https:\\\/\\\/www.facadeaccesssolutions.com\\\/es\\\/services\\\/training\\\/#breadcrumb\"},\"inLanguage\":\"es\",\"potentialAction\":[{\"@type\":\"ReadAction\",\"target\":[\"https:\\\/\\\/www.facadeaccesssolutions.com\\\/es\\\/services\\\/training\\\/\"]}]},{\"@type\":\"ImageObject\",\"inLanguage\":\"es\",\"@id\":\"https:\\\/\\\/www.facadeaccesssolutions.com\\\/es\\\/services\\\/training\\\/#primaryimage\",\"url\":\"https:\\\/\\\/www.facadeaccesssolutions.com\\\/wp-content\\\/uploads\\\/2025\\\/11\\\/20220222_155334-new-1024x618.jpg\",\"contentUrl\":\"https:\\\/\\\/www.facadeaccesssolutions.com\\\/wp-content\\\/uploads\\\/2025\\\/11\\\/20220222_155334-new-1024x618.jpg\"},{\"@type\":\"BreadcrumbList\",\"@id\":\"https:\\\/\\\/www.facadeaccesssolutions.com\\\/es\\\/services\\\/training\\\/#breadcrumb\",\"itemListElement\":[{\"@type\":\"ListItem\",\"position\":1,\"name\":\"Home\",\"item\":\"https:\\\/\\\/www.facadeaccesssolutions.com\\\/es\\\/\"},{\"@type\":\"ListItem\",\"position\":2,\"name\":\"Servicios\",\"item\":\"https:\\\/\\\/www.facadeaccesssolutions.com\\\/es\\\/services\\\/\"},{\"@type\":\"ListItem\",\"position\":3,\"name\":\"Capacitaci\u00f3n\"}]},{\"@type\":\"WebSite\",\"@id\":\"https:\\\/\\\/www.facadeaccesssolutions.com\\\/es\\\/#website\",\"url\":\"https:\\\/\\\/www.facadeaccesssolutions.com\\\/es\\\/\",\"name\":\"Facade Access Solutions Spain\",\"description\":\"Part Of Alimak Group\",\"potentialAction\":[{\"@type\":\"SearchAction\",\"target\":{\"@type\":\"EntryPoint\",\"urlTemplate\":\"https:\\\/\\\/www.facadeaccesssolutions.com\\\/es\\\/?s={search_term_string}\"},\"query-input\":{\"@type\":\"PropertyValueSpecification\",\"valueRequired\":true,\"valueName\":\"search_term_string\"}}],\"inLanguage\":\"es\"}]}<\/script>\n<!-- \/ Yoast SEO Premium plugin. -->","yoast_head_json":{"title":"Capacitaci\u00f3n en equipos BMU | Facade Access Solutions","description":"Programas profesionales de formaci\u00f3n para operadores y gestores en sistemas de mantenimiento de edificios y equipos de acceso suspendido.","robots":{"index":"index","follow":"follow","max-snippet":"max-snippet:-1","max-image-preview":"max-image-preview:large","max-video-preview":"max-video-preview:-1"},"canonical":"https:\/\/www.facadeaccesssolutions.com\/es\/services\/training\/","og_locale":"es_ES","og_type":"article","og_title":"Capacitaci\u00f3n","og_description":"Programas profesionales de formaci\u00f3n para operadores y gestores en sistemas de mantenimiento de edificios y equipos de acceso suspendido.","og_url":"https:\/\/www.facadeaccesssolutions.com\/es\/services\/training\/","og_site_name":"Facade Access Solutions Spain","article_modified_time":"2026-03-27T17:44:26+00:00","og_image":[{"url":"https:\/\/www.facadeaccesssolutions.com\/wp-content\/uploads\/2025\/11\/20220222_155334-new-1024x618.jpg","type":"","width":"","height":""}],"twitter_card":"summary_large_image","twitter_misc":{"Tiempo de lectura":"3 minutos"},"schema":{"@context":"https:\/\/schema.org","@graph":[{"@type":"WebPage","@id":"https:\/\/www.facadeaccesssolutions.com\/es\/services\/training\/","url":"https:\/\/www.facadeaccesssolutions.com\/es\/services\/training\/","name":"Capacitaci\u00f3n en equipos BMU | Facade Access Solutions","isPartOf":{"@id":"https:\/\/www.facadeaccesssolutions.com\/es\/#website"},"primaryImageOfPage":{"@id":"https:\/\/www.facadeaccesssolutions.com\/es\/services\/training\/#primaryimage"},"image":{"@id":"https:\/\/www.facadeaccesssolutions.com\/es\/services\/training\/#primaryimage"},"thumbnailUrl":"https:\/\/www.facadeaccesssolutions.com\/wp-content\/uploads\/2025\/11\/20220222_155334-new-1024x618.jpg","datePublished":"2026-01-10T17:20:43+00:00","dateModified":"2026-03-27T17:44:26+00:00","description":"Programas profesionales de formaci\u00f3n para operadores y gestores en sistemas de mantenimiento de edificios y equipos de acceso suspendido.","breadcrumb":{"@id":"https:\/\/www.facadeaccesssolutions.com\/es\/services\/training\/#breadcrumb"},"inLanguage":"es","potentialAction":[{"@type":"ReadAction","target":["https:\/\/www.facadeaccesssolutions.com\/es\/services\/training\/"]}]},{"@type":"ImageObject","inLanguage":"es","@id":"https:\/\/www.facadeaccesssolutions.com\/es\/services\/training\/#primaryimage","url":"https:\/\/www.facadeaccesssolutions.com\/wp-content\/uploads\/2025\/11\/20220222_155334-new-1024x618.jpg","contentUrl":"https:\/\/www.facadeaccesssolutions.com\/wp-content\/uploads\/2025\/11\/20220222_155334-new-1024x618.jpg"},{"@type":"BreadcrumbList","@id":"https:\/\/www.facadeaccesssolutions.com\/es\/services\/training\/#breadcrumb","itemListElement":[{"@type":"ListItem","position":1,"name":"Home","item":"https:\/\/www.facadeaccesssolutions.com\/es\/"},{"@type":"ListItem","position":2,"name":"Servicios","item":"https:\/\/www.facadeaccesssolutions.com\/es\/services\/"},{"@type":"ListItem","position":3,"name":"Capacitaci\u00f3n"}]},{"@type":"WebSite","@id":"https:\/\/www.facadeaccesssolutions.com\/es\/#website","url":"https:\/\/www.facadeaccesssolutions.com\/es\/","name":"Facade Access Solutions Spain","description":"Part Of Alimak Group","potentialAction":[{"@type":"SearchAction","target":{"@type":"EntryPoint","urlTemplate":"https:\/\/www.facadeaccesssolutions.com\/es\/?s={search_term_string}"},"query-input":{"@type":"PropertyValueSpecification","valueRequired":true,"valueName":"search_term_string"}}],"inLanguage":"es"}]}},"_links":{"self":[{"href":"https:\/\/www.facadeaccesssolutions.com\/es\/wp-json\/wp\/v2\/pages\/1031","targetHints":{"allow":["GET"]}}],"collection":[{"href":"https:\/\/www.facadeaccesssolutions.com\/es\/wp-json\/wp\/v2\/pages"}],"about":[{"href":"https:\/\/www.facadeaccesssolutions.com\/es\/wp-json\/wp\/v2\/types\/page"}],"author":[{"embeddable":true,"href":"https:\/\/www.facadeaccesssolutions.com\/es\/wp-json\/wp\/v2\/users\/1"}],"replies":[{"embeddable":true,"href":"https:\/\/www.facadeaccesssolutions.com\/es\/wp-json\/wp\/v2\/comments?post=1031"}],"version-history":[{"count":3,"href":"https:\/\/www.facadeaccesssolutions.com\/es\/wp-json\/wp\/v2\/pages\/1031\/revisions"}],"predecessor-version":[{"id":1091,"href":"https:\/\/www.facadeaccesssolutions.com\/es\/wp-json\/wp\/v2\/pages\/1031\/revisions\/1091"}],"up":[{"embeddable":true,"href":"https:\/\/www.facadeaccesssolutions.com\/es\/wp-json\/wp\/v2\/pages\/1032"}],"wp:attachment":[{"href":"https:\/\/www.facadeaccesssolutions.com\/es\/wp-json\/wp\/v2\/media?parent=1031"}],"curies":[{"name":"wp","href":"https:\/\/api.w.org\/{rel}","templated":true}]}}