{"id":1032,"date":"2026-01-10T17:06:14","date_gmt":"2026-01-10T17:06:14","guid":{"rendered":"https:\/\/www.facadeaccesssolutions.com\/es\/?page_id=1032"},"modified":"2026-01-21T17:02:41","modified_gmt":"2026-01-21T17:02:41","slug":"services","status":"publish","type":"page","link":"https:\/\/www.facadeaccesssolutions.com\/es\/services\/","title":{"rendered":"Servicios"},"content":{"rendered":"\r\n<section class=\"breadcrumbs\" data-aos=\"fade-up\" data-aos-duration=\"600\" data-aos-easing=\"ease-out\" data-aos-delay=\"100\">\r\n    <div class=\"content_holder content_holder_1570\">\r\n    \t<ul><li class=\"main-home\"><span property=\"itemListElement\" typeof=\"ListItem\"><a property=\"item\" typeof=\"WebPage\" title=\"Ir a FACADE ACCESS SOLUTIONS Sites.\" href=\"https:\/\/www.facadeaccesssolutions.com\" class=\"main-home\" ><span property=\"name\">FACADE ACCESS SOLUTIONS Sites<\/span><\/a><meta property=\"position\" content=\"1\"><\/span><\/li>\n<li class=\"home\"><span property=\"itemListElement\" typeof=\"ListItem\"><a property=\"item\" typeof=\"WebPage\" title=\"Go to Facade Access Solutions Spain.\" href=\"https:\/\/www.facadeaccesssolutions.com\/es\" class=\"home\" aria-current=\"page\"><span property=\"name\">Home<\/span><\/a><meta property=\"position\" content=\"2\"><\/span><\/li>\n<\/ul>\r\n    <\/div>\r\n<\/section>\n\n<section class=\"page_title \" data-aos=\"fade-up\" data-aos-duration=\"600\" data-aos-easing=\"ease-out\" data-aos-delay=\"200\">\n    <div class=\"content_holder content_holder_1570\">\n        <h1>Servicios Integrales de Acceso a Fachadas para Mantenimiento de Edificios Seguro y Sostenible<\/h1>\n    <\/div>\n<\/section>\n\n\n\n<section class=\"solutions_intro  \">\n    <div class=\"content_holder content_holder_1570 clearfix\">\n\n\t\t                <div class=\"sol_right\" data-aos=\"fade-up\" data-aos-duration=\"600\" data-aos-easing=\"ease-out\" data-aos-delay=\"300\">\n            <img decoding=\"async\" src=\"https:\/\/www.facadeaccesssolutions.com\/es\/wp-content\/uploads\/sites\/12\/2024\/08\/solution_1-881x515_c.jpg\" alt=\"\">\n        <\/div>\n            \n        <div class=\"sol_left site_contents\" data-aos=\"fade-up\" data-aos-duration=\"600\" data-aos-easing=\"ease-out\" data-aos-delay=\"400\">\n        \t<h4 class=\"title_line title_line_mob\">Los edificios requieren sistemas de acceso a fachadas seguros y fiables que cumplan con estrictos est\u00e1ndares de seguridad mientras apoyan el mantenimiento a largo plazo. Las estructuras antiguas pueden actualizarse mediante nuestras soluciones de renovaci\u00f3n. Estas opciones de retrofit de acceso a fachadas ayudan a los propietarios de edificios a alinearse con los requisitos arquitect\u00f3nicos actualizados mientras protegen su inversi\u00f3n a largo plazo.<\/h4>            <p>Nuestro papel es proporcionar servicios de unidad de mantenimiento de edificios y equipos de acceso a fachadas que combinan ingenier\u00eda de calidad con el cumplimiento de est\u00e1ndares internacionales de seguridad.<\/p>\n<p>Ya sea para proyectos de construcci\u00f3n nueva o retrofit, ofrecemos servicios integrados de dise\u00f1o de acceso a fachadas y mantenimiento que cumplen con las necesidades arquitect\u00f3nicas y operativas. Con d\u00e9cadas de experiencia y la solidez del Grupo Alimak, ofrecemos una gama completa de servicios de sistema de mantenimiento de edificios en los que conf\u00edan clientes en todo el mundo.<\/p>\n            <div class=\"mhide_1\">\n            \t            <\/div>\n            \t            <a href=\"https:\/\/www.facadeaccesssolutions.com\/es\/contact\/\" class=\"site_btn site_btn_sm\" target=\"\">\n\t\t\t\t\tPREGUNTAR                <\/a>\n                                <\/div>\n    <\/div>\n<\/section>\n\n\n\n\n\n<div style=\"height:100px\" aria-hidden=\"true\" class=\"wp-block-spacer\"><\/div>\n\n\n\n<div class=\"wp-block-columns is-layout-flex wp-container-core-columns-is-layout-9d6595d7 wp-block-columns-is-layout-flex\">\n<div class=\"wp-block-column is-layout-flow wp-block-column-is-layout-flow\" style=\"flex-basis:49.97%\">\n<h2 class=\"wp-block-heading has-text-align-left has-large-font-size\" id=\"h-nuestras-soluciones-de-servicio-apoyo-a-edificios-en-cada-etapa\">Nuestras Soluciones de Servicio: Apoyo a Edificios en Cada Etapa<\/h2>\n\n\n\n<p>Los equipos de acceso suspendido son tan confiables como el servicio que los respalda. Desde edificios de baja hasta gran altura, la inspecci\u00f3n continua, la modernizaci\u00f3n y la gesti\u00f3n del ciclo de vida son esenciales para garantizar la seguridad y el rendimiento. Nuestras soluciones de servicio globales cubren todos los aspectos del mantenimiento de acceso a fachadas, desde inspecciones de equipos y sistemas de seguridad hasta capacitaci\u00f3n de operadores y gesti\u00f3n de activos. Este enfoque ayuda a mantener sistemas de acceso a fachadas eficientes mientras se protege el valor a largo plazo.<\/p>\n<\/div>\n\n\n\n<div class=\"wp-block-column is-layout-flow wp-block-column-is-layout-flow\" style=\"flex-basis:50.03%\">\r\n<section class=\"accordion_list\" style=\"padding-top:px; padding-bottom:px;\">\r\n    <div class=\"content_holder content_holder_1570 clearfix\">\r\n\t\t<div class=\"acc_wrap\" data-aos=\"fade-up\" data-aos-duration=\"600\" data-aos-easing=\"ease-out\" data-aos-delay=\"100\">\r\n        \t                                    \t                    <div class=\"acc_item\">\r\n                        <div class=\"acc_title\">Soluciones de Servicio <span><\/span><\/div>\r\n                        <div class=\"acc_txt\">\r\n                            <div class=\"site_contents\">\r\n                            \t<p>Proporcionamos una gama completa de soluciones de mantenimiento de fachadas dise\u00f1adas para apoyar a los edificios en cada etapa de su vida. Nuestros servicios integrados de dise\u00f1o conectan sistemas de mantenimiento de edificios BMU, plataformas suspendidas para mantenimiento de fachadas y sistemas de protecci\u00f3n en un proceso continuo. Esto ayuda a arquitectos, contratistas y propietarios de edificios a lograr un acceso seguro y rentable.<\/p>\n                            <\/div>\r\n                        <\/div>\r\n                    <\/div>\r\n                                        \t                    <div class=\"acc_item\">\r\n                        <div class=\"acc_title\">Inspecci\u00f3n, Seguridad y Cumplimiento <span><\/span><\/div>\r\n                        <div class=\"acc_txt\">\r\n                            <div class=\"site_contents\">\r\n                            \t<p>Los programas regulares de inspecci\u00f3n de fachada y pruebas de carga mantienen los sistemas de limpieza de fachadas BMU o Gondola seguros y operativos. Nuestros servicios de cumplimiento cubren sistemas de protecci\u00f3n contra ca\u00eddas, equipos de protecci\u00f3n contra ca\u00eddas y puntos de anclaje para cumplir con los est\u00e1ndares internacionales de seguridad. Los propietarios de edificios y administradores de propiedades pueden confiar en que los sistemas de mantenimiento de edificios, equipos de acceso suspendido y equipos de acceso operan de forma segura y eficiente.<\/p>\n                            <\/div>\r\n                        <\/div>\r\n                    <\/div>\r\n                                        \t                    <div class=\"acc_item\">\r\n                        <div class=\"acc_title\">Soluciones de Renovaci\u00f3n <span><\/span><\/div>\r\n                        <div class=\"acc_txt\">\r\n                            <div class=\"site_contents\">\r\n                            \t<p>Los edificios antiguos se benefician de la modernizaci\u00f3n a trav\u00e9s de nuestras soluciones de retrofit y renovaci\u00f3n. Estas opciones ayudan a los propietarios de edificios a cumplir con nuevos requisitos arquitect\u00f3nicos y proteger su inversi\u00f3n a largo plazo.<\/p>\n                            <\/div>\r\n                        <\/div>\r\n                    <\/div>\r\n                                        \t                    <div class=\"acc_item\">\r\n                        <div class=\"acc_title\">Repuestos OEM <span><\/span><\/div>\r\n                        <div class=\"acc_txt\">\r\n                            <div class=\"site_contents\">\r\n                            \t<p>El rendimiento confiable comienza con componentes genuinos. Suministramos repuestos aprobados por fabricantes de unidades BMU para sistemas BMU, sistemas de limpieza BMU o Gondola y otros sistemas de acceso. Esto reduce el tiempo de inactividad y extiende la vida \u00fatil del equipo. El uso de piezas originales ayuda a mantener la seguridad en altura, prolongar el uso de los sistemas de acceso a fachadas y garantizar un rendimiento constante.<\/p>\n                            <\/div>\r\n                        <\/div>\r\n                    <\/div>\r\n                                        \t                    <div class=\"acc_item\">\r\n                        <div class=\"acc_title\">Gesti\u00f3n de Activos <span><\/span><\/div>\r\n                        <div class=\"acc_txt\">\r\n                            <div class=\"site_contents\">\r\n                            \t<p>Nuestros servicios de gesti\u00f3n de activos combinan seguimiento digital, monitoreo del ciclo de vida y programas de pruebas en un programa de cuidado proactivo.<\/p>\n<p>Gestionamos equipos de acceso a fachadas, incluyendo sistemas BMU, plataformas suspendidas y sistemas de protecci\u00f3n para reducir reparaciones inesperadas, aumentar la eficiencia y garantizar una operaci\u00f3n segura durante todo el ciclo de vida del edificio.<\/p>\n                            <\/div>\r\n                        <\/div>\r\n                    <\/div>\r\n                                        \t                    <div class=\"acc_item\">\r\n                        <div class=\"acc_title\">Formaci\u00f3n <span><\/span><\/div>\r\n                        <div class=\"acc_txt\">\r\n                            <div class=\"site_contents\">\r\n                            \t<p>La operaci\u00f3n segura depende de personal capacitado. Ofrecemos programas de formaci\u00f3n uso gondola que fortalecen el conocimiento de los sistemas de acceso a fachadas y las pr\u00e1cticas internacionales de seguridad. Al mejorar las habilidades operativas, los propietarios de edificios pueden confiar en que los equipos de mantenimiento de edificios o fachadas, plataformas suspendidas y sistemas de acceso se utilizan de forma segura y correcta.<\/p>\n                            <\/div>\r\n                        <\/div>\r\n                    <\/div>\r\n                                    <\/div>\r\n    <\/div>\r\n<\/section>\r\n\r\n<\/div>\n<\/div>\n\n\n\n<div style=\"height:100px\" aria-hidden=\"true\" class=\"wp-block-spacer\"><\/div>\n\n\n\n<div class=\"wp-block-columns are-vertically-aligned-center is-layout-flex wp-container-core-columns-is-layout-9d6595d7 wp-block-columns-is-layout-flex\">\n<div class=\"wp-block-column is-vertically-aligned-center is-layout-flow wp-block-column-is-layout-flow\" style=\"flex-basis:50%\"><div class=\"wp-block-image\">\n<figure class=\"aligncenter size-full\"><img decoding=\"async\" src=\"https:\/\/www.facadeaccesssolutions.com\/wp-content\/uploads\/2024\/10\/Future-Proofing-Buildings.jpeg\" alt=\"\" class=\"wp-image-847\" style=\"aspect-ratio:16\/9;object-fit:cover\"\/><\/figure>\n<\/div><\/div>\n\n\n\n<div class=\"wp-block-column is-layout-flow wp-block-column-is-layout-flow\" style=\"flex-basis:50%\">\n<p><\/p>\n\n\n\n<h2 class=\"wp-block-heading\" id=\"h-facade-access-solutions-confianza-de-propietarios-de-edificios-en-todo-el-mundo\">Facade Access Solutions: Confianza de Propietarios de Edificios en Todo el Mundo<\/h2>\n\n\n\n<p>Facade Access Solutions es parte del Grupo Alimak, l\u00edder mundial en fabricantes de unidades BMU y sistemas de acceso a fachadas. Con m\u00e1s de 60 a\u00f1os de experiencia en ingenier\u00eda y miles de instalaciones en todo el mundo, ofrecemos soluciones probadas que proporcionan acceso seguro y fiabilidad a largo plazo.<\/p>\n\n\n\n<p>Al trabajar con las marcas de confianza del Grupo Alimak, incluyendo Tractel, Manntech y CoxGomyl, ofrecemos una gama completa de sistemas de acceso a fachadas para estructuras de baja a gran altura y complejas. Desde proyectos de construcci\u00f3n nueva hasta retrofit, ofrecemos soluciones que combinan dise\u00f1o eficiente, componentes de alta calidad y cuidado completo del ciclo de vida.<\/p>\n<\/div>\n<\/div>\n\n\n\n<div class=\"wp-block-columns is-layout-flex wp-container-core-columns-is-layout-9d6595d7 wp-block-columns-is-layout-flex\">\n<div class=\"wp-block-column is-layout-flow wp-block-column-is-layout-flow\" style=\"flex-basis:33.33%\"><\/div>\n<\/div>\n\n\n\n<div style=\"height:100px\" aria-hidden=\"true\" class=\"wp-block-spacer\"><\/div>\n\n\n\n<div class=\"wp-block-group alignfull narrow_width has-luminous-vivid-orange-background-color has-text-color has-background\" style=\"color:#000000\"><div class=\"wp-block-group__inner-container is-layout-flow wp-block-group-is-layout-flow\">\n<div style=\"height:40px\" aria-hidden=\"true\" class=\"wp-block-spacer\"><\/div>\n\n\n\n<h2 class=\"wp-block-heading has-text-align-center has-white-color has-text-color has-link-color has-x-large-font-size wp-elements-46d88aefc6961ef8873adb9feb8dc2f8\" id=\"h-construya-con-confianza\">CONSTRUYA CON CONFIANZA<\/h2>\n\n\n\n<p class=\"has-text-align-center has-white-color has-text-color has-link-color has-small-font-size wp-elements-c3d7e595e9cbd9f4c1438155571c7a3f\" style=\"line-height:.9\">Obtenga soporte de servicio confiable de un l\u00edder mundial en soluciones de acceso a fachadas.<br><\/p>\n\n\n\n<div class=\"wp-block-buttons is-horizontal is-content-justification-center is-layout-flex wp-container-core-buttons-is-layout-499968f5 wp-block-buttons-is-layout-flex\">\n<div class=\"wp-block-button has-custom-width wp-block-button__width-50\"><a class=\"wp-block-button__link has-text-color has-background has-medium-font-size has-custom-font-size wp-element-button\" href=\"https:\/\/www.facadeaccesssolutions.com\/es\/contact\/\" style=\"border-radius:64px;color:#ffffff;background-color:#004c78\">Contacta con nosotros<\/a><\/div>\n<\/div>\n\n\n\n<div style=\"height:40px\" aria-hidden=\"true\" class=\"wp-block-spacer\"><\/div>\n<\/div><\/div>\n\n\n\n<div style=\"height:100px\" aria-hidden=\"true\" class=\"wp-block-spacer\"><\/div>\n\n\n\n<p><\/p>\n","protected":false},"excerpt":{"rendered":"<p>Nuestras Soluciones de Servicio: Apoyo a Edificios en Cada Etapa Los equipos de acceso suspendido &#8230;<\/p>\n","protected":false},"author":1,"featured_media":0,"parent":0,"menu_order":0,"comment_status":"closed","ping_status":"closed","template":"","meta":{"_acf_changed":false,"_trash_the_other_posts":false,"editor_notices":[],"footnotes":""},"class_list":["post-1032","page","type-page","status-publish","hentry"],"acf":[],"yoast_head":"<!-- This site is optimized with the Yoast SEO Premium plugin v27.1 (Yoast SEO v27.3) - https:\/\/yoast.com\/product\/yoast-seo-premium-wordpress\/ -->\n<title>Servicios BMU | Facade Access Solutions<\/title>\n<meta name=\"description\" content=\"Sistemas de acceso a fachadas para mantenimiento seguro. Equipos BMU, g\u00f3ndolas y protecci\u00f3n contra ca\u00eddas con soporte completo\" \/>\n<meta name=\"robots\" content=\"index, follow, max-snippet:-1, max-image-preview:large, max-video-preview:-1\" \/>\n<link rel=\"canonical\" href=\"https:\/\/www.facadeaccesssolutions.com\/es\/services\/\" \/>\n<meta property=\"og:locale\" content=\"es_ES\" \/>\n<meta property=\"og:type\" content=\"article\" \/>\n<meta property=\"og:title\" content=\"Servicios\" \/>\n<meta property=\"og:description\" content=\"Sistemas de acceso a fachadas para mantenimiento seguro. Equipos BMU, g\u00f3ndolas y protecci\u00f3n contra ca\u00eddas con soporte completo\" \/>\n<meta property=\"og:url\" content=\"https:\/\/www.facadeaccesssolutions.com\/es\/services\/\" \/>\n<meta property=\"og:site_name\" content=\"Facade Access Solutions Spain\" \/>\n<meta property=\"article:modified_time\" content=\"2026-01-21T17:02:41+00:00\" \/>\n<meta property=\"og:image\" content=\"https:\/\/www.facadeaccesssolutions.com\/wp-content\/uploads\/2024\/10\/Future-Proofing-Buildings.jpeg\" \/>\n<meta name=\"twitter:card\" content=\"summary_large_image\" \/>\n<meta name=\"twitter:label1\" content=\"Tiempo de lectura\" \/>\n\t<meta name=\"twitter:data1\" content=\"2 minutos\" \/>\n<script type=\"application\/ld+json\" class=\"yoast-schema-graph\">{\"@context\":\"https:\\\/\\\/schema.org\",\"@graph\":[{\"@type\":\"WebPage\",\"@id\":\"https:\\\/\\\/www.facadeaccesssolutions.com\\\/es\\\/services\\\/\",\"url\":\"https:\\\/\\\/www.facadeaccesssolutions.com\\\/es\\\/services\\\/\",\"name\":\"Servicios BMU | Facade Access Solutions\",\"isPartOf\":{\"@id\":\"https:\\\/\\\/www.facadeaccesssolutions.com\\\/es\\\/#website\"},\"primaryImageOfPage\":{\"@id\":\"https:\\\/\\\/www.facadeaccesssolutions.com\\\/es\\\/services\\\/#primaryimage\"},\"image\":{\"@id\":\"https:\\\/\\\/www.facadeaccesssolutions.com\\\/es\\\/services\\\/#primaryimage\"},\"thumbnailUrl\":\"https:\\\/\\\/www.facadeaccesssolutions.com\\\/wp-content\\\/uploads\\\/2024\\\/10\\\/Future-Proofing-Buildings.jpeg\",\"datePublished\":\"2026-01-10T17:06:14+00:00\",\"dateModified\":\"2026-01-21T17:02:41+00:00\",\"description\":\"Sistemas de acceso a fachadas para mantenimiento seguro. Equipos BMU, g\u00f3ndolas y protecci\u00f3n contra ca\u00eddas con soporte completo\",\"breadcrumb\":{\"@id\":\"https:\\\/\\\/www.facadeaccesssolutions.com\\\/es\\\/services\\\/#breadcrumb\"},\"inLanguage\":\"es\",\"potentialAction\":[{\"@type\":\"ReadAction\",\"target\":[\"https:\\\/\\\/www.facadeaccesssolutions.com\\\/es\\\/services\\\/\"]}]},{\"@type\":\"ImageObject\",\"inLanguage\":\"es\",\"@id\":\"https:\\\/\\\/www.facadeaccesssolutions.com\\\/es\\\/services\\\/#primaryimage\",\"url\":\"https:\\\/\\\/www.facadeaccesssolutions.com\\\/wp-content\\\/uploads\\\/2024\\\/10\\\/Future-Proofing-Buildings.jpeg\",\"contentUrl\":\"https:\\\/\\\/www.facadeaccesssolutions.com\\\/wp-content\\\/uploads\\\/2024\\\/10\\\/Future-Proofing-Buildings.jpeg\"},{\"@type\":\"BreadcrumbList\",\"@id\":\"https:\\\/\\\/www.facadeaccesssolutions.com\\\/es\\\/services\\\/#breadcrumb\",\"itemListElement\":[{\"@type\":\"ListItem\",\"position\":1,\"name\":\"Home\",\"item\":\"https:\\\/\\\/www.facadeaccesssolutions.com\\\/es\\\/\"},{\"@type\":\"ListItem\",\"position\":2,\"name\":\"Servicios\"}]},{\"@type\":\"WebSite\",\"@id\":\"https:\\\/\\\/www.facadeaccesssolutions.com\\\/es\\\/#website\",\"url\":\"https:\\\/\\\/www.facadeaccesssolutions.com\\\/es\\\/\",\"name\":\"Facade Access Solutions Spain\",\"description\":\"Part Of Alimak Group\",\"potentialAction\":[{\"@type\":\"SearchAction\",\"target\":{\"@type\":\"EntryPoint\",\"urlTemplate\":\"https:\\\/\\\/www.facadeaccesssolutions.com\\\/es\\\/?s={search_term_string}\"},\"query-input\":{\"@type\":\"PropertyValueSpecification\",\"valueRequired\":true,\"valueName\":\"search_term_string\"}}],\"inLanguage\":\"es\"}]}<\/script>\n<!-- \/ Yoast SEO Premium plugin. -->","yoast_head_json":{"title":"Servicios BMU | Facade Access Solutions","description":"Sistemas de acceso a fachadas para mantenimiento seguro. Equipos BMU, g\u00f3ndolas y protecci\u00f3n contra ca\u00eddas con soporte completo","robots":{"index":"index","follow":"follow","max-snippet":"max-snippet:-1","max-image-preview":"max-image-preview:large","max-video-preview":"max-video-preview:-1"},"canonical":"https:\/\/www.facadeaccesssolutions.com\/es\/services\/","og_locale":"es_ES","og_type":"article","og_title":"Servicios","og_description":"Sistemas de acceso a fachadas para mantenimiento seguro. Equipos BMU, g\u00f3ndolas y protecci\u00f3n contra ca\u00eddas con soporte completo","og_url":"https:\/\/www.facadeaccesssolutions.com\/es\/services\/","og_site_name":"Facade Access Solutions Spain","article_modified_time":"2026-01-21T17:02:41+00:00","og_image":[{"url":"https:\/\/www.facadeaccesssolutions.com\/wp-content\/uploads\/2024\/10\/Future-Proofing-Buildings.jpeg","type":"","width":"","height":""}],"twitter_card":"summary_large_image","twitter_misc":{"Tiempo de lectura":"2 minutos"},"schema":{"@context":"https:\/\/schema.org","@graph":[{"@type":"WebPage","@id":"https:\/\/www.facadeaccesssolutions.com\/es\/services\/","url":"https:\/\/www.facadeaccesssolutions.com\/es\/services\/","name":"Servicios BMU | Facade Access Solutions","isPartOf":{"@id":"https:\/\/www.facadeaccesssolutions.com\/es\/#website"},"primaryImageOfPage":{"@id":"https:\/\/www.facadeaccesssolutions.com\/es\/services\/#primaryimage"},"image":{"@id":"https:\/\/www.facadeaccesssolutions.com\/es\/services\/#primaryimage"},"thumbnailUrl":"https:\/\/www.facadeaccesssolutions.com\/wp-content\/uploads\/2024\/10\/Future-Proofing-Buildings.jpeg","datePublished":"2026-01-10T17:06:14+00:00","dateModified":"2026-01-21T17:02:41+00:00","description":"Sistemas de acceso a fachadas para mantenimiento seguro. Equipos BMU, g\u00f3ndolas y protecci\u00f3n contra ca\u00eddas con soporte completo","breadcrumb":{"@id":"https:\/\/www.facadeaccesssolutions.com\/es\/services\/#breadcrumb"},"inLanguage":"es","potentialAction":[{"@type":"ReadAction","target":["https:\/\/www.facadeaccesssolutions.com\/es\/services\/"]}]},{"@type":"ImageObject","inLanguage":"es","@id":"https:\/\/www.facadeaccesssolutions.com\/es\/services\/#primaryimage","url":"https:\/\/www.facadeaccesssolutions.com\/wp-content\/uploads\/2024\/10\/Future-Proofing-Buildings.jpeg","contentUrl":"https:\/\/www.facadeaccesssolutions.com\/wp-content\/uploads\/2024\/10\/Future-Proofing-Buildings.jpeg"},{"@type":"BreadcrumbList","@id":"https:\/\/www.facadeaccesssolutions.com\/es\/services\/#breadcrumb","itemListElement":[{"@type":"ListItem","position":1,"name":"Home","item":"https:\/\/www.facadeaccesssolutions.com\/es\/"},{"@type":"ListItem","position":2,"name":"Servicios"}]},{"@type":"WebSite","@id":"https:\/\/www.facadeaccesssolutions.com\/es\/#website","url":"https:\/\/www.facadeaccesssolutions.com\/es\/","name":"Facade Access Solutions Spain","description":"Part Of Alimak Group","potentialAction":[{"@type":"SearchAction","target":{"@type":"EntryPoint","urlTemplate":"https:\/\/www.facadeaccesssolutions.com\/es\/?s={search_term_string}"},"query-input":{"@type":"PropertyValueSpecification","valueRequired":true,"valueName":"search_term_string"}}],"inLanguage":"es"}]}},"_links":{"self":[{"href":"https:\/\/www.facadeaccesssolutions.com\/es\/wp-json\/wp\/v2\/pages\/1032","targetHints":{"allow":["GET"]}}],"collection":[{"href":"https:\/\/www.facadeaccesssolutions.com\/es\/wp-json\/wp\/v2\/pages"}],"about":[{"href":"https:\/\/www.facadeaccesssolutions.com\/es\/wp-json\/wp\/v2\/types\/page"}],"author":[{"embeddable":true,"href":"https:\/\/www.facadeaccesssolutions.com\/es\/wp-json\/wp\/v2\/users\/1"}],"replies":[{"embeddable":true,"href":"https:\/\/www.facadeaccesssolutions.com\/es\/wp-json\/wp\/v2\/comments?post=1032"}],"version-history":[{"count":3,"href":"https:\/\/www.facadeaccesssolutions.com\/es\/wp-json\/wp\/v2\/pages\/1032\/revisions"}],"predecessor-version":[{"id":1315,"href":"https:\/\/www.facadeaccesssolutions.com\/es\/wp-json\/wp\/v2\/pages\/1032\/revisions\/1315"}],"wp:attachment":[{"href":"https:\/\/www.facadeaccesssolutions.com\/es\/wp-json\/wp\/v2\/media?parent=1032"}],"curies":[{"name":"wp","href":"https:\/\/api.w.org\/{rel}","templated":true}]}}