{"id":1201,"date":"2026-01-13T15:08:10","date_gmt":"2026-01-13T15:08:10","guid":{"rendered":"https:\/\/www.facadeaccesssolutions.com\/es\/?page_id=1201"},"modified":"2026-01-13T15:14:01","modified_gmt":"2026-01-13T15:14:01","slug":"codes-regulations-standards","status":"publish","type":"page","link":"https:\/\/www.facadeaccesssolutions.com\/es\/codes-regulations-standards\/","title":{"rendered":"C\u00f3digos, reglamentos y normas"},"content":{"rendered":"\r\n<section class=\"breadcrumbs\" data-aos=\"fade-up\" data-aos-duration=\"600\" data-aos-easing=\"ease-out\" data-aos-delay=\"100\">\r\n    <div class=\"content_holder content_holder_1570\">\r\n    \t<ul><li class=\"main-home\"><span property=\"itemListElement\" typeof=\"ListItem\"><a property=\"item\" typeof=\"WebPage\" title=\"Ir a FACADE ACCESS SOLUTIONS Sites.\" href=\"https:\/\/www.facadeaccesssolutions.com\" class=\"main-home\" ><span property=\"name\">FACADE ACCESS SOLUTIONS Sites<\/span><\/a><meta property=\"position\" content=\"1\"><\/span><\/li>\n<li class=\"home\"><span property=\"itemListElement\" typeof=\"ListItem\"><a property=\"item\" typeof=\"WebPage\" title=\"Go to Facade Access Solutions Spain.\" href=\"https:\/\/www.facadeaccesssolutions.com\/es\" class=\"home\" aria-current=\"page\"><span property=\"name\">Home<\/span><\/a><meta property=\"position\" content=\"2\"><\/span><\/li>\n<\/ul>\r\n    <\/div>\r\n<\/section>\n\n<section class=\"page_title \" data-aos=\"fade-up\" data-aos-duration=\"600\" data-aos-easing=\"ease-out\" data-aos-delay=\"200\">\n    <div class=\"content_holder content_holder_1570\">\n        <h1>C\u00f3digos, reglamentos y normas<\/h1>\n    <\/div>\n<\/section>\n\n\n\r\n<section class=\"solutions_intro solutions_intro_1 solutions_intro_flip solutions_intro_vc \">\r\n    <div class=\"content_holder content_holder_1570 clearfix\">\r\n\r\n\t\t                <div class=\"sol_right\" data-aos=\"fade-up\" data-aos-duration=\"600\" data-aos-easing=\"ease-out\" data-aos-delay=\"300\">\r\n        \t<a href=\"https:\/\/www.facadeaccesssolutions.com\/es\/contact\/\" target=\"\" class=\"img_zoom\">            <img decoding=\"async\" src=\"https:\/\/www.facadeaccesssolutions.com\/es\/wp-content\/uploads\/sites\/12\/2026\/01\/Untitled-design-2-881x515_c.jpg\" alt=\"\">\r\n            <\/a>        <\/div>\r\n            \r\n        <div class=\"sol_left\" data-aos=\"fade-up\" data-aos-duration=\"600\" data-aos-easing=\"ease-out\" data-aos-delay=\"400\">\r\n        \t<h4>\u00bfEst\u00e1 buscando un equipo de acceso a fachada confiable y compatible, como pescantes o unidades de mantenimiento de edificios (BMU)?<\/h4>            <div class=\"site_contents\">\r\n            <p>Los mercados globales siguen diferentes normativas legales para el acceso suspendido y la protecci\u00f3n contra ca\u00eddas. Comprender los c\u00f3digos locales, las leyes laborales y los requisitos t\u00e9cnicos suele consumir tiempo y recursos valiosos. Nuestro equipo ofrece asesoramiento experto para comprender las normativas internacionales y regionales, ayud\u00e1ndole a crear una soluci\u00f3n de seguridad que cumpla con los requisitos globales de acceso, respalde la seguridad en el lugar de trabajo y ofrezca un rendimiento eficiente para proyectos en cualquier parte del mundo.<\/p>\n            <\/div>\r\n            \t            <a href=\"https:\/\/www.facadeaccesssolutions.com\/es\/contact\/\" class=\"site_btn site_btn_sm\" target=\"\">\r\n\t\t\t\t\tContacta con nosotros                <\/a>\r\n                &nbsp;&nbsp;&nbsp;\r\n                        \r\n                    <\/div>\r\n    <\/div>\r\n<\/section>\r\n\r\n\r\n\n\n\n<div class=\"wp-block-columns is-layout-flex wp-container-core-columns-is-layout-9d6595d7 wp-block-columns-is-layout-flex\">\n<div class=\"wp-block-column is-layout-flow wp-block-column-is-layout-flow\" style=\"flex-basis:33.34%\"><\/div>\n\n\n\n<div class=\"wp-block-column is-layout-flow wp-block-column-is-layout-flow\" style=\"flex-basis:900%\">\n<div style=\"height:100px\" aria-hidden=\"true\" class=\"wp-block-spacer\"><\/div>\n\n\n\n<h2 class=\"wp-block-heading has-text-align-center\" id=\"h-nuestra-lista-de-cumplimiento-es-completa-y-revisamos-ademas-todos-los-codigos-locales-aplicables-y-los-requisitos-especificos-del-proyecto-para-garantizar-el-cumplimiento-total-mas-alla-de-los-estandares-federales-estatales-y-provinciales\">Nuestra lista de cumplimiento es completa y revisamos adem\u00e1s todos los c\u00f3digos locales aplicables y los requisitos espec\u00edficos del proyecto para garantizar el cumplimiento total m\u00e1s all\u00e1 de los est\u00e1ndares federales, estatales y provinciales.<\/h2>\n<\/div>\n\n\n\n<div class=\"wp-block-column is-layout-flow wp-block-column-is-layout-flow\" style=\"flex-basis:33.33%\"><\/div>\n<\/div>\n\n\n\r\n<section class=\"accordion_list\" style=\"padding-top:px; padding-bottom:50px;\">\r\n    <div class=\"content_holder content_holder_1570 clearfix\">\r\n\t\t<div class=\"acc_wrap\" data-aos=\"fade-up\" data-aos-duration=\"600\" data-aos-easing=\"ease-out\" data-aos-delay=\"100\">\r\n        \t<h2>Spain<\/h2>                                    \t                    <div class=\"acc_item\">\r\n                        <div class=\"acc_title\">Generales <span><\/span><\/div>\r\n                        <div class=\"acc_txt\">\r\n                            <div class=\"site_contents\">\r\n                            \t<ul>\n<li>NTP 1170: Utilizaci&oacute;n de EPI en trabajos con riesgo de ca&iacute;da de altura &#8211; A&ntilde;o 2022<\/li>\n<li>NTP 1205: Sistemas de protecci&oacute;n individual contra ca&iacute;das: sistemas de retenci&oacute;n &#8211; A&ntilde;o 2024<\/li>\n<li>NTP999 2014<\/li>\n<li>Ley de Prevenci&oacute;n de Riesgos Laborales 31\/95 de 8 de Noviembre, BOE n&ordm;269 del 10\/11\/95.<\/li>\n<li>RD 1627\/1997 Disposiciones m&iacute;nimas de Seguridad y Salud en las obras de construcci&oacute;n del 24 de octubre (BOE: 25\/10\/97)<\/li>\n<li>RD 773\/97 Disposiciones m&iacute;nimas de seguridad y salud relativas a la utilizaci&oacute;n por los trabajadores de equipos de protecci&oacute;n.<\/li>\n<li>RD 486\/97 Disposiciones m&iacute;nimas de seguridad y salud en lugares de trabajo.<\/li>\n<li>RD 1215\/97 Disposiciones m&iacute;nimas de seguridad y salud relativas a la utilizaci&oacute;n por los trabajadores de los equipos de trabajo.<\/li>\n<li>RD 2177\/04 Disposiciones m&iacute;nimas de seguridad y salud para la utilizaci&oacute;n por los trabajadores de los equipos de trabajo, en materia de trabajos temporales en altura.<\/li>\n<li>Ley 54\/2003, de 12 de diciembre, de reforma del marco normativo de la prevenci&oacute;n de riesgos laborales.<\/li>\n<li>REGLAMENTO (UE) 2016\/425 DEL PARLAMENTO EUROPEO Y DEL CONSEJO de 9 de marzo de 2016 Ley de Prevenci&oacute;n de Riesgos Laborales 31\/95 de 8 de noviembre, BOE n&ordm;269 del 10\/11\/95.<\/li>\n<li>Reglamento de los Servicios de Prevenci&oacute;n (R.D. 39\/1997 del 17\/1\/97 BOE 31\/1\/97).<\/li>\n<\/ul>\n                            <\/div>\r\n                        <\/div>\r\n                    <\/div>\r\n                                        \t                    <div class=\"acc_item\">\r\n                        <div class=\"acc_title\">G\u00f3ndolas <span><\/span><\/div>\r\n                        <div class=\"acc_txt\">\r\n                            <div class=\"site_contents\">\r\n                            \t<ul>\n<li>EN1808-2015<\/li>\n<li>NTP994 2013<\/li>\n<\/ul>\n                            <\/div>\r\n                        <\/div>\r\n                    <\/div>\r\n                                        \t                    <div class=\"acc_item\">\r\n                        <div class=\"acc_title\">Seguridad en Altura (Incluye Limpieza Y Mantenimiento De Fachada) <span><\/span><\/div>\r\n                        <div class=\"acc_txt\">\r\n                            <div class=\"site_contents\">\r\n                            \t<ul>\n<li>UNE-EN 12841\n<ul>\n<li>Equipos de protecci&oacute;n individual contra ca&iacute;das.<\/li>\n<li>Sistema de acceso mediante cuerda.<\/li>\n<li>Dispositivos de regulaci&oacute;n de cuerda.<\/li>\n<\/ul>\n<\/li>\n<li>EN 795 and EN 795\/A1\n<ul>\n<li>Protecci&oacute;n contra ca&iacute;das de alturas.<\/li>\n<li>Dispositivos de anclaje.<\/li>\n<li>Requisitos de ensayo.<\/li>\n<\/ul>\n<\/li>\n<li>EN 795:2012\n<ul>\n<li>EPIs contra ca&iacute;das.<\/li>\n<li>Dispositivos de anclaje.<\/li>\n<\/ul>\n<\/li>\n<li>CEN TS 16415:2013<\/li>\n<li>EN 365:2005\n<ul>\n<li>Equipo de protecci&oacute;n individual contra las ca&iacute;das de altura.<\/li>\n<\/ul>\n<\/li>\n<\/ul>\n                            <\/div>\r\n                        <\/div>\r\n                    <\/div>\r\n                                        \t                    <div class=\"acc_item\">\r\n                        <div class=\"acc_title\">Requisitos Generales Para Las Instrucciones De Uso, Mantenimiento, Revisi\u00f3n Peri\u00f3dica, Reparaci\u00f3n, Marcado Y Embalaje. <span><\/span><\/div>\r\n                        <div class=\"acc_txt\">\r\n                            <div class=\"site_contents\">\r\n                            \t<ul>\n<li>EN 353-1:2014 &#8211; Equipos de protecci&oacute;n individual contra ca&iacute;das desde altura. Dispositivos antica&iacute;das en l&iacute;neas de anclaje. Parte 1: Dispositivos antica&iacute;das en l&iacute;neas de anclaje r&iacute;gidas<\/li>\n<li>EN 397- EN 12492 &#8211; Casco de seguridad con correa para la barbilla<\/li>\n<li>EN 361\/2002, EN 813 &#8211; Arn&eacute;s antica&iacute;das y de posicionamiento<\/li>\n<li>EN 354\/2002 &#8211; Cable de anclaje\/elementos de fijaci&oacute;n<\/li>\n<li>EN 362 &#8211; Mosquetones de bloqueo autom&aacute;tico<\/li>\n<li>EN 567 EN 12841 &#8211; Bloqueadores<\/li>\n<li>EN 1891 EN 892 &#8211; Cuerdas de trabajo<\/li>\n<li>EN 341 &#8211; Descensor autoblocante<\/li>\n<li>EN 355\/2002 &#8211; Absorbedor de energ&iacute;a<\/li>\n<li>EN 353:2 EN 12841 &#8211; Dispositivo antica&iacute;das deslizante<\/li>\n<li>EN 795 Clase B &#8211; L&iacute;neas de vida temporales<\/li>\n<li>EN 360 &#8211; Dispositivos antica&iacute;das retr&aacute;ctiles<\/li>\n<li>EN 358 &#8211; EPI para el posicionamiento en el trabajo y la prevenci&oacute;n de ca&iacute;das desde altura<\/li>\n<li>EN 363 &#8211; EPI contra ca&iacute;das desde altura. Sistemas antica&iacute;das.<\/li>\n<li>EN 364 &#8211; EPI contra ca&iacute;das desde altura. M&eacute;todos de ensayo.<\/li>\n<li>UNE EN ISO 14122-2 &#8211; Medios de acceso permanentes a m&aacute;quinas e instalaciones industriales: plataformas de trabajo y pasarelas<\/li>\n<li>UNE EN ISO 14122-3 &#8211; Seguridad de las m&aacute;quinas. Medios de acceso permanentes a m&aacute;quinas e instalaciones industriales. Escaleras, escaleras de mano y barandillas.<\/li>\n<li>UNE EN ISO 14122-4 &#8211; Medios de acceso permanentes a m&aacute;quinas e instalaciones industriales. Escaleras fijas.<\/li>\n<\/ul>\n                            <\/div>\r\n                        <\/div>\r\n                    <\/div>\r\n                                        \t                    <div class=\"acc_item\">\r\n                        <div class=\"acc_title\">Notas T\u00e9cnicas De Prevenci\u00f3n <span><\/span><\/div>\r\n                        <div class=\"acc_txt\">\r\n                            <div class=\"site_contents\">\r\n                            \t<ul>\n<li>0448 Trabajos sobre cubiertas de materiales ligeros&nbsp;<\/li>\n<li>0682 Seguridad en trabajos verticales (I): equipos &nbsp;<\/li>\n<li>0683 Seguridad en trabajos verticales (II): t&eacute;cnicas de instalaci&oacute;n &nbsp;<\/li>\n<li>0684 Seguridad en trabajos verticales (III): t&eacute;cnicas operativas &nbsp;<\/li>\n<li>0718 Ropa de se&ntilde;alizaci&oacute;n de alta visibilidad &nbsp;<\/li>\n<li>0747 Guantes de protecci&oacute;n: requisitos generales &nbsp;<\/li>\n<li>0748 Guantes de protecci&oacute;n contra productos qu&iacute;micos &nbsp;<\/li>\n<li>0769 Ropa de protecci&oacute;n: requisitos generales &nbsp;<\/li>\n<li>0772 Ropa de protecci&oacute;n contra agentes biol&oacute;gicos &nbsp;<\/li>\n<li>0773 EPI de pies\/piernas &ndash; calzado &nbsp;<\/li>\n<li>0774 Sistemas antica&iacute;das: componentes y elementos &nbsp;<\/li>\n<li>0809 Dispositivos de anclaje &ndash; descripci&oacute;n y elecci&oacute;n &nbsp;<\/li>\n<li>0813 Calzado de protecci&oacute;n individual: especificaciones, clasificaci&oacute;n y marcado &nbsp;<\/li>\n<li>0816 Encofrado horizontal: protecci&oacute;n contra ca&iacute;das &nbsp;<\/li>\n<li>0929 Ropa de protecci&oacute;n contra productos qu&iacute;micos &nbsp;<\/li>\n<li>0940 Ropa y guantes de protecci&oacute;n contra el fr&iacute;o<\/li>\n<li>0980 Protectores auditivos &ndash; orejeras<\/li>\n<li>1108 Seguridad en trabajos verticales (I): riesgos y medidas preventivas<\/li>\n<li>1109 Seguridad en trabajos verticales (II): t&eacute;cnicas de instalaci&oacute;n &nbsp;<\/li>\n<li>1110 Seguridad en trabajos verticales (III): EPI acceso por cuerdas &nbsp;<\/li>\n<li>1111 Seguridad en trabajos verticales (IV): t&eacute;cnicas de progresi&oacute;n &nbsp;<\/li>\n<li>1170 Utilizaci&oacute;n de EPI en trabajos con riesgo de ca&iacute;da de altura &nbsp;<\/li>\n<li>1204 Sistemas de protecci&oacute;n individual &ndash; sistemas de sujeci&oacute;n (ca&iacute;das) &nbsp;<\/li>\n<li>1205 Sistemas de protecci&oacute;n individual &ndash; sistemas de retenci&oacute;n (ca&iacute;das)<\/li>\n<\/ul>\n                            <\/div>\r\n                        <\/div>\r\n                    <\/div>\r\n                                        \t                    <div class=\"acc_item\">\r\n                        <div class=\"acc_title\">Limpieza y mantenimiento de fachada <span><\/span><\/div>\r\n                        <div class=\"acc_txt\">\r\n                            <div class=\"site_contents\">\r\n                            \t<ul>\n<li>NTP-1.111: Seguridad en trabajos verticales (IV): t&eacute;cnicas de progresi&oacute;n<\/li>\n<li>NTP 1110: Seguridad en trabajos verticales (III): equipos del sistema de acceso mediante cuerdas &#8211; A&ntilde;o 2018<\/li>\n<li>NTP 1108: Seguridad en trabajos verticales (I): Riesgos y medidas preventivas &#8211; A&ntilde;o 2018<\/li>\n<li>NTP 0789: Ergonom&iacute;a en trabajos verticales: el asiento &#8211; A&ntilde;o 2008<\/li>\n<li>NTP 0774: Sistemas antica&iacute;das. Componentes y elementos &#8211; A&ntilde;o 2007<\/li>\n<li>NTP 0684: Seguridad en trabajos verticales (III): t&eacute;cnicas operativas &#8211; A&ntilde;o 2005 (actualizada por las NTP 1108, 1109, 1110 y 1111)<\/li>\n<\/ul>\n                            <\/div>\r\n                        <\/div>\r\n                    <\/div>\r\n                                    <\/div>\r\n    <\/div>\r\n<\/section>\r\n\r\n\n\n\n<div style=\"height:100px\" aria-hidden=\"true\" class=\"wp-block-spacer\"><\/div>\n","protected":false},"excerpt":{"rendered":"<p>Nuestra lista de cumplimiento es completa y revisamos adem\u00e1s todos los c\u00f3digos locales aplicables y &#8230;<\/p>\n","protected":false},"author":1,"featured_media":0,"parent":0,"menu_order":0,"comment_status":"closed","ping_status":"closed","template":"","meta":{"_acf_changed":false,"_trash_the_other_posts":false,"editor_notices":[],"footnotes":""},"class_list":["post-1201","page","type-page","status-publish","hentry"],"acf":[],"yoast_head":"<!-- This site is optimized with the Yoast SEO Premium plugin v27.1 (Yoast SEO v27.3) - https:\/\/yoast.com\/product\/yoast-seo-premium-wordpress\/ -->\n<title>C\u00f3digos, reglamentos y normas | Facade Access Solutions<\/title>\n<meta name=\"robots\" content=\"index, follow, max-snippet:-1, max-image-preview:large, max-video-preview:-1\" \/>\n<link rel=\"canonical\" href=\"https:\/\/www.facadeaccesssolutions.com\/es\/codes-regulations-standards\/\" \/>\n<meta property=\"og:locale\" content=\"es_ES\" \/>\n<meta property=\"og:type\" content=\"article\" \/>\n<meta property=\"og:title\" content=\"C\u00f3digos, reglamentos y normas\" \/>\n<meta property=\"og:description\" content=\"Nuestra lista de cumplimiento es completa y revisamos adem\u00e1s todos los c\u00f3digos locales aplicables y ...\" \/>\n<meta property=\"og:url\" content=\"https:\/\/www.facadeaccesssolutions.com\/es\/codes-regulations-standards\/\" \/>\n<meta property=\"og:site_name\" content=\"Facade Access Solutions Spain\" \/>\n<meta property=\"article:modified_time\" content=\"2026-01-13T15:14:01+00:00\" \/>\n<meta name=\"twitter:card\" content=\"summary_large_image\" \/>\n<meta name=\"twitter:label1\" content=\"Tiempo de lectura\" \/>\n\t<meta name=\"twitter:data1\" content=\"1 minuto\" \/>\n<script type=\"application\/ld+json\" class=\"yoast-schema-graph\">{\"@context\":\"https:\\\/\\\/schema.org\",\"@graph\":[{\"@type\":\"WebPage\",\"@id\":\"https:\\\/\\\/www.facadeaccesssolutions.com\\\/es\\\/codes-regulations-standards\\\/\",\"url\":\"https:\\\/\\\/www.facadeaccesssolutions.com\\\/es\\\/codes-regulations-standards\\\/\",\"name\":\"C\u00f3digos, reglamentos y normas | Facade Access Solutions\",\"isPartOf\":{\"@id\":\"https:\\\/\\\/www.facadeaccesssolutions.com\\\/es\\\/#website\"},\"datePublished\":\"2026-01-13T15:08:10+00:00\",\"dateModified\":\"2026-01-13T15:14:01+00:00\",\"breadcrumb\":{\"@id\":\"https:\\\/\\\/www.facadeaccesssolutions.com\\\/es\\\/codes-regulations-standards\\\/#breadcrumb\"},\"inLanguage\":\"es\",\"potentialAction\":[{\"@type\":\"ReadAction\",\"target\":[\"https:\\\/\\\/www.facadeaccesssolutions.com\\\/es\\\/codes-regulations-standards\\\/\"]}]},{\"@type\":\"BreadcrumbList\",\"@id\":\"https:\\\/\\\/www.facadeaccesssolutions.com\\\/es\\\/codes-regulations-standards\\\/#breadcrumb\",\"itemListElement\":[{\"@type\":\"ListItem\",\"position\":1,\"name\":\"Home\",\"item\":\"https:\\\/\\\/www.facadeaccesssolutions.com\\\/es\\\/\"},{\"@type\":\"ListItem\",\"position\":2,\"name\":\"C\u00f3digos, reglamentos y normas\"}]},{\"@type\":\"WebSite\",\"@id\":\"https:\\\/\\\/www.facadeaccesssolutions.com\\\/es\\\/#website\",\"url\":\"https:\\\/\\\/www.facadeaccesssolutions.com\\\/es\\\/\",\"name\":\"Facade Access Solutions Spain\",\"description\":\"Part Of Alimak Group\",\"potentialAction\":[{\"@type\":\"SearchAction\",\"target\":{\"@type\":\"EntryPoint\",\"urlTemplate\":\"https:\\\/\\\/www.facadeaccesssolutions.com\\\/es\\\/?s={search_term_string}\"},\"query-input\":{\"@type\":\"PropertyValueSpecification\",\"valueRequired\":true,\"valueName\":\"search_term_string\"}}],\"inLanguage\":\"es\"}]}<\/script>\n<!-- \/ Yoast SEO Premium plugin. -->","yoast_head_json":{"title":"C\u00f3digos, reglamentos y normas | Facade Access Solutions","robots":{"index":"index","follow":"follow","max-snippet":"max-snippet:-1","max-image-preview":"max-image-preview:large","max-video-preview":"max-video-preview:-1"},"canonical":"https:\/\/www.facadeaccesssolutions.com\/es\/codes-regulations-standards\/","og_locale":"es_ES","og_type":"article","og_title":"C\u00f3digos, reglamentos y normas","og_description":"Nuestra lista de cumplimiento es completa y revisamos adem\u00e1s todos los c\u00f3digos locales aplicables y ...","og_url":"https:\/\/www.facadeaccesssolutions.com\/es\/codes-regulations-standards\/","og_site_name":"Facade Access Solutions Spain","article_modified_time":"2026-01-13T15:14:01+00:00","twitter_card":"summary_large_image","twitter_misc":{"Tiempo de lectura":"1 minuto"},"schema":{"@context":"https:\/\/schema.org","@graph":[{"@type":"WebPage","@id":"https:\/\/www.facadeaccesssolutions.com\/es\/codes-regulations-standards\/","url":"https:\/\/www.facadeaccesssolutions.com\/es\/codes-regulations-standards\/","name":"C\u00f3digos, reglamentos y normas | Facade Access Solutions","isPartOf":{"@id":"https:\/\/www.facadeaccesssolutions.com\/es\/#website"},"datePublished":"2026-01-13T15:08:10+00:00","dateModified":"2026-01-13T15:14:01+00:00","breadcrumb":{"@id":"https:\/\/www.facadeaccesssolutions.com\/es\/codes-regulations-standards\/#breadcrumb"},"inLanguage":"es","potentialAction":[{"@type":"ReadAction","target":["https:\/\/www.facadeaccesssolutions.com\/es\/codes-regulations-standards\/"]}]},{"@type":"BreadcrumbList","@id":"https:\/\/www.facadeaccesssolutions.com\/es\/codes-regulations-standards\/#breadcrumb","itemListElement":[{"@type":"ListItem","position":1,"name":"Home","item":"https:\/\/www.facadeaccesssolutions.com\/es\/"},{"@type":"ListItem","position":2,"name":"C\u00f3digos, reglamentos y normas"}]},{"@type":"WebSite","@id":"https:\/\/www.facadeaccesssolutions.com\/es\/#website","url":"https:\/\/www.facadeaccesssolutions.com\/es\/","name":"Facade Access Solutions Spain","description":"Part Of Alimak Group","potentialAction":[{"@type":"SearchAction","target":{"@type":"EntryPoint","urlTemplate":"https:\/\/www.facadeaccesssolutions.com\/es\/?s={search_term_string}"},"query-input":{"@type":"PropertyValueSpecification","valueRequired":true,"valueName":"search_term_string"}}],"inLanguage":"es"}]}},"_links":{"self":[{"href":"https:\/\/www.facadeaccesssolutions.com\/es\/wp-json\/wp\/v2\/pages\/1201","targetHints":{"allow":["GET"]}}],"collection":[{"href":"https:\/\/www.facadeaccesssolutions.com\/es\/wp-json\/wp\/v2\/pages"}],"about":[{"href":"https:\/\/www.facadeaccesssolutions.com\/es\/wp-json\/wp\/v2\/types\/page"}],"author":[{"embeddable":true,"href":"https:\/\/www.facadeaccesssolutions.com\/es\/wp-json\/wp\/v2\/users\/1"}],"replies":[{"embeddable":true,"href":"https:\/\/www.facadeaccesssolutions.com\/es\/wp-json\/wp\/v2\/comments?post=1201"}],"version-history":[{"count":7,"href":"https:\/\/www.facadeaccesssolutions.com\/es\/wp-json\/wp\/v2\/pages\/1201\/revisions"}],"predecessor-version":[{"id":1215,"href":"https:\/\/www.facadeaccesssolutions.com\/es\/wp-json\/wp\/v2\/pages\/1201\/revisions\/1215"}],"wp:attachment":[{"href":"https:\/\/www.facadeaccesssolutions.com\/es\/wp-json\/wp\/v2\/media?parent=1201"}],"curies":[{"name":"wp","href":"https:\/\/api.w.org\/{rel}","templated":true}]}}