{"id":135,"date":"2024-08-01T04:31:04","date_gmt":"2024-08-01T04:31:04","guid":{"rendered":"http:\/\/localhost\/techno\/facade\/wordpress\/?page_id=135"},"modified":"2026-04-25T22:59:23","modified_gmt":"2026-04-25T22:59:23","slug":"brands","status":"publish","type":"page","link":"https:\/\/www.facadeaccesssolutions.com\/es\/brands\/","title":{"rendered":"Marcas"},"content":{"rendered":"\r\n<section class=\"breadcrumbs\" data-aos=\"fade-up\" data-aos-duration=\"600\" data-aos-easing=\"ease-out\" data-aos-delay=\"100\">\r\n    <div class=\"content_holder content_holder_1570\">\r\n    \t<ul>\r\n        \t\t\t\t<li><a href=\"https:\/\/www.facadeaccesssolutions.com\/es\/\">Inicio<\/a><\/li>\r\n\t\t\t        <\/ul>\r\n    <\/div>\r\n<\/section>\n\n<section class=\"page_title \" data-aos=\"fade-up\" data-aos-duration=\"600\" data-aos-easing=\"ease-out\" data-aos-delay=\"200\">\n    <div class=\"content_holder content_holder_1570\">\n        <h1>Marcas<\/h1>\n    <\/div>\n<\/section>\n\n\n\r\n<section class=\"intro_contents intro_contents_1\">\r\n    <div class=\"content_holder content_holder_1570 clearfix\">\r\n    \t        <div class=\"in_left\" data-aos=\"fade-up\" data-aos-duration=\"600\" data-aos-easing=\"ease-out\" data-aos-delay=\"100\">\r\n            <h2 class=\"title_line uppercase\">La Divisi\u00f3n de Acceso a Fachadas de Alimak Group<\/h2>\r\n        <\/div>\r\n                        <div class=\"in_right\" data-aos=\"fade-up\" data-aos-duration=\"600\" data-aos-easing=\"ease-out\" data-aos-delay=\"300\">\r\n        \t<p>Presente en todo el mundo con m\u00e1s de 120 a\u00f1os de experiencia combinada, las marcas de Facade Access Solutions: <strong>Tractel<\/strong>, <strong>Manntech<\/strong> y <strong>CoxGomyl<\/strong>, son pioneras e innovadoras en la industria, proporcionando sistemas acceso a fachadas \u00f3ptimos cualquier tipo de estructura sin importar su simplicidad o complejidad.<\/p>\n<p>La combinaci\u00f3n de nuestras marcas proporciona las soluciones de acceso a fachadas m\u00e1s fiables y eficientes, basadas en tecnolog\u00edas comprobadas. Estas soluciones ofrecen un rendimiento excepcional y cumplen con los m\u00e1s altos est\u00e1ndares de seguridad y calidad.<\/p>\n        <\/div>\r\n            <\/div>\r\n<\/section>\r\n\r\n\r\n\n\n\r\n<section class=\"brand_cols\">\r\n    <div class=\"content_holder content_holder_1570\">\r\n        <div class=\"bcols\">\r\n        \t\t\t\t            <div class=\"bcol bcol_1\" data-aos=\"fade-up\" data-aos-duration=\"600\" data-aos-easing=\"ease-out\" data-aos-delay=\"100\">\r\n                <div class=\"bimg img_zoom\">\r\n                    <img decoding=\"async\" src=\"https:\/\/www.facadeaccesssolutions.com\/es\/wp-content\/uploads\/sites\/12\/2024\/08\/brand_1-600x812_c.jpg\" alt=\"BMU\">\r\n                    \t\t\t\t\t                    \r\n                    <div class=\"blogo\"><div class=\"site_tb\"><div class=\"site_td\">\r\n                        <img decoding=\"async\" src=\"https:\/\/www.facadeaccesssolutions.com\/es\/wp-content\/uploads\/sites\/12\/2024\/08\/brand_1.png\" alt=\"Tractel logo\">\r\n                    <\/div><\/div><\/div>\r\n                                                            <a href=\"https:\/\/www.tractel.com\/global\" target=\"_blank\"><\/a>\r\n                                    <\/div>\r\n                <div class=\"btxt\">\r\n                \t                    <h2><a href=\"https:\/\/www.tractel.com\/global\" target=\"_blank\">Tractel<\/a><\/h2>\r\n                                        <p>Tractel ofrece una amplia gama de productos de elevaci\u00f3n y manipulaci\u00f3n, protecci\u00f3n contra ca\u00eddas y soluciones de acceso a fachadas, junto con servicios asociados. Sus productos son reconocidos a nivel mundial por su robustez, portabilidad, capacidad de reparaci\u00f3n y seguridad inherente. Respaldados por un servicio de excelencia, garantizan la seguridad y productividad de sus clientes en m\u00faltiples industrias.<\/p>\n                <\/div>\r\n                                <div class=\"brand_link\"><a href=\"https:\/\/www.tractel.com\/global\" target=\"_blank\">Visita tractel.com<\/a><\/div>\r\n                            <\/div>\r\n                        \r\n            \r\n            \r\n            \t\t\t            <div class=\"bcol bcol_2\" data-aos=\"fade-up\" data-aos-duration=\"600\" data-aos-easing=\"ease-out\" data-aos-delay=\"200\">\r\n                <div class=\"bimg img_zoom\">\r\n                    <img decoding=\"async\" src=\"https:\/\/www.facadeaccesssolutions.com\/es\/wp-content\/uploads\/sites\/12\/2024\/08\/brand_3-600x812_c.jpg\" alt=\"manntech bmu\">\r\n                    \t\t\t\t\t                    \r\n                    <div class=\"blogo\"><div class=\"site_tb\"><div class=\"site_td\">\r\n                        <img decoding=\"async\" src=\"https:\/\/www.facadeaccesssolutions.com\/es\/wp-content\/uploads\/sites\/12\/2024\/08\/brand_3.png\" alt=\"manntech logo\">\r\n                    <\/div><\/div><\/div>\r\n                                                            <a href=\"https:\/\/www.manntech.com\/\" target=\"_blank\"><\/a>\r\n                                    <\/div>\r\n                <div class=\"btxt\">\r\n                \t                    <h2><a href=\"https:\/\/www.manntech.com\/\" target=\"_blank\">Manntech<\/a><\/h2>\r\n                                        <p>Manntech es reconocido a nivel mundial por sus unidades de mantenimiento de edificios de alta calidad, dise\u00f1adas con ingenier\u00eda alemana avanzada. Ha sido pionero en muchos de los sistemas de acceso a fachadas que se utilizan en la industria hoy en d\u00eda. Con m\u00e1s de 60 a\u00f1os de experiencia, Manntech cuenta con la trayectoria m\u00e1s larga en innovaci\u00f3n, ofreciendo soluciones integrales de acceso a edificios para las estructuras arquitect\u00f3nicas m\u00e1s complejas del mundo.<\/p>\n                <\/div>\r\n                                <div class=\"brand_link\"><a href=\"https:\/\/www.manntech.com\/\" target=\"_blank\">Visita manntech.com<\/a><\/div>\r\n                            <\/div>\r\n                        \r\n            \r\n            \t\t\t            <div class=\"bcol bcol_3\" data-aos=\"fade-up\" data-aos-duration=\"600\" data-aos-easing=\"ease-out\" data-aos-delay=\"300\">\r\n                <div class=\"bimg img_zoom\">\r\n                    <img decoding=\"async\" src=\"https:\/\/www.facadeaccesssolutions.com\/es\/wp-content\/uploads\/sites\/12\/2024\/08\/brand_2-600x812_c.jpg\" alt=\"CoxGomyl bmu\">\r\n                    \t\t\t\t\t                    \r\n                    <div class=\"blogo\"><div class=\"site_tb\"><div class=\"site_td\">\r\n                        <img decoding=\"async\" src=\"https:\/\/www.facadeaccesssolutions.com\/es\/wp-content\/uploads\/sites\/12\/2024\/08\/brand_2.png\" alt=\"CoxGomyl logo\">\r\n                    <\/div><\/div><\/div>\r\n                                                            <a href=\"https:\/\/www.coxgomyl.com\/\" target=\"_blank\"><\/a>\r\n                                    <\/div>\r\n                <div class=\"btxt\">\r\n                \t                    <h2><a href=\"https:\/\/www.coxgomyl.com\/\" target=\"_blank\">CoxGomyl<\/a><\/h2>\r\n                                        <p>CoxGomyl es un proveedor global l\u00edder de soluciones de acceso a fachadas. Con m\u00e1s de 60 a\u00f1os de experiencia y presencia en todo el mundo, ofrece la gama m\u00e1s amplia de sistemas configurables de mantenimiento de edificios, desarrollados con tecnolog\u00edas innovadoras y comprobadas que garantizan un rendimiento excepcional.<\/p>\n                <\/div>\r\n                                <div class=\"brand_link\"><a href=\"https:\/\/www.coxgomyl.com\/\" target=\"_blank\">Visita coxgomyl.com<\/a><\/div>\r\n                            <\/div>\r\n                        \r\n        <\/div>\r\n    <\/div>\r\n<\/section>\r\n\r\n","protected":false},"excerpt":{"rendered":"","protected":false},"author":1,"featured_media":0,"parent":0,"menu_order":0,"comment_status":"closed","ping_status":"closed","template":"","meta":{"_acf_changed":false,"_trash_the_other_posts":false,"editor_notices":[],"footnotes":""},"class_list":["post-135","page","type-page","status-publish","hentry"],"acf":[],"yoast_head":"<!-- This site is optimized with the Yoast SEO Premium plugin v27.1 (Yoast SEO v27.5) - https:\/\/yoast.com\/product\/yoast-seo-premium-wordpress\/ -->\n<title>Nuestras Marcas y Socios Globales | Facade Access Solutions<\/title>\n<meta name=\"description\" content=\"Descubra nuestras marcas y socios globales en acceso a fachadas y sistemas BMU, colaborando para ofrecer soluciones seguras y eficientes a nivel mundial.\" \/>\n<meta name=\"robots\" content=\"index, follow, max-snippet:-1, max-image-preview:large, max-video-preview:-1\" \/>\n<link rel=\"canonical\" href=\"https:\/\/www.facadeaccesssolutions.com\/es\/brands\/\" \/>\n<meta property=\"og:locale\" content=\"es_ES\" \/>\n<meta property=\"og:type\" content=\"article\" \/>\n<meta property=\"og:title\" content=\"Marcas\" \/>\n<meta property=\"og:description\" content=\"Descubra nuestras marcas y socios globales en acceso a fachadas y sistemas BMU, colaborando para ofrecer soluciones seguras y eficientes a nivel mundial.\" \/>\n<meta property=\"og:url\" content=\"https:\/\/www.facadeaccesssolutions.com\/es\/brands\/\" \/>\n<meta property=\"og:site_name\" content=\"Facade Access Solutions Spain\" \/>\n<meta property=\"article:modified_time\" content=\"2026-04-25T22:59:23+00:00\" \/>\n<meta name=\"twitter:card\" content=\"summary_large_image\" \/>\n<script type=\"application\/ld+json\" class=\"yoast-schema-graph\">{\"@context\":\"https:\\\/\\\/schema.org\",\"@graph\":[{\"@type\":\"WebPage\",\"@id\":\"https:\\\/\\\/www.facadeaccesssolutions.com\\\/es\\\/brands\\\/\",\"url\":\"https:\\\/\\\/www.facadeaccesssolutions.com\\\/es\\\/brands\\\/\",\"name\":\"Nuestras Marcas y Socios Globales | Facade Access Solutions\",\"isPartOf\":{\"@id\":\"https:\\\/\\\/www.facadeaccesssolutions.com\\\/es\\\/#website\"},\"datePublished\":\"2024-08-01T04:31:04+00:00\",\"dateModified\":\"2026-04-25T22:59:23+00:00\",\"description\":\"Descubra nuestras marcas y socios globales en acceso a fachadas y sistemas BMU, colaborando para ofrecer soluciones seguras y eficientes a nivel mundial.\",\"breadcrumb\":{\"@id\":\"https:\\\/\\\/www.facadeaccesssolutions.com\\\/es\\\/brands\\\/#breadcrumb\"},\"inLanguage\":\"es\",\"potentialAction\":[{\"@type\":\"ReadAction\",\"target\":[\"https:\\\/\\\/www.facadeaccesssolutions.com\\\/es\\\/brands\\\/\"]}]},{\"@type\":\"BreadcrumbList\",\"@id\":\"https:\\\/\\\/www.facadeaccesssolutions.com\\\/es\\\/brands\\\/#breadcrumb\",\"itemListElement\":[{\"@type\":\"ListItem\",\"position\":1,\"name\":\"Home\",\"item\":\"https:\\\/\\\/www.facadeaccesssolutions.com\\\/es\\\/\"},{\"@type\":\"ListItem\",\"position\":2,\"name\":\"Marcas\"}]},{\"@type\":\"WebSite\",\"@id\":\"https:\\\/\\\/www.facadeaccesssolutions.com\\\/es\\\/#website\",\"url\":\"https:\\\/\\\/www.facadeaccesssolutions.com\\\/es\\\/\",\"name\":\"Facade Access Solutions Spain\",\"description\":\"Part Of Alimak Group\",\"potentialAction\":[{\"@type\":\"SearchAction\",\"target\":{\"@type\":\"EntryPoint\",\"urlTemplate\":\"https:\\\/\\\/www.facadeaccesssolutions.com\\\/es\\\/?s={search_term_string}\"},\"query-input\":{\"@type\":\"PropertyValueSpecification\",\"valueRequired\":true,\"valueName\":\"search_term_string\"}}],\"inLanguage\":\"es\"}]}<\/script>\n<!-- \/ Yoast SEO Premium plugin. -->","yoast_head_json":{"title":"Nuestras Marcas y Socios Globales | Facade Access Solutions","description":"Descubra nuestras marcas y socios globales en acceso a fachadas y sistemas BMU, colaborando para ofrecer soluciones seguras y eficientes a nivel mundial.","robots":{"index":"index","follow":"follow","max-snippet":"max-snippet:-1","max-image-preview":"max-image-preview:large","max-video-preview":"max-video-preview:-1"},"canonical":"https:\/\/www.facadeaccesssolutions.com\/es\/brands\/","og_locale":"es_ES","og_type":"article","og_title":"Marcas","og_description":"Descubra nuestras marcas y socios globales en acceso a fachadas y sistemas BMU, colaborando para ofrecer soluciones seguras y eficientes a nivel mundial.","og_url":"https:\/\/www.facadeaccesssolutions.com\/es\/brands\/","og_site_name":"Facade Access Solutions Spain","article_modified_time":"2026-04-25T22:59:23+00:00","twitter_card":"summary_large_image","schema":{"@context":"https:\/\/schema.org","@graph":[{"@type":"WebPage","@id":"https:\/\/www.facadeaccesssolutions.com\/es\/brands\/","url":"https:\/\/www.facadeaccesssolutions.com\/es\/brands\/","name":"Nuestras Marcas y Socios Globales | Facade Access Solutions","isPartOf":{"@id":"https:\/\/www.facadeaccesssolutions.com\/es\/#website"},"datePublished":"2024-08-01T04:31:04+00:00","dateModified":"2026-04-25T22:59:23+00:00","description":"Descubra nuestras marcas y socios globales en acceso a fachadas y sistemas BMU, colaborando para ofrecer soluciones seguras y eficientes a nivel mundial.","breadcrumb":{"@id":"https:\/\/www.facadeaccesssolutions.com\/es\/brands\/#breadcrumb"},"inLanguage":"es","potentialAction":[{"@type":"ReadAction","target":["https:\/\/www.facadeaccesssolutions.com\/es\/brands\/"]}]},{"@type":"BreadcrumbList","@id":"https:\/\/www.facadeaccesssolutions.com\/es\/brands\/#breadcrumb","itemListElement":[{"@type":"ListItem","position":1,"name":"Home","item":"https:\/\/www.facadeaccesssolutions.com\/es\/"},{"@type":"ListItem","position":2,"name":"Marcas"}]},{"@type":"WebSite","@id":"https:\/\/www.facadeaccesssolutions.com\/es\/#website","url":"https:\/\/www.facadeaccesssolutions.com\/es\/","name":"Facade Access Solutions Spain","description":"Part Of Alimak Group","potentialAction":[{"@type":"SearchAction","target":{"@type":"EntryPoint","urlTemplate":"https:\/\/www.facadeaccesssolutions.com\/es\/?s={search_term_string}"},"query-input":{"@type":"PropertyValueSpecification","valueRequired":true,"valueName":"search_term_string"}}],"inLanguage":"es"}]}},"_links":{"self":[{"href":"https:\/\/www.facadeaccesssolutions.com\/es\/wp-json\/wp\/v2\/pages\/135","targetHints":{"allow":["GET"]}}],"collection":[{"href":"https:\/\/www.facadeaccesssolutions.com\/es\/wp-json\/wp\/v2\/pages"}],"about":[{"href":"https:\/\/www.facadeaccesssolutions.com\/es\/wp-json\/wp\/v2\/types\/page"}],"author":[{"embeddable":true,"href":"https:\/\/www.facadeaccesssolutions.com\/es\/wp-json\/wp\/v2\/users\/1"}],"replies":[{"embeddable":true,"href":"https:\/\/www.facadeaccesssolutions.com\/es\/wp-json\/wp\/v2\/comments?post=135"}],"version-history":[{"count":7,"href":"https:\/\/www.facadeaccesssolutions.com\/es\/wp-json\/wp\/v2\/pages\/135\/revisions"}],"predecessor-version":[{"id":1448,"href":"https:\/\/www.facadeaccesssolutions.com\/es\/wp-json\/wp\/v2\/pages\/135\/revisions\/1448"}],"wp:attachment":[{"href":"https:\/\/www.facadeaccesssolutions.com\/es\/wp-json\/wp\/v2\/media?parent=135"}],"curies":[{"name":"wp","href":"https:\/\/api.w.org\/{rel}","templated":true}]}}