{"id":159,"date":"2024-08-01T05:13:08","date_gmt":"2024-08-01T05:13:08","guid":{"rendered":"http:\/\/localhost\/techno\/facade\/wordpress\/?page_id=159"},"modified":"2026-02-25T01:01:00","modified_gmt":"2026-02-25T01:01:00","slug":"innovation","status":"publish","type":"page","link":"https:\/\/www.facadeaccesssolutions.com\/es\/innovation\/","title":{"rendered":"Innovaci\u00f3n"},"content":{"rendered":"\r\n<section class=\"breadcrumbs\" data-aos=\"fade-up\" data-aos-duration=\"600\" data-aos-easing=\"ease-out\" data-aos-delay=\"100\">\r\n    <div class=\"content_holder content_holder_1570\">\r\n    \t<ul><li class=\"main-home\"><span property=\"itemListElement\" typeof=\"ListItem\"><a property=\"item\" typeof=\"WebPage\" title=\"Ir a FACADE ACCESS SOLUTIONS Sites.\" href=\"https:\/\/www.facadeaccesssolutions.com\" class=\"main-home\" ><span property=\"name\">FACADE ACCESS SOLUTIONS Sites<\/span><\/a><meta property=\"position\" content=\"1\"><\/span><\/li>\n<li class=\"home\"><span property=\"itemListElement\" typeof=\"ListItem\"><a property=\"item\" typeof=\"WebPage\" title=\"Go to Facade Access Solutions Spain.\" href=\"https:\/\/www.facadeaccesssolutions.com\/es\" class=\"home\" aria-current=\"page\"><span property=\"name\">Home<\/span><\/a><meta property=\"position\" content=\"2\"><\/span><\/li>\n<\/ul>\r\n    <\/div>\r\n<\/section>\n\n<section class=\"page_title \" data-aos=\"fade-up\" data-aos-duration=\"600\" data-aos-easing=\"ease-out\" data-aos-delay=\"200\">\n    <div class=\"content_holder content_holder_1570\">\n        <h1>Innovaci\u00f3n<\/h1>\n    <\/div>\n<\/section>\n\n\n\r\n<section class=\"solutions_intro solutions_intro_1 solutions_intro_flip solutions_intro_vc \">\r\n    <div class=\"content_holder content_holder_1570 clearfix\">\r\n\r\n\t\t                <div class=\"sol_right\" data-aos=\"fade-up\" data-aos-duration=\"600\" data-aos-easing=\"ease-out\" data-aos-delay=\"300\">\r\n        \t<a href=\"https:\/\/www.facadeaccesssolutions.com\/es\/contact\/\" target=\"_blank\" class=\"img_zoom\">            <img decoding=\"async\" src=\"https:\/\/www.facadeaccesssolutions.com\/es\/wp-content\/uploads\/sites\/12\/2025\/03\/Skyline-Robotics-Arms-881x515_c.jpg\" alt=\"\">\r\n            <\/a>        <\/div>\r\n            \r\n        <div class=\"sol_left\" data-aos=\"fade-up\" data-aos-duration=\"600\" data-aos-easing=\"ease-out\" data-aos-delay=\"400\">\r\n        \t<h4>Impulsando los sistemas automatizados de acceso a fachadas con Skyline Robotics<\/h4>            <div class=\"site_contents\">\r\n            <p>Facade Access Solutions se asocia con Skyline Robotics para presentar OZMO, un sistema rob\u00f3tico de limpieza de ventanas e inspecci\u00f3n de fachadas de pr\u00f3xima generaci\u00f3n, utilizado en grandes ciudades como Nueva York. Esta alianza fortalece nuestra capacidad para ofrecer soluciones innovadoras de acceso a fachadas que respaldan un mantenimiento de edificios m\u00e1s seguro, mayor eficiencia y un rendimiento sostenible a largo plazo de los activos. Con tecnolog\u00eda de limpieza automatizada y an\u00e1lisis de datos en tiempo real, OZMO ayuda a los propietarios de edificios a adoptar estrategias de cuidado de fachadas m\u00e1s inteligentes y sostenibles.<\/p>\n<p>OZMO utiliza LiDAR, c\u00e1maras \u00f3pticas y sensores avanzados para escanear y mapear cada descenso con precisi\u00f3n. El sistema opera tanto de d\u00eda como de noche y funciona de manera fiable en un amplio rango de temperaturas. Opera con una alimentaci\u00f3n el\u00e9ctrica monof\u00e1sica de 230V y utiliza agua desionizada para la limpieza. El hardware cuenta con clasificaci\u00f3n IP65 y est\u00e1 respaldado por conectividad de datos de alta velocidad. Con la mayor\u00eda de sus componentes disponibles comercialmente y capacidades de monitoreo remoto, OZMO ofrece un funcionamiento confiable con bajo consumo de energ\u00eda y agua, lo que lo convierte en una soluci\u00f3n ideal para programas modernos de mantenimiento de fachadas.<\/p>\n<p>Los resultados de rendimiento demuestran el impacto de la tecnolog\u00eda de Skyline Robotics cuando se combina con sistemas l\u00edderes de acceso a fachadas en la industria:<\/p>\n<ol>\n<li><strong>1.<\/strong> La velocidad de limpieza alcanz\u00f3 hasta 4.000 pies cuadrados por hora, respaldada por un mapeo LiDAR preciso y sensores coordinados.<\/li>\n<li><strong>2.<\/strong> Las horas de trabajo humano en la fachada se redujeron hasta en un 75 %, gracias a la operaci\u00f3n 24\/7 y a una carga de trabajo segura de 750 libras.<\/li>\n<li><strong>3.<\/strong> La duraci\u00f3n del proyecto se redujo de 18 a 19 d\u00edas laborables a tan solo 5 d\u00edas, mejorando los ciclos generales de mantenimiento del edificio.<\/li>\n<li><strong>4.<\/strong> Los edificios adoptaron limpieza continua de d\u00eda y noche, respaldada por protecci\u00f3n IP65 y sistemas estables de energ\u00eda y comunicaci\u00f3n.<\/li>\n<li><strong>5.<\/strong> El consumo de agua se mantuvo eficiente entre 0,15 y 0,2 litros por minuto, con hasta un 30 % de recuperaci\u00f3n.<\/li>\n<li><strong>6.<\/strong> M\u00e1s del 99 % de las piezas est\u00e1n disponibles comercialmente, lo que hace que el servicio y el mantenimiento sean previsibles para los propietarios.<\/li>\n<\/ol>\n<p>Esta asociaci&oacute;n combina la solidez de Facade Access Solutions con la innovaci&oacute;n de&nbsp;<a href=\"https:\/\/www.skylinerobotics.com\/\" target=\"_blank\">Skyline Robotics<\/a>, ofreciendo una potente plataforma automatizada que eleva los est&aacute;ndares de mantenimiento de fachadas en todo el mundo.<\/p>\n            <\/div>\r\n            \t            <a href=\"https:\/\/www.facadeaccesssolutions.com\/es\/contact\/\" class=\"site_btn site_btn_sm\" target=\"_blank\">\r\n\t\t\t\t\tAprender m\u00e1s                <\/a>\r\n                &nbsp;&nbsp;&nbsp;\r\n                        \r\n                    <\/div>\r\n    <\/div>\r\n<\/section>\r\n\r\n\r\n\n\n\r\n<section class=\"solutions_intro solutions_intro_1 \">\r\n    <div class=\"content_holder content_holder_1570 clearfix\">\r\n\r\n\t\t                <div class=\"sol_right\" data-aos=\"fade-up\" data-aos-duration=\"600\" data-aos-easing=\"ease-out\" data-aos-delay=\"300\">\r\n        \t<a href=\"https:\/\/www.manntech.com\/solutions\/ams\/\" target=\"_blank\" class=\"img_zoom\">            <img decoding=\"async\" src=\"https:\/\/www.facadeaccesssolutions.com\/es\/wp-content\/uploads\/sites\/12\/2024\/08\/innovation_1-1-881x515_c.jpg\" alt=\"\">\r\n            <\/a>        <\/div>\r\n            \r\n        <div class=\"sol_left\" data-aos=\"fade-up\" data-aos-duration=\"600\" data-aos-easing=\"ease-out\" data-aos-delay=\"400\">\r\n        \t<h4>Sistema Mecatr\u00f3nico Articulado (AMS)<\/h4>            <div class=\"site_contents\">\r\n            <p>El Sistema Mecatr&oacute;nico Articulado (Articulated Mechatronic System, AMS) es una soluci&oacute;n avanzada de acceso a fachadas dise&ntilde;ada para redefinir las Unidades de Mantenimiento de Edificios (Building Maintenance Units, BMU) modernas. Desarrollado por Manntech y suministrado a trav&eacute;s de Fa&ccedil;ade Access Solutions, el AMS integra ingenier&iacute;a mecatr&oacute;nica con control inteligente para respaldar un mantenimiento eficiente y sostenible de edificios de gran altura.<\/p>\n<p>A diferencia de los BMU convencionales, el AMS incorpora un concepto estructural ligero que reduce significativamente las cargas sobre la azotea. Su dise&ntilde;o optimizado permite una instalaci&oacute;n hasta un 40 % m&aacute;s r&aacute;pida y utiliza aproximadamente un 20 % menos de material. Esto disminuye los requisitos de refuerzo estructural y favorece una ejecuci&oacute;n de proyectos m&aacute;s rentable. La reducci&oacute;n en el uso de materiales tambi&eacute;n contribuye a una menor huella de carbono incorporado (embodied carbon) y a un mejor desempe&ntilde;o ambiental.<\/p>\n<p>El sistema incorpora control de movimiento de precisi&oacute;n y automatizaci&oacute;n inteligente. Los operadores se benefician de una mayor maniobrabilidad en geometr&iacute;as de fachadas complejas. El monitoreo remoto integrado permite el seguimiento del rendimiento en tiempo real y la planificaci&oacute;n de mantenimiento predictivo, ayudando a prolongar la vida &uacute;til del equipo y a minimizar los tiempos de inactividad.<\/p>\n<p>Capacidades principales del sistema:<\/p>\n<ul>\n<li>Reducci&oacute;n de la carga estructural y del consumo de materiales<\/li>\n<li>Plazos de instalaci&oacute;n acelerados<\/li>\n<li>Mejor acceso a fachadas de edificios complejas<\/li>\n<li>Diagn&oacute;stico inteligente y capacidad de mantenimiento predictivo<\/li>\n<\/ul>\n<p>El AMS representa una tecnolog&iacute;a de acceso a fachadas orientada al futuro, alineada con estrategias de dise&ntilde;o sostenible y con la creciente complejidad arquitect&oacute;nica.<\/p>\n            <\/div>\r\n            \t            <a href=\"https:\/\/www.manntech.com\/solutions\/ams\/\" class=\"site_btn site_btn_sm\" target=\"_blank\">\r\n\t\t\t\t\tAprender m\u00e1s                <\/a>\r\n                &nbsp;&nbsp;&nbsp;\r\n                        \r\n                    <\/div>\r\n    <\/div>\r\n<\/section>\r\n\r\n\r\n\n\n\r\n<section class=\"solutions_intro solutions_intro_1 solutions_intro_flip solutions_intro_vc \">\r\n    <div class=\"content_holder content_holder_1570 clearfix\">\r\n\r\n\t\t                <div class=\"sol_right\" data-aos=\"fade-up\" data-aos-duration=\"600\" data-aos-easing=\"ease-out\" data-aos-delay=\"300\">\r\n        \t<a href=\"https:\/\/bimgallery.facadeaccesssolutions.com\/bim\/division\/facade-access\" target=\"_blank\" class=\"img_zoom\">            <img decoding=\"async\" src=\"https:\/\/www.facadeaccesssolutions.com\/es\/wp-content\/uploads\/sites\/12\/2024\/08\/innovation_2-881x515_c.jpg\" alt=\"\">\r\n            <\/a>        <\/div>\r\n            \r\n        <div class=\"sol_left\" data-aos=\"fade-up\" data-aos-duration=\"600\" data-aos-easing=\"ease-out\" data-aos-delay=\"400\">\r\n        \t<h4>Biblioteca BIM: Planificaci\u00f3n optimizada para acceso a fachadas<\/h4>            <div class=\"site_contents\">\r\n            <p>Ahorre tiempo seleccionando la mejor soluci\u00f3n de acceso a fachadas adecuada para su proyecto de construcci\u00f3n con nuestra extensa biblioteca de modelos BIM. Estos modelos le permiten comparar y elegir la opci\u00f3n m\u00e1s adecuada desde las primeras etapas hasta la finalizaci\u00f3n del proyecto.<\/p>\n<p>Nuestros modelos BIM son totalmente configurables para adaptarse a sus necesidades espec\u00edficas. Al integrarlos en la fase de planificaci\u00f3n, podr\u00e1 optimizar y simular el uso de nuestras soluciones de acceso a fachadas, reduciendo los riesgos potenciales que suelen ser dif\u00edciles de predecir en un entorno 2D.<\/p>\n            <\/div>\r\n            \t            <a href=\"https:\/\/bimgallery.facadeaccesssolutions.com\/bim\/division\/facade-access\" class=\"site_btn site_btn_sm\" target=\"_blank\">\r\n\t\t\t\t\tAprender m\u00e1s                <\/a>\r\n                &nbsp;&nbsp;&nbsp;\r\n                        \r\n                    <\/div>\r\n    <\/div>\r\n<\/section>\r\n\r\n\r\n\n\n\r\n<section class=\"solutions_intro solutions_intro_1 solutions_intro_last \">\r\n    <div class=\"content_holder content_holder_1570 clearfix\">\r\n\r\n\t\t                <div class=\"sol_right\" data-aos=\"fade-up\" data-aos-duration=\"600\" data-aos-easing=\"ease-out\" data-aos-delay=\"300\">\r\n        \t            <img decoding=\"async\" src=\"https:\/\/www.facadeaccesssolutions.com\/es\/wp-content\/uploads\/sites\/12\/2024\/08\/innovation_3-881x515_c.jpg\" alt=\"\">\r\n                    <\/div>\r\n            \r\n        <div class=\"sol_left\" data-aos=\"fade-up\" data-aos-duration=\"600\" data-aos-easing=\"ease-out\" data-aos-delay=\"400\">\r\n        \t<h4>MyBMU: Seguridad avanzada y gesti\u00f3n de datos<\/h4>            <div class=\"site_contents\">\r\n            <p>MyBMU recopila y muestra datos operativos de las BMUs equipadas con enrutadores, proporcionando informaci\u00f3n en tiempo real sobre el estado del equipo, su uso y necesidades de mantenimiento.<\/p>\n<h6>El portal MyBMU le ofrece acceso a:<\/h6>\n<ul>\n<li>Informaci\u00f3n t\u00e9cnica del equipo actualizada , incluyendo documentaci\u00f3n y certificados.\n<li>Manuales operativos y gu\u00edas interactivas r\u00e1pidas.\n<li>Estad\u00edsticas de uso de la m\u00e1quina: horas de operaci\u00f3n, descensos y cobertura de la fachada.\n<li>Sistema de informes para da\u00f1os intuitivos para incidencias o da\u00f1os en la fachada.\n<li>Cursos de formaci\u00f3n en l\u00ednea.\n<li>Estado en tiempo real de la unidad de mantenimiento del edificio.<br \/>\nSoporte remoto de nuestro equipo de ingenier\u00eda.<\/li>\n<\/ul>\n            <\/div>\r\n                        \r\n                    <\/div>\r\n    <\/div>\r\n<\/section>\r\n\r\n\r\n","protected":false},"excerpt":{"rendered":"<p>Advancing Automated Facade Access Systems with Skyline Robotics Facade Access Solutions partners with Skyline Robotics to introduce OZMO, a next-generation robotic window cleaning and facade inspection system used in major cities like New York. This partnership strengthens our ability to deliver innovative facade access solutions that support safer building maintenance, higher efficiency and long-term asset performance. With automated cleaning technology and real-time data insights, OZMO helps building owners adopt smarter and more sustainable facade care strategies. OZMO uses LiDAR, optical cameras and advanced sensors to scan and map each drop with accuracy. The system operates day or night and performs &#8230;<\/p>\n","protected":false},"author":1,"featured_media":0,"parent":0,"menu_order":0,"comment_status":"closed","ping_status":"closed","template":"","meta":{"_acf_changed":false,"_trash_the_other_posts":false,"editor_notices":[],"footnotes":""},"class_list":["post-159","page","type-page","status-publish","hentry"],"acf":[],"yoast_head":"<!-- This site is optimized with the Yoast SEO Premium plugin v27.1 (Yoast SEO v27.3) - https:\/\/yoast.com\/product\/yoast-seo-premium-wordpress\/ -->\n<title>Innovaci\u00f3n | Facade Access Solutions<\/title>\n<meta name=\"robots\" content=\"index, follow, max-snippet:-1, max-image-preview:large, max-video-preview:-1\" \/>\n<link rel=\"canonical\" href=\"https:\/\/www.facadeaccesssolutions.com\/es\/innovation\/\" \/>\n<meta property=\"og:locale\" content=\"es_ES\" \/>\n<meta property=\"og:type\" content=\"article\" \/>\n<meta property=\"og:title\" content=\"Innovaci\u00f3n\" \/>\n<meta property=\"og:description\" content=\"Advancing Automated Facade Access Systems with Skyline Robotics Facade Access Solutions partners with Skyline Robotics to introduce OZMO, a next-generation robotic window cleaning and facade inspection system used in major cities like New York. This partnership strengthens our ability to deliver innovative facade access solutions that support safer building maintenance, higher efficiency and long-term asset performance. With automated cleaning technology and real-time data insights, OZMO helps building owners adopt smarter and more sustainable facade care strategies. OZMO uses LiDAR, optical cameras and advanced sensors to scan and map each drop with accuracy. The system operates day or night and performs ...\" \/>\n<meta property=\"og:url\" content=\"https:\/\/www.facadeaccesssolutions.com\/es\/innovation\/\" \/>\n<meta property=\"og:site_name\" content=\"Facade Access Solutions Spain\" \/>\n<meta property=\"article:modified_time\" content=\"2026-02-25T01:01:00+00:00\" \/>\n<meta name=\"twitter:card\" content=\"summary_large_image\" \/>\n<script type=\"application\/ld+json\" class=\"yoast-schema-graph\">{\"@context\":\"https:\\\/\\\/schema.org\",\"@graph\":[{\"@type\":\"WebPage\",\"@id\":\"https:\\\/\\\/www.facadeaccesssolutions.com\\\/es\\\/innovation\\\/\",\"url\":\"https:\\\/\\\/www.facadeaccesssolutions.com\\\/es\\\/innovation\\\/\",\"name\":\"Innovaci\u00f3n | Facade Access Solutions\",\"isPartOf\":{\"@id\":\"https:\\\/\\\/www.facadeaccesssolutions.com\\\/es\\\/#website\"},\"datePublished\":\"2024-08-01T05:13:08+00:00\",\"dateModified\":\"2026-02-25T01:01:00+00:00\",\"breadcrumb\":{\"@id\":\"https:\\\/\\\/www.facadeaccesssolutions.com\\\/es\\\/innovation\\\/#breadcrumb\"},\"inLanguage\":\"es\",\"potentialAction\":[{\"@type\":\"ReadAction\",\"target\":[\"https:\\\/\\\/www.facadeaccesssolutions.com\\\/es\\\/innovation\\\/\"]}]},{\"@type\":\"BreadcrumbList\",\"@id\":\"https:\\\/\\\/www.facadeaccesssolutions.com\\\/es\\\/innovation\\\/#breadcrumb\",\"itemListElement\":[{\"@type\":\"ListItem\",\"position\":1,\"name\":\"Home\",\"item\":\"https:\\\/\\\/www.facadeaccesssolutions.com\\\/es\\\/\"},{\"@type\":\"ListItem\",\"position\":2,\"name\":\"Innovaci\u00f3n\"}]},{\"@type\":\"WebSite\",\"@id\":\"https:\\\/\\\/www.facadeaccesssolutions.com\\\/es\\\/#website\",\"url\":\"https:\\\/\\\/www.facadeaccesssolutions.com\\\/es\\\/\",\"name\":\"Facade Access Solutions Spain\",\"description\":\"Part Of Alimak Group\",\"potentialAction\":[{\"@type\":\"SearchAction\",\"target\":{\"@type\":\"EntryPoint\",\"urlTemplate\":\"https:\\\/\\\/www.facadeaccesssolutions.com\\\/es\\\/?s={search_term_string}\"},\"query-input\":{\"@type\":\"PropertyValueSpecification\",\"valueRequired\":true,\"valueName\":\"search_term_string\"}}],\"inLanguage\":\"es\"}]}<\/script>\n<!-- \/ Yoast SEO Premium plugin. -->","yoast_head_json":{"title":"Innovaci\u00f3n | Facade Access Solutions","robots":{"index":"index","follow":"follow","max-snippet":"max-snippet:-1","max-image-preview":"max-image-preview:large","max-video-preview":"max-video-preview:-1"},"canonical":"https:\/\/www.facadeaccesssolutions.com\/es\/innovation\/","og_locale":"es_ES","og_type":"article","og_title":"Innovaci\u00f3n","og_description":"Advancing Automated Facade Access Systems with Skyline Robotics Facade Access Solutions partners with Skyline Robotics to introduce OZMO, a next-generation robotic window cleaning and facade inspection system used in major cities like New York. This partnership strengthens our ability to deliver innovative facade access solutions that support safer building maintenance, higher efficiency and long-term asset performance. With automated cleaning technology and real-time data insights, OZMO helps building owners adopt smarter and more sustainable facade care strategies. OZMO uses LiDAR, optical cameras and advanced sensors to scan and map each drop with accuracy. The system operates day or night and performs ...","og_url":"https:\/\/www.facadeaccesssolutions.com\/es\/innovation\/","og_site_name":"Facade Access Solutions Spain","article_modified_time":"2026-02-25T01:01:00+00:00","twitter_card":"summary_large_image","schema":{"@context":"https:\/\/schema.org","@graph":[{"@type":"WebPage","@id":"https:\/\/www.facadeaccesssolutions.com\/es\/innovation\/","url":"https:\/\/www.facadeaccesssolutions.com\/es\/innovation\/","name":"Innovaci\u00f3n | Facade Access Solutions","isPartOf":{"@id":"https:\/\/www.facadeaccesssolutions.com\/es\/#website"},"datePublished":"2024-08-01T05:13:08+00:00","dateModified":"2026-02-25T01:01:00+00:00","breadcrumb":{"@id":"https:\/\/www.facadeaccesssolutions.com\/es\/innovation\/#breadcrumb"},"inLanguage":"es","potentialAction":[{"@type":"ReadAction","target":["https:\/\/www.facadeaccesssolutions.com\/es\/innovation\/"]}]},{"@type":"BreadcrumbList","@id":"https:\/\/www.facadeaccesssolutions.com\/es\/innovation\/#breadcrumb","itemListElement":[{"@type":"ListItem","position":1,"name":"Home","item":"https:\/\/www.facadeaccesssolutions.com\/es\/"},{"@type":"ListItem","position":2,"name":"Innovaci\u00f3n"}]},{"@type":"WebSite","@id":"https:\/\/www.facadeaccesssolutions.com\/es\/#website","url":"https:\/\/www.facadeaccesssolutions.com\/es\/","name":"Facade Access Solutions Spain","description":"Part Of Alimak Group","potentialAction":[{"@type":"SearchAction","target":{"@type":"EntryPoint","urlTemplate":"https:\/\/www.facadeaccesssolutions.com\/es\/?s={search_term_string}"},"query-input":{"@type":"PropertyValueSpecification","valueRequired":true,"valueName":"search_term_string"}}],"inLanguage":"es"}]}},"_links":{"self":[{"href":"https:\/\/www.facadeaccesssolutions.com\/es\/wp-json\/wp\/v2\/pages\/159","targetHints":{"allow":["GET"]}}],"collection":[{"href":"https:\/\/www.facadeaccesssolutions.com\/es\/wp-json\/wp\/v2\/pages"}],"about":[{"href":"https:\/\/www.facadeaccesssolutions.com\/es\/wp-json\/wp\/v2\/types\/page"}],"author":[{"embeddable":true,"href":"https:\/\/www.facadeaccesssolutions.com\/es\/wp-json\/wp\/v2\/users\/1"}],"replies":[{"embeddable":true,"href":"https:\/\/www.facadeaccesssolutions.com\/es\/wp-json\/wp\/v2\/comments?post=159"}],"version-history":[{"count":22,"href":"https:\/\/www.facadeaccesssolutions.com\/es\/wp-json\/wp\/v2\/pages\/159\/revisions"}],"predecessor-version":[{"id":1446,"href":"https:\/\/www.facadeaccesssolutions.com\/es\/wp-json\/wp\/v2\/pages\/159\/revisions\/1446"}],"wp:attachment":[{"href":"https:\/\/www.facadeaccesssolutions.com\/es\/wp-json\/wp\/v2\/media?parent=159"}],"curies":[{"name":"wp","href":"https:\/\/api.w.org\/{rel}","templated":true}]}}