{"id":179,"date":"2024-08-01T05:33:54","date_gmt":"2024-08-01T05:33:54","guid":{"rendered":"http:\/\/localhost\/techno\/facade\/wordpress\/?page_id=179"},"modified":"2026-01-21T17:02:55","modified_gmt":"2026-01-21T17:02:55","slug":"solutions","status":"publish","type":"page","link":"https:\/\/www.facadeaccesssolutions.com\/es\/solutions\/","title":{"rendered":"Soluciones"},"content":{"rendered":"\r\n<section class=\"breadcrumbs\" data-aos=\"fade-up\" data-aos-duration=\"600\" data-aos-easing=\"ease-out\" data-aos-delay=\"100\">\r\n    <div class=\"content_holder content_holder_1570\">\r\n    \t<ul>\r\n        \t\t\t\t<li><a href=\"https:\/\/www.facadeaccesssolutions.com\/es\/\">Inicio<\/a><\/li>\r\n\t\t\t        <\/ul>\r\n    <\/div>\r\n<\/section>\n\n<section class=\"page_title \" data-aos=\"fade-up\" data-aos-duration=\"600\" data-aos-easing=\"ease-out\" data-aos-delay=\"200\">\n    <div class=\"content_holder content_holder_1570\">\n        <h1>Soluciones de Acceso a Fachadas Completas para el Mantenimiento Seguro y Eficiente de Edificios<\/h1>\n    <\/div>\n<\/section>\n\n\n\n<section class=\"solutions_intro  \">\n    <div class=\"content_holder content_holder_1570 clearfix\">\n\n\t\t                <div class=\"sol_right\" data-aos=\"fade-up\" data-aos-duration=\"600\" data-aos-easing=\"ease-out\" data-aos-delay=\"300\">\n            <img decoding=\"async\" src=\"https:\/\/www.facadeaccesssolutions.com\/es\/wp-content\/uploads\/sites\/12\/2026\/01\/retrofit-and-services-881x515_c.jpg\" alt=\"retrofit and services\">\n        <\/div>\n            \n        <div class=\"sol_left site_contents\" data-aos=\"fade-up\" data-aos-duration=\"600\" data-aos-easing=\"ease-out\" data-aos-delay=\"400\">\n        \t<h4 class=\"title_line title_line_mob\">Facade Access Solutions ofrece una gama completa de productos y servicios que garantizan un mantenimiento de edificios seguro, eficiente y sostenible en Espa\u00f1a<\/h4>            <p>Mantener tu estructura implica m\u00e1s que el cuidado interior. El exterior requiere el mismo nivel de atenci\u00f3n. Desde torres de gran altura y complejos comerciales hasta monumentos arquitect\u00f3nicos, cada edificio depende de sistemas de acceso a fachadas fiables para garantizar la seguridad, el rendimiento y el atractivo visual. Aqu\u00ed es donde Facade Access Solutions, l\u00edder en el sector, desempe\u00f1a un papel esencial.<\/p>\n<p>Como socio de confianza, ofrecemos un conjunto completo de soluciones de acceso a fachadas para propietarios de edificios, gestores inmobiliarios y profesionales de la construcci\u00f3n en Espa\u00f1a y m\u00e1s all\u00e1. Nuestro trabajo abarca inspecciones, rehabilitaciones, piezas de repuesto, gesti\u00f3n de activos y formaci\u00f3n. Cada servicio est\u00e1 dise\u00f1ado para mejorar la eficiencia y garantizar el cumplimiento de las normativas de seguridad espa\u00f1olas e internacionales. Ya sea para construcci\u00f3n nueva, retrofit de acceso a fachadas o reemplazo, proporcionamos soluciones para cada etapa del ciclo de vida del edificio.<\/p>\n            <div class=\"mhide_1\">\n            \t            <\/div>\n            \t            <a href=\"https:\/\/www.facadeaccesssolutions.com\/es\/contact\/\" class=\"site_btn site_btn_sm\" target=\"\">\n\t\t\t\t\tHABLE CON UN EXPERTO                <\/a>\n                                <\/div>\n    <\/div>\n<\/section>\n\n\n\n\n\n<div style=\"height:50px\" aria-hidden=\"true\" class=\"wp-block-spacer\"><\/div>\n\n\n\n<div class=\"wp-block-group\"><div class=\"wp-block-group__inner-container is-layout-constrained wp-block-group-is-layout-constrained\">\n<h2 class=\"wp-block-heading has-text-align-center\" id=\"h-soluciones-de-servicio-integrales-que-apoyan-cada-etapa-del-ciclo-de-vida-del-edificio\" style=\"font-size:25px\">SOLUCIONES DE SERVICIO INTEGRALES QUE APOYAN CADA ETAPA DEL CICLO DE VIDA DEL EDIFICIO<\/h2>\n\n\n\n<p class=\"has-text-align-center has-small-font-size\">En Facade Access Solutions, vamos m\u00e1s all\u00e1 del suministro de equipos de acceso a fachadas. Ofrecemos soluciones de servicio integradas que mejoran la seguridad, la fiabilidad y el cumplimiento en proyectos de mantenimiento de edificios en Espa\u00f1a.<\/p>\n\n\n\n<div class=\"wp-block-group is-nowrap is-layout-flex wp-container-core-group-is-layout-ad2f72ca wp-block-group-is-layout-flex\"><\/div>\n\n\n\n<div class=\"wp-block-columns is-layout-flex wp-container-core-columns-is-layout-9d6595d7 wp-block-columns-is-layout-flex\">\n<div class=\"wp-block-column is-layout-flow wp-block-column-is-layout-flow\">\n<figure class=\"wp-block-image size-large\"><img decoding=\"async\" src=\"https:\/\/www.facadeaccesssolutions.com\/wp-content\/uploads\/2025\/09\/torque-testing-1024x768.jpg\" alt=\"\" class=\"wp-image-1828\"\/><\/figure>\n<\/div>\n\n\n\n<div class=\"wp-block-column is-layout-flow wp-block-column-is-layout-flow\">\n<h3 class=\"wp-block-heading\" id=\"h-inspeccion-seguridad-y-cumplimiento\">Inspecci\u00f3n, Seguridad y Cumplimiento<\/h3>\n\n\n\n<p>Las inspecciones regulares son la base de operaciones seguras y eficientes. Nuestros programas de inspecci\u00f3n incluyen pruebas de carga, verificaci\u00f3n de protecci\u00f3n contra ca\u00eddas y comprobaciones completas de cumplimiento para sistemas de protecci\u00f3n contra ca\u00eddas, equipos de acceso suspendido y unidades de mantenimiento de edificios (BMU). Seguimos las normativas espa\u00f1olas e internacionales para garantizar que cada sistema funcione con el m\u00e1ximo rendimiento. Los gestores inmobiliarios pueden confiar en que sus edificios cumplen todos los requisitos de seguridad.<\/p>\n\n\n\n<div class=\"wp-block-buttons is-layout-flex wp-block-buttons-is-layout-flex\">\n<div class=\"wp-block-button is-style-fill\"><a class=\"wp-block-button__link has-luminous-vivid-orange-background-color has-background has-small-font-size has-custom-font-size wp-element-button\" href=\"https:\/\/www.facadeaccesssolutions.com\/es\/services\/inspection-safety-compliance\/\" style=\"border-radius:0px\"><strong>M\u00c1S INFORMACI\u00d3N &gt;<\/strong><\/a><\/div>\n<\/div>\n<\/div>\n<\/div>\n\n\n\n<div style=\"height:40px\" aria-hidden=\"true\" class=\"wp-block-spacer\"><\/div>\n\n\n\n<div class=\"wp-block-columns is-layout-flex wp-container-core-columns-is-layout-9d6595d7 wp-block-columns-is-layout-flex\">\n<div class=\"wp-block-column is-layout-flow wp-block-column-is-layout-flow\">\n<h3 class=\"wp-block-heading\" id=\"h-soluciones-de-rehabilitacion\">Soluciones de Rehabilitaci\u00f3n<\/h3>\n\n\n\n<p>No todos los sistemas de acceso necesitan ser reemplazados. Nuestros servicios de rehabilitaci\u00f3n ayudan a prolongar la vida \u00fatil de los sistemas BMU, plataformas aut\u00f3nomas y otros equipos de acceso mediante mejoras espec\u00edficas. Mejoramos el rendimiento e integramos tecnolog\u00edas de seguridad modernas para alinear los sistemas existentes con las normativas actuales.<\/p>\n\n\n\n<div class=\"wp-block-buttons is-layout-flex wp-block-buttons-is-layout-flex\">\n<div class=\"wp-block-button\"><a class=\"wp-block-button__link has-luminous-vivid-orange-background-color has-background has-small-font-size has-custom-font-size wp-element-button\" href=\"https:\/\/www.facadeaccesssolutions.com\/es\/services\/refurbishment-solutions\/\" style=\"border-radius:0px\"><strong>M\u00c1S INFORMACI\u00d3N &gt;<\/strong><\/a><\/div>\n<\/div>\n<\/div>\n\n\n\n<div class=\"wp-block-column is-layout-flow wp-block-column-is-layout-flow\">\n<figure class=\"wp-block-image size-large\"><img decoding=\"async\" src=\"https:\/\/www.facadeaccesssolutions.com\/wp-content\/uploads\/2025\/10\/IMG_8560-768x1024.jpg\" alt=\"\" class=\"wp-image-2060\" style=\"aspect-ratio:16\/9;object-fit:cover\"\/><\/figure>\n<\/div>\n<\/div>\n\n\n\n<div style=\"height:40px\" aria-hidden=\"true\" class=\"wp-block-spacer\"><\/div>\n\n\n\n<div class=\"wp-block-columns is-layout-flex wp-container-core-columns-is-layout-9d6595d7 wp-block-columns-is-layout-flex\">\n<div class=\"wp-block-column is-layout-flow wp-block-column-is-layout-flow\">\n<figure class=\"wp-block-image size-large\"><img decoding=\"async\" src=\"https:\/\/www.facadeaccesssolutions.com\/wp-content\/uploads\/2025\/08\/Monorail-150-King-Street-West-683x1024.jpg\" alt=\"\" class=\"wp-image-1875\" style=\"aspect-ratio:16\/9;object-fit:cover\"\/><\/figure>\n<\/div>\n\n\n\n<div class=\"wp-block-column is-layout-flow wp-block-column-is-layout-flow\">\n<h3 class=\"wp-block-heading\" id=\"h-repuestos-oem\">Repuestos OEM<\/h3>\n\n\n\n<p>El tiempo de inactividad del equipo afecta las actividades de mantenimiento esenciales. Proporcionamos piezas de repuesto aprobadas por el fabricante para sistemas BMU, pescantes y otros equipos de acceso a fachadas. El uso de piezas genuinas garantiza una fiabilidad constante, reduce los fallos y mantiene los calendarios de mantenimiento seg\u00fan lo previsto.<\/p>\n\n\n\n<div class=\"wp-block-buttons is-layout-flex wp-block-buttons-is-layout-flex\">\n<div class=\"wp-block-button is-style-fill\"><a class=\"wp-block-button__link has-luminous-vivid-orange-background-color has-background has-small-font-size has-custom-font-size wp-element-button\" href=\"https:\/\/www.facadeaccesssolutions.com\/es\/services\/genuine-spare-parts\/\" style=\"border-radius:0px\"><strong>M\u00c1S INFORMACI\u00d3N &gt;<\/strong><\/a><\/div>\n<\/div>\n<\/div>\n<\/div>\n\n\n\n<div style=\"height:40px\" aria-hidden=\"true\" class=\"wp-block-spacer\"><\/div>\n\n\n\n<div class=\"wp-block-columns is-layout-flex wp-container-core-columns-is-layout-9d6595d7 wp-block-columns-is-layout-flex\">\n<div class=\"wp-block-column is-layout-flow wp-block-column-is-layout-flow\">\n<h3 class=\"wp-block-heading\" id=\"h-gestion-de-activos\">Gesti\u00f3n de Activos<\/h3>\n\n\n\n<p>El mantenimiento efectivo requiere una gesti\u00f3n proactiva. Nuestras herramientas digitales de gesti\u00f3n de activos rastrean los ciclos de vida de los equipos, programan pruebas de carga y apoyan el mantenimiento predictivo. Esto proporciona a los gestores de instalaciones visibilidad y control total, ayud\u00e1ndoles a planificar con antelaci\u00f3n y gestionar los costes de manera eficiente.<\/p>\n\n\n\n<div class=\"wp-block-buttons is-layout-flex wp-block-buttons-is-layout-flex\">\n<div class=\"wp-block-button\"><a class=\"wp-block-button__link has-luminous-vivid-orange-background-color has-background has-small-font-size has-custom-font-size wp-element-button\" href=\"https:\/\/www.facadeaccesssolutions.com\/es\/services\/asset-management\/\" style=\"border-radius:0px\"><strong>M\u00c1S INFORMACI\u00d3N &gt;<\/strong><\/a><\/div>\n<\/div>\n<\/div>\n\n\n\n<div class=\"wp-block-column is-layout-flow wp-block-column-is-layout-flow\">\n<figure class=\"wp-block-image size-large\"><img decoding=\"async\" src=\"https:\/\/www.facadeaccesssolutions.com\/wp-content\/uploads\/2025\/08\/DJI_20250429050006_0042_D-1024x576.jpg\" alt=\"\" class=\"wp-image-1884\"\/><\/figure>\n<\/div>\n<\/div>\n\n\n\n<div style=\"height:40px\" aria-hidden=\"true\" class=\"wp-block-spacer\"><\/div>\n\n\n\n<div class=\"wp-block-columns is-layout-flex wp-container-core-columns-is-layout-9d6595d7 wp-block-columns-is-layout-flex\">\n<div class=\"wp-block-column is-layout-flow wp-block-column-is-layout-flow\">\n<figure class=\"wp-block-image size-large\"><img decoding=\"async\" src=\"https:\/\/www.facadeaccesssolutions.com\/wp-content\/uploads\/2025\/10\/IMG_7546-768x1024.jpeg\" alt=\"\" class=\"wp-image-1924\" style=\"aspect-ratio:16\/9;object-fit:cover\"\/><\/figure>\n<\/div>\n\n\n\n<div class=\"wp-block-column is-layout-flow wp-block-column-is-layout-flow\">\n<h3 class=\"wp-block-heading\" id=\"h-programas-de-formacion\">Programas de Formaci\u00f3n<\/h3>\n\n\n\n<p>El funcionamiento seguro depende de la formaci\u00f3n adecuada. Nuestros programas de formaci\u00f3n en acceso a fachadas proporcionan a los operadores el conocimiento y la confianza para utilizar los equipos de manera segura y efectiva. Cada sesi\u00f3n promueve las mejores pr\u00e1cticas que se alinean con las normativas de seguridad espa\u00f1olas e internacionales.<\/p>\n\n\n\n<div class=\"wp-block-buttons is-layout-flex wp-block-buttons-is-layout-flex\">\n<div class=\"wp-block-button\"><a class=\"wp-block-button__link has-luminous-vivid-orange-background-color has-background has-small-font-size has-custom-font-size wp-element-button\" href=\"https:\/\/www.facadeaccesssolutions.com\/es\/services\/training\/\" style=\"border-radius:0px\"><strong>M\u00c1S INFORMACI\u00d3N &gt;<\/strong><\/a><\/div>\n<\/div>\n<\/div>\n<\/div>\n\n\n\n<div style=\"height:50px\" aria-hidden=\"true\" class=\"wp-block-spacer\"><\/div>\n\n\n\n<h2 class=\"wp-block-heading has-text-align-center\" id=\"h-facade-access-solutions-un-socio-global-de-confianza-para-propietarios-de-edificios-en-todo-el-mundo\" style=\"font-size:25px\">Facade Access Solutions: Un socio global de confianza para propietarios de edificios en todo el mundo<\/h2>\n\n\n\n<p><\/p>\n\n\n\n<p>Como parte del Grupo Alimak, Facade Access Solutions combina d\u00e9cadas de experiencia en ingenier\u00eda con una innovaci\u00f3n comprobada. Brindamos soporte confiable para proyectos de cualquier tama\u00f1o y complejidad en todo el mundo. Nuestros equipos regionales colaboran estrechamente con los clientes para ofrecer servicios de acceso a fachadas r\u00e1pidos, conformes a la normativa y preparados para el futuro.<\/p>\n\n\n\n<p>Nuestras marcas globales Tractel, Manntech y CoxGomyl ofrecen una amplia gama de sistemas de acceso a fachadas, respaldados por una ingenier\u00eda y un dise\u00f1o l\u00edderes en el sector. Somos m\u00e1s que un proveedor de servicios; somos un socio para la seguridad, la confiabilidad y el rendimiento de los edificios. Nuestro compromiso con la calidad y el cumplimiento normativo permite a los propietarios y administradores de<\/p>\n\n\n\n<p>edificios tener plena confianza en sus sistemas. Con experiencia en obra nueva, rehabilitaciones y otros proyectos, ofrecemos soluciones que satisfacen las complejas exigencias de los paisajes urbanos globales actuales.<\/p>\n\n\n\n<p>En Facade Access Solutions, la seguridad es fundamental en todo lo que hacemos. Desde inspecciones hasta capacitaci\u00f3n, cada servicio que brindamos cumple con los m\u00e1s altos est\u00e1ndares de seguridad globales. Nuestro objetivo es mantener cada sistema que administramos seguro, conforme a la normativa y listo para su uso.<\/p>\n\n\n\n<figure class=\"wp-block-image size-full\"><img decoding=\"async\" src=\"https:\/\/www.facadeaccesssolutions.com\/wp-content\/uploads\/2025\/11\/image-2.png\" alt=\"\" class=\"wp-image-2251\"\/><\/figure>\n\n\n\n<p><\/p>\n\n\n\n<div style=\"height:50px\" aria-hidden=\"true\" class=\"wp-block-spacer\"><\/div>\n<\/div><\/div>\n\n\n\n<div class=\"wp-block-group alignfull narrow_width has-white-color has-luminous-vivid-orange-background-color has-text-color has-background\"><div class=\"wp-block-group__inner-container is-layout-flow wp-block-group-is-layout-flow\">\n<div style=\"height:40px\" aria-hidden=\"true\" class=\"wp-block-spacer\"><\/div>\n\n\n\n<h2 class=\"wp-block-heading has-text-align-center has-white-color has-text-color has-link-color wp-elements-771c2fbb708af3b4f696705a851e576d\" id=\"schedule-a-visit\" style=\"font-size:45px;line-height:1.15\">DA EL SIGUIENTE PASO<\/h2>\n\n\n\n<p class=\"has-text-align-center has-white-color has-text-color has-link-color wp-elements-5f7639c23713b8b74b4080cae4d7b97a\" style=\"font-size:15px;line-height:.9\">Ofrecemos soluciones de alta calidad y preparadas para el futuro que protegen su inversi\u00f3n y a las personas que la mantienen.<br><\/p>\n\n\n\n<div class=\"wp-block-buttons is-horizontal is-content-justification-center is-layout-flex wp-container-core-buttons-is-layout-499968f5 wp-block-buttons-is-layout-flex\">\n<div class=\"wp-block-button has-custom-width wp-block-button__width-50\"><a class=\"wp-block-button__link has-text-color has-background has-medium-font-size has-custom-font-size wp-element-button\" href=\"https:\/\/www.facadeaccesssolutions.com\/es\/contact\/\" style=\"border-radius:50px;color:#ffffff;background-color:#034b75\">Obtenga una cotizaci\u00f3n<\/a><\/div>\n<\/div>\n\n\n\n<div style=\"height:40px\" aria-hidden=\"true\" class=\"wp-block-spacer\"><\/div>\n<\/div><\/div>\n\n\n\n<div style=\"height:100px\" aria-hidden=\"true\" class=\"wp-block-spacer\"><\/div>\n","protected":false},"excerpt":{"rendered":"<p>Service Solutions \u2014 Supporting Buildings at Every Stage At Facade Access Solutions NAM, we go beyond supplying equipment. We provide end-to-end service solutions that enhance safety, reliability, and compliance, particularly through fall protection systems, including fall arrest systems, and integrated design services throughout the building\u2019s life.<\/p>\n","protected":false},"author":1,"featured_media":0,"parent":0,"menu_order":0,"comment_status":"closed","ping_status":"closed","template":"","meta":{"_acf_changed":false,"_trash_the_other_posts":false,"editor_notices":[],"footnotes":""},"class_list":["post-179","page","type-page","status-publish","hentry"],"acf":[],"yoast_head":"<!-- This site is optimized with the Yoast SEO Premium plugin v27.1 (Yoast SEO v27.5) - https:\/\/yoast.com\/product\/yoast-seo-premium-wordpress\/ -->\n<title>Soluciones de Acceso a Fachadas | Facade Access Solutions<\/title>\n<meta name=\"description\" content=\"Soluciones integrales de acceso a fachadas para mantenimiento seguro de edificios. Sistemas BMU, equipos de acceso suspendido y servicios especializados.\" \/>\n<meta name=\"robots\" content=\"index, follow, max-snippet:-1, max-image-preview:large, max-video-preview:-1\" \/>\n<link rel=\"canonical\" href=\"https:\/\/www.facadeaccesssolutions.com\/es\/solutions\/\" \/>\n<meta property=\"og:locale\" content=\"es_ES\" \/>\n<meta property=\"og:type\" content=\"article\" \/>\n<meta property=\"og:title\" content=\"Soluciones\" \/>\n<meta property=\"og:description\" content=\"Soluciones integrales de acceso a fachadas para mantenimiento seguro de edificios. Sistemas BMU, equipos de acceso suspendido y servicios especializados.\" \/>\n<meta property=\"og:url\" content=\"https:\/\/www.facadeaccesssolutions.com\/es\/solutions\/\" \/>\n<meta property=\"og:site_name\" content=\"Facade Access Solutions Spain\" \/>\n<meta property=\"article:modified_time\" content=\"2026-01-21T17:02:55+00:00\" \/>\n<meta property=\"og:image\" content=\"https:\/\/www.facadeaccesssolutions.com\/wp-content\/uploads\/2025\/09\/torque-testing-1024x768.jpg\" \/>\n<meta name=\"twitter:card\" content=\"summary_large_image\" \/>\n<meta name=\"twitter:label1\" content=\"Tiempo de lectura\" \/>\n\t<meta name=\"twitter:data1\" content=\"4 minutos\" \/>\n<script type=\"application\/ld+json\" class=\"yoast-schema-graph\">{\"@context\":\"https:\\\/\\\/schema.org\",\"@graph\":[{\"@type\":\"WebPage\",\"@id\":\"https:\\\/\\\/www.facadeaccesssolutions.com\\\/es\\\/solutions\\\/\",\"url\":\"https:\\\/\\\/www.facadeaccesssolutions.com\\\/es\\\/solutions\\\/\",\"name\":\"Soluciones de Acceso a Fachadas | Facade Access Solutions\",\"isPartOf\":{\"@id\":\"https:\\\/\\\/www.facadeaccesssolutions.com\\\/es\\\/#website\"},\"primaryImageOfPage\":{\"@id\":\"https:\\\/\\\/www.facadeaccesssolutions.com\\\/es\\\/solutions\\\/#primaryimage\"},\"image\":{\"@id\":\"https:\\\/\\\/www.facadeaccesssolutions.com\\\/es\\\/solutions\\\/#primaryimage\"},\"thumbnailUrl\":\"https:\\\/\\\/www.facadeaccesssolutions.com\\\/wp-content\\\/uploads\\\/2025\\\/09\\\/torque-testing-1024x768.jpg\",\"datePublished\":\"2024-08-01T05:33:54+00:00\",\"dateModified\":\"2026-01-21T17:02:55+00:00\",\"description\":\"Soluciones integrales de acceso a fachadas para mantenimiento seguro de edificios. Sistemas BMU, equipos de acceso suspendido y servicios especializados.\",\"breadcrumb\":{\"@id\":\"https:\\\/\\\/www.facadeaccesssolutions.com\\\/es\\\/solutions\\\/#breadcrumb\"},\"inLanguage\":\"es\",\"potentialAction\":[{\"@type\":\"ReadAction\",\"target\":[\"https:\\\/\\\/www.facadeaccesssolutions.com\\\/es\\\/solutions\\\/\"]}]},{\"@type\":\"ImageObject\",\"inLanguage\":\"es\",\"@id\":\"https:\\\/\\\/www.facadeaccesssolutions.com\\\/es\\\/solutions\\\/#primaryimage\",\"url\":\"https:\\\/\\\/www.facadeaccesssolutions.com\\\/wp-content\\\/uploads\\\/2025\\\/09\\\/torque-testing-1024x768.jpg\",\"contentUrl\":\"https:\\\/\\\/www.facadeaccesssolutions.com\\\/wp-content\\\/uploads\\\/2025\\\/09\\\/torque-testing-1024x768.jpg\"},{\"@type\":\"BreadcrumbList\",\"@id\":\"https:\\\/\\\/www.facadeaccesssolutions.com\\\/es\\\/solutions\\\/#breadcrumb\",\"itemListElement\":[{\"@type\":\"ListItem\",\"position\":1,\"name\":\"Home\",\"item\":\"https:\\\/\\\/www.facadeaccesssolutions.com\\\/es\\\/\"},{\"@type\":\"ListItem\",\"position\":2,\"name\":\"Soluciones\"}]},{\"@type\":\"WebSite\",\"@id\":\"https:\\\/\\\/www.facadeaccesssolutions.com\\\/es\\\/#website\",\"url\":\"https:\\\/\\\/www.facadeaccesssolutions.com\\\/es\\\/\",\"name\":\"Facade Access Solutions Spain\",\"description\":\"Part Of Alimak Group\",\"potentialAction\":[{\"@type\":\"SearchAction\",\"target\":{\"@type\":\"EntryPoint\",\"urlTemplate\":\"https:\\\/\\\/www.facadeaccesssolutions.com\\\/es\\\/?s={search_term_string}\"},\"query-input\":{\"@type\":\"PropertyValueSpecification\",\"valueRequired\":true,\"valueName\":\"search_term_string\"}}],\"inLanguage\":\"es\"}]}<\/script>\n<!-- \/ Yoast SEO Premium plugin. -->","yoast_head_json":{"title":"Soluciones de Acceso a Fachadas | Facade Access Solutions","description":"Soluciones integrales de acceso a fachadas para mantenimiento seguro de edificios. Sistemas BMU, equipos de acceso suspendido y servicios especializados.","robots":{"index":"index","follow":"follow","max-snippet":"max-snippet:-1","max-image-preview":"max-image-preview:large","max-video-preview":"max-video-preview:-1"},"canonical":"https:\/\/www.facadeaccesssolutions.com\/es\/solutions\/","og_locale":"es_ES","og_type":"article","og_title":"Soluciones","og_description":"Soluciones integrales de acceso a fachadas para mantenimiento seguro de edificios. Sistemas BMU, equipos de acceso suspendido y servicios especializados.","og_url":"https:\/\/www.facadeaccesssolutions.com\/es\/solutions\/","og_site_name":"Facade Access Solutions Spain","article_modified_time":"2026-01-21T17:02:55+00:00","og_image":[{"url":"https:\/\/www.facadeaccesssolutions.com\/wp-content\/uploads\/2025\/09\/torque-testing-1024x768.jpg","type":"","width":"","height":""}],"twitter_card":"summary_large_image","twitter_misc":{"Tiempo de lectura":"4 minutos"},"schema":{"@context":"https:\/\/schema.org","@graph":[{"@type":"WebPage","@id":"https:\/\/www.facadeaccesssolutions.com\/es\/solutions\/","url":"https:\/\/www.facadeaccesssolutions.com\/es\/solutions\/","name":"Soluciones de Acceso a Fachadas | Facade Access Solutions","isPartOf":{"@id":"https:\/\/www.facadeaccesssolutions.com\/es\/#website"},"primaryImageOfPage":{"@id":"https:\/\/www.facadeaccesssolutions.com\/es\/solutions\/#primaryimage"},"image":{"@id":"https:\/\/www.facadeaccesssolutions.com\/es\/solutions\/#primaryimage"},"thumbnailUrl":"https:\/\/www.facadeaccesssolutions.com\/wp-content\/uploads\/2025\/09\/torque-testing-1024x768.jpg","datePublished":"2024-08-01T05:33:54+00:00","dateModified":"2026-01-21T17:02:55+00:00","description":"Soluciones integrales de acceso a fachadas para mantenimiento seguro de edificios. Sistemas BMU, equipos de acceso suspendido y servicios especializados.","breadcrumb":{"@id":"https:\/\/www.facadeaccesssolutions.com\/es\/solutions\/#breadcrumb"},"inLanguage":"es","potentialAction":[{"@type":"ReadAction","target":["https:\/\/www.facadeaccesssolutions.com\/es\/solutions\/"]}]},{"@type":"ImageObject","inLanguage":"es","@id":"https:\/\/www.facadeaccesssolutions.com\/es\/solutions\/#primaryimage","url":"https:\/\/www.facadeaccesssolutions.com\/wp-content\/uploads\/2025\/09\/torque-testing-1024x768.jpg","contentUrl":"https:\/\/www.facadeaccesssolutions.com\/wp-content\/uploads\/2025\/09\/torque-testing-1024x768.jpg"},{"@type":"BreadcrumbList","@id":"https:\/\/www.facadeaccesssolutions.com\/es\/solutions\/#breadcrumb","itemListElement":[{"@type":"ListItem","position":1,"name":"Home","item":"https:\/\/www.facadeaccesssolutions.com\/es\/"},{"@type":"ListItem","position":2,"name":"Soluciones"}]},{"@type":"WebSite","@id":"https:\/\/www.facadeaccesssolutions.com\/es\/#website","url":"https:\/\/www.facadeaccesssolutions.com\/es\/","name":"Facade Access Solutions Spain","description":"Part Of Alimak Group","potentialAction":[{"@type":"SearchAction","target":{"@type":"EntryPoint","urlTemplate":"https:\/\/www.facadeaccesssolutions.com\/es\/?s={search_term_string}"},"query-input":{"@type":"PropertyValueSpecification","valueRequired":true,"valueName":"search_term_string"}}],"inLanguage":"es"}]}},"_links":{"self":[{"href":"https:\/\/www.facadeaccesssolutions.com\/es\/wp-json\/wp\/v2\/pages\/179","targetHints":{"allow":["GET"]}}],"collection":[{"href":"https:\/\/www.facadeaccesssolutions.com\/es\/wp-json\/wp\/v2\/pages"}],"about":[{"href":"https:\/\/www.facadeaccesssolutions.com\/es\/wp-json\/wp\/v2\/types\/page"}],"author":[{"embeddable":true,"href":"https:\/\/www.facadeaccesssolutions.com\/es\/wp-json\/wp\/v2\/users\/1"}],"replies":[{"embeddable":true,"href":"https:\/\/www.facadeaccesssolutions.com\/es\/wp-json\/wp\/v2\/comments?post=179"}],"version-history":[{"count":17,"href":"https:\/\/www.facadeaccesssolutions.com\/es\/wp-json\/wp\/v2\/pages\/179\/revisions"}],"predecessor-version":[{"id":1313,"href":"https:\/\/www.facadeaccesssolutions.com\/es\/wp-json\/wp\/v2\/pages\/179\/revisions\/1313"}],"wp:attachment":[{"href":"https:\/\/www.facadeaccesssolutions.com\/es\/wp-json\/wp\/v2\/media?parent=179"}],"curies":[{"name":"wp","href":"https:\/\/api.w.org\/{rel}","templated":true}]}}