{"id":241,"date":"2024-08-01T07:06:37","date_gmt":"2024-08-01T07:06:37","guid":{"rendered":"http:\/\/localhost\/techno\/facade\/wordpress\/?page_id=241"},"modified":"2025-02-25T12:18:30","modified_gmt":"2025-02-25T12:18:30","slug":"sustainability","status":"publish","type":"page","link":"https:\/\/www.facadeaccesssolutions.com\/es\/sustainability\/","title":{"rendered":"Sostenibilidad"},"content":{"rendered":"\r\n<section class=\"breadcrumbs\" data-aos=\"fade-up\" data-aos-duration=\"600\" data-aos-easing=\"ease-out\" data-aos-delay=\"100\">\r\n    <div class=\"content_holder content_holder_1570\">\r\n    \t<ul><li class=\"main-home\"><span property=\"itemListElement\" typeof=\"ListItem\"><a property=\"item\" typeof=\"WebPage\" title=\"Ir a FACADE ACCESS SOLUTIONS Sites.\" href=\"https:\/\/www.facadeaccesssolutions.com\" class=\"main-home\" ><span property=\"name\">FACADE ACCESS SOLUTIONS Sites<\/span><\/a><meta property=\"position\" content=\"1\"><\/span><\/li>\n<li class=\"home\"><span property=\"itemListElement\" typeof=\"ListItem\"><a property=\"item\" typeof=\"WebPage\" title=\"Go to Facade Access Solutions Spain.\" href=\"https:\/\/www.facadeaccesssolutions.com\/es\" class=\"home\" aria-current=\"page\"><span property=\"name\">Home<\/span><\/a><meta property=\"position\" content=\"2\"><\/span><\/li>\n<\/ul>\r\n    <\/div>\r\n<\/section>\n\n<section class=\"page_title \" data-aos=\"fade-up\" data-aos-duration=\"600\" data-aos-easing=\"ease-out\" data-aos-delay=\"200\">\n    <div class=\"content_holder content_holder_1570\">\n        <h1>Sostenibilidad<\/h1>\n    <\/div>\n<\/section>\n\n\n\n<section class=\"solutions_intro  \">\n    <div class=\"content_holder content_holder_1570 clearfix\">\n\n\t\t                <div class=\"sol_right\" data-aos=\"fade-up\" data-aos-duration=\"600\" data-aos-easing=\"ease-out\" data-aos-delay=\"300\">\n            <img decoding=\"async\" src=\"https:\/\/www.facadeaccesssolutions.com\/es\/wp-content\/uploads\/sites\/12\/2024\/08\/sustainability-881x667_c.jpg\" alt=\"\">\n        <\/div>\n            \n        <div class=\"sol_left site_contents\" data-aos=\"fade-up\" data-aos-duration=\"600\" data-aos-easing=\"ease-out\" data-aos-delay=\"400\">\n        \t            <h5>Compromiso con la sostenibilidad<\/h5>\n<p>Operamos de manera responsable, fomentando un entorno de trabajo inclusivo y comprometido, y esperamos que nuestros socios comerciales compartan los mismos valores.<\/p>\n<p>Nos involucramos en ecosistemas claves para contribuir a la transformaci\u00f3n del sector hacia una mayor sostenibilidad.<\/p>\n<h5>Soluciones Sostenibles<\/h5>\n<p>Nuestros productos y soluciones est\u00e1n dise\u00f1ados para minimizar el impacto clim\u00e1tico ambiental durante toda su vida \u00fatil.<\/p>\n<p>A trav\u00e9s de nuestro equipo de servicio global, garantizamos productos seguros y eficientes a lo largo de muchas d\u00e9cadas.<\/p>\n<p>Con nuestras soluciones, ayudamos a nuestros clientes a optimizar su productividad de forma segura.<\/p>\n<h5>Soluciones Sostenibles<\/h5>\n<p>Nos esforzamos por reducir el impacto clim\u00e1tico en todas nuestras operaciones, proporcionando adem\u00e1s entornos de trabajo seguros y eficientes para todos nuestros empleados.<\/p>\n            <div class=\"mhide_1\">\n            \t            <\/div>\n                                <\/div>\n    <\/div>\n<\/section>\n\n\n","protected":false},"excerpt":{"rendered":"","protected":false},"author":1,"featured_media":0,"parent":0,"menu_order":0,"comment_status":"closed","ping_status":"closed","template":"","meta":{"_acf_changed":false,"_trash_the_other_posts":false,"editor_notices":[],"footnotes":""},"class_list":["post-241","page","type-page","status-publish","hentry"],"acf":[],"yoast_head":"<!-- This site is optimized with the Yoast SEO Premium plugin v27.1 (Yoast SEO v27.3) - https:\/\/yoast.com\/product\/yoast-seo-premium-wordpress\/ -->\n<title>Sostenibilidad | Facade Access Solutions<\/title>\n<meta name=\"robots\" content=\"index, follow, max-snippet:-1, max-image-preview:large, max-video-preview:-1\" \/>\n<link rel=\"canonical\" href=\"https:\/\/www.facadeaccesssolutions.com\/es\/about-us__trashed\/sustainability\/\" \/>\n<meta property=\"og:locale\" content=\"es_ES\" \/>\n<meta property=\"og:type\" content=\"article\" \/>\n<meta property=\"og:title\" content=\"Sostenibilidad\" \/>\n<meta property=\"og:url\" content=\"https:\/\/www.facadeaccesssolutions.com\/es\/about-us__trashed\/sustainability\/\" \/>\n<meta property=\"og:site_name\" content=\"Facade Access Solutions Spain\" \/>\n<meta property=\"article:modified_time\" content=\"2025-02-25T12:18:30+00:00\" \/>\n<meta name=\"twitter:card\" content=\"summary_large_image\" \/>\n<script type=\"application\/ld+json\" class=\"yoast-schema-graph\">{\"@context\":\"https:\\\/\\\/schema.org\",\"@graph\":[{\"@type\":\"WebPage\",\"@id\":\"https:\\\/\\\/www.facadeaccesssolutions.com\\\/es\\\/about-us__trashed\\\/sustainability\\\/\",\"url\":\"https:\\\/\\\/www.facadeaccesssolutions.com\\\/es\\\/about-us__trashed\\\/sustainability\\\/\",\"name\":\"Sostenibilidad | Facade Access Solutions\",\"isPartOf\":{\"@id\":\"https:\\\/\\\/www.facadeaccesssolutions.com\\\/es\\\/#website\"},\"datePublished\":\"2024-08-01T07:06:37+00:00\",\"dateModified\":\"2025-02-25T12:18:30+00:00\",\"breadcrumb\":{\"@id\":\"https:\\\/\\\/www.facadeaccesssolutions.com\\\/es\\\/about-us__trashed\\\/sustainability\\\/#breadcrumb\"},\"inLanguage\":\"es\",\"potentialAction\":[{\"@type\":\"ReadAction\",\"target\":[\"https:\\\/\\\/www.facadeaccesssolutions.com\\\/es\\\/about-us__trashed\\\/sustainability\\\/\"]}]},{\"@type\":\"BreadcrumbList\",\"@id\":\"https:\\\/\\\/www.facadeaccesssolutions.com\\\/es\\\/about-us__trashed\\\/sustainability\\\/#breadcrumb\",\"itemListElement\":[{\"@type\":\"ListItem\",\"position\":1,\"name\":\"Home\",\"item\":\"https:\\\/\\\/www.facadeaccesssolutions.com\\\/es\\\/\"},{\"@type\":\"ListItem\",\"position\":2,\"name\":\"Sostenibilidad\"}]},{\"@type\":\"WebSite\",\"@id\":\"https:\\\/\\\/www.facadeaccesssolutions.com\\\/es\\\/#website\",\"url\":\"https:\\\/\\\/www.facadeaccesssolutions.com\\\/es\\\/\",\"name\":\"Facade Access Solutions Spain\",\"description\":\"Part Of Alimak Group\",\"potentialAction\":[{\"@type\":\"SearchAction\",\"target\":{\"@type\":\"EntryPoint\",\"urlTemplate\":\"https:\\\/\\\/www.facadeaccesssolutions.com\\\/es\\\/?s={search_term_string}\"},\"query-input\":{\"@type\":\"PropertyValueSpecification\",\"valueRequired\":true,\"valueName\":\"search_term_string\"}}],\"inLanguage\":\"es\"}]}<\/script>\n<!-- \/ Yoast SEO Premium plugin. -->","yoast_head_json":{"title":"Sostenibilidad | Facade Access Solutions","robots":{"index":"index","follow":"follow","max-snippet":"max-snippet:-1","max-image-preview":"max-image-preview:large","max-video-preview":"max-video-preview:-1"},"canonical":"https:\/\/www.facadeaccesssolutions.com\/es\/about-us__trashed\/sustainability\/","og_locale":"es_ES","og_type":"article","og_title":"Sostenibilidad","og_url":"https:\/\/www.facadeaccesssolutions.com\/es\/about-us__trashed\/sustainability\/","og_site_name":"Facade Access Solutions Spain","article_modified_time":"2025-02-25T12:18:30+00:00","twitter_card":"summary_large_image","schema":{"@context":"https:\/\/schema.org","@graph":[{"@type":"WebPage","@id":"https:\/\/www.facadeaccesssolutions.com\/es\/about-us__trashed\/sustainability\/","url":"https:\/\/www.facadeaccesssolutions.com\/es\/about-us__trashed\/sustainability\/","name":"Sostenibilidad | Facade Access Solutions","isPartOf":{"@id":"https:\/\/www.facadeaccesssolutions.com\/es\/#website"},"datePublished":"2024-08-01T07:06:37+00:00","dateModified":"2025-02-25T12:18:30+00:00","breadcrumb":{"@id":"https:\/\/www.facadeaccesssolutions.com\/es\/about-us__trashed\/sustainability\/#breadcrumb"},"inLanguage":"es","potentialAction":[{"@type":"ReadAction","target":["https:\/\/www.facadeaccesssolutions.com\/es\/about-us__trashed\/sustainability\/"]}]},{"@type":"BreadcrumbList","@id":"https:\/\/www.facadeaccesssolutions.com\/es\/about-us__trashed\/sustainability\/#breadcrumb","itemListElement":[{"@type":"ListItem","position":1,"name":"Home","item":"https:\/\/www.facadeaccesssolutions.com\/es\/"},{"@type":"ListItem","position":2,"name":"Sostenibilidad"}]},{"@type":"WebSite","@id":"https:\/\/www.facadeaccesssolutions.com\/es\/#website","url":"https:\/\/www.facadeaccesssolutions.com\/es\/","name":"Facade Access Solutions Spain","description":"Part Of Alimak Group","potentialAction":[{"@type":"SearchAction","target":{"@type":"EntryPoint","urlTemplate":"https:\/\/www.facadeaccesssolutions.com\/es\/?s={search_term_string}"},"query-input":{"@type":"PropertyValueSpecification","valueRequired":true,"valueName":"search_term_string"}}],"inLanguage":"es"}]}},"_links":{"self":[{"href":"https:\/\/www.facadeaccesssolutions.com\/es\/wp-json\/wp\/v2\/pages\/241","targetHints":{"allow":["GET"]}}],"collection":[{"href":"https:\/\/www.facadeaccesssolutions.com\/es\/wp-json\/wp\/v2\/pages"}],"about":[{"href":"https:\/\/www.facadeaccesssolutions.com\/es\/wp-json\/wp\/v2\/types\/page"}],"author":[{"embeddable":true,"href":"https:\/\/www.facadeaccesssolutions.com\/es\/wp-json\/wp\/v2\/users\/1"}],"replies":[{"embeddable":true,"href":"https:\/\/www.facadeaccesssolutions.com\/es\/wp-json\/wp\/v2\/comments?post=241"}],"version-history":[{"count":6,"href":"https:\/\/www.facadeaccesssolutions.com\/es\/wp-json\/wp\/v2\/pages\/241\/revisions"}],"predecessor-version":[{"id":859,"href":"https:\/\/www.facadeaccesssolutions.com\/es\/wp-json\/wp\/v2\/pages\/241\/revisions\/859"}],"wp:attachment":[{"href":"https:\/\/www.facadeaccesssolutions.com\/es\/wp-json\/wp\/v2\/media?parent=241"}],"curies":[{"name":"wp","href":"https:\/\/api.w.org\/{rel}","templated":true}]}}