{"id":255,"date":"2024-08-01T07:15:51","date_gmt":"2024-08-01T07:15:51","guid":{"rendered":"http:\/\/localhost\/techno\/facade\/wordpress\/?page_id=255"},"modified":"2025-02-25T12:21:41","modified_gmt":"2025-02-25T12:21:41","slug":"why-work-with-us","status":"publish","type":"page","link":"https:\/\/www.facadeaccesssolutions.com\/es\/why-work-with-us\/","title":{"rendered":"\u00bfPor qu\u00e9 trabajar con nosotros?"},"content":{"rendered":"\r\n<section class=\"breadcrumbs\" data-aos=\"fade-up\" data-aos-duration=\"600\" data-aos-easing=\"ease-out\" data-aos-delay=\"100\">\r\n    <div class=\"content_holder content_holder_1570\">\r\n    \t<ul><li class=\"main-home\"><span property=\"itemListElement\" typeof=\"ListItem\"><a property=\"item\" typeof=\"WebPage\" title=\"Ir a FACADE ACCESS SOLUTIONS Sites.\" href=\"https:\/\/www.facadeaccesssolutions.com\" class=\"main-home\" ><span property=\"name\">FACADE ACCESS SOLUTIONS Sites<\/span><\/a><meta property=\"position\" content=\"1\"><\/span><\/li>\n<li class=\"home\"><span property=\"itemListElement\" typeof=\"ListItem\"><a property=\"item\" typeof=\"WebPage\" title=\"Go to Facade Access Solutions Spain.\" href=\"https:\/\/www.facadeaccesssolutions.com\/es\" class=\"home\" aria-current=\"page\"><span property=\"name\">Home<\/span><\/a><meta property=\"position\" content=\"2\"><\/span><\/li>\n<\/ul>\r\n    <\/div>\r\n<\/section>\n\n<section class=\"page_title \" data-aos=\"fade-up\" data-aos-duration=\"600\" data-aos-easing=\"ease-out\" data-aos-delay=\"200\">\n    <div class=\"content_holder content_holder_1570\">\n        <h1>\u00bfPor qu\u00e9 trabajar con nosotros?<\/h1>\n    <\/div>\n<\/section>\n\n\n\n<section class=\"solutions_intro  \">\n    <div class=\"content_holder content_holder_1570 clearfix\">\n\n\t\t                <div class=\"sol_right\" data-aos=\"fade-up\" data-aos-duration=\"600\" data-aos-easing=\"ease-out\" data-aos-delay=\"300\">\n            <img decoding=\"async\" src=\"https:\/\/www.facadeaccesssolutions.com\/es\/wp-content\/uploads\/sites\/12\/2024\/08\/why_work_1-881x515_c.jpg\" alt=\"\">\n        <\/div>\n            \n        <div class=\"sol_left site_contents\" data-aos=\"fade-up\" data-aos-duration=\"600\" data-aos-easing=\"ease-out\" data-aos-delay=\"400\">\n        \t            <h5>Personas<\/h5>\n<p>Somos un equipo apasionado por ofrecer el mejor servicio y superar los desaf\u00edos relacionados con el acceso, seguridad y eficiencia de costes. Nos gu\u00edamos por los valores del Grupo Alimak.<\/p>\n<h5>Tecnolog\u00eda<\/h5>\n<p>Nuestras soluciones integran tecnolog\u00eda robusta de primer nivel. Ademas, somos pioneros en el desarrollo de nuevas soluciones, gracias a nuestros equipos de ingenier\u00eda ubicados en Alemania, Espa\u00f1a, Luxemburgo, Toronto, Dub\u00e1i y Singapur.<\/p>\n<h5>Experiencia<\/h5>\n<p>Nuestra trayectoria es inigualable, con m\u00e1s de 80 a\u00f1os de experiencia en el sector. Hemos instalado m\u00e1s de 16,000 equipos en todo el mundo y gestionamos m\u00e1s de 300 nuevos proyectos cada a\u00f1o.<\/p>\n<h5>Presencia local y global<\/h5>\n<p>Nuestra red global nos permite combinar la mejor experiencia internacional en ingenier\u00eda y fabricaci\u00f3n, con una atenci\u00f3n cercana a nuestros clientes en la gesti\u00f3n de proyectos y servicios. Con presencia en 39 pa\u00edses, nuestro equipo est\u00e1 siempre cerca de usted.<\/p>\n<h5>Gama de productos<\/h5>\n<p>La combinaci\u00f3n de Manntech, CoxGomyl y Tractel nos permite ofrecer la mejor soluci\u00f3n o combinaci\u00f3n de soluciones para pr\u00e1cticamente cualquier proyecto. Nuestros equipos locales act\u00faan como punto \u00fanico de contacto para todas las necesidades de acceso, garantizando la seguridad en cubiertas, entornos de trabajo protegidos y el mantenimiento de fachadas a cualquier altura.<\/p>\n            <div class=\"mhide_1\">\n            \t            <\/div>\n                                <\/div>\n    <\/div>\n<\/section>\n\n\n\n\n\r\n<section class=\"service_benefits\">\r\n    <div class=\"content_holder content_holder_1570\">\r\n    \t        <h3 data-aos=\"fade-up\" data-aos-duration=\"600\" data-aos-easing=\"ease-out\" data-aos-delay=\"200\">\u00bfPor qu\u00e9 trabajar con nosotros?<\/h3>\r\n                <div class=\"sb_cols sb_cols_5  clearfix\">\r\n                \t\r\n\t\t\t            <div class=\"sb_col\" data-aos=\"fade-up\" data-aos-duration=\"600\" data-aos-easing=\"ease-out\" data-aos-delay=\"300\">\r\n            \t\t\t\t\t                \r\n                <div class=\"sb_ico\"><img decoding=\"async\" src=\"https:\/\/www.facadeaccesssolutions.com\/es\/wp-content\/uploads\/sites\/12\/2024\/08\/work_1.svg\" alt=\"Personas\"><\/div>\r\n                                <h5>Personas<\/h5>            <\/div>\r\n                        \r\n\t\t\t            <div class=\"sb_col\" data-aos=\"fade-up\" data-aos-duration=\"600\" data-aos-easing=\"ease-out\" data-aos-delay=\"400\">\r\n            \t\t\t\t\t                \r\n                <div class=\"sb_ico\"><img decoding=\"async\" src=\"https:\/\/www.facadeaccesssolutions.com\/es\/wp-content\/uploads\/sites\/12\/2024\/08\/work_2.svg\" alt=\"Tecnolog\u00eda\"><\/div>\r\n                                <h5>Tecnolog\u00eda<\/h5>            <\/div>\r\n            \r\n\t\t\t            <div class=\"sb_col\" data-aos=\"fade-up\" data-aos-duration=\"600\" data-aos-easing=\"ease-out\" data-aos-delay=\"500\">\r\n            \t\t\t\t\t                \r\n                <div class=\"sb_ico\"><img decoding=\"async\" src=\"https:\/\/www.facadeaccesssolutions.com\/es\/wp-content\/uploads\/sites\/12\/2024\/08\/work_3.svg\" alt=\"Experiencia\"><\/div>\r\n                                <h5>Experiencia<\/h5>            <\/div>\r\n                        \r\n\t\t\t            <div class=\"sb_col\" data-aos=\"fade-up\" data-aos-duration=\"600\" data-aos-easing=\"ease-out\" data-aos-delay=\"600\">\r\n            \t\t\t\t\t                \r\n                <div class=\"sb_ico\"><img decoding=\"async\" src=\"https:\/\/www.facadeaccesssolutions.com\/es\/wp-content\/uploads\/sites\/12\/2024\/08\/work_4.svg\" alt=\"Presencia local y global\"><\/div>\r\n                                <h5>Presencia local y global<\/h5>            <\/div>\r\n            \r\n\t\t\t            <div class=\"sb_col\" data-aos=\"fade-up\" data-aos-duration=\"600\" data-aos-easing=\"ease-out\" data-aos-delay=\"700\">\r\n            \t\t\t\t\t                \r\n                <div class=\"sb_ico\"><img decoding=\"async\" src=\"https:\/\/www.facadeaccesssolutions.com\/es\/wp-content\/uploads\/sites\/12\/2024\/08\/work_5.svg\" alt=\"Gama de productos\"><\/div>\r\n                                <h5>Gama de productos<\/h5>            <\/div>\r\n            \r\n        <\/div>\r\n    <\/div>\r\n<\/section>\r\n\r\n\r\n","protected":false},"excerpt":{"rendered":"","protected":false},"author":1,"featured_media":0,"parent":0,"menu_order":0,"comment_status":"closed","ping_status":"closed","template":"","meta":{"_acf_changed":false,"_trash_the_other_posts":false,"editor_notices":[],"footnotes":""},"class_list":["post-255","page","type-page","status-publish","hentry"],"acf":[],"yoast_head":"<!-- This site is optimized with the Yoast SEO Premium plugin v27.1 (Yoast SEO v27.3) - https:\/\/yoast.com\/product\/yoast-seo-premium-wordpress\/ -->\n<title>\u00bfPor qu\u00e9 trabajar con nosotros? | Facade Access Solutions<\/title>\n<meta name=\"robots\" content=\"index, follow, max-snippet:-1, max-image-preview:large, max-video-preview:-1\" \/>\n<link rel=\"canonical\" href=\"https:\/\/www.facadeaccesssolutions.com\/es\/about-us__trashed\/why-work-with-us\/\" \/>\n<meta property=\"og:locale\" content=\"es_ES\" \/>\n<meta property=\"og:type\" content=\"article\" \/>\n<meta property=\"og:title\" content=\"\u00bfPor qu\u00e9 trabajar con nosotros?\" \/>\n<meta property=\"og:url\" content=\"https:\/\/www.facadeaccesssolutions.com\/es\/about-us__trashed\/why-work-with-us\/\" \/>\n<meta property=\"og:site_name\" content=\"Facade Access Solutions Spain\" \/>\n<meta property=\"article:modified_time\" content=\"2025-02-25T12:21:41+00:00\" \/>\n<meta name=\"twitter:card\" content=\"summary_large_image\" \/>\n<script type=\"application\/ld+json\" class=\"yoast-schema-graph\">{\"@context\":\"https:\\\/\\\/schema.org\",\"@graph\":[{\"@type\":\"WebPage\",\"@id\":\"https:\\\/\\\/www.facadeaccesssolutions.com\\\/es\\\/about-us__trashed\\\/why-work-with-us\\\/\",\"url\":\"https:\\\/\\\/www.facadeaccesssolutions.com\\\/es\\\/about-us__trashed\\\/why-work-with-us\\\/\",\"name\":\"\u00bfPor qu\u00e9 trabajar con nosotros? | Facade Access Solutions\",\"isPartOf\":{\"@id\":\"https:\\\/\\\/www.facadeaccesssolutions.com\\\/es\\\/#website\"},\"datePublished\":\"2024-08-01T07:15:51+00:00\",\"dateModified\":\"2025-02-25T12:21:41+00:00\",\"breadcrumb\":{\"@id\":\"https:\\\/\\\/www.facadeaccesssolutions.com\\\/es\\\/about-us__trashed\\\/why-work-with-us\\\/#breadcrumb\"},\"inLanguage\":\"es\",\"potentialAction\":[{\"@type\":\"ReadAction\",\"target\":[\"https:\\\/\\\/www.facadeaccesssolutions.com\\\/es\\\/about-us__trashed\\\/why-work-with-us\\\/\"]}]},{\"@type\":\"BreadcrumbList\",\"@id\":\"https:\\\/\\\/www.facadeaccesssolutions.com\\\/es\\\/about-us__trashed\\\/why-work-with-us\\\/#breadcrumb\",\"itemListElement\":[{\"@type\":\"ListItem\",\"position\":1,\"name\":\"Home\",\"item\":\"https:\\\/\\\/www.facadeaccesssolutions.com\\\/es\\\/\"},{\"@type\":\"ListItem\",\"position\":2,\"name\":\"\u00bfPor qu\u00e9 trabajar con nosotros?\"}]},{\"@type\":\"WebSite\",\"@id\":\"https:\\\/\\\/www.facadeaccesssolutions.com\\\/es\\\/#website\",\"url\":\"https:\\\/\\\/www.facadeaccesssolutions.com\\\/es\\\/\",\"name\":\"Facade Access Solutions Spain\",\"description\":\"Part Of Alimak Group\",\"potentialAction\":[{\"@type\":\"SearchAction\",\"target\":{\"@type\":\"EntryPoint\",\"urlTemplate\":\"https:\\\/\\\/www.facadeaccesssolutions.com\\\/es\\\/?s={search_term_string}\"},\"query-input\":{\"@type\":\"PropertyValueSpecification\",\"valueRequired\":true,\"valueName\":\"search_term_string\"}}],\"inLanguage\":\"es\"}]}<\/script>\n<!-- \/ Yoast SEO Premium plugin. -->","yoast_head_json":{"title":"\u00bfPor qu\u00e9 trabajar con nosotros? | Facade Access Solutions","robots":{"index":"index","follow":"follow","max-snippet":"max-snippet:-1","max-image-preview":"max-image-preview:large","max-video-preview":"max-video-preview:-1"},"canonical":"https:\/\/www.facadeaccesssolutions.com\/es\/about-us__trashed\/why-work-with-us\/","og_locale":"es_ES","og_type":"article","og_title":"\u00bfPor qu\u00e9 trabajar con nosotros?","og_url":"https:\/\/www.facadeaccesssolutions.com\/es\/about-us__trashed\/why-work-with-us\/","og_site_name":"Facade Access Solutions Spain","article_modified_time":"2025-02-25T12:21:41+00:00","twitter_card":"summary_large_image","schema":{"@context":"https:\/\/schema.org","@graph":[{"@type":"WebPage","@id":"https:\/\/www.facadeaccesssolutions.com\/es\/about-us__trashed\/why-work-with-us\/","url":"https:\/\/www.facadeaccesssolutions.com\/es\/about-us__trashed\/why-work-with-us\/","name":"\u00bfPor qu\u00e9 trabajar con nosotros? | Facade Access Solutions","isPartOf":{"@id":"https:\/\/www.facadeaccesssolutions.com\/es\/#website"},"datePublished":"2024-08-01T07:15:51+00:00","dateModified":"2025-02-25T12:21:41+00:00","breadcrumb":{"@id":"https:\/\/www.facadeaccesssolutions.com\/es\/about-us__trashed\/why-work-with-us\/#breadcrumb"},"inLanguage":"es","potentialAction":[{"@type":"ReadAction","target":["https:\/\/www.facadeaccesssolutions.com\/es\/about-us__trashed\/why-work-with-us\/"]}]},{"@type":"BreadcrumbList","@id":"https:\/\/www.facadeaccesssolutions.com\/es\/about-us__trashed\/why-work-with-us\/#breadcrumb","itemListElement":[{"@type":"ListItem","position":1,"name":"Home","item":"https:\/\/www.facadeaccesssolutions.com\/es\/"},{"@type":"ListItem","position":2,"name":"\u00bfPor qu\u00e9 trabajar con nosotros?"}]},{"@type":"WebSite","@id":"https:\/\/www.facadeaccesssolutions.com\/es\/#website","url":"https:\/\/www.facadeaccesssolutions.com\/es\/","name":"Facade Access Solutions Spain","description":"Part Of Alimak Group","potentialAction":[{"@type":"SearchAction","target":{"@type":"EntryPoint","urlTemplate":"https:\/\/www.facadeaccesssolutions.com\/es\/?s={search_term_string}"},"query-input":{"@type":"PropertyValueSpecification","valueRequired":true,"valueName":"search_term_string"}}],"inLanguage":"es"}]}},"_links":{"self":[{"href":"https:\/\/www.facadeaccesssolutions.com\/es\/wp-json\/wp\/v2\/pages\/255","targetHints":{"allow":["GET"]}}],"collection":[{"href":"https:\/\/www.facadeaccesssolutions.com\/es\/wp-json\/wp\/v2\/pages"}],"about":[{"href":"https:\/\/www.facadeaccesssolutions.com\/es\/wp-json\/wp\/v2\/types\/page"}],"author":[{"embeddable":true,"href":"https:\/\/www.facadeaccesssolutions.com\/es\/wp-json\/wp\/v2\/users\/1"}],"replies":[{"embeddable":true,"href":"https:\/\/www.facadeaccesssolutions.com\/es\/wp-json\/wp\/v2\/comments?post=255"}],"version-history":[{"count":5,"href":"https:\/\/www.facadeaccesssolutions.com\/es\/wp-json\/wp\/v2\/pages\/255\/revisions"}],"predecessor-version":[{"id":861,"href":"https:\/\/www.facadeaccesssolutions.com\/es\/wp-json\/wp\/v2\/pages\/255\/revisions\/861"}],"wp:attachment":[{"href":"https:\/\/www.facadeaccesssolutions.com\/es\/wp-json\/wp\/v2\/media?parent=255"}],"curies":[{"name":"wp","href":"https:\/\/api.w.org\/{rel}","templated":true}]}}