{"id":1004,"date":"2026-01-04T14:13:10","date_gmt":"2026-01-04T14:13:10","guid":{"rendered":"https:\/\/www.facadeaccesssolutions.com\/fr\/?page_id=1004"},"modified":"2026-01-21T17:24:02","modified_gmt":"2026-01-21T17:24:02","slug":"services","status":"publish","type":"page","link":"https:\/\/www.facadeaccesssolutions.com\/fr\/services\/","title":{"rendered":"Services"},"content":{"rendered":"\r\n<section class=\"breadcrumbs\" data-aos=\"fade-up\" data-aos-duration=\"600\" data-aos-easing=\"ease-out\" data-aos-delay=\"100\">\r\n    <div class=\"content_holder content_holder_1570\">\r\n    \t<ul><li class=\"main-home\"><span property=\"itemListElement\" typeof=\"ListItem\"><a property=\"item\" typeof=\"WebPage\" title=\"Aller \u00e0 FACADE ACCESS SOLUTIONS Sites.\" href=\"https:\/\/www.facadeaccesssolutions.com\" class=\"main-home\" ><span property=\"name\">FACADE ACCESS SOLUTIONS Sites<\/span><\/a><meta property=\"position\" content=\"1\"><\/span><\/li>\n<li class=\"home\"><span property=\"itemListElement\" typeof=\"ListItem\"><a property=\"item\" typeof=\"WebPage\" title=\"Go to Facade Access Solutions France.\" href=\"https:\/\/www.facadeaccesssolutions.com\/fr\" class=\"home\" aria-current=\"page\"><span property=\"name\">Home<\/span><\/a><meta property=\"position\" content=\"2\"><\/span><\/li>\n<\/ul>\r\n    <\/div>\r\n<\/section>\n\n<section class=\"page_title \" data-aos=\"fade-up\" data-aos-duration=\"600\" data-aos-easing=\"ease-out\" data-aos-delay=\"200\">\n    <div class=\"content_holder content_holder_1570\">\n        <h1>Des Services Complets d&rsquo;Acc\u00e8s aux Fa\u00e7ades pour une Maintenance S\u00fbre et Durable des B\u00e2timents<\/h1>\n    <\/div>\n<\/section>\n\n\n\n<section class=\"solutions_intro  \">\n    <div class=\"content_holder content_holder_1570 clearfix\">\n\n\t\t                <div class=\"sol_right\" data-aos=\"fade-up\" data-aos-duration=\"600\" data-aos-easing=\"ease-out\" data-aos-delay=\"300\">\n            <img decoding=\"async\" src=\"https:\/\/www.facadeaccesssolutions.com\/fr\/wp-content\/uploads\/sites\/10\/2024\/08\/solution_1-881x515_c.jpg\" alt=\"\">\n        <\/div>\n            \n        <div class=\"sol_left site_contents\" data-aos=\"fade-up\" data-aos-duration=\"600\" data-aos-easing=\"ease-out\" data-aos-delay=\"400\">\n        \t<h4 class=\"title_line title_line_mob\">Les b\u00e2timents en France n\u00e9cessitent des syst\u00e8mes d&rsquo;acc\u00e8s aux fa\u00e7ades s\u00fbrs et fiables qui r\u00e9pondent \u00e0 des normes de s\u00e9curit\u00e9 strictes tout en soutenant la maintenance \u00e0 long terme. Les structures plus anciennes peuvent \u00eatre am\u00e9lior\u00e9es gr\u00e2ce \u00e0 nos solutions de r\u00e9novation. Ces options de modernisation aident les propri\u00e9taires de b\u00e2timents \u00e0 se conformer aux exigences architecturales actualis\u00e9es tout en prot\u00e9geant leur investissement \u00e0 long terme.<\/h4>            <p>Notre r&ocirc;le est de fournir des nacelles de maintenance de b&acirc;timents et des services d&rsquo;&eacute;quipements d&rsquo;acc&egrave;s aux fa&ccedil;ades qui combinent une ing&eacute;nierie de qualit&eacute; avec la conformit&eacute; aux normes de s&eacute;curit&eacute; internationales. <\/p>\n<p>Que ce soit pour des projets de nouvelle construction ou de modernisation, nous fournissons des services int&eacute;gr&eacute;s de conception et de maintenance qui r&eacute;pondent aux besoins architecturaux et op&eacute;rationnels. Avec des d&eacute;cennies d&rsquo;exp&eacute;rience et la force du groupe Alimak, nous offrons une gamme compl&egrave;te de services de nacelles de maintenance de b&acirc;timents approuv&eacute;s par des clients dans le monde entier.<\/p>\n            <div class=\"mhide_1\">\n            \t            <\/div>\n            \t            <a href=\"https:\/\/www.facadeaccesssolutions.com\/fr\/contact\/\" class=\"site_btn site_btn_sm\" target=\"\">\n\t\t\t\t\tRenseigner                <\/a>\n                                <\/div>\n    <\/div>\n<\/section>\n\n\n\n\n\n<div style=\"height:100px\" aria-hidden=\"true\" class=\"wp-block-spacer\"><\/div>\n\n\n\n<div class=\"wp-block-columns is-layout-flex wp-container-core-columns-is-layout-9d6595d7 wp-block-columns-is-layout-flex\">\n<div class=\"wp-block-column is-layout-flow wp-block-column-is-layout-flow\" style=\"flex-basis:49.97%\">\n<h2 class=\"wp-block-heading has-text-align-left has-large-font-size\" id=\"h-nos-solutions-de-services-soutenir-les-batiments-a-chaque-etape\">Nos Solutions de Services \u2013 Soutenir les B\u00e2timents \u00e0 Chaque \u00c9tape<\/h2>\n\n\n\n<p>Les \u00e9quipements d&rsquo;acc\u00e8s ne sont fiables que si les services qui les soutiennent le sont aussi. Des b\u00e2timents bas aux immeubles de grande hauteur, l&rsquo;inspection continue, la modernisation et la gestion du cycle de vie sont essentielles pour garantir la s\u00e9curit\u00e9 et la performance. Nos solutions de services couvrent tous les aspects de la maintenance de l&rsquo;acc\u00e8s aux fa\u00e7ades, des inspections d&rsquo;\u00e9quipements et des syst\u00e8mes de s\u00e9curit\u00e9 \u00e0 la formation des op\u00e9rateurs et \u00e0 la gestion des actifs. Cette approche aide \u00e0 maintenir des syst\u00e8mes d&rsquo;acc\u00e8s aux fa\u00e7ades efficaces tout en prot\u00e9geant la valeur \u00e0 long terme.<\/p>\n<\/div>\n\n\n\n<div class=\"wp-block-column is-layout-flow wp-block-column-is-layout-flow\" style=\"flex-basis:50.03%\">\r\n<section class=\"accordion_list\" style=\"padding-top:px; padding-bottom:px;\">\r\n    <div class=\"content_holder content_holder_1570 clearfix\">\r\n\t\t<div class=\"acc_wrap\" data-aos=\"fade-up\" data-aos-duration=\"600\" data-aos-easing=\"ease-out\" data-aos-delay=\"100\">\r\n        \t                                    \t                    <div class=\"acc_item\">\r\n                        <div class=\"acc_title\">Solutions de Services <span><\/span><\/div>\r\n                        <div class=\"acc_txt\">\r\n                            <div class=\"site_contents\">\r\n                            \t<p>Nous fournissons une gamme compl\u00e8te de services d&rsquo;acc\u00e8s aux fa\u00e7ades con\u00e7us pour soutenir les b\u00e2timents \u00e0 chaque \u00e9tape de leur vie. Nos services de conception int\u00e9gr\u00e9s connectent les nacelles de maintenance de b\u00e2timents, les plates-formes motoris\u00e9es et les syst\u00e8mes de protection dans un processus unique et fluide. Cela aide les architectes, les entrepreneurs et les propri\u00e9taires de b\u00e2timents \u00e0 obtenir un acc\u00e8s s\u00fbr et rentable.<\/p>\n                            <\/div>\r\n                        <\/div>\r\n                    <\/div>\r\n                                        \t                    <div class=\"acc_item\">\r\n                        <div class=\"acc_title\">Inspection, S\u00e9curit\u00e9 et Conformit\u00e9 <span><\/span><\/div>\r\n                        <div class=\"acc_txt\">\r\n                            <div class=\"site_contents\">\r\n                            \t<p>Les programmes d&rsquo;inspection r\u00e9guliers et les tests de charge maintiennent les syst\u00e8mes d&rsquo;acc\u00e8s aux fa\u00e7ades s\u00fbrs et op\u00e9rationnels. Nos services de conformit\u00e9 couvrent les syst\u00e8mes de protection contre les chutes, les syst\u00e8mes d&rsquo;arr\u00eat de chute et les ancrages en rappel pour r\u00e9pondre aux normes de s\u00e9curit\u00e9 internationales. Les propri\u00e9taires de b\u00e2timents et les gestionnaires immobiliers peuvent \u00eatre confiants que les nacelles de maintenance, les plates-formes suspendues et les \u00e9quipements d&rsquo;acc\u00e8s fonctionnent de mani\u00e8re s\u00fbre et efficace.<\/p>\n                            <\/div>\r\n                        <\/div>\r\n                    <\/div>\r\n                                        \t                    <div class=\"acc_item\">\r\n                        <div class=\"acc_title\">Solutions de R\u00e9novation <span><\/span><\/div>\r\n                        <div class=\"acc_txt\">\r\n                            <div class=\"site_contents\">\r\n                            \t<p>Les b\u00e2timents plus anciens b\u00e9n\u00e9ficient de la modernisation gr\u00e2ce \u00e0 nos solutions de modernisation et de r\u00e9novation. Ces options aident les propri\u00e9taires de b\u00e2timents \u00e0 r\u00e9pondre aux nouvelles exigences architecturales et \u00e0 prot\u00e9ger leur investissement \u00e0 long terme. <\/p>\n                            <\/div>\r\n                        <\/div>\r\n                    <\/div>\r\n                                        \t                    <div class=\"acc_item\">\r\n                        <div class=\"acc_title\">Pi\u00e8ces de Rechange OEM  <span><\/span><\/div>\r\n                        <div class=\"acc_txt\">\r\n                            <div class=\"site_contents\">\r\n                            \t<p>La performance fiable commence avec des composants authentiques. Nous fournissons des pi\u00e8ces de rechange approuv\u00e9es par les fabricants pour les nacelles de maintenance de b\u00e2timents (BMU), les plates-formes motoris\u00e9es et d&rsquo;autres syst\u00e8mes d&rsquo;acc\u00e8s. Cela r\u00e9duit les temps d&rsquo;arr\u00eat et prolonge la dur\u00e9e de vie des \u00e9quipements. L&rsquo;utilisation de pi\u00e8ces d&rsquo;origine aide \u00e0 maintenir la s\u00e9curit\u00e9, \u00e0 prolonger l&rsquo;utilisation des syst\u00e8mes de fa\u00e7ade et \u00e0 garantir une performance constante. <\/p>\n                            <\/div>\r\n                        <\/div>\r\n                    <\/div>\r\n                                        \t                    <div class=\"acc_item\">\r\n                        <div class=\"acc_title\">Gestion des Actifs  <span><\/span><\/div>\r\n                        <div class=\"acc_txt\">\r\n                            <div class=\"site_contents\">\r\n                            \t<p>Nos services de gestion des actifs combinent le suivi num\u00e9rique, la surveillance du cycle de vie et les calendriers de tests dans un programme de soins proactif. Nous g\u00e9rons les \u00e9quipements d&rsquo;acc\u00e8s aux fa\u00e7ades, y compris les BMU, les plates-formes motoris\u00e9es et les syst\u00e8mes de protection pour r\u00e9duire les r\u00e9parations impr\u00e9vues, augmenter l&rsquo;efficacit\u00e9 et garantir un fonctionnement s\u00fbr tout au long du cycle de vie du b\u00e2timent. <\/p>\n                            <\/div>\r\n                        <\/div>\r\n                    <\/div>\r\n                                        \t                    <div class=\"acc_item\">\r\n                        <div class=\"acc_title\">Formation  <span><\/span><\/div>\r\n                        <div class=\"acc_txt\">\r\n                            <div class=\"site_contents\">\r\n                            \t<p>Un fonctionnement s\u00fbr d\u00e9pend de personnel qualifi\u00e9. Nous offrons des programmes de formation qui renforcent la connaissance des syst\u00e8mes d&rsquo;acc\u00e8s aux fa\u00e7ades et des pratiques de s\u00e9curit\u00e9 internationales. En am\u00e9liorant les comp\u00e9tences op\u00e9rationnelles, les propri\u00e9taires de b\u00e2timents peuvent \u00eatre confiants que les nacelles de maintenance, les plates-formes suspendues et les syst\u00e8mes d&rsquo;acc\u00e8s sont utilis\u00e9s de mani\u00e8re s\u00fbre et correcte. <\/p>\n                            <\/div>\r\n                        <\/div>\r\n                    <\/div>\r\n                                    <\/div>\r\n    <\/div>\r\n<\/section>\r\n\r\n<\/div>\n<\/div>\n\n\n\n<div style=\"height:100px\" aria-hidden=\"true\" class=\"wp-block-spacer\"><\/div>\n\n\n\n<div class=\"wp-block-columns are-vertically-aligned-center is-layout-flex wp-container-core-columns-is-layout-9d6595d7 wp-block-columns-is-layout-flex\">\n<div class=\"wp-block-column is-vertically-aligned-center is-layout-flow wp-block-column-is-layout-flow\" style=\"flex-basis:50%\"><div class=\"wp-block-image\">\n<figure class=\"aligncenter size-full\"><img decoding=\"async\" src=\"https:\/\/www.facadeaccesssolutions.com\/wp-content\/uploads\/2024\/10\/Future-Proofing-Buildings.jpeg\" alt=\"\" class=\"wp-image-847\" style=\"aspect-ratio:16\/9;object-fit:cover\"\/><\/figure>\n<\/div><\/div>\n\n\n\n<div class=\"wp-block-column is-layout-flow wp-block-column-is-layout-flow\" style=\"flex-basis:50%\">\n<p><\/p>\n\n\n\n<h2 class=\"wp-block-heading\" id=\"h-facade-access-solutions-approuve-par-les-proprietaires-de-batiments-dans-le-monde-entier\">Facade Access Solutions : Approuv\u00e9 par les Propri\u00e9taires de B\u00e2timents dans le Monde Entier<\/h2>\n\n\n\n<p>Facade Access Solutions fait partie du groupe Alimak, un leader mondial dans les nacelles de maintenance de b\u00e2timents et les syst\u00e8mes d&rsquo;acc\u00e8s aux fa\u00e7ades. Avec plus de 60 ans d&rsquo;exp\u00e9rience en ing\u00e9nierie et des milliers d&rsquo;installations dans le monde entier, nous fournissons des solutions \u00e9prouv\u00e9es qui offrent un acc\u00e8s s\u00fbr et une fiabilit\u00e9 \u00e0 long terme.<\/p>\n\n\n\n<p>En travaillant avec les marques de confiance du groupe Alimak, notamment Tractel, Manntech et CoxGomyl, nous offrons une gamme compl\u00e8te de syst\u00e8mes d&rsquo;acc\u00e8s aux fa\u00e7ades pour les structures basses, de grande hauteur et complexes. Des projets de nouvelle construction aux projets de modernisation, nous fournissons des solutions qui combinent une conception efficace, des composants de haute qualit\u00e9 et des soins complets tout au long du cycle de vie.<\/p>\n<\/div>\n<\/div>\n\n\n\n<div class=\"wp-block-columns is-layout-flex wp-container-core-columns-is-layout-9d6595d7 wp-block-columns-is-layout-flex\">\n<div class=\"wp-block-column is-layout-flow wp-block-column-is-layout-flow\" style=\"flex-basis:33.33%\"><\/div>\n<\/div>\n\n\n\n<div style=\"height:100px\" aria-hidden=\"true\" class=\"wp-block-spacer\"><\/div>\n\n\n\n<div class=\"wp-block-group alignfull narrow_width has-luminous-vivid-orange-background-color has-text-color has-background\" style=\"color:#000000\"><div class=\"wp-block-group__inner-container is-layout-flow wp-block-group-is-layout-flow\">\n<div style=\"height:40px\" aria-hidden=\"true\" class=\"wp-block-spacer\"><\/div>\n\n\n\n<h2 class=\"wp-block-heading has-text-align-center has-white-color has-text-color has-link-color has-x-large-font-size wp-elements-4a60007735f2eae490a20a9004c059ba\" id=\"h-construisez-en-toute-confiance\">CONSTRUISEZ EN TOUTE CONFIANCE<\/h2>\n\n\n\n<p class=\"has-text-align-center has-white-color has-text-color has-link-color has-medium-font-size wp-elements-11074cc57d823ef5de13a2a1f9a9033a\" style=\"line-height:.9\">B\u00e9n\u00e9ficiez de syst\u00e8mes d&rsquo;acc\u00e8s aux fa\u00e7ades fiables et d&rsquo;un service apr\u00e8s-vente complet.<br><\/p>\n\n\n\n<div class=\"wp-block-buttons is-horizontal is-content-justification-center is-layout-flex wp-container-core-buttons-is-layout-499968f5 wp-block-buttons-is-layout-flex\">\n<div class=\"wp-block-button has-custom-width wp-block-button__width-50\"><a class=\"wp-block-button__link has-text-color has-background has-medium-font-size has-custom-font-size wp-element-button\" href=\"https:\/\/www.facadeaccesssolutions.com\/fr\/contact\/\" style=\"border-radius:64px;color:#ffffff;background-color:#004c78\">Contactez-nous<\/a><\/div>\n<\/div>\n\n\n\n<div style=\"height:40px\" aria-hidden=\"true\" class=\"wp-block-spacer\"><\/div>\n<\/div><\/div>\n\n\n\n<div style=\"height:100px\" aria-hidden=\"true\" class=\"wp-block-spacer\"><\/div>\n\n\n\n<p><\/p>\n","protected":false},"excerpt":{"rendered":"<p>Nos Solutions de Services \u2013 Soutenir les B\u00e2timents \u00e0 Chaque \u00c9tape Les \u00e9quipements d&rsquo;acc\u00e8s ne &#8230;<\/p>\n","protected":false},"author":1,"featured_media":0,"parent":0,"menu_order":0,"comment_status":"closed","ping_status":"closed","template":"","meta":{"_acf_changed":false,"_trash_the_other_posts":false,"editor_notices":[],"footnotes":""},"class_list":["post-1004","page","type-page","status-publish","hentry"],"acf":[],"yoast_head":"<!-- This site is optimized with the Yoast SEO Premium plugin v27.1 (Yoast SEO v27.3) - https:\/\/yoast.com\/product\/yoast-seo-premium-wordpress\/ -->\n<title>Services d&#039;Acc\u00e8s aux Fa\u00e7ades | Facade Access Solutions<\/title>\n<meta name=\"description\" content=\"Solutions compl\u00e8tes de maintenance de fa\u00e7ades avec \u00e9quipements certifi\u00e9s, inspections de s\u00e9curit\u00e9 et services de gestion du cycle de vie.\" \/>\n<meta name=\"robots\" content=\"index, follow, max-snippet:-1, max-image-preview:large, max-video-preview:-1\" \/>\n<link rel=\"canonical\" href=\"https:\/\/www.facadeaccesssolutions.com\/fr\/services\/\" \/>\n<meta property=\"og:locale\" content=\"fr_FR\" \/>\n<meta property=\"og:type\" content=\"article\" \/>\n<meta property=\"og:title\" content=\"Services\" \/>\n<meta property=\"og:description\" content=\"Solutions compl\u00e8tes de maintenance de fa\u00e7ades avec \u00e9quipements certifi\u00e9s, inspections de s\u00e9curit\u00e9 et services de gestion du cycle de vie.\" \/>\n<meta property=\"og:url\" content=\"https:\/\/www.facadeaccesssolutions.com\/fr\/services\/\" \/>\n<meta property=\"og:site_name\" content=\"Facade Access Solutions France\" \/>\n<meta property=\"article:modified_time\" content=\"2026-01-21T17:24:02+00:00\" \/>\n<meta property=\"og:image\" content=\"https:\/\/www.facadeaccesssolutions.com\/wp-content\/uploads\/2024\/10\/Future-Proofing-Buildings.jpeg\" \/>\n<meta name=\"twitter:card\" content=\"summary_large_image\" \/>\n<meta name=\"twitter:label1\" content=\"Dur\u00e9e de lecture estim\u00e9e\" \/>\n\t<meta name=\"twitter:data1\" content=\"2 minutes\" \/>\n<script type=\"application\/ld+json\" class=\"yoast-schema-graph\">{\"@context\":\"https:\\\/\\\/schema.org\",\"@graph\":[{\"@type\":\"WebPage\",\"@id\":\"https:\\\/\\\/www.facadeaccesssolutions.com\\\/fr\\\/services\\\/\",\"url\":\"https:\\\/\\\/www.facadeaccesssolutions.com\\\/fr\\\/services\\\/\",\"name\":\"Services d'Acc\u00e8s aux Fa\u00e7ades | Facade Access Solutions\",\"isPartOf\":{\"@id\":\"https:\\\/\\\/www.facadeaccesssolutions.com\\\/fr\\\/#website\"},\"primaryImageOfPage\":{\"@id\":\"https:\\\/\\\/www.facadeaccesssolutions.com\\\/fr\\\/services\\\/#primaryimage\"},\"image\":{\"@id\":\"https:\\\/\\\/www.facadeaccesssolutions.com\\\/fr\\\/services\\\/#primaryimage\"},\"thumbnailUrl\":\"https:\\\/\\\/www.facadeaccesssolutions.com\\\/wp-content\\\/uploads\\\/2024\\\/10\\\/Future-Proofing-Buildings.jpeg\",\"datePublished\":\"2026-01-04T14:13:10+00:00\",\"dateModified\":\"2026-01-21T17:24:02+00:00\",\"description\":\"Solutions compl\u00e8tes de maintenance de fa\u00e7ades avec \u00e9quipements certifi\u00e9s, inspections de s\u00e9curit\u00e9 et services de gestion du cycle de vie.\",\"breadcrumb\":{\"@id\":\"https:\\\/\\\/www.facadeaccesssolutions.com\\\/fr\\\/services\\\/#breadcrumb\"},\"inLanguage\":\"fr-FR\",\"potentialAction\":[{\"@type\":\"ReadAction\",\"target\":[\"https:\\\/\\\/www.facadeaccesssolutions.com\\\/fr\\\/services\\\/\"]}]},{\"@type\":\"ImageObject\",\"inLanguage\":\"fr-FR\",\"@id\":\"https:\\\/\\\/www.facadeaccesssolutions.com\\\/fr\\\/services\\\/#primaryimage\",\"url\":\"https:\\\/\\\/www.facadeaccesssolutions.com\\\/wp-content\\\/uploads\\\/2024\\\/10\\\/Future-Proofing-Buildings.jpeg\",\"contentUrl\":\"https:\\\/\\\/www.facadeaccesssolutions.com\\\/wp-content\\\/uploads\\\/2024\\\/10\\\/Future-Proofing-Buildings.jpeg\"},{\"@type\":\"BreadcrumbList\",\"@id\":\"https:\\\/\\\/www.facadeaccesssolutions.com\\\/fr\\\/services\\\/#breadcrumb\",\"itemListElement\":[{\"@type\":\"ListItem\",\"position\":1,\"name\":\"Home\",\"item\":\"https:\\\/\\\/www.facadeaccesssolutions.com\\\/fr\\\/\"},{\"@type\":\"ListItem\",\"position\":2,\"name\":\"Services\"}]},{\"@type\":\"WebSite\",\"@id\":\"https:\\\/\\\/www.facadeaccesssolutions.com\\\/fr\\\/#website\",\"url\":\"https:\\\/\\\/www.facadeaccesssolutions.com\\\/fr\\\/\",\"name\":\"Facade Access Solutions\",\"description\":\"Part Of Alimak Group\",\"potentialAction\":[{\"@type\":\"SearchAction\",\"target\":{\"@type\":\"EntryPoint\",\"urlTemplate\":\"https:\\\/\\\/www.facadeaccesssolutions.com\\\/fr\\\/?s={search_term_string}\"},\"query-input\":{\"@type\":\"PropertyValueSpecification\",\"valueRequired\":true,\"valueName\":\"search_term_string\"}}],\"inLanguage\":\"fr-FR\"}]}<\/script>\n<!-- \/ Yoast SEO Premium plugin. -->","yoast_head_json":{"title":"Services d'Acc\u00e8s aux Fa\u00e7ades | Facade Access Solutions","description":"Solutions compl\u00e8tes de maintenance de fa\u00e7ades avec \u00e9quipements certifi\u00e9s, inspections de s\u00e9curit\u00e9 et services de gestion du cycle de vie.","robots":{"index":"index","follow":"follow","max-snippet":"max-snippet:-1","max-image-preview":"max-image-preview:large","max-video-preview":"max-video-preview:-1"},"canonical":"https:\/\/www.facadeaccesssolutions.com\/fr\/services\/","og_locale":"fr_FR","og_type":"article","og_title":"Services","og_description":"Solutions compl\u00e8tes de maintenance de fa\u00e7ades avec \u00e9quipements certifi\u00e9s, inspections de s\u00e9curit\u00e9 et services de gestion du cycle de vie.","og_url":"https:\/\/www.facadeaccesssolutions.com\/fr\/services\/","og_site_name":"Facade Access Solutions France","article_modified_time":"2026-01-21T17:24:02+00:00","og_image":[{"url":"https:\/\/www.facadeaccesssolutions.com\/wp-content\/uploads\/2024\/10\/Future-Proofing-Buildings.jpeg","type":"","width":"","height":""}],"twitter_card":"summary_large_image","twitter_misc":{"Dur\u00e9e de lecture estim\u00e9e":"2 minutes"},"schema":{"@context":"https:\/\/schema.org","@graph":[{"@type":"WebPage","@id":"https:\/\/www.facadeaccesssolutions.com\/fr\/services\/","url":"https:\/\/www.facadeaccesssolutions.com\/fr\/services\/","name":"Services d'Acc\u00e8s aux Fa\u00e7ades | Facade Access Solutions","isPartOf":{"@id":"https:\/\/www.facadeaccesssolutions.com\/fr\/#website"},"primaryImageOfPage":{"@id":"https:\/\/www.facadeaccesssolutions.com\/fr\/services\/#primaryimage"},"image":{"@id":"https:\/\/www.facadeaccesssolutions.com\/fr\/services\/#primaryimage"},"thumbnailUrl":"https:\/\/www.facadeaccesssolutions.com\/wp-content\/uploads\/2024\/10\/Future-Proofing-Buildings.jpeg","datePublished":"2026-01-04T14:13:10+00:00","dateModified":"2026-01-21T17:24:02+00:00","description":"Solutions compl\u00e8tes de maintenance de fa\u00e7ades avec \u00e9quipements certifi\u00e9s, inspections de s\u00e9curit\u00e9 et services de gestion du cycle de vie.","breadcrumb":{"@id":"https:\/\/www.facadeaccesssolutions.com\/fr\/services\/#breadcrumb"},"inLanguage":"fr-FR","potentialAction":[{"@type":"ReadAction","target":["https:\/\/www.facadeaccesssolutions.com\/fr\/services\/"]}]},{"@type":"ImageObject","inLanguage":"fr-FR","@id":"https:\/\/www.facadeaccesssolutions.com\/fr\/services\/#primaryimage","url":"https:\/\/www.facadeaccesssolutions.com\/wp-content\/uploads\/2024\/10\/Future-Proofing-Buildings.jpeg","contentUrl":"https:\/\/www.facadeaccesssolutions.com\/wp-content\/uploads\/2024\/10\/Future-Proofing-Buildings.jpeg"},{"@type":"BreadcrumbList","@id":"https:\/\/www.facadeaccesssolutions.com\/fr\/services\/#breadcrumb","itemListElement":[{"@type":"ListItem","position":1,"name":"Home","item":"https:\/\/www.facadeaccesssolutions.com\/fr\/"},{"@type":"ListItem","position":2,"name":"Services"}]},{"@type":"WebSite","@id":"https:\/\/www.facadeaccesssolutions.com\/fr\/#website","url":"https:\/\/www.facadeaccesssolutions.com\/fr\/","name":"Facade Access Solutions","description":"Part Of Alimak Group","potentialAction":[{"@type":"SearchAction","target":{"@type":"EntryPoint","urlTemplate":"https:\/\/www.facadeaccesssolutions.com\/fr\/?s={search_term_string}"},"query-input":{"@type":"PropertyValueSpecification","valueRequired":true,"valueName":"search_term_string"}}],"inLanguage":"fr-FR"}]}},"_links":{"self":[{"href":"https:\/\/www.facadeaccesssolutions.com\/fr\/wp-json\/wp\/v2\/pages\/1004","targetHints":{"allow":["GET"]}}],"collection":[{"href":"https:\/\/www.facadeaccesssolutions.com\/fr\/wp-json\/wp\/v2\/pages"}],"about":[{"href":"https:\/\/www.facadeaccesssolutions.com\/fr\/wp-json\/wp\/v2\/types\/page"}],"author":[{"embeddable":true,"href":"https:\/\/www.facadeaccesssolutions.com\/fr\/wp-json\/wp\/v2\/users\/1"}],"replies":[{"embeddable":true,"href":"https:\/\/www.facadeaccesssolutions.com\/fr\/wp-json\/wp\/v2\/comments?post=1004"}],"version-history":[{"count":2,"href":"https:\/\/www.facadeaccesssolutions.com\/fr\/wp-json\/wp\/v2\/pages\/1004\/revisions"}],"predecessor-version":[{"id":1290,"href":"https:\/\/www.facadeaccesssolutions.com\/fr\/wp-json\/wp\/v2\/pages\/1004\/revisions\/1290"}],"wp:attachment":[{"href":"https:\/\/www.facadeaccesssolutions.com\/fr\/wp-json\/wp\/v2\/media?parent=1004"}],"curies":[{"name":"wp","href":"https:\/\/api.w.org\/{rel}","templated":true}]}}