{"id":1006,"date":"2026-01-04T10:49:12","date_gmt":"2026-01-04T10:49:12","guid":{"rendered":"https:\/\/www.facadeaccesssolutions.com\/fr\/?page_id=1006"},"modified":"2026-01-04T12:42:35","modified_gmt":"2026-01-04T12:42:35","slug":"asset-management","status":"publish","type":"page","link":"https:\/\/www.facadeaccesssolutions.com\/fr\/services\/asset-management\/","title":{"rendered":"Gestion d&rsquo;actifs"},"content":{"rendered":"\r\n<section class=\"breadcrumbs\" data-aos=\"fade-up\" data-aos-duration=\"600\" data-aos-easing=\"ease-out\" data-aos-delay=\"100\">\r\n    <div class=\"content_holder content_holder_1570\">\r\n    \t<ul><li class=\"main-home\"><span property=\"itemListElement\" typeof=\"ListItem\"><a property=\"item\" typeof=\"WebPage\" title=\"Aller \u00e0 FACADE ACCESS SOLUTIONS Sites.\" href=\"https:\/\/www.facadeaccesssolutions.com\" class=\"main-home\" ><span property=\"name\">FACADE ACCESS SOLUTIONS Sites<\/span><\/a><meta property=\"position\" content=\"1\"><\/span><\/li>\n<li class=\"home\"><span property=\"itemListElement\" typeof=\"ListItem\"><a property=\"item\" typeof=\"WebPage\" title=\"Go to Facade Access Solutions France.\" href=\"https:\/\/www.facadeaccesssolutions.com\/fr\" class=\"home\" aria-current=\"page\"><span property=\"name\">Home<\/span><\/a><meta property=\"position\" content=\"2\"><\/span><\/li>\n<\/ul>\r\n    <\/div>\r\n<\/section>\n\n<section class=\"page_title \" data-aos=\"fade-up\" data-aos-duration=\"600\" data-aos-easing=\"ease-out\" data-aos-delay=\"200\">\n    <div class=\"content_holder content_holder_1570\">\n        <h1>Gestion compl\u00e8te d&rsquo;actifs et support du cycle de vie pour les syst\u00e8mes d&rsquo;acc\u00e8s aux fa\u00e7ades<\/h1>\n    <\/div>\n<\/section>\n\n\n\n<section class=\"solutions_intro  \">\n    <div class=\"content_holder content_holder_1570 clearfix\">\n\n\t\t                <div class=\"sol_right\" data-aos=\"fade-up\" data-aos-duration=\"600\" data-aos-easing=\"ease-out\" data-aos-delay=\"300\">\n            <img decoding=\"async\" src=\"https:\/\/www.facadeaccesssolutions.com\/fr\/wp-content\/uploads\/sites\/10\/2026\/01\/asset-management-881x515_c.jpg\" alt=\"asset management\">\n        <\/div>\n            \n        <div class=\"sol_left site_contents\" data-aos=\"fade-up\" data-aos-duration=\"600\" data-aos-easing=\"ease-out\" data-aos-delay=\"400\">\n        \t<h4 class=\"title_line title_line_mob\">Facade Access Solutions, leader mondial de la maintenance des b\u00e2timents et des syst\u00e8mes d&rsquo;acc\u00e8s aux fa\u00e7ades, fournit un support complet du cycle de vie pour les unit\u00e9s de maintenance des b\u00e2timents (BMU) et les \u00e9quipements d&rsquo;acc\u00e8s connexes dans le monde entier. <br \/>\r\n<\/h4>            <p>Nos programmes couvrent chaque &eacute;tape, de la conception et l&rsquo;installation du syst&egrave;me aux inspections, &agrave; la maintenance planifi&eacute;e, aux r&eacute;parations et aux modernisations. Cela garantit des performances, une s&eacute;curit&eacute; et une fiabilit&eacute; &agrave; long terme. <\/p>\n<p>En combinant une expertise mondiale avec l&rsquo;excellence technique de Tractel, Manntech et CoxGomyl, Facade Access Solutions accompagne les propri&eacute;taires de b&acirc;timents, les architectes, les consultants et les gestionnaires d&rsquo;installations dans la maintenance d&rsquo;&eacute;quipements s&ucirc;rs, efficaces et totalement conformes. Chaque service respecte les normes de s&eacute;curit&eacute; fran&ccedil;aises. Ils contribuent &agrave; prolonger la dur&eacute;e de vie des syst&egrave;mes, &agrave; r&eacute;duire les temps d&rsquo;arr&ecirc;t et &agrave; prot&eacute;ger votre investissement dans les &eacute;quipements d&rsquo;acc&egrave;s aux fa&ccedil;ades.<\/p>\n            <div class=\"mhide_1\">\n            \t            <\/div>\n            \t            <a href=\"https:\/\/www.facadeaccesssolutions.com\/fr\/contact\/\" class=\"site_btn site_btn_sm\" target=\"\">\n\t\t\t\t\tRenseigner                <\/a>\n                                <\/div>\n    <\/div>\n<\/section>\n\n\n\n\n\n<div style=\"height:100px\" aria-hidden=\"true\" class=\"wp-block-spacer\"><\/div>\n\n\n\n<div class=\"wp-block-group alignfull narrow_width has-white-color has-luminous-vivid-orange-background-color has-text-color has-background\"><div class=\"wp-block-group__inner-container is-layout-flow wp-block-group-is-layout-flow\">\n<div style=\"height:40px\" aria-hidden=\"true\" class=\"wp-block-spacer\"><\/div>\n\n\n\n<h2 class=\"wp-block-heading has-text-align-center has-white-color has-text-color has-link-color wp-elements-8adc89b38773365908022e1b4845dba6\" id=\"schedule-a-visit\" style=\"font-size:45px;line-height:1.15\">PROT\u00c9GEZ VOTRE INVESTISSEMENT<\/h2>\n\n\n\n<p class=\"has-text-align-center has-white-color has-text-color has-link-color wp-elements-90779da96cea3376a4e9d1a845d676d2\" style=\"font-size:15px;line-height:.9\">Demandez votre programme de gestion d&rsquo;actifs personnalis\u00e9 d\u00e8s aujourd&rsquo;hui.<br><\/p>\n\n\n\n<div class=\"wp-block-buttons is-horizontal is-content-justification-center is-layout-flex wp-container-core-buttons-is-layout-499968f5 wp-block-buttons-is-layout-flex\">\n<div class=\"wp-block-button has-custom-width wp-block-button__width-50\"><a class=\"wp-block-button__link has-text-color has-background has-medium-font-size has-custom-font-size wp-element-button\" href=\"https:\/\/www.facadeaccesssolutions.com\/fr\/contact\/\" style=\"border-radius:50px;color:#ffffff;background-color:#034b75\">Contactez-nous<\/a><\/div>\n<\/div>\n\n\n\n<div style=\"height:40px\" aria-hidden=\"true\" class=\"wp-block-spacer\"><\/div>\n<\/div><\/div>\n\n\n\n<div style=\"height:100px\" aria-hidden=\"true\" class=\"wp-block-spacer\"><\/div>\n\n\n\n<h3 class=\"wp-block-heading has-text-align-center\" id=\"h-foire-aux-questions\">Foire Aux Questions<\/h3>\n\n\n\r\n<section class=\"accordion_list\" style=\"padding-top:px; padding-bottom:px;\">\r\n    <div class=\"content_holder content_holder_1570 clearfix\">\r\n\t\t<div class=\"acc_wrap\" data-aos=\"fade-up\" data-aos-duration=\"600\" data-aos-easing=\"ease-out\" data-aos-delay=\"100\">\r\n        \t                                    \t                    <div class=\"acc_item\">\r\n                        <div class=\"acc_title\">Qu&rsquo;est-ce que la gestion d&rsquo;actifs pour l&rsquo;acc\u00e8s aux fa\u00e7ades ?  <span><\/span><\/div>\r\n                        <div class=\"acc_txt\">\r\n                            <div class=\"site_contents\">\r\n                            \t<p>La gestion d&rsquo;actifs pour l&rsquo;acc\u00e8s aux fa\u00e7ades est une approche compl\u00e8te du cycle de vie qui maintient les unit\u00e9s de maintenance des b\u00e2timents (BMU), les potences, les monorails et autres syst\u00e8mes d&rsquo;acc\u00e8s s\u00fbrs, conformes et op\u00e9rationnels. Elle comprend la conception, l&rsquo;installation, les inspections, la maintenance, les r\u00e9parations et les mises \u00e0 niveau du syst\u00e8me. Cela aide les propri\u00e9taires immobiliers \u00e0 prot\u00e9ger leur investissement et \u00e0 \u00e9viter les temps d&rsquo;arr\u00eat inutiles.<\/p>\n                            <\/div>\r\n                        <\/div>\r\n                    <\/div>\r\n                                        \t                    <div class=\"acc_item\">\r\n                        <div class=\"acc_title\">Pourquoi la gestion d&rsquo;actifs est-elle importante pour les syst\u00e8mes d&rsquo;acc\u00e8s aux fa\u00e7ades ? <span><\/span><\/div>\r\n                        <div class=\"acc_txt\">\r\n                            <div class=\"site_contents\">\r\n                            \t<p>La gestion proactive d&rsquo;actifs prolonge la dur\u00e9e de vie des \u00e9quipements d&rsquo;acc\u00e8s aux fa\u00e7ades, minimise les pannes impr\u00e9vues et maintient la conformit\u00e9 aux normes de s\u00e9curit\u00e9. Une supervision r\u00e9guli\u00e8re am\u00e9liore les performances, renforce la s\u00e9curit\u00e9 et assure l&rsquo;efficacit\u00e9 des co\u00fbts pour les propri\u00e9taires de b\u00e2timents et les entrepreneurs.<\/p>\n                            <\/div>\r\n                        <\/div>\r\n                    <\/div>\r\n                                        \t                    <div class=\"acc_item\">\r\n                        <div class=\"acc_title\">Quels types d&rsquo;\u00e9quipements d&rsquo;acc\u00e8s aux fa\u00e7ades sont inclus dans vos programmes de gestion d&rsquo;actifs ? <span><\/span><\/div>\r\n                        <div class=\"acc_txt\">\r\n                            <div class=\"site_contents\">\r\n                            \t<p>Nos programmes couvrent tous les types de syst\u00e8mes d&rsquo;acc\u00e8s aux fa\u00e7ades, y compris les unit\u00e9s de maintenance des b\u00e2timents (BMU), les monorails, les portiques et les syst\u00e8mes de potences. Nous g\u00e9rons et maintenons les \u00e9quipements fournis par Tractel, Manntech et CoxGomyl, garantissant que chaque syst\u00e8me reste s\u00fbr, conforme et fiable.<\/p>\n                            <\/div>\r\n                        <\/div>\r\n                    <\/div>\r\n                                        \t                    <div class=\"acc_item\">\r\n                        <div class=\"acc_title\">Fournissez-vous des inspections et de la maintenance pour les syst\u00e8mes d&rsquo;acc\u00e8s aux fa\u00e7ades existants ? <br \/>\r\n  <span><\/span><\/div>\r\n                        <div class=\"acc_txt\">\r\n                            <div class=\"site_contents\">\r\n                            \t<p>Oui. Facade Access Solutions fournit des inspections, une maintenance pr\u00e9ventive et des r\u00e9parations pour les syst\u00e8mes existants, qu&rsquo;ils aient \u00e9t\u00e9 install\u00e9s par nous ou par d&rsquo;autres fabricants. Chaque service est effectu\u00e9 par des techniciens certifi\u00e9s et suit les normes de s\u00e9curit\u00e9 locales pour une conformit\u00e9 continue et une assurance s\u00e9curit\u00e9.<\/p>\n                            <\/div>\r\n                        <\/div>\r\n                    <\/div>\r\n                                        \t                    <div class=\"acc_item\">\r\n                        <div class=\"acc_title\">Comment les services de gestion d&rsquo;actifs peuvent-ils r\u00e9duire les temps d&rsquo;arr\u00eat et les co\u00fbts ? <span><\/span><\/div>\r\n                        <div class=\"acc_txt\">\r\n                            <div class=\"site_contents\">\r\n                            \t<p>Les inspections r\u00e9guli\u00e8res et la maintenance planifi\u00e9e aident \u00e0 d\u00e9tecter les probl\u00e8mes potentiels t\u00f4t, pr\u00e9venant les pannes et les risques de s\u00e9curit\u00e9. Cette m\u00e9thode proactive r\u00e9duit les co\u00fbts de r\u00e9paration d&rsquo;urgence, minimise les temps d&rsquo;arr\u00eat des \u00e9quipements et assure un acc\u00e8s fiable aux fa\u00e7ades pour les op\u00e9rations du b\u00e2timent. <\/p>\n                            <\/div>\r\n                        <\/div>\r\n                    <\/div>\r\n                                    <\/div>\r\n    <\/div>\r\n<\/section>\r\n\r\n\n\n\n<div style=\"height:100px\" aria-hidden=\"true\" class=\"wp-block-spacer\"><\/div>\n","protected":false},"excerpt":{"rendered":"<p>PROT\u00c9GEZ VOTRE INVESTISSEMENT Demandez votre programme de gestion d&rsquo;actifs personnalis\u00e9 d\u00e8s aujourd&rsquo;hui. Foire Aux Questions<\/p>\n","protected":false},"author":1,"featured_media":0,"parent":1004,"menu_order":0,"comment_status":"closed","ping_status":"closed","template":"","meta":{"_acf_changed":false,"_trash_the_other_posts":false,"editor_notices":[],"footnotes":""},"class_list":["post-1006","page","type-page","status-publish","hentry"],"acf":[],"yoast_head":"<!-- This site is optimized with the Yoast SEO Premium plugin v27.1 (Yoast SEO v27.3) - https:\/\/yoast.com\/product\/yoast-seo-premium-wordpress\/ -->\n<title>Gestion d&#039;actifs | Facade Access Solutions<\/title>\n<meta name=\"description\" content=\"Gestion compl\u00e8te du cycle de vie et support pour les syst\u00e8mes d&#039;acc\u00e8s aux fa\u00e7ades en France avec expertise mondiale.\" \/>\n<meta name=\"robots\" content=\"index, follow, max-snippet:-1, max-image-preview:large, max-video-preview:-1\" \/>\n<link rel=\"canonical\" href=\"https:\/\/www.facadeaccesssolutions.com\/fr\/services\/asset-management\/\" \/>\n<meta property=\"og:locale\" content=\"fr_FR\" \/>\n<meta property=\"og:type\" content=\"article\" \/>\n<meta property=\"og:title\" content=\"Gestion d&#039;actifs\" \/>\n<meta property=\"og:description\" content=\"Gestion compl\u00e8te du cycle de vie et support pour les syst\u00e8mes d&#039;acc\u00e8s aux fa\u00e7ades en France avec expertise mondiale.\" \/>\n<meta property=\"og:url\" content=\"https:\/\/www.facadeaccesssolutions.com\/fr\/services\/asset-management\/\" \/>\n<meta property=\"og:site_name\" content=\"Facade Access Solutions France\" \/>\n<meta property=\"article:modified_time\" content=\"2026-01-04T12:42:35+00:00\" \/>\n<meta name=\"twitter:card\" content=\"summary_large_image\" \/>\n<meta name=\"twitter:label1\" content=\"Dur\u00e9e de lecture estim\u00e9e\" \/>\n\t<meta name=\"twitter:data1\" content=\"1 minute\" \/>\n<script type=\"application\/ld+json\" class=\"yoast-schema-graph\">{\"@context\":\"https:\\\/\\\/schema.org\",\"@graph\":[{\"@type\":\"WebPage\",\"@id\":\"https:\\\/\\\/www.facadeaccesssolutions.com\\\/fr\\\/services\\\/asset-management\\\/\",\"url\":\"https:\\\/\\\/www.facadeaccesssolutions.com\\\/fr\\\/services\\\/asset-management\\\/\",\"name\":\"Gestion d'actifs | Facade Access Solutions\",\"isPartOf\":{\"@id\":\"https:\\\/\\\/www.facadeaccesssolutions.com\\\/fr\\\/#website\"},\"datePublished\":\"2026-01-04T10:49:12+00:00\",\"dateModified\":\"2026-01-04T12:42:35+00:00\",\"description\":\"Gestion compl\u00e8te du cycle de vie et support pour les syst\u00e8mes d'acc\u00e8s aux fa\u00e7ades en France avec expertise mondiale.\",\"breadcrumb\":{\"@id\":\"https:\\\/\\\/www.facadeaccesssolutions.com\\\/fr\\\/services\\\/asset-management\\\/#breadcrumb\"},\"inLanguage\":\"fr-FR\",\"potentialAction\":[{\"@type\":\"ReadAction\",\"target\":[\"https:\\\/\\\/www.facadeaccesssolutions.com\\\/fr\\\/services\\\/asset-management\\\/\"]}]},{\"@type\":\"BreadcrumbList\",\"@id\":\"https:\\\/\\\/www.facadeaccesssolutions.com\\\/fr\\\/services\\\/asset-management\\\/#breadcrumb\",\"itemListElement\":[{\"@type\":\"ListItem\",\"position\":1,\"name\":\"Home\",\"item\":\"https:\\\/\\\/www.facadeaccesssolutions.com\\\/fr\\\/\"},{\"@type\":\"ListItem\",\"position\":2,\"name\":\"Services\",\"item\":\"https:\\\/\\\/www.facadeaccesssolutions.com\\\/fr\\\/services\\\/\"},{\"@type\":\"ListItem\",\"position\":3,\"name\":\"Gestion d&rsquo;actifs\"}]},{\"@type\":\"WebSite\",\"@id\":\"https:\\\/\\\/www.facadeaccesssolutions.com\\\/fr\\\/#website\",\"url\":\"https:\\\/\\\/www.facadeaccesssolutions.com\\\/fr\\\/\",\"name\":\"Facade Access Solutions\",\"description\":\"Part Of Alimak Group\",\"potentialAction\":[{\"@type\":\"SearchAction\",\"target\":{\"@type\":\"EntryPoint\",\"urlTemplate\":\"https:\\\/\\\/www.facadeaccesssolutions.com\\\/fr\\\/?s={search_term_string}\"},\"query-input\":{\"@type\":\"PropertyValueSpecification\",\"valueRequired\":true,\"valueName\":\"search_term_string\"}}],\"inLanguage\":\"fr-FR\"}]}<\/script>\n<!-- \/ Yoast SEO Premium plugin. -->","yoast_head_json":{"title":"Gestion d'actifs | Facade Access Solutions","description":"Gestion compl\u00e8te du cycle de vie et support pour les syst\u00e8mes d'acc\u00e8s aux fa\u00e7ades en France avec expertise mondiale.","robots":{"index":"index","follow":"follow","max-snippet":"max-snippet:-1","max-image-preview":"max-image-preview:large","max-video-preview":"max-video-preview:-1"},"canonical":"https:\/\/www.facadeaccesssolutions.com\/fr\/services\/asset-management\/","og_locale":"fr_FR","og_type":"article","og_title":"Gestion d'actifs","og_description":"Gestion compl\u00e8te du cycle de vie et support pour les syst\u00e8mes d'acc\u00e8s aux fa\u00e7ades en France avec expertise mondiale.","og_url":"https:\/\/www.facadeaccesssolutions.com\/fr\/services\/asset-management\/","og_site_name":"Facade Access Solutions France","article_modified_time":"2026-01-04T12:42:35+00:00","twitter_card":"summary_large_image","twitter_misc":{"Dur\u00e9e de lecture estim\u00e9e":"1 minute"},"schema":{"@context":"https:\/\/schema.org","@graph":[{"@type":"WebPage","@id":"https:\/\/www.facadeaccesssolutions.com\/fr\/services\/asset-management\/","url":"https:\/\/www.facadeaccesssolutions.com\/fr\/services\/asset-management\/","name":"Gestion d'actifs | Facade Access Solutions","isPartOf":{"@id":"https:\/\/www.facadeaccesssolutions.com\/fr\/#website"},"datePublished":"2026-01-04T10:49:12+00:00","dateModified":"2026-01-04T12:42:35+00:00","description":"Gestion compl\u00e8te du cycle de vie et support pour les syst\u00e8mes d'acc\u00e8s aux fa\u00e7ades en France avec expertise mondiale.","breadcrumb":{"@id":"https:\/\/www.facadeaccesssolutions.com\/fr\/services\/asset-management\/#breadcrumb"},"inLanguage":"fr-FR","potentialAction":[{"@type":"ReadAction","target":["https:\/\/www.facadeaccesssolutions.com\/fr\/services\/asset-management\/"]}]},{"@type":"BreadcrumbList","@id":"https:\/\/www.facadeaccesssolutions.com\/fr\/services\/asset-management\/#breadcrumb","itemListElement":[{"@type":"ListItem","position":1,"name":"Home","item":"https:\/\/www.facadeaccesssolutions.com\/fr\/"},{"@type":"ListItem","position":2,"name":"Services","item":"https:\/\/www.facadeaccesssolutions.com\/fr\/services\/"},{"@type":"ListItem","position":3,"name":"Gestion d&rsquo;actifs"}]},{"@type":"WebSite","@id":"https:\/\/www.facadeaccesssolutions.com\/fr\/#website","url":"https:\/\/www.facadeaccesssolutions.com\/fr\/","name":"Facade Access Solutions","description":"Part Of Alimak Group","potentialAction":[{"@type":"SearchAction","target":{"@type":"EntryPoint","urlTemplate":"https:\/\/www.facadeaccesssolutions.com\/fr\/?s={search_term_string}"},"query-input":{"@type":"PropertyValueSpecification","valueRequired":true,"valueName":"search_term_string"}}],"inLanguage":"fr-FR"}]}},"_links":{"self":[{"href":"https:\/\/www.facadeaccesssolutions.com\/fr\/wp-json\/wp\/v2\/pages\/1006","targetHints":{"allow":["GET"]}}],"collection":[{"href":"https:\/\/www.facadeaccesssolutions.com\/fr\/wp-json\/wp\/v2\/pages"}],"about":[{"href":"https:\/\/www.facadeaccesssolutions.com\/fr\/wp-json\/wp\/v2\/types\/page"}],"author":[{"embeddable":true,"href":"https:\/\/www.facadeaccesssolutions.com\/fr\/wp-json\/wp\/v2\/users\/1"}],"replies":[{"embeddable":true,"href":"https:\/\/www.facadeaccesssolutions.com\/fr\/wp-json\/wp\/v2\/comments?post=1006"}],"version-history":[{"count":2,"href":"https:\/\/www.facadeaccesssolutions.com\/fr\/wp-json\/wp\/v2\/pages\/1006\/revisions"}],"predecessor-version":[{"id":1034,"href":"https:\/\/www.facadeaccesssolutions.com\/fr\/wp-json\/wp\/v2\/pages\/1006\/revisions\/1034"}],"up":[{"embeddable":true,"href":"https:\/\/www.facadeaccesssolutions.com\/fr\/wp-json\/wp\/v2\/pages\/1004"}],"wp:attachment":[{"href":"https:\/\/www.facadeaccesssolutions.com\/fr\/wp-json\/wp\/v2\/media?parent=1006"}],"curies":[{"name":"wp","href":"https:\/\/api.w.org\/{rel}","templated":true}]}}