{"id":1007,"date":"2026-01-04T12:32:06","date_gmt":"2026-01-04T12:32:06","guid":{"rendered":"https:\/\/www.facadeaccesssolutions.com\/fr\/?page_id=1007"},"modified":"2026-01-22T13:15:08","modified_gmt":"2026-01-22T13:15:08","slug":"oem-spare-parts","status":"publish","type":"page","link":"https:\/\/www.facadeaccesssolutions.com\/fr\/services\/oem-spare-parts\/","title":{"rendered":"Pi\u00e8ces de rechange OEM"},"content":{"rendered":"\r\n<section class=\"breadcrumbs\" data-aos=\"fade-up\" data-aos-duration=\"600\" data-aos-easing=\"ease-out\" data-aos-delay=\"100\">\r\n    <div class=\"content_holder content_holder_1570\">\r\n    \t<ul><li class=\"main-home\"><span property=\"itemListElement\" typeof=\"ListItem\"><a property=\"item\" typeof=\"WebPage\" title=\"Aller \u00e0 FACADE ACCESS SOLUTIONS Sites.\" href=\"https:\/\/www.facadeaccesssolutions.com\" class=\"main-home\" ><span property=\"name\">FACADE ACCESS SOLUTIONS Sites<\/span><\/a><meta property=\"position\" content=\"1\"><\/span><\/li>\n<li class=\"home\"><span property=\"itemListElement\" typeof=\"ListItem\"><a property=\"item\" typeof=\"WebPage\" title=\"Go to Facade Access Solutions France.\" href=\"https:\/\/www.facadeaccesssolutions.com\/fr\" class=\"home\" aria-current=\"page\"><span property=\"name\">Home<\/span><\/a><meta property=\"position\" content=\"2\"><\/span><\/li>\n<\/ul>\r\n    <\/div>\r\n<\/section>\n\n<section class=\"page_title \" data-aos=\"fade-up\" data-aos-duration=\"600\" data-aos-easing=\"ease-out\" data-aos-delay=\"200\">\n    <div class=\"content_holder content_holder_1570\">\n        <h1>Pi\u00e8ces de rechange OEM pour des syst\u00e8mes d\u2019acc\u00e8s de fa\u00e7ade fiables<\/h1>\n    <\/div>\n<\/section>\n\n\n\n<section class=\"solutions_intro  \">\n    <div class=\"content_holder content_holder_1570 clearfix\">\n\n\t\t                <div class=\"sol_right\" data-aos=\"fade-up\" data-aos-duration=\"600\" data-aos-easing=\"ease-out\" data-aos-delay=\"300\">\n            <img decoding=\"async\" src=\"https:\/\/www.facadeaccesssolutions.com\/fr\/wp-content\/uploads\/sites\/10\/2026\/01\/genuine-spare-parts-881x515_c.jpg\" alt=\"genuine spare parts\">\n        <\/div>\n            \n        <div class=\"sol_left site_contents\" data-aos=\"fade-up\" data-aos-duration=\"600\" data-aos-easing=\"ease-out\" data-aos-delay=\"400\">\n        \t<h4 class=\"title_line title_line_mob\">Facade Access Solutions propose des pi\u00e8ces de rechange OEM provenant directement de Tractel, Manntech et CoxGomyl, garantissant que chaque syst\u00e8me d\u2019acc\u00e8s de fa\u00e7ade continue de fonctionner de mani\u00e8re s\u00fbre et efficace.<\/h4>            <p>L&rsquo;utilisation de composants authentiques prot\u00e8ge votre investissement. Elle maintient la conformit\u00e9 aux normes de s\u00e9curit\u00e9 fran\u00e7aises et prot\u00e8ge vos travailleurs ainsi que les fa\u00e7ades de votre b\u00e2timent. Chaque pi\u00e8ce est con\u00e7ue avec pr\u00e9cision pour correspondre aux sp\u00e9cifications d&rsquo;origine. Elle restaure la fonctionnalit\u00e9 et les performances compl\u00e8tes tout en r\u00e9duisant les risques associ\u00e9s aux substituts non authentiques.<\/p>\n<p>Gr\u00e2ce \u00e0 un r\u00e9seau de service mondial, Facade Access Solutions livre les bonnes pi\u00e8ces rapidement et avec pr\u00e9cision. Le temps d&rsquo;arr\u00eat est minimis\u00e9 et la fiabilit\u00e9 \u00e0 long terme du syst\u00e8me est pr\u00e9serv\u00e9e. Soutenus par l&rsquo;expertise mondiale du Groupe Alimak, nos \u00e9quipes de service assistent les propri\u00e9taires d&rsquo;immeubles et les gestionnaires d&rsquo;installations. Ils fournissent des remplacements certifi\u00e9s, des conseils techniques experts et une confiance totale dans chaque installation.<\/p>\n            <div class=\"mhide_1\">\n            \t            <\/div>\n            \t            <a href=\"https:\/\/www.facadeaccesssolutions.com\/fr\/contact\/\" class=\"site_btn site_btn_sm\" target=\"\">\n\t\t\t\t\tRENSEIGNEZ-VOUS SUR NOS PI\u00c8CES D\u00c9TACH\u00c9ES                <\/a>\n                                <\/div>\n    <\/div>\n<\/section>\n\n\n\n\n\n<div style=\"height:100px\" aria-hidden=\"true\" class=\"wp-block-spacer\"><\/div>\n\n\n\n<div class=\"wp-block-group alignfull narrow_width has-luminous-vivid-orange-background-color has-text-color has-background\" style=\"color:#000000\"><div class=\"wp-block-group__inner-container is-layout-flow wp-block-group-is-layout-flow\">\n<div style=\"height:40px\" aria-hidden=\"true\" class=\"wp-block-spacer\"><\/div>\n\n\n\n<h3 class=\"wp-block-heading has-text-align-center has-white-color has-text-color has-link-color wp-elements-7e4081ebcc8080619b42e9c7f6909b24\" id=\"h-pieces-de-rechange-bmu-authentiques-et-securisees\" style=\"font-size:30px;line-height:1.15\">PI\u00c8CES DE RECHANGE BMU AUTHENTIQUES ET S\u00c9CURIS\u00c9ES<\/h3>\n\n\n\n<p class=\"has-text-align-center has-white-color has-text-color has-link-color wp-elements-d81a911fa0086f5d436544309fce21a1\" style=\"font-size:18px;line-height:.9\">Prot\u00e9gez votre b\u00e2timent et votre \u00e9quipe. Demandez des pi\u00e8ces de rechange et un service certifi\u00e9s.<br><\/p>\n\n\n\n<div class=\"wp-block-buttons is-horizontal is-content-justification-center is-layout-flex wp-container-core-buttons-is-layout-499968f5 wp-block-buttons-is-layout-flex\">\n<div class=\"wp-block-button has-custom-width wp-block-button__width-50\"><a class=\"wp-block-button__link has-text-color has-background has-medium-font-size has-custom-font-size wp-element-button\" href=\"https:\/\/www.facadeaccesssolutions.com\/fr\/contact\/\" style=\"border-radius:50px;color:#ffffff;background-color:#035485\">Contactez-nous<\/a><\/div>\n<\/div>\n\n\n\n<div style=\"height:40px\" aria-hidden=\"true\" class=\"wp-block-spacer\"><\/div>\n<\/div><\/div>\n\n\n\n<div style=\"height:100px\" aria-hidden=\"true\" class=\"wp-block-spacer\"><\/div>\n\n\n\r\n<section class=\"accordion_list\" style=\"padding-top:px; padding-bottom:px;\">\r\n    <div class=\"content_holder content_holder_1570 clearfix\">\r\n\t\t<div class=\"acc_wrap\" data-aos=\"fade-up\" data-aos-duration=\"600\" data-aos-easing=\"ease-out\" data-aos-delay=\"100\">\r\n        \t<h2><H3 align=\"center\">Foire Aux Questions<\/h3><\/h2>                                    \t                    <div class=\"acc_item\">\r\n                        <div class=\"acc_title\">Quels types de pi\u00e8ces de rechange sont disponibles pour les syst\u00e8mes d&rsquo;acc\u00e8s de fa\u00e7ade ?  <span><\/span><\/div>\r\n                        <div class=\"acc_txt\">\r\n                            <div class=\"site_contents\">\r\n                            \t<p>Nous fournissons des pi\u00e8ces de rechange certifi\u00e9es pour les syst\u00e8mes Tractel, Manntech et CoxGomyl. Cela inclut les BMU, les monorails, les syst\u00e8mes de davit, les plateformes motoris\u00e9es et les portiques.<\/p>\n                            <\/div>\r\n                        <\/div>\r\n                    <\/div>\r\n                                        \t                    <div class=\"acc_item\">\r\n                        <div class=\"acc_title\">Vos pi\u00e8ces de rechange sont-elles certifi\u00e9es pour les unit\u00e9s de maintenance de b\u00e2timent ? <span><\/span><\/div>\r\n                        <div class=\"acc_txt\">\r\n                            <div class=\"site_contents\">\r\n                            \t<p>Oui. Toutes nos pi\u00e8ces de rechange pour BMU sont des composants authentiques et certifi\u00e9s pour la s\u00e9curit\u00e9. L&rsquo;utilisation de pi\u00e8ces certifi\u00e9es prolonge la dur\u00e9e de vie du syst\u00e8me et garantit des performances constantes.<\/p>\n                            <\/div>\r\n                        <\/div>\r\n                    <\/div>\r\n                                        \t                    <div class=\"acc_item\">\r\n                        <div class=\"acc_title\">Comment les pi\u00e8ces OEM r\u00e9duisent-elles les temps d&rsquo;arr\u00eat pendant les r\u00e9parations ? <span><\/span><\/div>\r\n                        <div class=\"acc_txt\">\r\n                            <div class=\"site_contents\">\r\n                            \t<p>Chaque composant est con\u00e7u pour une compatibilit\u00e9 exacte. Cela permet un remplacement rapide et une r\u00e9paration efficace. Vos syst\u00e8mes d&rsquo;acc\u00e8s de fa\u00e7ade restent op\u00e9rationnels et les retards co\u00fbteux sont r\u00e9duits.<\/p>\n                            <\/div>\r\n                        <\/div>\r\n                    <\/div>\r\n                                        \t                    <div class=\"acc_item\">\r\n                        <div class=\"acc_title\">Des pi\u00e8ces de rechange peuvent-elles \u00eatre fournies pour les syst\u00e8mes de monorail et de davit ? <span><\/span><\/div>\r\n                        <div class=\"acc_txt\">\r\n                            <div class=\"site_contents\">\r\n                            \t<p>Oui. Nous fournissons des pi\u00e8ces de rechange OEM pour les syst\u00e8mes de monorail et de davit. Cela inclut les rails, les rouleaux, les bras de davit et les bases. Chaque pi\u00e8ce correspond \u00e0 la conception d&rsquo;origine pour une fonctionnalit\u00e9 parfaite.<\/p>\n                            <\/div>\r\n                        <\/div>\r\n                    <\/div>\r\n                                        \t                    <div class=\"acc_item\">\r\n                        <div class=\"acc_title\">Fournissez-vous un support d&rsquo;installation pour les pi\u00e8ces de rechange ? <span><\/span><\/div>\r\n                        <div class=\"acc_txt\">\r\n                            <div class=\"site_contents\">\r\n                            \t<p>Oui. Nos techniciens de service installeront les pi\u00e8ces d&rsquo;origine pour garantir le bon fonctionnement de chaque composant. Cela am\u00e9liore la s\u00e9curit\u00e9 et les performances de vos syst\u00e8mes d&rsquo;acc\u00e8s de fa\u00e7ade.<\/p>\n                            <\/div>\r\n                        <\/div>\r\n                    <\/div>\r\n                                    <\/div>\r\n    <\/div>\r\n<\/section>\r\n\r\n\n\n\n<div style=\"height:100px\" aria-hidden=\"true\" class=\"wp-block-spacer\"><\/div>\n","protected":false},"excerpt":{"rendered":"<p>PI\u00c8CES DE RECHANGE BMU AUTHENTIQUES ET S\u00c9CURIS\u00c9ES Prot\u00e9gez votre b\u00e2timent et votre \u00e9quipe. Demandez des &#8230;<\/p>\n","protected":false},"author":1,"featured_media":0,"parent":1004,"menu_order":0,"comment_status":"closed","ping_status":"closed","template":"","meta":{"_acf_changed":false,"_trash_the_other_posts":false,"editor_notices":[],"footnotes":""},"class_list":["post-1007","page","type-page","status-publish","hentry"],"acf":[],"yoast_head":"<!-- This site is optimized with the Yoast SEO Premium plugin v27.1 (Yoast SEO v27.3) - https:\/\/yoast.com\/product\/yoast-seo-premium-wordpress\/ -->\n<title>Pi\u00e8ces de Rechange OEM | Facade Access Solutions<\/title>\n<meta name=\"description\" content=\"Pi\u00e8ces de rechange OEM certifi\u00e9es pour syst\u00e8mes d&#039;acc\u00e8s de fa\u00e7ade. Fiabilit\u00e9 garantie pour BMU, monorails et davits avec support technique expert.\" \/>\n<meta name=\"robots\" content=\"index, follow, max-snippet:-1, max-image-preview:large, max-video-preview:-1\" \/>\n<link rel=\"canonical\" href=\"https:\/\/www.facadeaccesssolutions.com\/fr\/services\/oem-spare-parts\/\" \/>\n<meta property=\"og:locale\" content=\"fr_FR\" \/>\n<meta property=\"og:type\" content=\"article\" \/>\n<meta property=\"og:title\" content=\"Pi\u00e8ces de rechange OEM\" \/>\n<meta property=\"og:description\" content=\"Pi\u00e8ces de rechange OEM certifi\u00e9es pour syst\u00e8mes d&#039;acc\u00e8s de fa\u00e7ade. Fiabilit\u00e9 garantie pour BMU, monorails et davits avec support technique expert.\" \/>\n<meta property=\"og:url\" content=\"https:\/\/www.facadeaccesssolutions.com\/fr\/services\/oem-spare-parts\/\" \/>\n<meta property=\"og:site_name\" content=\"Facade Access Solutions France\" \/>\n<meta property=\"article:modified_time\" content=\"2026-01-22T13:15:08+00:00\" \/>\n<meta name=\"twitter:card\" content=\"summary_large_image\" \/>\n<meta name=\"twitter:label1\" content=\"Dur\u00e9e de lecture estim\u00e9e\" \/>\n\t<meta name=\"twitter:data1\" content=\"1 minute\" \/>\n<script type=\"application\/ld+json\" class=\"yoast-schema-graph\">{\"@context\":\"https:\\\/\\\/schema.org\",\"@graph\":[{\"@type\":\"WebPage\",\"@id\":\"https:\\\/\\\/www.facadeaccesssolutions.com\\\/fr\\\/services\\\/oem-spare-parts\\\/\",\"url\":\"https:\\\/\\\/www.facadeaccesssolutions.com\\\/fr\\\/services\\\/oem-spare-parts\\\/\",\"name\":\"Pi\u00e8ces de Rechange OEM | Facade Access Solutions\",\"isPartOf\":{\"@id\":\"https:\\\/\\\/www.facadeaccesssolutions.com\\\/fr\\\/#website\"},\"datePublished\":\"2026-01-04T12:32:06+00:00\",\"dateModified\":\"2026-01-22T13:15:08+00:00\",\"description\":\"Pi\u00e8ces de rechange OEM certifi\u00e9es pour syst\u00e8mes d'acc\u00e8s de fa\u00e7ade. Fiabilit\u00e9 garantie pour BMU, monorails et davits avec support technique expert.\",\"breadcrumb\":{\"@id\":\"https:\\\/\\\/www.facadeaccesssolutions.com\\\/fr\\\/services\\\/oem-spare-parts\\\/#breadcrumb\"},\"inLanguage\":\"fr-FR\",\"potentialAction\":[{\"@type\":\"ReadAction\",\"target\":[\"https:\\\/\\\/www.facadeaccesssolutions.com\\\/fr\\\/services\\\/oem-spare-parts\\\/\"]}]},{\"@type\":\"BreadcrumbList\",\"@id\":\"https:\\\/\\\/www.facadeaccesssolutions.com\\\/fr\\\/services\\\/oem-spare-parts\\\/#breadcrumb\",\"itemListElement\":[{\"@type\":\"ListItem\",\"position\":1,\"name\":\"Home\",\"item\":\"https:\\\/\\\/www.facadeaccesssolutions.com\\\/fr\\\/\"},{\"@type\":\"ListItem\",\"position\":2,\"name\":\"Services\",\"item\":\"https:\\\/\\\/www.facadeaccesssolutions.com\\\/fr\\\/services\\\/\"},{\"@type\":\"ListItem\",\"position\":3,\"name\":\"Pi\u00e8ces de rechange OEM\"}]},{\"@type\":\"WebSite\",\"@id\":\"https:\\\/\\\/www.facadeaccesssolutions.com\\\/fr\\\/#website\",\"url\":\"https:\\\/\\\/www.facadeaccesssolutions.com\\\/fr\\\/\",\"name\":\"Facade Access Solutions\",\"description\":\"Part Of Alimak Group\",\"potentialAction\":[{\"@type\":\"SearchAction\",\"target\":{\"@type\":\"EntryPoint\",\"urlTemplate\":\"https:\\\/\\\/www.facadeaccesssolutions.com\\\/fr\\\/?s={search_term_string}\"},\"query-input\":{\"@type\":\"PropertyValueSpecification\",\"valueRequired\":true,\"valueName\":\"search_term_string\"}}],\"inLanguage\":\"fr-FR\"}]}<\/script>\n<!-- \/ Yoast SEO Premium plugin. -->","yoast_head_json":{"title":"Pi\u00e8ces de Rechange OEM | Facade Access Solutions","description":"Pi\u00e8ces de rechange OEM certifi\u00e9es pour syst\u00e8mes d'acc\u00e8s de fa\u00e7ade. Fiabilit\u00e9 garantie pour BMU, monorails et davits avec support technique expert.","robots":{"index":"index","follow":"follow","max-snippet":"max-snippet:-1","max-image-preview":"max-image-preview:large","max-video-preview":"max-video-preview:-1"},"canonical":"https:\/\/www.facadeaccesssolutions.com\/fr\/services\/oem-spare-parts\/","og_locale":"fr_FR","og_type":"article","og_title":"Pi\u00e8ces de rechange OEM","og_description":"Pi\u00e8ces de rechange OEM certifi\u00e9es pour syst\u00e8mes d'acc\u00e8s de fa\u00e7ade. Fiabilit\u00e9 garantie pour BMU, monorails et davits avec support technique expert.","og_url":"https:\/\/www.facadeaccesssolutions.com\/fr\/services\/oem-spare-parts\/","og_site_name":"Facade Access Solutions France","article_modified_time":"2026-01-22T13:15:08+00:00","twitter_card":"summary_large_image","twitter_misc":{"Dur\u00e9e de lecture estim\u00e9e":"1 minute"},"schema":{"@context":"https:\/\/schema.org","@graph":[{"@type":"WebPage","@id":"https:\/\/www.facadeaccesssolutions.com\/fr\/services\/oem-spare-parts\/","url":"https:\/\/www.facadeaccesssolutions.com\/fr\/services\/oem-spare-parts\/","name":"Pi\u00e8ces de Rechange OEM | Facade Access Solutions","isPartOf":{"@id":"https:\/\/www.facadeaccesssolutions.com\/fr\/#website"},"datePublished":"2026-01-04T12:32:06+00:00","dateModified":"2026-01-22T13:15:08+00:00","description":"Pi\u00e8ces de rechange OEM certifi\u00e9es pour syst\u00e8mes d'acc\u00e8s de fa\u00e7ade. Fiabilit\u00e9 garantie pour BMU, monorails et davits avec support technique expert.","breadcrumb":{"@id":"https:\/\/www.facadeaccesssolutions.com\/fr\/services\/oem-spare-parts\/#breadcrumb"},"inLanguage":"fr-FR","potentialAction":[{"@type":"ReadAction","target":["https:\/\/www.facadeaccesssolutions.com\/fr\/services\/oem-spare-parts\/"]}]},{"@type":"BreadcrumbList","@id":"https:\/\/www.facadeaccesssolutions.com\/fr\/services\/oem-spare-parts\/#breadcrumb","itemListElement":[{"@type":"ListItem","position":1,"name":"Home","item":"https:\/\/www.facadeaccesssolutions.com\/fr\/"},{"@type":"ListItem","position":2,"name":"Services","item":"https:\/\/www.facadeaccesssolutions.com\/fr\/services\/"},{"@type":"ListItem","position":3,"name":"Pi\u00e8ces de rechange OEM"}]},{"@type":"WebSite","@id":"https:\/\/www.facadeaccesssolutions.com\/fr\/#website","url":"https:\/\/www.facadeaccesssolutions.com\/fr\/","name":"Facade Access Solutions","description":"Part Of Alimak Group","potentialAction":[{"@type":"SearchAction","target":{"@type":"EntryPoint","urlTemplate":"https:\/\/www.facadeaccesssolutions.com\/fr\/?s={search_term_string}"},"query-input":{"@type":"PropertyValueSpecification","valueRequired":true,"valueName":"search_term_string"}}],"inLanguage":"fr-FR"}]}},"_links":{"self":[{"href":"https:\/\/www.facadeaccesssolutions.com\/fr\/wp-json\/wp\/v2\/pages\/1007","targetHints":{"allow":["GET"]}}],"collection":[{"href":"https:\/\/www.facadeaccesssolutions.com\/fr\/wp-json\/wp\/v2\/pages"}],"about":[{"href":"https:\/\/www.facadeaccesssolutions.com\/fr\/wp-json\/wp\/v2\/types\/page"}],"author":[{"embeddable":true,"href":"https:\/\/www.facadeaccesssolutions.com\/fr\/wp-json\/wp\/v2\/users\/1"}],"replies":[{"embeddable":true,"href":"https:\/\/www.facadeaccesssolutions.com\/fr\/wp-json\/wp\/v2\/comments?post=1007"}],"version-history":[{"count":6,"href":"https:\/\/www.facadeaccesssolutions.com\/fr\/wp-json\/wp\/v2\/pages\/1007\/revisions"}],"predecessor-version":[{"id":1289,"href":"https:\/\/www.facadeaccesssolutions.com\/fr\/wp-json\/wp\/v2\/pages\/1007\/revisions\/1289"}],"up":[{"embeddable":true,"href":"https:\/\/www.facadeaccesssolutions.com\/fr\/wp-json\/wp\/v2\/pages\/1004"}],"wp:attachment":[{"href":"https:\/\/www.facadeaccesssolutions.com\/fr\/wp-json\/wp\/v2\/media?parent=1007"}],"curies":[{"name":"wp","href":"https:\/\/api.w.org\/{rel}","templated":true}]}}