{"id":1008,"date":"2026-01-04T13:42:10","date_gmt":"2026-01-04T13:42:10","guid":{"rendered":"https:\/\/www.facadeaccesssolutions.com\/fr\/?page_id=1008"},"modified":"2026-01-04T13:42:12","modified_gmt":"2026-01-04T13:42:12","slug":"refurbishment-solutions","status":"publish","type":"page","link":"https:\/\/www.facadeaccesssolutions.com\/fr\/services\/refurbishment-solutions\/","title":{"rendered":"Solutions de R\u00e9novation"},"content":{"rendered":"\r\n<section class=\"breadcrumbs\" data-aos=\"fade-up\" data-aos-duration=\"600\" data-aos-easing=\"ease-out\" data-aos-delay=\"100\">\r\n    <div class=\"content_holder content_holder_1570\">\r\n    \t<ul><li class=\"main-home\"><span property=\"itemListElement\" typeof=\"ListItem\"><a property=\"item\" typeof=\"WebPage\" title=\"Aller \u00e0 FACADE ACCESS SOLUTIONS Sites.\" href=\"https:\/\/www.facadeaccesssolutions.com\" class=\"main-home\" ><span property=\"name\">FACADE ACCESS SOLUTIONS Sites<\/span><\/a><meta property=\"position\" content=\"1\"><\/span><\/li>\n<li class=\"home\"><span property=\"itemListElement\" typeof=\"ListItem\"><a property=\"item\" typeof=\"WebPage\" title=\"Go to Facade Access Solutions France.\" href=\"https:\/\/www.facadeaccesssolutions.com\/fr\" class=\"home\" aria-current=\"page\"><span property=\"name\">Home<\/span><\/a><meta property=\"position\" content=\"2\"><\/span><\/li>\n<\/ul>\r\n    <\/div>\r\n<\/section>\n\n<section class=\"page_title \" data-aos=\"fade-up\" data-aos-duration=\"600\" data-aos-easing=\"ease-out\" data-aos-delay=\"200\">\n    <div class=\"content_holder content_holder_1570\">\n        <h1>Services de R\u00e9novation Fran\u00e7ais pour un Acc\u00e8s aux Fa\u00e7ades Fiable <\/h1>\n    <\/div>\n<\/section>\n\n\n\n<section class=\"solutions_intro  \">\n    <div class=\"content_holder content_holder_1570 clearfix\">\n\n\t\t                <div class=\"sol_right\" data-aos=\"fade-up\" data-aos-duration=\"600\" data-aos-easing=\"ease-out\" data-aos-delay=\"300\">\n            <img decoding=\"async\" src=\"https:\/\/www.facadeaccesssolutions.com\/fr\/wp-content\/uploads\/sites\/10\/2026\/01\/repair-and-refurbishment-881x515_c.jpg\" alt=\"repair and refurbishment\">\n        <\/div>\n            \n        <div class=\"sol_left site_contents\" data-aos=\"fade-up\" data-aos-duration=\"600\" data-aos-easing=\"ease-out\" data-aos-delay=\"400\">\n        \t<h4 class=\"title_line title_line_mob\">Facade Access Solutions fournit des services de r\u00e9novation qui restaurent, am\u00e9liorent et modernisent les \u00e9quipements d&rsquo;acc\u00e8s aux fa\u00e7ades. Ces services prolongent la dur\u00e9e de vie op\u00e9rationnelle des \u00e9quipements tout en garantissant la conformit\u00e9 aux normes de s\u00e9curit\u00e9 fran\u00e7aises. <\/h4>            <p>Au fil du temps, les unit&eacute;s de maintenance de b&acirc;timent (BMU) subissent une usure qui peut affecter les performances et la s&eacute;curit&eacute;. Le remplacement complet n&rsquo;est pas toujours n&eacute;cessaire. La r&eacute;novation ram&egrave;ne les syst&egrave;mes critiques &agrave; un &eacute;tat optimal, prolonge la dur&eacute;e de vie op&eacute;rationnelle et aligne les &eacute;quipements sur les r&eacute;glementations de s&eacute;curit&eacute; fran&ccedil;aises actuelles.<\/p>\n<p>Nos programmes de r&eacute;novation r&eacute;duisent les temps d&rsquo;arr&ecirc;t, am&eacute;liorent la s&eacute;curit&eacute; et offrent aux propri&eacute;taires de b&acirc;timents une alternative rentable au remplacement complet. Avec l&rsquo;expertise combin&eacute;e de Tractel, Manntech et CoxGomyl sous le groupe Alimak, nous proposons des solutions de r&eacute;novation technique soutenues par une exp&eacute;rience approfondie et des connaissances techniques localis&eacute;es.<\/p>\n            <div class=\"mhide_1\">\n            \t            <\/div>\n            \t            <a href=\"https:\/\/www.facadeaccesssolutions.com\/fr\/contact\/\" class=\"site_btn site_btn_sm\" target=\"\">\n\t\t\t\t\tRenseigner                <\/a>\n                                <\/div>\n    <\/div>\n<\/section>\n\n\n\n\n\n<div class=\"wp-block-columns is-layout-flex wp-container-core-columns-is-layout-9d6595d7 wp-block-columns-is-layout-flex\">\n<div class=\"wp-block-column is-layout-flow wp-block-column-is-layout-flow\">\n<div style=\"height:70px\" aria-hidden=\"true\" class=\"wp-block-spacer\"><\/div>\n\n\n<div class=\"wp-block-image\">\n<figure class=\"aligncenter size-full is-resized\"><img loading=\"lazy\" decoding=\"async\" width=\"600\" height=\"610\" src=\"https:\/\/www.facadeaccesssolutions.com\/wp-content\/uploads\/2024\/08\/new_pg_9.jpg\" alt=\"\" class=\"wp-image-383\" style=\"aspect-ratio:16\/9;object-fit:cover;width:1000px\" srcset=\"https:\/\/www.facadeaccesssolutions.com\/fr\/wp-content\/uploads\/sites\/10\/2024\/08\/new_pg_9.jpg 600w, https:\/\/www.facadeaccesssolutions.com\/fr\/wp-content\/uploads\/sites\/10\/2024\/08\/new_pg_9-295x300.jpg 295w\" sizes=\"auto, (max-width: 600px) 100vw, 600px\" \/><\/figure>\n<\/div>\n\n\n<div style=\"height:85px\" aria-hidden=\"true\" class=\"wp-block-spacer\"><\/div>\n<\/div>\n\n\n\n<div class=\"wp-block-column is-layout-flow wp-block-column-is-layout-flow\">\n<div style=\"height:50px\" aria-hidden=\"true\" class=\"wp-block-spacer\"><\/div>\n\n\n\n<h2 class=\"wp-block-heading\" id=\"h-renovation-rentable-qui-prolonge-la-duree-de-vie-des-equipements\">R\u00e9novation Rentable qui Prolonge la Dur\u00e9e de Vie des \u00c9quipements<\/h2>\n\n\n\n<p>La r\u00e9novation des BMU offre une alternative durable et \u00e9conomique au remplacement complet du syst\u00e8me. Chaque projet commence par une inspection d\u00e9taill\u00e9e pour \u00e9valuer l&rsquo;\u00e9tat des unit\u00e9s existantes. Les composants us\u00e9s ou obsol\u00e8tes sont remplac\u00e9s par des pi\u00e8ces approuv\u00e9es par le fabricant, restaurant la fonctionnalit\u00e9 compl\u00e8te et prolongeant la dur\u00e9e de vie des \u00e9quipements.<\/p>\n\n\n\n<p>Nos projets de r\u00e9novation ont obtenu des r\u00e9sultats \u00e9prouv\u00e9s dans diff\u00e9rentes r\u00e9gions. <a href=\"https:\/\/www.manntech.com\/project\/fashion-house\/\">\u00c0 Frankfurter Ring 162 \u00e0 Munich, un BMU vieux de 59 ans a \u00e9t\u00e9 modernis\u00e9 avec un syst\u00e8me plus l\u00e9ger et plus avanc\u00e9 tout en maintenant la voie d&rsquo;origine<\/a>. <a href=\"https:\/\/www.coxgomyl.com\/project\/theshard\/\">Au niveau 87 du Shard<\/a>, une r\u00e9novation majeure de v\u00e9rin hydraulique a \u00e9t\u00e9 r\u00e9alis\u00e9e qui a am\u00e9lior\u00e9 les composants cl\u00e9s, g\u00e9r\u00e9 des conditions difficiles en hauteur et termin\u00e9 dans les d\u00e9lais et le budget, obtenant une place de finaliste aux London Construction Awards 2025.<\/p>\n\n\n\n<p>La mise \u00e0 niveau des syst\u00e8mes \u00e9lectriques, des panneaux de contr\u00f4le et des conceptions de nacelles au lieu de remplacer des installations compl\u00e8tes r\u00e9duit les d\u00e9chets, les temps d&rsquo;arr\u00eat et les co\u00fbts. Cette approche am\u00e9liore la fiabilit\u00e9, la s\u00e9curit\u00e9 et la durabilit\u00e9. Elle refl\u00e8te notre expertise dans la prolongation de la dur\u00e9e de vie des syst\u00e8mes d&rsquo;acc\u00e8s aux fa\u00e7ades et l&rsquo;apport de valeur \u00e0 long terme avec une perturbation minimale des op\u00e9rations du b\u00e2timent.<\/p>\n\n\n\n<div style=\"height:75px\" aria-hidden=\"true\" class=\"wp-block-spacer\"><\/div>\n<\/div>\n<\/div>\n\n\n\n<div class=\"wp-block-columns is-layout-flex wp-container-core-columns-is-layout-9d6595d7 wp-block-columns-is-layout-flex\">\n<div class=\"wp-block-column is-layout-flow wp-block-column-is-layout-flow\">\n<h2 class=\"wp-block-heading\" id=\"h-solutions-de-reparation-qui-restaurent-la-securite-et-les-performances\">Solutions de R\u00e9paration qui Restaurent la S\u00e9curit\u00e9 et les Performances<\/h2>\n\n\n\n<p>La r\u00e9paration rapide de l&rsquo;acc\u00e8s aux fa\u00e7ades est essentielle pour maintenir les BMU, les bossoirs et les plateformes motoris\u00e9es dans des conditions de travail s\u00fbres. Nos services de r\u00e9paration comprennent l&rsquo;intervention d&rsquo;urgence, le remplacement de pi\u00e8ces et le d\u00e9pannage de syst\u00e8me pour restaurer les performances compl\u00e8tes.<\/p>\n\n\n\n<p>Qu&rsquo;il s&rsquo;agisse d&rsquo;un programme de r\u00e9novation ou d&rsquo;un service autonome, nos solutions de r\u00e9paration maintiennent la fiabilit\u00e9 et la s\u00e9curit\u00e9. Chaque r\u00e9paration est effectu\u00e9e en utilisant des composants approuv\u00e9s et une supervision technique. Ce processus aide \u00e0 prolonger la dur\u00e9e de vie du syst\u00e8me et \u00e0 r\u00e9duire le besoin de remplacement pr\u00e9coce.<\/p>\n\n\n\n<p>Avec des d\u00e9cennies d&rsquo;exp\u00e9rience et de connaissances locales, notre \u00e9quipe soutient des projets dans divers environnements et types de b\u00e2timents. Nous comprenons les exigences des structures de grande hauteur, des fa\u00e7ades complexes et de la construction moderne. Nos solutions aident les clients \u00e0 atteindre des performances coh\u00e9rentes, la conformit\u00e9 et les normes de s\u00e9curit\u00e9.<\/p>\n\n\n\n<p>Parlez \u00e0 notre \u00e9quipe pour discuter de la maintenance ou du soutien \u00e0 la conformit\u00e9 pour vos syst\u00e8mes d&rsquo;acc\u00e8s aux fa\u00e7ades.<\/p>\n<\/div>\n\n\n\n<div class=\"wp-block-column is-layout-flow wp-block-column-is-layout-flow\"><div class=\"wp-block-image\">\n<figure class=\"aligncenter size-full is-resized\"><img decoding=\"async\" src=\"https:\/\/www.facadeaccesssolutions.com\/wp-content\/uploads\/2025\/11\/20220222_155334-new-scaled.jpg\" alt=\"\" class=\"wp-image-2205\" style=\"width:703px;height:auto\" \/><\/figure>\n<\/div><\/div>\n<\/div>\n\n\n\n<div style=\"height:100px\" aria-hidden=\"true\" class=\"wp-block-spacer\"><\/div>\n\n\n\n<div class=\"wp-block-group alignfull narrow_width has-luminous-vivid-orange-background-color has-text-color has-background\" style=\"color:#000000\"><div class=\"wp-block-group__inner-container is-layout-flow wp-block-group-is-layout-flow\">\n<div style=\"height:40px\" aria-hidden=\"true\" class=\"wp-block-spacer\"><\/div>\n\n\n\n<h2 class=\"wp-block-heading has-text-align-center has-white-color has-text-color has-link-color wp-elements-86dbf3e1fd473ea52b779acdad1d7302\" id=\"h-demarrez-votre-projet-des-aujourd-hui\" style=\"font-size:39px;text-transform:uppercase\">D\u00c9MARREZ VOTRE PROJET D\u00c8S AUJOURD&rsquo;HUI<\/h2>\n\n\n\n<p class=\"has-text-align-center has-white-color has-text-color has-link-color wp-elements-cbc4e5254f849d1cd43cae2ccf21e1d3\" style=\"font-size:15px\">Planifiez une consultation pour d\u00e9couvrir les options de r\u00e9novation les plus adapt\u00e9es \u00e0 votre b\u00e2timent.<br><\/p>\n\n\n\n<div class=\"wp-block-buttons is-horizontal is-content-justification-center is-layout-flex wp-container-core-buttons-is-layout-499968f5 wp-block-buttons-is-layout-flex\">\n<div class=\"wp-block-button has-custom-width wp-block-button__width-50\"><a class=\"wp-block-button__link has-text-color has-background has-medium-font-size has-custom-font-size wp-element-button\" href=\"https:\/\/www.facadeaccesssolutions.com\/fr\/contact\/\" style=\"border-radius:50px;color:#ffffff;background-color:#033c5d\">Demandez un devis<\/a><\/div>\n<\/div>\n\n\n\n<div style=\"height:40px\" aria-hidden=\"true\" class=\"wp-block-spacer\"><\/div>\n<\/div><\/div>\n\n\n\n<div style=\"height:50px\" aria-hidden=\"true\" class=\"wp-block-spacer\"><\/div>\n\n\n\r\n<section class=\"accordion_list\" style=\"padding-top:px; padding-bottom:px;\">\r\n    <div class=\"content_holder content_holder_1570 clearfix\">\r\n\t\t<div class=\"acc_wrap\" data-aos=\"fade-up\" data-aos-duration=\"600\" data-aos-easing=\"ease-out\" data-aos-delay=\"100\">\r\n        \t<h2><h3 align=\"center\">Foire Aux Questions<\/h3><\/h2>                                    \t                    <div class=\"acc_item\">\r\n                        <div class=\"acc_title\">\u00c0 quelle fr\u00e9quence les \u00e9quipements d&rsquo;acc\u00e8s aux fa\u00e7ades doivent-ils \u00eatre entretenus ou remplac\u00e9s?  <span><\/span><\/div>\r\n                        <div class=\"acc_txt\">\r\n                            <div class=\"site_contents\">\r\n                            \t<p>Les inspections doivent \u00eatre effectu\u00e9es au moins une fois par an. Les \u00e9valuations r\u00e9guli\u00e8res identifient les probl\u00e8mes potentiels t\u00f4t et aident \u00e0 pr\u00e9venir les d\u00e9faillances majeures ou les temps d&rsquo;arr\u00eat co\u00fbteux. Nous pouvons cr\u00e9er un plan de maintenance adapt\u00e9 \u00e0 votre b\u00e2timent et \u00e0 vos \u00e9quipements.<\/p>\n                            <\/div>\r\n                        <\/div>\r\n                    <\/div>\r\n                                        \t                    <div class=\"acc_item\">\r\n                        <div class=\"acc_title\">Les BMU plus anciens peuvent-ils \u00eatre modernis\u00e9s au lieu d&rsquo;\u00eatre remplac\u00e9s?  <span><\/span><\/div>\r\n                        <div class=\"acc_txt\">\r\n                            <div class=\"site_contents\">\r\n                            \t<p>Oui. La modernisation et la r\u00e9novation sont des solutions pratiques et rentables qui prolongent la dur\u00e9e de vie des syst\u00e8mes existants tout en am\u00e9liorant la s\u00e9curit\u00e9 et la fiabilit\u00e9. Les mises \u00e0 niveau typiques comprennent de nouvelles commandes \u00e9lectriques, des pi\u00e8ces m\u00e9caniques, des syst\u00e8mes de s\u00e9curit\u00e9 et des am\u00e9liorations structurelles qui respectent les normes fran\u00e7aises actuelles.<\/p>\n                            <\/div>\r\n                        <\/div>\r\n                    <\/div>\r\n                                        \t                    <div class=\"acc_item\">\r\n                        <div class=\"acc_title\">Quels types de probl\u00e8mes la r\u00e9novation peut-elle r\u00e9soudre?  <span><\/span><\/div>\r\n                        <div class=\"acc_txt\">\r\n                            <div class=\"site_contents\">\r\n                            \t<p>La r\u00e9novation peut traiter l&rsquo;usure m\u00e9canique, les syst\u00e8mes \u00e9lectriques obsol\u00e8tes, la fatigue structurelle et les caract\u00e9ristiques de s\u00e9curit\u00e9 obsol\u00e8tes. Ces am\u00e9liorations restaurent la fiabilit\u00e9, am\u00e9liorent l&rsquo;efficacit\u00e9 et garantissent la conformit\u00e9 aux exigences modernes de performance et de s\u00e9curit\u00e9.<\/p>\n                            <\/div>\r\n                        <\/div>\r\n                    <\/div>\r\n                                        \t                    <div class=\"acc_item\">\r\n                        <div class=\"acc_title\">Combien de temps dure une r\u00e9paration ou une r\u00e9novation typique?  <span><\/span><\/div>\r\n                        <div class=\"acc_txt\">\r\n                            <div class=\"site_contents\">\r\n                            \t<p>Les d\u00e9lais du projet varient en fonction de l&rsquo;\u00e9tendue des travaux. Les r\u00e9parations mineures peuvent \u00eatre effectu\u00e9es en quelques jours. Les r\u00e9novations compl\u00e8tes peuvent prendre plusieurs mois selon la complexit\u00e9 du syst\u00e8me et les conditions du site. Apr\u00e8s l&rsquo;inspection, notre \u00e9quipe fournit un calendrier clair pour r\u00e9duire la perturbation des op\u00e9rations du b\u00e2timent.<\/p>\n                            <\/div>\r\n                        <\/div>\r\n                    <\/div>\r\n                                        \t                    <div class=\"acc_item\">\r\n                        <div class=\"acc_title\">La r\u00e9novation am\u00e9liore-t-elle la s\u00e9curit\u00e9 et la conformit\u00e9?  <span><\/span><\/div>\r\n                        <div class=\"acc_txt\">\r\n                            <div class=\"site_contents\">\r\n                            \t<p>Oui. La r\u00e9novation am\u00e9liore \u00e0 la fois la s\u00e9curit\u00e9 et la conformit\u00e9 en int\u00e9grant des syst\u00e8mes de contr\u00f4le am\u00e9lior\u00e9s, des m\u00e9canismes de freinage et des technologies de surveillance qui respectent ou d\u00e9passent les normes fran\u00e7aises. Ces am\u00e9liorations garantissent un fonctionnement s\u00fbr et prolongent la dur\u00e9e de vie de vos \u00e9quipements.<\/p>\n                            <\/div>\r\n                        <\/div>\r\n                    <\/div>\r\n                                    <\/div>\r\n    <\/div>\r\n<\/section>\r\n\r\n\n\n\n<div style=\"height:100px\" aria-hidden=\"true\" class=\"wp-block-spacer\"><\/div>\n","protected":false},"excerpt":{"rendered":"<p>R\u00e9novation Rentable qui Prolonge la Dur\u00e9e de Vie des \u00c9quipements La r\u00e9novation des BMU offre &#8230;<\/p>\n","protected":false},"author":1,"featured_media":0,"parent":1004,"menu_order":0,"comment_status":"closed","ping_status":"closed","template":"","meta":{"_acf_changed":false,"_trash_the_other_posts":false,"editor_notices":[],"footnotes":""},"class_list":["post-1008","page","type-page","status-publish","hentry"],"acf":[],"yoast_head":"<!-- This site is optimized with the Yoast SEO Premium plugin v27.1 (Yoast SEO v27.3) - https:\/\/yoast.com\/product\/yoast-seo-premium-wordpress\/ -->\n<title>Solutions de R\u00e9novation | Facade Access Solutions<\/title>\n<meta name=\"description\" content=\"Restaurez et modernisez les \u00e9quipements d&#039;acc\u00e8s aux fa\u00e7ades avec des services de r\u00e9novation professionnels qui prolongent la dur\u00e9e de vie op\u00e9rationnelle et assurent la conformit\u00e9.\" \/>\n<meta name=\"robots\" content=\"index, follow, max-snippet:-1, max-image-preview:large, max-video-preview:-1\" \/>\n<link rel=\"canonical\" href=\"https:\/\/www.facadeaccesssolutions.com\/fr\/services\/refurbishment-solutions\/\" \/>\n<meta property=\"og:locale\" content=\"fr_FR\" \/>\n<meta property=\"og:type\" content=\"article\" \/>\n<meta property=\"og:title\" content=\"Solutions de R\u00e9novation\" \/>\n<meta property=\"og:description\" content=\"Restaurez et modernisez les \u00e9quipements d&#039;acc\u00e8s aux fa\u00e7ades avec des services de r\u00e9novation professionnels qui prolongent la dur\u00e9e de vie op\u00e9rationnelle et assurent la conformit\u00e9.\" \/>\n<meta property=\"og:url\" content=\"https:\/\/www.facadeaccesssolutions.com\/fr\/services\/refurbishment-solutions\/\" \/>\n<meta property=\"og:site_name\" content=\"Facade Access Solutions France\" \/>\n<meta property=\"article:modified_time\" content=\"2026-01-04T13:42:12+00:00\" \/>\n<meta property=\"og:image\" content=\"https:\/\/www.facadeaccesssolutions.com\/wp-content\/uploads\/2024\/08\/new_pg_9.jpg\" \/>\n<meta name=\"twitter:card\" content=\"summary_large_image\" \/>\n<meta name=\"twitter:label1\" content=\"Dur\u00e9e de lecture estim\u00e9e\" \/>\n\t<meta name=\"twitter:data1\" content=\"3 minutes\" \/>\n<script type=\"application\/ld+json\" class=\"yoast-schema-graph\">{\"@context\":\"https:\\\/\\\/schema.org\",\"@graph\":[{\"@type\":\"WebPage\",\"@id\":\"https:\\\/\\\/www.facadeaccesssolutions.com\\\/fr\\\/services\\\/refurbishment-solutions\\\/\",\"url\":\"https:\\\/\\\/www.facadeaccesssolutions.com\\\/fr\\\/services\\\/refurbishment-solutions\\\/\",\"name\":\"Solutions de R\u00e9novation | Facade Access Solutions\",\"isPartOf\":{\"@id\":\"https:\\\/\\\/www.facadeaccesssolutions.com\\\/fr\\\/#website\"},\"primaryImageOfPage\":{\"@id\":\"https:\\\/\\\/www.facadeaccesssolutions.com\\\/fr\\\/services\\\/refurbishment-solutions\\\/#primaryimage\"},\"image\":{\"@id\":\"https:\\\/\\\/www.facadeaccesssolutions.com\\\/fr\\\/services\\\/refurbishment-solutions\\\/#primaryimage\"},\"thumbnailUrl\":\"https:\\\/\\\/www.facadeaccesssolutions.com\\\/wp-content\\\/uploads\\\/2024\\\/08\\\/new_pg_9.jpg\",\"datePublished\":\"2026-01-04T13:42:10+00:00\",\"dateModified\":\"2026-01-04T13:42:12+00:00\",\"description\":\"Restaurez et modernisez les \u00e9quipements d'acc\u00e8s aux fa\u00e7ades avec des services de r\u00e9novation professionnels qui prolongent la dur\u00e9e de vie op\u00e9rationnelle et assurent la conformit\u00e9.\",\"breadcrumb\":{\"@id\":\"https:\\\/\\\/www.facadeaccesssolutions.com\\\/fr\\\/services\\\/refurbishment-solutions\\\/#breadcrumb\"},\"inLanguage\":\"fr-FR\",\"potentialAction\":[{\"@type\":\"ReadAction\",\"target\":[\"https:\\\/\\\/www.facadeaccesssolutions.com\\\/fr\\\/services\\\/refurbishment-solutions\\\/\"]}]},{\"@type\":\"ImageObject\",\"inLanguage\":\"fr-FR\",\"@id\":\"https:\\\/\\\/www.facadeaccesssolutions.com\\\/fr\\\/services\\\/refurbishment-solutions\\\/#primaryimage\",\"url\":\"https:\\\/\\\/www.facadeaccesssolutions.com\\\/wp-content\\\/uploads\\\/2024\\\/08\\\/new_pg_9.jpg\",\"contentUrl\":\"https:\\\/\\\/www.facadeaccesssolutions.com\\\/wp-content\\\/uploads\\\/2024\\\/08\\\/new_pg_9.jpg\"},{\"@type\":\"BreadcrumbList\",\"@id\":\"https:\\\/\\\/www.facadeaccesssolutions.com\\\/fr\\\/services\\\/refurbishment-solutions\\\/#breadcrumb\",\"itemListElement\":[{\"@type\":\"ListItem\",\"position\":1,\"name\":\"Home\",\"item\":\"https:\\\/\\\/www.facadeaccesssolutions.com\\\/fr\\\/\"},{\"@type\":\"ListItem\",\"position\":2,\"name\":\"Services\",\"item\":\"https:\\\/\\\/www.facadeaccesssolutions.com\\\/fr\\\/services\\\/\"},{\"@type\":\"ListItem\",\"position\":3,\"name\":\"Solutions de R\u00e9novation\"}]},{\"@type\":\"WebSite\",\"@id\":\"https:\\\/\\\/www.facadeaccesssolutions.com\\\/fr\\\/#website\",\"url\":\"https:\\\/\\\/www.facadeaccesssolutions.com\\\/fr\\\/\",\"name\":\"Facade Access Solutions\",\"description\":\"Part Of Alimak Group\",\"potentialAction\":[{\"@type\":\"SearchAction\",\"target\":{\"@type\":\"EntryPoint\",\"urlTemplate\":\"https:\\\/\\\/www.facadeaccesssolutions.com\\\/fr\\\/?s={search_term_string}\"},\"query-input\":{\"@type\":\"PropertyValueSpecification\",\"valueRequired\":true,\"valueName\":\"search_term_string\"}}],\"inLanguage\":\"fr-FR\"}]}<\/script>\n<!-- \/ Yoast SEO Premium plugin. -->","yoast_head_json":{"title":"Solutions de R\u00e9novation | Facade Access Solutions","description":"Restaurez et modernisez les \u00e9quipements d'acc\u00e8s aux fa\u00e7ades avec des services de r\u00e9novation professionnels qui prolongent la dur\u00e9e de vie op\u00e9rationnelle et assurent la conformit\u00e9.","robots":{"index":"index","follow":"follow","max-snippet":"max-snippet:-1","max-image-preview":"max-image-preview:large","max-video-preview":"max-video-preview:-1"},"canonical":"https:\/\/www.facadeaccesssolutions.com\/fr\/services\/refurbishment-solutions\/","og_locale":"fr_FR","og_type":"article","og_title":"Solutions de R\u00e9novation","og_description":"Restaurez et modernisez les \u00e9quipements d'acc\u00e8s aux fa\u00e7ades avec des services de r\u00e9novation professionnels qui prolongent la dur\u00e9e de vie op\u00e9rationnelle et assurent la conformit\u00e9.","og_url":"https:\/\/www.facadeaccesssolutions.com\/fr\/services\/refurbishment-solutions\/","og_site_name":"Facade Access Solutions France","article_modified_time":"2026-01-04T13:42:12+00:00","og_image":[{"url":"https:\/\/www.facadeaccesssolutions.com\/wp-content\/uploads\/2024\/08\/new_pg_9.jpg","type":"","width":"","height":""}],"twitter_card":"summary_large_image","twitter_misc":{"Dur\u00e9e de lecture estim\u00e9e":"3 minutes"},"schema":{"@context":"https:\/\/schema.org","@graph":[{"@type":"WebPage","@id":"https:\/\/www.facadeaccesssolutions.com\/fr\/services\/refurbishment-solutions\/","url":"https:\/\/www.facadeaccesssolutions.com\/fr\/services\/refurbishment-solutions\/","name":"Solutions de R\u00e9novation | Facade Access Solutions","isPartOf":{"@id":"https:\/\/www.facadeaccesssolutions.com\/fr\/#website"},"primaryImageOfPage":{"@id":"https:\/\/www.facadeaccesssolutions.com\/fr\/services\/refurbishment-solutions\/#primaryimage"},"image":{"@id":"https:\/\/www.facadeaccesssolutions.com\/fr\/services\/refurbishment-solutions\/#primaryimage"},"thumbnailUrl":"https:\/\/www.facadeaccesssolutions.com\/wp-content\/uploads\/2024\/08\/new_pg_9.jpg","datePublished":"2026-01-04T13:42:10+00:00","dateModified":"2026-01-04T13:42:12+00:00","description":"Restaurez et modernisez les \u00e9quipements d'acc\u00e8s aux fa\u00e7ades avec des services de r\u00e9novation professionnels qui prolongent la dur\u00e9e de vie op\u00e9rationnelle et assurent la conformit\u00e9.","breadcrumb":{"@id":"https:\/\/www.facadeaccesssolutions.com\/fr\/services\/refurbishment-solutions\/#breadcrumb"},"inLanguage":"fr-FR","potentialAction":[{"@type":"ReadAction","target":["https:\/\/www.facadeaccesssolutions.com\/fr\/services\/refurbishment-solutions\/"]}]},{"@type":"ImageObject","inLanguage":"fr-FR","@id":"https:\/\/www.facadeaccesssolutions.com\/fr\/services\/refurbishment-solutions\/#primaryimage","url":"https:\/\/www.facadeaccesssolutions.com\/wp-content\/uploads\/2024\/08\/new_pg_9.jpg","contentUrl":"https:\/\/www.facadeaccesssolutions.com\/wp-content\/uploads\/2024\/08\/new_pg_9.jpg"},{"@type":"BreadcrumbList","@id":"https:\/\/www.facadeaccesssolutions.com\/fr\/services\/refurbishment-solutions\/#breadcrumb","itemListElement":[{"@type":"ListItem","position":1,"name":"Home","item":"https:\/\/www.facadeaccesssolutions.com\/fr\/"},{"@type":"ListItem","position":2,"name":"Services","item":"https:\/\/www.facadeaccesssolutions.com\/fr\/services\/"},{"@type":"ListItem","position":3,"name":"Solutions de R\u00e9novation"}]},{"@type":"WebSite","@id":"https:\/\/www.facadeaccesssolutions.com\/fr\/#website","url":"https:\/\/www.facadeaccesssolutions.com\/fr\/","name":"Facade Access Solutions","description":"Part Of Alimak Group","potentialAction":[{"@type":"SearchAction","target":{"@type":"EntryPoint","urlTemplate":"https:\/\/www.facadeaccesssolutions.com\/fr\/?s={search_term_string}"},"query-input":{"@type":"PropertyValueSpecification","valueRequired":true,"valueName":"search_term_string"}}],"inLanguage":"fr-FR"}]}},"_links":{"self":[{"href":"https:\/\/www.facadeaccesssolutions.com\/fr\/wp-json\/wp\/v2\/pages\/1008","targetHints":{"allow":["GET"]}}],"collection":[{"href":"https:\/\/www.facadeaccesssolutions.com\/fr\/wp-json\/wp\/v2\/pages"}],"about":[{"href":"https:\/\/www.facadeaccesssolutions.com\/fr\/wp-json\/wp\/v2\/types\/page"}],"author":[{"embeddable":true,"href":"https:\/\/www.facadeaccesssolutions.com\/fr\/wp-json\/wp\/v2\/users\/1"}],"replies":[{"embeddable":true,"href":"https:\/\/www.facadeaccesssolutions.com\/fr\/wp-json\/wp\/v2\/comments?post=1008"}],"version-history":[{"count":1,"href":"https:\/\/www.facadeaccesssolutions.com\/fr\/wp-json\/wp\/v2\/pages\/1008\/revisions"}],"predecessor-version":[{"id":1051,"href":"https:\/\/www.facadeaccesssolutions.com\/fr\/wp-json\/wp\/v2\/pages\/1008\/revisions\/1051"}],"up":[{"embeddable":true,"href":"https:\/\/www.facadeaccesssolutions.com\/fr\/wp-json\/wp\/v2\/pages\/1004"}],"wp:attachment":[{"href":"https:\/\/www.facadeaccesssolutions.com\/fr\/wp-json\/wp\/v2\/media?parent=1008"}],"curies":[{"name":"wp","href":"https:\/\/api.w.org\/{rel}","templated":true}]}}