{"id":1010,"date":"2026-01-04T14:07:41","date_gmt":"2026-01-04T14:07:41","guid":{"rendered":"https:\/\/www.facadeaccesssolutions.com\/fr\/?page_id=1010"},"modified":"2026-01-21T17:24:54","modified_gmt":"2026-01-21T17:24:54","slug":"service-solutions","status":"publish","type":"page","link":"https:\/\/www.facadeaccesssolutions.com\/fr\/services\/service-solutions\/","title":{"rendered":"Solutions de Service"},"content":{"rendered":"\r\n<section class=\"breadcrumbs\" data-aos=\"fade-up\" data-aos-duration=\"600\" data-aos-easing=\"ease-out\" data-aos-delay=\"100\">\r\n    <div class=\"content_holder content_holder_1570\">\r\n    \t<ul><li class=\"main-home\"><span property=\"itemListElement\" typeof=\"ListItem\"><a property=\"item\" typeof=\"WebPage\" title=\"Aller \u00e0 FACADE ACCESS SOLUTIONS Sites.\" href=\"https:\/\/www.facadeaccesssolutions.com\" class=\"main-home\" ><span property=\"name\">FACADE ACCESS SOLUTIONS Sites<\/span><\/a><meta property=\"position\" content=\"1\"><\/span><\/li>\n<li class=\"home\"><span property=\"itemListElement\" typeof=\"ListItem\"><a property=\"item\" typeof=\"WebPage\" title=\"Go to Facade Access Solutions France.\" href=\"https:\/\/www.facadeaccesssolutions.com\/fr\" class=\"home\" aria-current=\"page\"><span property=\"name\">Home<\/span><\/a><meta property=\"position\" content=\"2\"><\/span><\/li>\n<\/ul>\r\n    <\/div>\r\n<\/section>\n\n<section class=\"page_title \" data-aos=\"fade-up\" data-aos-duration=\"600\" data-aos-easing=\"ease-out\" data-aos-delay=\"200\">\n    <div class=\"content_holder content_holder_1570\">\n        <h1>Solutions de Service Compl\u00e8tes pour un Acc\u00e8s aux Fa\u00e7ades S\u00fbr et Fiable <\/h1>\n    <\/div>\n<\/section>\n\n\n\n<section class=\"solutions_intro  \">\n    <div class=\"content_holder content_holder_1570 clearfix\">\n\n\t\t                <div class=\"sol_right\" data-aos=\"fade-up\" data-aos-duration=\"600\" data-aos-easing=\"ease-out\" data-aos-delay=\"300\">\n            <img decoding=\"async\" src=\"https:\/\/www.facadeaccesssolutions.com\/fr\/wp-content\/uploads\/sites\/10\/2026\/01\/bmu-service-solutions-881x515_c.jpeg\" alt=\"bmu service solutions\">\n        <\/div>\n            \n        <div class=\"sol_left site_contents\" data-aos=\"fade-up\" data-aos-duration=\"600\" data-aos-easing=\"ease-out\" data-aos-delay=\"400\">\n        \t<h4 class=\"title_line title_line_mob\">Facade Access Solutions propose des programmes de service qui maintiennent les syst\u00e8mes d&rsquo;acc\u00e8s aux fa\u00e7ades en \u00e9tat de fonctionnement s\u00fbr, efficace et en totale conformit\u00e9 avec les normes internationales. <\/h4>            <p>L&rsquo;entretien des fa&ccedil;ades modernes n&eacute;cessite plus qu&rsquo;un &eacute;quipement standard. Il exige des syst&egrave;mes d&rsquo;acc&egrave;s con&ccedil;us qui int&egrave;grent s&eacute;curit&eacute;, conformit&eacute; et performance &agrave; chaque &eacute;tape du cycle de vie d&rsquo;un b&acirc;timent.<\/p>\n<p>En tant que membre du Groupe Alimak, Facade Access Solutions fournit des syst&egrave;mes d&rsquo;acc&egrave;s aux fa&ccedil;ades con&ccedil;us &agrave; l&rsquo;&eacute;chelle mondiale. Nous nous appuyons sur des d&eacute;cennies d&rsquo;expertise de marques reconnues telles que Tractel, Manntech et CoxGomyl. Chaque syst&egrave;me est con&ccedil;u pour optimiser les cycles de maintenance, r&eacute;duire les co&ucirc;ts &agrave; long terme et am&eacute;liorer les performances globales du b&acirc;timent.<\/p>\n<p>Avec plus de 16 000 installations dans le monde, Facade Access Solutions poss&egrave;de un bilan &eacute;prouv&eacute; dans des projets de grande hauteur et architecturalement complexes. Chaque solution est d&eacute;velopp&eacute;e selon un processus d&rsquo;ing&eacute;nierie d&eacute;taill&eacute; qui privil&eacute;gie la s&eacute;curit&eacute;, l&rsquo;int&eacute;grit&eacute; structurelle et la maintenabilit&eacute; &agrave; long terme.<\/p>\n            <div class=\"mhide_1\">\n            \t            <\/div>\n            \t            <a href=\"https:\/\/www.facadeaccesssolutions.com\/fr\/contact\/\" class=\"site_btn site_btn_sm\" target=\"\">\n\t\t\t\t\tContactez Nos Sp\u00e9cialistes en Acc\u00e8s aux Fa\u00e7ades                <\/a>\n                                <\/div>\n    <\/div>\n<\/section>\n\n\n\n\n\n<div class=\"wp-block-columns is-layout-flex wp-container-core-columns-is-layout-9d6595d7 wp-block-columns-is-layout-flex\">\n<div class=\"wp-block-column is-layout-flow wp-block-column-is-layout-flow\">\n<figure class=\"wp-block-image size-large\"><img decoding=\"async\" src=\"https:\/\/www.facadeaccesssolutions.com\/wp-content\/uploads\/2025\/10\/IMG_7544-768x1024.jpeg\" alt=\"\" class=\"wp-image-1899\" style=\"aspect-ratio:16\/9;object-fit:cover\"\/><\/figure>\n<\/div>\n\n\n\n<div class=\"wp-block-column is-layout-flow wp-block-column-is-layout-flow\">\n<h2 class=\"wp-block-heading\" id=\"h-contrats-de-service-concus-pour-chaque-batiment\">Contrats de Service Con\u00e7us pour Chaque B\u00e2timent<\/h2>\n\n\n\n<p>Un acc\u00e8s fiable aux fa\u00e7ades commence par un service coh\u00e9rent. Facade Access Solutions propose des contrats de maintenance adapt\u00e9s aux exigences sp\u00e9cifiques de chaque b\u00e2timent et type de fa\u00e7ade. Chaque plan couvre la formation des op\u00e9rateurs, les inspections r\u00e9guli\u00e8res, les contr\u00f4les de s\u00e9curit\u00e9 et les r\u00e9parations planifi\u00e9es pour garantir une conformit\u00e9 totale et une efficacit\u00e9 op\u00e9rationnelle.<\/p>\n\n\n\n<p>Nos programmes de service couvrent la gamme compl\u00e8te d&rsquo;\u00e9quipements d&rsquo;acc\u00e8s aux fa\u00e7ades. Cela comprend les unit\u00e9s d&rsquo;entretien de b\u00e2timents, les plates-formes suspendues et les syst\u00e8mes antichute. Cette approche garantit un acc\u00e8s s\u00fbr, r\u00e9duit les temps d&rsquo;arr\u00eat et assure des performances constantes.<\/p>\n\n\n\n<p>En tant que leader mondial des solutions d&rsquo;acc\u00e8s aux fa\u00e7ades, nous combinons une expertise en conception int\u00e9gr\u00e9e avec des programmes de maintenance et d&rsquo;inspection continus qui prolongent la dur\u00e9e de vie de chaque syst\u00e8me. Que ce soit pour soutenir de nouveaux d\u00e9veloppements ou des projets de r\u00e9novation, Facade Access Solutions prot\u00e8ge \u00e0 la fois les personnes et les actifs tout en maintenant l&rsquo;apparence et les performances de chaque fa\u00e7ade.<\/p>\n<\/div>\n<\/div>\n\n\n\n<div style=\"height:50px\" aria-hidden=\"true\" class=\"wp-block-spacer\"><\/div>\n\n\n\n<div class=\"wp-block-columns is-layout-flex wp-container-core-columns-is-layout-9d6595d7 wp-block-columns-is-layout-flex\">\n<div class=\"wp-block-column is-layout-flow wp-block-column-is-layout-flow\">\n<h2 class=\"wp-block-heading\" id=\"h-maintenance-preventive-pour-maximiser-la-longevite-des-systemes\">Maintenance Pr\u00e9ventive pour Maximiser la Long\u00e9vit\u00e9 des Syst\u00e8mes<\/h2>\n\n\n\n<p>La maintenance planifi\u00e9e est essentielle pour maintenir les syst\u00e8mes d&rsquo;acc\u00e8s aux fa\u00e7ades en condition de fonctionnement optimale. Facade Access Solutions fournit des services pr\u00e9ventifs pour les unit\u00e9s d&rsquo;entretien de b\u00e2timents, les portiques, les chariots, les potences, les plates-formes suspendues et les tables \u00e9l\u00e9vatrices. Chaque programme est con\u00e7u pour identifier les signes d&rsquo;usure pr\u00e9cocement, r\u00e9duire les temps d&rsquo;arr\u00eat et prolonger la dur\u00e9e de vie de l&rsquo;\u00e9quipement.<\/p>\n\n\n\n<p>En traitant les probl\u00e8mes potentiels avant qu&rsquo;ils ne se d\u00e9veloppent, la maintenance pr\u00e9ventive favorise des op\u00e9rations plus s\u00fbres, minimise les interruptions et pr\u00e9serve la fiabilit\u00e9 et l&rsquo;efficacit\u00e9 de chaque syst\u00e8me d&rsquo;acc\u00e8s dans des projets de toute taille.<\/p>\n<\/div>\n\n\n\n<div class=\"wp-block-column is-layout-flow wp-block-column-is-layout-flow\">\n<figure class=\"wp-block-image size-large\"><img decoding=\"async\" src=\"https:\/\/www.facadeaccesssolutions.com\/wp-content\/uploads\/2025\/10\/81-Newgate-BMU-service-work-1024x768.jpg\" alt=\"\" class=\"wp-image-1894\" style=\"aspect-ratio:16\/9;object-fit:cover\"\/><\/figure>\n<\/div>\n<\/div>\n\n\n\n<div style=\"height:50px\" aria-hidden=\"true\" class=\"wp-block-spacer\"><\/div>\n\n\n\n<div class=\"wp-block-columns is-layout-flex wp-container-core-columns-is-layout-9d6595d7 wp-block-columns-is-layout-flex\">\n<div class=\"wp-block-column is-layout-flow wp-block-column-is-layout-flow\">\n<figure class=\"wp-block-image size-large\"><img decoding=\"async\" src=\"https:\/\/www.facadeaccesssolutions.com\/wp-content\/uploads\/2025\/09\/torque-testing-1024x768.jpg\" alt=\"\" class=\"wp-image-1828\" style=\"aspect-ratio:16\/9;object-fit:cover\"\/><\/figure>\n\n\n\n<div style=\"height:50px\" aria-hidden=\"true\" class=\"wp-block-spacer\"><\/div>\n<\/div>\n\n\n\n<div class=\"wp-block-column is-layout-flow wp-block-column-is-layout-flow\">\n<h2 class=\"wp-block-heading\" id=\"h-reparations-fiables-pour-les-equipements-d-acces-aux-facades\">R\u00e9parations Fiables pour les \u00c9quipements d&rsquo;Acc\u00e8s aux Fa\u00e7ades<\/h2>\n\n\n\n<p>Lorsque des probl\u00e8mes d&rsquo;\u00e9quipement surviennent, Facade Access Solutions fournit des services de r\u00e9paration rapides et professionnels pour r\u00e9tablir la s\u00e9curit\u00e9 et la fonctionnalit\u00e9. Nos \u00e9quipes apportent un soutien rapide pour les unit\u00e9s d&rsquo;entretien de b\u00e2timents, les plates-formes automotrices et les syst\u00e8mes de potence. Nous utilisons des pi\u00e8ces de rechange OEM et une expertise technique pour garantir la conformit\u00e9 et les performances.<\/p>\n\n\n\n<p>Les r\u00e9parations sont effectu\u00e9es en mettant l&rsquo;accent sur la minimisation des temps d&rsquo;arr\u00eat et le r\u00e9tablissement rapide de l&rsquo;\u00e9tat de fonctionnement de l&rsquo;\u00e9quipement d&rsquo;acc\u00e8s. Soutenus par des ressources mondiales de fabrication et d&rsquo;installation, nous fournissons des solutions qui r\u00e9pondent aux exigences techniques des fa\u00e7ades complexes et soutiennent des cycles de maintenance ininterrompus.<\/p>\n<\/div>\n<\/div>\n\n\n\n<div class=\"wp-block-columns is-layout-flex wp-container-core-columns-is-layout-9d6595d7 wp-block-columns-is-layout-flex\">\n<div class=\"wp-block-column is-layout-flow wp-block-column-is-layout-flow\">\n<h2 class=\"wp-block-heading\" id=\"h-un-partenaire-mondial-pour-les-systemes-d-acces-aux-facades-concus\">Un Partenaire Mondial pour les Syst\u00e8mes d&rsquo;Acc\u00e8s aux Fa\u00e7ades Con\u00e7us<\/h2>\n\n\n\n<p>Facade Access Solutions, membre du Groupe Alimak, est reconnu mondialement pour son leadership dans les syst\u00e8mes d&rsquo;acc\u00e8s aux fa\u00e7ades con\u00e7us. Avec des d\u00e9cennies d&rsquo;exp\u00e9rience en ing\u00e9nierie appliqu\u00e9e, des ressources de fabrication avanc\u00e9es et plus de 16 000 installations dans le monde, nous fournissons des solutions s\u00fbres, efficaces et conformes m\u00eame pour les conceptions de b\u00e2timents les plus exigeantes.<\/p>\n\n\n\n<p>Nos \u00e9quipes op\u00e8rent dans plusieurs r\u00e9gions et soutiennent des projets de construction neuve et de r\u00e9novation. En combinant expertise locale et capacit\u00e9s mondiales, nous offrons \u00e0 nos clients un acc\u00e8s \u00e0 des m\u00e9thodes de conception avanc\u00e9es, des composants certifi\u00e9s et des techniques d&rsquo;installation \u00e9prouv\u00e9es.<\/p>\n<\/div>\n\n\n\n<div class=\"wp-block-column is-layout-flow wp-block-column-is-layout-flow\">\n<figure class=\"wp-block-image size-large\"><img decoding=\"async\" src=\"https:\/\/www.facadeaccesssolutions.com\/wp-content\/uploads\/2025\/10\/IMG_7550-1024x768.jpeg\" alt=\"\" class=\"wp-image-1898\"\/><\/figure>\n<\/div>\n<\/div>\n\n\n\n<div style=\"height:100px\" aria-hidden=\"true\" class=\"wp-block-spacer\"><\/div>\n\n\n\n<div class=\"wp-block-group alignfull narrow_width has-luminous-vivid-orange-background-color has-text-color has-background\" style=\"color:#000000\"><div class=\"wp-block-group__inner-container is-layout-flow wp-block-group-is-layout-flow\">\n<div style=\"height:40px\" aria-hidden=\"true\" class=\"wp-block-spacer\"><\/div>\n\n\n\n<h3 class=\"wp-block-heading has-text-align-center has-white-color has-text-color has-link-color wp-elements-a21c2eb0935103bce3416d17256d5bc4\" id=\"schedule-a-visit\" style=\"font-size:30px;line-height:1.15\">VOTRE PARTENAIRE POUR UN ACC\u00c8S FIABLE AUX FA\u00c7ADES<\/h3>\n\n\n\n<p class=\"has-text-align-center has-white-color has-text-color has-link-color wp-elements-a140023a826c3542a555a6c30abb8e98\" style=\"font-size:17px;line-height:.9\">Nous veillons \u00e0 ce que vos syst\u00e8mes de fa\u00e7ade restent s\u00fbrs, efficaces et conformes.<\/p>\n\n\n\n<div class=\"wp-block-buttons is-horizontal is-content-justification-center is-layout-flex wp-container-core-buttons-is-layout-499968f5 wp-block-buttons-is-layout-flex\">\n<div class=\"wp-block-button has-custom-width wp-block-button__width-50\"><a class=\"wp-block-button__link has-background has-medium-font-size has-custom-font-size wp-element-button\" href=\"https:\/\/www.facadeaccesssolutions.com\/fr\/contact\/\" style=\"border-radius:50px;background-color:#004973\">Demander un devis<\/a><\/div>\n<\/div>\n\n\n\n<div style=\"height:40px\" aria-hidden=\"true\" class=\"wp-block-spacer\"><\/div>\n<\/div><\/div>\n\n\n\n<div style=\"height:50px\" aria-hidden=\"true\" class=\"wp-block-spacer\"><\/div>\n\n\n\r\n<section class=\"accordion_list\" style=\"padding-top:px; padding-bottom:px;\">\r\n    <div class=\"content_holder content_holder_1570 clearfix\">\r\n\t\t<div class=\"acc_wrap\" data-aos=\"fade-up\" data-aos-duration=\"600\" data-aos-easing=\"ease-out\" data-aos-delay=\"100\">\r\n        \t<h2><h3 align=\"center\">Foire Aux Questions <\/h3><\/h2>                                    \t                    <div class=\"acc_item\">\r\n                        <div class=\"acc_title\">Qu&rsquo;incluent les contrats de service de Facade Access Solutions ?  <span><\/span><\/div>\r\n                        <div class=\"acc_txt\">\r\n                            <div class=\"site_contents\">\r\n                            \t<p>Nos contrats de service incluent des programmes de maintenance, des inspections r\u00e9guli\u00e8res et des contr\u00f4les de s\u00e9curit\u00e9. Chaque accord est personnalis\u00e9 pour r\u00e9pondre aux besoins sp\u00e9cifiques de votre b\u00e2timent et de votre syst\u00e8me de fa\u00e7ade. <\/p>\n                            <\/div>\r\n                        <\/div>\r\n                    <\/div>\r\n                                        \t                    <div class=\"acc_item\">\r\n                        <div class=\"acc_title\">\u00c0 quelle fr\u00e9quence les unit\u00e9s d&rsquo;entretien de b\u00e2timents (BMU) doivent-elles \u00eatre entretenues ?  <span><\/span><\/div>\r\n                        <div class=\"acc_txt\">\r\n                            <div class=\"site_contents\">\r\n                            \t<p>L&rsquo;entretien r\u00e9gulier des BMU est vital pour les b\u00e2timents neufs comme existants. La fr\u00e9quence id\u00e9ale d\u00e9pend de la fr\u00e9quence d&rsquo;utilisation du syst\u00e8me et de l&rsquo;environnement. La maintenance pr\u00e9ventive am\u00e9liore la s\u00e9curit\u00e9, garantit la conformit\u00e9 et prolonge la dur\u00e9e de vie de votre \u00e9quipement. Contactez nos experts pour des recommandations bas\u00e9es sur les conditions sp\u00e9cifiques de votre b\u00e2timent. <\/p>\n                            <\/div>\r\n                        <\/div>\r\n                    <\/div>\r\n                                        \t                    <div class=\"acc_item\">\r\n                        <div class=\"acc_title\">Quels types de syst\u00e8mes peuvent \u00eatre entretenus ?  <span><\/span><\/div>\r\n                        <div class=\"acc_txt\">\r\n                            <div class=\"site_contents\">\r\n                            \t<p>Nous fournissons des services de maintenance pour les unit\u00e9s d&rsquo;entretien de b\u00e2timents, les portiques, les potences, les plates-formes motoris\u00e9es, les \u00e9chelles et les syst\u00e8mes antichute. Notre expertise s&rsquo;\u00e9tend \u00e0 un large \u00e9ventail de projets de complexit\u00e9 et d&rsquo;\u00e9chelle vari\u00e9es. <\/p>\n                            <\/div>\r\n                        <\/div>\r\n                    <\/div>\r\n                                        \t                    <div class=\"acc_item\">\r\n                        <div class=\"acc_title\">Pourquoi investir dans la maintenance pr\u00e9ventive ?  <span><\/span><\/div>\r\n                        <div class=\"acc_txt\">\r\n                            <div class=\"site_contents\">\r\n                            \t<p>La maintenance pr\u00e9ventive renforce la s\u00e9curit\u00e9, pr\u00e9vient les pannes d&rsquo;\u00e9quipement, r\u00e9duit les co\u00fbts de r\u00e9paration et maximise le temps de disponibilit\u00e9 des syst\u00e8mes d&rsquo;acc\u00e8s aux fa\u00e7ades essentiels. Elle contribue \u00e0 garantir des performances continues et une fiabilit\u00e9 \u00e0 long terme. <\/p>\n                            <\/div>\r\n                        <\/div>\r\n                    <\/div>\r\n                                    <\/div>\r\n    <\/div>\r\n<\/section>\r\n\r\n\n\n\n<div style=\"height:100px\" aria-hidden=\"true\" class=\"wp-block-spacer\"><\/div>\n","protected":false},"excerpt":{"rendered":"<p>Contrats de Service Con\u00e7us pour Chaque B\u00e2timent Un acc\u00e8s fiable aux fa\u00e7ades commence par un &#8230;<\/p>\n","protected":false},"author":1,"featured_media":0,"parent":1004,"menu_order":0,"comment_status":"closed","ping_status":"closed","template":"","meta":{"_acf_changed":false,"_trash_the_other_posts":false,"editor_notices":[],"footnotes":""},"class_list":["post-1010","page","type-page","status-publish","hentry"],"acf":[],"yoast_head":"<!-- This site is optimized with the Yoast SEO Premium plugin v27.1 (Yoast SEO v27.3) - https:\/\/yoast.com\/product\/yoast-seo-premium-wordpress\/ -->\n<title>Solutions de Service | Facade Access Solutions<\/title>\n<meta name=\"description\" content=\"Programmes de service complets pour des syst\u00e8mes d&#039;acc\u00e8s aux fa\u00e7ades s\u00fbrs, efficaces et conformes aux normes fran\u00e7aises et internationales.\" \/>\n<meta name=\"robots\" content=\"index, follow, max-snippet:-1, max-image-preview:large, max-video-preview:-1\" \/>\n<link rel=\"canonical\" href=\"https:\/\/www.facadeaccesssolutions.com\/fr\/services\/service-solutions\/\" \/>\n<meta property=\"og:locale\" content=\"fr_FR\" \/>\n<meta property=\"og:type\" content=\"article\" \/>\n<meta property=\"og:title\" content=\"Solutions de Service\" \/>\n<meta property=\"og:description\" content=\"Programmes de service complets pour des syst\u00e8mes d&#039;acc\u00e8s aux fa\u00e7ades s\u00fbrs, efficaces et conformes aux normes fran\u00e7aises et internationales.\" \/>\n<meta property=\"og:url\" content=\"https:\/\/www.facadeaccesssolutions.com\/fr\/services\/service-solutions\/\" \/>\n<meta property=\"og:site_name\" content=\"Facade Access Solutions France\" \/>\n<meta property=\"article:modified_time\" content=\"2026-01-21T17:24:54+00:00\" \/>\n<meta property=\"og:image\" content=\"https:\/\/www.facadeaccesssolutions.com\/wp-content\/uploads\/2025\/10\/IMG_7544-768x1024.jpeg\" \/>\n<meta name=\"twitter:card\" content=\"summary_large_image\" \/>\n<meta name=\"twitter:label1\" content=\"Dur\u00e9e de lecture estim\u00e9e\" \/>\n\t<meta name=\"twitter:data1\" content=\"4 minutes\" \/>\n<script type=\"application\/ld+json\" class=\"yoast-schema-graph\">{\"@context\":\"https:\\\/\\\/schema.org\",\"@graph\":[{\"@type\":\"WebPage\",\"@id\":\"https:\\\/\\\/www.facadeaccesssolutions.com\\\/fr\\\/services\\\/service-solutions\\\/\",\"url\":\"https:\\\/\\\/www.facadeaccesssolutions.com\\\/fr\\\/services\\\/service-solutions\\\/\",\"name\":\"Solutions de Service | Facade Access Solutions\",\"isPartOf\":{\"@id\":\"https:\\\/\\\/www.facadeaccesssolutions.com\\\/fr\\\/#website\"},\"primaryImageOfPage\":{\"@id\":\"https:\\\/\\\/www.facadeaccesssolutions.com\\\/fr\\\/services\\\/service-solutions\\\/#primaryimage\"},\"image\":{\"@id\":\"https:\\\/\\\/www.facadeaccesssolutions.com\\\/fr\\\/services\\\/service-solutions\\\/#primaryimage\"},\"thumbnailUrl\":\"https:\\\/\\\/www.facadeaccesssolutions.com\\\/wp-content\\\/uploads\\\/2025\\\/10\\\/IMG_7544-768x1024.jpeg\",\"datePublished\":\"2026-01-04T14:07:41+00:00\",\"dateModified\":\"2026-01-21T17:24:54+00:00\",\"description\":\"Programmes de service complets pour des syst\u00e8mes d'acc\u00e8s aux fa\u00e7ades s\u00fbrs, efficaces et conformes aux normes fran\u00e7aises et internationales.\",\"breadcrumb\":{\"@id\":\"https:\\\/\\\/www.facadeaccesssolutions.com\\\/fr\\\/services\\\/service-solutions\\\/#breadcrumb\"},\"inLanguage\":\"fr-FR\",\"potentialAction\":[{\"@type\":\"ReadAction\",\"target\":[\"https:\\\/\\\/www.facadeaccesssolutions.com\\\/fr\\\/services\\\/service-solutions\\\/\"]}]},{\"@type\":\"ImageObject\",\"inLanguage\":\"fr-FR\",\"@id\":\"https:\\\/\\\/www.facadeaccesssolutions.com\\\/fr\\\/services\\\/service-solutions\\\/#primaryimage\",\"url\":\"https:\\\/\\\/www.facadeaccesssolutions.com\\\/wp-content\\\/uploads\\\/2025\\\/10\\\/IMG_7544-768x1024.jpeg\",\"contentUrl\":\"https:\\\/\\\/www.facadeaccesssolutions.com\\\/wp-content\\\/uploads\\\/2025\\\/10\\\/IMG_7544-768x1024.jpeg\"},{\"@type\":\"BreadcrumbList\",\"@id\":\"https:\\\/\\\/www.facadeaccesssolutions.com\\\/fr\\\/services\\\/service-solutions\\\/#breadcrumb\",\"itemListElement\":[{\"@type\":\"ListItem\",\"position\":1,\"name\":\"Home\",\"item\":\"https:\\\/\\\/www.facadeaccesssolutions.com\\\/fr\\\/\"},{\"@type\":\"ListItem\",\"position\":2,\"name\":\"Services\",\"item\":\"https:\\\/\\\/www.facadeaccesssolutions.com\\\/fr\\\/services\\\/\"},{\"@type\":\"ListItem\",\"position\":3,\"name\":\"Solutions de Service\"}]},{\"@type\":\"WebSite\",\"@id\":\"https:\\\/\\\/www.facadeaccesssolutions.com\\\/fr\\\/#website\",\"url\":\"https:\\\/\\\/www.facadeaccesssolutions.com\\\/fr\\\/\",\"name\":\"Facade Access Solutions\",\"description\":\"Part Of Alimak Group\",\"potentialAction\":[{\"@type\":\"SearchAction\",\"target\":{\"@type\":\"EntryPoint\",\"urlTemplate\":\"https:\\\/\\\/www.facadeaccesssolutions.com\\\/fr\\\/?s={search_term_string}\"},\"query-input\":{\"@type\":\"PropertyValueSpecification\",\"valueRequired\":true,\"valueName\":\"search_term_string\"}}],\"inLanguage\":\"fr-FR\"}]}<\/script>\n<!-- \/ Yoast SEO Premium plugin. -->","yoast_head_json":{"title":"Solutions de Service | Facade Access Solutions","description":"Programmes de service complets pour des syst\u00e8mes d'acc\u00e8s aux fa\u00e7ades s\u00fbrs, efficaces et conformes aux normes fran\u00e7aises et internationales.","robots":{"index":"index","follow":"follow","max-snippet":"max-snippet:-1","max-image-preview":"max-image-preview:large","max-video-preview":"max-video-preview:-1"},"canonical":"https:\/\/www.facadeaccesssolutions.com\/fr\/services\/service-solutions\/","og_locale":"fr_FR","og_type":"article","og_title":"Solutions de Service","og_description":"Programmes de service complets pour des syst\u00e8mes d'acc\u00e8s aux fa\u00e7ades s\u00fbrs, efficaces et conformes aux normes fran\u00e7aises et internationales.","og_url":"https:\/\/www.facadeaccesssolutions.com\/fr\/services\/service-solutions\/","og_site_name":"Facade Access Solutions France","article_modified_time":"2026-01-21T17:24:54+00:00","og_image":[{"url":"https:\/\/www.facadeaccesssolutions.com\/wp-content\/uploads\/2025\/10\/IMG_7544-768x1024.jpeg","type":"","width":"","height":""}],"twitter_card":"summary_large_image","twitter_misc":{"Dur\u00e9e de lecture estim\u00e9e":"4 minutes"},"schema":{"@context":"https:\/\/schema.org","@graph":[{"@type":"WebPage","@id":"https:\/\/www.facadeaccesssolutions.com\/fr\/services\/service-solutions\/","url":"https:\/\/www.facadeaccesssolutions.com\/fr\/services\/service-solutions\/","name":"Solutions de Service | Facade Access Solutions","isPartOf":{"@id":"https:\/\/www.facadeaccesssolutions.com\/fr\/#website"},"primaryImageOfPage":{"@id":"https:\/\/www.facadeaccesssolutions.com\/fr\/services\/service-solutions\/#primaryimage"},"image":{"@id":"https:\/\/www.facadeaccesssolutions.com\/fr\/services\/service-solutions\/#primaryimage"},"thumbnailUrl":"https:\/\/www.facadeaccesssolutions.com\/wp-content\/uploads\/2025\/10\/IMG_7544-768x1024.jpeg","datePublished":"2026-01-04T14:07:41+00:00","dateModified":"2026-01-21T17:24:54+00:00","description":"Programmes de service complets pour des syst\u00e8mes d'acc\u00e8s aux fa\u00e7ades s\u00fbrs, efficaces et conformes aux normes fran\u00e7aises et internationales.","breadcrumb":{"@id":"https:\/\/www.facadeaccesssolutions.com\/fr\/services\/service-solutions\/#breadcrumb"},"inLanguage":"fr-FR","potentialAction":[{"@type":"ReadAction","target":["https:\/\/www.facadeaccesssolutions.com\/fr\/services\/service-solutions\/"]}]},{"@type":"ImageObject","inLanguage":"fr-FR","@id":"https:\/\/www.facadeaccesssolutions.com\/fr\/services\/service-solutions\/#primaryimage","url":"https:\/\/www.facadeaccesssolutions.com\/wp-content\/uploads\/2025\/10\/IMG_7544-768x1024.jpeg","contentUrl":"https:\/\/www.facadeaccesssolutions.com\/wp-content\/uploads\/2025\/10\/IMG_7544-768x1024.jpeg"},{"@type":"BreadcrumbList","@id":"https:\/\/www.facadeaccesssolutions.com\/fr\/services\/service-solutions\/#breadcrumb","itemListElement":[{"@type":"ListItem","position":1,"name":"Home","item":"https:\/\/www.facadeaccesssolutions.com\/fr\/"},{"@type":"ListItem","position":2,"name":"Services","item":"https:\/\/www.facadeaccesssolutions.com\/fr\/services\/"},{"@type":"ListItem","position":3,"name":"Solutions de Service"}]},{"@type":"WebSite","@id":"https:\/\/www.facadeaccesssolutions.com\/fr\/#website","url":"https:\/\/www.facadeaccesssolutions.com\/fr\/","name":"Facade Access Solutions","description":"Part Of Alimak Group","potentialAction":[{"@type":"SearchAction","target":{"@type":"EntryPoint","urlTemplate":"https:\/\/www.facadeaccesssolutions.com\/fr\/?s={search_term_string}"},"query-input":{"@type":"PropertyValueSpecification","valueRequired":true,"valueName":"search_term_string"}}],"inLanguage":"fr-FR"}]}},"_links":{"self":[{"href":"https:\/\/www.facadeaccesssolutions.com\/fr\/wp-json\/wp\/v2\/pages\/1010","targetHints":{"allow":["GET"]}}],"collection":[{"href":"https:\/\/www.facadeaccesssolutions.com\/fr\/wp-json\/wp\/v2\/pages"}],"about":[{"href":"https:\/\/www.facadeaccesssolutions.com\/fr\/wp-json\/wp\/v2\/types\/page"}],"author":[{"embeddable":true,"href":"https:\/\/www.facadeaccesssolutions.com\/fr\/wp-json\/wp\/v2\/users\/1"}],"replies":[{"embeddable":true,"href":"https:\/\/www.facadeaccesssolutions.com\/fr\/wp-json\/wp\/v2\/comments?post=1010"}],"version-history":[{"count":3,"href":"https:\/\/www.facadeaccesssolutions.com\/fr\/wp-json\/wp\/v2\/pages\/1010\/revisions"}],"predecessor-version":[{"id":1291,"href":"https:\/\/www.facadeaccesssolutions.com\/fr\/wp-json\/wp\/v2\/pages\/1010\/revisions\/1291"}],"up":[{"embeddable":true,"href":"https:\/\/www.facadeaccesssolutions.com\/fr\/wp-json\/wp\/v2\/pages\/1004"}],"wp:attachment":[{"href":"https:\/\/www.facadeaccesssolutions.com\/fr\/wp-json\/wp\/v2\/media?parent=1010"}],"curies":[{"name":"wp","href":"https:\/\/api.w.org\/{rel}","templated":true}]}}