{"id":135,"date":"2024-08-01T04:31:04","date_gmt":"2024-08-01T04:31:04","guid":{"rendered":"http:\/\/localhost\/techno\/facade\/wordpress\/?page_id=135"},"modified":"2026-05-11T18:21:10","modified_gmt":"2026-05-11T18:21:10","slug":"brands","status":"publish","type":"page","link":"https:\/\/www.facadeaccesssolutions.com\/fr\/brands\/","title":{"rendered":"Marques"},"content":{"rendered":"\r\n<section class=\"breadcrumbs\" data-aos=\"fade-up\" data-aos-duration=\"600\" data-aos-easing=\"ease-out\" data-aos-delay=\"100\">\r\n    <div class=\"content_holder content_holder_1570\">\r\n    \t<ul>\r\n        \t\t\t\t<li><a href=\"https:\/\/www.facadeaccesssolutions.com\/fr\/\">Accueil<\/a><\/li>\r\n\t\t\t        <\/ul>\r\n    <\/div>\r\n<\/section>\n\n<section class=\"page_title \" data-aos=\"fade-up\" data-aos-duration=\"600\" data-aos-easing=\"ease-out\" data-aos-delay=\"200\">\n    <div class=\"content_holder content_holder_1570\">\n        <h1>Marques<\/h1>\n    <\/div>\n<\/section>\n\n\n\r\n<section class=\"intro_contents intro_contents_1\">\r\n    <div class=\"content_holder content_holder_1570 clearfix\">\r\n    \t        <div class=\"in_left\" data-aos=\"fade-up\" data-aos-duration=\"600\" data-aos-easing=\"ease-out\" data-aos-delay=\"100\">\r\n            <h2 class=\"title_line uppercase\">LA DIVISION DE FA\u00c7ADE ACCESS DU GROUPE ALIMAK<\/h2>\r\n        <\/div>\r\n                        <div class=\"in_right\" data-aos=\"fade-up\" data-aos-duration=\"600\" data-aos-easing=\"ease-out\" data-aos-delay=\"300\">\r\n        \t<p>Pr\u00e9sent dans le monde entier avec plus de 120 ans d\u2019exp\u00e9rience combin\u00e9e, Les marques de Facade Access Solutions \u2013 <strong>Tractel<\/strong>, <strong>Manntech<\/strong> et <strong>CoxGomyl<\/strong>\u00a0\u2013 sont des pionniers et innovateurs de l&rsquo;industrie, fournissant des syst\u00e8mes d&rsquo;acc\u00e8s en fa\u00e7ade optimaux pour toute structure de b\u00e2timent, qu&rsquo;elle soit simple ou complexe.<\/p>\n<p>La compl\u00e9mentarit\u00e9 de nos marques offre les solutions d&rsquo;acc\u00e8s en fa\u00e7ade fiables et efficaces, bas\u00e9es sur des technologies \u00e9prouv\u00e9es. Ces solutions garantissent des performances exceptionnelles dans le respect des normes les plus exigeantes en mati\u00e8re de s\u00e9curit\u00e9 et de qualit\u00e9.<\/p>\n        <\/div>\r\n            <\/div>\r\n<\/section>\r\n\r\n\r\n\n\n\r\n<section class=\"brand_cols\">\r\n    <div class=\"content_holder content_holder_1570\">\r\n        <div class=\"bcols\">\r\n        \t\t\t\t            <div class=\"bcol bcol_1\" data-aos=\"fade-up\" data-aos-duration=\"600\" data-aos-easing=\"ease-out\" data-aos-delay=\"100\">\r\n                <div class=\"bimg img_zoom\">\r\n                    <img decoding=\"async\" src=\"https:\/\/www.facadeaccesssolutions.com\/fr\/wp-content\/uploads\/sites\/10\/2024\/08\/brand_1-600x812_c.jpg\" alt=\"crane system\">\r\n                    \t\t\t\t\t                    \r\n                    <div class=\"blogo\"><div class=\"site_tb\"><div class=\"site_td\">\r\n                        <img decoding=\"async\" src=\"https:\/\/www.facadeaccesssolutions.com\/fr\/wp-content\/uploads\/sites\/10\/2024\/08\/brand_1.png\" alt=\"Tractel Logo\">\r\n                    <\/div><\/div><\/div>\r\n                                                            <a href=\"https:\/\/www.tractel.com\/global\" target=\"_blank\"><\/a>\r\n                                    <\/div>\r\n                <div class=\"btxt\">\r\n                \t                    <h2><a href=\"https:\/\/www.tractel.com\/global\" target=\"_blank\">Tractel<\/a><\/h2>\r\n                                        <p>Tractel propose une large gamme de produits de levage et de manutention, de solutions d&rsquo;acc\u00e8s aux fa\u00e7ades et de protection contre les chutes, ainsi que des services associ\u00e9s. Ses produits, reconnus mondialement pour leur robustesse, leur portabilit\u00e9, leur r\u00e9parabilit\u00e9 et leur s\u00e9curit\u00e9 intrins\u00e8que, sont soutenus par un service d&rsquo;excellence afin de garantir la s\u00e9curit\u00e9 et la productivit\u00e9 de ses clients dans de nombreux secteurs.<\/p>\n                <\/div>\r\n                                <div class=\"brand_link\"><a href=\"https:\/\/www.tractel.com\/global\" target=\"_blank\">Visitez tractel.com<\/a><\/div>\r\n                            <\/div>\r\n                        \r\n            \r\n            \r\n            \t\t\t            <div class=\"bcol bcol_2\" data-aos=\"fade-up\" data-aos-duration=\"600\" data-aos-easing=\"ease-out\" data-aos-delay=\"200\">\r\n                <div class=\"bimg img_zoom\">\r\n                    <img decoding=\"async\" src=\"https:\/\/www.facadeaccesssolutions.com\/fr\/wp-content\/uploads\/sites\/10\/2024\/08\/brand_3-600x812_c.jpg\" alt=\"manntech bmu\">\r\n                    \t\t\t\t\t                    \r\n                    <div class=\"blogo\"><div class=\"site_tb\"><div class=\"site_td\">\r\n                        <img decoding=\"async\" src=\"https:\/\/www.facadeaccesssolutions.com\/fr\/wp-content\/uploads\/sites\/10\/2024\/08\/brand_3.png\" alt=\"manntech logo\">\r\n                    <\/div><\/div><\/div>\r\n                                                            <a href=\"https:\/\/www.manntech.com\/\" target=\"_blank\"><\/a>\r\n                                    <\/div>\r\n                <div class=\"btxt\">\r\n                \t                    <h2><a href=\"https:\/\/www.manntech.com\/\" target=\"_blank\">Manntech<\/a><\/h2>\r\n                                        <p>Manntech est reconnu mondialement pour ses unit\u00e9s de maintenance de b\u00e2timents avanc\u00e9es, con\u00e7ues avec la haute qualit\u00e9 de l\u2019ing\u00e9nierie allemande. Pionnier de nombreux syst\u00e8mes d&rsquo;acc\u00e8s aux fa\u00e7ades utilis\u00e9s aujourd&rsquo;hui dans l&rsquo;industrie, Manntech poss\u00e8de plus de 60 ans d&rsquo;exp\u00e9rience et la plus longue tradition d&rsquo;innovation dans la fourniture de solutions compl\u00e8tes d&rsquo;acc\u00e8s aux b\u00e2timents pour les structures architecturales les plus complexes au monde.<\/p>\n                <\/div>\r\n                                <div class=\"brand_link\"><a href=\"https:\/\/www.manntech.com\/\" target=\"_blank\">Visitez manntech.com<\/a><\/div>\r\n                            <\/div>\r\n                        \r\n            \r\n            \t\t\t            <div class=\"bcol bcol_3\" data-aos=\"fade-up\" data-aos-duration=\"600\" data-aos-easing=\"ease-out\" data-aos-delay=\"300\">\r\n                <div class=\"bimg img_zoom\">\r\n                    <img decoding=\"async\" src=\"https:\/\/www.facadeaccesssolutions.com\/fr\/wp-content\/uploads\/sites\/10\/2024\/08\/brand_2-600x812_c.jpg\" alt=\"CoxGomyl bmu\">\r\n                    \t\t\t\t\t                    \r\n                    <div class=\"blogo\"><div class=\"site_tb\"><div class=\"site_td\">\r\n                        <img decoding=\"async\" src=\"https:\/\/www.facadeaccesssolutions.com\/fr\/wp-content\/uploads\/sites\/10\/2024\/08\/brand_2.png\" alt=\"CoxGomyl logo\">\r\n                    <\/div><\/div><\/div>\r\n                                                            <a href=\"https:\/\/www.coxgomyl.com\/\" target=\"_blank\"><\/a>\r\n                                    <\/div>\r\n                <div class=\"btxt\">\r\n                \t                    <h2><a href=\"https:\/\/www.coxgomyl.com\/\" target=\"_blank\">CoxGomyl<\/a><\/h2>\r\n                                        <p>CoxGomyl est un fournisseur mondial de premier plan de solutions d&rsquo;acc\u00e8s aux fa\u00e7ades. Pr\u00e9sent \u00e0 l&rsquo;international avec plus de 60 ans d&rsquo;exp\u00e9rience, CoxGomyl propose la gamme la plus large de syst\u00e8mes de maintenance de b\u00e2timents configurables, bas\u00e9s sur des technologies innovantes et \u00e9prouv\u00e9es, offrant des performances exceptionnelles.<\/p>\n                <\/div>\r\n                                <div class=\"brand_link\"><a href=\"https:\/\/www.coxgomyl.com\/\" target=\"_blank\">Visitez coxgomyl.com<\/a><\/div>\r\n                            <\/div>\r\n                        \r\n        <\/div>\r\n    <\/div>\r\n<\/section>\r\n\r\n","protected":false},"excerpt":{"rendered":"","protected":false},"author":1,"featured_media":0,"parent":0,"menu_order":0,"comment_status":"closed","ping_status":"closed","template":"","meta":{"_acf_changed":false,"_trash_the_other_posts":false,"editor_notices":[],"footnotes":""},"class_list":["post-135","page","type-page","status-publish","hentry"],"acf":[],"yoast_head":"<!-- This site is optimized with the Yoast SEO Premium plugin v27.1 (Yoast SEO v27.5) - https:\/\/yoast.com\/product\/yoast-seo-premium-wordpress\/ -->\n<title>Marques et partenaires mondiaux | Facade Access Solutions<\/title>\n<meta name=\"description\" content=\"D\u00e9couvrez les partenaires mondiaux de Facade Access Solutions, dont Tractel, CoxGomyl et Manntech, experts des syst\u00e8mes d\u2019acc\u00e8s fa\u00e7ade.\" \/>\n<meta name=\"robots\" content=\"index, follow, max-snippet:-1, max-image-preview:large, max-video-preview:-1\" \/>\n<link rel=\"canonical\" href=\"https:\/\/www.facadeaccesssolutions.com\/fr\/brands\/\" \/>\n<meta property=\"og:locale\" content=\"fr_FR\" \/>\n<meta property=\"og:type\" content=\"article\" \/>\n<meta property=\"og:title\" content=\"Marques\" \/>\n<meta property=\"og:description\" content=\"D\u00e9couvrez les partenaires mondiaux de Facade Access Solutions, dont Tractel, CoxGomyl et Manntech, experts des syst\u00e8mes d\u2019acc\u00e8s fa\u00e7ade.\" \/>\n<meta property=\"og:url\" content=\"https:\/\/www.facadeaccesssolutions.com\/fr\/brands\/\" \/>\n<meta property=\"og:site_name\" content=\"Facade Access Solutions France\" \/>\n<meta property=\"article:modified_time\" content=\"2026-05-11T18:21:10+00:00\" \/>\n<meta name=\"twitter:card\" content=\"summary_large_image\" \/>\n<script type=\"application\/ld+json\" class=\"yoast-schema-graph\">{\"@context\":\"https:\\\/\\\/schema.org\",\"@graph\":[{\"@type\":\"WebPage\",\"@id\":\"https:\\\/\\\/www.facadeaccesssolutions.com\\\/fr\\\/brands\\\/\",\"url\":\"https:\\\/\\\/www.facadeaccesssolutions.com\\\/fr\\\/brands\\\/\",\"name\":\"Marques et partenaires mondiaux | Facade Access Solutions\",\"isPartOf\":{\"@id\":\"https:\\\/\\\/www.facadeaccesssolutions.com\\\/fr\\\/#website\"},\"datePublished\":\"2024-08-01T04:31:04+00:00\",\"dateModified\":\"2026-05-11T18:21:10+00:00\",\"description\":\"D\u00e9couvrez les partenaires mondiaux de Facade Access Solutions, dont Tractel, CoxGomyl et Manntech, experts des syst\u00e8mes d\u2019acc\u00e8s fa\u00e7ade.\",\"breadcrumb\":{\"@id\":\"https:\\\/\\\/www.facadeaccesssolutions.com\\\/fr\\\/brands\\\/#breadcrumb\"},\"inLanguage\":\"fr-FR\",\"potentialAction\":[{\"@type\":\"ReadAction\",\"target\":[\"https:\\\/\\\/www.facadeaccesssolutions.com\\\/fr\\\/brands\\\/\"]}]},{\"@type\":\"BreadcrumbList\",\"@id\":\"https:\\\/\\\/www.facadeaccesssolutions.com\\\/fr\\\/brands\\\/#breadcrumb\",\"itemListElement\":[{\"@type\":\"ListItem\",\"position\":1,\"name\":\"Home\",\"item\":\"https:\\\/\\\/www.facadeaccesssolutions.com\\\/fr\\\/\"},{\"@type\":\"ListItem\",\"position\":2,\"name\":\"Marques\"}]},{\"@type\":\"WebSite\",\"@id\":\"https:\\\/\\\/www.facadeaccesssolutions.com\\\/fr\\\/#website\",\"url\":\"https:\\\/\\\/www.facadeaccesssolutions.com\\\/fr\\\/\",\"name\":\"Facade Access Solutions\",\"description\":\"Part Of Alimak Group\",\"potentialAction\":[{\"@type\":\"SearchAction\",\"target\":{\"@type\":\"EntryPoint\",\"urlTemplate\":\"https:\\\/\\\/www.facadeaccesssolutions.com\\\/fr\\\/?s={search_term_string}\"},\"query-input\":{\"@type\":\"PropertyValueSpecification\",\"valueRequired\":true,\"valueName\":\"search_term_string\"}}],\"inLanguage\":\"fr-FR\"}]}<\/script>\n<!-- \/ Yoast SEO Premium plugin. -->","yoast_head_json":{"title":"Marques et partenaires mondiaux | Facade Access Solutions","description":"D\u00e9couvrez les partenaires mondiaux de Facade Access Solutions, dont Tractel, CoxGomyl et Manntech, experts des syst\u00e8mes d\u2019acc\u00e8s fa\u00e7ade.","robots":{"index":"index","follow":"follow","max-snippet":"max-snippet:-1","max-image-preview":"max-image-preview:large","max-video-preview":"max-video-preview:-1"},"canonical":"https:\/\/www.facadeaccesssolutions.com\/fr\/brands\/","og_locale":"fr_FR","og_type":"article","og_title":"Marques","og_description":"D\u00e9couvrez les partenaires mondiaux de Facade Access Solutions, dont Tractel, CoxGomyl et Manntech, experts des syst\u00e8mes d\u2019acc\u00e8s fa\u00e7ade.","og_url":"https:\/\/www.facadeaccesssolutions.com\/fr\/brands\/","og_site_name":"Facade Access Solutions France","article_modified_time":"2026-05-11T18:21:10+00:00","twitter_card":"summary_large_image","schema":{"@context":"https:\/\/schema.org","@graph":[{"@type":"WebPage","@id":"https:\/\/www.facadeaccesssolutions.com\/fr\/brands\/","url":"https:\/\/www.facadeaccesssolutions.com\/fr\/brands\/","name":"Marques et partenaires mondiaux | Facade Access Solutions","isPartOf":{"@id":"https:\/\/www.facadeaccesssolutions.com\/fr\/#website"},"datePublished":"2024-08-01T04:31:04+00:00","dateModified":"2026-05-11T18:21:10+00:00","description":"D\u00e9couvrez les partenaires mondiaux de Facade Access Solutions, dont Tractel, CoxGomyl et Manntech, experts des syst\u00e8mes d\u2019acc\u00e8s fa\u00e7ade.","breadcrumb":{"@id":"https:\/\/www.facadeaccesssolutions.com\/fr\/brands\/#breadcrumb"},"inLanguage":"fr-FR","potentialAction":[{"@type":"ReadAction","target":["https:\/\/www.facadeaccesssolutions.com\/fr\/brands\/"]}]},{"@type":"BreadcrumbList","@id":"https:\/\/www.facadeaccesssolutions.com\/fr\/brands\/#breadcrumb","itemListElement":[{"@type":"ListItem","position":1,"name":"Home","item":"https:\/\/www.facadeaccesssolutions.com\/fr\/"},{"@type":"ListItem","position":2,"name":"Marques"}]},{"@type":"WebSite","@id":"https:\/\/www.facadeaccesssolutions.com\/fr\/#website","url":"https:\/\/www.facadeaccesssolutions.com\/fr\/","name":"Facade Access Solutions","description":"Part Of Alimak Group","potentialAction":[{"@type":"SearchAction","target":{"@type":"EntryPoint","urlTemplate":"https:\/\/www.facadeaccesssolutions.com\/fr\/?s={search_term_string}"},"query-input":{"@type":"PropertyValueSpecification","valueRequired":true,"valueName":"search_term_string"}}],"inLanguage":"fr-FR"}]}},"_links":{"self":[{"href":"https:\/\/www.facadeaccesssolutions.com\/fr\/wp-json\/wp\/v2\/pages\/135","targetHints":{"allow":["GET"]}}],"collection":[{"href":"https:\/\/www.facadeaccesssolutions.com\/fr\/wp-json\/wp\/v2\/pages"}],"about":[{"href":"https:\/\/www.facadeaccesssolutions.com\/fr\/wp-json\/wp\/v2\/types\/page"}],"author":[{"embeddable":true,"href":"https:\/\/www.facadeaccesssolutions.com\/fr\/wp-json\/wp\/v2\/users\/1"}],"replies":[{"embeddable":true,"href":"https:\/\/www.facadeaccesssolutions.com\/fr\/wp-json\/wp\/v2\/comments?post=135"}],"version-history":[{"count":8,"href":"https:\/\/www.facadeaccesssolutions.com\/fr\/wp-json\/wp\/v2\/pages\/135\/revisions"}],"predecessor-version":[{"id":1441,"href":"https:\/\/www.facadeaccesssolutions.com\/fr\/wp-json\/wp\/v2\/pages\/135\/revisions\/1441"}],"wp:attachment":[{"href":"https:\/\/www.facadeaccesssolutions.com\/fr\/wp-json\/wp\/v2\/media?parent=135"}],"curies":[{"name":"wp","href":"https:\/\/api.w.org\/{rel}","templated":true}]}}