{"id":1360,"date":"2026-01-30T20:07:04","date_gmt":"2026-01-30T20:07:04","guid":{"rendered":"https:\/\/www.facadeaccesssolutions.com\/fr\/?page_id=1360"},"modified":"2026-01-30T20:23:31","modified_gmt":"2026-01-30T20:23:31","slug":"projects","status":"publish","type":"page","link":"https:\/\/www.facadeaccesssolutions.com\/fr\/projects\/","title":{"rendered":"Projets"},"content":{"rendered":"\r\n<section class=\"breadcrumbs\" data-aos=\"fade-up\" data-aos-duration=\"600\" data-aos-easing=\"ease-out\" data-aos-delay=\"100\">\r\n    <div class=\"content_holder content_holder_1570\">\r\n    \t<ul><li class=\"main-home\"><span property=\"itemListElement\" typeof=\"ListItem\"><a property=\"item\" typeof=\"WebPage\" title=\"Aller \u00e0 FACADE ACCESS SOLUTIONS Sites.\" href=\"https:\/\/www.facadeaccesssolutions.com\" class=\"main-home\" ><span property=\"name\">FACADE ACCESS SOLUTIONS Sites<\/span><\/a><meta property=\"position\" content=\"1\"><\/span><\/li>\n<li class=\"home\"><span property=\"itemListElement\" typeof=\"ListItem\"><a property=\"item\" typeof=\"WebPage\" title=\"Go to Facade Access Solutions France.\" href=\"https:\/\/www.facadeaccesssolutions.com\/fr\" class=\"home\" aria-current=\"page\"><span property=\"name\">Home<\/span><\/a><meta property=\"position\" content=\"2\"><\/span><\/li>\n<\/ul>\r\n    <\/div>\r\n<\/section>\n\n<section class=\"page_title \" data-aos=\"fade-up\" data-aos-duration=\"600\" data-aos-easing=\"ease-out\" data-aos-delay=\"200\">\n    <div class=\"content_holder content_holder_1570\">\n        <h1>Projets<\/h1>\n    <\/div>\n<\/section>\n\n\n\r\n    \r\n<section class=\"related_prdoucts product_listing\" id=\"project_list\">\r\n    <div class=\"content_holder content_holder_1570\">\r\n    \t\r\n        <div class=\"wp_filters flex\" data-aos=\"fade-up\" data-aos-duration=\"600\" data-aos-easing=\"ease-out\" data-aos-delay=\"100\" id=\"project_filters\">\r\n        \t<div class=\"sel_col wp_label\">\r\n            \t<p><strong>Filters:<\/strong> <\/p>\r\n            <\/div>\r\n        \t<div class=\"sel_col\">\r\n        \t<select name=\"region\" class=\"slectBox\" id=\"region\">\r\n            \t<option value=\"\">All Regions<\/option>\r\n        \t            <\/select>\r\n            <\/div>\r\n        \t<div class=\"sel_col\">\r\n        \t<select name=\"height\" class=\"slectBox\" id=\"project_height\">\r\n                <option value=\"\">Project Height<\/option>\r\n        \t            <\/select>\r\n            <\/div>\r\n        \t<div class=\"sel_col\">\r\n        \t<select name=\"type\" class=\"slectBox\" id=\"project_type\">\r\n            \t<option value=\"\">Project Type<\/option>\r\n        \t                        <option value=\"nouveaux-batiments\">Nouveaux b\u00e2timents<\/option>\r\n                                                <option value=\"remplacement\">Remplacement<\/option>\r\n                                                <option value=\"retrofit-et-remise-a-neuf\">R\u00e9trofit et remise \u00e0 neuf<\/option>\r\n                                    <\/select>\r\n            <\/div>\r\n        <\/div>\r\n        \r\n        <div class=\"prod_list project_list\">\r\n        \t\t\r\n\r\n\t\t\t            \t\r\n\r\n                            \r\n            <div class=\"prod_box\" data-aos=\"fade-up\" data-aos-duration=\"600\" data-aos-easing=\"ease-out\" data-aos-delay=\"100\">\r\n                <div class=\"prod_img\">\r\n                    <a href=\"https:\/\/www.manntech.com\/project\/four\/\" target=\"_blank\" title=\"FOUR, Frankfurt\">\r\n                        <img decoding=\"async\" src=\"https:\/\/www.facadeaccesssolutions.com\/fr\/wp-content\/uploads\/sites\/10\/2026\/01\/FOUR-Frankfurt-FAS-Projects-1-600x610_c.webp\" alt=\"FOUR, Frankfurt\" title=\"FOUR, Frankfurt\">\r\n                    <\/a>\r\n                    <h3><a href=\"https:\/\/www.manntech.com\/project\/four\/\" target=\"_blank\" title=\"FOUR, Frankfurt\">FOUR, Frankfurt<\/a><\/h3>\r\n                <\/div>\r\n            <\/div>\r\n            \r\n            \t\t\t\t\r\n\r\n                            \r\n            <div class=\"prod_box\" data-aos=\"fade-up\" data-aos-duration=\"600\" data-aos-easing=\"ease-out\" data-aos-delay=\"200\">\r\n                <div class=\"prod_img\">\r\n                    <a href=\"https:\/\/www.coxgomyl.com\/project\/sls-hotel\/\" target=\"_blank\" title=\"SLS Hotel, Dubai\">\r\n                        <img decoding=\"async\" src=\"https:\/\/www.facadeaccesssolutions.com\/fr\/wp-content\/uploads\/sites\/10\/2026\/01\/SLS-Hotel-FAS-Projects-1-600x610_c.jpg\" alt=\"SLS Hotel, Dubai\" title=\"SLS Hotel, Dubai\">\r\n                    <\/a>\r\n                    <h3><a href=\"https:\/\/www.coxgomyl.com\/project\/sls-hotel\/\" target=\"_blank\" title=\"SLS Hotel, Dubai\">SLS Hotel, Dubai<\/a><\/h3>\r\n                <\/div>\r\n            <\/div>\r\n            \r\n            \t\t\t\t\r\n\r\n                            \r\n            <div class=\"prod_box\" data-aos=\"fade-up\" data-aos-duration=\"600\" data-aos-easing=\"ease-out\" data-aos-delay=\"300\">\r\n                <div class=\"prod_img\">\r\n                    <a href=\"https:\/\/www.coxgomyl.com\/project\/golden-gate-towers\/\" target=\"_blank\" title=\"Golden Gate Towers, Bahrain\">\r\n                        <img decoding=\"async\" src=\"https:\/\/www.facadeaccesssolutions.com\/fr\/wp-content\/uploads\/sites\/10\/2026\/01\/Golden-Gate-Towers-FAS-Projects-600x610_c.jpg\" alt=\"Golden Gate Towers, Bahrain\" title=\"Golden Gate Towers, Bahrain\">\r\n                    <\/a>\r\n                    <h3><a href=\"https:\/\/www.coxgomyl.com\/project\/golden-gate-towers\/\" target=\"_blank\" title=\"Golden Gate Towers, Bahrain\">Golden Gate Towers, Bahrain<\/a><\/h3>\r\n                <\/div>\r\n            <\/div>\r\n            \r\n            \t\t\t\t\r\n\r\n                            \r\n            <div class=\"prod_box\" data-aos=\"fade-up\" data-aos-duration=\"600\" data-aos-easing=\"ease-out\" data-aos-delay=\"100\">\r\n                <div class=\"prod_img\">\r\n                    <a href=\"https:\/\/www.manntech.com\/project\/central-bank-of-iraq\/\" target=\"_blank\" title=\"Central Bank of Iraq, Baghdad\">\r\n                        <img decoding=\"async\" src=\"https:\/\/www.facadeaccesssolutions.com\/fr\/wp-content\/uploads\/sites\/10\/2026\/01\/Central-Bank-of-Iraq-FAS-Projects-600x610_c.webp\" alt=\"Central Bank of Iraq, Baghdad\" title=\"Central Bank of Iraq, Baghdad\">\r\n                    <\/a>\r\n                    <h3><a href=\"https:\/\/www.manntech.com\/project\/central-bank-of-iraq\/\" target=\"_blank\" title=\"Central Bank of Iraq, Baghdad\">Central Bank of Iraq, Baghdad<\/a><\/h3>\r\n                <\/div>\r\n            <\/div>\r\n            \r\n            \t\t\t\t\r\n\r\n                            \r\n            <div class=\"prod_box\" data-aos=\"fade-up\" data-aos-duration=\"600\" data-aos-easing=\"ease-out\" data-aos-delay=\"200\">\r\n                <div class=\"prod_img\">\r\n                    <a href=\"https:\/\/www.manntech.com\/project\/the-rose-rayhaan-by-rotana\/\" target=\"_blank\" title=\"The Rose Rayhaan by Rotana, Dubai\">\r\n                        <img decoding=\"async\" src=\"https:\/\/www.facadeaccesssolutions.com\/fr\/wp-content\/uploads\/sites\/10\/2026\/01\/The-Rose-Rayhaan-by-Rotana-Dubai-FAS-Projects-600x610_c.webp\" alt=\"The Rose Rayhaan by Rotana, Dubai\" title=\"The Rose Rayhaan by Rotana, Dubai\">\r\n                    <\/a>\r\n                    <h3><a href=\"https:\/\/www.manntech.com\/project\/the-rose-rayhaan-by-rotana\/\" target=\"_blank\" title=\"The Rose Rayhaan by Rotana, Dubai\">The Rose Rayhaan by Rotana, Dubai<\/a><\/h3>\r\n                <\/div>\r\n            <\/div>\r\n            \r\n            \t\t\t\t\r\n\r\n                            \r\n            <div class=\"prod_box\" data-aos=\"fade-up\" data-aos-duration=\"600\" data-aos-easing=\"ease-out\" data-aos-delay=\"300\">\r\n                <div class=\"prod_img\">\r\n                    <a href=\"https:\/\/www.coxgomyl.com\/project\/lucent-w1-london\/\" target=\"_blank\" title=\"Lucent W1, London\">\r\n                        <img decoding=\"async\" src=\"https:\/\/www.facadeaccesssolutions.com\/fr\/wp-content\/uploads\/sites\/10\/2024\/09\/One-Sherwood-to-be-credited-re-Ruths-email-in-case-study-design-and-post-copy-600x610_c.jpg\" alt=\"Lucent W1, London\" title=\"Lucent W1, London\">\r\n                    <\/a>\r\n                    <h3><a href=\"https:\/\/www.coxgomyl.com\/project\/lucent-w1-london\/\" target=\"_blank\" title=\"Lucent W1, London\">Lucent W1, London<\/a><\/h3>\r\n                <\/div>\r\n            <\/div>\r\n            \r\n            \t\t\t\t\r\n\r\n                            \r\n            <div class=\"prod_box\" data-aos=\"fade-up\" data-aos-duration=\"600\" data-aos-easing=\"ease-out\" data-aos-delay=\"100\">\r\n                <div class=\"prod_img\">\r\n                    <a href=\"https:\/\/www.manntech.com\/project\/clarges-mayfair\/\" target=\"_blank\" title=\"Clarges Mayfair, London\">\r\n                        <img decoding=\"async\" src=\"https:\/\/www.facadeaccesssolutions.com\/fr\/wp-content\/uploads\/sites\/10\/2026\/01\/Clarges-Mayfair-London-FAS-Projects-600x610_c.webp\" alt=\"Clarges Mayfair, London\" title=\"Clarges Mayfair, London\">\r\n                    <\/a>\r\n                    <h3><a href=\"https:\/\/www.manntech.com\/project\/clarges-mayfair\/\" target=\"_blank\" title=\"Clarges Mayfair, London\">Clarges Mayfair, London<\/a><\/h3>\r\n                <\/div>\r\n            <\/div>\r\n            \r\n            \t\t\t\t\r\n\r\n                            \r\n            <div class=\"prod_box\" data-aos=\"fade-up\" data-aos-duration=\"600\" data-aos-easing=\"ease-out\" data-aos-delay=\"200\">\r\n                <div class=\"prod_img\">\r\n                    <a href=\"https:\/\/www.manntech.com\/project\/jumeirah-gate\/\" target=\"_blank\" title=\"Jumeirah Gate, Dubai\">\r\n                        <img decoding=\"async\" src=\"https:\/\/www.facadeaccesssolutions.com\/fr\/wp-content\/uploads\/sites\/10\/2026\/01\/Jumeirah-Gate-Dubai-FAS-Projects-600x610_c.webp\" alt=\"Jumeirah Gate, Dubai\" title=\"Jumeirah Gate, Dubai\">\r\n                    <\/a>\r\n                    <h3><a href=\"https:\/\/www.manntech.com\/project\/jumeirah-gate\/\" target=\"_blank\" title=\"Jumeirah Gate, Dubai\">Jumeirah Gate, Dubai<\/a><\/h3>\r\n                <\/div>\r\n            <\/div>\r\n            \r\n            \t\t\t\t\r\n\r\n                            \r\n            <div class=\"prod_box\" data-aos=\"fade-up\" data-aos-duration=\"600\" data-aos-easing=\"ease-out\" data-aos-delay=\"300\">\r\n                <div class=\"prod_img\">\r\n                    <a href=\"https:\/\/www.manntech.com\/project\/elite-residence\/\" target=\"_blank\" title=\"Elite Residence, Dubai\">\r\n                        <img decoding=\"async\" src=\"https:\/\/www.facadeaccesssolutions.com\/fr\/wp-content\/uploads\/sites\/10\/2026\/01\/Elite-Residence-Dubai-FAS-Projects-600x610_c.webp\" alt=\"Elite Residence, Dubai\" title=\"Elite Residence, Dubai\">\r\n                    <\/a>\r\n                    <h3><a href=\"https:\/\/www.manntech.com\/project\/elite-residence\/\" target=\"_blank\" title=\"Elite Residence, Dubai\">Elite Residence, Dubai<\/a><\/h3>\r\n                <\/div>\r\n            <\/div>\r\n            \r\n            \t\t\t\t\r\n\r\n                            \r\n            <div class=\"prod_box\" data-aos=\"fade-up\" data-aos-duration=\"600\" data-aos-easing=\"ease-out\" data-aos-delay=\"100\">\r\n                <div class=\"prod_img\">\r\n                    <a href=\"https:\/\/www.manntech.com\/project\/world-trade-centre\/\" target=\"_blank\" title=\"World Trade Centre, Abu Dhabi\">\r\n                        <img decoding=\"async\" src=\"https:\/\/www.facadeaccesssolutions.com\/fr\/wp-content\/uploads\/sites\/10\/2026\/01\/World-Trade-Centre-Abu-Dhabi-FAS-Projects-600x610_c.webp\" alt=\"World Trade Centre, Abu Dhabi\" title=\"World Trade Centre, Abu Dhabi\">\r\n                    <\/a>\r\n                    <h3><a href=\"https:\/\/www.manntech.com\/project\/world-trade-centre\/\" target=\"_blank\" title=\"World Trade Centre, Abu Dhabi\">World Trade Centre, Abu Dhabi<\/a><\/h3>\r\n                <\/div>\r\n            <\/div>\r\n            \r\n            \t\t\t\t\r\n\r\n                            \r\n            <div class=\"prod_box\" data-aos=\"fade-up\" data-aos-duration=\"600\" data-aos-easing=\"ease-out\" data-aos-delay=\"200\">\r\n                <div class=\"prod_img\">\r\n                    <a href=\"https:\/\/www.manntech.com\/project\/lloyds-of-london\/\" target=\"_blank\" title=\"Lloyds of London, London\">\r\n                        <img decoding=\"async\" src=\"https:\/\/www.facadeaccesssolutions.com\/fr\/wp-content\/uploads\/sites\/10\/2026\/01\/Lloyds-of-London-London-600x610_c.webp\" alt=\"Lloyds of London, London\" title=\"Lloyds of London, London\">\r\n                    <\/a>\r\n                    <h3><a href=\"https:\/\/www.manntech.com\/project\/lloyds-of-london\/\" target=\"_blank\" title=\"Lloyds of London, London\">Lloyds of London, London<\/a><\/h3>\r\n                <\/div>\r\n            <\/div>\r\n            \r\n            \t\t\t\t\r\n\r\n                            \r\n            <div class=\"prod_box\" data-aos=\"fade-up\" data-aos-duration=\"600\" data-aos-easing=\"ease-out\" data-aos-delay=\"300\">\r\n                <div class=\"prod_img\">\r\n                    <a href=\"https:\/\/www.coxgomyl.com\/project\/theshard\/\" target=\"_blank\" title=\"The Shard, London\">\r\n                        <img decoding=\"async\" src=\"https:\/\/www.facadeaccesssolutions.com\/fr\/wp-content\/uploads\/sites\/10\/2026\/01\/The-Shard-BMU-FAS-Projects-600x610_c.jpg\" alt=\"The Shard, London\" title=\"The Shard, London\">\r\n                    <\/a>\r\n                    <h3><a href=\"https:\/\/www.coxgomyl.com\/project\/theshard\/\" target=\"_blank\" title=\"The Shard, London\">The Shard, London<\/a><\/h3>\r\n                <\/div>\r\n            <\/div>\r\n            \r\n            \t\t\t            \r\n            \r\n        <\/div>\r\n        \r\n        <div class=\"pagination\" data-aos=\"fade-up\" data-aos-duration=\"600\" data-aos-easing=\"ease-out\" data-aos-delay=\"100\">\r\n        \t        <\/div>\r\n        \r\n                \r\n        \r\n    <\/div>\r\n<\/section>\r\n\r\n\r\n","protected":false},"excerpt":{"rendered":"","protected":false},"author":1,"featured_media":0,"parent":0,"menu_order":0,"comment_status":"closed","ping_status":"closed","template":"","meta":{"_acf_changed":false,"_trash_the_other_posts":false,"editor_notices":[],"footnotes":""},"class_list":["post-1360","page","type-page","status-publish","hentry"],"acf":[],"yoast_head":"<!-- This site is optimized with the Yoast SEO Premium plugin v27.1 (Yoast SEO v27.3) - https:\/\/yoast.com\/product\/yoast-seo-premium-wordpress\/ -->\n<title>Nos projets r\u00e9cents | Facade Access Soluions<\/title>\n<meta name=\"description\" content=\"D\u00e9couvrez nos projets r\u00e9cents illustrant nos syst\u00e8mes d&#039;acc\u00e8s aux fa\u00e7ades innovants, qui offrent des solutions s\u00fbres, efficaces et conformes.\" \/>\n<meta name=\"robots\" content=\"index, follow, max-snippet:-1, max-image-preview:large, max-video-preview:-1\" \/>\n<link rel=\"canonical\" href=\"https:\/\/www.facadeaccesssolutions.com\/fr\/projects\/\" \/>\n<meta property=\"og:locale\" content=\"fr_FR\" \/>\n<meta property=\"og:type\" content=\"article\" \/>\n<meta property=\"og:title\" content=\"Projets\" \/>\n<meta property=\"og:description\" content=\"D\u00e9couvrez nos projets r\u00e9cents illustrant nos syst\u00e8mes d&#039;acc\u00e8s aux fa\u00e7ades innovants, qui offrent des solutions s\u00fbres, efficaces et conformes.\" \/>\n<meta property=\"og:url\" content=\"https:\/\/www.facadeaccesssolutions.com\/fr\/projects\/\" \/>\n<meta property=\"og:site_name\" content=\"Facade Access Solutions France\" \/>\n<meta property=\"article:modified_time\" content=\"2026-01-30T20:23:31+00:00\" \/>\n<meta name=\"twitter:card\" content=\"summary_large_image\" \/>\n<script type=\"application\/ld+json\" class=\"yoast-schema-graph\">{\"@context\":\"https:\\\/\\\/schema.org\",\"@graph\":[{\"@type\":\"WebPage\",\"@id\":\"https:\\\/\\\/www.facadeaccesssolutions.com\\\/fr\\\/projects\\\/\",\"url\":\"https:\\\/\\\/www.facadeaccesssolutions.com\\\/fr\\\/projects\\\/\",\"name\":\"Nos projets r\u00e9cents | Facade Access Soluions\",\"isPartOf\":{\"@id\":\"https:\\\/\\\/www.facadeaccesssolutions.com\\\/fr\\\/#website\"},\"datePublished\":\"2026-01-30T20:07:04+00:00\",\"dateModified\":\"2026-01-30T20:23:31+00:00\",\"description\":\"D\u00e9couvrez nos projets r\u00e9cents illustrant nos syst\u00e8mes d'acc\u00e8s aux fa\u00e7ades innovants, qui offrent des solutions s\u00fbres, efficaces et conformes.\",\"breadcrumb\":{\"@id\":\"https:\\\/\\\/www.facadeaccesssolutions.com\\\/fr\\\/projects\\\/#breadcrumb\"},\"inLanguage\":\"fr-FR\",\"potentialAction\":[{\"@type\":\"ReadAction\",\"target\":[\"https:\\\/\\\/www.facadeaccesssolutions.com\\\/fr\\\/projects\\\/\"]}]},{\"@type\":\"BreadcrumbList\",\"@id\":\"https:\\\/\\\/www.facadeaccesssolutions.com\\\/fr\\\/projects\\\/#breadcrumb\",\"itemListElement\":[{\"@type\":\"ListItem\",\"position\":1,\"name\":\"Home\",\"item\":\"https:\\\/\\\/www.facadeaccesssolutions.com\\\/fr\\\/\"},{\"@type\":\"ListItem\",\"position\":2,\"name\":\"Projets\"}]},{\"@type\":\"WebSite\",\"@id\":\"https:\\\/\\\/www.facadeaccesssolutions.com\\\/fr\\\/#website\",\"url\":\"https:\\\/\\\/www.facadeaccesssolutions.com\\\/fr\\\/\",\"name\":\"Facade Access Solutions\",\"description\":\"Part Of Alimak Group\",\"potentialAction\":[{\"@type\":\"SearchAction\",\"target\":{\"@type\":\"EntryPoint\",\"urlTemplate\":\"https:\\\/\\\/www.facadeaccesssolutions.com\\\/fr\\\/?s={search_term_string}\"},\"query-input\":{\"@type\":\"PropertyValueSpecification\",\"valueRequired\":true,\"valueName\":\"search_term_string\"}}],\"inLanguage\":\"fr-FR\"}]}<\/script>\n<!-- \/ Yoast SEO Premium plugin. -->","yoast_head_json":{"title":"Nos projets r\u00e9cents | Facade Access Soluions","description":"D\u00e9couvrez nos projets r\u00e9cents illustrant nos syst\u00e8mes d'acc\u00e8s aux fa\u00e7ades innovants, qui offrent des solutions s\u00fbres, efficaces et conformes.","robots":{"index":"index","follow":"follow","max-snippet":"max-snippet:-1","max-image-preview":"max-image-preview:large","max-video-preview":"max-video-preview:-1"},"canonical":"https:\/\/www.facadeaccesssolutions.com\/fr\/projects\/","og_locale":"fr_FR","og_type":"article","og_title":"Projets","og_description":"D\u00e9couvrez nos projets r\u00e9cents illustrant nos syst\u00e8mes d'acc\u00e8s aux fa\u00e7ades innovants, qui offrent des solutions s\u00fbres, efficaces et conformes.","og_url":"https:\/\/www.facadeaccesssolutions.com\/fr\/projects\/","og_site_name":"Facade Access Solutions France","article_modified_time":"2026-01-30T20:23:31+00:00","twitter_card":"summary_large_image","schema":{"@context":"https:\/\/schema.org","@graph":[{"@type":"WebPage","@id":"https:\/\/www.facadeaccesssolutions.com\/fr\/projects\/","url":"https:\/\/www.facadeaccesssolutions.com\/fr\/projects\/","name":"Nos projets r\u00e9cents | Facade Access Soluions","isPartOf":{"@id":"https:\/\/www.facadeaccesssolutions.com\/fr\/#website"},"datePublished":"2026-01-30T20:07:04+00:00","dateModified":"2026-01-30T20:23:31+00:00","description":"D\u00e9couvrez nos projets r\u00e9cents illustrant nos syst\u00e8mes d'acc\u00e8s aux fa\u00e7ades innovants, qui offrent des solutions s\u00fbres, efficaces et conformes.","breadcrumb":{"@id":"https:\/\/www.facadeaccesssolutions.com\/fr\/projects\/#breadcrumb"},"inLanguage":"fr-FR","potentialAction":[{"@type":"ReadAction","target":["https:\/\/www.facadeaccesssolutions.com\/fr\/projects\/"]}]},{"@type":"BreadcrumbList","@id":"https:\/\/www.facadeaccesssolutions.com\/fr\/projects\/#breadcrumb","itemListElement":[{"@type":"ListItem","position":1,"name":"Home","item":"https:\/\/www.facadeaccesssolutions.com\/fr\/"},{"@type":"ListItem","position":2,"name":"Projets"}]},{"@type":"WebSite","@id":"https:\/\/www.facadeaccesssolutions.com\/fr\/#website","url":"https:\/\/www.facadeaccesssolutions.com\/fr\/","name":"Facade Access Solutions","description":"Part Of Alimak Group","potentialAction":[{"@type":"SearchAction","target":{"@type":"EntryPoint","urlTemplate":"https:\/\/www.facadeaccesssolutions.com\/fr\/?s={search_term_string}"},"query-input":{"@type":"PropertyValueSpecification","valueRequired":true,"valueName":"search_term_string"}}],"inLanguage":"fr-FR"}]}},"_links":{"self":[{"href":"https:\/\/www.facadeaccesssolutions.com\/fr\/wp-json\/wp\/v2\/pages\/1360","targetHints":{"allow":["GET"]}}],"collection":[{"href":"https:\/\/www.facadeaccesssolutions.com\/fr\/wp-json\/wp\/v2\/pages"}],"about":[{"href":"https:\/\/www.facadeaccesssolutions.com\/fr\/wp-json\/wp\/v2\/types\/page"}],"author":[{"embeddable":true,"href":"https:\/\/www.facadeaccesssolutions.com\/fr\/wp-json\/wp\/v2\/users\/1"}],"replies":[{"embeddable":true,"href":"https:\/\/www.facadeaccesssolutions.com\/fr\/wp-json\/wp\/v2\/comments?post=1360"}],"version-history":[{"count":2,"href":"https:\/\/www.facadeaccesssolutions.com\/fr\/wp-json\/wp\/v2\/pages\/1360\/revisions"}],"predecessor-version":[{"id":1362,"href":"https:\/\/www.facadeaccesssolutions.com\/fr\/wp-json\/wp\/v2\/pages\/1360\/revisions\/1362"}],"wp:attachment":[{"href":"https:\/\/www.facadeaccesssolutions.com\/fr\/wp-json\/wp\/v2\/media?parent=1360"}],"curies":[{"name":"wp","href":"https:\/\/api.w.org\/{rel}","templated":true}]}}