{"id":159,"date":"2024-08-01T05:13:08","date_gmt":"2024-08-01T05:13:08","guid":{"rendered":"http:\/\/localhost\/techno\/facade\/wordpress\/?page_id=159"},"modified":"2026-02-25T01:18:13","modified_gmt":"2026-02-25T01:18:13","slug":"innovation","status":"publish","type":"page","link":"https:\/\/www.facadeaccesssolutions.com\/fr\/innovation\/","title":{"rendered":"Innovation"},"content":{"rendered":"\r\n<section class=\"breadcrumbs\" data-aos=\"fade-up\" data-aos-duration=\"600\" data-aos-easing=\"ease-out\" data-aos-delay=\"100\">\r\n    <div class=\"content_holder content_holder_1570\">\r\n    \t<ul><li class=\"main-home\"><span property=\"itemListElement\" typeof=\"ListItem\"><a property=\"item\" typeof=\"WebPage\" title=\"Aller \u00e0 FACADE ACCESS SOLUTIONS Sites.\" href=\"https:\/\/www.facadeaccesssolutions.com\" class=\"main-home\" ><span property=\"name\">FACADE ACCESS SOLUTIONS Sites<\/span><\/a><meta property=\"position\" content=\"1\"><\/span><\/li>\n<li class=\"home\"><span property=\"itemListElement\" typeof=\"ListItem\"><a property=\"item\" typeof=\"WebPage\" title=\"Go to Facade Access Solutions France.\" href=\"https:\/\/www.facadeaccesssolutions.com\/fr\" class=\"home\" aria-current=\"page\"><span property=\"name\">Home<\/span><\/a><meta property=\"position\" content=\"2\"><\/span><\/li>\n<\/ul>\r\n    <\/div>\r\n<\/section>\n\n<section class=\"page_title \" data-aos=\"fade-up\" data-aos-duration=\"600\" data-aos-easing=\"ease-out\" data-aos-delay=\"200\">\n    <div class=\"content_holder content_holder_1570\">\n        <h1>Innovation<\/h1>\n    <\/div>\n<\/section>\n\n\n\r\n<section class=\"solutions_intro solutions_intro_1 solutions_intro_flip solutions_intro_vc \">\r\n    <div class=\"content_holder content_holder_1570 clearfix\">\r\n\r\n\t\t                <div class=\"sol_right\" data-aos=\"fade-up\" data-aos-duration=\"600\" data-aos-easing=\"ease-out\" data-aos-delay=\"300\">\r\n        \t<a href=\"https:\/\/www.skylinerobotics.com\/meet-ozmo\" target=\"_blank\" class=\"img_zoom\">            <img decoding=\"async\" src=\"https:\/\/www.facadeaccesssolutions.com\/fr\/wp-content\/uploads\/sites\/10\/2025\/03\/Skyline-Robotics-Arms-881x515_c.jpg\" alt=\"\">\r\n            <\/a>        <\/div>\r\n            \r\n        <div class=\"sol_left\" data-aos=\"fade-up\" data-aos-duration=\"600\" data-aos-easing=\"ease-out\" data-aos-delay=\"400\">\r\n        \t<h4>Faire progresser les syst\u00e8mes automatis\u00e9s d\u2019acc\u00e8s aux fa\u00e7ades avec Skyline Robotics<\/h4>            <div class=\"site_contents\">\r\n            <p>Facade Access Solutions s\u2019associe \u00e0 Skyline Robotics pour pr\u00e9senter OZMO, un syst\u00e8me robotis\u00e9 de nettoyage de vitres et d\u2019inspection de fa\u00e7ades de nouvelle g\u00e9n\u00e9ration, utilis\u00e9 dans de grandes villes comme New York. Ce partenariat renforce notre capacit\u00e9 \u00e0 proposer des solutions innovantes d\u2019acc\u00e8s aux fa\u00e7ades favorisant une maintenance plus s\u00fbre des b\u00e2timents, une efficacit\u00e9 accrue et une performance durable des actifs \u00e0 long terme. Gr\u00e2ce \u00e0 une technologie de nettoyage automatis\u00e9e et \u00e0 des analyses de donn\u00e9es en temps r\u00e9el, OZMO aide les propri\u00e9taires d\u2019immeubles \u00e0 adopter des strat\u00e9gies d\u2019entretien de fa\u00e7ade plus intelligentes et plus durables.<\/p>\n<p>OZMO utilise le LiDAR, des cam\u00e9ras optiques et des capteurs avanc\u00e9s pour scanner et cartographier chaque descente avec pr\u00e9cision. Le syst\u00e8me fonctionne de jour comme de nuit et offre des performances fiables dans une large plage de temp\u00e9ratures. Il fonctionne avec une alimentation monophas\u00e9e de 230 V et utilise de l\u2019eau d\u00e9ionis\u00e9e pour le nettoyage. Le mat\u00e9riel est certifi\u00e9 IP65 et b\u00e9n\u00e9ficie d\u2019une connectivit\u00e9 de donn\u00e9es \u00e0 haut d\u00e9bit. Avec la majorit\u00e9 de ses composants disponibles sur \u00e9tag\u00e8re et des capacit\u00e9s de surveillance \u00e0 distance, OZMO assure un fonctionnement fiable avec une faible consommation d\u2019\u00e9nergie et d\u2019eau, ce qui en fait une solution id\u00e9ale pour les programmes modernes de maintenance des fa\u00e7ades.<\/p>\n<p>Les r\u00e9sultats de performance d\u00e9montrent l\u2019impact de la technologie Skyline Robotics lorsqu\u2019elle est associ\u00e9e \u00e0 des syst\u00e8mes d\u2019acc\u00e8s aux fa\u00e7ades leaders du secteur :<\/p>\n<ol>\n<li><strong>1.<\/strong> La vitesse de nettoyage a atteint jusqu\u2019\u00e0 4 000 pieds carr\u00e9s par heure, gr\u00e2ce \u00e0 une cartographie LiDAR pr\u00e9cise et \u00e0 des capteurs coordonn\u00e9s.<\/li>\n<li><strong>2.<\/strong> Les heures de travail humain sur la fa\u00e7ade ont \u00e9t\u00e9 r\u00e9duites jusqu\u2019\u00e0 75 %, gr\u00e2ce \u00e0 un fonctionnement 24 h\/24 et 7 j\/7 et \u00e0 une charge de travail s\u00e9curis\u00e9e de 750 livres.<\/li>\n<li><strong>3.<\/strong> La dur\u00e9e des projets est pass\u00e9e de 18\u201319 jours ouvrables \u00e0 seulement 5 jours, am\u00e9liorant ainsi les cycles globaux de maintenance des b\u00e2timents.<\/li>\n<li><strong>4.<\/strong> Les b\u00e2timents sont pass\u00e9s \u00e0 un nettoyage continu de jour et de nuit, soutenu par une protection IP65 et des syst\u00e8mes d\u2019alimentation et de communication stables.<\/li>\n<li><strong>5.<\/strong> La consommation d\u2019eau est rest\u00e9e efficace, entre 0,15 et 0,2 litre par minute, avec jusqu\u2019\u00e0 30 % r\u00e9cup\u00e9r\u00e9s.<\/li>\n<li><strong>6.<\/strong> Plus de 99 % des pi\u00e8ces sont disponibles sur \u00e9tag\u00e8re, rendant l\u2019entretien et la maintenance pr\u00e9visibles pour les propri\u00e9taires.<\/li>\n<\/ol>\n<p>Ce partenariat combine la solidit\u00e9 de Facade Access Solutions et l\u2019innovation de Skyline Robotics, offrant une plateforme automatis\u00e9e performante qui \u00e9l\u00e8ve les standards de maintenance des fa\u00e7ades \u00e0 l\u2019\u00e9chelle mondiale.<\/p>\n            <\/div>\r\n            \t            <a href=\"https:\/\/www.skylinerobotics.com\/meet-ozmo\" class=\"site_btn site_btn_sm\" target=\"_blank\">\r\n\t\t\t\t\tLEARN MORE                <\/a>\r\n                &nbsp;&nbsp;&nbsp;\r\n                        \r\n                    <\/div>\r\n    <\/div>\r\n<\/section>\r\n\r\n\r\n\n\n\r\n<section class=\"solutions_intro solutions_intro_1 \">\r\n    <div class=\"content_holder content_holder_1570 clearfix\">\r\n\r\n\t\t                <div class=\"sol_right\" data-aos=\"fade-up\" data-aos-duration=\"600\" data-aos-easing=\"ease-out\" data-aos-delay=\"300\">\r\n        \t<a href=\"https:\/\/www.manntech.com\/wp-content\/uploads\/2024\/08\/Manntech-Articulated-Mechatronic-System-Flyer.pdf\" target=\"_blank\" class=\"img_zoom\">            <img decoding=\"async\" src=\"https:\/\/www.facadeaccesssolutions.com\/fr\/wp-content\/uploads\/sites\/10\/2024\/08\/innovation_1-1-881x515_c.jpg\" alt=\"\">\r\n            <\/a>        <\/div>\r\n            \r\n        <div class=\"sol_left\" data-aos=\"fade-up\" data-aos-duration=\"600\" data-aos-easing=\"ease-out\" data-aos-delay=\"400\">\r\n        \t<h4>Syst\u00e8me m\u00e9catronique articul\u00e9 (AMS)<\/h4>            <div class=\"site_contents\">\r\n            <p>Le Syst\u00e8me M\u00e9catronique Articul\u00e9 (AMS) est une solution avanc\u00e9e d\u2019acc\u00e8s aux fa\u00e7ades con\u00e7ue pour red\u00e9finir les unit\u00e9s modernes de maintenance des b\u00e2timents (Building Maintenance Units \u2013 BMU). D\u00e9velopp\u00e9 par Manntech et fourni par l\u2019interm\u00e9diaire de Fa\u00e7ade Access Solutions, l\u2019AMS int\u00e8gre l\u2019ing\u00e9nierie m\u00e9catronique \u00e0 un syst\u00e8me de contr\u00f4le intelligent afin de soutenir une maintenance efficace et durable des immeubles de grande hauteur.<\/p>\n<p>Contrairement aux BMU conventionnels, l\u2019AMS repose sur un concept structurel l\u00e9ger qui r\u00e9duit consid\u00e9rablement les charges en toiture. Sa conception optimis\u00e9e permet une installation jusqu\u2019\u00e0 40 % plus rapide et utilise environ 20 % de mat\u00e9riaux en moins. Cela diminue les besoins en renforcement structurel et favorise une ex\u00e9cution de projet plus rentable. La r\u00e9duction de l\u2019utilisation des mat\u00e9riaux contribue \u00e9galement \u00e0 une baisse du carbone incorpor\u00e9 (embodied carbon) et \u00e0 une meilleure performance environnementale.<\/p>\n<p>Le syst\u00e8me int\u00e8gre un contr\u00f4le de mouvement de haute pr\u00e9cision et une automatisation intelligente. Les op\u00e9rateurs b\u00e9n\u00e9ficient d\u2019une maniabilit\u00e9 accrue sur des g\u00e9om\u00e9tries de fa\u00e7ade complexes. La surveillance \u00e0 distance int\u00e9gr\u00e9e permet un suivi des performances en temps r\u00e9el ainsi qu\u2019une planification de la maintenance pr\u00e9dictive, contribuant \u00e0 prolonger la dur\u00e9e de vie des \u00e9quipements et \u00e0 minimiser les temps d\u2019arr\u00eat.<\/p>\n<p>Principales capacit\u00e9s du syst\u00e8me :<\/p>\n<ul>\n<li>R\u00e9duction des charges structurelles et de la consommation de mat\u00e9riaux<\/li>\n<li>D\u00e9lais d\u2019installation acc\u00e9l\u00e9r\u00e9s<\/li>\n<li>Acc\u00e8s am\u00e9lior\u00e9 aux fa\u00e7ades de b\u00e2timents complexes<\/li>\n<li>Diagnostic intelligent et capacit\u00e9 de maintenance pr\u00e9dictive<\/li>\n<\/ul>\n<p>L\u2019AMS repr\u00e9sente une technologie d\u2019acc\u00e8s aux fa\u00e7ades tourn\u00e9e vers l\u2019avenir, align\u00e9e sur les strat\u00e9gies de conception durable et l\u2019\u00e9volution croissante de la complexit\u00e9 architecturale.<\/p>\n            <\/div>\r\n            \t            <a href=\"https:\/\/www.manntech.com\/wp-content\/uploads\/2024\/08\/Manntech-Articulated-Mechatronic-System-Flyer.pdf\" class=\"site_btn site_btn_sm\" target=\"_blank\">\r\n\t\t\t\t\tLEARN MORE                <\/a>\r\n                &nbsp;&nbsp;&nbsp;\r\n                        \r\n                    <\/div>\r\n    <\/div>\r\n<\/section>\r\n\r\n\r\n\n\n\r\n<section class=\"solutions_intro solutions_intro_1 solutions_intro_flip solutions_intro_vc \">\r\n    <div class=\"content_holder content_holder_1570 clearfix\">\r\n\r\n\t\t                <div class=\"sol_right\" data-aos=\"fade-up\" data-aos-duration=\"600\" data-aos-easing=\"ease-out\" data-aos-delay=\"300\">\r\n        \t<a href=\"https:\/\/bimgallery.facadeaccesssolutions.com\/bim\/division\/facade-access\" target=\"_blank\" class=\"img_zoom\">            <img decoding=\"async\" src=\"https:\/\/www.facadeaccesssolutions.com\/fr\/wp-content\/uploads\/sites\/10\/2024\/08\/innovation_2-881x515_c.jpg\" alt=\"\">\r\n            <\/a>        <\/div>\r\n            \r\n        <div class=\"sol_left\" data-aos=\"fade-up\" data-aos-duration=\"600\" data-aos-easing=\"ease-out\" data-aos-delay=\"400\">\r\n        \t<h4>Biblioth\u00e8que BIM : Facilitez la planification de l\u2019acc\u00e8s en fa\u00e7ade<\/h4>            <div class=\"site_contents\">\r\n            <p>Gagnez du temps dans le choix de la solution d\u2019acc\u00e8s en fa\u00e7ade adapt\u00e9e \u00e0 votre projet de construction gr\u00e2ce \u00e0 notre large gamme de fichiers d\u2019objets Building Information Modelling (BIM). Ces mod\u00e8les vous permettent de comparer et de s\u00e9lectionner les options les plus appropri\u00e9es, de la phase initiale jusqu\u2019\u00e0 l\u2019ach\u00e8vement du projet.<\/p>\n<p>Nos mod\u00e8les BIM sont configurables pour r\u00e9pondre \u00e0 vos exigences sp\u00e9cifiques. En int\u00e9grant ces mod\u00e8les d\u00e8s la phase de planification, vous pouvez optimiser et simuler l\u2019utilisation de nos solutions d\u2019acc\u00e8s en fa\u00e7ade, r\u00e9duisant ainsi les risques potentiels souvent difficiles \u00e0 anticiper dans un environnement 2D.<\/p>\n            <\/div>\r\n            \t            <a href=\"https:\/\/bimgallery.facadeaccesssolutions.com\/bim\/division\/facade-access\" class=\"site_btn site_btn_sm\" target=\"_blank\">\r\n\t\t\t\t\tLEARN MORE                <\/a>\r\n                &nbsp;&nbsp;&nbsp;\r\n                        \r\n                    <\/div>\r\n    <\/div>\r\n<\/section>\r\n\r\n\r\n\n\n\r\n<section class=\"solutions_intro solutions_intro_1 solutions_intro_last \">\r\n    <div class=\"content_holder content_holder_1570 clearfix\">\r\n\r\n\t\t                <div class=\"sol_right\" data-aos=\"fade-up\" data-aos-duration=\"600\" data-aos-easing=\"ease-out\" data-aos-delay=\"300\">\r\n        \t            <img decoding=\"async\" src=\"https:\/\/www.facadeaccesssolutions.com\/fr\/wp-content\/uploads\/sites\/10\/2024\/08\/innovation_3-881x515_c.jpg\" alt=\"\">\r\n                    <\/div>\r\n            \r\n        <div class=\"sol_left\" data-aos=\"fade-up\" data-aos-duration=\"600\" data-aos-easing=\"ease-out\" data-aos-delay=\"400\">\r\n        \t<h4>MyBMU : gestion des donn\u00e9es s\u00e9curis\u00e9e<\/h4>            <div class=\"site_contents\">\r\n            <p>MyBMU collecte et affiche les donn\u00e9es op\u00e9rationnelles des BMU \u00e9quip\u00e9s de routeurs, fournissant des informations en temps r\u00e9el sur l\u2019\u00e9tat des \u00e9quipements, leur utilisation et leurs besoins en maintenance.<\/p>\n<h6>Le portail MyBMU offre un acc\u00e8s :<\/h6>\n<ul>\n<li>Aux informations essentielles des machines, y compris la derni\u00e8re documentation technique et les certificats<\/li>\n<li>Aux manuels d\u2019utilisation et guides interactifs\n<li>Aux statistiques d\u2019utilisation des machines \u2013 heures de fonctionnement, couverture de la fa\u00e7ade<\/li>\n<li>A un outil de m\u00e9morisation et d&rsquo;enregistrement des positions en fa\u00e7ade,<\/li>\n<li>A des formations en ligne<\/li>\n<li>Au positioonnement de l\u2019\u00e9quipement en temps r\u00e9el<\/li>\n<li>Au support \u00e0 distance de nos \u00e9quipes d\u2019ing\u00e9nierie<\/li>\n<\/ul>\n            <\/div>\r\n                        \r\n                    <\/div>\r\n    <\/div>\r\n<\/section>\r\n\r\n\r\n\n\n\n<p><\/p>\n","protected":false},"excerpt":{"rendered":"<p>Advancing Automated Facade Access Systems with Skyline Robotics Facade Access Solutions partners with Skyline Robotics to introduce OZMO, a next-generation robotic window cleaning and facade inspection system used in major cities like New York. This partnership strengthens our ability to deliver innovative facade access solutions that support safer building maintenance, higher efficiency and long-term asset performance. With automated cleaning technology and real-time data insights, OZMO helps building owners adopt smarter and more sustainable facade care strategies. OZMO uses LiDAR, optical cameras and advanced sensors to scan and map each drop with accuracy. The system operates day or night and performs &#8230;<\/p>\n","protected":false},"author":1,"featured_media":0,"parent":0,"menu_order":0,"comment_status":"closed","ping_status":"closed","template":"","meta":{"_acf_changed":false,"_trash_the_other_posts":false,"editor_notices":[],"footnotes":""},"class_list":["post-159","page","type-page","status-publish","hentry"],"acf":[],"yoast_head":"<!-- This site is optimized with the Yoast SEO Premium plugin v27.1 (Yoast SEO v27.3) - https:\/\/yoast.com\/product\/yoast-seo-premium-wordpress\/ -->\n<title>Innovation | Facade Access Solutions<\/title>\n<meta name=\"robots\" content=\"index, follow, max-snippet:-1, max-image-preview:large, max-video-preview:-1\" \/>\n<link rel=\"canonical\" href=\"https:\/\/www.facadeaccesssolutions.com\/fr\/innovation\/\" \/>\n<meta property=\"og:locale\" content=\"fr_FR\" \/>\n<meta property=\"og:type\" content=\"article\" \/>\n<meta property=\"og:title\" content=\"Innovation\" \/>\n<meta property=\"og:description\" content=\"Advancing Automated Facade Access Systems with Skyline Robotics Facade Access Solutions partners with Skyline Robotics to introduce OZMO, a next-generation robotic window cleaning and facade inspection system used in major cities like New York. This partnership strengthens our ability to deliver innovative facade access solutions that support safer building maintenance, higher efficiency and long-term asset performance. With automated cleaning technology and real-time data insights, OZMO helps building owners adopt smarter and more sustainable facade care strategies. OZMO uses LiDAR, optical cameras and advanced sensors to scan and map each drop with accuracy. The system operates day or night and performs ...\" \/>\n<meta property=\"og:url\" content=\"https:\/\/www.facadeaccesssolutions.com\/fr\/innovation\/\" \/>\n<meta property=\"og:site_name\" content=\"Facade Access Solutions France\" \/>\n<meta property=\"article:modified_time\" content=\"2026-02-25T01:18:13+00:00\" \/>\n<meta name=\"twitter:card\" content=\"summary_large_image\" \/>\n<script type=\"application\/ld+json\" class=\"yoast-schema-graph\">{\"@context\":\"https:\\\/\\\/schema.org\",\"@graph\":[{\"@type\":\"WebPage\",\"@id\":\"https:\\\/\\\/www.facadeaccesssolutions.com\\\/fr\\\/innovation\\\/\",\"url\":\"https:\\\/\\\/www.facadeaccesssolutions.com\\\/fr\\\/innovation\\\/\",\"name\":\"Innovation | Facade Access Solutions\",\"isPartOf\":{\"@id\":\"https:\\\/\\\/www.facadeaccesssolutions.com\\\/fr\\\/#website\"},\"datePublished\":\"2024-08-01T05:13:08+00:00\",\"dateModified\":\"2026-02-25T01:18:13+00:00\",\"breadcrumb\":{\"@id\":\"https:\\\/\\\/www.facadeaccesssolutions.com\\\/fr\\\/innovation\\\/#breadcrumb\"},\"inLanguage\":\"fr-FR\",\"potentialAction\":[{\"@type\":\"ReadAction\",\"target\":[\"https:\\\/\\\/www.facadeaccesssolutions.com\\\/fr\\\/innovation\\\/\"]}]},{\"@type\":\"BreadcrumbList\",\"@id\":\"https:\\\/\\\/www.facadeaccesssolutions.com\\\/fr\\\/innovation\\\/#breadcrumb\",\"itemListElement\":[{\"@type\":\"ListItem\",\"position\":1,\"name\":\"Home\",\"item\":\"https:\\\/\\\/www.facadeaccesssolutions.com\\\/fr\\\/\"},{\"@type\":\"ListItem\",\"position\":2,\"name\":\"Innovation\"}]},{\"@type\":\"WebSite\",\"@id\":\"https:\\\/\\\/www.facadeaccesssolutions.com\\\/fr\\\/#website\",\"url\":\"https:\\\/\\\/www.facadeaccesssolutions.com\\\/fr\\\/\",\"name\":\"Facade Access Solutions\",\"description\":\"Part Of Alimak Group\",\"potentialAction\":[{\"@type\":\"SearchAction\",\"target\":{\"@type\":\"EntryPoint\",\"urlTemplate\":\"https:\\\/\\\/www.facadeaccesssolutions.com\\\/fr\\\/?s={search_term_string}\"},\"query-input\":{\"@type\":\"PropertyValueSpecification\",\"valueRequired\":true,\"valueName\":\"search_term_string\"}}],\"inLanguage\":\"fr-FR\"}]}<\/script>\n<!-- \/ Yoast SEO Premium plugin. -->","yoast_head_json":{"title":"Innovation | Facade Access Solutions","robots":{"index":"index","follow":"follow","max-snippet":"max-snippet:-1","max-image-preview":"max-image-preview:large","max-video-preview":"max-video-preview:-1"},"canonical":"https:\/\/www.facadeaccesssolutions.com\/fr\/innovation\/","og_locale":"fr_FR","og_type":"article","og_title":"Innovation","og_description":"Advancing Automated Facade Access Systems with Skyline Robotics Facade Access Solutions partners with Skyline Robotics to introduce OZMO, a next-generation robotic window cleaning and facade inspection system used in major cities like New York. This partnership strengthens our ability to deliver innovative facade access solutions that support safer building maintenance, higher efficiency and long-term asset performance. With automated cleaning technology and real-time data insights, OZMO helps building owners adopt smarter and more sustainable facade care strategies. OZMO uses LiDAR, optical cameras and advanced sensors to scan and map each drop with accuracy. The system operates day or night and performs ...","og_url":"https:\/\/www.facadeaccesssolutions.com\/fr\/innovation\/","og_site_name":"Facade Access Solutions France","article_modified_time":"2026-02-25T01:18:13+00:00","twitter_card":"summary_large_image","schema":{"@context":"https:\/\/schema.org","@graph":[{"@type":"WebPage","@id":"https:\/\/www.facadeaccesssolutions.com\/fr\/innovation\/","url":"https:\/\/www.facadeaccesssolutions.com\/fr\/innovation\/","name":"Innovation | Facade Access Solutions","isPartOf":{"@id":"https:\/\/www.facadeaccesssolutions.com\/fr\/#website"},"datePublished":"2024-08-01T05:13:08+00:00","dateModified":"2026-02-25T01:18:13+00:00","breadcrumb":{"@id":"https:\/\/www.facadeaccesssolutions.com\/fr\/innovation\/#breadcrumb"},"inLanguage":"fr-FR","potentialAction":[{"@type":"ReadAction","target":["https:\/\/www.facadeaccesssolutions.com\/fr\/innovation\/"]}]},{"@type":"BreadcrumbList","@id":"https:\/\/www.facadeaccesssolutions.com\/fr\/innovation\/#breadcrumb","itemListElement":[{"@type":"ListItem","position":1,"name":"Home","item":"https:\/\/www.facadeaccesssolutions.com\/fr\/"},{"@type":"ListItem","position":2,"name":"Innovation"}]},{"@type":"WebSite","@id":"https:\/\/www.facadeaccesssolutions.com\/fr\/#website","url":"https:\/\/www.facadeaccesssolutions.com\/fr\/","name":"Facade Access Solutions","description":"Part Of Alimak Group","potentialAction":[{"@type":"SearchAction","target":{"@type":"EntryPoint","urlTemplate":"https:\/\/www.facadeaccesssolutions.com\/fr\/?s={search_term_string}"},"query-input":{"@type":"PropertyValueSpecification","valueRequired":true,"valueName":"search_term_string"}}],"inLanguage":"fr-FR"}]}},"_links":{"self":[{"href":"https:\/\/www.facadeaccesssolutions.com\/fr\/wp-json\/wp\/v2\/pages\/159","targetHints":{"allow":["GET"]}}],"collection":[{"href":"https:\/\/www.facadeaccesssolutions.com\/fr\/wp-json\/wp\/v2\/pages"}],"about":[{"href":"https:\/\/www.facadeaccesssolutions.com\/fr\/wp-json\/wp\/v2\/types\/page"}],"author":[{"embeddable":true,"href":"https:\/\/www.facadeaccesssolutions.com\/fr\/wp-json\/wp\/v2\/users\/1"}],"replies":[{"embeddable":true,"href":"https:\/\/www.facadeaccesssolutions.com\/fr\/wp-json\/wp\/v2\/comments?post=159"}],"version-history":[{"count":25,"href":"https:\/\/www.facadeaccesssolutions.com\/fr\/wp-json\/wp\/v2\/pages\/159\/revisions"}],"predecessor-version":[{"id":1437,"href":"https:\/\/www.facadeaccesssolutions.com\/fr\/wp-json\/wp\/v2\/pages\/159\/revisions\/1437"}],"wp:attachment":[{"href":"https:\/\/www.facadeaccesssolutions.com\/fr\/wp-json\/wp\/v2\/media?parent=159"}],"curies":[{"name":"wp","href":"https:\/\/api.w.org\/{rel}","templated":true}]}}