{"id":179,"date":"2024-08-01T05:33:54","date_gmt":"2024-08-01T05:33:54","guid":{"rendered":"http:\/\/localhost\/techno\/facade\/wordpress\/?page_id=179"},"modified":"2026-01-04T14:19:30","modified_gmt":"2026-01-04T14:19:30","slug":"solutions","status":"publish","type":"page","link":"https:\/\/www.facadeaccesssolutions.com\/fr\/solutions\/","title":{"rendered":"Solutions"},"content":{"rendered":"\r\n<section class=\"breadcrumbs\" data-aos=\"fade-up\" data-aos-duration=\"600\" data-aos-easing=\"ease-out\" data-aos-delay=\"100\">\r\n    <div class=\"content_holder content_holder_1570\">\r\n    \t<ul><li class=\"main-home\"><span property=\"itemListElement\" typeof=\"ListItem\"><a property=\"item\" typeof=\"WebPage\" title=\"Aller \u00e0 FACADE ACCESS SOLUTIONS Sites.\" href=\"https:\/\/www.facadeaccesssolutions.com\" class=\"main-home\" ><span property=\"name\">FACADE ACCESS SOLUTIONS Sites<\/span><\/a><meta property=\"position\" content=\"1\"><\/span><\/li>\n<li class=\"home\"><span property=\"itemListElement\" typeof=\"ListItem\"><a property=\"item\" typeof=\"WebPage\" title=\"Go to Facade Access Solutions France.\" href=\"https:\/\/www.facadeaccesssolutions.com\/fr\" class=\"home\" aria-current=\"page\"><span property=\"name\">Home<\/span><\/a><meta property=\"position\" content=\"2\"><\/span><\/li>\n<\/ul>\r\n    <\/div>\r\n<\/section>\n\n<section class=\"page_title \" data-aos=\"fade-up\" data-aos-duration=\"600\" data-aos-easing=\"ease-out\" data-aos-delay=\"200\">\n    <div class=\"content_holder content_holder_1570\">\n        <h1>Solutions Compl\u00e8tes d&rsquo;Acc\u00e8s aux Fa\u00e7ades pour un Entretien S\u00fbr et Efficace des B\u00e2timents <\/h1>\n    <\/div>\n<\/section>\n\n\n\n<section class=\"solutions_intro  \">\n    <div class=\"content_holder content_holder_1570 clearfix\">\n\n\t\t                <div class=\"sol_right\" data-aos=\"fade-up\" data-aos-duration=\"600\" data-aos-easing=\"ease-out\" data-aos-delay=\"300\">\n            <img decoding=\"async\" src=\"https:\/\/www.facadeaccesssolutions.com\/fr\/wp-content\/uploads\/sites\/10\/2026\/01\/bmu-equipment-solutions-881x515_c.jpg\" alt=\"bmu equipment solutions\">\n        <\/div>\n            \n        <div class=\"sol_left site_contents\" data-aos=\"fade-up\" data-aos-duration=\"600\" data-aos-easing=\"ease-out\" data-aos-delay=\"400\">\n        \t<h4 class=\"title_line title_line_mob\">Facade Access Solutions propose une gamme compl\u00e8te de produits et services qui soutiennent un entretien s\u00fbr, efficace et durable des b\u00e2timents \u00e0 travers le monde. <\/h4>            <p>L&rsquo;entretien de votre structure implique bien plus que la maintenance int&eacute;rieure. L&rsquo;ext&eacute;rieur n&eacute;cessite le m&ecirc;me niveau d&rsquo;attention. Des tours de grande hauteur et des complexes commerciaux aux monuments architecturaux, chaque b&acirc;timent d&eacute;pend de syst&egrave;mes d&rsquo;acc&egrave;s aux fa&ccedil;ades fiables pour garantir la s&eacute;curit&eacute;, la performance et l&rsquo;attrait visuel. C&rsquo;est l&agrave; que Facade Access Solutions, un leader mondial de l&rsquo;industrie, joue un r&ocirc;le essentiel.&nbsp;<\/p>\n<p>En tant que partenaire de confiance, nous fournissons une suite compl&egrave;te de services d&rsquo;acc&egrave;s aux fa&ccedil;ades pour les propri&eacute;taires de b&acirc;timents, les gestionnaires immobiliers et les professionnels de la construction dans le monde entier. Notre travail couvre les inspections, les r&eacute;novations, les pi&egrave;ces de rechange, la gestion des actifs et la formation. Chaque service est con&ccedil;u pour am&eacute;liorer l&rsquo;efficacit&eacute; et garantir la conformit&eacute; aux normes de s&eacute;curit&eacute; fran&ccedil;aises et locales. Que ce soit pour une nouvelle construction, une modernisation ou un remplacement, nous proposons des solutions pour chaque &eacute;tape du cycle de vie du b&acirc;timent.<\/p>\n            <div class=\"mhide_1\">\n            \t            <\/div>\n            \t            <a href=\"https:\/\/www.facadeaccesssolutions.com\/fr\/contact\/\" class=\"site_btn site_btn_sm\" target=\"\">\n\t\t\t\t\tParlez \u00e0 un Expert                <\/a>\n                                <\/div>\n    <\/div>\n<\/section>\n\n\n\n\n\n<div style=\"height:50px\" aria-hidden=\"true\" class=\"wp-block-spacer\"><\/div>\n\n\n\n<div class=\"wp-block-group\"><div class=\"wp-block-group__inner-container is-layout-constrained wp-block-group-is-layout-constrained\">\n<h2 class=\"wp-block-heading has-text-align-center\" id=\"h-solutions-de-service-completes-soutenant-chaque-etape-du-cycle-de-vie-du-batiment\" style=\"font-size:30px\">Solutions de Service Compl\u00e8tes Soutenant Chaque \u00c9tape du Cycle de Vie du B\u00e2timent<\/h2>\n\n\n\n<p class=\"has-text-align-center has-small-font-size\">Chez Facade Access Solutions, nous allons au-del\u00e0 de la fourniture d&rsquo;\u00e9quipements d&rsquo;acc\u00e8s. Nous fournissons des solutions de service int\u00e9gr\u00e9es qui am\u00e9liorent la s\u00e9curit\u00e9, la fiabilit\u00e9 et la conformit\u00e9 dans les projets d&rsquo;entretien de b\u00e2timents \u00e0 travers le monde.<\/p>\n\n\n\n<div class=\"wp-block-group is-nowrap is-layout-flex wp-container-core-group-is-layout-ad2f72ca wp-block-group-is-layout-flex\"><\/div>\n\n\n\n<div class=\"wp-block-columns is-layout-flex wp-container-core-columns-is-layout-9d6595d7 wp-block-columns-is-layout-flex\">\n<div class=\"wp-block-column is-layout-flow wp-block-column-is-layout-flow\">\n<figure class=\"wp-block-image size-large\"><img decoding=\"async\" src=\"https:\/\/www.facadeaccesssolutions.com\/wp-content\/uploads\/2025\/09\/torque-testing-1024x768.jpg\" alt=\"\" class=\"wp-image-1828\" \/><\/figure>\n<\/div>\n\n\n\n<div class=\"wp-block-column is-layout-flow wp-block-column-is-layout-flow\">\n<h3 class=\"wp-block-heading\" id=\"h-inspection-securite-et-conformite\">Inspection, S\u00e9curit\u00e9 et Conformit\u00e9<\/h3>\n\n\n\n<p>Les inspections r\u00e9guli\u00e8res constituent le fondement d&rsquo;op\u00e9rations s\u00fbres et efficaces. Nos programmes d&rsquo;inspection comprennent des tests de charge, la v\u00e9rification de la protection contre les chutes et des contr\u00f4les de conformit\u00e9 complets pour les syst\u00e8mes d&rsquo;arr\u00eat de chute, les \u00e9quipements d&rsquo;acc\u00e8s suspendus et les unit\u00e9s d&rsquo;entretien de b\u00e2timents (BMU). Nous suivons les normes fran\u00e7aises pour garantir que chaque syst\u00e8me fonctionne \u00e0 performance optimale. Les gestionnaires immobiliers peuvent \u00eatre assur\u00e9s que leurs b\u00e2timents r\u00e9pondent \u00e0 toutes les exigences de s\u00e9curit\u00e9.<\/p>\n\n\n\n<div class=\"wp-block-buttons is-layout-flex wp-block-buttons-is-layout-flex\">\n<div class=\"wp-block-button is-style-fill\"><a class=\"wp-block-button__link has-luminous-vivid-orange-background-color has-background has-small-font-size has-custom-font-size wp-element-button\" href=\"https:\/\/www.facadeaccesssolutions.com\/fr\/services\/inspection-safety-compliance\/\" style=\"border-radius:0px\"><strong>APPRENDRE ENCORE PLUS<\/strong> <strong>&gt;<\/strong><\/a><\/div>\n<\/div>\n<\/div>\n<\/div>\n\n\n\n<div style=\"height:40px\" aria-hidden=\"true\" class=\"wp-block-spacer\"><\/div>\n\n\n\n<div class=\"wp-block-columns is-layout-flex wp-container-core-columns-is-layout-9d6595d7 wp-block-columns-is-layout-flex\">\n<div class=\"wp-block-column is-layout-flow wp-block-column-is-layout-flow\">\n<h3 class=\"wp-block-heading\" id=\"h-solutions-de-renovation\">Solutions de R\u00e9novation<\/h3>\n\n\n\n<p>Tous les syst\u00e8mes d&rsquo;acc\u00e8s n&rsquo;ont pas besoin d&rsquo;\u00eatre remplac\u00e9s. Nos services de r\u00e9novation aident \u00e0 prolonger la dur\u00e9e de vie des BMU, des plateformes automotrices et d&rsquo;autres \u00e9quipements d&rsquo;acc\u00e8s gr\u00e2ce \u00e0 des am\u00e9liorations cibl\u00e9es. Nous am\u00e9liorons les performances et int\u00e9grons des technologies de s\u00e9curit\u00e9 modernes pour mettre les syst\u00e8mes existants en conformit\u00e9 avec les normes actuelles.<\/p>\n\n\n\n<div class=\"wp-block-buttons is-layout-flex wp-block-buttons-is-layout-flex\">\n<div class=\"wp-block-button\"><a class=\"wp-block-button__link has-luminous-vivid-orange-background-color has-background has-small-font-size has-custom-font-size wp-element-button\" href=\"https:\/\/www.facadeaccesssolutions.com\/fr\/services\/refurbishment-solutions\/\" style=\"border-radius:0px\"><strong>APPRENDRE ENCORE PLUS &gt;<\/strong><\/a><\/div>\n<\/div>\n<\/div>\n\n\n\n<div class=\"wp-block-column is-layout-flow wp-block-column-is-layout-flow\">\n<figure class=\"wp-block-image size-large\"><img decoding=\"async\" src=\"https:\/\/www.facadeaccesssolutions.com\/wp-content\/uploads\/2025\/10\/IMG_8560-768x1024.jpg\" alt=\"\" class=\"wp-image-2060\" style=\"aspect-ratio:16\/9;object-fit:cover\" \/><\/figure>\n<\/div>\n<\/div>\n\n\n\n<div style=\"height:40px\" aria-hidden=\"true\" class=\"wp-block-spacer\"><\/div>\n\n\n\n<div class=\"wp-block-columns is-layout-flex wp-container-core-columns-is-layout-9d6595d7 wp-block-columns-is-layout-flex\">\n<div class=\"wp-block-column is-layout-flow wp-block-column-is-layout-flow\">\n<figure class=\"wp-block-image size-large\"><img decoding=\"async\" src=\"https:\/\/www.facadeaccesssolutions.com\/wp-content\/uploads\/2025\/08\/Monorail-150-King-Street-West-683x1024.jpg\" alt=\"\" class=\"wp-image-1875\" style=\"aspect-ratio:16\/9;object-fit:cover\" \/><\/figure>\n<\/div>\n\n\n\n<div class=\"wp-block-column is-layout-flow wp-block-column-is-layout-flow\">\n<h3 class=\"wp-block-heading\" id=\"h-pieces-de-rechange-authentiques\">Pi\u00e8ces de Rechange Authentiques<\/h3>\n\n\n\n<p>Les temps d&rsquo;arr\u00eat des \u00e9quipements affectent les activit\u00e9s de maintenance essentielles. Nous fournissons des pi\u00e8ces de rechange approuv\u00e9es par les fabricants pour les BMU, les bossoirs et autres \u00e9quipements d&rsquo;acc\u00e8s aux fa\u00e7ades. L&rsquo;utilisation de pi\u00e8ces authentiques garantit une fiabilit\u00e9 constante, r\u00e9duit les d\u00e9faillances et maintient les calendriers de maintenance sur la bonne voie.<\/p>\n\n\n\n<div class=\"wp-block-buttons is-layout-flex wp-block-buttons-is-layout-flex\">\n<div class=\"wp-block-button is-style-fill\"><a class=\"wp-block-button__link has-luminous-vivid-orange-background-color has-background has-small-font-size has-custom-font-size wp-element-button\" href=\"https:\/\/www.facadeaccesssolutions.com\/fr\/services\/genuine-spare-parts\/\" style=\"border-radius:0px\"><strong>APPRENDRE ENCORE PLUS &gt;<\/strong><\/a><\/div>\n<\/div>\n<\/div>\n<\/div>\n\n\n\n<div style=\"height:40px\" aria-hidden=\"true\" class=\"wp-block-spacer\"><\/div>\n\n\n\n<div class=\"wp-block-columns is-layout-flex wp-container-core-columns-is-layout-9d6595d7 wp-block-columns-is-layout-flex\">\n<div class=\"wp-block-column is-layout-flow wp-block-column-is-layout-flow\">\n<h3 class=\"wp-block-heading\" id=\"h-gestion-des-actifs\">Gestion des Actifs<\/h3>\n\n\n\n<p>Une maintenance efficace n\u00e9cessite une gestion proactive. Nos outils de gestion num\u00e9rique des actifs suivent les cycles de vie des \u00e9quipements, planifient les tests de charge et soutiennent la maintenance pr\u00e9dictive. Cela donne aux gestionnaires d&rsquo;installations une visibilit\u00e9 et un contr\u00f4le complets, les aidant \u00e0 planifier \u00e0 l&rsquo;avance et \u00e0 g\u00e9rer les co\u00fbts efficacement.<\/p>\n\n\n\n<div class=\"wp-block-buttons is-layout-flex wp-block-buttons-is-layout-flex\">\n<div class=\"wp-block-button\"><a class=\"wp-block-button__link has-luminous-vivid-orange-background-color has-background has-small-font-size has-custom-font-size wp-element-button\" href=\"https:\/\/www.facadeaccesssolutions.com\/fr\/services\/asset-management\/\" style=\"border-radius:0px\"><strong>APPRENDRE ENCORE PLUS &gt;<\/strong><\/a><\/div>\n<\/div>\n<\/div>\n\n\n\n<div class=\"wp-block-column is-layout-flow wp-block-column-is-layout-flow\">\n<figure class=\"wp-block-image size-large\"><img decoding=\"async\" src=\"https:\/\/www.facadeaccesssolutions.com\/wp-content\/uploads\/2025\/08\/DJI_20250429050006_0042_D-1024x576.jpg\" alt=\"\" class=\"wp-image-1884\" \/><\/figure>\n<\/div>\n<\/div>\n\n\n\n<div style=\"height:40px\" aria-hidden=\"true\" class=\"wp-block-spacer\"><\/div>\n\n\n\n<div class=\"wp-block-columns is-layout-flex wp-container-core-columns-is-layout-9d6595d7 wp-block-columns-is-layout-flex\">\n<div class=\"wp-block-column is-layout-flow wp-block-column-is-layout-flow\">\n<figure class=\"wp-block-image size-large\"><img decoding=\"async\" src=\"https:\/\/www.facadeaccesssolutions.com\/wp-content\/uploads\/2025\/10\/IMG_7546-768x1024.jpeg\" alt=\"\" class=\"wp-image-1924\" style=\"aspect-ratio:16\/9;object-fit:cover\" \/><\/figure>\n<\/div>\n\n\n\n<div class=\"wp-block-column is-layout-flow wp-block-column-is-layout-flow\">\n<h3 class=\"wp-block-heading\" id=\"h-programmes-de-formation\">Programmes de Formation<\/h3>\n\n\n\n<p>Un fonctionnement s\u00fbr d\u00e9pend d&rsquo;une formation appropri\u00e9e. Nos programmes de formation \u00e0 l&rsquo;acc\u00e8s aux fa\u00e7ades donnent aux op\u00e9rateurs les connaissances et la confiance n\u00e9cessaires pour utiliser l&rsquo;\u00e9quipement de mani\u00e8re s\u00fbre et efficace. Chaque session promeut les meilleures pratiques qui s&rsquo;alignent sur les normes de s\u00e9curit\u00e9 fran\u00e7aises.<\/p>\n\n\n\n<div class=\"wp-block-buttons is-layout-flex wp-block-buttons-is-layout-flex\">\n<div class=\"wp-block-button\"><a class=\"wp-block-button__link has-luminous-vivid-orange-background-color has-background has-small-font-size has-custom-font-size wp-element-button\" href=\"https:\/\/www.facadeaccesssolutions.com\/fr\/services\/training\/\" style=\"border-radius:0px\"><strong>APPRENDRE ENCORE PLUS &gt;<\/strong><\/a><\/div>\n<\/div>\n<\/div>\n<\/div>\n\n\n\n<div style=\"height:50px\" aria-hidden=\"true\" class=\"wp-block-spacer\"><\/div>\n\n\n\n<h2 class=\"wp-block-heading has-text-align-center\" id=\"h-facade-access-solutions-un-partenaire-mondial-de-confiance-pour-les-proprietaires-de-batiments-dans-le-monde-entier\" style=\"font-size:30px\">Facade Access Solutions: Un Partenaire Mondial de Confiance pour les Propri\u00e9taires de B\u00e2timents dans le Monde Entier<\/h2>\n\n\n\n<p><\/p>\n\n\n\n<p>Membre du groupe Alimak, Facade Access Solutions combine plusieurs d\u00e9cennies d&rsquo;exp\u00e9rience en ing\u00e9nierie et une innovation \u00e9prouv\u00e9e. Nous fournissons un soutien fiable pour des projets de toutes tailles et de toutes complexit\u00e9s \u00e0 travers le monde. Nos \u00e9quipes r\u00e9gionales travaillent en \u00e9troite collaboration avec nos clients afin de leur fournir des services d&rsquo;acc\u00e8s aux fa\u00e7ades rapides, conformes et pr\u00eats pour l&rsquo;avenir.<\/p>\n\n\n\n<p>Nos marques mondiales Tractel, Manntech et CoxGomyl offrent une gamme diversifi\u00e9e de syst\u00e8mes d&rsquo;acc\u00e8s aux fa\u00e7ades, soutenue par une expertise de pointe en ing\u00e9nierie et en conception. Nous sommes plus qu&rsquo;un simple prestataire de services. Nous sommes un partenaire pour la s\u00e9curit\u00e9, la fiabilit\u00e9 et la performance des b\u00e2timents. Notre engagement en mati\u00e8re de qualit\u00e9 et de conformit\u00e9 permet aux propri\u00e9taires et aux gestionnaires immobiliers de garder confiance dans leurs syst\u00e8mes. Forts de notre expertise dans la construction neuve, la r\u00e9novation et d&rsquo;autres d\u00e9veloppements, nous fournissons des solutions qui r\u00e9pondent aux exigences complexes des horizons urbains mondiaux d&rsquo;aujourd&rsquo;hui.<\/p>\n\n\n\n<p>Chez Facade Access Solutions, la s\u00e9curit\u00e9 est au c\u0153ur de toutes nos activit\u00e9s. Des inspections \u00e0 la formation, tous les services que nous fournissons r\u00e9pondent aux normes de s\u00e9curit\u00e9 mondiales les plus strictes. Notre objectif est de garantir la s\u00e9curit\u00e9, la conformit\u00e9 et la disponibilit\u00e9 de tous les syst\u00e8mes que nous g\u00e9rons.<\/p>\n\n\n\n<figure class=\"wp-block-image size-full\"><img decoding=\"async\" src=\"https:\/\/www.facadeaccesssolutions.com\/wp-content\/uploads\/2025\/11\/image-2.png\" alt=\"\" class=\"wp-image-2251\" \/><\/figure>\n\n\n\n<p><\/p>\n\n\n\n<div style=\"height:50px\" aria-hidden=\"true\" class=\"wp-block-spacer\"><\/div>\n<\/div><\/div>\n\n\n\n<div class=\"wp-block-group alignfull narrow_width has-white-color has-luminous-vivid-orange-background-color has-text-color has-background\"><div class=\"wp-block-group__inner-container is-layout-flow wp-block-group-is-layout-flow\">\n<div style=\"height:40px\" aria-hidden=\"true\" class=\"wp-block-spacer\"><\/div>\n\n\n\n<h2 class=\"wp-block-heading has-text-align-center has-white-color has-text-color has-link-color wp-elements-8b81d35e6800a57bcee3e4962258ae56\" id=\"schedule-a-visit\" style=\"font-size:45px;line-height:1.15\">PASSEZ \u00c0 L&rsquo;\u00c9TAPE SUIVANTE<\/h2>\n\n\n\n<p class=\"has-text-align-center has-white-color has-text-color has-link-color wp-elements-9d10bdc7e71d19d8ceff248d58de2b67\" style=\"font-size:15px;line-height:.9\">Nous fournissons des solutions d&rsquo;acc\u00e8s aux fa\u00e7ades de haute qualit\u00e9 et adapt\u00e9es aux \u00e9volutions futures.<br><\/p>\n\n\n\n<div class=\"wp-block-buttons is-horizontal is-content-justification-center is-layout-flex wp-container-core-buttons-is-layout-499968f5 wp-block-buttons-is-layout-flex\">\n<div class=\"wp-block-button has-custom-width wp-block-button__width-50\"><a class=\"wp-block-button__link has-text-color has-background has-medium-font-size has-custom-font-size wp-element-button\" href=\"https:\/\/www.facadeaccesssolutions.com\/fr\/contact\/\" style=\"border-radius:50px;color:#ffffff;background-color:#034b75\">Obtenez un devis<\/a><\/div>\n<\/div>\n\n\n\n<div style=\"height:40px\" aria-hidden=\"true\" class=\"wp-block-spacer\"><\/div>\n<\/div><\/div>\n\n\n\n<div style=\"height:100px\" aria-hidden=\"true\" class=\"wp-block-spacer\"><\/div>\n","protected":false},"excerpt":{"rendered":"<p>Service Solutions \u2014 Supporting Buildings at Every Stage At Facade Access Solutions NAM, we go beyond supplying equipment. We provide end-to-end service solutions that enhance safety, reliability, and compliance, particularly through fall protection systems, including fall arrest systems, and integrated design services throughout the building\u2019s life.<\/p>\n","protected":false},"author":1,"featured_media":0,"parent":0,"menu_order":0,"comment_status":"closed","ping_status":"closed","template":"","meta":{"_acf_changed":false,"_trash_the_other_posts":false,"editor_notices":[],"footnotes":""},"class_list":["post-179","page","type-page","status-publish","hentry"],"acf":[],"yoast_head":"<!-- This site is optimized with the Yoast SEO Premium plugin v27.1 (Yoast SEO v27.3) - https:\/\/yoast.com\/product\/yoast-seo-premium-wordpress\/ -->\n<title>Solutions d&#039;Acc\u00e8s aux Fa\u00e7ades | Facade Access Solutions<\/title>\n<meta name=\"description\" content=\"D\u00e9couvrez nos solutions compl\u00e8tes d&#039;acc\u00e8s aux fa\u00e7ades pour un entretien s\u00fbr et efficace des b\u00e2timents en France et dans le monde entier.\" \/>\n<meta name=\"robots\" content=\"index, follow, max-snippet:-1, max-image-preview:large, max-video-preview:-1\" \/>\n<link rel=\"canonical\" href=\"https:\/\/www.facadeaccesssolutions.com\/fr\/solutions\/\" \/>\n<meta property=\"og:locale\" content=\"fr_FR\" \/>\n<meta property=\"og:type\" content=\"article\" \/>\n<meta property=\"og:title\" content=\"Solutions\" \/>\n<meta property=\"og:description\" content=\"D\u00e9couvrez nos solutions compl\u00e8tes d&#039;acc\u00e8s aux fa\u00e7ades pour un entretien s\u00fbr et efficace des b\u00e2timents en France et dans le monde entier.\" \/>\n<meta property=\"og:url\" content=\"https:\/\/www.facadeaccesssolutions.com\/fr\/solutions\/\" \/>\n<meta property=\"og:site_name\" content=\"Facade Access Solutions France\" \/>\n<meta property=\"article:modified_time\" content=\"2026-01-04T14:19:30+00:00\" \/>\n<meta property=\"og:image\" content=\"https:\/\/www.facadeaccesssolutions.com\/wp-content\/uploads\/2025\/09\/torque-testing-1024x768.jpg\" \/>\n<meta name=\"twitter:card\" content=\"summary_large_image\" \/>\n<meta name=\"twitter:label1\" content=\"Dur\u00e9e de lecture estim\u00e9e\" \/>\n\t<meta name=\"twitter:data1\" content=\"5 minutes\" \/>\n<script type=\"application\/ld+json\" class=\"yoast-schema-graph\">{\"@context\":\"https:\\\/\\\/schema.org\",\"@graph\":[{\"@type\":\"WebPage\",\"@id\":\"https:\\\/\\\/www.facadeaccesssolutions.com\\\/fr\\\/solutions\\\/\",\"url\":\"https:\\\/\\\/www.facadeaccesssolutions.com\\\/fr\\\/solutions\\\/\",\"name\":\"Solutions d'Acc\u00e8s aux Fa\u00e7ades | Facade Access Solutions\",\"isPartOf\":{\"@id\":\"https:\\\/\\\/www.facadeaccesssolutions.com\\\/fr\\\/#website\"},\"primaryImageOfPage\":{\"@id\":\"https:\\\/\\\/www.facadeaccesssolutions.com\\\/fr\\\/solutions\\\/#primaryimage\"},\"image\":{\"@id\":\"https:\\\/\\\/www.facadeaccesssolutions.com\\\/fr\\\/solutions\\\/#primaryimage\"},\"thumbnailUrl\":\"https:\\\/\\\/www.facadeaccesssolutions.com\\\/wp-content\\\/uploads\\\/2025\\\/09\\\/torque-testing-1024x768.jpg\",\"datePublished\":\"2024-08-01T05:33:54+00:00\",\"dateModified\":\"2026-01-04T14:19:30+00:00\",\"description\":\"D\u00e9couvrez nos solutions compl\u00e8tes d'acc\u00e8s aux fa\u00e7ades pour un entretien s\u00fbr et efficace des b\u00e2timents en France et dans le monde entier.\",\"breadcrumb\":{\"@id\":\"https:\\\/\\\/www.facadeaccesssolutions.com\\\/fr\\\/solutions\\\/#breadcrumb\"},\"inLanguage\":\"fr-FR\",\"potentialAction\":[{\"@type\":\"ReadAction\",\"target\":[\"https:\\\/\\\/www.facadeaccesssolutions.com\\\/fr\\\/solutions\\\/\"]}]},{\"@type\":\"ImageObject\",\"inLanguage\":\"fr-FR\",\"@id\":\"https:\\\/\\\/www.facadeaccesssolutions.com\\\/fr\\\/solutions\\\/#primaryimage\",\"url\":\"https:\\\/\\\/www.facadeaccesssolutions.com\\\/wp-content\\\/uploads\\\/2025\\\/09\\\/torque-testing-1024x768.jpg\",\"contentUrl\":\"https:\\\/\\\/www.facadeaccesssolutions.com\\\/wp-content\\\/uploads\\\/2025\\\/09\\\/torque-testing-1024x768.jpg\"},{\"@type\":\"BreadcrumbList\",\"@id\":\"https:\\\/\\\/www.facadeaccesssolutions.com\\\/fr\\\/solutions\\\/#breadcrumb\",\"itemListElement\":[{\"@type\":\"ListItem\",\"position\":1,\"name\":\"Home\",\"item\":\"https:\\\/\\\/www.facadeaccesssolutions.com\\\/fr\\\/\"},{\"@type\":\"ListItem\",\"position\":2,\"name\":\"Solutions\"}]},{\"@type\":\"WebSite\",\"@id\":\"https:\\\/\\\/www.facadeaccesssolutions.com\\\/fr\\\/#website\",\"url\":\"https:\\\/\\\/www.facadeaccesssolutions.com\\\/fr\\\/\",\"name\":\"Facade Access Solutions\",\"description\":\"Part Of Alimak Group\",\"potentialAction\":[{\"@type\":\"SearchAction\",\"target\":{\"@type\":\"EntryPoint\",\"urlTemplate\":\"https:\\\/\\\/www.facadeaccesssolutions.com\\\/fr\\\/?s={search_term_string}\"},\"query-input\":{\"@type\":\"PropertyValueSpecification\",\"valueRequired\":true,\"valueName\":\"search_term_string\"}}],\"inLanguage\":\"fr-FR\"}]}<\/script>\n<!-- \/ Yoast SEO Premium plugin. -->","yoast_head_json":{"title":"Solutions d'Acc\u00e8s aux Fa\u00e7ades | Facade Access Solutions","description":"D\u00e9couvrez nos solutions compl\u00e8tes d'acc\u00e8s aux fa\u00e7ades pour un entretien s\u00fbr et efficace des b\u00e2timents en France et dans le monde entier.","robots":{"index":"index","follow":"follow","max-snippet":"max-snippet:-1","max-image-preview":"max-image-preview:large","max-video-preview":"max-video-preview:-1"},"canonical":"https:\/\/www.facadeaccesssolutions.com\/fr\/solutions\/","og_locale":"fr_FR","og_type":"article","og_title":"Solutions","og_description":"D\u00e9couvrez nos solutions compl\u00e8tes d'acc\u00e8s aux fa\u00e7ades pour un entretien s\u00fbr et efficace des b\u00e2timents en France et dans le monde entier.","og_url":"https:\/\/www.facadeaccesssolutions.com\/fr\/solutions\/","og_site_name":"Facade Access Solutions France","article_modified_time":"2026-01-04T14:19:30+00:00","og_image":[{"url":"https:\/\/www.facadeaccesssolutions.com\/wp-content\/uploads\/2025\/09\/torque-testing-1024x768.jpg","type":"","width":"","height":""}],"twitter_card":"summary_large_image","twitter_misc":{"Dur\u00e9e de lecture estim\u00e9e":"5 minutes"},"schema":{"@context":"https:\/\/schema.org","@graph":[{"@type":"WebPage","@id":"https:\/\/www.facadeaccesssolutions.com\/fr\/solutions\/","url":"https:\/\/www.facadeaccesssolutions.com\/fr\/solutions\/","name":"Solutions d'Acc\u00e8s aux Fa\u00e7ades | Facade Access Solutions","isPartOf":{"@id":"https:\/\/www.facadeaccesssolutions.com\/fr\/#website"},"primaryImageOfPage":{"@id":"https:\/\/www.facadeaccesssolutions.com\/fr\/solutions\/#primaryimage"},"image":{"@id":"https:\/\/www.facadeaccesssolutions.com\/fr\/solutions\/#primaryimage"},"thumbnailUrl":"https:\/\/www.facadeaccesssolutions.com\/wp-content\/uploads\/2025\/09\/torque-testing-1024x768.jpg","datePublished":"2024-08-01T05:33:54+00:00","dateModified":"2026-01-04T14:19:30+00:00","description":"D\u00e9couvrez nos solutions compl\u00e8tes d'acc\u00e8s aux fa\u00e7ades pour un entretien s\u00fbr et efficace des b\u00e2timents en France et dans le monde entier.","breadcrumb":{"@id":"https:\/\/www.facadeaccesssolutions.com\/fr\/solutions\/#breadcrumb"},"inLanguage":"fr-FR","potentialAction":[{"@type":"ReadAction","target":["https:\/\/www.facadeaccesssolutions.com\/fr\/solutions\/"]}]},{"@type":"ImageObject","inLanguage":"fr-FR","@id":"https:\/\/www.facadeaccesssolutions.com\/fr\/solutions\/#primaryimage","url":"https:\/\/www.facadeaccesssolutions.com\/wp-content\/uploads\/2025\/09\/torque-testing-1024x768.jpg","contentUrl":"https:\/\/www.facadeaccesssolutions.com\/wp-content\/uploads\/2025\/09\/torque-testing-1024x768.jpg"},{"@type":"BreadcrumbList","@id":"https:\/\/www.facadeaccesssolutions.com\/fr\/solutions\/#breadcrumb","itemListElement":[{"@type":"ListItem","position":1,"name":"Home","item":"https:\/\/www.facadeaccesssolutions.com\/fr\/"},{"@type":"ListItem","position":2,"name":"Solutions"}]},{"@type":"WebSite","@id":"https:\/\/www.facadeaccesssolutions.com\/fr\/#website","url":"https:\/\/www.facadeaccesssolutions.com\/fr\/","name":"Facade Access Solutions","description":"Part Of Alimak Group","potentialAction":[{"@type":"SearchAction","target":{"@type":"EntryPoint","urlTemplate":"https:\/\/www.facadeaccesssolutions.com\/fr\/?s={search_term_string}"},"query-input":{"@type":"PropertyValueSpecification","valueRequired":true,"valueName":"search_term_string"}}],"inLanguage":"fr-FR"}]}},"_links":{"self":[{"href":"https:\/\/www.facadeaccesssolutions.com\/fr\/wp-json\/wp\/v2\/pages\/179","targetHints":{"allow":["GET"]}}],"collection":[{"href":"https:\/\/www.facadeaccesssolutions.com\/fr\/wp-json\/wp\/v2\/pages"}],"about":[{"href":"https:\/\/www.facadeaccesssolutions.com\/fr\/wp-json\/wp\/v2\/types\/page"}],"author":[{"embeddable":true,"href":"https:\/\/www.facadeaccesssolutions.com\/fr\/wp-json\/wp\/v2\/users\/1"}],"replies":[{"embeddable":true,"href":"https:\/\/www.facadeaccesssolutions.com\/fr\/wp-json\/wp\/v2\/comments?post=179"}],"version-history":[{"count":17,"href":"https:\/\/www.facadeaccesssolutions.com\/fr\/wp-json\/wp\/v2\/pages\/179\/revisions"}],"predecessor-version":[{"id":1068,"href":"https:\/\/www.facadeaccesssolutions.com\/fr\/wp-json\/wp\/v2\/pages\/179\/revisions\/1068"}],"wp:attachment":[{"href":"https:\/\/www.facadeaccesssolutions.com\/fr\/wp-json\/wp\/v2\/media?parent=179"}],"curies":[{"name":"wp","href":"https:\/\/api.w.org\/{rel}","templated":true}]}}