{"id":241,"date":"2024-08-01T07:06:37","date_gmt":"2024-08-01T07:06:37","guid":{"rendered":"http:\/\/localhost\/techno\/facade\/wordpress\/?page_id=241"},"modified":"2025-02-24T15:17:38","modified_gmt":"2025-02-24T15:17:38","slug":"sustainability","status":"publish","type":"page","link":"https:\/\/www.facadeaccesssolutions.com\/fr\/sustainability\/","title":{"rendered":"Developement durable"},"content":{"rendered":"\r\n<section class=\"breadcrumbs\" data-aos=\"fade-up\" data-aos-duration=\"600\" data-aos-easing=\"ease-out\" data-aos-delay=\"100\">\r\n    <div class=\"content_holder content_holder_1570\">\r\n    \t<ul><li class=\"main-home\"><span property=\"itemListElement\" typeof=\"ListItem\"><a property=\"item\" typeof=\"WebPage\" title=\"Aller \u00e0 FACADE ACCESS SOLUTIONS Sites.\" href=\"https:\/\/www.facadeaccesssolutions.com\" class=\"main-home\" ><span property=\"name\">FACADE ACCESS SOLUTIONS Sites<\/span><\/a><meta property=\"position\" content=\"1\"><\/span><\/li>\n<li class=\"home\"><span property=\"itemListElement\" typeof=\"ListItem\"><a property=\"item\" typeof=\"WebPage\" title=\"Go to Facade Access Solutions France.\" href=\"https:\/\/www.facadeaccesssolutions.com\/fr\" class=\"home\" aria-current=\"page\"><span property=\"name\">Home<\/span><\/a><meta property=\"position\" content=\"2\"><\/span><\/li>\n<\/ul>\r\n    <\/div>\r\n<\/section>\n\n<section class=\"page_title \" data-aos=\"fade-up\" data-aos-duration=\"600\" data-aos-easing=\"ease-out\" data-aos-delay=\"200\">\n    <div class=\"content_holder content_holder_1570\">\n        <h1>Developement durable<\/h1>\n    <\/div>\n<\/section>\n\n\n\n<section class=\"solutions_intro  \">\n    <div class=\"content_holder content_holder_1570 clearfix\">\n\n\t\t                <div class=\"sol_right\" data-aos=\"fade-up\" data-aos-duration=\"600\" data-aos-easing=\"ease-out\" data-aos-delay=\"300\">\n            <img decoding=\"async\" src=\"https:\/\/www.facadeaccesssolutions.com\/fr\/wp-content\/uploads\/sites\/10\/2024\/08\/sustainability-881x667_c.jpg\" alt=\"\">\n        <\/div>\n            \n        <div class=\"sol_left site_contents\" data-aos=\"fade-up\" data-aos-duration=\"600\" data-aos-easing=\"ease-out\" data-aos-delay=\"400\">\n        \t            <h5>Relations durables<\/h5>\n<p>Nous menons nos activit\u00e9s de mani\u00e8re responsable, en favorisant un environnement de travail inclusif et engageant, et nous attendons la m\u00eame approche de la part de nos partenaires commerciaux.<\/p>\n<p>Nous nous engageons dans des initiatives collectives pour contribuer \u00e0 la transformation vers une plus grande durabilit\u00e9 dans les secteurs o\u00f9 nous op\u00e9rons.<\/p>\n<h5>Solutions durables<\/h5>\n<p>Nos produits et solutions sont con\u00e7us pour minimiser leur impact sur l\u2019environnement tout au long de leur cycle de vie.<\/p>\n<p>Gr\u00e2ce \u00e0 notre r\u00e9seau mondial de services, nous garantissons des produits s\u00fbrs, efficaces, fiables et durables.<\/p>\n<p>Avec nos produits et solutions, nous aidons nos clients \u00e0 accro\u00eetre leur productivit\u00e9 en toute s\u00e9curit\u00e9.<\/p>\n<h5>Op\u00e9rations durables<\/h5>\n<p>Nous nous effor\u00e7ons de minimiser l\u2019impact climatique de l\u2019ensemble de nos op\u00e9rations et de garantir des lieux de travail s\u00fbrs pour tous nos employ\u00e9s.<\/p>\n            <div class=\"mhide_1\">\n            \t            <\/div>\n                                <\/div>\n    <\/div>\n<\/section>\n\n\n","protected":false},"excerpt":{"rendered":"","protected":false},"author":1,"featured_media":0,"parent":0,"menu_order":0,"comment_status":"closed","ping_status":"closed","template":"","meta":{"_acf_changed":false,"_trash_the_other_posts":false,"editor_notices":[],"footnotes":""},"class_list":["post-241","page","type-page","status-publish","hentry"],"acf":[],"yoast_head":"<!-- This site is optimized with the Yoast SEO Premium plugin v27.1 (Yoast SEO v27.3) - https:\/\/yoast.com\/product\/yoast-seo-premium-wordpress\/ -->\n<title>Developement durable | Facade Access Solutions<\/title>\n<meta name=\"robots\" content=\"index, follow, max-snippet:-1, max-image-preview:large, max-video-preview:-1\" \/>\n<link rel=\"canonical\" href=\"https:\/\/www.facadeaccesssolutions.com\/fr\/about-us__trashed\/sustainability\/\" \/>\n<meta property=\"og:locale\" content=\"fr_FR\" \/>\n<meta property=\"og:type\" content=\"article\" \/>\n<meta property=\"og:title\" content=\"Developement durable\" \/>\n<meta property=\"og:url\" content=\"https:\/\/www.facadeaccesssolutions.com\/fr\/about-us__trashed\/sustainability\/\" \/>\n<meta property=\"og:site_name\" content=\"Facade Access Solutions France\" \/>\n<meta property=\"article:modified_time\" content=\"2025-02-24T15:17:38+00:00\" \/>\n<meta name=\"twitter:card\" content=\"summary_large_image\" \/>\n<script type=\"application\/ld+json\" class=\"yoast-schema-graph\">{\"@context\":\"https:\\\/\\\/schema.org\",\"@graph\":[{\"@type\":\"WebPage\",\"@id\":\"https:\\\/\\\/www.facadeaccesssolutions.com\\\/fr\\\/about-us__trashed\\\/sustainability\\\/\",\"url\":\"https:\\\/\\\/www.facadeaccesssolutions.com\\\/fr\\\/about-us__trashed\\\/sustainability\\\/\",\"name\":\"Developement durable | Facade Access Solutions\",\"isPartOf\":{\"@id\":\"https:\\\/\\\/www.facadeaccesssolutions.com\\\/fr\\\/#website\"},\"datePublished\":\"2024-08-01T07:06:37+00:00\",\"dateModified\":\"2025-02-24T15:17:38+00:00\",\"breadcrumb\":{\"@id\":\"https:\\\/\\\/www.facadeaccesssolutions.com\\\/fr\\\/about-us__trashed\\\/sustainability\\\/#breadcrumb\"},\"inLanguage\":\"fr-FR\",\"potentialAction\":[{\"@type\":\"ReadAction\",\"target\":[\"https:\\\/\\\/www.facadeaccesssolutions.com\\\/fr\\\/about-us__trashed\\\/sustainability\\\/\"]}]},{\"@type\":\"BreadcrumbList\",\"@id\":\"https:\\\/\\\/www.facadeaccesssolutions.com\\\/fr\\\/about-us__trashed\\\/sustainability\\\/#breadcrumb\",\"itemListElement\":[{\"@type\":\"ListItem\",\"position\":1,\"name\":\"Home\",\"item\":\"https:\\\/\\\/www.facadeaccesssolutions.com\\\/fr\\\/\"},{\"@type\":\"ListItem\",\"position\":2,\"name\":\"Developement durable\"}]},{\"@type\":\"WebSite\",\"@id\":\"https:\\\/\\\/www.facadeaccesssolutions.com\\\/fr\\\/#website\",\"url\":\"https:\\\/\\\/www.facadeaccesssolutions.com\\\/fr\\\/\",\"name\":\"Facade Access Solutions\",\"description\":\"Part Of Alimak Group\",\"potentialAction\":[{\"@type\":\"SearchAction\",\"target\":{\"@type\":\"EntryPoint\",\"urlTemplate\":\"https:\\\/\\\/www.facadeaccesssolutions.com\\\/fr\\\/?s={search_term_string}\"},\"query-input\":{\"@type\":\"PropertyValueSpecification\",\"valueRequired\":true,\"valueName\":\"search_term_string\"}}],\"inLanguage\":\"fr-FR\"}]}<\/script>\n<!-- \/ Yoast SEO Premium plugin. -->","yoast_head_json":{"title":"Developement durable | Facade Access Solutions","robots":{"index":"index","follow":"follow","max-snippet":"max-snippet:-1","max-image-preview":"max-image-preview:large","max-video-preview":"max-video-preview:-1"},"canonical":"https:\/\/www.facadeaccesssolutions.com\/fr\/about-us__trashed\/sustainability\/","og_locale":"fr_FR","og_type":"article","og_title":"Developement durable","og_url":"https:\/\/www.facadeaccesssolutions.com\/fr\/about-us__trashed\/sustainability\/","og_site_name":"Facade Access Solutions France","article_modified_time":"2025-02-24T15:17:38+00:00","twitter_card":"summary_large_image","schema":{"@context":"https:\/\/schema.org","@graph":[{"@type":"WebPage","@id":"https:\/\/www.facadeaccesssolutions.com\/fr\/about-us__trashed\/sustainability\/","url":"https:\/\/www.facadeaccesssolutions.com\/fr\/about-us__trashed\/sustainability\/","name":"Developement durable | Facade Access Solutions","isPartOf":{"@id":"https:\/\/www.facadeaccesssolutions.com\/fr\/#website"},"datePublished":"2024-08-01T07:06:37+00:00","dateModified":"2025-02-24T15:17:38+00:00","breadcrumb":{"@id":"https:\/\/www.facadeaccesssolutions.com\/fr\/about-us__trashed\/sustainability\/#breadcrumb"},"inLanguage":"fr-FR","potentialAction":[{"@type":"ReadAction","target":["https:\/\/www.facadeaccesssolutions.com\/fr\/about-us__trashed\/sustainability\/"]}]},{"@type":"BreadcrumbList","@id":"https:\/\/www.facadeaccesssolutions.com\/fr\/about-us__trashed\/sustainability\/#breadcrumb","itemListElement":[{"@type":"ListItem","position":1,"name":"Home","item":"https:\/\/www.facadeaccesssolutions.com\/fr\/"},{"@type":"ListItem","position":2,"name":"Developement durable"}]},{"@type":"WebSite","@id":"https:\/\/www.facadeaccesssolutions.com\/fr\/#website","url":"https:\/\/www.facadeaccesssolutions.com\/fr\/","name":"Facade Access Solutions","description":"Part Of Alimak Group","potentialAction":[{"@type":"SearchAction","target":{"@type":"EntryPoint","urlTemplate":"https:\/\/www.facadeaccesssolutions.com\/fr\/?s={search_term_string}"},"query-input":{"@type":"PropertyValueSpecification","valueRequired":true,"valueName":"search_term_string"}}],"inLanguage":"fr-FR"}]}},"_links":{"self":[{"href":"https:\/\/www.facadeaccesssolutions.com\/fr\/wp-json\/wp\/v2\/pages\/241","targetHints":{"allow":["GET"]}}],"collection":[{"href":"https:\/\/www.facadeaccesssolutions.com\/fr\/wp-json\/wp\/v2\/pages"}],"about":[{"href":"https:\/\/www.facadeaccesssolutions.com\/fr\/wp-json\/wp\/v2\/types\/page"}],"author":[{"embeddable":true,"href":"https:\/\/www.facadeaccesssolutions.com\/fr\/wp-json\/wp\/v2\/users\/1"}],"replies":[{"embeddable":true,"href":"https:\/\/www.facadeaccesssolutions.com\/fr\/wp-json\/wp\/v2\/comments?post=241"}],"version-history":[{"count":7,"href":"https:\/\/www.facadeaccesssolutions.com\/fr\/wp-json\/wp\/v2\/pages\/241\/revisions"}],"predecessor-version":[{"id":866,"href":"https:\/\/www.facadeaccesssolutions.com\/fr\/wp-json\/wp\/v2\/pages\/241\/revisions\/866"}],"wp:attachment":[{"href":"https:\/\/www.facadeaccesssolutions.com\/fr\/wp-json\/wp\/v2\/media?parent=241"}],"curies":[{"name":"wp","href":"https:\/\/api.w.org\/{rel}","templated":true}]}}