{"id":249,"date":"2024-08-01T07:09:30","date_gmt":"2024-08-01T07:09:30","guid":{"rendered":"http:\/\/localhost\/techno\/facade\/wordpress\/?page_id=249"},"modified":"2026-04-12T19:27:19","modified_gmt":"2026-04-12T19:27:19","slug":"whistleblower","status":"publish","type":"page","link":"https:\/\/www.facadeaccesssolutions.com\/fr\/whistleblower\/","title":{"rendered":"Lanceur D&rsquo;Alerte"},"content":{"rendered":"\r\n<section class=\"breadcrumbs\" data-aos=\"fade-up\" data-aos-duration=\"600\" data-aos-easing=\"ease-out\" data-aos-delay=\"100\">\r\n    <div class=\"content_holder content_holder_1570\">\r\n    \t<ul>\r\n        \t\t\t\t<li><a href=\"https:\/\/www.facadeaccesssolutions.com\/fr\/\">Accueil<\/a><\/li>\r\n\t\t\t        <\/ul>\r\n    <\/div>\r\n<\/section>\n\n<section class=\"page_title \" data-aos=\"fade-up\" data-aos-duration=\"600\" data-aos-easing=\"ease-out\" data-aos-delay=\"200\">\n    <div class=\"content_holder content_holder_1570\">\n        <h1>LANCEUR D\u2019ALERTE<\/h1>\n    <\/div>\n<\/section>\n\n\n<section class=\"content_pg \" data-aos=\"fade-up\" data-aos-duration=\"600\" data-aos-easing=\"ease-out\" data-aos-delay=\"300\"> \r\n    <div class=\"content_holder content_holder_1570 clearfix\">\r\n    \t<div class=\"site_contents\" style=\"max-width:px\">\r\n\t    \t<h5>Code de conduite<\/h5>\n<h6>Facade Access Solutions fait partie du groupe Alimak. Le code de conduite du groupe Alimak d\u00e9crit la mani\u00e8re dont nous menons nos activit\u00e9s de fa\u00e7on \u00e9thique et responsable. Il \u00e9nonce les principes de conduite que nous suivons et nous fournit des conseils pratiques pour nos actions et nos d\u00e9cisions op\u00e9rationnelles quotidiennes.<\/h6>\n<p>Tous les employ\u00e9s du groupe Alimak re\u00e7oivent une formation sur le code de conduite. Cette formation est int\u00e9gr\u00e9e \u00e0 nos programmes d&rsquo;int\u00e9gration destin\u00e9s aux nouveaux employ\u00e9s et est renouvel\u00e9e r\u00e9guli\u00e8rement.<\/p>\n<p>Le groupe Alimak adh\u00e8re au Pacte mondial des Nations Unies, une initiative visant \u00e0 faire des droits de l&rsquo;homme, des normes de travail \u00e9quitables, de la responsabilit\u00e9 environnementale et de la lutte contre la corruption des \u00e9l\u00e9ments centraux des activit\u00e9s des entreprises participantes.<\/p>\n<p>Veuillez consulter notre site web d&rsquo;entreprise pour en savoir plus sur notre code de conduite et signaler toute violation ou anomalie.<\/p>\n                        <a href=\"https:\/\/www.alimakgroup.com\/\" target=\"_blank\" class=\"site_btn_2 site_btn_2_blue\">\r\n\t\t\t\tSite web d&rsquo;entreprise du groupe Alimak            <\/a>\r\n                    <\/div>\r\n    <\/div>\r\n<\/section>\r\n\n\n<a href=\"#\" class=\"back_to_top\" id=\"back_to_top\"><\/a>","protected":false},"excerpt":{"rendered":"","protected":false},"author":1,"featured_media":0,"parent":0,"menu_order":0,"comment_status":"closed","ping_status":"closed","template":"","meta":{"_acf_changed":false,"_trash_the_other_posts":false,"editor_notices":[],"footnotes":""},"class_list":["post-249","page","type-page","status-publish","hentry"],"acf":[],"yoast_head":"<!-- This site is optimized with the Yoast SEO Premium plugin v27.1 (Yoast SEO v27.3) - https:\/\/yoast.com\/product\/yoast-seo-premium-wordpress\/ -->\n<title>Lanceur D&#039;Alerte | Facade Access Solutions<\/title>\n<meta name=\"description\" content=\"Facade Access Solutions respecte le code de conduite du groupe Alimak, qui promeut l\u2019\u00e9thique, la responsabilit\u00e9 et un moyen s\u00fbr de signaler les probl\u00e8mes.\" \/>\n<meta name=\"robots\" content=\"index, follow, max-snippet:-1, max-image-preview:large, max-video-preview:-1\" \/>\n<link rel=\"canonical\" href=\"https:\/\/www.facadeaccesssolutions.com\/fr\/whistleblower\/\" \/>\n<meta property=\"og:locale\" content=\"fr_FR\" \/>\n<meta property=\"og:type\" content=\"article\" \/>\n<meta property=\"og:title\" content=\"Lanceur D&#039;Alerte\" \/>\n<meta property=\"og:description\" content=\"Facade Access Solutions respecte le code de conduite du groupe Alimak, qui promeut l\u2019\u00e9thique, la responsabilit\u00e9 et un moyen s\u00fbr de signaler les probl\u00e8mes.\" \/>\n<meta property=\"og:url\" content=\"https:\/\/www.facadeaccesssolutions.com\/fr\/whistleblower\/\" \/>\n<meta property=\"og:site_name\" content=\"Facade Access Solutions France\" \/>\n<meta property=\"article:modified_time\" content=\"2026-04-12T19:27:19+00:00\" \/>\n<meta name=\"twitter:card\" content=\"summary_large_image\" \/>\n<script type=\"application\/ld+json\" class=\"yoast-schema-graph\">{\"@context\":\"https:\\\/\\\/schema.org\",\"@graph\":[{\"@type\":\"WebPage\",\"@id\":\"https:\\\/\\\/www.facadeaccesssolutions.com\\\/fr\\\/whistleblower\\\/\",\"url\":\"https:\\\/\\\/www.facadeaccesssolutions.com\\\/fr\\\/whistleblower\\\/\",\"name\":\"Lanceur D'Alerte | Facade Access Solutions\",\"isPartOf\":{\"@id\":\"https:\\\/\\\/www.facadeaccesssolutions.com\\\/fr\\\/#website\"},\"datePublished\":\"2024-08-01T07:09:30+00:00\",\"dateModified\":\"2026-04-12T19:27:19+00:00\",\"description\":\"Facade Access Solutions respecte le code de conduite du groupe Alimak, qui promeut l\u2019\u00e9thique, la responsabilit\u00e9 et un moyen s\u00fbr de signaler les probl\u00e8mes.\",\"breadcrumb\":{\"@id\":\"https:\\\/\\\/www.facadeaccesssolutions.com\\\/fr\\\/whistleblower\\\/#breadcrumb\"},\"inLanguage\":\"fr-FR\",\"potentialAction\":[{\"@type\":\"ReadAction\",\"target\":[\"https:\\\/\\\/www.facadeaccesssolutions.com\\\/fr\\\/whistleblower\\\/\"]}]},{\"@type\":\"BreadcrumbList\",\"@id\":\"https:\\\/\\\/www.facadeaccesssolutions.com\\\/fr\\\/whistleblower\\\/#breadcrumb\",\"itemListElement\":[{\"@type\":\"ListItem\",\"position\":1,\"name\":\"Home\",\"item\":\"https:\\\/\\\/www.facadeaccesssolutions.com\\\/fr\\\/\"},{\"@type\":\"ListItem\",\"position\":2,\"name\":\"Lanceur D&rsquo;Alerte\"}]},{\"@type\":\"WebSite\",\"@id\":\"https:\\\/\\\/www.facadeaccesssolutions.com\\\/fr\\\/#website\",\"url\":\"https:\\\/\\\/www.facadeaccesssolutions.com\\\/fr\\\/\",\"name\":\"Facade Access Solutions\",\"description\":\"Part Of Alimak Group\",\"potentialAction\":[{\"@type\":\"SearchAction\",\"target\":{\"@type\":\"EntryPoint\",\"urlTemplate\":\"https:\\\/\\\/www.facadeaccesssolutions.com\\\/fr\\\/?s={search_term_string}\"},\"query-input\":{\"@type\":\"PropertyValueSpecification\",\"valueRequired\":true,\"valueName\":\"search_term_string\"}}],\"inLanguage\":\"fr-FR\"}]}<\/script>\n<!-- \/ Yoast SEO Premium plugin. -->","yoast_head_json":{"title":"Lanceur D'Alerte | Facade Access Solutions","description":"Facade Access Solutions respecte le code de conduite du groupe Alimak, qui promeut l\u2019\u00e9thique, la responsabilit\u00e9 et un moyen s\u00fbr de signaler les probl\u00e8mes.","robots":{"index":"index","follow":"follow","max-snippet":"max-snippet:-1","max-image-preview":"max-image-preview:large","max-video-preview":"max-video-preview:-1"},"canonical":"https:\/\/www.facadeaccesssolutions.com\/fr\/whistleblower\/","og_locale":"fr_FR","og_type":"article","og_title":"Lanceur D'Alerte","og_description":"Facade Access Solutions respecte le code de conduite du groupe Alimak, qui promeut l\u2019\u00e9thique, la responsabilit\u00e9 et un moyen s\u00fbr de signaler les probl\u00e8mes.","og_url":"https:\/\/www.facadeaccesssolutions.com\/fr\/whistleblower\/","og_site_name":"Facade Access Solutions France","article_modified_time":"2026-04-12T19:27:19+00:00","twitter_card":"summary_large_image","schema":{"@context":"https:\/\/schema.org","@graph":[{"@type":"WebPage","@id":"https:\/\/www.facadeaccesssolutions.com\/fr\/whistleblower\/","url":"https:\/\/www.facadeaccesssolutions.com\/fr\/whistleblower\/","name":"Lanceur D'Alerte | Facade Access Solutions","isPartOf":{"@id":"https:\/\/www.facadeaccesssolutions.com\/fr\/#website"},"datePublished":"2024-08-01T07:09:30+00:00","dateModified":"2026-04-12T19:27:19+00:00","description":"Facade Access Solutions respecte le code de conduite du groupe Alimak, qui promeut l\u2019\u00e9thique, la responsabilit\u00e9 et un moyen s\u00fbr de signaler les probl\u00e8mes.","breadcrumb":{"@id":"https:\/\/www.facadeaccesssolutions.com\/fr\/whistleblower\/#breadcrumb"},"inLanguage":"fr-FR","potentialAction":[{"@type":"ReadAction","target":["https:\/\/www.facadeaccesssolutions.com\/fr\/whistleblower\/"]}]},{"@type":"BreadcrumbList","@id":"https:\/\/www.facadeaccesssolutions.com\/fr\/whistleblower\/#breadcrumb","itemListElement":[{"@type":"ListItem","position":1,"name":"Home","item":"https:\/\/www.facadeaccesssolutions.com\/fr\/"},{"@type":"ListItem","position":2,"name":"Lanceur D&rsquo;Alerte"}]},{"@type":"WebSite","@id":"https:\/\/www.facadeaccesssolutions.com\/fr\/#website","url":"https:\/\/www.facadeaccesssolutions.com\/fr\/","name":"Facade Access Solutions","description":"Part Of Alimak Group","potentialAction":[{"@type":"SearchAction","target":{"@type":"EntryPoint","urlTemplate":"https:\/\/www.facadeaccesssolutions.com\/fr\/?s={search_term_string}"},"query-input":{"@type":"PropertyValueSpecification","valueRequired":true,"valueName":"search_term_string"}}],"inLanguage":"fr-FR"}]}},"_links":{"self":[{"href":"https:\/\/www.facadeaccesssolutions.com\/fr\/wp-json\/wp\/v2\/pages\/249","targetHints":{"allow":["GET"]}}],"collection":[{"href":"https:\/\/www.facadeaccesssolutions.com\/fr\/wp-json\/wp\/v2\/pages"}],"about":[{"href":"https:\/\/www.facadeaccesssolutions.com\/fr\/wp-json\/wp\/v2\/types\/page"}],"author":[{"embeddable":true,"href":"https:\/\/www.facadeaccesssolutions.com\/fr\/wp-json\/wp\/v2\/users\/1"}],"replies":[{"embeddable":true,"href":"https:\/\/www.facadeaccesssolutions.com\/fr\/wp-json\/wp\/v2\/comments?post=249"}],"version-history":[{"count":7,"href":"https:\/\/www.facadeaccesssolutions.com\/fr\/wp-json\/wp\/v2\/pages\/249\/revisions"}],"predecessor-version":[{"id":1503,"href":"https:\/\/www.facadeaccesssolutions.com\/fr\/wp-json\/wp\/v2\/pages\/249\/revisions\/1503"}],"wp:attachment":[{"href":"https:\/\/www.facadeaccesssolutions.com\/fr\/wp-json\/wp\/v2\/media?parent=249"}],"curies":[{"name":"wp","href":"https:\/\/api.w.org\/{rel}","templated":true}]}}