{"id":255,"date":"2024-08-01T07:15:51","date_gmt":"2024-08-01T07:15:51","guid":{"rendered":"http:\/\/localhost\/techno\/facade\/wordpress\/?page_id=255"},"modified":"2025-02-24T15:39:52","modified_gmt":"2025-02-24T15:39:52","slug":"why-work-with-us","status":"publish","type":"page","link":"https:\/\/www.facadeaccesssolutions.com\/fr\/why-work-with-us\/","title":{"rendered":"Pourquoi travailler avec nous"},"content":{"rendered":"\r\n<section class=\"breadcrumbs\" data-aos=\"fade-up\" data-aos-duration=\"600\" data-aos-easing=\"ease-out\" data-aos-delay=\"100\">\r\n    <div class=\"content_holder content_holder_1570\">\r\n    \t<ul><li class=\"main-home\"><span property=\"itemListElement\" typeof=\"ListItem\"><a property=\"item\" typeof=\"WebPage\" title=\"Aller \u00e0 FACADE ACCESS SOLUTIONS Sites.\" href=\"https:\/\/www.facadeaccesssolutions.com\" class=\"main-home\" ><span property=\"name\">FACADE ACCESS SOLUTIONS Sites<\/span><\/a><meta property=\"position\" content=\"1\"><\/span><\/li>\n<li class=\"home\"><span property=\"itemListElement\" typeof=\"ListItem\"><a property=\"item\" typeof=\"WebPage\" title=\"Go to Facade Access Solutions France.\" href=\"https:\/\/www.facadeaccesssolutions.com\/fr\" class=\"home\" aria-current=\"page\"><span property=\"name\">Home<\/span><\/a><meta property=\"position\" content=\"2\"><\/span><\/li>\n<\/ul>\r\n    <\/div>\r\n<\/section>\n\n<section class=\"page_title \" data-aos=\"fade-up\" data-aos-duration=\"600\" data-aos-easing=\"ease-out\" data-aos-delay=\"200\">\n    <div class=\"content_holder content_holder_1570\">\n        <h1>Pourquoi travailler avec nous<\/h1>\n    <\/div>\n<\/section>\n\n\n\n<section class=\"solutions_intro  \">\n    <div class=\"content_holder content_holder_1570 clearfix\">\n\n\t\t                <div class=\"sol_right\" data-aos=\"fade-up\" data-aos-duration=\"600\" data-aos-easing=\"ease-out\" data-aos-delay=\"300\">\n            <img decoding=\"async\" src=\"https:\/\/www.facadeaccesssolutions.com\/fr\/wp-content\/uploads\/sites\/10\/2024\/08\/why_work_1-881x515_c.jpg\" alt=\"\">\n        <\/div>\n            \n        <div class=\"sol_left site_contents\" data-aos=\"fade-up\" data-aos-duration=\"600\" data-aos-easing=\"ease-out\" data-aos-delay=\"400\">\n        \t            <h5>Ressources<\/h5>\n<p>Nous sommes une \u00e9quipe passionn\u00e9e par l\u2019excellence du service et la r\u00e9solution des d\u00e9fis li\u00e9s \u00e0 l\u2019acc\u00e8s, \u00e0 la s\u00e9curit\u00e9 et \u00e0 l\u2019optimisation des co\u00fbts. Nous sommes inspir\u00e9s par les valeurs du groupe Alimak.<\/p>\n<h5>Technologie<\/h5>\n<p>Nos solutions int\u00e8grent des technologies robustes et de pointe. Pionniers dans le d\u00e9veloppement de nouvelles solutions, nous nous appuyons sur plus de 200 ing\u00e9nieurs bas\u00e9es en Allemagne, en Espagne, au Luxembourg, \u00e0 Toronto, \u00e0 Duba\u00ef et \u00e0 Singapour.<\/p>\n<h5>Exp\u00e9rience<\/h5>\n<p>In\u00e9gal\u00e9e, notre expertise remonte \u00e0 plus de 80 ans. Nous avons install\u00e9 plus de 16 000 machines \u00e0 travers le monde et nos clients nous confient plus de 300 nouveaux projets chaque ann\u00e9e.<\/p>\n<h5>Pr\u00e9sence locale et mondiale<\/h5>\n<p>Notre pr\u00e9sence mondiale nous permet de proposer une expertise internationale (ing\u00e9nierie, fabrication) tout en restant proches de nos clients pour la gestion de projets et les services. Avec 39 implantations dans le monde, nos \u00e9quipes sont toujours \u00e0 proximit\u00e9.<\/p>\n<h5>Gamme de produits<\/h5>\n<p>La combinaison des offres de nos 3 marques Manntech, CoxGomyl et Tractel nous permet d\u2019offrir la meilleure solution, ou une combinaison de solutions, pour pratiquement tous les projets et tous les budgets. Nos \u00e9quipes locales sont votre interlocuteur unique pour tous les sujets li\u00e9s \u00e0 l\u2019acc\u00e8s, garantissant un acc\u00e8s s\u00e9curis\u00e9 aux toits, des environnements de travail s\u00fbrs et la maintenance de tous types de fa\u00e7ades, quelle que soit leur hauteur.<\/p>\n            <div class=\"mhide_1\">\n            \t            <\/div>\n                                <\/div>\n    <\/div>\n<\/section>\n\n\n\n\n\r\n<section class=\"service_benefits\">\r\n    <div class=\"content_holder content_holder_1570\">\r\n    \t        <h3 data-aos=\"fade-up\" data-aos-duration=\"600\" data-aos-easing=\"ease-out\" data-aos-delay=\"200\">POURQUOI TRAVAILLER AVEC NOUS<\/h3>\r\n                <div class=\"sb_cols sb_cols_5  clearfix\">\r\n                \t\r\n\t\t\t            <div class=\"sb_col\" data-aos=\"fade-up\" data-aos-duration=\"600\" data-aos-easing=\"ease-out\" data-aos-delay=\"300\">\r\n            \t\t\t\t\t                \r\n                <div class=\"sb_ico\"><img decoding=\"async\" src=\"https:\/\/www.facadeaccesssolutions.com\/fr\/wp-content\/uploads\/sites\/10\/2024\/08\/work_1.svg\" alt=\"Ressources\"><\/div>\r\n                                <h5>Ressources<\/h5>            <\/div>\r\n                        \r\n\t\t\t            <div class=\"sb_col\" data-aos=\"fade-up\" data-aos-duration=\"600\" data-aos-easing=\"ease-out\" data-aos-delay=\"400\">\r\n            \t\t\t\t\t                \r\n                <div class=\"sb_ico\"><img decoding=\"async\" src=\"https:\/\/www.facadeaccesssolutions.com\/fr\/wp-content\/uploads\/sites\/10\/2024\/08\/work_2.svg\" alt=\"Technologie\"><\/div>\r\n                                <h5>Technologie<\/h5>            <\/div>\r\n            \r\n\t\t\t            <div class=\"sb_col\" data-aos=\"fade-up\" data-aos-duration=\"600\" data-aos-easing=\"ease-out\" data-aos-delay=\"500\">\r\n            \t\t\t\t\t                \r\n                <div class=\"sb_ico\"><img decoding=\"async\" src=\"https:\/\/www.facadeaccesssolutions.com\/fr\/wp-content\/uploads\/sites\/10\/2024\/08\/work_3.svg\" alt=\"Exp\u00e9rience\"><\/div>\r\n                                <h5>Exp\u00e9rience<\/h5>            <\/div>\r\n                        \r\n\t\t\t            <div class=\"sb_col\" data-aos=\"fade-up\" data-aos-duration=\"600\" data-aos-easing=\"ease-out\" data-aos-delay=\"600\">\r\n            \t\t\t\t\t                \r\n                <div class=\"sb_ico\"><img decoding=\"async\" src=\"https:\/\/www.facadeaccesssolutions.com\/fr\/wp-content\/uploads\/sites\/10\/2024\/08\/work_4.svg\" alt=\"Pr\u00e9sence locale et mondiale\"><\/div>\r\n                                <h5>Pr\u00e9sence locale et mondiale<\/h5>            <\/div>\r\n            \r\n\t\t\t            <div class=\"sb_col\" data-aos=\"fade-up\" data-aos-duration=\"600\" data-aos-easing=\"ease-out\" data-aos-delay=\"700\">\r\n            \t\t\t\t\t                \r\n                <div class=\"sb_ico\"><img decoding=\"async\" src=\"https:\/\/www.facadeaccesssolutions.com\/fr\/wp-content\/uploads\/sites\/10\/2024\/08\/work_5.svg\" alt=\"Gamme de produits\"><\/div>\r\n                                <h5>Gamme de produits<\/h5>            <\/div>\r\n            \r\n        <\/div>\r\n    <\/div>\r\n<\/section>\r\n\r\n\r\n","protected":false},"excerpt":{"rendered":"","protected":false},"author":1,"featured_media":0,"parent":0,"menu_order":0,"comment_status":"closed","ping_status":"closed","template":"","meta":{"_acf_changed":false,"_trash_the_other_posts":false,"editor_notices":[],"footnotes":""},"class_list":["post-255","page","type-page","status-publish","hentry"],"acf":[],"yoast_head":"<!-- This site is optimized with the Yoast SEO Premium plugin v27.1 (Yoast SEO v27.3) - https:\/\/yoast.com\/product\/yoast-seo-premium-wordpress\/ -->\n<title>Pourquoi travailler avec nous | Facade Access Solutions<\/title>\n<meta name=\"robots\" content=\"index, follow, max-snippet:-1, max-image-preview:large, max-video-preview:-1\" \/>\n<link rel=\"canonical\" href=\"https:\/\/www.facadeaccesssolutions.com\/fr\/about-us__trashed\/why-work-with-us\/\" \/>\n<meta property=\"og:locale\" content=\"fr_FR\" \/>\n<meta property=\"og:type\" content=\"article\" \/>\n<meta property=\"og:title\" content=\"Pourquoi travailler avec nous\" \/>\n<meta property=\"og:url\" content=\"https:\/\/www.facadeaccesssolutions.com\/fr\/about-us__trashed\/why-work-with-us\/\" \/>\n<meta property=\"og:site_name\" content=\"Facade Access Solutions France\" \/>\n<meta property=\"article:modified_time\" content=\"2025-02-24T15:39:52+00:00\" \/>\n<meta name=\"twitter:card\" content=\"summary_large_image\" \/>\n<script type=\"application\/ld+json\" class=\"yoast-schema-graph\">{\"@context\":\"https:\\\/\\\/schema.org\",\"@graph\":[{\"@type\":\"WebPage\",\"@id\":\"https:\\\/\\\/www.facadeaccesssolutions.com\\\/fr\\\/about-us__trashed\\\/why-work-with-us\\\/\",\"url\":\"https:\\\/\\\/www.facadeaccesssolutions.com\\\/fr\\\/about-us__trashed\\\/why-work-with-us\\\/\",\"name\":\"Pourquoi travailler avec nous | Facade Access Solutions\",\"isPartOf\":{\"@id\":\"https:\\\/\\\/www.facadeaccesssolutions.com\\\/fr\\\/#website\"},\"datePublished\":\"2024-08-01T07:15:51+00:00\",\"dateModified\":\"2025-02-24T15:39:52+00:00\",\"breadcrumb\":{\"@id\":\"https:\\\/\\\/www.facadeaccesssolutions.com\\\/fr\\\/about-us__trashed\\\/why-work-with-us\\\/#breadcrumb\"},\"inLanguage\":\"fr-FR\",\"potentialAction\":[{\"@type\":\"ReadAction\",\"target\":[\"https:\\\/\\\/www.facadeaccesssolutions.com\\\/fr\\\/about-us__trashed\\\/why-work-with-us\\\/\"]}]},{\"@type\":\"BreadcrumbList\",\"@id\":\"https:\\\/\\\/www.facadeaccesssolutions.com\\\/fr\\\/about-us__trashed\\\/why-work-with-us\\\/#breadcrumb\",\"itemListElement\":[{\"@type\":\"ListItem\",\"position\":1,\"name\":\"Home\",\"item\":\"https:\\\/\\\/www.facadeaccesssolutions.com\\\/fr\\\/\"},{\"@type\":\"ListItem\",\"position\":2,\"name\":\"Pourquoi travailler avec nous\"}]},{\"@type\":\"WebSite\",\"@id\":\"https:\\\/\\\/www.facadeaccesssolutions.com\\\/fr\\\/#website\",\"url\":\"https:\\\/\\\/www.facadeaccesssolutions.com\\\/fr\\\/\",\"name\":\"Facade Access Solutions\",\"description\":\"Part Of Alimak Group\",\"potentialAction\":[{\"@type\":\"SearchAction\",\"target\":{\"@type\":\"EntryPoint\",\"urlTemplate\":\"https:\\\/\\\/www.facadeaccesssolutions.com\\\/fr\\\/?s={search_term_string}\"},\"query-input\":{\"@type\":\"PropertyValueSpecification\",\"valueRequired\":true,\"valueName\":\"search_term_string\"}}],\"inLanguage\":\"fr-FR\"}]}<\/script>\n<!-- \/ Yoast SEO Premium plugin. -->","yoast_head_json":{"title":"Pourquoi travailler avec nous | Facade Access Solutions","robots":{"index":"index","follow":"follow","max-snippet":"max-snippet:-1","max-image-preview":"max-image-preview:large","max-video-preview":"max-video-preview:-1"},"canonical":"https:\/\/www.facadeaccesssolutions.com\/fr\/about-us__trashed\/why-work-with-us\/","og_locale":"fr_FR","og_type":"article","og_title":"Pourquoi travailler avec nous","og_url":"https:\/\/www.facadeaccesssolutions.com\/fr\/about-us__trashed\/why-work-with-us\/","og_site_name":"Facade Access Solutions France","article_modified_time":"2025-02-24T15:39:52+00:00","twitter_card":"summary_large_image","schema":{"@context":"https:\/\/schema.org","@graph":[{"@type":"WebPage","@id":"https:\/\/www.facadeaccesssolutions.com\/fr\/about-us__trashed\/why-work-with-us\/","url":"https:\/\/www.facadeaccesssolutions.com\/fr\/about-us__trashed\/why-work-with-us\/","name":"Pourquoi travailler avec nous | Facade Access Solutions","isPartOf":{"@id":"https:\/\/www.facadeaccesssolutions.com\/fr\/#website"},"datePublished":"2024-08-01T07:15:51+00:00","dateModified":"2025-02-24T15:39:52+00:00","breadcrumb":{"@id":"https:\/\/www.facadeaccesssolutions.com\/fr\/about-us__trashed\/why-work-with-us\/#breadcrumb"},"inLanguage":"fr-FR","potentialAction":[{"@type":"ReadAction","target":["https:\/\/www.facadeaccesssolutions.com\/fr\/about-us__trashed\/why-work-with-us\/"]}]},{"@type":"BreadcrumbList","@id":"https:\/\/www.facadeaccesssolutions.com\/fr\/about-us__trashed\/why-work-with-us\/#breadcrumb","itemListElement":[{"@type":"ListItem","position":1,"name":"Home","item":"https:\/\/www.facadeaccesssolutions.com\/fr\/"},{"@type":"ListItem","position":2,"name":"Pourquoi travailler avec nous"}]},{"@type":"WebSite","@id":"https:\/\/www.facadeaccesssolutions.com\/fr\/#website","url":"https:\/\/www.facadeaccesssolutions.com\/fr\/","name":"Facade Access Solutions","description":"Part Of Alimak Group","potentialAction":[{"@type":"SearchAction","target":{"@type":"EntryPoint","urlTemplate":"https:\/\/www.facadeaccesssolutions.com\/fr\/?s={search_term_string}"},"query-input":{"@type":"PropertyValueSpecification","valueRequired":true,"valueName":"search_term_string"}}],"inLanguage":"fr-FR"}]}},"_links":{"self":[{"href":"https:\/\/www.facadeaccesssolutions.com\/fr\/wp-json\/wp\/v2\/pages\/255","targetHints":{"allow":["GET"]}}],"collection":[{"href":"https:\/\/www.facadeaccesssolutions.com\/fr\/wp-json\/wp\/v2\/pages"}],"about":[{"href":"https:\/\/www.facadeaccesssolutions.com\/fr\/wp-json\/wp\/v2\/types\/page"}],"author":[{"embeddable":true,"href":"https:\/\/www.facadeaccesssolutions.com\/fr\/wp-json\/wp\/v2\/users\/1"}],"replies":[{"embeddable":true,"href":"https:\/\/www.facadeaccesssolutions.com\/fr\/wp-json\/wp\/v2\/comments?post=255"}],"version-history":[{"count":7,"href":"https:\/\/www.facadeaccesssolutions.com\/fr\/wp-json\/wp\/v2\/pages\/255\/revisions"}],"predecessor-version":[{"id":873,"href":"https:\/\/www.facadeaccesssolutions.com\/fr\/wp-json\/wp\/v2\/pages\/255\/revisions\/873"}],"wp:attachment":[{"href":"https:\/\/www.facadeaccesssolutions.com\/fr\/wp-json\/wp\/v2\/media?parent=255"}],"curies":[{"name":"wp","href":"https:\/\/api.w.org\/{rel}","templated":true}]}}