{"id":361,"date":"2024-08-03T05:09:57","date_gmt":"2024-08-03T05:09:57","guid":{"rendered":"http:\/\/localhost\/techno\/facade\/wordpress\/?page_id=361"},"modified":"2026-03-24T23:55:04","modified_gmt":"2026-03-24T23:55:04","slug":"articles","status":"publish","type":"page","link":"https:\/\/www.facadeaccesssolutions.com\/fr\/articles\/","title":{"rendered":"Articles"},"content":{"rendered":"\r\n<section class=\"breadcrumbs\" data-aos=\"fade-up\" data-aos-duration=\"600\" data-aos-easing=\"ease-out\" data-aos-delay=\"100\">\r\n    <div class=\"content_holder content_holder_1570\">\r\n    \t<ul><li class=\"main-home\"><span property=\"itemListElement\" typeof=\"ListItem\"><a property=\"item\" typeof=\"WebPage\" title=\"Aller \u00e0 FACADE ACCESS SOLUTIONS Sites.\" href=\"https:\/\/www.facadeaccesssolutions.com\" class=\"main-home\" ><span property=\"name\">FACADE ACCESS SOLUTIONS Sites<\/span><\/a><meta property=\"position\" content=\"1\"><\/span><\/li>\n<li class=\"home\"><span property=\"itemListElement\" typeof=\"ListItem\"><a property=\"item\" typeof=\"WebPage\" title=\"Go to Facade Access Solutions France.\" href=\"https:\/\/www.facadeaccesssolutions.com\/fr\" class=\"home\" aria-current=\"page\"><span property=\"name\">Home<\/span><\/a><meta property=\"position\" content=\"2\"><\/span><\/li>\n<\/ul>\r\n    <\/div>\r\n<\/section>\n\n<section class=\"page_title \" data-aos=\"fade-up\" data-aos-duration=\"600\" data-aos-easing=\"ease-out\" data-aos-delay=\"200\">\n    <div class=\"content_holder content_holder_1570\">\n        <h1>Articles<\/h1>\n    <\/div>\n<\/section>\n\n\n\n<section class=\"news_filter\">\n    <div class=\"content_holder content_holder_1570\">\n    \t\n\t\t        <h4 data-aos=\"fade-up\" data-aos-duration=\"600\" data-aos-easing=\"ease-out\" data-aos-delay=\"100\">FILTER BY<\/h4>\n                \n                \n        <div class=\"filter_cols\" id=\"filter_cols\" data-aos=\"fade-up\" data-aos-duration=\"600\" data-aos-easing=\"ease-out\" data-aos-delay=\"200\" data-url=\"https:\/\/www.facadeaccesssolutions.com\/fr\/articles\/\">\n            <div class=\"ft_left\">\n            \t                <label for=\"year\" class=\"ft_label\">Year<\/label>\n                \n                <select id=\"year\" name=\"year\" class=\"slectBox\">\n                    <option value=\"\">Select<\/option>                    \n                                                <option value=\"2026\" >2026<\/option>\n                                                        <option value=\"2025\" >2025<\/option>\n                                                        <option value=\"2024\" >2024<\/option>\n                                            <\/select>\n            <\/div>\n            <div class=\"ft_right\">\n                <div class=\"sort_dd\">\n                \t<div class=\"sort_label\">Showing:<\/div>\n                    <div class=\"sortdd\">\n                    <select id=\"sort\" name=\"sort\" class=\"slectBox\">\n                        <option value=\"newest_first\" >Newest First<\/option>\n                        <option value=\"oldest_first\" >Oldest First<\/option>\n                        <option value=\"a_z\" >A to Z<\/option>\n                        <option value=\"z_a\" >Z to A<\/option>\n                    <\/select>\n                    <\/div>\n                <\/div>\n                <div class=\"search_box\">\n                    <input name=\"search\" id=\"news_search\" type=\"text\" placeholder=\"Search\" value=\"\" size=\"25\" class=\"stxt\">\n                    <a href=\"#\" class=\"sbtn\" id=\"sbtn_news\"><\/a>\n                <\/div>\n            <\/div>\n        <\/div>\n        \n        \n        <div class=\"news_list\">\n        \t\n\n\t\t\t            \t\n            \n                        \n            <div class=\"nbox img_zoom_parent\">\n                <div data-aos=\"fade-up\" data-aos-duration=\"600\" data-aos-easing=\"ease-out\" data-aos-delay=\"100\">\n                    <div class=\"nimg\">\n                    \t<a href=\"https:\/\/www.facadeaccesssolutions.com\/fr\/blog\/how-to-plan-a-roof-guardrail-installation\/\" title=\"Comment Planifier L\u2019Installation D\u2019Un Garde-Corps de Toiture Conforme Aux Normes de S\u00e9curit\u00e9\" class=\"img_zoom\">\n                        \t<img decoding=\"async\" src=\"https:\/\/www.facadeaccesssolutions.com\/fr\/wp-content\/uploads\/sites\/10\/2026\/03\/How-to-Plan-a-Roof-Guardrail-Installation-600x610_c.png\" alt=\"Comment Planifier L\u2019Installation D\u2019Un Garde-Corps de Toiture Conforme Aux Normes de S\u00e9curit\u00e9\">\n                        <\/a>\n                    <\/div>\n                    <h4><a href=\"https:\/\/www.facadeaccesssolutions.com\/fr\/blog\/how-to-plan-a-roof-guardrail-installation\/\" title=\"Comment Planifier L\u2019Installation D\u2019Un Garde-Corps de Toiture Conforme Aux Normes de S\u00e9curit\u00e9\">Comment Planifier L\u2019Installation D\u2019Un Garde-Corps de Toiture Conforme Aux Normes de S\u00e9curit\u00e9<\/a><\/h4>\n                <\/div>\n            <\/div>\n            \n\t\t\t\t\n            \n                        \n            <div class=\"nbox img_zoom_parent\">\n                <div data-aos=\"fade-up\" data-aos-duration=\"600\" data-aos-easing=\"ease-out\" data-aos-delay=\"100\">\n                    <div class=\"nimg\">\n                    \t<a href=\"https:\/\/www.facadeaccesssolutions.com\/fr\/blog\/fall-arrest-systems-in-engineering-practice\/\" title=\"Syst\u00e8mes Antichute en Pratique\u00a0: Performance, Chemins de Charge ET Int\u00e9gration Permanente\" class=\"img_zoom\">\n                        \t<img decoding=\"async\" src=\"https:\/\/www.facadeaccesssolutions.com\/fr\/wp-content\/uploads\/sites\/10\/2026\/03\/fall-arrest-system-1-600x610_c.png\" alt=\"Syst\u00e8mes Antichute en Pratique\u00a0: Performance, Chemins de Charge ET Int\u00e9gration Permanente\">\n                        <\/a>\n                    <\/div>\n                    <h4><a href=\"https:\/\/www.facadeaccesssolutions.com\/fr\/blog\/fall-arrest-systems-in-engineering-practice\/\" title=\"Syst\u00e8mes Antichute en Pratique\u00a0: Performance, Chemins de Charge ET Int\u00e9gration Permanente\">Syst\u00e8mes Antichute en Pratique\u00a0: Performance, Chemins de Charge ET Int\u00e9gration Permanente<\/a><\/h4>\n                <\/div>\n            <\/div>\n            \n\t\t\t\t\n            \n                        \n            <div class=\"nbox img_zoom_parent\">\n                <div data-aos=\"fade-up\" data-aos-duration=\"600\" data-aos-easing=\"ease-out\" data-aos-delay=\"100\">\n                    <div class=\"nimg\">\n                    \t<a href=\"https:\/\/www.facadeaccesssolutions.com\/fr\/blog\/the-evolution-of-building-design-meeting-challenges-with-advanced-facade-access-solutions\/\" title=\"L\u2019\u00e9volution de la conception des b\u00e2timents : relever les d\u00e9fis gr\u00e2ce \u00e0 des solutions avanc\u00e9es d\u2019acc\u00e8s aux fa\u00e7ades\" class=\"img_zoom\">\n                        \t<img decoding=\"async\" src=\"https:\/\/www.facadeaccesssolutions.com\/fr\/wp-content\/uploads\/sites\/10\/2024\/08\/Manntech.20BOA2C20San20Antonio2C20TX@2x-600x610_c.webp\" alt=\"L\u2019\u00e9volution de la conception des b\u00e2timents : relever les d\u00e9fis gr\u00e2ce \u00e0 des solutions avanc\u00e9es d\u2019acc\u00e8s aux fa\u00e7ades\">\n                        <\/a>\n                    <\/div>\n                    <h4><a href=\"https:\/\/www.facadeaccesssolutions.com\/fr\/blog\/the-evolution-of-building-design-meeting-challenges-with-advanced-facade-access-solutions\/\" title=\"L\u2019\u00e9volution de la conception des b\u00e2timents : relever les d\u00e9fis gr\u00e2ce \u00e0 des solutions avanc\u00e9es d\u2019acc\u00e8s aux fa\u00e7ades\">L\u2019\u00e9volution de la conception des b\u00e2timents : relever les d\u00e9fis gr\u00e2ce \u00e0 des solutions avanc\u00e9es d\u2019acc\u00e8s aux fa\u00e7ades<\/a><\/h4>\n                <\/div>\n            <\/div>\n            \n\t\t\t\t\n            \n                        \n            <div class=\"nbox img_zoom_parent\">\n                <div data-aos=\"fade-up\" data-aos-duration=\"600\" data-aos-easing=\"ease-out\" data-aos-delay=\"100\">\n                    <div class=\"nimg\">\n                    \t<a href=\"https:\/\/www.facadeaccesssolutions.com\/fr\/blog\/early-collaboration-in-design-why-it-matters-in-facade-access-systems\/\" title=\"Collaboration pr\u00e9coce en conception : pourquoi elle est essentielle pour les syst\u00e8mes d\u2019acc\u00e8s aux fa\u00e7ades\" class=\"img_zoom\">\n                        \t<img decoding=\"async\" src=\"https:\/\/www.facadeaccesssolutions.com\/fr\/wp-content\/uploads\/sites\/10\/2024\/08\/Elite20Residence@2x-600x610_c.png\" alt=\"Collaboration pr\u00e9coce en conception : pourquoi elle est essentielle pour les syst\u00e8mes d\u2019acc\u00e8s aux fa\u00e7ades\">\n                        <\/a>\n                    <\/div>\n                    <h4><a href=\"https:\/\/www.facadeaccesssolutions.com\/fr\/blog\/early-collaboration-in-design-why-it-matters-in-facade-access-systems\/\" title=\"Collaboration pr\u00e9coce en conception : pourquoi elle est essentielle pour les syst\u00e8mes d\u2019acc\u00e8s aux fa\u00e7ades\">Collaboration pr\u00e9coce en conception : pourquoi elle est essentielle pour les syst\u00e8mes d\u2019acc\u00e8s aux fa\u00e7ades<\/a><\/h4>\n                <\/div>\n            <\/div>\n            \n\t\t\t\t\n            \n                        \n            <div class=\"nbox img_zoom_parent\">\n                <div data-aos=\"fade-up\" data-aos-duration=\"600\" data-aos-easing=\"ease-out\" data-aos-delay=\"100\">\n                    <div class=\"nimg\">\n                    \t<a href=\"https:\/\/www.facadeaccesssolutions.com\/fr\/blog\/architectural-trends-for-2024\/\" title=\"Tendances architecturales pour 2024\" class=\"img_zoom\">\n                        \t<img decoding=\"async\" src=\"https:\/\/www.facadeaccesssolutions.com\/fr\/wp-content\/uploads\/sites\/10\/2024\/08\/W12245_Nord_LB_H_05-600x610_c.png\" alt=\"Tendances architecturales pour 2024\">\n                        <\/a>\n                    <\/div>\n                    <h4><a href=\"https:\/\/www.facadeaccesssolutions.com\/fr\/blog\/architectural-trends-for-2024\/\" title=\"Tendances architecturales pour 2024\">Tendances architecturales pour 2024<\/a><\/h4>\n                <\/div>\n            <\/div>\n            \n\t\t\t\t\n            \n                        \n            <div class=\"nbox img_zoom_parent\">\n                <div data-aos=\"fade-up\" data-aos-duration=\"600\" data-aos-easing=\"ease-out\" data-aos-delay=\"100\">\n                    <div class=\"nimg\">\n                    \t<a href=\"https:\/\/www.facadeaccesssolutions.com\/fr\/blog\/navigating-complex-building-designs-overcoming-facade-access-challenges\/\" title=\"Naviguer dans les conceptions de b\u00e2timents complexes : surmonter les d\u00e9fis li\u00e9s \u00e0 l\u2019acc\u00e8s aux fa\u00e7ades\" class=\"img_zoom\">\n                        \t<img decoding=\"async\" src=\"https:\/\/www.facadeaccesssolutions.com\/fr\/wp-content\/uploads\/sites\/10\/2024\/08\/CoxGomyl-Torre-De-Cristal-Madrid-Spain-scaled-600x610_c.jpg\" alt=\"Naviguer dans les conceptions de b\u00e2timents complexes : surmonter les d\u00e9fis li\u00e9s \u00e0 l\u2019acc\u00e8s aux fa\u00e7ades\">\n                        <\/a>\n                    <\/div>\n                    <h4><a href=\"https:\/\/www.facadeaccesssolutions.com\/fr\/blog\/navigating-complex-building-designs-overcoming-facade-access-challenges\/\" title=\"Naviguer dans les conceptions de b\u00e2timents complexes : surmonter les d\u00e9fis li\u00e9s \u00e0 l\u2019acc\u00e8s aux fa\u00e7ades\">Naviguer dans les conceptions de b\u00e2timents complexes : surmonter les d\u00e9fis li\u00e9s \u00e0 l\u2019acc\u00e8s aux fa\u00e7ades<\/a><\/h4>\n                <\/div>\n            <\/div>\n            \n\t\t\t            \n        <\/div>\n        \n        <div class=\"pagination\" data-aos=\"fade-up\" data-aos-duration=\"600\" data-aos-easing=\"ease-out\" data-aos-delay=\"100\">\n        \t<ol class=\"wp-paginate font-inherit\"><li><span class='page current'>1<\/span><\/li><li><a href='https:\/\/www.facadeaccesssolutions.com\/fr\/wp-json\/wp\/v2\/pages\/361\/page\/2\/' title='2' aria-label='Go to page 2' class='page'>2<\/a><\/li><li><a href=\"https:\/\/www.facadeaccesssolutions.com\/fr\/wp-json\/wp\/v2\/pages\/361\/page\/2\" class=\"next\" aria-label=\"Go to next page\">Next \u00bb<\/a><\/li><\/ol>        <\/div>\n        \n                \n        \n    <\/div>\n<\/section>\n\n\n\n\n","protected":false},"excerpt":{"rendered":"","protected":false},"author":1,"featured_media":0,"parent":0,"menu_order":0,"comment_status":"closed","ping_status":"closed","template":"","meta":{"_acf_changed":false,"_trash_the_other_posts":false,"editor_notices":[],"footnotes":""},"class_list":["post-361","page","type-page","status-publish","hentry"],"acf":[],"yoast_head":"<!-- This site is optimized with the Yoast SEO Premium plugin v27.1 (Yoast SEO v27.3) - https:\/\/yoast.com\/product\/yoast-seo-premium-wordpress\/ -->\n<title>Articles | Facade Access Solutions<\/title>\n<meta name=\"description\" content=\"D\u00e9couvrez les articles de Facade Access Solutions, leader mondial des syst\u00e8mes BMU, avec actualit\u00e9s, expertise et points de vue.\" \/>\n<meta name=\"robots\" content=\"index, follow, max-snippet:-1, max-image-preview:large, max-video-preview:-1\" \/>\n<link rel=\"canonical\" href=\"https:\/\/www.facadeaccesssolutions.com\/fr\/articles\/\" \/>\n<meta property=\"og:locale\" content=\"fr_FR\" \/>\n<meta property=\"og:type\" content=\"article\" \/>\n<meta property=\"og:title\" content=\"Articles\" \/>\n<meta property=\"og:description\" content=\"D\u00e9couvrez les articles de Facade Access Solutions, leader mondial des syst\u00e8mes BMU, avec actualit\u00e9s, expertise et points de vue.\" \/>\n<meta property=\"og:url\" content=\"https:\/\/www.facadeaccesssolutions.com\/fr\/articles\/\" \/>\n<meta property=\"og:site_name\" content=\"Facade Access Solutions France\" \/>\n<meta property=\"article:modified_time\" content=\"2026-03-24T23:55:04+00:00\" \/>\n<meta name=\"twitter:card\" content=\"summary_large_image\" \/>\n<script type=\"application\/ld+json\" class=\"yoast-schema-graph\">{\"@context\":\"https:\\\/\\\/schema.org\",\"@graph\":[{\"@type\":\"WebPage\",\"@id\":\"https:\\\/\\\/www.facadeaccesssolutions.com\\\/fr\\\/articles\\\/\",\"url\":\"https:\\\/\\\/www.facadeaccesssolutions.com\\\/fr\\\/articles\\\/\",\"name\":\"Articles | Facade Access Solutions\",\"isPartOf\":{\"@id\":\"https:\\\/\\\/www.facadeaccesssolutions.com\\\/fr\\\/#website\"},\"datePublished\":\"2024-08-03T05:09:57+00:00\",\"dateModified\":\"2026-03-24T23:55:04+00:00\",\"description\":\"D\u00e9couvrez les articles de Facade Access Solutions, leader mondial des syst\u00e8mes BMU, avec actualit\u00e9s, expertise et points de vue.\",\"breadcrumb\":{\"@id\":\"https:\\\/\\\/www.facadeaccesssolutions.com\\\/fr\\\/articles\\\/#breadcrumb\"},\"inLanguage\":\"fr-FR\",\"potentialAction\":[{\"@type\":\"ReadAction\",\"target\":[\"https:\\\/\\\/www.facadeaccesssolutions.com\\\/fr\\\/articles\\\/\"]}]},{\"@type\":\"BreadcrumbList\",\"@id\":\"https:\\\/\\\/www.facadeaccesssolutions.com\\\/fr\\\/articles\\\/#breadcrumb\",\"itemListElement\":[{\"@type\":\"ListItem\",\"position\":1,\"name\":\"Home\",\"item\":\"https:\\\/\\\/www.facadeaccesssolutions.com\\\/fr\\\/\"},{\"@type\":\"ListItem\",\"position\":2,\"name\":\"Articles\"}]},{\"@type\":\"WebSite\",\"@id\":\"https:\\\/\\\/www.facadeaccesssolutions.com\\\/fr\\\/#website\",\"url\":\"https:\\\/\\\/www.facadeaccesssolutions.com\\\/fr\\\/\",\"name\":\"Facade Access Solutions\",\"description\":\"Part Of Alimak Group\",\"potentialAction\":[{\"@type\":\"SearchAction\",\"target\":{\"@type\":\"EntryPoint\",\"urlTemplate\":\"https:\\\/\\\/www.facadeaccesssolutions.com\\\/fr\\\/?s={search_term_string}\"},\"query-input\":{\"@type\":\"PropertyValueSpecification\",\"valueRequired\":true,\"valueName\":\"search_term_string\"}}],\"inLanguage\":\"fr-FR\"}]}<\/script>\n<!-- \/ Yoast SEO Premium plugin. -->","yoast_head_json":{"title":"Articles | Facade Access Solutions","description":"D\u00e9couvrez les articles de Facade Access Solutions, leader mondial des syst\u00e8mes BMU, avec actualit\u00e9s, expertise et points de vue.","robots":{"index":"index","follow":"follow","max-snippet":"max-snippet:-1","max-image-preview":"max-image-preview:large","max-video-preview":"max-video-preview:-1"},"canonical":"https:\/\/www.facadeaccesssolutions.com\/fr\/articles\/","og_locale":"fr_FR","og_type":"article","og_title":"Articles","og_description":"D\u00e9couvrez les articles de Facade Access Solutions, leader mondial des syst\u00e8mes BMU, avec actualit\u00e9s, expertise et points de vue.","og_url":"https:\/\/www.facadeaccesssolutions.com\/fr\/articles\/","og_site_name":"Facade Access Solutions France","article_modified_time":"2026-03-24T23:55:04+00:00","twitter_card":"summary_large_image","schema":{"@context":"https:\/\/schema.org","@graph":[{"@type":"WebPage","@id":"https:\/\/www.facadeaccesssolutions.com\/fr\/articles\/","url":"https:\/\/www.facadeaccesssolutions.com\/fr\/articles\/","name":"Articles | Facade Access Solutions","isPartOf":{"@id":"https:\/\/www.facadeaccesssolutions.com\/fr\/#website"},"datePublished":"2024-08-03T05:09:57+00:00","dateModified":"2026-03-24T23:55:04+00:00","description":"D\u00e9couvrez les articles de Facade Access Solutions, leader mondial des syst\u00e8mes BMU, avec actualit\u00e9s, expertise et points de vue.","breadcrumb":{"@id":"https:\/\/www.facadeaccesssolutions.com\/fr\/articles\/#breadcrumb"},"inLanguage":"fr-FR","potentialAction":[{"@type":"ReadAction","target":["https:\/\/www.facadeaccesssolutions.com\/fr\/articles\/"]}]},{"@type":"BreadcrumbList","@id":"https:\/\/www.facadeaccesssolutions.com\/fr\/articles\/#breadcrumb","itemListElement":[{"@type":"ListItem","position":1,"name":"Home","item":"https:\/\/www.facadeaccesssolutions.com\/fr\/"},{"@type":"ListItem","position":2,"name":"Articles"}]},{"@type":"WebSite","@id":"https:\/\/www.facadeaccesssolutions.com\/fr\/#website","url":"https:\/\/www.facadeaccesssolutions.com\/fr\/","name":"Facade Access Solutions","description":"Part Of Alimak Group","potentialAction":[{"@type":"SearchAction","target":{"@type":"EntryPoint","urlTemplate":"https:\/\/www.facadeaccesssolutions.com\/fr\/?s={search_term_string}"},"query-input":{"@type":"PropertyValueSpecification","valueRequired":true,"valueName":"search_term_string"}}],"inLanguage":"fr-FR"}]}},"_links":{"self":[{"href":"https:\/\/www.facadeaccesssolutions.com\/fr\/wp-json\/wp\/v2\/pages\/361","targetHints":{"allow":["GET"]}}],"collection":[{"href":"https:\/\/www.facadeaccesssolutions.com\/fr\/wp-json\/wp\/v2\/pages"}],"about":[{"href":"https:\/\/www.facadeaccesssolutions.com\/fr\/wp-json\/wp\/v2\/types\/page"}],"author":[{"embeddable":true,"href":"https:\/\/www.facadeaccesssolutions.com\/fr\/wp-json\/wp\/v2\/users\/1"}],"replies":[{"embeddable":true,"href":"https:\/\/www.facadeaccesssolutions.com\/fr\/wp-json\/wp\/v2\/comments?post=361"}],"version-history":[{"count":6,"href":"https:\/\/www.facadeaccesssolutions.com\/fr\/wp-json\/wp\/v2\/pages\/361\/revisions"}],"predecessor-version":[{"id":1491,"href":"https:\/\/www.facadeaccesssolutions.com\/fr\/wp-json\/wp\/v2\/pages\/361\/revisions\/1491"}],"wp:attachment":[{"href":"https:\/\/www.facadeaccesssolutions.com\/fr\/wp-json\/wp\/v2\/media?parent=361"}],"curies":[{"name":"wp","href":"https:\/\/api.w.org\/{rel}","templated":true}]}}