{"id":1067,"date":"2025-12-13T09:13:48","date_gmt":"2025-12-13T09:13:48","guid":{"rendered":"https:\/\/www.facadeaccesssolutions.com\/nl\/?page_id=1067"},"modified":"2026-03-27T17:46:29","modified_gmt":"2026-03-27T17:46:29","slug":"refurbishment-solutions","status":"publish","type":"page","link":"https:\/\/www.facadeaccesssolutions.com\/nl\/services\/refurbishment-solutions\/","title":{"rendered":"Renovatieoplossingen"},"content":{"rendered":"\r\n<section class=\"breadcrumbs\" data-aos=\"fade-up\" data-aos-duration=\"600\" data-aos-easing=\"ease-out\" data-aos-delay=\"100\">\r\n    <div class=\"content_holder content_holder_1570\">\r\n    \t<ul><li class=\"main-home\"><span property=\"itemListElement\" typeof=\"ListItem\"><a property=\"item\" typeof=\"WebPage\" title=\"Ga naar FACADE ACCESS SOLUTIONS Sites.\" href=\"https:\/\/www.facadeaccesssolutions.com\" class=\"main-home\" ><span property=\"name\">FACADE ACCESS SOLUTIONS Sites<\/span><\/a><meta property=\"position\" content=\"1\"><\/span><\/li>\n<li class=\"home\"><span property=\"itemListElement\" typeof=\"ListItem\"><a property=\"item\" typeof=\"WebPage\" title=\"Go to Facade Access Solutions Netherlands.\" href=\"https:\/\/www.facadeaccesssolutions.com\/nl\" class=\"home\" aria-current=\"page\"><span property=\"name\">Home<\/span><\/a><meta property=\"position\" content=\"2\"><\/span><\/li>\n<\/ul>\r\n    <\/div>\r\n<\/section>\n\n<section class=\"page_title \" data-aos=\"fade-up\" data-aos-duration=\"600\" data-aos-easing=\"ease-out\" data-aos-delay=\"200\">\n    <div class=\"content_holder content_holder_1570\">\n        <h1>Renovatiediensten voor Betrouwbare Geveltoegang <\/h1>\n    <\/div>\n<\/section>\n\n\n\n<section class=\"solutions_intro  \">\n    <div class=\"content_holder content_holder_1570 clearfix\">\n\n\t\t                <div class=\"sol_right\" data-aos=\"fade-up\" data-aos-duration=\"600\" data-aos-easing=\"ease-out\" data-aos-delay=\"300\">\n            <img decoding=\"async\" src=\"https:\/\/www.facadeaccesssolutions.com\/nl\/wp-content\/uploads\/sites\/13\/2025\/12\/Refurbishment-solutions-881x515_c.jpg\" alt=\"Refurbishment solutions\">\n        <\/div>\n            \n        <div class=\"sol_left site_contents\" data-aos=\"fade-up\" data-aos-duration=\"600\" data-aos-easing=\"ease-out\" data-aos-delay=\"400\">\n        \t<h4 class=\"title_line title_line_mob\">Facade Access Solutions biedt renovatiediensten die gevelonderhoudsinstallaties herstellen, upgraden en moderniseren. Deze diensten verlengen de levensduur van de apparatuur en zorgen voor naleving van internationale veiligheidsnormen. <\/h4>            <p>Na verloop van tijd ondervinden gevelonderhoudsinstallaties slijtage die de prestaties en veiligheid kan be&iuml;nvloeden. Volledige vervanging is niet altijd nodig. Renovatie brengt kritieke systemen terug naar optimale conditie, verlengt de operationele levensduur en brengt de apparatuur in lijn met huidige veiligheidsnormen.<\/p>\n<p>Onze renovatieprogramma&#8217;s verminderen stilstand, verbeteren de veiligheid en bieden gebouweigenaren een kosteneffectief alternatief voor volledige vervanging. Met de gecombineerde expertise van Tractel, Manntech en CoxGomyl onder de Alimak Group leveren we technisch onderbouwde renovatieoplossingen die worden ondersteund door wereldwijde ervaring en lokale technische kennis.<\/p>\n            <div class=\"mhide_1\">\n            \t            <\/div>\n            \t            <a href=\"https:\/\/www.facadeaccesssolutions.com\/nl\/contact\/\" class=\"site_btn site_btn_sm\" target=\"\">\n\t\t\t\t\tINFORMEER                <\/a>\n                                <\/div>\n    <\/div>\n<\/section>\n\n\n\n\n\n<div class=\"wp-block-columns is-layout-flex wp-container-core-columns-is-layout-9d6595d7 wp-block-columns-is-layout-flex\">\n<div class=\"wp-block-column is-layout-flow wp-block-column-is-layout-flow\">\n<div style=\"height:70px\" aria-hidden=\"true\" class=\"wp-block-spacer\"><\/div>\n\n\n<div class=\"wp-block-image\">\n<figure class=\"aligncenter size-full is-resized\"><img loading=\"lazy\" decoding=\"async\" width=\"600\" height=\"610\" src=\"https:\/\/www.facadeaccesssolutions.com\/wp-content\/uploads\/2024\/08\/new_pg_9.jpg\" alt=\"\" class=\"wp-image-383\" style=\"aspect-ratio:16\/9;object-fit:cover;width:1000px\" srcset=\"https:\/\/www.facadeaccesssolutions.com\/nl\/wp-content\/uploads\/sites\/13\/2024\/08\/new_pg_9.jpg 600w, https:\/\/www.facadeaccesssolutions.com\/nl\/wp-content\/uploads\/sites\/13\/2024\/08\/new_pg_9-295x300.jpg 295w\" sizes=\"auto, (max-width: 600px) 100vw, 600px\" \/><\/figure>\n<\/div>\n\n\n<div style=\"height:85px\" aria-hidden=\"true\" class=\"wp-block-spacer\"><\/div>\n<\/div>\n\n\n\n<div class=\"wp-block-column is-layout-flow wp-block-column-is-layout-flow\">\n<div style=\"height:50px\" aria-hidden=\"true\" class=\"wp-block-spacer\"><\/div>\n\n\n\n<h2 class=\"wp-block-heading\" id=\"h-kosteneffectieve-renovatie-die-de-levensduur-van-apparatuur-verlengt\">Kosteneffectieve Renovatie die de Levensduur van Apparatuur Verlengt<\/h2>\n\n\n\n<p>Renovatie van gevelonderhoudsinstallaties biedt een duurzaam en economisch alternatief voor volledige systeemvervanging. Elk project begint met een gedetailleerde inspectie om de staat van bestaande units te beoordelen. Versleten of verouderde componenten worden vervangen door door de fabrikant goedgekeurde onderdelen. Dit herstelt de volledige functionaliteit en verlengt de levensduur van de apparatuur.<\/p>\n\n\n\n<p>Onze renovatieprojecten hebben bewezen resultaten behaald in verschillende regio&#8217;s. <a href=\"https:\/\/www.manntech.com\/project\/fashion-house\/\">Bij Frankfurter Ring 162 in M\u00fcnchen werd een 59 jaar oude gevelonderhoudsinstallatie gemoderniseerd met een lichter en geavanceerder systeem<\/a>. Daarbij bleef het originele railsysteem behouden. <a href=\"https:\/\/www.coxgomyl.com\/project\/theshard\/\">Bij Level 87 van de Shard leverde ons team in het Verenigd Koninkrijk een grote retrofit van hydraulische cilinders<\/a>. Dit project upgradet belangrijke componenten, beheerde uitdagende omstandigheden op hoogte en werd op tijd en binnen budget afgerond. Het leverde een finalistplaats op bij de 2025 London Construction Awards.<\/p>\n\n\n\n<p>Het upgraden van elektrische systemen, bedieningspanelen en gondel-ontwerpen in plaats van complete installaties te vervangen, vermindert afval, stilstand en kosten. Deze aanpak verbetert de betrouwbaarheid, veiligheid en duurzaamheid. Het weerspiegelt onze wereldwijde expertise in het verlengen van de levensduur van geveltoegangssystemen en het leveren van lange termijn waarde met minimale verstoring van gebouwoperaties.<\/p>\n\n\n\n<div style=\"height:75px\" aria-hidden=\"true\" class=\"wp-block-spacer\"><\/div>\n<\/div>\n<\/div>\n\n\n\n<div class=\"wp-block-columns is-layout-flex wp-container-core-columns-is-layout-9d6595d7 wp-block-columns-is-layout-flex\">\n<div class=\"wp-block-column is-layout-flow wp-block-column-is-layout-flow\">\n<h2 class=\"wp-block-heading\" id=\"h-reparatieoplossingen-die-veiligheid-en-prestaties-herstellen\">Reparatieoplossingen die Veiligheid en Prestaties Herstellen<\/h2>\n\n\n\n<p>Het tijdig onderhouden en repareren van gevelonderhoudsinstallaties is essentieel om gevelliften, davits en aangedreven platforms in veilige werkstaat te houden. Onze reparatiediensten omvatten spoedhulp, vervanging van onderdelen en systeemdiagnose om volledige prestaties te herstellen.<\/p>\n\n\n\n<p>Of het nu onderdeel is van een renovatieprogramma of een op zichzelf staande gevelonderhoudsinstallatie, onze reparatieoplossingen behouden de betrouwbaarheid en veiligheid. Elke reparatie wordt voltooid met goedgekeurde componenten en technisch toezicht. Dit proces helpt de levensduur van het systeem te verlengen en de noodzaak voor vroegtijdige vervanging te verminderen.<\/p>\n\n\n\n<p>Met tientallen jaren wereldwijde ervaring en lokale kennis ondersteunt ons team projecten in diverse omgevingen en gebouwtypes. We begrijpen de vereisten van hoogbouw, complexe gevels en moderne constructies. Onze oplossingen helpen klanten consistente prestaties, naleving en veiligheidsnormen te bereiken.<\/p>\n\n\n\n<p>Neem contact op met ons team om onderhoud of nalevingsondersteuning voor uw geveltoegangssystemen te bespreken.<\/p>\n<\/div>\n\n\n\n<div class=\"wp-block-column is-layout-flow wp-block-column-is-layout-flow\"><div class=\"wp-block-image\">\n<figure class=\"aligncenter size-full is-resized\"><img decoding=\"async\" src=\"https:\/\/www.facadeaccesssolutions.com\/wp-content\/uploads\/2025\/11\/20220222_155334-new-scaled.jpg\" alt=\"\" class=\"wp-image-2205\" style=\"width:703px;height:auto\" \/><\/figure>\n<\/div><\/div>\n<\/div>\n\n\n\n<div style=\"height:100px\" aria-hidden=\"true\" class=\"wp-block-spacer\"><\/div>\n\n\n\n<div class=\"wp-block-group alignfull narrow_width has-luminous-vivid-orange-background-color has-text-color has-background\" style=\"color:#000000\"><div class=\"wp-block-group__inner-container is-layout-flow wp-block-group-is-layout-flow\">\n<div style=\"height:40px\" aria-hidden=\"true\" class=\"wp-block-spacer\"><\/div>\n\n\n\n<h2 class=\"wp-block-heading has-text-align-center has-white-color has-text-color has-link-color wp-elements-e5913f8098657e3d0cd05fe164238ef6\" id=\"h-start-vandaag-met-uw-project\" style=\"font-size:39px;text-transform:uppercase\">START VANDAAG MET UW PROJECT<\/h2>\n\n\n\n<p class=\"has-text-align-center has-white-color has-text-color has-link-color wp-elements-cad398d0205c2381b2a694f14040b7e0\" style=\"font-size:15px\">Plan een consultatie om de meest effici\u00ebnte upgrade-opties voor uw gebouw te ontdekken.<br><\/p>\n\n\n\n<div class=\"wp-block-buttons is-horizontal is-content-justification-center is-layout-flex wp-container-core-buttons-is-layout-499968f5 wp-block-buttons-is-layout-flex\">\n<div class=\"wp-block-button has-custom-width wp-block-button__width-50\"><a class=\"wp-block-button__link has-text-color has-background has-medium-font-size has-custom-font-size wp-element-button\" href=\"https:\/\/www.facadeaccesssolutions.com\/nl\/contact\/\" style=\"border-radius:50px;color:#ffffff;background-color:#033c5d\">Vraag een offerte aan<\/a><\/div>\n<\/div>\n\n\n\n<div style=\"height:40px\" aria-hidden=\"true\" class=\"wp-block-spacer\"><\/div>\n<\/div><\/div>\n\n\n\n<div style=\"height:50px\" aria-hidden=\"true\" class=\"wp-block-spacer\"><\/div>\n\n\n\r\n<section class=\"accordion_list\" style=\"padding-top:px; padding-bottom:px;\">\r\n    <div class=\"content_holder content_holder_1570 clearfix\">\r\n\t\t<div class=\"acc_wrap\" data-aos=\"fade-up\" data-aos-duration=\"600\" data-aos-easing=\"ease-out\" data-aos-delay=\"100\">\r\n        \t<h2><h3 align=\"center\">Veelgestelde Vragen <\/h3><\/h2>                                    \t                    <div class=\"acc_item\">\r\n                        <div class=\"acc_title\">Hoe vaak moet onderhoud aan gevelonderhoudsinstallaties plaatsvinden?  <span><\/span><\/div>\r\n                        <div class=\"acc_txt\">\r\n                            <div class=\"site_contents\">\r\n                            \t<p>Inspecties moeten minimaal \u00e9\u00e9n keer per jaar worden uitgevoerd. Regelmatige beoordelingen identificeren potenti\u00eble problemen vroegtijdig en helpen grote storingen of kostbare stilstand te voorkomen. We kunnen een onderhoudsplan opstellen dat is afgestemd op uw gebouw en apparatuur. <\/p>\n                            <\/div>\r\n                        <\/div>\r\n                    <\/div>\r\n                                        \t                    <div class=\"acc_item\">\r\n                        <div class=\"acc_title\">Kunnen oudere gevelonderhoudsinstallaties worden gemoderniseerd in plaats van vervangen?  <span><\/span><\/div>\r\n                        <div class=\"acc_txt\">\r\n                            <div class=\"site_contents\">\r\n                            \t<p>Ja. Retrofitting en modernisering zijn praktische en kosteneffectieve oplossingen die de levensduur van bestaande systemen verlengen. Tegelijkertijd verbeteren ze de veiligheid en betrouwbaarheid. Typische upgrades omvatten nieuwe elektrische besturingen, mechanische onderdelen, veiligheidssystemen en structurele verbeteringen die voldoen aan huidige internationale normen. <\/p>\n                            <\/div>\r\n                        <\/div>\r\n                    <\/div>\r\n                                        \t                    <div class=\"acc_item\">\r\n                        <div class=\"acc_title\">Welke soorten problemen kan renovatie oplossen?  <span><\/span><\/div>\r\n                        <div class=\"acc_txt\">\r\n                            <div class=\"site_contents\">\r\n                            \t<p>Renovatie kan mechanische slijtage, verouderde elektrische systemen, structurele vermoeidheid en verouderde veiligheidsvoorzieningen aanpakken. Deze upgrades herstellen de betrouwbaarheid, verbeteren de effici\u00ebntie en zorgen voor naleving van moderne prestatie- en veiligheidseisen. <\/p>\n                            <\/div>\r\n                        <\/div>\r\n                    <\/div>\r\n                                        \t                    <div class=\"acc_item\">\r\n                        <div class=\"acc_title\">Hoe lang duurt een typische reparatie of renovatie?  <span><\/span><\/div>\r\n                        <div class=\"acc_txt\">\r\n                            <div class=\"site_contents\">\r\n                            \t<p>Projecttijdlijnen vari\u00ebren afhankelijk van de omvang van het werk. Kleine reparaties kunnen binnen enkele dagen worden voltooid. Volledige renovaties kunnen enkele maanden duren, afhankelijk van de complexiteit van het systeem en de omstandigheden op locatie. Na inspectie geeft ons team een duidelijk schema om verstoring van gebouwoperaties te verminderen. <\/p>\n                            <\/div>\r\n                        <\/div>\r\n                    <\/div>\r\n                                        \t                    <div class=\"acc_item\">\r\n                        <div class=\"acc_title\">Verbetert renovatie de veiligheid en naleving?  <span><\/span><\/div>\r\n                        <div class=\"acc_txt\">\r\n                            <div class=\"site_contents\">\r\n                            \t<p>Ja. Renovatie verbetert zowel de veiligheid als de naleving door ge\u00fcpgradede besturingssystemen, remmechanismen en monitoringtechnologie\u00ebn te integreren die voldoen aan of boven internationale normen uitstijgen. Deze verbeteringen zorgen voor veilige werking en verlengen de levensduur van uw apparatuur. <\/p>\n                            <\/div>\r\n                        <\/div>\r\n                    <\/div>\r\n                                    <\/div>\r\n    <\/div>\r\n<\/section>\r\n\r\n\n\n\n<div style=\"height:100px\" aria-hidden=\"true\" class=\"wp-block-spacer\"><\/div>\n","protected":false},"excerpt":{"rendered":"<p>Kosteneffectieve Renovatie die de Levensduur van Apparatuur Verlengt Renovatie van gevelonderhoudsinstallaties biedt een duurzaam en &#8230;<\/p>\n","protected":false},"author":1,"featured_media":0,"parent":1068,"menu_order":0,"comment_status":"closed","ping_status":"closed","template":"","meta":{"_acf_changed":false,"_trash_the_other_posts":false,"editor_notices":[],"footnotes":""},"class_list":["post-1067","page","type-page","status-publish","hentry"],"acf":[],"yoast_head":"<!-- This site is optimized with the Yoast SEO Premium plugin v27.1 (Yoast SEO v27.3) - https:\/\/yoast.com\/product\/yoast-seo-premium-wordpress\/ -->\n<title>Renovatieoplossingen | Facade Access Solutions<\/title>\n<meta name=\"description\" content=\"Professionele renovatie en onderhoud van gevelonderhoudsinstallaties. Kosteneffectieve upgrades voor gevelliften die veiligheid verbeteren en levensduur verlengen.\" \/>\n<meta name=\"robots\" content=\"index, follow, max-snippet:-1, max-image-preview:large, max-video-preview:-1\" \/>\n<link rel=\"canonical\" href=\"https:\/\/www.facadeaccesssolutions.com\/nl\/services\/refurbishment-solutions\/\" \/>\n<meta property=\"og:locale\" content=\"nl_NL\" \/>\n<meta property=\"og:type\" content=\"article\" \/>\n<meta property=\"og:title\" content=\"Renovatieoplossingen\" \/>\n<meta property=\"og:description\" content=\"Professionele renovatie en onderhoud van gevelonderhoudsinstallaties. Kosteneffectieve upgrades voor gevelliften die veiligheid verbeteren en levensduur verlengen.\" \/>\n<meta property=\"og:url\" content=\"https:\/\/www.facadeaccesssolutions.com\/nl\/services\/refurbishment-solutions\/\" \/>\n<meta property=\"og:site_name\" content=\"Facade Access Solutions Netherlands\" \/>\n<meta property=\"article:modified_time\" content=\"2026-03-27T17:46:29+00:00\" \/>\n<meta property=\"og:image\" content=\"https:\/\/www.facadeaccesssolutions.com\/wp-content\/uploads\/2024\/08\/new_pg_9.jpg\" \/>\n<meta name=\"twitter:card\" content=\"summary_large_image\" \/>\n<meta name=\"twitter:label1\" content=\"Geschatte leestijd\" \/>\n\t<meta name=\"twitter:data1\" content=\"3 minuten\" \/>\n<script type=\"application\/ld+json\" class=\"yoast-schema-graph\">{\"@context\":\"https:\\\/\\\/schema.org\",\"@graph\":[{\"@type\":\"WebPage\",\"@id\":\"https:\\\/\\\/www.facadeaccesssolutions.com\\\/nl\\\/services\\\/refurbishment-solutions\\\/\",\"url\":\"https:\\\/\\\/www.facadeaccesssolutions.com\\\/nl\\\/services\\\/refurbishment-solutions\\\/\",\"name\":\"Renovatieoplossingen | Facade Access Solutions\",\"isPartOf\":{\"@id\":\"https:\\\/\\\/www.facadeaccesssolutions.com\\\/nl\\\/#website\"},\"primaryImageOfPage\":{\"@id\":\"https:\\\/\\\/www.facadeaccesssolutions.com\\\/nl\\\/services\\\/refurbishment-solutions\\\/#primaryimage\"},\"image\":{\"@id\":\"https:\\\/\\\/www.facadeaccesssolutions.com\\\/nl\\\/services\\\/refurbishment-solutions\\\/#primaryimage\"},\"thumbnailUrl\":\"https:\\\/\\\/www.facadeaccesssolutions.com\\\/wp-content\\\/uploads\\\/2024\\\/08\\\/new_pg_9.jpg\",\"datePublished\":\"2025-12-13T09:13:48+00:00\",\"dateModified\":\"2026-03-27T17:46:29+00:00\",\"description\":\"Professionele renovatie en onderhoud van gevelonderhoudsinstallaties. Kosteneffectieve upgrades voor gevelliften die veiligheid verbeteren en levensduur verlengen.\",\"breadcrumb\":{\"@id\":\"https:\\\/\\\/www.facadeaccesssolutions.com\\\/nl\\\/services\\\/refurbishment-solutions\\\/#breadcrumb\"},\"inLanguage\":\"nl-NL\",\"potentialAction\":[{\"@type\":\"ReadAction\",\"target\":[\"https:\\\/\\\/www.facadeaccesssolutions.com\\\/nl\\\/services\\\/refurbishment-solutions\\\/\"]}]},{\"@type\":\"ImageObject\",\"inLanguage\":\"nl-NL\",\"@id\":\"https:\\\/\\\/www.facadeaccesssolutions.com\\\/nl\\\/services\\\/refurbishment-solutions\\\/#primaryimage\",\"url\":\"https:\\\/\\\/www.facadeaccesssolutions.com\\\/wp-content\\\/uploads\\\/2024\\\/08\\\/new_pg_9.jpg\",\"contentUrl\":\"https:\\\/\\\/www.facadeaccesssolutions.com\\\/wp-content\\\/uploads\\\/2024\\\/08\\\/new_pg_9.jpg\"},{\"@type\":\"BreadcrumbList\",\"@id\":\"https:\\\/\\\/www.facadeaccesssolutions.com\\\/nl\\\/services\\\/refurbishment-solutions\\\/#breadcrumb\",\"itemListElement\":[{\"@type\":\"ListItem\",\"position\":1,\"name\":\"Home\",\"item\":\"https:\\\/\\\/www.facadeaccesssolutions.com\\\/nl\\\/\"},{\"@type\":\"ListItem\",\"position\":2,\"name\":\"Diensten\",\"item\":\"https:\\\/\\\/www.facadeaccesssolutions.com\\\/nl\\\/services\\\/\"},{\"@type\":\"ListItem\",\"position\":3,\"name\":\"Renovatieoplossingen\"}]},{\"@type\":\"WebSite\",\"@id\":\"https:\\\/\\\/www.facadeaccesssolutions.com\\\/nl\\\/#website\",\"url\":\"https:\\\/\\\/www.facadeaccesssolutions.com\\\/nl\\\/\",\"name\":\"Facade Access Solutions Netherlands\",\"description\":\"Part Of Alimak Group\",\"potentialAction\":[{\"@type\":\"SearchAction\",\"target\":{\"@type\":\"EntryPoint\",\"urlTemplate\":\"https:\\\/\\\/www.facadeaccesssolutions.com\\\/nl\\\/?s={search_term_string}\"},\"query-input\":{\"@type\":\"PropertyValueSpecification\",\"valueRequired\":true,\"valueName\":\"search_term_string\"}}],\"inLanguage\":\"nl-NL\"}]}<\/script>\n<!-- \/ Yoast SEO Premium plugin. -->","yoast_head_json":{"title":"Renovatieoplossingen | Facade Access Solutions","description":"Professionele renovatie en onderhoud van gevelonderhoudsinstallaties. Kosteneffectieve upgrades voor gevelliften die veiligheid verbeteren en levensduur verlengen.","robots":{"index":"index","follow":"follow","max-snippet":"max-snippet:-1","max-image-preview":"max-image-preview:large","max-video-preview":"max-video-preview:-1"},"canonical":"https:\/\/www.facadeaccesssolutions.com\/nl\/services\/refurbishment-solutions\/","og_locale":"nl_NL","og_type":"article","og_title":"Renovatieoplossingen","og_description":"Professionele renovatie en onderhoud van gevelonderhoudsinstallaties. Kosteneffectieve upgrades voor gevelliften die veiligheid verbeteren en levensduur verlengen.","og_url":"https:\/\/www.facadeaccesssolutions.com\/nl\/services\/refurbishment-solutions\/","og_site_name":"Facade Access Solutions Netherlands","article_modified_time":"2026-03-27T17:46:29+00:00","og_image":[{"url":"https:\/\/www.facadeaccesssolutions.com\/wp-content\/uploads\/2024\/08\/new_pg_9.jpg","type":"","width":"","height":""}],"twitter_card":"summary_large_image","twitter_misc":{"Geschatte leestijd":"3 minuten"},"schema":{"@context":"https:\/\/schema.org","@graph":[{"@type":"WebPage","@id":"https:\/\/www.facadeaccesssolutions.com\/nl\/services\/refurbishment-solutions\/","url":"https:\/\/www.facadeaccesssolutions.com\/nl\/services\/refurbishment-solutions\/","name":"Renovatieoplossingen | Facade Access Solutions","isPartOf":{"@id":"https:\/\/www.facadeaccesssolutions.com\/nl\/#website"},"primaryImageOfPage":{"@id":"https:\/\/www.facadeaccesssolutions.com\/nl\/services\/refurbishment-solutions\/#primaryimage"},"image":{"@id":"https:\/\/www.facadeaccesssolutions.com\/nl\/services\/refurbishment-solutions\/#primaryimage"},"thumbnailUrl":"https:\/\/www.facadeaccesssolutions.com\/wp-content\/uploads\/2024\/08\/new_pg_9.jpg","datePublished":"2025-12-13T09:13:48+00:00","dateModified":"2026-03-27T17:46:29+00:00","description":"Professionele renovatie en onderhoud van gevelonderhoudsinstallaties. Kosteneffectieve upgrades voor gevelliften die veiligheid verbeteren en levensduur verlengen.","breadcrumb":{"@id":"https:\/\/www.facadeaccesssolutions.com\/nl\/services\/refurbishment-solutions\/#breadcrumb"},"inLanguage":"nl-NL","potentialAction":[{"@type":"ReadAction","target":["https:\/\/www.facadeaccesssolutions.com\/nl\/services\/refurbishment-solutions\/"]}]},{"@type":"ImageObject","inLanguage":"nl-NL","@id":"https:\/\/www.facadeaccesssolutions.com\/nl\/services\/refurbishment-solutions\/#primaryimage","url":"https:\/\/www.facadeaccesssolutions.com\/wp-content\/uploads\/2024\/08\/new_pg_9.jpg","contentUrl":"https:\/\/www.facadeaccesssolutions.com\/wp-content\/uploads\/2024\/08\/new_pg_9.jpg"},{"@type":"BreadcrumbList","@id":"https:\/\/www.facadeaccesssolutions.com\/nl\/services\/refurbishment-solutions\/#breadcrumb","itemListElement":[{"@type":"ListItem","position":1,"name":"Home","item":"https:\/\/www.facadeaccesssolutions.com\/nl\/"},{"@type":"ListItem","position":2,"name":"Diensten","item":"https:\/\/www.facadeaccesssolutions.com\/nl\/services\/"},{"@type":"ListItem","position":3,"name":"Renovatieoplossingen"}]},{"@type":"WebSite","@id":"https:\/\/www.facadeaccesssolutions.com\/nl\/#website","url":"https:\/\/www.facadeaccesssolutions.com\/nl\/","name":"Facade Access Solutions Netherlands","description":"Part Of Alimak Group","potentialAction":[{"@type":"SearchAction","target":{"@type":"EntryPoint","urlTemplate":"https:\/\/www.facadeaccesssolutions.com\/nl\/?s={search_term_string}"},"query-input":{"@type":"PropertyValueSpecification","valueRequired":true,"valueName":"search_term_string"}}],"inLanguage":"nl-NL"}]}},"_links":{"self":[{"href":"https:\/\/www.facadeaccesssolutions.com\/nl\/wp-json\/wp\/v2\/pages\/1067","targetHints":{"allow":["GET"]}}],"collection":[{"href":"https:\/\/www.facadeaccesssolutions.com\/nl\/wp-json\/wp\/v2\/pages"}],"about":[{"href":"https:\/\/www.facadeaccesssolutions.com\/nl\/wp-json\/wp\/v2\/types\/page"}],"author":[{"embeddable":true,"href":"https:\/\/www.facadeaccesssolutions.com\/nl\/wp-json\/wp\/v2\/users\/1"}],"replies":[{"embeddable":true,"href":"https:\/\/www.facadeaccesssolutions.com\/nl\/wp-json\/wp\/v2\/comments?post=1067"}],"version-history":[{"count":2,"href":"https:\/\/www.facadeaccesssolutions.com\/nl\/wp-json\/wp\/v2\/pages\/1067\/revisions"}],"predecessor-version":[{"id":1107,"href":"https:\/\/www.facadeaccesssolutions.com\/nl\/wp-json\/wp\/v2\/pages\/1067\/revisions\/1107"}],"up":[{"embeddable":true,"href":"https:\/\/www.facadeaccesssolutions.com\/nl\/wp-json\/wp\/v2\/pages\/1068"}],"wp:attachment":[{"href":"https:\/\/www.facadeaccesssolutions.com\/nl\/wp-json\/wp\/v2\/media?parent=1067"}],"curies":[{"name":"wp","href":"https:\/\/api.w.org\/{rel}","templated":true}]}}