{"id":1068,"date":"2025-12-13T08:08:44","date_gmt":"2025-12-13T08:08:44","guid":{"rendered":"https:\/\/www.facadeaccesssolutions.com\/nl\/?page_id=1068"},"modified":"2026-01-21T17:39:53","modified_gmt":"2026-01-21T17:39:53","slug":"services","status":"publish","type":"page","link":"https:\/\/www.facadeaccesssolutions.com\/nl\/services\/","title":{"rendered":"Diensten"},"content":{"rendered":"\r\n<section class=\"breadcrumbs\" data-aos=\"fade-up\" data-aos-duration=\"600\" data-aos-easing=\"ease-out\" data-aos-delay=\"100\">\r\n    <div class=\"content_holder content_holder_1570\">\r\n    \t<ul><li class=\"main-home\"><span property=\"itemListElement\" typeof=\"ListItem\"><a property=\"item\" typeof=\"WebPage\" title=\"Ga naar FACADE ACCESS SOLUTIONS Sites.\" href=\"https:\/\/www.facadeaccesssolutions.com\" class=\"main-home\" ><span property=\"name\">FACADE ACCESS SOLUTIONS Sites<\/span><\/a><meta property=\"position\" content=\"1\"><\/span><\/li>\n<li class=\"home\"><span property=\"itemListElement\" typeof=\"ListItem\"><a property=\"item\" typeof=\"WebPage\" title=\"Go to Facade Access Solutions Netherlands.\" href=\"https:\/\/www.facadeaccesssolutions.com\/nl\" class=\"home\" aria-current=\"page\"><span property=\"name\">Home<\/span><\/a><meta property=\"position\" content=\"2\"><\/span><\/li>\n<\/ul>\r\n    <\/div>\r\n<\/section>\n\n<section class=\"page_title \" data-aos=\"fade-up\" data-aos-duration=\"600\" data-aos-easing=\"ease-out\" data-aos-delay=\"200\">\n    <div class=\"content_holder content_holder_1570\">\n        <h1>Uitgebreide Gevelonderhoudsinstallatie Diensten voor Veilig en Duurzaam Gebouwonderhoud<\/h1>\n    <\/div>\n<\/section>\n\n\n\n<section class=\"solutions_intro  \">\n    <div class=\"content_holder content_holder_1570 clearfix\">\n\n\t\t                <div class=\"sol_right\" data-aos=\"fade-up\" data-aos-duration=\"600\" data-aos-easing=\"ease-out\" data-aos-delay=\"300\">\n            <img decoding=\"async\" src=\"https:\/\/www.facadeaccesssolutions.com\/nl\/wp-content\/uploads\/sites\/13\/2024\/08\/solution_1-881x515_c.jpg\" alt=\"\">\n        <\/div>\n            \n        <div class=\"sol_left site_contents\" data-aos=\"fade-up\" data-aos-duration=\"600\" data-aos-easing=\"ease-out\" data-aos-delay=\"400\">\n        \t<h4 class=\"title_line title_line_mob\">Gebouwen over de hele wereld hebben veilige en betrouwbare gevelonderhoudsinstallaties nodig die voldoen aan strikte veiligheidsnormen en langdurig onderhoud ondersteunen. Oudere constructies kunnen worden ge\u00fcpgraded via onze renovatieoplossingen. Deze retrofit-opties helpen gebouweigenaren voldoen aan actuele architectonische eisen en beschermen hun langetermijninvestering. <\/h4>            <p>Onze rol is het leveren van gevellift diensten en gevelonderhoudsinstallatie onderhoud die kwalitatief hoogwaardige engineering combineren met naleving van internationale veiligheidsnormen.<\/p>\n<p>Of het nu gaat om nieuwbouw of retrofit-projecten, wij leveren ge&iuml;ntegreerde ontwerp- en onderhoudsdiensten die voldoen aan architectonische en operationele behoeften. Met tientallen jaren ervaring en de kracht van de Alimak Group bieden we een compleet scala aan gevelonderhoudsinstallatie diensten waar klanten wereldwijd op vertrouwen.<\/p>\n            <div class=\"mhide_1\">\n            \t            <\/div>\n            \t            <a href=\"https:\/\/www.facadeaccesssolutions.com\/nl\/contact\/\" class=\"site_btn site_btn_sm\" target=\"\">\n\t\t\t\t\tInformeer                <\/a>\n                                <\/div>\n    <\/div>\n<\/section>\n\n\n\n\n\n<div style=\"height:100px\" aria-hidden=\"true\" class=\"wp-block-spacer\"><\/div>\n\n\n\n<div class=\"wp-block-columns is-layout-flex wp-container-core-columns-is-layout-9d6595d7 wp-block-columns-is-layout-flex\">\n<div class=\"wp-block-column is-layout-flow wp-block-column-is-layout-flow\" style=\"flex-basis:49.97%\">\n<h2 class=\"wp-block-heading has-text-align-left has-large-font-size\" id=\"h-onze-oplossingen-ondersteuning-van-gebouwen-in-elke-fase\">Onze oplossingen \u2013 Ondersteuning van Gebouwen in Elke Fase<\/h2>\n\n\n\n<p>Toegangsapparatuur is slechts zo betrouwbaar als de dienst die het ondersteunt. Van lage tot hoogbouw zijn doorlopende inspectie, modernisering en levenscyclusbeheer essentieel om veiligheid en prestaties te waarborgen. Onze wereldwijde oplossingen dekken elk aspect van gevelonderhoudsinstallatie onderhoud, van apparatuurinspecties en veiligheidssystemen tot operatortraining en assetmanagement. Deze benadering helpt effici\u00ebnte gevelonderhoudsinstallaties te behouden en langetermijnwaarde te beschermen.<\/p>\n<\/div>\n\n\n\n<div class=\"wp-block-column is-layout-flow wp-block-column-is-layout-flow\" style=\"flex-basis:50.03%\">\r\n<section class=\"accordion_list\" style=\"padding-top:px; padding-bottom:px;\">\r\n    <div class=\"content_holder content_holder_1570 clearfix\">\r\n\t\t<div class=\"acc_wrap\" data-aos=\"fade-up\" data-aos-duration=\"600\" data-aos-easing=\"ease-out\" data-aos-delay=\"100\">\r\n        \t                                    \t                    <div class=\"acc_item\">\r\n                        <div class=\"acc_title\">Oplossingen  <span><\/span><\/div>\r\n                        <div class=\"acc_txt\">\r\n                            <div class=\"site_contents\">\r\n                            \t<p>We bieden een volledig scala aan gevellift diensten dat is ontworpen om gebouwen in elke levensfase te ondersteunen. Onze ge\u00efntegreerde ontwerpdiensten verbinden gevelonderhoudsinstallaties, aangedreven platforms en beschermingssystemen in \u00e9\u00e9n naadloos proces. Dit helpt architecten, aannemers en gebouweigenaren veilige en kosteneffectieve toegang te realiseren. <\/p>\n                            <\/div>\r\n                        <\/div>\r\n                    <\/div>\r\n                                        \t                    <div class=\"acc_item\">\r\n                        <div class=\"acc_title\">Inspectie, Veiligheid en Compliance  <span><\/span><\/div>\r\n                        <div class=\"acc_txt\">\r\n                            <div class=\"site_contents\">\r\n                            \t<p>Regelmatige inspectieprogramma&#8217;s en belastingtesten houden gevelonderhoudsinstallaties veilig en operationeel. Onze compliance-diensten omvatten valbeveiligingssystemen, valarrestsystemen en abseillankerpunten om te voldoen aan internationale veiligheidsnormen. Gebouweigenaren en vastgoedbeheerders kunnen erop vertrouwen dat onderhoudseenheden, hangende platforms en toegangsapparatuur veilig en effici\u00ebnt functioneren. <\/p>\n                            <\/div>\r\n                        <\/div>\r\n                    <\/div>\r\n                                        \t                    <div class=\"acc_item\">\r\n                        <div class=\"acc_title\">Renovatieoplossingen  <span><\/span><\/div>\r\n                        <div class=\"acc_txt\">\r\n                            <div class=\"site_contents\">\r\n                            \t<p>Oudere gebouwen profiteren van modernisering via onze retrofit- en renovatieoplossingen. Deze opties helpen gebouweigenaren voldoen aan nieuwe architectonische eisen en beschermen hun langetermijninvestering. <\/p>\n                            <\/div>\r\n                        <\/div>\r\n                    <\/div>\r\n                                        \t                    <div class=\"acc_item\">\r\n                        <div class=\"acc_title\">OEM Onderdelen <span><\/span><\/div>\r\n                        <div class=\"acc_txt\">\r\n                            <div class=\"site_contents\">\r\n                            \t<p>Betrouwbare prestaties beginnen met originele componenten. We leveren door de fabrikant goedgekeurde reserveonderdelen voor gevelonderhoudsinstallaties, aangedreven platforms en andere toegangssystemen. Dit vermindert uitvaltijd en verlengt de levensduur van apparatuur. Het gebruik van OEM onderdelen helpt de veiligheid te behouden, verlengt het gebruik van gevelsystemen en zorgt voor consistente prestaties.<\/p>\n                            <\/div>\r\n                        <\/div>\r\n                    <\/div>\r\n                                        \t                    <div class=\"acc_item\">\r\n                        <div class=\"acc_title\">Assetmanagement  <span><\/span><\/div>\r\n                        <div class=\"acc_txt\">\r\n                            <div class=\"site_contents\">\r\n                            \t<p>Onze assetmanagementdiensten combineren digitale tracking, levenscyclusmonitoring en testschema&#8217;s tot een proactief zorgprogramma. We beheren gevelonderhoudsinstallaties inclusief gevellift systemen, aangedreven platforms en beschermingssystemen om onverwachte reparaties te verminderen, effici\u00ebntie te verhogen en veilige werking gedurende de gehele levenscyclus van het gebouw te waarborgen. <\/p>\n                            <\/div>\r\n                        <\/div>\r\n                    <\/div>\r\n                                        \t                    <div class=\"acc_item\">\r\n                        <div class=\"acc_title\">Training  <span><\/span><\/div>\r\n                        <div class=\"acc_txt\">\r\n                            <div class=\"site_contents\">\r\n                            \t<p>Veilige werking hangt af van geschoold personeel. We bieden trainingsprogramma&#8217;s die de kennis van gevelonderhoudsinstallaties en internationale veiligheidspraktijken versterken. Door operationele vaardigheden te verbeteren, kunnen gebouweigenaren erop vertrouwen dat onderhoudseenheden, hangende platforms en toegangssystemen veilig en correct worden gebruikt. <\/p>\n                            <\/div>\r\n                        <\/div>\r\n                    <\/div>\r\n                                    <\/div>\r\n    <\/div>\r\n<\/section>\r\n\r\n<\/div>\n<\/div>\n\n\n\n<div style=\"height:100px\" aria-hidden=\"true\" class=\"wp-block-spacer\"><\/div>\n\n\n\n<div class=\"wp-block-columns are-vertically-aligned-center is-layout-flex wp-container-core-columns-is-layout-9d6595d7 wp-block-columns-is-layout-flex\">\n<div class=\"wp-block-column is-vertically-aligned-center is-layout-flow wp-block-column-is-layout-flow\" style=\"flex-basis:50%\"><div class=\"wp-block-image\">\n<figure class=\"aligncenter size-full\"><img decoding=\"async\" src=\"https:\/\/www.facadeaccesssolutions.com\/wp-content\/uploads\/2024\/10\/Future-Proofing-Buildings.jpeg\" alt=\"\" class=\"wp-image-847\" style=\"aspect-ratio:16\/9;object-fit:cover\"\/><\/figure>\n<\/div><\/div>\n\n\n\n<div class=\"wp-block-column is-layout-flow wp-block-column-is-layout-flow\" style=\"flex-basis:50%\">\n<p><\/p>\n\n\n\n<h2 class=\"wp-block-heading\" id=\"h-facade-access-solutions-vertrouwd-door-gebouweigenaren-wereldwijd\">Facade Access Solutions: Vertrouwd door Gebouweigenaren Wereldwijd<\/h2>\n\n\n\n<p>Facade Access Solutions maakt deel uit van de Alimak Group, een wereldleider in gevelonderhoudsinstallaties en gevelliften. Met meer dan 60 jaar ervaring in engineering en duizenden installaties wereldwijd leveren we bewezen oplossingen die veilige toegang en langdurige betrouwbaarheid bieden.<\/p>\n\n\n\n<p>Door samen te werken met vertrouwde merken van Alimak Group, waaronder Tractel, Manntech en CoxGomyl, bieden we een compleet scala aan gevelonderhoudsinstallaties voor lage tot hoogbouw en complexe constructies. Van nieuwbouw tot retrofit-projecten leveren we oplossingen die effici\u00ebnt ontwerp, hoogwaardige componenten en volledige levenscycluszorg combineren.<\/p>\n<\/div>\n<\/div>\n\n\n\n<div class=\"wp-block-columns is-layout-flex wp-container-core-columns-is-layout-9d6595d7 wp-block-columns-is-layout-flex\">\n<div class=\"wp-block-column is-layout-flow wp-block-column-is-layout-flow\" style=\"flex-basis:33.33%\"><\/div>\n<\/div>\n\n\n\n<div style=\"height:100px\" aria-hidden=\"true\" class=\"wp-block-spacer\"><\/div>\n\n\n\n<div class=\"wp-block-group alignfull narrow_width has-luminous-vivid-orange-background-color has-text-color has-background\" style=\"color:#000000\"><div class=\"wp-block-group__inner-container is-layout-flow wp-block-group-is-layout-flow\">\n<div style=\"height:40px\" aria-hidden=\"true\" class=\"wp-block-spacer\"><\/div>\n\n\n\n<h2 class=\"wp-block-heading has-text-align-center has-white-color has-text-color has-link-color has-x-large-font-size wp-elements-651eb22984a16aa84e1c7868dd7c09de\" id=\"h-bouw-met-vertrouwen\">BOUW MET VERTROUWEN<\/h2>\n\n\n\n<p class=\"has-text-align-center has-white-color has-text-color has-link-color has-medium-font-size wp-elements-ec2c2b5c130953931c354507f934775f\" style=\"line-height:.9\">Krijg betrouwbare gevelonderhoudsinstallaties en volledige ondersteuning van een wereldleider in gevelliften en toegangsoplossingen.<\/p>\n\n\n\n<div class=\"wp-block-buttons is-horizontal is-content-justification-center is-layout-flex wp-container-core-buttons-is-layout-499968f5 wp-block-buttons-is-layout-flex\">\n<div class=\"wp-block-button has-custom-width wp-block-button__width-50\"><a class=\"wp-block-button__link has-text-color has-background has-medium-font-size has-custom-font-size wp-element-button\" href=\"https:\/\/www.facadeaccesssolutions.com\/nl\/contact\/\" style=\"border-radius:64px;color:#ffffff;background-color:#004c78\">Neem contact met ons op<\/a><\/div>\n<\/div>\n\n\n\n<div style=\"height:40px\" aria-hidden=\"true\" class=\"wp-block-spacer\"><\/div>\n<\/div><\/div>\n\n\n\n<div style=\"height:100px\" aria-hidden=\"true\" class=\"wp-block-spacer\"><\/div>\n\n\n\n<p><\/p>\n","protected":false},"excerpt":{"rendered":"<p>Onze oplossingen \u2013 Ondersteuning van Gebouwen in Elke Fase Toegangsapparatuur is slechts zo betrouwbaar als &#8230;<\/p>\n","protected":false},"author":1,"featured_media":0,"parent":0,"menu_order":0,"comment_status":"closed","ping_status":"closed","template":"","meta":{"_acf_changed":false,"_trash_the_other_posts":false,"editor_notices":[],"footnotes":""},"class_list":["post-1068","page","type-page","status-publish","hentry"],"acf":[],"yoast_head":"<!-- This site is optimized with the Yoast SEO Premium plugin v27.1 (Yoast SEO v27.3) - https:\/\/yoast.com\/product\/yoast-seo-premium-wordpress\/ -->\n<title>BMU Equipment Services | Facade Access Solutions<\/title>\n<meta name=\"description\" content=\"Professionele gevelonderhoudsinstallatie diensten voor veilig gebouwonderhoud. Inspectie, modernisering en onderhoud door experts.\" \/>\n<meta name=\"robots\" content=\"index, follow, max-snippet:-1, max-image-preview:large, max-video-preview:-1\" \/>\n<link rel=\"canonical\" href=\"https:\/\/www.facadeaccesssolutions.com\/nl\/services\/\" \/>\n<meta property=\"og:locale\" content=\"nl_NL\" \/>\n<meta property=\"og:type\" content=\"article\" \/>\n<meta property=\"og:title\" content=\"Diensten\" \/>\n<meta property=\"og:description\" content=\"Professionele gevelonderhoudsinstallatie diensten voor veilig gebouwonderhoud. Inspectie, modernisering en onderhoud door experts.\" \/>\n<meta property=\"og:url\" content=\"https:\/\/www.facadeaccesssolutions.com\/nl\/services\/\" \/>\n<meta property=\"og:site_name\" content=\"Facade Access Solutions Netherlands\" \/>\n<meta property=\"article:modified_time\" content=\"2026-01-21T17:39:53+00:00\" \/>\n<meta property=\"og:image\" content=\"https:\/\/www.facadeaccesssolutions.com\/wp-content\/uploads\/2024\/10\/Future-Proofing-Buildings.jpeg\" \/>\n<meta name=\"twitter:card\" content=\"summary_large_image\" \/>\n<meta name=\"twitter:label1\" content=\"Geschatte leestijd\" \/>\n\t<meta name=\"twitter:data1\" content=\"2 minuten\" \/>\n<script type=\"application\/ld+json\" class=\"yoast-schema-graph\">{\"@context\":\"https:\\\/\\\/schema.org\",\"@graph\":[{\"@type\":\"WebPage\",\"@id\":\"https:\\\/\\\/www.facadeaccesssolutions.com\\\/nl\\\/services\\\/\",\"url\":\"https:\\\/\\\/www.facadeaccesssolutions.com\\\/nl\\\/services\\\/\",\"name\":\"BMU Equipment Services | Facade Access Solutions\",\"isPartOf\":{\"@id\":\"https:\\\/\\\/www.facadeaccesssolutions.com\\\/nl\\\/#website\"},\"primaryImageOfPage\":{\"@id\":\"https:\\\/\\\/www.facadeaccesssolutions.com\\\/nl\\\/services\\\/#primaryimage\"},\"image\":{\"@id\":\"https:\\\/\\\/www.facadeaccesssolutions.com\\\/nl\\\/services\\\/#primaryimage\"},\"thumbnailUrl\":\"https:\\\/\\\/www.facadeaccesssolutions.com\\\/wp-content\\\/uploads\\\/2024\\\/10\\\/Future-Proofing-Buildings.jpeg\",\"datePublished\":\"2025-12-13T08:08:44+00:00\",\"dateModified\":\"2026-01-21T17:39:53+00:00\",\"description\":\"Professionele gevelonderhoudsinstallatie diensten voor veilig gebouwonderhoud. Inspectie, modernisering en onderhoud door experts.\",\"breadcrumb\":{\"@id\":\"https:\\\/\\\/www.facadeaccesssolutions.com\\\/nl\\\/services\\\/#breadcrumb\"},\"inLanguage\":\"nl-NL\",\"potentialAction\":[{\"@type\":\"ReadAction\",\"target\":[\"https:\\\/\\\/www.facadeaccesssolutions.com\\\/nl\\\/services\\\/\"]}]},{\"@type\":\"ImageObject\",\"inLanguage\":\"nl-NL\",\"@id\":\"https:\\\/\\\/www.facadeaccesssolutions.com\\\/nl\\\/services\\\/#primaryimage\",\"url\":\"https:\\\/\\\/www.facadeaccesssolutions.com\\\/wp-content\\\/uploads\\\/2024\\\/10\\\/Future-Proofing-Buildings.jpeg\",\"contentUrl\":\"https:\\\/\\\/www.facadeaccesssolutions.com\\\/wp-content\\\/uploads\\\/2024\\\/10\\\/Future-Proofing-Buildings.jpeg\"},{\"@type\":\"BreadcrumbList\",\"@id\":\"https:\\\/\\\/www.facadeaccesssolutions.com\\\/nl\\\/services\\\/#breadcrumb\",\"itemListElement\":[{\"@type\":\"ListItem\",\"position\":1,\"name\":\"Home\",\"item\":\"https:\\\/\\\/www.facadeaccesssolutions.com\\\/nl\\\/\"},{\"@type\":\"ListItem\",\"position\":2,\"name\":\"Diensten\"}]},{\"@type\":\"WebSite\",\"@id\":\"https:\\\/\\\/www.facadeaccesssolutions.com\\\/nl\\\/#website\",\"url\":\"https:\\\/\\\/www.facadeaccesssolutions.com\\\/nl\\\/\",\"name\":\"Facade Access Solutions Netherlands\",\"description\":\"Part Of Alimak Group\",\"potentialAction\":[{\"@type\":\"SearchAction\",\"target\":{\"@type\":\"EntryPoint\",\"urlTemplate\":\"https:\\\/\\\/www.facadeaccesssolutions.com\\\/nl\\\/?s={search_term_string}\"},\"query-input\":{\"@type\":\"PropertyValueSpecification\",\"valueRequired\":true,\"valueName\":\"search_term_string\"}}],\"inLanguage\":\"nl-NL\"}]}<\/script>\n<!-- \/ Yoast SEO Premium plugin. -->","yoast_head_json":{"title":"BMU Equipment Services | Facade Access Solutions","description":"Professionele gevelonderhoudsinstallatie diensten voor veilig gebouwonderhoud. Inspectie, modernisering en onderhoud door experts.","robots":{"index":"index","follow":"follow","max-snippet":"max-snippet:-1","max-image-preview":"max-image-preview:large","max-video-preview":"max-video-preview:-1"},"canonical":"https:\/\/www.facadeaccesssolutions.com\/nl\/services\/","og_locale":"nl_NL","og_type":"article","og_title":"Diensten","og_description":"Professionele gevelonderhoudsinstallatie diensten voor veilig gebouwonderhoud. Inspectie, modernisering en onderhoud door experts.","og_url":"https:\/\/www.facadeaccesssolutions.com\/nl\/services\/","og_site_name":"Facade Access Solutions Netherlands","article_modified_time":"2026-01-21T17:39:53+00:00","og_image":[{"url":"https:\/\/www.facadeaccesssolutions.com\/wp-content\/uploads\/2024\/10\/Future-Proofing-Buildings.jpeg","type":"","width":"","height":""}],"twitter_card":"summary_large_image","twitter_misc":{"Geschatte leestijd":"2 minuten"},"schema":{"@context":"https:\/\/schema.org","@graph":[{"@type":"WebPage","@id":"https:\/\/www.facadeaccesssolutions.com\/nl\/services\/","url":"https:\/\/www.facadeaccesssolutions.com\/nl\/services\/","name":"BMU Equipment Services | Facade Access Solutions","isPartOf":{"@id":"https:\/\/www.facadeaccesssolutions.com\/nl\/#website"},"primaryImageOfPage":{"@id":"https:\/\/www.facadeaccesssolutions.com\/nl\/services\/#primaryimage"},"image":{"@id":"https:\/\/www.facadeaccesssolutions.com\/nl\/services\/#primaryimage"},"thumbnailUrl":"https:\/\/www.facadeaccesssolutions.com\/wp-content\/uploads\/2024\/10\/Future-Proofing-Buildings.jpeg","datePublished":"2025-12-13T08:08:44+00:00","dateModified":"2026-01-21T17:39:53+00:00","description":"Professionele gevelonderhoudsinstallatie diensten voor veilig gebouwonderhoud. Inspectie, modernisering en onderhoud door experts.","breadcrumb":{"@id":"https:\/\/www.facadeaccesssolutions.com\/nl\/services\/#breadcrumb"},"inLanguage":"nl-NL","potentialAction":[{"@type":"ReadAction","target":["https:\/\/www.facadeaccesssolutions.com\/nl\/services\/"]}]},{"@type":"ImageObject","inLanguage":"nl-NL","@id":"https:\/\/www.facadeaccesssolutions.com\/nl\/services\/#primaryimage","url":"https:\/\/www.facadeaccesssolutions.com\/wp-content\/uploads\/2024\/10\/Future-Proofing-Buildings.jpeg","contentUrl":"https:\/\/www.facadeaccesssolutions.com\/wp-content\/uploads\/2024\/10\/Future-Proofing-Buildings.jpeg"},{"@type":"BreadcrumbList","@id":"https:\/\/www.facadeaccesssolutions.com\/nl\/services\/#breadcrumb","itemListElement":[{"@type":"ListItem","position":1,"name":"Home","item":"https:\/\/www.facadeaccesssolutions.com\/nl\/"},{"@type":"ListItem","position":2,"name":"Diensten"}]},{"@type":"WebSite","@id":"https:\/\/www.facadeaccesssolutions.com\/nl\/#website","url":"https:\/\/www.facadeaccesssolutions.com\/nl\/","name":"Facade Access Solutions Netherlands","description":"Part Of Alimak Group","potentialAction":[{"@type":"SearchAction","target":{"@type":"EntryPoint","urlTemplate":"https:\/\/www.facadeaccesssolutions.com\/nl\/?s={search_term_string}"},"query-input":{"@type":"PropertyValueSpecification","valueRequired":true,"valueName":"search_term_string"}}],"inLanguage":"nl-NL"}]}},"_links":{"self":[{"href":"https:\/\/www.facadeaccesssolutions.com\/nl\/wp-json\/wp\/v2\/pages\/1068","targetHints":{"allow":["GET"]}}],"collection":[{"href":"https:\/\/www.facadeaccesssolutions.com\/nl\/wp-json\/wp\/v2\/pages"}],"about":[{"href":"https:\/\/www.facadeaccesssolutions.com\/nl\/wp-json\/wp\/v2\/types\/page"}],"author":[{"embeddable":true,"href":"https:\/\/www.facadeaccesssolutions.com\/nl\/wp-json\/wp\/v2\/users\/1"}],"replies":[{"embeddable":true,"href":"https:\/\/www.facadeaccesssolutions.com\/nl\/wp-json\/wp\/v2\/comments?post=1068"}],"version-history":[{"count":4,"href":"https:\/\/www.facadeaccesssolutions.com\/nl\/wp-json\/wp\/v2\/pages\/1068\/revisions"}],"predecessor-version":[{"id":1325,"href":"https:\/\/www.facadeaccesssolutions.com\/nl\/wp-json\/wp\/v2\/pages\/1068\/revisions\/1325"}],"wp:attachment":[{"href":"https:\/\/www.facadeaccesssolutions.com\/nl\/wp-json\/wp\/v2\/media?parent=1068"}],"curies":[{"name":"wp","href":"https:\/\/api.w.org\/{rel}","templated":true}]}}