{"id":1069,"date":"2025-12-13T08:54:52","date_gmt":"2025-12-13T08:54:52","guid":{"rendered":"https:\/\/www.facadeaccesssolutions.com\/nl\/?page_id=1069"},"modified":"2025-12-13T09:37:31","modified_gmt":"2025-12-13T09:37:31","slug":"inspection-safety-compliance","status":"publish","type":"page","link":"https:\/\/www.facadeaccesssolutions.com\/nl\/services\/inspection-safety-compliance\/","title":{"rendered":"Inspectie, veiligheid en naleving"},"content":{"rendered":"\r\n<section class=\"breadcrumbs\" data-aos=\"fade-up\" data-aos-duration=\"600\" data-aos-easing=\"ease-out\" data-aos-delay=\"100\">\r\n    <div class=\"content_holder content_holder_1570\">\r\n    \t<ul><li class=\"main-home\"><span property=\"itemListElement\" typeof=\"ListItem\"><a property=\"item\" typeof=\"WebPage\" title=\"Ga naar FACADE ACCESS SOLUTIONS Sites.\" href=\"https:\/\/www.facadeaccesssolutions.com\" class=\"main-home\" ><span property=\"name\">FACADE ACCESS SOLUTIONS Sites<\/span><\/a><meta property=\"position\" content=\"1\"><\/span><\/li>\n<li class=\"home\"><span property=\"itemListElement\" typeof=\"ListItem\"><a property=\"item\" typeof=\"WebPage\" title=\"Go to Facade Access Solutions Netherlands.\" href=\"https:\/\/www.facadeaccesssolutions.com\/nl\" class=\"home\" aria-current=\"page\"><span property=\"name\">Home<\/span><\/a><meta property=\"position\" content=\"2\"><\/span><\/li>\n<\/ul>\r\n    <\/div>\r\n<\/section>\n\n<section class=\"page_title \" data-aos=\"fade-up\" data-aos-duration=\"600\" data-aos-easing=\"ease-out\" data-aos-delay=\"200\">\n    <div class=\"content_holder content_holder_1570\">\n        <h1>Inspectie-, Veiligheids- en Nalevingsdiensten voor Gevelonderhoudsinstallaties <\/h1>\n    <\/div>\n<\/section>\n\n\n\n<section class=\"solutions_intro  \">\n    <div class=\"content_holder content_holder_1570 clearfix\">\n\n\t\t                <div class=\"sol_right\" data-aos=\"fade-up\" data-aos-duration=\"600\" data-aos-easing=\"ease-out\" data-aos-delay=\"300\">\n            <img decoding=\"async\" src=\"https:\/\/www.facadeaccesssolutions.com\/nl\/wp-content\/uploads\/sites\/13\/2025\/12\/newgate-general-service-work-881x515_c.jpg\" alt=\"BMU inspection\">\n        <\/div>\n            \n        <div class=\"sol_left site_contents\" data-aos=\"fade-up\" data-aos-duration=\"600\" data-aos-easing=\"ease-out\" data-aos-delay=\"400\">\n        \t<h4 class=\"title_line title_line_mob\">Facade Access Solutions biedt volledige inspectiediensten die ervoor zorgen dat uw systemen volledig voldoen aan internationale en toepasselijke lokale veiligheidsnormen. <\/h4>            <p>Gebouweigenaren en ingenieurs wereldwijd vertrouwen op onze inspectie-expertise om hun mensen en eigendom te beschermen. Elke gevelonderhoudsinstallatie moet met volledige betrouwbaarheid functioneren. Jaarlijkse inspecties en regelmatige tests beschermen de langetermijnwaarde en reputatie van een gebouw.<\/p>\n<p>Onze ervaren technici voeren visuele inspecties, tests en gedetailleerde beoordelingen uit van building maintenance units (BMU&#8217;s), davitsystemen en andere componenten. Van nieuwbouw tot renovatieprojecten wordt elk systeem beoordeeld op volledige naleving van voorschriften. Of we nu een BMU testen of gevelinspectie-advies geven, wij leveren veilige en betrouwbare gebouwtoegang die klanten vertrouwen en gemoedsrust geeft.<\/p>\n            <div class=\"mhide_1\">\n            \t            <\/div>\n            \t            <a href=\"https:\/\/www.facadeaccesssolutions.com\/nl\/contact\/\" class=\"site_btn site_btn_sm\" target=\"\">\n\t\t\t\t\tINFORMEER                <\/a>\n                                <\/div>\n    <\/div>\n<\/section>\n\n\n\n\n\n<div style=\"height:50px\" aria-hidden=\"true\" class=\"wp-block-spacer\"><\/div>\n\n\n\n<div class=\"wp-block-columns is-layout-flex wp-container-core-columns-is-layout-9d6595d7 wp-block-columns-is-layout-flex\">\n<div class=\"wp-block-column is-layout-flow wp-block-column-is-layout-flow\">\n<h2 class=\"wp-block-heading has-large-font-size\" id=\"h-nalevingsgerichte-inspecties-en-adviesdiensten\">Nalevingsgerichte Inspecties en Adviesdiensten<\/h2>\n\n\n\n<p>Naleving is de basis van veilig gevelonderhoud en effectief gebouwbeheer. Als vertrouwde geveltoegangsadviseurs biedt Facade Access Solutions inspectie- en adviesdiensten die gebouweigenaren en facility managers helpen veilig te opereren en volledig te voldoen aan Nederlandse en internationale regelgeving.<\/p>\n<\/div>\n\n\n\n<div class=\"wp-block-column is-layout-flow wp-block-column-is-layout-flow\">\r\n<section class=\"accordion_list\" style=\"padding-top:px; padding-bottom:px;\">\r\n    <div class=\"content_holder content_holder_1570 clearfix\">\r\n\t\t<div class=\"acc_wrap\" data-aos=\"fade-up\" data-aos-duration=\"600\" data-aos-easing=\"ease-out\" data-aos-delay=\"100\">\r\n        \t                                    \t                    <div class=\"acc_item\">\r\n                        <div class=\"acc_title\">Internationale Veiligheidsnormen en Werknemersbescherming  <span><\/span><\/div>\r\n                        <div class=\"acc_txt\">\r\n                            <div class=\"site_contents\">\r\n                            \t<p>Onze inspectieprogramma&#8217;s volgen toonaangevende internationale normen om ervoor te zorgen dat BMU&#8217;s veilig en effici\u00ebnt werken. Door samen te werken met gecertificeerde inspectieaanbieders verminderen gebouweigenaren risico&#8217;s, behouden ze naleving en cre\u00ebren ze een veilige werkomgeving. Proactieve inspecties helpen gevaren te voorkomen en ondersteunen betrouwbaar gebouwonderhoud op lange termijn. <\/p>\n                            <\/div>\r\n                        <\/div>\r\n                    <\/div>\r\n                                        \t                    <div class=\"acc_item\">\r\n                        <div class=\"acc_title\">Regionale en Lokale Naleving van Voorschriften  <span><\/span><\/div>\r\n                        <div class=\"acc_txt\">\r\n                            <div class=\"site_contents\">\r\n                            \t<p>Bouwvoorschriften en veiligheidseisen verschillen per regio. Facade Access Solutions biedt deskundige consultancy die klanten helpt aan deze verschillen te voldoen voor zowel renovatie- als nieuwbouwprojecten. Onze inspecties sluiten aan bij lokale veiligheidscodes en projectplanningen. Dit vermindert het risico op kostbare vertragingen en zorgt voor vlotte, conforme operaties. <\/p>\n                            <\/div>\r\n                        <\/div>\r\n                    <\/div>\r\n                                    <\/div>\r\n    <\/div>\r\n<\/section>\r\n\r\n<\/div>\n<\/div>\n\n\n\n<div style=\"height:100px\" aria-hidden=\"true\" class=\"wp-block-spacer\"><\/div>\n\n\n\n<div class=\"wp-block-columns is-layout-flex wp-container-core-columns-is-layout-9d6595d7 wp-block-columns-is-layout-flex\">\n<div class=\"wp-block-column is-layout-flow wp-block-column-is-layout-flow\">\n<figure class=\"wp-block-image size-full\"><img decoding=\"async\" src=\"https:\/\/www.facadeaccesssolutions.com\/wp-content\/uploads\/2025\/10\/IMG_7550-scaled.jpeg\" alt=\"\" class=\"wp-image-1898\" style=\"aspect-ratio:16\/9;object-fit:cover\" \/><\/figure>\n<\/div>\n\n\n\n<div class=\"wp-block-column is-layout-flow wp-block-column-is-layout-flow\">\n<div style=\"height:20px\" aria-hidden=\"true\" class=\"wp-block-spacer\"><\/div>\n\n\n\n<h2 class=\"wp-block-heading\" id=\"h-regelmatige-inspecties-die-gebouwen-en-mensen-beschermen\">Regelmatige Inspecties die Gebouwen en Mensen Beschermen<\/h2>\n\n\n\n<p>Jaarlijkse, periodieke en visuele inspecties zijn essentieel voor verantwoord gebouwonderhoud. Routinematige inspecties bevestigen dat gevelonderhoudsinstallaties veilig en effectief blijven presteren.<\/p>\n\n\n\n<p>Voor gebouweigenaren bieden deze inspecties voordelen die verder gaan dan naleving. Ze helpen onverwachte reparaties te voorkomen, beschermen investeringen in apparatuur en bieden een betrouwbaar bewijs van naleving van voorschriften. Met nauwkeurige inspectiegegevens kunnen facility managers met vertrouwen onderhoud plannen en veilige, continue operaties handhaven.<\/p>\n\n\n\n<p>Het resultaat is veiliger gevelonderhoud, minder verstoringen en langetermijnsysteembetrouwbaarheid.<\/p>\n<\/div>\n<\/div>\n\n\n\n<div style=\"height:50px\" aria-hidden=\"true\" class=\"wp-block-spacer\"><\/div>\n\n\n\n<div class=\"wp-block-columns is-layout-flex wp-container-core-columns-is-layout-9d6595d7 wp-block-columns-is-layout-flex\">\n<div class=\"wp-block-column is-layout-flow wp-block-column-is-layout-flow\">\n<div style=\"height:30px\" aria-hidden=\"true\" class=\"wp-block-spacer\"><\/div>\n\n\n\n<h2 class=\"wp-block-heading\" id=\"h-belastingstests-en-prestatieverificatie\">Belastingstests en Prestatieverificatie<\/h2>\n\n\n\n<p>Belastingstests zijn een belangrijke veiligheidseis die bevestigt dat gevelonderhoudsinstallaties en valbeschermingsapparatuur veilig kunnen werken onder echte werkomstandigheden. Onze inspectiediensten omvatten belastingstests en prestatieverificatie voor BMU&#8217;s, davits, hangende platforms en gerelateerde systemen.<\/p>\n\n\n\n<p>Gedocumenteerde belastingstests geven gebouweigenaren en aannemers zekerheid dat hun apparatuur conform en betrouwbaar blijft. Regelmatige prestatiecontroles verminderen risico&#8217;s en verlengen de levensduur van kritieke activa. Ze ondersteunen effici\u00ebnt en ononderbroken gebouwonderhoud.<\/p>\n<\/div>\n\n\n\n<div class=\"wp-block-column is-layout-flow wp-block-column-is-layout-flow\">\n<figure class=\"wp-block-image size-full\"><img decoding=\"async\" src=\"https:\/\/www.facadeaccesssolutions.com\/wp-content\/uploads\/2025\/10\/Training-81-Newgate-London.jpg\" alt=\"\" class=\"wp-image-1897\" style=\"aspect-ratio:16\/9;object-fit:cover\" \/><\/figure>\n<\/div>\n<\/div>\n\n\n\n<div style=\"height:50px\" aria-hidden=\"true\" class=\"wp-block-spacer\"><\/div>\n\n\n\n<div class=\"wp-block-columns is-layout-flex wp-container-core-columns-is-layout-9d6595d7 wp-block-columns-is-layout-flex\">\n<div class=\"wp-block-column is-layout-flow wp-block-column-is-layout-flow\">\n<div style=\"height:42px\" aria-hidden=\"true\" class=\"wp-block-spacer\"><\/div>\n\n\n\n<figure class=\"wp-block-image size-large\"><img decoding=\"async\" src=\"https:\/\/www.facadeaccesssolutions.com\/wp-content\/uploads\/2025\/10\/8-1024x768.jpg\" alt=\"\" class=\"wp-image-1896\" \/><\/figure>\n<\/div>\n\n\n\n<div class=\"wp-block-column is-layout-flow wp-block-column-is-layout-flow\">\n<div style=\"height:26px\" aria-hidden=\"true\" class=\"wp-block-spacer\"><\/div>\n\n\n\n<div style=\"height:20px\" aria-hidden=\"true\" class=\"wp-block-spacer\"><\/div>\n\n\n\n<h2 class=\"wp-block-heading\" id=\"h-facade-access-solutions-internationale-expertise-die-u-kunt-vertrouwen\">Facade Access Solutions: Internationale Expertise die u Kunt Vertrouwen<\/h2>\n\n\n\n<p>Gebouweigenaren worden vaak geconfronteerd met de uitdaging om naleving, budgetten en operationele continu\u00efteit in balans te brengen. Een mislukte inspectie of een over het hoofd geziene regelgeving kan onderhoud onderbreken en aansprakelijkheid verhogen. Dit is waar onze ervaring het verschil maakt.<\/p>\n\n\n\n<p>Als internationale geveltoegangadviseurs gaan we verder dan naleving om potenti\u00eble risico&#8217;s te identificeren voordat ze de gebouwoperaties be\u00efnvloeden. Ons team begrijpt hoe toegangssystemen integreren met daken, mechanische structuren en gevels. Hierdoor kunnen we problemen vroegtijdig detecteren en praktische, kosteneffectieve oplossingen aanbevelen.<\/p>\n\n\n\n<p>Door inspectie-, onderhouds-, reparatie- en installatiediensten te combineren, vereenvoudigen we de co\u00f6rdinatie en elimineren we de noodzaak voor meerdere aanbieders. Klanten profiteren van snellere rapportage, afgestemde dienstenschema\u2019s en minimale downtime.<\/p>\n\n\n\n<p>Waar u ook opereert, Facade Access Solutions ondersteunt gebouweigenaren, vastgoedbeheerders en aannemers met betrouwbare inspectiediensten die projecten en mensen veilig houden.<\/p>\n<\/div>\n<\/div>\n\n\n\n<div class=\"wp-block-columns is-layout-flex wp-container-core-columns-is-layout-9d6595d7 wp-block-columns-is-layout-flex\">\n<div class=\"wp-block-column is-layout-flow wp-block-column-is-layout-flow\"><\/div>\n\n\n\n<div class=\"wp-block-column is-layout-flow wp-block-column-is-layout-flow\"><\/div>\n<\/div>\n\n\n\n<div style=\"height:70px\" aria-hidden=\"true\" class=\"wp-block-spacer\"><\/div>\n\n\n\n<div class=\"wp-block-group alignfull narrow_width has-luminous-vivid-orange-background-color has-text-color has-background\" style=\"color:#000000\"><div class=\"wp-block-group__inner-container is-layout-flow wp-block-group-is-layout-flow\">\n<div style=\"height:40px\" aria-hidden=\"true\" class=\"wp-block-spacer\"><\/div>\n\n\n\n<h3 class=\"wp-block-heading has-text-align-center has-white-color has-text-color has-link-color wp-elements-e800519cc7678ee9cb3a7fa0a77d9c87\" id=\"h-uw-partner-in-veiligheid-en-naleving\" style=\"font-size:40px\">UW PARTNER IN VEILIGHEID EN NALEVING<\/h3>\n\n\n\n<p class=\"has-text-align-center has-white-color has-text-color has-link-color wp-elements-fcd28e90c42bec531a3e3d9c37849c96\" style=\"font-size:15px\">Elke inspectie telt. Houd uw gevelonderhoudsinstallaties conform, veilig en betrouwbaar, ongeacht projectgrootte.<br><\/p>\n\n\n\n<div class=\"wp-block-buttons is-horizontal is-content-justification-center is-layout-flex wp-container-core-buttons-is-layout-499968f5 wp-block-buttons-is-layout-flex\">\n<div class=\"wp-block-button has-custom-width wp-block-button__width-50\"><a class=\"wp-block-button__link has-text-color has-background has-medium-font-size has-custom-font-size wp-element-button\" href=\"https:\/\/www.facadeaccesssolutions.com\/contact\/\" style=\"border-radius:50px;color:#ffffff;background-color:#093f73\">Neem contact met ons op<\/a><\/div>\n<\/div>\n\n\n\n<div style=\"height:40px\" aria-hidden=\"true\" class=\"wp-block-spacer\"><\/div>\n<\/div><\/div>\n\n\n\r\n<section class=\"accordion_list\" style=\"padding-top:100px; padding-bottom:100px;\">\r\n    <div class=\"content_holder content_holder_1570 clearfix\">\r\n\t\t<div class=\"acc_wrap\" data-aos=\"fade-up\" data-aos-duration=\"600\" data-aos-easing=\"ease-out\" data-aos-delay=\"100\">\r\n        \t<h2><h3 align=\"center\">Veelgestelde Vragen <\/h3><\/h2>                                    \t                    <div class=\"acc_item\">\r\n                        <div class=\"acc_title\">Wat is inbegrepen in een BMU-inspectie?  <span><\/span><\/div>\r\n                        <div class=\"acc_txt\">\r\n                            <div class=\"site_contents\">\r\n                            \t<p>Een BMU-inspectie omvat controles van mechanische, elektrische en veiligheidsapparaten zoals, maar niet beperkt tot, hijstoestellen, motoren, controlepanelen, remmen en overbelastingsbeveiliging. Belastingstests, smering en documentatiebeoordelingen zorgen voor veilige en conforme werking. Facade Access Solutions voert alle inspecties uit volgens toepasselijke lokale veiligheidsnormen. <\/p>\n                            <\/div>\r\n                        <\/div>\r\n                    <\/div>\r\n                                        \t                    <div class=\"acc_item\">\r\n                        <div class=\"acc_title\">Hoe vaak moeten gevelonderhoudsinstallaties worden ge\u00efnspecteerd?  <span><\/span><\/div>\r\n                        <div class=\"acc_txt\">\r\n                            <div class=\"site_contents\">\r\n                            \t<p>Gevelonderhoudsinstallaties moeten minimaal \u00e9\u00e9n keer per jaar worden ge\u00efnspecteerd, met aanbevolen aanvullende periodieke en visuele inspecties. Regelmatige inspecties verlagen risico&#8217;s, voorkomen kostbare reparaties en helpen naleving te handhaven voor veilige gebouwoperaties. <\/p>\n                            <\/div>\r\n                        <\/div>\r\n                    <\/div>\r\n                                        \t                    <div class=\"acc_item\">\r\n                        <div class=\"acc_title\">Hoe ondersteunt Facade Access Solutions naleving van voorschriften?  <span><\/span><\/div>\r\n                        <div class=\"acc_txt\">\r\n                            <div class=\"site_contents\">\r\n                            \t<p>Ons team biedt duidelijke begeleiding om gebouweigenaren te helpen aan internationale en lokale voorschriften te voldoen. We ondersteunen zowel nieuwbouw- als renovatieprojecten om vertragingen, boetes en herbewerking te voorkomen, terwijl we de hoogste veiligheidsnormen handhaven. <\/p>\n                            <\/div>\r\n                        <\/div>\r\n                    <\/div>\r\n                                        \t                    <div class=\"acc_item\">\r\n                        <div class=\"acc_title\">Waarom moeten gebouweigenaren investeren in preventief onderhoud?  <span><\/span><\/div>\r\n                        <div class=\"acc_txt\">\r\n                            <div class=\"site_contents\">\r\n                            \t<p>Preventief onderhoud vermindert langetermijnkosten, voorkomt apparatuurstoring en verhoogt de veiligheid van werknemers. Door proactieve inspecties en onderhoud beschermen gebouweigenaren zowel hun gebouwen als de mensen die op hoogte werken. <\/p>\n                            <\/div>\r\n                        <\/div>\r\n                    <\/div>\r\n                                    <\/div>\r\n    <\/div>\r\n<\/section>\r\n\r\n","protected":false},"excerpt":{"rendered":"<p>Nalevingsgerichte Inspecties en Adviesdiensten Naleving is de basis van veilig gevelonderhoud en effectief gebouwbeheer. Als &#8230;<\/p>\n","protected":false},"author":1,"featured_media":0,"parent":1068,"menu_order":0,"comment_status":"closed","ping_status":"closed","template":"","meta":{"_acf_changed":false,"_trash_the_other_posts":false,"editor_notices":[],"footnotes":""},"class_list":["post-1069","page","type-page","status-publish","hentry"],"acf":[],"yoast_head":"<!-- This site is optimized with the Yoast SEO Premium plugin v27.1 (Yoast SEO v27.3) - https:\/\/yoast.com\/product\/yoast-seo-premium-wordpress\/ -->\n<title>BMU-inspectie, veiligheid en naleving | Facade Access Solutions<\/title>\n<meta name=\"description\" content=\"Professionele gevelonderhoudsinstallatiediensten en inspecties. Volledige naleving van veiligheidsnormen voor gevelliften en BMU&#039;s in Nederland.\" \/>\n<meta name=\"robots\" content=\"index, follow, max-snippet:-1, max-image-preview:large, max-video-preview:-1\" \/>\n<link rel=\"canonical\" href=\"https:\/\/www.facadeaccesssolutions.com\/nl\/services\/inspection-safety-compliance\/\" \/>\n<meta property=\"og:locale\" content=\"nl_NL\" \/>\n<meta property=\"og:type\" content=\"article\" \/>\n<meta property=\"og:title\" content=\"Inspectie, veiligheid en naleving\" \/>\n<meta property=\"og:description\" content=\"Professionele gevelonderhoudsinstallatiediensten en inspecties. Volledige naleving van veiligheidsnormen voor gevelliften en BMU&#039;s in Nederland.\" \/>\n<meta property=\"og:url\" content=\"https:\/\/www.facadeaccesssolutions.com\/nl\/services\/inspection-safety-compliance\/\" \/>\n<meta property=\"og:site_name\" content=\"Facade Access Solutions Netherlands\" \/>\n<meta property=\"article:modified_time\" content=\"2025-12-13T09:37:31+00:00\" \/>\n<meta property=\"og:image\" content=\"https:\/\/www.facadeaccesssolutions.com\/wp-content\/uploads\/2025\/10\/IMG_7550-scaled.jpeg\" \/>\n<meta name=\"twitter:card\" content=\"summary_large_image\" \/>\n<meta name=\"twitter:label1\" content=\"Geschatte leestijd\" \/>\n\t<meta name=\"twitter:data1\" content=\"3 minuten\" \/>\n<script type=\"application\/ld+json\" class=\"yoast-schema-graph\">{\"@context\":\"https:\\\/\\\/schema.org\",\"@graph\":[{\"@type\":\"WebPage\",\"@id\":\"https:\\\/\\\/www.facadeaccesssolutions.com\\\/nl\\\/services\\\/inspection-safety-compliance\\\/\",\"url\":\"https:\\\/\\\/www.facadeaccesssolutions.com\\\/nl\\\/services\\\/inspection-safety-compliance\\\/\",\"name\":\"BMU-inspectie, veiligheid en naleving | Facade Access Solutions\",\"isPartOf\":{\"@id\":\"https:\\\/\\\/www.facadeaccesssolutions.com\\\/nl\\\/#website\"},\"primaryImageOfPage\":{\"@id\":\"https:\\\/\\\/www.facadeaccesssolutions.com\\\/nl\\\/services\\\/inspection-safety-compliance\\\/#primaryimage\"},\"image\":{\"@id\":\"https:\\\/\\\/www.facadeaccesssolutions.com\\\/nl\\\/services\\\/inspection-safety-compliance\\\/#primaryimage\"},\"thumbnailUrl\":\"https:\\\/\\\/www.facadeaccesssolutions.com\\\/wp-content\\\/uploads\\\/2025\\\/10\\\/IMG_7550-scaled.jpeg\",\"datePublished\":\"2025-12-13T08:54:52+00:00\",\"dateModified\":\"2025-12-13T09:37:31+00:00\",\"description\":\"Professionele gevelonderhoudsinstallatiediensten en inspecties. Volledige naleving van veiligheidsnormen voor gevelliften en BMU's in Nederland.\",\"breadcrumb\":{\"@id\":\"https:\\\/\\\/www.facadeaccesssolutions.com\\\/nl\\\/services\\\/inspection-safety-compliance\\\/#breadcrumb\"},\"inLanguage\":\"nl-NL\",\"potentialAction\":[{\"@type\":\"ReadAction\",\"target\":[\"https:\\\/\\\/www.facadeaccesssolutions.com\\\/nl\\\/services\\\/inspection-safety-compliance\\\/\"]}]},{\"@type\":\"ImageObject\",\"inLanguage\":\"nl-NL\",\"@id\":\"https:\\\/\\\/www.facadeaccesssolutions.com\\\/nl\\\/services\\\/inspection-safety-compliance\\\/#primaryimage\",\"url\":\"https:\\\/\\\/www.facadeaccesssolutions.com\\\/wp-content\\\/uploads\\\/2025\\\/10\\\/IMG_7550-scaled.jpeg\",\"contentUrl\":\"https:\\\/\\\/www.facadeaccesssolutions.com\\\/wp-content\\\/uploads\\\/2025\\\/10\\\/IMG_7550-scaled.jpeg\"},{\"@type\":\"BreadcrumbList\",\"@id\":\"https:\\\/\\\/www.facadeaccesssolutions.com\\\/nl\\\/services\\\/inspection-safety-compliance\\\/#breadcrumb\",\"itemListElement\":[{\"@type\":\"ListItem\",\"position\":1,\"name\":\"Home\",\"item\":\"https:\\\/\\\/www.facadeaccesssolutions.com\\\/nl\\\/\"},{\"@type\":\"ListItem\",\"position\":2,\"name\":\"Diensten\",\"item\":\"https:\\\/\\\/www.facadeaccesssolutions.com\\\/nl\\\/services\\\/\"},{\"@type\":\"ListItem\",\"position\":3,\"name\":\"Inspectie, veiligheid en naleving\"}]},{\"@type\":\"WebSite\",\"@id\":\"https:\\\/\\\/www.facadeaccesssolutions.com\\\/nl\\\/#website\",\"url\":\"https:\\\/\\\/www.facadeaccesssolutions.com\\\/nl\\\/\",\"name\":\"Facade Access Solutions Netherlands\",\"description\":\"Part Of Alimak Group\",\"potentialAction\":[{\"@type\":\"SearchAction\",\"target\":{\"@type\":\"EntryPoint\",\"urlTemplate\":\"https:\\\/\\\/www.facadeaccesssolutions.com\\\/nl\\\/?s={search_term_string}\"},\"query-input\":{\"@type\":\"PropertyValueSpecification\",\"valueRequired\":true,\"valueName\":\"search_term_string\"}}],\"inLanguage\":\"nl-NL\"}]}<\/script>\n<!-- \/ Yoast SEO Premium plugin. -->","yoast_head_json":{"title":"BMU-inspectie, veiligheid en naleving | Facade Access Solutions","description":"Professionele gevelonderhoudsinstallatiediensten en inspecties. Volledige naleving van veiligheidsnormen voor gevelliften en BMU's in Nederland.","robots":{"index":"index","follow":"follow","max-snippet":"max-snippet:-1","max-image-preview":"max-image-preview:large","max-video-preview":"max-video-preview:-1"},"canonical":"https:\/\/www.facadeaccesssolutions.com\/nl\/services\/inspection-safety-compliance\/","og_locale":"nl_NL","og_type":"article","og_title":"Inspectie, veiligheid en naleving","og_description":"Professionele gevelonderhoudsinstallatiediensten en inspecties. Volledige naleving van veiligheidsnormen voor gevelliften en BMU's in Nederland.","og_url":"https:\/\/www.facadeaccesssolutions.com\/nl\/services\/inspection-safety-compliance\/","og_site_name":"Facade Access Solutions Netherlands","article_modified_time":"2025-12-13T09:37:31+00:00","og_image":[{"url":"https:\/\/www.facadeaccesssolutions.com\/wp-content\/uploads\/2025\/10\/IMG_7550-scaled.jpeg","type":"","width":"","height":""}],"twitter_card":"summary_large_image","twitter_misc":{"Geschatte leestijd":"3 minuten"},"schema":{"@context":"https:\/\/schema.org","@graph":[{"@type":"WebPage","@id":"https:\/\/www.facadeaccesssolutions.com\/nl\/services\/inspection-safety-compliance\/","url":"https:\/\/www.facadeaccesssolutions.com\/nl\/services\/inspection-safety-compliance\/","name":"BMU-inspectie, veiligheid en naleving | Facade Access Solutions","isPartOf":{"@id":"https:\/\/www.facadeaccesssolutions.com\/nl\/#website"},"primaryImageOfPage":{"@id":"https:\/\/www.facadeaccesssolutions.com\/nl\/services\/inspection-safety-compliance\/#primaryimage"},"image":{"@id":"https:\/\/www.facadeaccesssolutions.com\/nl\/services\/inspection-safety-compliance\/#primaryimage"},"thumbnailUrl":"https:\/\/www.facadeaccesssolutions.com\/wp-content\/uploads\/2025\/10\/IMG_7550-scaled.jpeg","datePublished":"2025-12-13T08:54:52+00:00","dateModified":"2025-12-13T09:37:31+00:00","description":"Professionele gevelonderhoudsinstallatiediensten en inspecties. Volledige naleving van veiligheidsnormen voor gevelliften en BMU's in Nederland.","breadcrumb":{"@id":"https:\/\/www.facadeaccesssolutions.com\/nl\/services\/inspection-safety-compliance\/#breadcrumb"},"inLanguage":"nl-NL","potentialAction":[{"@type":"ReadAction","target":["https:\/\/www.facadeaccesssolutions.com\/nl\/services\/inspection-safety-compliance\/"]}]},{"@type":"ImageObject","inLanguage":"nl-NL","@id":"https:\/\/www.facadeaccesssolutions.com\/nl\/services\/inspection-safety-compliance\/#primaryimage","url":"https:\/\/www.facadeaccesssolutions.com\/wp-content\/uploads\/2025\/10\/IMG_7550-scaled.jpeg","contentUrl":"https:\/\/www.facadeaccesssolutions.com\/wp-content\/uploads\/2025\/10\/IMG_7550-scaled.jpeg"},{"@type":"BreadcrumbList","@id":"https:\/\/www.facadeaccesssolutions.com\/nl\/services\/inspection-safety-compliance\/#breadcrumb","itemListElement":[{"@type":"ListItem","position":1,"name":"Home","item":"https:\/\/www.facadeaccesssolutions.com\/nl\/"},{"@type":"ListItem","position":2,"name":"Diensten","item":"https:\/\/www.facadeaccesssolutions.com\/nl\/services\/"},{"@type":"ListItem","position":3,"name":"Inspectie, veiligheid en naleving"}]},{"@type":"WebSite","@id":"https:\/\/www.facadeaccesssolutions.com\/nl\/#website","url":"https:\/\/www.facadeaccesssolutions.com\/nl\/","name":"Facade Access Solutions Netherlands","description":"Part Of Alimak Group","potentialAction":[{"@type":"SearchAction","target":{"@type":"EntryPoint","urlTemplate":"https:\/\/www.facadeaccesssolutions.com\/nl\/?s={search_term_string}"},"query-input":{"@type":"PropertyValueSpecification","valueRequired":true,"valueName":"search_term_string"}}],"inLanguage":"nl-NL"}]}},"_links":{"self":[{"href":"https:\/\/www.facadeaccesssolutions.com\/nl\/wp-json\/wp\/v2\/pages\/1069","targetHints":{"allow":["GET"]}}],"collection":[{"href":"https:\/\/www.facadeaccesssolutions.com\/nl\/wp-json\/wp\/v2\/pages"}],"about":[{"href":"https:\/\/www.facadeaccesssolutions.com\/nl\/wp-json\/wp\/v2\/types\/page"}],"author":[{"embeddable":true,"href":"https:\/\/www.facadeaccesssolutions.com\/nl\/wp-json\/wp\/v2\/users\/1"}],"replies":[{"embeddable":true,"href":"https:\/\/www.facadeaccesssolutions.com\/nl\/wp-json\/wp\/v2\/comments?post=1069"}],"version-history":[{"count":3,"href":"https:\/\/www.facadeaccesssolutions.com\/nl\/wp-json\/wp\/v2\/pages\/1069\/revisions"}],"predecessor-version":[{"id":1118,"href":"https:\/\/www.facadeaccesssolutions.com\/nl\/wp-json\/wp\/v2\/pages\/1069\/revisions\/1118"}],"up":[{"embeddable":true,"href":"https:\/\/www.facadeaccesssolutions.com\/nl\/wp-json\/wp\/v2\/pages\/1068"}],"wp:attachment":[{"href":"https:\/\/www.facadeaccesssolutions.com\/nl\/wp-json\/wp\/v2\/media?parent=1069"}],"curies":[{"name":"wp","href":"https:\/\/api.w.org\/{rel}","templated":true}]}}